{"id":19162,"date":"2023-11-17T23:43:14","date_gmt":"2023-11-17T21:43:14","guid":{"rendered":"https:\/\/eheating.lt\/?post_type=product&#038;p=19162"},"modified":"2024-07-11T18:53:35","modified_gmt":"2024-07-11T15:53:35","slug":"hikvision-dome-ds-2ce72dft-f-f2-8","status":"publish","type":"product","link":"https:\/\/eheating.lt\/en\/produktas\/hikvision-dome-ds-2ce72dft-f-f2-8\/","title":{"rendered":"Hikvision dome DS-2CE72DFT-F F2.8"},"content":{"rendered":"<table>\n<tbody>\n<tr>\n<th colspan=\"2\">Kamera<\/th>\n<\/tr>\n<tr>\n<td class=\"td1\">Sensorius<\/td>\n<td>2MP CMOS Image Sensor<\/td>\n<\/tr>\n<tr>\n<td class=\"td1\">Signalo sistema<\/td>\n<td>PAL\/NTSC<\/td>\n<\/tr>\n<tr>\n<td class=\"td1\">Efektyv\u016bs ta\u0161kai<\/td>\n<td>1920(H)*1080(V)<\/td>\n<\/tr>\n<tr>\n<td class=\"td1\">U\u017erakto laikas<\/td>\n<td>1\/25(1\/30) s to 1\/50,000 s<\/td>\n<\/tr>\n<tr>\n<td class=\"td1\">Objektyvo montavimas<\/td>\n<td>M16<\/td>\n<\/tr>\n<tr>\n<td class=\"td1\">Reguliavimas<\/td>\n<td>Pan: 0 &#8211; 360\u00b0, Tilt: 0 &#8211; 75\u00b0, Rotation: 0 &#8211; 360\u00b0<\/td>\n<\/tr>\n<tr>\n<td class=\"td1\">Diena\/naktis<\/td>\n<td>Color<\/td>\n<\/tr>\n<tr>\n<td class=\"td1\">Platus dinaminis diapazonas<\/td>\n<td>120dB<\/td>\n<\/tr>\n<tr>\n<td class=\"td1\">Kadrai per sek.<\/td>\n<td>1080p@25fps\/1080p@30fps<\/td>\n<\/tr>\n<tr>\n<td class=\"td1\">HD vaizdo i\u0161vestis<\/td>\n<td>1 Analog HD output<\/td>\n<\/tr>\n<tr>\n<td class=\"td1\">Sinchronizacija<\/td>\n<td>Internal Synchronization<\/td>\n<\/tr>\n<tr>\n<td class=\"td1\">Perdavimas koaksialiniu kabeliu<\/td>\n<td>Support<\/td>\n<\/tr>\n<tr>\n<th colspan=\"2\">Meniu<\/th>\n<\/tr>\n<tr>\n<td class=\"td1\">Automatinis baltos spalvos balansas<\/td>\n<td>Auto\/MWB<\/td>\n<\/tr>\n<tr>\n<td class=\"td1\">BLC<\/td>\n<td>Support<\/td>\n<\/tr>\n<tr>\n<td class=\"td1\">AGC<\/td>\n<td>Support<\/td>\n<\/tr>\n<tr>\n<th colspan=\"2\">Pagrindin\u0117s savyb\u0117s<\/th>\n<\/tr>\n<tr>\n<td class=\"td1\">\u0160viesa<\/td>\n<td>Up to 20 m<\/td>\n<\/tr>\n<tr>\n<td class=\"td1\">Veikimo s\u0105lygos<\/td>\n<td>-40 \u00b0C &#8211; 60 \u00b0C (-40 \u00b0F &#8211; 140 \u00b0F)<br \/>\nHumidity 90% or less (non-condensing)<\/td>\n<\/tr>\n<tr>\n<td class=\"td1\">Maitinimas<\/td>\n<td>12 VDC\u00b125%<\/td>\n<\/tr>\n<tr>\n<td class=\"td1\">IP apsaugos klas\u0117<\/td>\n<td>IP67<\/td>\n<\/tr>\n<tr>\n<td class=\"td1\">Komunikacija<\/td>\n<td>Up the coax<br \/>\nProtocol: HIKVISION-C(Coaxitron)<\/td>\n<\/tr>\n<tr>\n<td class=\"td1\">I\u0161matavimai<\/td>\n<td>\u00d8 109.82 mm \u00d7 85.56 mm ( \u00d8 4.32&#8243; \u00d7 3.37&#8243;)<\/td>\n<\/tr>\n<tr>\n<td class=\"td1\">Svoris<\/td>\n<td>Approx. 336 g (0.74 lb.)<\/td>\n<\/tr>\n<\/tbody>\n<\/table>\n","protected":false},"excerpt":{"rendered":"<ul>\n<li>2MP (MegaPixel) dome Turbo HD kamera<\/li>\n<li>Analogin\u0117 HD i\u0161vestis, iki 1080P rai\u0161ka<\/li>\n<li>Spalvos vis\u0105 laik\u0105 (ColorVu)<\/li>\n<li>OSD meniu, 3D DNR<\/li>\n<li>WDR, iki 120dB<\/li>\n<li>2.8mm objektyvas<\/li>\n<li>Iki 20 m baltos spalvos ap\u0161vietimas<\/li>\n<li>IP67<\/li>\n<\/ul>\n","protected":false},"featured_media":28969,"comment_status":"closed","ping_status":"closed","template":"","meta":[],"product_brand":[],"product_cat":[371,344,318],"product_tag":[],"class_list":{"0":"post-19162","1":"product","2":"type-product","3":"status-publish","4":"has-post-thumbnail","6":"product_cat-turbo-hd-kupolines-kameros","7":"product_cat-turbo-hd-kameros","8":"product_cat-turbo-hd-apsauga","10":"first","11":"instock","12":"taxable","13":"shipping-taxable","14":"purchasable","15":"product-type-simple"},"yoast_head":"<!-- This site is optimized with the Yoast SEO Premium plugin v21.5 (Yoast SEO v27.3) - https:\/\/yoast.com\/product\/yoast-seo-premium-wordpress\/ -->\n<title>Hikvision dome DS-2CE72DFT-F F2.8<\/title>\n<meta name=\"description\" content=\"Hikvision dome DS-2CE72DFT-F F2.8 kamera ; Analogin\u0117 HD i\u0161vestis, iki 1080P rai\u0161ka ; Rai\u0161ka - 2MP ; Spalvotas vaizdas nakt\u012f\" \/>\n<meta name=\"robots\" content=\"index, follow, max-snippet:-1, max-image-preview:large, max-video-preview:-1\" \/>\n<link rel=\"canonical\" href=\"https:\/\/eheating.lt\/produktas\/hikvision-dome-ds-2ce72dft-f-f2-8\/\" \/>\n<meta property=\"og:locale\" content=\"en_US\" \/>\n<meta property=\"og:type\" content=\"article\" \/>\n<meta property=\"og:title\" content=\"Hikvision dome DS-2CE72DFT-F F2.8\" \/>\n<meta property=\"og:description\" content=\"Hikvision dome DS-2CE72DFT-F F2.8 kamera ; Analogin\u0117 HD i\u0161vestis, iki 1080P rai\u0161ka ; Rai\u0161ka - 2MP ; Spalvotas vaizdas nakt\u012f\" \/>\n<meta property=\"og:url\" content=\"https:\/\/eheating.lt\/produktas\/hikvision-dome-ds-2ce72dft-f-f2-8\/\" \/>\n<meta property=\"og:site_name\" content=\"Elektronika Namams\" \/>\n<meta property=\"article:publisher\" content=\"https:\/\/www.facebook.com\/ElektronikaNamams\" \/>\n<meta property=\"article:modified_time\" content=\"2024-07-11T15:53:35+00:00\" \/>\n<meta property=\"og:image\" content=\"https:\/\/eheating.lt\/wp-content\/uploads\/2023\/10\/Hikvision-dome-DS-2CE72DFT-F-F2.8.png\" \/>\n\t<meta property=\"og:image:width\" content=\"800\" \/>\n\t<meta property=\"og:image:height\" content=\"800\" \/>\n\t<meta property=\"og:image:type\" content=\"image\/png\" \/>\n<meta name=\"twitter:card\" content=\"summary_large_image\" \/>\n<meta name=\"twitter:label1\" content=\"Price\" \/>\n\t<meta name=\"twitter:data1\" content=\"116,54&nbsp;&euro;\" \/>\n\t<meta name=\"twitter:label2\" content=\"Availability\" \/>\n\t<meta name=\"twitter:data2\" content=\"In stock\" \/>\n<script type=\"application\/ld+json\" class=\"yoast-schema-graph\">{\"@context\":\"https:\\\/\\\/schema.org\",\"@graph\":[{\"@type\":\"WebPage\",\"@id\":\"https:\\\/\\\/eheating.lt\\\/produktas\\\/hikvision-dome-ds-2ce72dft-f-f2-8\\\/\",\"url\":\"https:\\\/\\\/eheating.lt\\\/produktas\\\/hikvision-dome-ds-2ce72dft-f-f2-8\\\/\",\"name\":\"Hikvision dome DS-2CE72DFT-F F2.8\",\"isPartOf\":{\"@id\":\"https:\\\/\\\/eheating.lt\\\/#website\"},\"primaryImageOfPage\":{\"@id\":\"https:\\\/\\\/eheating.lt\\\/produktas\\\/hikvision-dome-ds-2ce72dft-f-f2-8\\\/#primaryimage\"},\"image\":{\"@id\":\"https:\\\/\\\/eheating.lt\\\/produktas\\\/hikvision-dome-ds-2ce72dft-f-f2-8\\\/#primaryimage\"},\"thumbnailUrl\":\"https:\\\/\\\/eheating.lt\\\/wp-content\\\/uploads\\\/2023\\\/10\\\/Hikvision-dome-DS-2CE72DFT-F-F2.8.png\",\"datePublished\":\"2023-11-17T21:43:14+00:00\",\"dateModified\":\"2024-07-11T15:53:35+00:00\",\"description\":\"Hikvision dome DS-2CE72DFT-F F2.8 kamera ; Analogin\u0117 HD i\u0161vestis, iki 1080P rai\u0161ka ; Rai\u0161ka - 2MP ; Spalvotas vaizdas nakt\u012f\",\"breadcrumb\":{\"@id\":\"https:\\\/\\\/eheating.lt\\\/produktas\\\/hikvision-dome-ds-2ce72dft-f-f2-8\\\/#breadcrumb\"},\"inLanguage\":\"en-US\",\"potentialAction\":[{\"@type\":\"ReadAction\",\"target\":[\"https:\\\/\\\/eheating.lt\\\/produktas\\\/hikvision-dome-ds-2ce72dft-f-f2-8\\\/\"]}]},{\"@type\":\"ImageObject\",\"inLanguage\":\"en-US\",\"@id\":\"https:\\\/\\\/eheating.lt\\\/produktas\\\/hikvision-dome-ds-2ce72dft-f-f2-8\\\/#primaryimage\",\"url\":\"https:\\\/\\\/eheating.lt\\\/wp-content\\\/uploads\\\/2023\\\/10\\\/Hikvision-dome-DS-2CE72DFT-F-F2.8.png\",\"contentUrl\":\"https:\\\/\\\/eheating.lt\\\/wp-content\\\/uploads\\\/2023\\\/10\\\/Hikvision-dome-DS-2CE72DFT-F-F2.8.png\",\"width\":800,\"height\":800,\"caption\":\"Hikvision dome DS-2CE72DFT-F F2.8\"},{\"@type\":\"BreadcrumbList\",\"@id\":\"https:\\\/\\\/eheating.lt\\\/produktas\\\/hikvision-dome-ds-2ce72dft-f-f2-8\\\/#breadcrumb\",\"itemListElement\":[{\"@type\":\"ListItem\",\"position\":1,\"name\":\"Prad\u017eia\",\"item\":\"https:\\\/\\\/eheating.lt\\\/en\\\/\"},{\"@type\":\"ListItem\",\"position\":2,\"name\":\"Shop\",\"item\":\"https:\\\/\\\/eheating.lt\\\/en\\\/?page_id=5734\"},{\"@type\":\"ListItem\",\"position\":3,\"name\":\"Hikvision dome DS-2CE72DFT-F F2.8\"}]},{\"@type\":\"WebSite\",\"@id\":\"https:\\\/\\\/eheating.lt\\\/#website\",\"url\":\"https:\\\/\\\/eheating.lt\\\/\",\"name\":\"eHeating\",\"description\":\"Elektronika ir \u0161ildymas\",\"potentialAction\":[{\"@type\":\"SearchAction\",\"target\":{\"@type\":\"EntryPoint\",\"urlTemplate\":\"https:\\\/\\\/eheating.lt\\\/?s={search_term_string}\"},\"query-input\":{\"@type\":\"PropertyValueSpecification\",\"valueRequired\":true,\"valueName\":\"search_term_string\"}}],\"inLanguage\":\"en-US\"}]}<\/script>\n<meta property=\"product:price:amount\" content=\"116.54\" \/>\n<meta property=\"product:price:currency\" content=\"EUR\" \/>\n<meta property=\"og:availability\" content=\"instock\" \/>\n<meta property=\"product:availability\" content=\"instock\" \/>\n<meta property=\"product:retailer_item_id\" content=\"73045d0440b8\" \/>\n<meta property=\"product:condition\" content=\"new\" \/>\n<!-- \/ Yoast SEO Premium plugin. -->","yoast_head_json":{"title":"Hikvision dome DS-2CE72DFT-F F2.8","description":"Hikvision dome DS-2CE72DFT-F F2.8 kamera ; Analogin\u0117 HD i\u0161vestis, iki 1080P rai\u0161ka ; Rai\u0161ka - 2MP ; Spalvotas vaizdas nakt\u012f","robots":{"index":"index","follow":"follow","max-snippet":"max-snippet:-1","max-image-preview":"max-image-preview:large","max-video-preview":"max-video-preview:-1"},"canonical":"https:\/\/eheating.lt\/produktas\/hikvision-dome-ds-2ce72dft-f-f2-8\/","og_locale":"en_US","og_type":"article","og_title":"Hikvision dome DS-2CE72DFT-F F2.8","og_description":"Hikvision dome DS-2CE72DFT-F F2.8 kamera ; Analogin\u0117 HD i\u0161vestis, iki 1080P rai\u0161ka ; Rai\u0161ka - 2MP ; Spalvotas vaizdas nakt\u012f","og_url":"https:\/\/eheating.lt\/produktas\/hikvision-dome-ds-2ce72dft-f-f2-8\/","og_site_name":"Elektronika Namams","article_publisher":"https:\/\/www.facebook.com\/ElektronikaNamams","article_modified_time":"2024-07-11T15:53:35+00:00","og_image":[{"width":800,"height":800,"url":"https:\/\/eheating.lt\/wp-content\/uploads\/2023\/10\/Hikvision-dome-DS-2CE72DFT-F-F2.8.png","type":"image\/png"}],"twitter_card":"summary_large_image","twitter_misc":{"Price":"116,54&nbsp;&euro;","Availability":"In stock"},"schema":{"@context":"https:\/\/schema.org","@graph":[{"@type":"WebPage","@id":"https:\/\/eheating.lt\/produktas\/hikvision-dome-ds-2ce72dft-f-f2-8\/","url":"https:\/\/eheating.lt\/produktas\/hikvision-dome-ds-2ce72dft-f-f2-8\/","name":"Hikvision dome DS-2CE72DFT-F F2.8","isPartOf":{"@id":"https:\/\/eheating.lt\/#website"},"primaryImageOfPage":{"@id":"https:\/\/eheating.lt\/produktas\/hikvision-dome-ds-2ce72dft-f-f2-8\/#primaryimage"},"image":{"@id":"https:\/\/eheating.lt\/produktas\/hikvision-dome-ds-2ce72dft-f-f2-8\/#primaryimage"},"thumbnailUrl":"https:\/\/eheating.lt\/wp-content\/uploads\/2023\/10\/Hikvision-dome-DS-2CE72DFT-F-F2.8.png","datePublished":"2023-11-17T21:43:14+00:00","dateModified":"2024-07-11T15:53:35+00:00","description":"Hikvision dome DS-2CE72DFT-F F2.8 kamera ; Analogin\u0117 HD i\u0161vestis, iki 1080P rai\u0161ka ; Rai\u0161ka - 2MP ; Spalvotas vaizdas nakt\u012f","breadcrumb":{"@id":"https:\/\/eheating.lt\/produktas\/hikvision-dome-ds-2ce72dft-f-f2-8\/#breadcrumb"},"inLanguage":"en-US","potentialAction":[{"@type":"ReadAction","target":["https:\/\/eheating.lt\/produktas\/hikvision-dome-ds-2ce72dft-f-f2-8\/"]}]},{"@type":"ImageObject","inLanguage":"en-US","@id":"https:\/\/eheating.lt\/produktas\/hikvision-dome-ds-2ce72dft-f-f2-8\/#primaryimage","url":"https:\/\/eheating.lt\/wp-content\/uploads\/2023\/10\/Hikvision-dome-DS-2CE72DFT-F-F2.8.png","contentUrl":"https:\/\/eheating.lt\/wp-content\/uploads\/2023\/10\/Hikvision-dome-DS-2CE72DFT-F-F2.8.png","width":800,"height":800,"caption":"Hikvision dome DS-2CE72DFT-F F2.8"},{"@type":"BreadcrumbList","@id":"https:\/\/eheating.lt\/produktas\/hikvision-dome-ds-2ce72dft-f-f2-8\/#breadcrumb","itemListElement":[{"@type":"ListItem","position":1,"name":"Prad\u017eia","item":"https:\/\/eheating.lt\/en\/"},{"@type":"ListItem","position":2,"name":"Shop","item":"https:\/\/eheating.lt\/en\/?page_id=5734"},{"@type":"ListItem","position":3,"name":"Hikvision dome DS-2CE72DFT-F F2.8"}]},{"@type":"WebSite","@id":"https:\/\/eheating.lt\/#website","url":"https:\/\/eheating.lt\/","name":"eHeating","description":"Elektronika ir \u0161ildymas","potentialAction":[{"@type":"SearchAction","target":{"@type":"EntryPoint","urlTemplate":"https:\/\/eheating.lt\/?s={search_term_string}"},"query-input":{"@type":"PropertyValueSpecification","valueRequired":true,"valueName":"search_term_string"}}],"inLanguage":"en-US"}]},"product_price_amount":"116.54","product_price_currency":"EUR","og_availability":"instock","product_availability":"instock","product_retailer_item_id":"73045d0440b8","product_condition":"new"},"_links":{"self":[{"href":"https:\/\/eheating.lt\/en\/wp-json\/wp\/v2\/product\/19162","targetHints":{"allow":["GET"]}}],"collection":[{"href":"https:\/\/eheating.lt\/en\/wp-json\/wp\/v2\/product"}],"about":[{"href":"https:\/\/eheating.lt\/en\/wp-json\/wp\/v2\/types\/product"}],"replies":[{"embeddable":true,"href":"https:\/\/eheating.lt\/en\/wp-json\/wp\/v2\/comments?post=19162"}],"version-history":[{"count":0,"href":"https:\/\/eheating.lt\/en\/wp-json\/wp\/v2\/product\/19162\/revisions"}],"wp:featuredmedia":[{"embeddable":true,"href":"https:\/\/eheating.lt\/en\/wp-json\/wp\/v2\/media\/28969"}],"wp:attachment":[{"href":"https:\/\/eheating.lt\/en\/wp-json\/wp\/v2\/media?parent=19162"}],"wp:term":[{"taxonomy":"product_brand","embeddable":true,"href":"https:\/\/eheating.lt\/en\/wp-json\/wp\/v2\/product_brand?post=19162"},{"taxonomy":"product_cat","embeddable":true,"href":"https:\/\/eheating.lt\/en\/wp-json\/wp\/v2\/product_cat?post=19162"},{"taxonomy":"product_tag","embeddable":true,"href":"https:\/\/eheating.lt\/en\/wp-json\/wp\/v2\/product_tag?post=19162"}],"curies":[{"name":"wp","href":"https:\/\/api.w.org\/{rel}","templated":true}]}}