{"id":19160,"date":"2023-11-17T23:41:25","date_gmt":"2023-11-17T21:41:25","guid":{"rendered":"https:\/\/eheating.lt\/?post_type=product&#038;p=19160"},"modified":"2024-07-11T18:53:37","modified_gmt":"2024-07-11T15:53:37","slug":"hikvision-bullet-ds-2ce16d0t-it5f-f3-6","status":"publish","type":"product","link":"https:\/\/eheating.lt\/en\/produktas\/hikvision-bullet-ds-2ce16d0t-it5f-f3-6\/","title":{"rendered":"Hikvision bullet DS-2CE16D0T-IT5F F3.6"},"content":{"rendered":"<div>\n<div>\n<div>\n<table>\n<tbody>\n<tr>\n<th colspan=\"2\">Kamera<\/th>\n<\/tr>\n<tr>\n<td>Sensorius:<\/td>\n<td>2MP CMOS Image Sensor<\/td>\n<\/tr>\n<tr>\n<td>Signalas:<\/td>\n<td>PAL\/NTSC<\/td>\n<\/tr>\n<tr>\n<td>Rai\u0161ka:<\/td>\n<td>1920(H)*1080(V)<\/td>\n<\/tr>\n<tr>\n<td>Min. ap\u0161vietimas:<\/td>\n<td>0.01 Lux @ (F1.2,AGC ON),0 Lux with IR<\/td>\n<\/tr>\n<tr>\n<td>U\u017erakto laikas:<\/td>\n<td>1\/25(1\/30) s to 1\/50,000 s<\/td>\n<\/tr>\n<tr>\n<td>Objektyvas:<\/td>\n<td>Pan: 0 &#8211; 360\u00b0, Tilt: 0 &#8211; 180\u00b0, Rotation: 0 &#8211; 360\u00b0<\/td>\n<\/tr>\n<tr>\n<td>Montavimas:<\/td>\n<td>M12<\/td>\n<\/tr>\n<tr>\n<td>Kampo valdymas:<\/td>\n<td>Pan: 0\u00b0-360\u00b0; Tilt:0\u00b0-180\u00b0; Rotation: 0\u00b0-360\u00b0<\/td>\n<\/tr>\n<tr>\n<td>Diena\/naktis:<\/td>\n<td>IR cut filter with auto switch<\/td>\n<\/tr>\n<tr>\n<td>Vaizdo kadr\u0173 sparta:<\/td>\n<td>1080p@25fps\/1080p@30fps<\/td>\n<\/tr>\n<tr>\n<td>HD vaizdo i\u0161vestis:<\/td>\n<td>1 Analog HD output<\/td>\n<\/tr>\n<tr>\n<td>Sinchronizacija:<\/td>\n<td>Internal Synchronization<\/td>\n<\/tr>\n<tr>\n<td>S\/N santykis:<\/td>\n<td>More than 62 dB<\/td>\n<\/tr>\n<tr>\n<th colspan=\"2\">Pagrindin\u0117s s\u0105vyb\u0117s<\/th>\n<\/tr>\n<tr>\n<td>Darbo s\u0105lygos:<\/td>\n<td>-40 \u00b0C &#8211; 60 \u00b0C (-40 \u00b0F &#8211; 140 \u00b0F)<br \/>\nHumidity 90% or less (non-condensing)<\/td>\n<\/tr>\n<tr>\n<td>Maitinimas:<\/td>\n<td>12 VDC\u00b115%<\/td>\n<\/tr>\n<tr>\n<td>Suvartojimas:<\/td>\n<td>Max. 6W<\/td>\n<\/tr>\n<tr>\n<td>IP apsauga:<\/td>\n<td>IP66<\/td>\n<\/tr>\n<tr>\n<td>IR atstumas:<\/td>\n<td>Up to 80m<\/td>\n<\/tr>\n<tr>\n<td>I\u0161matavimai:<\/td>\n<td>86.7 mm \u00d7 81.6 mm \u00d7 226 mm(3.4&#8243; \u00d7 3.2&#8243; \u00d7 8.9&#8243;)<\/td>\n<\/tr>\n<tr>\n<td>Svoris:<\/td>\n<td>430 g (0.95 lb)<\/td>\n<\/tr>\n<\/tbody>\n<\/table>\n<\/div>\n<\/div>\n<\/div>\n","protected":false},"excerpt":{"rendered":"<p><span style=\"font-family: georgia, palatino, serif; font-size: 16px;\">\u2022 2 MP, 1920 \u00d7 1080 rai\u0161ka<br \/>\n\u2022 3.6 mm<\/span><br \/>\n<span style=\"font-family: georgia, palatino, serif; font-size: 16px;\">\u2022 4 in 1 vaizdo i\u0161vestis (TVI\/AHD\/CVI\/CVBS)<br \/>\n\u2022 Smart IR, iki 80 m IR atstumas<br \/>\n\u2022 IP67<\/span><\/p>\n","protected":false},"featured_media":28903,"comment_status":"closed","ping_status":"closed","template":"","meta":[],"product_brand":[],"product_cat":[839,838,837],"product_tag":[],"class_list":{"0":"post-19160","1":"product","2":"type-product","3":"status-publish","4":"has-post-thumbnail","6":"product_cat-turbo-hd-bullet-cameras","7":"product_cat-turbo-hd-cameras","8":"product_cat-turbo-hd-video-surveillance","10":"first","11":"instock","12":"taxable","13":"shipping-taxable","14":"purchasable","15":"product-type-simple"},"yoast_head":"<!-- This site is optimized with the Yoast SEO Premium plugin v21.5 (Yoast SEO v27.3) - https:\/\/yoast.com\/product\/yoast-seo-premium-wordpress\/ -->\n<title>Hikvision bullet DS-2CE16D0T-IT5F F3.6<\/title>\n<meta name=\"description\" content=\"Hikvision bullet DS-2CE16D0T-IT5F F3.6 kamera ; \u2022 4 in 1 vaizdo i\u0161vestis (TVI\/AHD\/CVI\/CVBS) ; Rai\u0161ka - 2MP ; Smart IR, iki 80 m IR atstumas\" \/>\n<meta name=\"robots\" content=\"index, follow, max-snippet:-1, max-image-preview:large, max-video-preview:-1\" \/>\n<link rel=\"canonical\" href=\"https:\/\/eheating.lt\/produktas\/hikvision-bullet-ds-2ce16d0t-it5f-f3-6\/\" \/>\n<meta property=\"og:locale\" content=\"en_US\" \/>\n<meta property=\"og:type\" content=\"article\" \/>\n<meta property=\"og:title\" content=\"Hikvision bullet DS-2CE16D0T-IT5F F3.6\" \/>\n<meta property=\"og:description\" content=\"Hikvision bullet DS-2CE16D0T-IT5F F3.6 kamera ; \u2022 4 in 1 vaizdo i\u0161vestis (TVI\/AHD\/CVI\/CVBS) ; Rai\u0161ka - 2MP ; Smart IR, iki 80 m IR atstumas\" \/>\n<meta property=\"og:url\" content=\"https:\/\/eheating.lt\/produktas\/hikvision-bullet-ds-2ce16d0t-it5f-f3-6\/\" \/>\n<meta property=\"og:site_name\" content=\"Elektronika Namams\" \/>\n<meta property=\"article:publisher\" content=\"https:\/\/www.facebook.com\/ElektronikaNamams\" \/>\n<meta property=\"article:modified_time\" content=\"2024-07-11T15:53:37+00:00\" \/>\n<meta property=\"og:image\" content=\"https:\/\/eheating.lt\/wp-content\/uploads\/2023\/10\/Hikvision-bullet-DS-2CE16D0T-IT5F-F3.6.png\" \/>\n\t<meta property=\"og:image:width\" content=\"800\" \/>\n\t<meta property=\"og:image:height\" content=\"800\" \/>\n\t<meta property=\"og:image:type\" content=\"image\/png\" \/>\n<meta name=\"twitter:card\" content=\"summary_large_image\" \/>\n<meta name=\"twitter:label1\" content=\"Price\" \/>\n\t<meta name=\"twitter:data1\" content=\"92,49&nbsp;&euro;\" \/>\n\t<meta name=\"twitter:label2\" content=\"Availability\" \/>\n\t<meta name=\"twitter:data2\" content=\"In stock\" \/>\n<script type=\"application\/ld+json\" class=\"yoast-schema-graph\">{\"@context\":\"https:\\\/\\\/schema.org\",\"@graph\":[{\"@type\":\"WebPage\",\"@id\":\"https:\\\/\\\/eheating.lt\\\/produktas\\\/hikvision-bullet-ds-2ce16d0t-it5f-f3-6\\\/\",\"url\":\"https:\\\/\\\/eheating.lt\\\/produktas\\\/hikvision-bullet-ds-2ce16d0t-it5f-f3-6\\\/\",\"name\":\"Hikvision bullet DS-2CE16D0T-IT5F F3.6\",\"isPartOf\":{\"@id\":\"https:\\\/\\\/eheating.lt\\\/#website\"},\"primaryImageOfPage\":{\"@id\":\"https:\\\/\\\/eheating.lt\\\/produktas\\\/hikvision-bullet-ds-2ce16d0t-it5f-f3-6\\\/#primaryimage\"},\"image\":{\"@id\":\"https:\\\/\\\/eheating.lt\\\/produktas\\\/hikvision-bullet-ds-2ce16d0t-it5f-f3-6\\\/#primaryimage\"},\"thumbnailUrl\":\"https:\\\/\\\/eheating.lt\\\/wp-content\\\/uploads\\\/2023\\\/10\\\/Hikvision-bullet-DS-2CE16D0T-IT5F-F3.6.png\",\"datePublished\":\"2023-11-17T21:41:25+00:00\",\"dateModified\":\"2024-07-11T15:53:37+00:00\",\"description\":\"Hikvision bullet DS-2CE16D0T-IT5F F3.6 kamera ; \u2022 4 in 1 vaizdo i\u0161vestis (TVI\\\/AHD\\\/CVI\\\/CVBS) ; Rai\u0161ka - 2MP ; Smart IR, iki 80 m IR atstumas\",\"breadcrumb\":{\"@id\":\"https:\\\/\\\/eheating.lt\\\/produktas\\\/hikvision-bullet-ds-2ce16d0t-it5f-f3-6\\\/#breadcrumb\"},\"inLanguage\":\"en-US\",\"potentialAction\":[{\"@type\":\"ReadAction\",\"target\":[\"https:\\\/\\\/eheating.lt\\\/produktas\\\/hikvision-bullet-ds-2ce16d0t-it5f-f3-6\\\/\"]}]},{\"@type\":\"ImageObject\",\"inLanguage\":\"en-US\",\"@id\":\"https:\\\/\\\/eheating.lt\\\/produktas\\\/hikvision-bullet-ds-2ce16d0t-it5f-f3-6\\\/#primaryimage\",\"url\":\"https:\\\/\\\/eheating.lt\\\/wp-content\\\/uploads\\\/2023\\\/10\\\/Hikvision-bullet-DS-2CE16D0T-IT5F-F3.6.png\",\"contentUrl\":\"https:\\\/\\\/eheating.lt\\\/wp-content\\\/uploads\\\/2023\\\/10\\\/Hikvision-bullet-DS-2CE16D0T-IT5F-F3.6.png\",\"width\":800,\"height\":800,\"caption\":\"Hikvision bullet DS-2CE16D0T-IT5F F3.6\"},{\"@type\":\"BreadcrumbList\",\"@id\":\"https:\\\/\\\/eheating.lt\\\/produktas\\\/hikvision-bullet-ds-2ce16d0t-it5f-f3-6\\\/#breadcrumb\",\"itemListElement\":[{\"@type\":\"ListItem\",\"position\":1,\"name\":\"Prad\u017eia\",\"item\":\"https:\\\/\\\/eheating.lt\\\/en\\\/\"},{\"@type\":\"ListItem\",\"position\":2,\"name\":\"Shop\",\"item\":\"https:\\\/\\\/eheating.lt\\\/en\\\/?page_id=5734\"},{\"@type\":\"ListItem\",\"position\":3,\"name\":\"Hikvision bullet DS-2CE16D0T-IT5F F3.6\"}]},{\"@type\":\"WebSite\",\"@id\":\"https:\\\/\\\/eheating.lt\\\/#website\",\"url\":\"https:\\\/\\\/eheating.lt\\\/\",\"name\":\"eHeating\",\"description\":\"Elektronika ir \u0161ildymas\",\"potentialAction\":[{\"@type\":\"SearchAction\",\"target\":{\"@type\":\"EntryPoint\",\"urlTemplate\":\"https:\\\/\\\/eheating.lt\\\/?s={search_term_string}\"},\"query-input\":{\"@type\":\"PropertyValueSpecification\",\"valueRequired\":true,\"valueName\":\"search_term_string\"}}],\"inLanguage\":\"en-US\"}]}<\/script>\n<meta property=\"product:price:amount\" content=\"92.49\" \/>\n<meta property=\"product:price:currency\" content=\"EUR\" \/>\n<meta property=\"og:availability\" content=\"instock\" \/>\n<meta property=\"product:availability\" content=\"instock\" \/>\n<meta property=\"product:retailer_item_id\" content=\"4d37205dfa2d\" \/>\n<meta property=\"product:condition\" content=\"new\" \/>\n<!-- \/ Yoast SEO Premium plugin. -->","yoast_head_json":{"title":"Hikvision bullet DS-2CE16D0T-IT5F F3.6","description":"Hikvision bullet DS-2CE16D0T-IT5F F3.6 kamera ; \u2022 4 in 1 vaizdo i\u0161vestis (TVI\/AHD\/CVI\/CVBS) ; Rai\u0161ka - 2MP ; Smart IR, iki 80 m IR atstumas","robots":{"index":"index","follow":"follow","max-snippet":"max-snippet:-1","max-image-preview":"max-image-preview:large","max-video-preview":"max-video-preview:-1"},"canonical":"https:\/\/eheating.lt\/produktas\/hikvision-bullet-ds-2ce16d0t-it5f-f3-6\/","og_locale":"en_US","og_type":"article","og_title":"Hikvision bullet DS-2CE16D0T-IT5F F3.6","og_description":"Hikvision bullet DS-2CE16D0T-IT5F F3.6 kamera ; \u2022 4 in 1 vaizdo i\u0161vestis (TVI\/AHD\/CVI\/CVBS) ; Rai\u0161ka - 2MP ; Smart IR, iki 80 m IR atstumas","og_url":"https:\/\/eheating.lt\/produktas\/hikvision-bullet-ds-2ce16d0t-it5f-f3-6\/","og_site_name":"Elektronika Namams","article_publisher":"https:\/\/www.facebook.com\/ElektronikaNamams","article_modified_time":"2024-07-11T15:53:37+00:00","og_image":[{"width":800,"height":800,"url":"https:\/\/eheating.lt\/wp-content\/uploads\/2023\/10\/Hikvision-bullet-DS-2CE16D0T-IT5F-F3.6.png","type":"image\/png"}],"twitter_card":"summary_large_image","twitter_misc":{"Price":"92,49&nbsp;&euro;","Availability":"In stock"},"schema":{"@context":"https:\/\/schema.org","@graph":[{"@type":"WebPage","@id":"https:\/\/eheating.lt\/produktas\/hikvision-bullet-ds-2ce16d0t-it5f-f3-6\/","url":"https:\/\/eheating.lt\/produktas\/hikvision-bullet-ds-2ce16d0t-it5f-f3-6\/","name":"Hikvision bullet DS-2CE16D0T-IT5F F3.6","isPartOf":{"@id":"https:\/\/eheating.lt\/#website"},"primaryImageOfPage":{"@id":"https:\/\/eheating.lt\/produktas\/hikvision-bullet-ds-2ce16d0t-it5f-f3-6\/#primaryimage"},"image":{"@id":"https:\/\/eheating.lt\/produktas\/hikvision-bullet-ds-2ce16d0t-it5f-f3-6\/#primaryimage"},"thumbnailUrl":"https:\/\/eheating.lt\/wp-content\/uploads\/2023\/10\/Hikvision-bullet-DS-2CE16D0T-IT5F-F3.6.png","datePublished":"2023-11-17T21:41:25+00:00","dateModified":"2024-07-11T15:53:37+00:00","description":"Hikvision bullet DS-2CE16D0T-IT5F F3.6 kamera ; \u2022 4 in 1 vaizdo i\u0161vestis (TVI\/AHD\/CVI\/CVBS) ; Rai\u0161ka - 2MP ; Smart IR, iki 80 m IR atstumas","breadcrumb":{"@id":"https:\/\/eheating.lt\/produktas\/hikvision-bullet-ds-2ce16d0t-it5f-f3-6\/#breadcrumb"},"inLanguage":"en-US","potentialAction":[{"@type":"ReadAction","target":["https:\/\/eheating.lt\/produktas\/hikvision-bullet-ds-2ce16d0t-it5f-f3-6\/"]}]},{"@type":"ImageObject","inLanguage":"en-US","@id":"https:\/\/eheating.lt\/produktas\/hikvision-bullet-ds-2ce16d0t-it5f-f3-6\/#primaryimage","url":"https:\/\/eheating.lt\/wp-content\/uploads\/2023\/10\/Hikvision-bullet-DS-2CE16D0T-IT5F-F3.6.png","contentUrl":"https:\/\/eheating.lt\/wp-content\/uploads\/2023\/10\/Hikvision-bullet-DS-2CE16D0T-IT5F-F3.6.png","width":800,"height":800,"caption":"Hikvision bullet DS-2CE16D0T-IT5F F3.6"},{"@type":"BreadcrumbList","@id":"https:\/\/eheating.lt\/produktas\/hikvision-bullet-ds-2ce16d0t-it5f-f3-6\/#breadcrumb","itemListElement":[{"@type":"ListItem","position":1,"name":"Prad\u017eia","item":"https:\/\/eheating.lt\/en\/"},{"@type":"ListItem","position":2,"name":"Shop","item":"https:\/\/eheating.lt\/en\/?page_id=5734"},{"@type":"ListItem","position":3,"name":"Hikvision bullet DS-2CE16D0T-IT5F F3.6"}]},{"@type":"WebSite","@id":"https:\/\/eheating.lt\/#website","url":"https:\/\/eheating.lt\/","name":"eHeating","description":"Elektronika ir \u0161ildymas","potentialAction":[{"@type":"SearchAction","target":{"@type":"EntryPoint","urlTemplate":"https:\/\/eheating.lt\/?s={search_term_string}"},"query-input":{"@type":"PropertyValueSpecification","valueRequired":true,"valueName":"search_term_string"}}],"inLanguage":"en-US"}]},"product_price_amount":"92.49","product_price_currency":"EUR","og_availability":"instock","product_availability":"instock","product_retailer_item_id":"4d37205dfa2d","product_condition":"new"},"_links":{"self":[{"href":"https:\/\/eheating.lt\/en\/wp-json\/wp\/v2\/product\/19160","targetHints":{"allow":["GET"]}}],"collection":[{"href":"https:\/\/eheating.lt\/en\/wp-json\/wp\/v2\/product"}],"about":[{"href":"https:\/\/eheating.lt\/en\/wp-json\/wp\/v2\/types\/product"}],"replies":[{"embeddable":true,"href":"https:\/\/eheating.lt\/en\/wp-json\/wp\/v2\/comments?post=19160"}],"version-history":[{"count":0,"href":"https:\/\/eheating.lt\/en\/wp-json\/wp\/v2\/product\/19160\/revisions"}],"wp:featuredmedia":[{"embeddable":true,"href":"https:\/\/eheating.lt\/en\/wp-json\/wp\/v2\/media\/28903"}],"wp:attachment":[{"href":"https:\/\/eheating.lt\/en\/wp-json\/wp\/v2\/media?parent=19160"}],"wp:term":[{"taxonomy":"product_brand","embeddable":true,"href":"https:\/\/eheating.lt\/en\/wp-json\/wp\/v2\/product_brand?post=19160"},{"taxonomy":"product_cat","embeddable":true,"href":"https:\/\/eheating.lt\/en\/wp-json\/wp\/v2\/product_cat?post=19160"},{"taxonomy":"product_tag","embeddable":true,"href":"https:\/\/eheating.lt\/en\/wp-json\/wp\/v2\/product_tag?post=19160"}],"curies":[{"name":"wp","href":"https:\/\/api.w.org\/{rel}","templated":true}]}}