{"id":18938,"date":"2023-11-13T21:33:43","date_gmt":"2023-11-13T19:33:43","guid":{"rendered":"https:\/\/eheating.lt\/?post_type=product&#038;p=18938"},"modified":"2024-10-18T17:17:42","modified_gmt":"2024-10-18T14:17:42","slug":"hikvision-ptz-ds-2de4225iw-de","status":"publish","type":"product","link":"https:\/\/eheating.lt\/en\/produktas\/hikvision-ptz-ds-2de4225iw-de\/","title":{"rendered":"Hikvision PTZ DS-2DE4225IW-DE"},"content":{"rendered":"<table>\n<tbody>\n<tr>\n<th colspan=\"3&quot;\" scope=\"col\">Camera<\/th>\n<\/tr>\n<tr>\n<td>Image Sensor:<\/td>\n<td>;<\/td>\n<td>1\/2.8&#8243; progressive scan CMOS<\/td>\n<\/tr>\n<tr>\n<td>Effective Pixels:<\/td>\n<td>;<\/td>\n<td>1920 \u00d7 1080<\/td>\n<\/tr>\n<tr>\n<td>Minimum Illumination:<\/td>\n<td>;<\/td>\n<td>Ultra-low light: Color: 0.005 Lux @(F1.6, AGC ON)<br \/>\nB\/W: 0.001 Lux @(F1.6, AGC ON)<br \/>\n0 Lux with IR<\/td>\n<\/tr>\n<tr>\n<td>White Balance:<\/td>\n<td>;<\/td>\n<td>Auto\/Manual\/ATW (Auto-tracking White Balance)\/Indoor\/Outdoor\/Fluorescent Lamp\/Sodium Lamp<\/td>\n<\/tr>\n<tr>\n<td>AGC:<\/td>\n<td>;<\/td>\n<td>Auto\/Manual<\/td>\n<\/tr>\n<tr>\n<td>WDR:<\/td>\n<td>;<\/td>\n<td>120dB<\/td>\n<\/tr>\n<tr>\n<td>Shutter Time:<\/td>\n<td>;<\/td>\n<td>1\/1 s to 1\/30,000 s<\/td>\n<\/tr>\n<tr>\n<td>Day&amp; Night:<\/td>\n<td>;<\/td>\n<td>ICR<\/td>\n<\/tr>\n<tr>\n<td>Digital Zoom:<\/td>\n<td>;<\/td>\n<td>16\u00d7<\/td>\n<\/tr>\n<tr>\n<td>Privacy Masking:<\/td>\n<td>;<\/td>\n<td>24 programmable privacy masks<\/td>\n<\/tr>\n<tr>\n<td>Auto Focus:<\/td>\n<td>;<\/td>\n<td>Auto\/Semi-automatic\/Manual<\/td>\n<\/tr>\n<tr>\n<th colspan=\"3\" scope=\"col\">Lens<\/th>\n<\/tr>\n<tr>\n<td>Focal Length:<\/td>\n<td>;<\/td>\n<td>4.8 mm to 120 mm, 25\u00d7 optical<\/td>\n<\/tr>\n<tr>\n<td>Zoom Speed:<\/td>\n<td>;<\/td>\n<td>Approx. 3.2 s (optical lens, wide-tele)<\/td>\n<\/tr>\n<tr>\n<td>Angle of View:<\/td>\n<td>;<\/td>\n<td>Horizontal field of view: 57.6\u00b0 to 2.5\u00b0 (wide-tele)<br \/>\nVertical field of view: 34.4\u00b0 to 1.4\u00b0 (wide-tele)<br \/>\nDiagonal field of view: 64.5\u00b0 to 2.9\u00b0 (wide-tele)<\/td>\n<\/tr>\n<tr>\n<td>Minimum Working Distance:<\/td>\n<td>;<\/td>\n<td>10 mm to 1500 mm (wide-tele)<\/td>\n<\/tr>\n<tr>\n<td>Aperture Range:<\/td>\n<td>;<\/td>\n<td>F1.6 to F3.8<\/td>\n<\/tr>\n<tr>\n<th colspan=\"3\" scope=\"col\">Pan &amp; Tilt<\/th>\n<\/tr>\n<tr>\n<td>Pan Range:<\/td>\n<td>;<\/td>\n<td>360\u00b0 endless<\/td>\n<\/tr>\n<tr>\n<td>Pan Speed:<\/td>\n<td>;<\/td>\n<td>Configurable, from 0.1\u00b0\/s to 80\u00b0\/s<br \/>\nPreset Speed: 80\u00b0\/s<\/td>\n<\/tr>\n<tr>\n<td>Tilt Range:<\/td>\n<td>;<\/td>\n<td>From -15\u00b0 to 90\u00b0 (Auto-flip)<\/td>\n<\/tr>\n<tr>\n<td>Tilt Speed:<\/td>\n<td>;<\/td>\n<td>Configurable, from 0.1\u00b0\/s to 80\u00b0\/s<br \/>\nPreset Speed: 80\u00b0\/s<\/td>\n<\/tr>\n<tr>\n<td>Number of Preset:<\/td>\n<td>;<\/td>\n<td>300<\/td>\n<\/tr>\n<tr>\n<td>Patrol:<\/td>\n<td>;<\/td>\n<td>8 patrols, up to 32 presets for each patrol<\/td>\n<\/tr>\n<tr>\n<td>Pattern:<\/td>\n<td>;<\/td>\n<td>4 pattern scans, record time over 10 minutes for each scan<\/td>\n<\/tr>\n<tr>\n<td>Power loss recovery:<\/td>\n<td>;<\/td>\n<td>Support<\/td>\n<\/tr>\n<tr>\n<td>Park Action:<\/td>\n<td>;<\/td>\n<td>Preset\/Pattern Scan\/Patrol Scan\/Auto Scan\/Tilt Scan\/Random Scan\/Frame Scan\/Panorama Scan<\/td>\n<\/tr>\n<tr>\n<td>PTZ Position Display:<\/td>\n<td>;<\/td>\n<td>ON\/OFF<\/td>\n<\/tr>\n<tr>\n<td>Freeze Frame:<\/td>\n<td>;<\/td>\n<td>Support<\/td>\n<\/tr>\n<tr>\n<th colspan=\"3\" scope=\"col\">Smart Features<\/th>\n<\/tr>\n<tr>\n<td>Smart Detection:<\/td>\n<td>;<\/td>\n<td>Audio Exception Detection, Face Detection, Intrusion Detection, Line Crossing Detection, Region Entrance Detection, Region Exiting Detection, Unattended Baggage Detection, Object Removal Detection<\/td>\n<\/tr>\n<tr>\n<td>Smart Record:<\/td>\n<td>;<\/td>\n<td>ANR (Automatic Network Replenishment), Dual-VCA<\/td>\n<\/tr>\n<tr>\n<th colspan=\"3\" scope=\"col\">Infrared<\/th>\n<\/tr>\n<tr>\n<td>IR irradiation distance:<\/td>\n<td>;<\/td>\n<td>Up to 100 m<\/td>\n<\/tr>\n<tr>\n<th colspan=\"3\" scope=\"col\">Input &amp; Output<\/th>\n<\/tr>\n<tr>\n<td>Audio Input:<\/td>\n<td>;<\/td>\n<td>1-ch<\/td>\n<\/tr>\n<tr>\n<td>Audio Output:<\/td>\n<td>;<\/td>\n<td>1-ch<\/td>\n<\/tr>\n<tr>\n<th colspan=\"3\" scope=\"col\">Network<\/th>\n<\/tr>\n<tr>\n<td>Max.Image Resolution:<\/td>\n<td>;<\/td>\n<td>1920 \u00d7 1080<\/td>\n<\/tr>\n<tr>\n<td>Main Stream:<\/td>\n<td>;<\/td>\n<td>50Hz: 25fps (1920 \u00d7 1080, 1280 \u00d7 960, 1280 \u00d7 720)<br \/>\n50fps (1280 \u00d7 960, 1280 \u00d7 720)<br \/>\n60Hz: 30fps (1920 \u00d7 1080, 1280 \u00d7 960, 1280 \u00d7 720)<br \/>\n60fps (1280 \u00d7 960, 1280 \u00d7 720)<\/td>\n<\/tr>\n<tr>\n<td>Sub Stream:<\/td>\n<td>;<\/td>\n<td>50Hz: 25fps (704 \u00d7 576, 640 \u00d7 480, 352 \u00d7 288)<br \/>\n60Hz: 30fps (704 \u00d7 480, 640 \u00d7 480, 352 \u00d7 240)<\/td>\n<\/tr>\n<tr>\n<td>Third Stream:<\/td>\n<td>;<\/td>\n<td>50Hz: 25fps (1920 \u00d7 1080, 1280 \u00d7 960, 1280 \u00d7 720, 704 \u00d7 576, 640 \u00d7 480, 352 \u00d7 288)<br \/>\n60Hz: 30fps (1920 \u00d7 1080, 1280 \u00d7 960, 1280 \u00d7 720, 704 \u00d7 480, 640 \u00d7 480, 352 \u00d7 240)<\/td>\n<\/tr>\n<tr>\n<td>Image Compression:<\/td>\n<td>;<\/td>\n<td>Main Stream: H.265+\/H.265\/H.264+\/H.264<br \/>\nSub-Stream: H.265\/H.264\/MJPEG<br \/>\nThird Stream: H.265\/H.264\/MJPEG<\/td>\n<\/tr>\n<tr>\n<td>ROI encoding:<\/td>\n<td>;<\/td>\n<td>Main stream, sub-stream and third stream respectively support four fixed areas.<\/td>\n<\/tr>\n<tr>\n<td>Protocols:<\/td>\n<td>;<\/td>\n<td>IPv4\/IPv6, HTTP, HTTPS, 802.1x, Qos, FTP, SMTP, UPnP, SNMP, DNS, DDNS, NTP, RTSP, RTCP, RTP, TCP\/IP, UDP, IGMP, ICMP, DHCP, PPPoE, Bonjour<\/td>\n<\/tr>\n<tr>\n<td>No. of Simultaneous Users:<\/td>\n<td>;<\/td>\n<td>Up to 20 users<\/td>\n<\/tr>\n<tr>\n<td>Storage:<\/td>\n<td>;<\/td>\n<td>Built-in memory card slot, support Micro SD\/SDHC\/SDXC, up to 256 GB; NAS (NPS, SMB\/ CIPS), ANR<\/td>\n<\/tr>\n<tr>\n<td>User\/Host Level:<\/td>\n<td>;<\/td>\n<td>Up to 32 users.<br \/>\n3 levels: Administrator, Operator and User<\/td>\n<\/tr>\n<tr>\n<td>Security Measures:<\/td>\n<td>;<\/td>\n<td>User authentication (ID and PW), Host authentication (MAC address); HTTPS encryption; IEEE 802.1x port-based network access control; IP address filtering<\/td>\n<\/tr>\n<tr>\n<th colspan=\"3\" scope=\"col\">General<\/th>\n<\/tr>\n<tr>\n<td>Power Supply:<\/td>\n<td>;<\/td>\n<td>12 VDC &amp; PoE+ (802.3at, class4), Max.:18 W (IR Max.6 W)<\/td>\n<\/tr>\n<tr>\n<td>Working Temperature\/Humidity:<\/td>\n<td>;<\/td>\n<td>Working Temperature: -30\u00b0C to 65\u00b0C (-22\u00b0F to 149\u00b0F)<br \/>\nWorking Humidity: \u2264 90%<\/td>\n<\/tr>\n<tr>\n<td>Protection Level:<\/td>\n<td>;<\/td>\n<td>IP66 Standard, TVS 4000V Lightning Protection, Surge Protection and Voltage Transient Protection<\/td>\n<\/tr>\n<tr>\n<td>Dimensions:<\/td>\n<td>;<\/td>\n<td>\u03a6 164.5 mm \u00d7 290 mm (\u03a6 6.48&#8243; \u00d7 11.42&#8243;)<\/td>\n<\/tr>\n<tr>\n<td>Weight (approx.):<\/td>\n<td>;<\/td>\n<td>Approx. 2 kg (4.41 lb)<\/td>\n<\/tr>\n<\/tbody>\n<\/table>\n<p>&#8220;<\/p>\n","protected":false},"excerpt":{"rendered":"<ul>\n<li>2MP IP PTZ kamera<\/li>\n<li>x25 zoom (-4.8\u00b0~120\u00b0)<\/li>\n<li>\u017demas ap\u0161viestumas: Color:0.005 Lux, B\/W: 0.001 Lux<\/li>\n<li>3D DNR \/ 120dB WDR<\/li>\n<li>H.265+<\/li>\n<li>12 VDC &amp; PoE+<\/li>\n<\/ul>\n","protected":false},"featured_media":28024,"comment_status":"closed","ping_status":"closed","template":"","meta":[],"product_brand":[],"product_cat":[534,533,476],"product_tag":[],"class_list":{"0":"post-18938","1":"product","2":"type-product","3":"status-publish","4":"has-post-thumbnail","6":"product_cat-ip-kameros","7":"product_cat-ip-vaizdo-stebejimo-sistemos","8":"product_cat-ip-ptz-kameros","10":"first","11":"onbackorder","12":"purchasable","13":"product-type-simple"},"yoast_head":"<!-- This site is optimized with the Yoast SEO Premium plugin v21.5 (Yoast SEO v27.4) - https:\/\/yoast.com\/product\/yoast-seo-premium-wordpress\/ -->\n<title>Hikvision PTZ DS-2DE4225IW-DE<\/title>\n<meta name=\"description\" content=\"Hikvision PTZ DS-2DE4225IW-DE IP kamera ; x25 zoom (-4.8\u00b0~120\u00b0) ; 12 VDC &amp; PoE+ ; Rai\u0161ka - 2MP ; H.265+ ; Spalvotas vaizdas nakt\u012f\" \/>\n<meta name=\"robots\" content=\"index, follow, max-snippet:-1, max-image-preview:large, max-video-preview:-1\" \/>\n<link rel=\"canonical\" href=\"https:\/\/eheating.lt\/produktas\/hikvision-ptz-ds-2de4225iw-de\/\" \/>\n<meta property=\"og:locale\" content=\"en_US\" \/>\n<meta property=\"og:type\" content=\"article\" \/>\n<meta property=\"og:title\" content=\"Hikvision PTZ DS-2DE4225IW-DE\" \/>\n<meta property=\"og:description\" content=\"Hikvision PTZ DS-2DE4225IW-DE IP kamera ; x25 zoom (-4.8\u00b0~120\u00b0) ; 12 VDC &amp; PoE+ ; Rai\u0161ka - 2MP ; H.265+ ; Spalvotas vaizdas nakt\u012f\" \/>\n<meta property=\"og:url\" content=\"https:\/\/eheating.lt\/produktas\/hikvision-ptz-ds-2de4225iw-de\/\" \/>\n<meta property=\"og:site_name\" content=\"Elektronika Namams\" \/>\n<meta property=\"article:publisher\" content=\"https:\/\/www.facebook.com\/ElektronikaNamams\" \/>\n<meta property=\"article:modified_time\" content=\"2024-10-18T14:17:42+00:00\" \/>\n<meta property=\"og:image\" content=\"https:\/\/eheating.lt\/wp-content\/uploads\/2023\/10\/Hikvision-PTZ-DS-2DE4225IW-DE.png\" \/>\n\t<meta property=\"og:image:width\" content=\"800\" \/>\n\t<meta property=\"og:image:height\" content=\"800\" \/>\n\t<meta property=\"og:image:type\" content=\"image\/png\" \/>\n<meta name=\"twitter:card\" content=\"summary_large_image\" \/>\n<meta name=\"twitter:label1\" content=\"Price\" \/>\n\t<meta name=\"twitter:data1\" content=\"779,07&nbsp;&euro;\" \/>\n\t<meta name=\"twitter:label2\" content=\"Availability\" \/>\n\t<meta name=\"twitter:data2\" content=\"On backorder\" \/>\n<script type=\"application\/ld+json\" class=\"yoast-schema-graph\">{\"@context\":\"https:\\\/\\\/schema.org\",\"@graph\":[{\"@type\":\"WebPage\",\"@id\":\"https:\\\/\\\/eheating.lt\\\/produktas\\\/hikvision-ptz-ds-2de4225iw-de\\\/\",\"url\":\"https:\\\/\\\/eheating.lt\\\/produktas\\\/hikvision-ptz-ds-2de4225iw-de\\\/\",\"name\":\"Hikvision PTZ DS-2DE4225IW-DE\",\"isPartOf\":{\"@id\":\"https:\\\/\\\/eheating.lt\\\/#website\"},\"primaryImageOfPage\":{\"@id\":\"https:\\\/\\\/eheating.lt\\\/produktas\\\/hikvision-ptz-ds-2de4225iw-de\\\/#primaryimage\"},\"image\":{\"@id\":\"https:\\\/\\\/eheating.lt\\\/produktas\\\/hikvision-ptz-ds-2de4225iw-de\\\/#primaryimage\"},\"thumbnailUrl\":\"https:\\\/\\\/eheating.lt\\\/wp-content\\\/uploads\\\/2023\\\/10\\\/Hikvision-PTZ-DS-2DE4225IW-DE.png\",\"datePublished\":\"2023-11-13T19:33:43+00:00\",\"dateModified\":\"2024-10-18T14:17:42+00:00\",\"description\":\"Hikvision PTZ DS-2DE4225IW-DE IP kamera ; x25 zoom (-4.8\u00b0~120\u00b0) ; 12 VDC & PoE+ ; Rai\u0161ka - 2MP ; H.265+ ; Spalvotas vaizdas nakt\u012f\",\"breadcrumb\":{\"@id\":\"https:\\\/\\\/eheating.lt\\\/produktas\\\/hikvision-ptz-ds-2de4225iw-de\\\/#breadcrumb\"},\"inLanguage\":\"en-US\",\"potentialAction\":[{\"@type\":\"ReadAction\",\"target\":[\"https:\\\/\\\/eheating.lt\\\/produktas\\\/hikvision-ptz-ds-2de4225iw-de\\\/\"]}]},{\"@type\":\"ImageObject\",\"inLanguage\":\"en-US\",\"@id\":\"https:\\\/\\\/eheating.lt\\\/produktas\\\/hikvision-ptz-ds-2de4225iw-de\\\/#primaryimage\",\"url\":\"https:\\\/\\\/eheating.lt\\\/wp-content\\\/uploads\\\/2023\\\/10\\\/Hikvision-PTZ-DS-2DE4225IW-DE.png\",\"contentUrl\":\"https:\\\/\\\/eheating.lt\\\/wp-content\\\/uploads\\\/2023\\\/10\\\/Hikvision-PTZ-DS-2DE4225IW-DE.png\",\"width\":800,\"height\":800,\"caption\":\"Hikvision PTZ DS-2DE4225IW-DE\"},{\"@type\":\"BreadcrumbList\",\"@id\":\"https:\\\/\\\/eheating.lt\\\/produktas\\\/hikvision-ptz-ds-2de4225iw-de\\\/#breadcrumb\",\"itemListElement\":[{\"@type\":\"ListItem\",\"position\":1,\"name\":\"Prad\u017eia\",\"item\":\"https:\\\/\\\/eheating.lt\\\/en\\\/\"},{\"@type\":\"ListItem\",\"position\":2,\"name\":\"Shop\",\"item\":\"https:\\\/\\\/eheating.lt\\\/en\\\/?page_id=5734\"},{\"@type\":\"ListItem\",\"position\":3,\"name\":\"Hikvision PTZ DS-2DE4225IW-DE\"}]},{\"@type\":\"WebSite\",\"@id\":\"https:\\\/\\\/eheating.lt\\\/#website\",\"url\":\"https:\\\/\\\/eheating.lt\\\/\",\"name\":\"eHeating\",\"description\":\"Elektronika ir \u0161ildymas\",\"potentialAction\":[{\"@type\":\"SearchAction\",\"target\":{\"@type\":\"EntryPoint\",\"urlTemplate\":\"https:\\\/\\\/eheating.lt\\\/?s={search_term_string}\"},\"query-input\":{\"@type\":\"PropertyValueSpecification\",\"valueRequired\":true,\"valueName\":\"search_term_string\"}}],\"inLanguage\":\"en-US\"}]}<\/script>\n<meta property=\"product:price:amount\" content=\"779.07\" \/>\n<meta property=\"product:price:currency\" content=\"EUR\" \/>\n<meta property=\"og:availability\" content=\"backorder\" \/>\n<meta property=\"product:availability\" content=\"available for order\" \/>\n<meta property=\"product:retailer_item_id\" content=\"c77973a1e9ce\" \/>\n<meta property=\"product:condition\" content=\"new\" \/>\n<!-- \/ Yoast SEO Premium plugin. -->","yoast_head_json":{"title":"Hikvision PTZ DS-2DE4225IW-DE","description":"Hikvision PTZ DS-2DE4225IW-DE IP kamera ; x25 zoom (-4.8\u00b0~120\u00b0) ; 12 VDC & PoE+ ; Rai\u0161ka - 2MP ; H.265+ ; Spalvotas vaizdas nakt\u012f","robots":{"index":"index","follow":"follow","max-snippet":"max-snippet:-1","max-image-preview":"max-image-preview:large","max-video-preview":"max-video-preview:-1"},"canonical":"https:\/\/eheating.lt\/produktas\/hikvision-ptz-ds-2de4225iw-de\/","og_locale":"en_US","og_type":"article","og_title":"Hikvision PTZ DS-2DE4225IW-DE","og_description":"Hikvision PTZ DS-2DE4225IW-DE IP kamera ; x25 zoom (-4.8\u00b0~120\u00b0) ; 12 VDC & PoE+ ; Rai\u0161ka - 2MP ; H.265+ ; Spalvotas vaizdas nakt\u012f","og_url":"https:\/\/eheating.lt\/produktas\/hikvision-ptz-ds-2de4225iw-de\/","og_site_name":"Elektronika Namams","article_publisher":"https:\/\/www.facebook.com\/ElektronikaNamams","article_modified_time":"2024-10-18T14:17:42+00:00","og_image":[{"width":800,"height":800,"url":"https:\/\/eheating.lt\/wp-content\/uploads\/2023\/10\/Hikvision-PTZ-DS-2DE4225IW-DE.png","type":"image\/png"}],"twitter_card":"summary_large_image","twitter_misc":{"Price":"779,07&nbsp;&euro;","Availability":"On backorder"},"schema":{"@context":"https:\/\/schema.org","@graph":[{"@type":"WebPage","@id":"https:\/\/eheating.lt\/produktas\/hikvision-ptz-ds-2de4225iw-de\/","url":"https:\/\/eheating.lt\/produktas\/hikvision-ptz-ds-2de4225iw-de\/","name":"Hikvision PTZ DS-2DE4225IW-DE","isPartOf":{"@id":"https:\/\/eheating.lt\/#website"},"primaryImageOfPage":{"@id":"https:\/\/eheating.lt\/produktas\/hikvision-ptz-ds-2de4225iw-de\/#primaryimage"},"image":{"@id":"https:\/\/eheating.lt\/produktas\/hikvision-ptz-ds-2de4225iw-de\/#primaryimage"},"thumbnailUrl":"https:\/\/eheating.lt\/wp-content\/uploads\/2023\/10\/Hikvision-PTZ-DS-2DE4225IW-DE.png","datePublished":"2023-11-13T19:33:43+00:00","dateModified":"2024-10-18T14:17:42+00:00","description":"Hikvision PTZ DS-2DE4225IW-DE IP kamera ; x25 zoom (-4.8\u00b0~120\u00b0) ; 12 VDC & PoE+ ; Rai\u0161ka - 2MP ; H.265+ ; Spalvotas vaizdas nakt\u012f","breadcrumb":{"@id":"https:\/\/eheating.lt\/produktas\/hikvision-ptz-ds-2de4225iw-de\/#breadcrumb"},"inLanguage":"en-US","potentialAction":[{"@type":"ReadAction","target":["https:\/\/eheating.lt\/produktas\/hikvision-ptz-ds-2de4225iw-de\/"]}]},{"@type":"ImageObject","inLanguage":"en-US","@id":"https:\/\/eheating.lt\/produktas\/hikvision-ptz-ds-2de4225iw-de\/#primaryimage","url":"https:\/\/eheating.lt\/wp-content\/uploads\/2023\/10\/Hikvision-PTZ-DS-2DE4225IW-DE.png","contentUrl":"https:\/\/eheating.lt\/wp-content\/uploads\/2023\/10\/Hikvision-PTZ-DS-2DE4225IW-DE.png","width":800,"height":800,"caption":"Hikvision PTZ DS-2DE4225IW-DE"},{"@type":"BreadcrumbList","@id":"https:\/\/eheating.lt\/produktas\/hikvision-ptz-ds-2de4225iw-de\/#breadcrumb","itemListElement":[{"@type":"ListItem","position":1,"name":"Prad\u017eia","item":"https:\/\/eheating.lt\/en\/"},{"@type":"ListItem","position":2,"name":"Shop","item":"https:\/\/eheating.lt\/en\/?page_id=5734"},{"@type":"ListItem","position":3,"name":"Hikvision PTZ DS-2DE4225IW-DE"}]},{"@type":"WebSite","@id":"https:\/\/eheating.lt\/#website","url":"https:\/\/eheating.lt\/","name":"eHeating","description":"Elektronika ir \u0161ildymas","potentialAction":[{"@type":"SearchAction","target":{"@type":"EntryPoint","urlTemplate":"https:\/\/eheating.lt\/?s={search_term_string}"},"query-input":{"@type":"PropertyValueSpecification","valueRequired":true,"valueName":"search_term_string"}}],"inLanguage":"en-US"}]},"product_price_amount":"779.07","product_price_currency":"EUR","og_availability":"backorder","product_availability":"available for order","product_retailer_item_id":"c77973a1e9ce","product_condition":"new"},"_links":{"self":[{"href":"https:\/\/eheating.lt\/en\/wp-json\/wp\/v2\/product\/18938","targetHints":{"allow":["GET"]}}],"collection":[{"href":"https:\/\/eheating.lt\/en\/wp-json\/wp\/v2\/product"}],"about":[{"href":"https:\/\/eheating.lt\/en\/wp-json\/wp\/v2\/types\/product"}],"replies":[{"embeddable":true,"href":"https:\/\/eheating.lt\/en\/wp-json\/wp\/v2\/comments?post=18938"}],"version-history":[{"count":0,"href":"https:\/\/eheating.lt\/en\/wp-json\/wp\/v2\/product\/18938\/revisions"}],"wp:featuredmedia":[{"embeddable":true,"href":"https:\/\/eheating.lt\/en\/wp-json\/wp\/v2\/media\/28024"}],"wp:attachment":[{"href":"https:\/\/eheating.lt\/en\/wp-json\/wp\/v2\/media?parent=18938"}],"wp:term":[{"taxonomy":"product_brand","embeddable":true,"href":"https:\/\/eheating.lt\/en\/wp-json\/wp\/v2\/product_brand?post=18938"},{"taxonomy":"product_cat","embeddable":true,"href":"https:\/\/eheating.lt\/en\/wp-json\/wp\/v2\/product_cat?post=18938"},{"taxonomy":"product_tag","embeddable":true,"href":"https:\/\/eheating.lt\/en\/wp-json\/wp\/v2\/product_tag?post=18938"}],"curies":[{"name":"wp","href":"https:\/\/api.w.org\/{rel}","templated":true}]}}