{"id":18922,"date":"2023-11-13T21:33:44","date_gmt":"2023-11-13T19:33:44","guid":{"rendered":"https:\/\/eheating.lt\/?post_type=product&#038;p=18922"},"modified":"2024-10-18T17:17:18","modified_gmt":"2024-10-18T14:17:18","slug":"hikvision-ids-mcd202-bs-kameros-rinkinys","status":"publish","type":"product","link":"https:\/\/eheating.lt\/en\/produktas\/hikvision-ids-mcd202-bs-kameros-rinkinys\/","title":{"rendered":"Hikvision iDS-MCD202-BS kameros rinkinys"},"content":{"rendered":"<div class=\"tech-specs-items-description-wrap\">\n<ul class=\"tech-specs-items-description\" data-target=\"Camera\">\n<li class=\"tech-specs-items-description-list\"><span class=\"tech-specs-items-description__title--heading\">Kamera<\/span><\/li>\n<li class=\"tech-specs-items-description-list\"><span class=\"tech-specs-items-description__title\">Sensorius<\/span><span class=\"tech-specs-items-description__title-details\">1\/2.8&#8243; progressive scan CMOS<\/span><\/li>\n<li class=\"tech-specs-items-description-list\"><span class=\"tech-specs-items-description__title\">Min. ap\u0161vietimas (spalvotas)<\/span><span class=\"tech-specs-items-description__title-details\">0.05 Lux@(F1.6, AGC ON) <\/span><\/li>\n<li class=\"tech-specs-items-description-list\"><span class=\"tech-specs-items-description__title\">Min. ap\u0161vietimas (juoda\/balta)<\/span><span class=\"tech-specs-items-description__title-details\"> 0.01 Lux@(F1.6, AGC ON) <\/span><\/li>\n<\/ul>\n<ul class=\"tech-specs-items-description\" data-target=\"Lens\">\n<li class=\"tech-specs-items-description-list\"><span class=\"tech-specs-items-description__title--heading\">L\u0119\u0161iai<\/span><\/li>\n<li class=\"tech-specs-items-description-list\"><span class=\"tech-specs-items-description__title\">L\u0119\u0161i\u0173 \u017eidinio nuotolis<\/span><span class=\"tech-specs-items-description__title-details\">4.5 mm to 135 mm, 30\u00d7 optical<\/span><\/li>\n<li class=\"tech-specs-items-description-list\"><span class=\"tech-specs-items-description__title\">L\u0119\u0161i\u0173 diafragma<\/span><span class=\"tech-specs-items-description__title-details\">F1.6 to F4.4<\/span><\/li>\n<li class=\"tech-specs-items-description-list\"><span class=\"tech-specs-items-description__title\">Fokusavimo r\u0117\u017eimas<\/span><span class=\"tech-specs-items-description__title-details\">Auto;Semi-auto;Manual<\/span><\/li>\n<li class=\"tech-specs-items-description-list\"><span class=\"tech-specs-items-description__title\">Optinis priartinimas<\/span><span class=\"tech-specs-items-description__title-details\">Approx. 4 s (optical lens, wide-tele)<\/span><\/li>\n<\/ul>\n<ul class=\"tech-specs-items-description\" data-target=\"Video\">\n<li class=\"tech-specs-items-description-list\"><span class=\"tech-specs-items-description__title--heading\">Vaizdo \u012fra\u0161as<\/span><\/li>\n<li class=\"tech-specs-items-description-list\"><span class=\"tech-specs-items-description__title\">Srauto tipas<\/span><span class=\"tech-specs-items-description__title-details\">Main stream;Sub-stream<\/span><\/li>\n<li class=\"tech-specs-items-description-list\"><span class=\"tech-specs-items-description__title\">Pagrindinio srauto rai\u0161ka<\/span><span class=\"tech-specs-items-description__title-details\">1920 \u00d7 1080;1280 \u00d7 720;704 \u00d7 576;352 \u00d7 288;704 \u00d7 288<\/span><\/li>\n<li class=\"tech-specs-items-description-list\"><span class=\"tech-specs-items-description__title\">Pagalbinio srauto rai\u0161ka<\/span><span class=\"tech-specs-items-description__title-details\">352 \u00d7 288;704 \u00d7 576;1280 \u00d7 720;704 \u00d7 288<\/span><\/li>\n<li class=\"tech-specs-items-description-list\"><span class=\"tech-specs-items-description__title\">Pagrindinio srauto bit\u0173 greitis<\/span><span class=\"tech-specs-items-description__title-details\">32Kbps &#8211; 16Mbps<\/span><\/li>\n<li class=\"tech-specs-items-description-list\"><span class=\"tech-specs-items-description__title\">Pagalbinio srauto bit\u0173 greitis<\/span><span class=\"tech-specs-items-description__title-details\">32Kbps &#8211; 16Mbps<\/span><\/li>\n<li class=\"tech-specs-items-description-list\"><span class=\"tech-specs-items-description__title\">Vaizdo suspaudimas<\/span><span class=\"tech-specs-items-description__title-details\">H.264;H.265;MJPEG<\/span><\/li>\n<li class=\"tech-specs-items-description-list\"><span class=\"tech-specs-items-description__title\">Bit\u0173 da\u017enio kontrol\u0117<\/span><span class=\"tech-specs-items-description__title-details\">Constant bit rate;Variable bit rate<\/span><\/li>\n<li class=\"tech-specs-items-description-list\"><span class=\"tech-specs-items-description__title\">Vaizdo \u012fra\u0161\u0173 formatas<\/span><span class=\"tech-specs-items-description__title-details\">MP4<\/span><\/li>\n<li class=\"tech-specs-items-description-list\"><span class=\"tech-specs-items-description__title\">Nuotrauk\u0173 formatas<\/span><span class=\"tech-specs-items-description__title-details\">JPEG<\/span><\/li>\n<\/ul>\n<ul class=\"tech-specs-items-description\" data-target=\"Audio\">\n<li class=\"tech-specs-items-description-list\"><span class=\"tech-specs-items-description__title--heading\">Garsas<\/span><\/li>\n<li class=\"tech-specs-items-description-list\"><span class=\"tech-specs-items-description__title\">Garso suspaudimas<\/span><span class=\"tech-specs-items-description__title-details\">G.711alaw;G.711ulaw;G.722.1<\/span><\/li>\n<\/ul>\n<ul class=\"tech-specs-items-description\" data-target=\"Smart Function\">\n<li class=\"tech-specs-items-description-list\"><span class=\"tech-specs-items-description__title--heading\">I\u0161manios funkcijos<\/span><\/li>\n<li class=\"tech-specs-items-description-list\"><span class=\"tech-specs-items-description__title\">Ma\u0161in\u0173 atpa\u017einimas<\/span><span class=\"tech-specs-items-description__title-details\">Supported<\/span><\/li>\n<li class=\"tech-specs-items-description-list\"><span class=\"tech-specs-items-description__title\">Ma\u0161inos numeri\u0173 atpa\u017einimas<\/span><span class=\"tech-specs-items-description__title-details\"><span class=\"tech-specs-items-description__title-details\"><br \/>\n<\/span><\/span><\/p>\n<p class=\"mb-p\" style=\"margin-bottom: 0rem; height: auto;\">Supports checkpoint.<\/p>\n<p class=\"mb-p\" style=\"margin-bottom: 0rem; height: auto;\">Supports recognition of vehicle license plate number, color, type, and brand.<\/p>\n<p>&nbsp;<\/li>\n<\/ul>\n<ul class=\"tech-specs-items-description\" data-target=\"Network and Connection\">\n<li class=\"tech-specs-items-description-list\"><span class=\"tech-specs-items-description__title--heading\">Tinklas ir prisijungimas<\/span><\/li>\n<li class=\"tech-specs-items-description-list\"><span class=\"tech-specs-items-description__title\">Dial-up<\/span><span class=\"tech-specs-items-description__title-details\">FDD -LTE B1,FDD -LTE B3,FDD -LTE B5,FDD -LTE B8,WCDMA B1,WCDMA B8,TD-SCDMA B34,TD-SCDMA B39,CDMA EVDO BC0,GSM 900,GSM 1800<\/span><\/li>\n<li class=\"tech-specs-items-description-list\"><span class=\"tech-specs-items-description__title\">Wi-Fi protokolas<\/span><span class=\"tech-specs-items-description__title-details\">802.11b;802.11g;802.11n;802.11ac<\/span><\/li>\n<li class=\"tech-specs-items-description-list\"><span class=\"tech-specs-items-description__title\">Wi-Fi darbo r\u0117\u017eimas<\/span><span class=\"tech-specs-items-description__title-details\">AP;STATION<\/span><\/li>\n<li class=\"tech-specs-items-description-list\"><span class=\"tech-specs-items-description__title\">Wi-Fi da\u017eni\u0173 diapozonas<\/span><span class=\"tech-specs-items-description__title-details\">2.412 to 2.472 GHz;5.15 to 5.25 GHz;5.25 to 5.35 GHz;5.47 to 5.725 GHz;5.725 to 5.875 GHz<\/span><\/li>\n<li class=\"tech-specs-items-description-list\"><span class=\"tech-specs-items-description__title\">Pozicija<\/span><span class=\"tech-specs-items-description__title-details\">GPS;Beidou;Mixed Positioning<\/span><\/li>\n<li class=\"tech-specs-items-description-list\"><span class=\"tech-specs-items-description__title\">Bluetooth<\/span><span class=\"tech-specs-items-description__title-details\">4.0<\/span><\/li>\n<li class=\"tech-specs-items-description-list\"><span class=\"tech-specs-items-description__title\">Protokolai<\/span><span class=\"tech-specs-items-description__title-details\">802.1x;TCP\/IP;UDP;HTTPS;HTTP;FTP;DNS;DDNS;RTSP;NTP;IPv4;SIP<\/span><\/li>\n<li class=\"tech-specs-items-description-list\"><span class=\"tech-specs-items-description__title\">S\u0105sajos protokolai<\/span><span class=\"tech-specs-items-description__title-details\">EHome 2.0;Hikvision SDK;GB28181;Ezviz Protocol;ONVIF;ISAPI<\/span><\/li>\n<\/ul>\n<ul class=\"tech-specs-items-description\" data-target=\"Event Function\">\n<li class=\"tech-specs-items-description-list\"><span class=\"tech-specs-items-description__title--heading\">\u012evyki\u0173 funkcijos<\/span><\/li>\n<li class=\"tech-specs-items-description-list\"><span class=\"tech-specs-items-description__title\">\u012esp\u0117jamojo signalo trikdiklis<\/span><span class=\"tech-specs-items-description__title-details\">Network disconnected;IP address conflicted;Memory error<\/span><\/li>\n<li class=\"tech-specs-items-description-list\"><span class=\"tech-specs-items-description__title\">\u012espejamojo signalo sujungimas<\/span><span class=\"tech-specs-items-description__title-details\">Notify surveillance center<\/span><\/li>\n<\/ul>\n<ul class=\"tech-specs-items-description\" data-target=\"Light Supplement\">\n<li class=\"tech-specs-items-description-list\"><span class=\"tech-specs-items-description__title--heading\">Pagalbin\u0117 \u0161viesa<\/span><\/li>\n<li class=\"tech-specs-items-description-list\"><span class=\"tech-specs-items-description__title\">IR<\/span><span class=\"tech-specs-items-description__title-details\">Supported<\/span><\/li>\n<li class=\"tech-specs-items-description-list\"><span class=\"tech-specs-items-description__title\">IR pagalbin\u0117s \u0161viesos nuotolis<\/span><span class=\"tech-specs-items-description__title-details\">Up to 100 m (body outline is available)<\/span><\/li>\n<\/ul>\n<ul class=\"tech-specs-items-description\" data-target=\"Storage\">\n<li class=\"tech-specs-items-description-list\"><span class=\"tech-specs-items-description__title--heading\">Talpykla<\/span><\/li>\n<li class=\"tech-specs-items-description-list\"><span class=\"tech-specs-items-description__title\">I\u0161vestin\u0117s atminties medija<\/span><span class=\"tech-specs-items-description__title-details\">TF<\/span><\/li>\n<li class=\"tech-specs-items-description-list\"><span class=\"tech-specs-items-description__title\">I\u0161vestin\u0117s atminties talpa<\/span><span class=\"tech-specs-items-description__title-details\">Max. 256GB for one<\/span><\/li>\n<\/ul>\n<ul class=\"tech-specs-items-description\" data-target=\"Peripheral Device Interface\">\n<li class=\"tech-specs-items-description-list\"><span class=\"tech-specs-items-description__title--heading\">Periferinio \u012frenginio s\u0105saja<\/span><\/li>\n<li class=\"tech-specs-items-description-list\"><span class=\"tech-specs-items-description__title\">Krovimo s\u0105saja<\/span><span class=\"tech-specs-items-description__title-details\">6-core aviation plug<\/span><\/li>\n<li class=\"tech-specs-items-description-list\"><span class=\"tech-specs-items-description__title\">I\u0161vestin\u0117 s\u0105saja<\/span><span class=\"tech-specs-items-description__title-details\">RJ45;RS-232<\/span><\/li>\n<li class=\"tech-specs-items-description-list\"><span class=\"tech-specs-items-description__title\">Garsiakalbis<\/span><span class=\"tech-specs-items-description__title-details\">Supported<\/span><\/li>\n<li class=\"tech-specs-items-description-list\"><span class=\"tech-specs-items-description__title\">MIC<\/span><span class=\"tech-specs-items-description__title-details\">Supported<\/span><\/li>\n<\/ul>\n<ul class=\"tech-specs-items-description\" data-target=\"Battery\">\n<li class=\"tech-specs-items-description-list\"><span class=\"tech-specs-items-description__title--heading\">Baterija<\/span><\/li>\n<li class=\"tech-specs-items-description-list\"><span class=\"tech-specs-items-description__title\">I\u0161imama baterija<\/span><span class=\"tech-specs-items-description__title-details\">Supported<\/span><\/li>\n<li class=\"tech-specs-items-description-list\"><span class=\"tech-specs-items-description__title\">Baterijos talpa<\/span><span class=\"tech-specs-items-description__title-details\">13400 mAh<\/span><\/li>\n<li class=\"tech-specs-items-description-list\"><span class=\"tech-specs-items-description__title\">Baterijos veikimo laikotarpis kai yra filmuojama<\/span><span class=\"tech-specs-items-description__title-details\">9 hours in standby status when 4G, IR, Wi-Fi, PTZ, and storage are off)<\/span><\/li>\n<li class=\"tech-specs-items-description-list\"><span class=\"tech-specs-items-description__title\">Baterijos tipas<\/span><span class=\"tech-specs-items-description__title-details\">Lithium-ion battery<\/span><\/li>\n<\/ul>\n<\/div>\n","protected":false},"excerpt":{"rendered":"<p><strong>Kamera<\/strong><\/p>\n<ul>\n<li>Vienas 4G modulis ir du i\u0161pl\u0117stiniai 4G moduliai; 802.11 b\/g\/n\/ac Wi-Fi; GPS pozicijos modulis; Bluetooth 4.0<\/li>\n<li>30\u00d7 optinis priartinimas, 16\u00d7 skaitmeninis priartinimas<\/li>\n<li>H.265\/H.264\/MJPEG vaizdo suspaudimas<\/li>\n<li>Iki 100 m IR nuotolio<\/li>\n<li>HLC\/BLC\/3D DNR\/Defog\/EIS<\/li>\n<\/ul>\n<p><strong>Rinkinys<\/strong><\/p>\n<ul>\n<li>Lagamino dydis: 520*330*210mm.<\/li>\n<li>Atsargin\u0117 baterija.<\/li>\n<li>Baterijos kroviklis<\/li>\n<li>Maitinimo blokas<\/li>\n<\/ul>\n","protected":false},"featured_media":28012,"comment_status":"closed","ping_status":"closed","template":"","meta":[],"product_brand":[],"product_cat":[534,533,476],"product_tag":[],"class_list":{"0":"post-18922","1":"product","2":"type-product","3":"status-publish","4":"has-post-thumbnail","6":"product_cat-ip-kameros","7":"product_cat-ip-vaizdo-stebejimo-sistemos","8":"product_cat-ip-ptz-kameros","10":"first","11":"onbackorder","12":"purchasable","13":"product-type-simple"},"yoast_head":"<!-- This site is optimized with the Yoast SEO Premium plugin v21.5 (Yoast SEO v27.4) - https:\/\/yoast.com\/product\/yoast-seo-premium-wordpress\/ -->\n<title>Hikvision iDS-MCD202-BS kameros rinkinys<\/title>\n<meta name=\"description\" content=\"Hikvision iDS-MCD202-BS kameros rinkinys ; 30\u00d7 optinis priartinimas, 16\u00d7 skaitmeninis priartinimas ; Wi-Fi ry\u0161ys ; Iki 100 m IR nuotolio\" \/>\n<meta name=\"robots\" content=\"index, follow, max-snippet:-1, max-image-preview:large, max-video-preview:-1\" \/>\n<link rel=\"canonical\" href=\"https:\/\/eheating.lt\/produktas\/hikvision-ids-mcd202-bs-kameros-rinkinys\/\" \/>\n<meta property=\"og:locale\" content=\"en_US\" \/>\n<meta property=\"og:type\" content=\"article\" \/>\n<meta property=\"og:title\" content=\"Hikvision iDS-MCD202-BS kameros rinkinys\" \/>\n<meta property=\"og:description\" content=\"Hikvision iDS-MCD202-BS kameros rinkinys ; 30\u00d7 optinis priartinimas, 16\u00d7 skaitmeninis priartinimas ; Wi-Fi ry\u0161ys ; Iki 100 m IR nuotolio\" \/>\n<meta property=\"og:url\" content=\"https:\/\/eheating.lt\/produktas\/hikvision-ids-mcd202-bs-kameros-rinkinys\/\" \/>\n<meta property=\"og:site_name\" content=\"Elektronika Namams\" \/>\n<meta property=\"article:publisher\" content=\"https:\/\/www.facebook.com\/ElektronikaNamams\" \/>\n<meta property=\"article:modified_time\" content=\"2024-10-18T14:17:18+00:00\" \/>\n<meta property=\"og:image\" content=\"https:\/\/eheating.lt\/wp-content\/uploads\/2023\/10\/Hikvision-iDS-MCD202-BS-kameros-rinkinys.png\" \/>\n\t<meta property=\"og:image:width\" content=\"800\" \/>\n\t<meta property=\"og:image:height\" content=\"800\" \/>\n\t<meta property=\"og:image:type\" content=\"image\/png\" \/>\n<meta name=\"twitter:card\" content=\"summary_large_image\" \/>\n<meta name=\"twitter:label1\" content=\"Price\" \/>\n\t<meta name=\"twitter:data1\" content=\"9486,64&nbsp;&euro;\" \/>\n\t<meta name=\"twitter:label2\" content=\"Availability\" \/>\n\t<meta name=\"twitter:data2\" content=\"On backorder\" \/>\n<script type=\"application\/ld+json\" class=\"yoast-schema-graph\">{\"@context\":\"https:\\\/\\\/schema.org\",\"@graph\":[{\"@type\":\"WebPage\",\"@id\":\"https:\\\/\\\/eheating.lt\\\/produktas\\\/hikvision-ids-mcd202-bs-kameros-rinkinys\\\/\",\"url\":\"https:\\\/\\\/eheating.lt\\\/produktas\\\/hikvision-ids-mcd202-bs-kameros-rinkinys\\\/\",\"name\":\"Hikvision iDS-MCD202-BS kameros rinkinys\",\"isPartOf\":{\"@id\":\"https:\\\/\\\/eheating.lt\\\/#website\"},\"primaryImageOfPage\":{\"@id\":\"https:\\\/\\\/eheating.lt\\\/produktas\\\/hikvision-ids-mcd202-bs-kameros-rinkinys\\\/#primaryimage\"},\"image\":{\"@id\":\"https:\\\/\\\/eheating.lt\\\/produktas\\\/hikvision-ids-mcd202-bs-kameros-rinkinys\\\/#primaryimage\"},\"thumbnailUrl\":\"https:\\\/\\\/eheating.lt\\\/wp-content\\\/uploads\\\/2023\\\/10\\\/Hikvision-iDS-MCD202-BS-kameros-rinkinys.png\",\"datePublished\":\"2023-11-13T19:33:44+00:00\",\"dateModified\":\"2024-10-18T14:17:18+00:00\",\"description\":\"Hikvision iDS-MCD202-BS kameros rinkinys ; 30\u00d7 optinis priartinimas, 16\u00d7 skaitmeninis priartinimas ; Wi-Fi ry\u0161ys ; Iki 100 m IR nuotolio\",\"breadcrumb\":{\"@id\":\"https:\\\/\\\/eheating.lt\\\/produktas\\\/hikvision-ids-mcd202-bs-kameros-rinkinys\\\/#breadcrumb\"},\"inLanguage\":\"en-US\",\"potentialAction\":[{\"@type\":\"ReadAction\",\"target\":[\"https:\\\/\\\/eheating.lt\\\/produktas\\\/hikvision-ids-mcd202-bs-kameros-rinkinys\\\/\"]}]},{\"@type\":\"ImageObject\",\"inLanguage\":\"en-US\",\"@id\":\"https:\\\/\\\/eheating.lt\\\/produktas\\\/hikvision-ids-mcd202-bs-kameros-rinkinys\\\/#primaryimage\",\"url\":\"https:\\\/\\\/eheating.lt\\\/wp-content\\\/uploads\\\/2023\\\/10\\\/Hikvision-iDS-MCD202-BS-kameros-rinkinys.png\",\"contentUrl\":\"https:\\\/\\\/eheating.lt\\\/wp-content\\\/uploads\\\/2023\\\/10\\\/Hikvision-iDS-MCD202-BS-kameros-rinkinys.png\",\"width\":800,\"height\":800,\"caption\":\"Hikvision iDS-MCD202-BS kameros rinkinys\"},{\"@type\":\"BreadcrumbList\",\"@id\":\"https:\\\/\\\/eheating.lt\\\/produktas\\\/hikvision-ids-mcd202-bs-kameros-rinkinys\\\/#breadcrumb\",\"itemListElement\":[{\"@type\":\"ListItem\",\"position\":1,\"name\":\"Prad\u017eia\",\"item\":\"https:\\\/\\\/eheating.lt\\\/en\\\/\"},{\"@type\":\"ListItem\",\"position\":2,\"name\":\"Shop\",\"item\":\"https:\\\/\\\/eheating.lt\\\/en\\\/?page_id=5734\"},{\"@type\":\"ListItem\",\"position\":3,\"name\":\"Hikvision iDS-MCD202-BS kameros rinkinys\"}]},{\"@type\":\"WebSite\",\"@id\":\"https:\\\/\\\/eheating.lt\\\/#website\",\"url\":\"https:\\\/\\\/eheating.lt\\\/\",\"name\":\"eHeating\",\"description\":\"Elektronika ir \u0161ildymas\",\"potentialAction\":[{\"@type\":\"SearchAction\",\"target\":{\"@type\":\"EntryPoint\",\"urlTemplate\":\"https:\\\/\\\/eheating.lt\\\/?s={search_term_string}\"},\"query-input\":{\"@type\":\"PropertyValueSpecification\",\"valueRequired\":true,\"valueName\":\"search_term_string\"}}],\"inLanguage\":\"en-US\"}]}<\/script>\n<meta property=\"product:price:amount\" content=\"9486.64\" \/>\n<meta property=\"product:price:currency\" content=\"EUR\" \/>\n<meta property=\"og:availability\" content=\"backorder\" \/>\n<meta property=\"product:availability\" content=\"available for order\" \/>\n<meta property=\"product:retailer_item_id\" content=\"4136b274ebe6\" \/>\n<meta property=\"product:condition\" content=\"new\" \/>\n<!-- \/ Yoast SEO Premium plugin. -->","yoast_head_json":{"title":"Hikvision iDS-MCD202-BS kameros rinkinys","description":"Hikvision iDS-MCD202-BS kameros rinkinys ; 30\u00d7 optinis priartinimas, 16\u00d7 skaitmeninis priartinimas ; Wi-Fi ry\u0161ys ; Iki 100 m IR nuotolio","robots":{"index":"index","follow":"follow","max-snippet":"max-snippet:-1","max-image-preview":"max-image-preview:large","max-video-preview":"max-video-preview:-1"},"canonical":"https:\/\/eheating.lt\/produktas\/hikvision-ids-mcd202-bs-kameros-rinkinys\/","og_locale":"en_US","og_type":"article","og_title":"Hikvision iDS-MCD202-BS kameros rinkinys","og_description":"Hikvision iDS-MCD202-BS kameros rinkinys ; 30\u00d7 optinis priartinimas, 16\u00d7 skaitmeninis priartinimas ; Wi-Fi ry\u0161ys ; Iki 100 m IR nuotolio","og_url":"https:\/\/eheating.lt\/produktas\/hikvision-ids-mcd202-bs-kameros-rinkinys\/","og_site_name":"Elektronika Namams","article_publisher":"https:\/\/www.facebook.com\/ElektronikaNamams","article_modified_time":"2024-10-18T14:17:18+00:00","og_image":[{"width":800,"height":800,"url":"https:\/\/eheating.lt\/wp-content\/uploads\/2023\/10\/Hikvision-iDS-MCD202-BS-kameros-rinkinys.png","type":"image\/png"}],"twitter_card":"summary_large_image","twitter_misc":{"Price":"9486,64&nbsp;&euro;","Availability":"On backorder"},"schema":{"@context":"https:\/\/schema.org","@graph":[{"@type":"WebPage","@id":"https:\/\/eheating.lt\/produktas\/hikvision-ids-mcd202-bs-kameros-rinkinys\/","url":"https:\/\/eheating.lt\/produktas\/hikvision-ids-mcd202-bs-kameros-rinkinys\/","name":"Hikvision iDS-MCD202-BS kameros rinkinys","isPartOf":{"@id":"https:\/\/eheating.lt\/#website"},"primaryImageOfPage":{"@id":"https:\/\/eheating.lt\/produktas\/hikvision-ids-mcd202-bs-kameros-rinkinys\/#primaryimage"},"image":{"@id":"https:\/\/eheating.lt\/produktas\/hikvision-ids-mcd202-bs-kameros-rinkinys\/#primaryimage"},"thumbnailUrl":"https:\/\/eheating.lt\/wp-content\/uploads\/2023\/10\/Hikvision-iDS-MCD202-BS-kameros-rinkinys.png","datePublished":"2023-11-13T19:33:44+00:00","dateModified":"2024-10-18T14:17:18+00:00","description":"Hikvision iDS-MCD202-BS kameros rinkinys ; 30\u00d7 optinis priartinimas, 16\u00d7 skaitmeninis priartinimas ; Wi-Fi ry\u0161ys ; Iki 100 m IR nuotolio","breadcrumb":{"@id":"https:\/\/eheating.lt\/produktas\/hikvision-ids-mcd202-bs-kameros-rinkinys\/#breadcrumb"},"inLanguage":"en-US","potentialAction":[{"@type":"ReadAction","target":["https:\/\/eheating.lt\/produktas\/hikvision-ids-mcd202-bs-kameros-rinkinys\/"]}]},{"@type":"ImageObject","inLanguage":"en-US","@id":"https:\/\/eheating.lt\/produktas\/hikvision-ids-mcd202-bs-kameros-rinkinys\/#primaryimage","url":"https:\/\/eheating.lt\/wp-content\/uploads\/2023\/10\/Hikvision-iDS-MCD202-BS-kameros-rinkinys.png","contentUrl":"https:\/\/eheating.lt\/wp-content\/uploads\/2023\/10\/Hikvision-iDS-MCD202-BS-kameros-rinkinys.png","width":800,"height":800,"caption":"Hikvision iDS-MCD202-BS kameros rinkinys"},{"@type":"BreadcrumbList","@id":"https:\/\/eheating.lt\/produktas\/hikvision-ids-mcd202-bs-kameros-rinkinys\/#breadcrumb","itemListElement":[{"@type":"ListItem","position":1,"name":"Prad\u017eia","item":"https:\/\/eheating.lt\/en\/"},{"@type":"ListItem","position":2,"name":"Shop","item":"https:\/\/eheating.lt\/en\/?page_id=5734"},{"@type":"ListItem","position":3,"name":"Hikvision iDS-MCD202-BS kameros rinkinys"}]},{"@type":"WebSite","@id":"https:\/\/eheating.lt\/#website","url":"https:\/\/eheating.lt\/","name":"eHeating","description":"Elektronika ir \u0161ildymas","potentialAction":[{"@type":"SearchAction","target":{"@type":"EntryPoint","urlTemplate":"https:\/\/eheating.lt\/?s={search_term_string}"},"query-input":{"@type":"PropertyValueSpecification","valueRequired":true,"valueName":"search_term_string"}}],"inLanguage":"en-US"}]},"product_price_amount":"9486.64","product_price_currency":"EUR","og_availability":"backorder","product_availability":"available for order","product_retailer_item_id":"4136b274ebe6","product_condition":"new"},"_links":{"self":[{"href":"https:\/\/eheating.lt\/en\/wp-json\/wp\/v2\/product\/18922","targetHints":{"allow":["GET"]}}],"collection":[{"href":"https:\/\/eheating.lt\/en\/wp-json\/wp\/v2\/product"}],"about":[{"href":"https:\/\/eheating.lt\/en\/wp-json\/wp\/v2\/types\/product"}],"replies":[{"embeddable":true,"href":"https:\/\/eheating.lt\/en\/wp-json\/wp\/v2\/comments?post=18922"}],"version-history":[{"count":0,"href":"https:\/\/eheating.lt\/en\/wp-json\/wp\/v2\/product\/18922\/revisions"}],"wp:featuredmedia":[{"embeddable":true,"href":"https:\/\/eheating.lt\/en\/wp-json\/wp\/v2\/media\/28012"}],"wp:attachment":[{"href":"https:\/\/eheating.lt\/en\/wp-json\/wp\/v2\/media?parent=18922"}],"wp:term":[{"taxonomy":"product_brand","embeddable":true,"href":"https:\/\/eheating.lt\/en\/wp-json\/wp\/v2\/product_brand?post=18922"},{"taxonomy":"product_cat","embeddable":true,"href":"https:\/\/eheating.lt\/en\/wp-json\/wp\/v2\/product_cat?post=18922"},{"taxonomy":"product_tag","embeddable":true,"href":"https:\/\/eheating.lt\/en\/wp-json\/wp\/v2\/product_tag?post=18922"}],"curies":[{"name":"wp","href":"https:\/\/api.w.org\/{rel}","templated":true}]}}