{"id":18920,"date":"2023-11-13T21:33:43","date_gmt":"2023-11-13T19:33:43","guid":{"rendered":"https:\/\/eheating.lt\/?post_type=product&#038;p=18920"},"modified":"2024-10-18T17:17:17","modified_gmt":"2024-10-18T14:17:17","slug":"hikvision-ptz-ds-2de4425iw-de","status":"publish","type":"product","link":"https:\/\/eheating.lt\/en\/produktas\/hikvision-ptz-ds-2de4425iw-de\/","title":{"rendered":"Hikvision PTZ DS-2DE4425IW-DE"},"content":{"rendered":"<table>\n<tbody>\n<tr>\n<th colspan=\"2\">Kamera<\/th>\n<\/tr>\n<tr>\n<td class=\"td1\">Sensorius<\/td>\n<td>1\/2.5&#8243; progressive scan CMOS<\/td>\n<\/tr>\n<tr>\n<td class=\"td1\">Efektyv\u016bs ta\u0161kai<\/td>\n<td>2560(H)\u00d71440(V)<\/td>\n<\/tr>\n<tr>\n<td class=\"td1\">Signalo sistema<\/td>\n<td>PAL\/NTSC<\/td>\n<\/tr>\n<tr>\n<td class=\"td1\">Min. ap\u0161vietimas<\/td>\n<td>Color: 0.005 Lux @(F1.6, AGC ON)<br \/>\nB\/W: 0.001 Lux @(F1.6, AGC ON)<br \/>\n0 Lux with IR<\/td>\n<\/tr>\n<tr>\n<td class=\"td1\">Baltos spalvos balansas<\/td>\n<td>Auto\/Manual\/ATW (Auto-Tracking White Balance)\/Indoor\/Outdoor\/Fluorescent Lamp\/Sodium Lamp<\/td>\n<\/tr>\n<tr>\n<td class=\"td1\">AGC<\/td>\n<td>Auto\/Manual<\/td>\n<\/tr>\n<tr>\n<td class=\"td1\">BLC<\/td>\n<td>ON\/OFF<\/td>\n<\/tr>\n<tr>\n<td class=\"td1\">HLC<\/td>\n<td>Support<\/td>\n<\/tr>\n<tr>\n<td class=\"td1\">I\u0161mani rasojimo funkcija<\/td>\n<td>Support<\/td>\n<\/tr>\n<tr>\n<td class=\"td1\">WDR<\/td>\n<td>120dB<\/td>\n<\/tr>\n<tr>\n<td class=\"td1\">U\u017erakto laikas<\/td>\n<td>1\/1 to 1\/30,000s<\/td>\n<\/tr>\n<tr>\n<td class=\"td1\">Diena\/naktis<\/td>\n<td>ICR<\/td>\n<\/tr>\n<tr>\n<td class=\"td1\">Skaitmeninis artinimas<\/td>\n<td>16\u00d7<\/td>\n<\/tr>\n<tr>\n<td class=\"td1\">Automatinis fokusavimas<\/td>\n<td>Auto \/ Semi-automatic \/ Manual<\/td>\n<\/tr>\n<tr>\n<th colspan=\"2\">Objektyvas<\/th>\n<\/tr>\n<tr>\n<td class=\"td1\">Objektyvas<\/td>\n<td>4.8 mm to 120 mm, 25\u00d7 optical<\/td>\n<\/tr>\n<tr>\n<td class=\"td1\">Artinimo greitis<\/td>\n<td>Approx. 3.6 s (optical lens, wide-tele)<\/td>\n<\/tr>\n<tr>\n<td class=\"td1\">Matymo kampas<\/td>\n<td>Horizontal field of view: 59.5\u00b0 to 2.6\u00b0 (Wide-Tele)<br \/>\nVertical field of view: 35.7\u00b0 to 1.5\u00b0 (Wide-Tele)<br \/>\nDiagonal field of view: 66.6 to 3.0\u00b0 (Wide-Tele)<\/td>\n<\/tr>\n<tr>\n<td class=\"td1\">Min. veikimo atstumas<\/td>\n<td>10 to 1500mm (wide-tele)<\/td>\n<\/tr>\n<tr>\n<td class=\"td1\">Diafragmos diapazonas<\/td>\n<td>F1.6 to F3.5<\/td>\n<\/tr>\n<tr>\n<th colspan=\"2\">Vertikalus ir horizontalus reguliavimas<\/th>\n<\/tr>\n<tr>\n<td class=\"td1\">Horizontalus reguliavimas<\/td>\n<td>360\u00b0endless<\/td>\n<\/tr>\n<tr>\n<td class=\"td1\">Horizontalaus reguliavimo greitis<\/td>\n<td>Configurable, from 0.1\u00b0\/s to 80\u00b0\/s,<br \/>\nPreset speed: 80\u00b0\/s<\/td>\n<\/tr>\n<tr>\n<td class=\"td1\">Vertikalus reguliavimas<\/td>\n<td>-15\u00b0-90\u00b0 (Auto Flip )<\/td>\n<\/tr>\n<tr>\n<td class=\"td1\">Vertikalaus reguliavimo greitis<\/td>\n<td>Configurable, from 0.1\u00b0\/s to 80\u00b0\/s,<br \/>\nPreset speed: 80\u00b0\/s<\/td>\n<\/tr>\n<tr>\n<td class=\"td1\">Proporcinis artinimas<\/td>\n<td>Rotation speed can be adjusted automatically according to zoom multiples<\/td>\n<\/tr>\n<tr>\n<td class=\"td1\">Numatytasis skai\u010dius<\/td>\n<td>300<\/td>\n<\/tr>\n<tr>\n<td class=\"td1\">Patruliavimas<\/td>\n<td>8 patrols, up to 32 presets for each patrol<\/td>\n<\/tr>\n<tr>\n<td class=\"td1\">Atmintis po i\u0161jungimo<\/td>\n<td>Support<\/td>\n<\/tr>\n<tr>\n<td class=\"td1\">Parkavimo veiksmai<\/td>\n<td>Preset\/Pattern Scan\/Patrol Scan\/Auto Scan\/Tilt Scan\/Random Scan\/Frame Scan\/Panorama Scan<\/td>\n<\/tr>\n<tr>\n<td class=\"td1\">PTZ pozicijos rodymas<\/td>\n<td>ON\/OFF<\/td>\n<\/tr>\n<tr>\n<th colspan=\"2\">IR ap\u0161vietimas<\/th>\n<\/tr>\n<tr>\n<td class=\"td1\">IR ap\u0161vietimo atstumas<\/td>\n<td>100m<\/td>\n<\/tr>\n<tr>\n<td class=\"td1\">IR ap\u0161vietimo kampas<\/td>\n<td>Adjustable by zoom<\/td>\n<\/tr>\n<tr>\n<th colspan=\"2\">\u012evestis\/i\u0161vestis<\/th>\n<\/tr>\n<tr>\n<td class=\"td1\">Garso \u012fvestis<\/td>\n<td>1-ch audio input<\/td>\n<\/tr>\n<tr>\n<td class=\"td1\">Garso i\u0161vestis<\/td>\n<td>1-ch audio output<\/td>\n<\/tr>\n<tr>\n<th colspan=\"2\">Tinklas<\/th>\n<\/tr>\n<tr>\n<td class=\"td1\">Tinklas<\/td>\n<td>10Base -T, \/100Base-TX, RJ45 Connector<\/td>\n<\/tr>\n<tr>\n<td class=\"td1\">Maks. vaizdo rai\u0161ka<\/td>\n<td>2560 \u00d7 1440<\/td>\n<\/tr>\n<tr>\n<td class=\"td1\">Pagr. srautas<\/td>\n<td>50Hz: 25fps (2560 \u00d7 1440, 2048 \u00d7 1536, 1920 \u00d7 1080, 1280 \u00d7 960, 1280 \u00d7 720)<br \/>\n50fps (1920 \u00d7 1080, 1280 \u00d7 960, 1280 \u00d7 720)<br \/>\n60Hz: 30fps (2560 \u00d7 1440, 2048 \u00d7 1536, 1920 \u00d7 1080, 1280 \u00d7 960, 1280 \u00d7 720)<br \/>\n60fps (1920 \u00d7 1080, 1280 \u00d7 960, 1280 \u00d7 720)<\/td>\n<\/tr>\n<tr>\n<td class=\"td1\">Antrinis srautas<\/td>\n<td>50Hz: 25fps(704\u00d7576, 640&#215;480,352\u00d7288); 60Hz: 30fps(704\u00d7480, 640&#215;480,352\u00d7240)<\/td>\n<\/tr>\n<tr>\n<td class=\"td1\">Tre\u010dias srautas<\/td>\n<td>50Hz: 25fps(1920\u00d71080, 1280\u00d7960, 1280\u00d7720, 704\u00d7576, 640&#215;480,352\u00d7288)<br \/>\n60Hz: 30fps(1920\u00d71080, 1280\u00d7960, 1280\u00d7720, 704\u00d7576, 640&#215;480,352\u00d7288)<\/td>\n<\/tr>\n<tr>\n<td class=\"td1\">Vaizdo suspaudimas<\/td>\n<td>Main Stream: H.265+\/H.265\/H.264+\/H.264<br \/>\nSub-Stream: H.265\/H.264\/MJPEG<br \/>\nThird Stream: H.265\/H.264\/MJPEG<\/td>\n<\/tr>\n<tr>\n<td class=\"td1\">ROI kodavimas<\/td>\n<td>Support 4 areas with adjustable levels<\/td>\n<\/tr>\n<tr>\n<td class=\"td1\">Garso suspaudimas<\/td>\n<td>G.711alaw\/G.711ulaw\/G.722.1\/G.726\/MP2L2\/PCM<\/td>\n<\/tr>\n<tr>\n<td class=\"td1\">Protokolai<\/td>\n<td>IPv4\/IPv6, HTTP, HTTPS, 802.1x, Qos, FTP, SMTP, UPnP, SNMP, DNS, DDNS, NTP, RTSP, RTCP, RTP, TCP, UDP, IGMP, ICMP, DHCP, PPPoE, Bonjour<\/td>\n<\/tr>\n<tr>\n<td class=\"td1\">Vartotoj\u0173 vienu metu skai\u010dius<\/td>\n<td>Up to 20 users<\/td>\n<\/tr>\n<tr>\n<td class=\"td1\">Trys srautai<\/td>\n<td>Support<\/td>\n<\/tr>\n<tr>\n<td class=\"td1\">Mini SD kortel\u0117<\/td>\n<td>Built-in memory card slot, support Micro SD\/SDHC\/SDXC, up to 256 GB<\/td>\n<\/tr>\n<tr>\n<td class=\"td1\">Apsauga<\/td>\n<td>User Authentication (User ID and Password), Host Authentication (MAC address), HTTPS Encryption, IEEE 802.1x Port-Based Network Access control, IP address Filtering<\/td>\n<\/tr>\n<tr>\n<th colspan=\"2\">Kliento GUI<\/th>\n<\/tr>\n<tr>\n<td class=\"td1\">Klientas<\/td>\n<td>iVMS-4200, iVMS-4500, iVMS-5200, Hik-Connect<\/td>\n<\/tr>\n<tr>\n<th colspan=\"2\">Pagrindin\u0117s savyb\u0117s<\/th>\n<\/tr>\n<tr>\n<td class=\"td1\">Maitinimas<\/td>\n<td>12VDC, PoE+<\/td>\n<\/tr>\n<tr>\n<td class=\"td1\">Energijos suvartojimas<\/td>\n<td>Max.: 18W (IR light 7W Max.)<\/td>\n<\/tr>\n<tr>\n<td class=\"td1\">Veikimo s\u0105lygos<\/td>\n<td>Outdoor: -30\u00b0C to 65\u00b0C (-22\u00b0F to 149\u00b0F)<br \/>\nHumidity:\u2264 90%<\/td>\n<\/tr>\n<tr>\n<td class=\"td1\">IP apsaugos lygis<\/td>\n<td>IP66 standard (outdoor dome)<br \/>\nTVS 4,000V lightning protection, surge protection and voltage transient protection<\/td>\n<\/tr>\n<tr>\n<td class=\"td1\">Korpusas<\/td>\n<td>ADC 12, PC+10% GF<\/td>\n<\/tr>\n<tr>\n<td class=\"td1\">I\u0161matavimai<\/td>\n<td>\u03a6 164.5 mm \u00d7 290 mm (\u03a6 6.48&#8243; \u00d7 11.42&#8243;)<\/td>\n<\/tr>\n<tr>\n<td class=\"td1\">Svoris<\/td>\n<td>Approx. 2.45kg (5.40lb)<\/td>\n<\/tr>\n<\/tbody>\n<\/table>\n","protected":false},"excerpt":{"rendered":"<ul>\n<li>4MP 25x IP IR PTZ kamera<\/li>\n<li>Iki 2560\u00a0\u00d7 1440 @30fps rai\u0161ka<\/li>\n<li>25\u00d7 optinis artinimas, 16\u00d7 skaitmeninis artinimas<\/li>\n<li>Iki 100 m IR ap\u0161vietimas<\/li>\n<li>IP66<\/li>\n<\/ul>\n","protected":false},"featured_media":28010,"comment_status":"closed","ping_status":"closed","template":"","meta":[],"product_brand":[],"product_cat":[534,533,476],"product_tag":[],"class_list":{"0":"post-18920","1":"product","2":"type-product","3":"status-publish","4":"has-post-thumbnail","6":"product_cat-ip-kameros","7":"product_cat-ip-vaizdo-stebejimo-sistemos","8":"product_cat-ip-ptz-kameros","10":"first","11":"onbackorder","12":"purchasable","13":"product-type-simple"},"yoast_head":"<!-- This site is optimized with the Yoast SEO Premium plugin v21.5 (Yoast SEO v27.4) - https:\/\/yoast.com\/product\/yoast-seo-premium-wordpress\/ -->\n<title>Hikvision PTZ DS-2DE4425IW-DE<\/title>\n<meta name=\"description\" content=\"Hikvision PTZ DS-2DE4425IW-DE IP kamera ; 25\u00d7 optinis artinimas, 16\u00d7 skaitmeninis artinimas ; Rai\u0161ka - 4MP ; Iki 100 m IR ap\u0161vietimas\" \/>\n<meta name=\"robots\" content=\"index, follow, max-snippet:-1, max-image-preview:large, max-video-preview:-1\" \/>\n<link rel=\"canonical\" href=\"https:\/\/eheating.lt\/en\/produktas\/hikvision-ptz-ds-2de4425iw-de\/\" \/>\n<meta property=\"og:locale\" content=\"en_US\" \/>\n<meta property=\"og:type\" content=\"article\" \/>\n<meta property=\"og:title\" content=\"Hikvision PTZ DS-2DE4425IW-DE\" \/>\n<meta property=\"og:description\" content=\"Hikvision PTZ DS-2DE4425IW-DE IP kamera ; 25\u00d7 optinis artinimas, 16\u00d7 skaitmeninis artinimas ; Rai\u0161ka - 4MP ; Iki 100 m IR ap\u0161vietimas\" \/>\n<meta property=\"og:url\" content=\"https:\/\/eheating.lt\/en\/produktas\/hikvision-ptz-ds-2de4425iw-de\/\" \/>\n<meta property=\"og:site_name\" content=\"Elektronika Namams\" \/>\n<meta property=\"article:publisher\" content=\"https:\/\/www.facebook.com\/ElektronikaNamams\" \/>\n<meta property=\"article:modified_time\" content=\"2024-10-18T14:17:17+00:00\" \/>\n<meta property=\"og:image\" content=\"https:\/\/eheating.lt\/wp-content\/uploads\/2023\/10\/Hikvision-PTZ-DS-2DE4425IW-DE.png\" \/>\n\t<meta property=\"og:image:width\" content=\"800\" \/>\n\t<meta property=\"og:image:height\" content=\"800\" \/>\n\t<meta property=\"og:image:type\" content=\"image\/png\" \/>\n<meta name=\"twitter:card\" content=\"summary_large_image\" \/>\n<meta name=\"twitter:label1\" content=\"Price\" \/>\n\t<meta name=\"twitter:data1\" content=\"918,22&nbsp;&euro;\" \/>\n\t<meta name=\"twitter:label2\" content=\"Availability\" \/>\n\t<meta name=\"twitter:data2\" content=\"On backorder\" \/>\n<script type=\"application\/ld+json\" class=\"yoast-schema-graph\">{\"@context\":\"https:\\\/\\\/schema.org\",\"@graph\":[{\"@type\":\"WebPage\",\"@id\":\"https:\\\/\\\/eheating.lt\\\/en\\\/produktas\\\/hikvision-ptz-ds-2de4425iw-de\\\/\",\"url\":\"https:\\\/\\\/eheating.lt\\\/en\\\/produktas\\\/hikvision-ptz-ds-2de4425iw-de\\\/\",\"name\":\"Hikvision PTZ DS-2DE4425IW-DE\",\"isPartOf\":{\"@id\":\"https:\\\/\\\/eheating.lt\\\/#website\"},\"primaryImageOfPage\":{\"@id\":\"https:\\\/\\\/eheating.lt\\\/en\\\/produktas\\\/hikvision-ptz-ds-2de4425iw-de\\\/#primaryimage\"},\"image\":{\"@id\":\"https:\\\/\\\/eheating.lt\\\/en\\\/produktas\\\/hikvision-ptz-ds-2de4425iw-de\\\/#primaryimage\"},\"thumbnailUrl\":\"https:\\\/\\\/eheating.lt\\\/wp-content\\\/uploads\\\/2023\\\/10\\\/Hikvision-PTZ-DS-2DE4425IW-DE.png\",\"datePublished\":\"2023-11-13T19:33:43+00:00\",\"dateModified\":\"2024-10-18T14:17:17+00:00\",\"description\":\"Hikvision PTZ DS-2DE4425IW-DE IP kamera ; 25\u00d7 optinis artinimas, 16\u00d7 skaitmeninis artinimas ; Rai\u0161ka - 4MP ; Iki 100 m IR ap\u0161vietimas\",\"breadcrumb\":{\"@id\":\"https:\\\/\\\/eheating.lt\\\/en\\\/produktas\\\/hikvision-ptz-ds-2de4425iw-de\\\/#breadcrumb\"},\"inLanguage\":\"en-US\",\"potentialAction\":[{\"@type\":\"ReadAction\",\"target\":[\"https:\\\/\\\/eheating.lt\\\/en\\\/produktas\\\/hikvision-ptz-ds-2de4425iw-de\\\/\"]}]},{\"@type\":\"ImageObject\",\"inLanguage\":\"en-US\",\"@id\":\"https:\\\/\\\/eheating.lt\\\/en\\\/produktas\\\/hikvision-ptz-ds-2de4425iw-de\\\/#primaryimage\",\"url\":\"https:\\\/\\\/eheating.lt\\\/wp-content\\\/uploads\\\/2023\\\/10\\\/Hikvision-PTZ-DS-2DE4425IW-DE.png\",\"contentUrl\":\"https:\\\/\\\/eheating.lt\\\/wp-content\\\/uploads\\\/2023\\\/10\\\/Hikvision-PTZ-DS-2DE4425IW-DE.png\",\"width\":800,\"height\":800,\"caption\":\"Hikvision PTZ DS-2DE4425IW-DE\"},{\"@type\":\"BreadcrumbList\",\"@id\":\"https:\\\/\\\/eheating.lt\\\/en\\\/produktas\\\/hikvision-ptz-ds-2de4425iw-de\\\/#breadcrumb\",\"itemListElement\":[{\"@type\":\"ListItem\",\"position\":1,\"name\":\"Prad\u017eia\",\"item\":\"https:\\\/\\\/eheating.lt\\\/en\\\/\"},{\"@type\":\"ListItem\",\"position\":2,\"name\":\"Shop\",\"item\":\"https:\\\/\\\/eheating.lt\\\/en\\\/?page_id=5734\"},{\"@type\":\"ListItem\",\"position\":3,\"name\":\"Hikvision PTZ DS-2DE4425IW-DE\"}]},{\"@type\":\"WebSite\",\"@id\":\"https:\\\/\\\/eheating.lt\\\/#website\",\"url\":\"https:\\\/\\\/eheating.lt\\\/\",\"name\":\"eHeating\",\"description\":\"Elektronika ir \u0161ildymas\",\"potentialAction\":[{\"@type\":\"SearchAction\",\"target\":{\"@type\":\"EntryPoint\",\"urlTemplate\":\"https:\\\/\\\/eheating.lt\\\/?s={search_term_string}\"},\"query-input\":{\"@type\":\"PropertyValueSpecification\",\"valueRequired\":true,\"valueName\":\"search_term_string\"}}],\"inLanguage\":\"en-US\"}]}<\/script>\n<meta property=\"product:price:amount\" content=\"918.22\" \/>\n<meta property=\"product:price:currency\" content=\"EUR\" \/>\n<meta property=\"og:availability\" content=\"backorder\" \/>\n<meta property=\"product:availability\" content=\"available for order\" \/>\n<meta property=\"product:retailer_item_id\" content=\"e47b9ab7d138\" \/>\n<meta property=\"product:condition\" content=\"new\" \/>\n<!-- \/ Yoast SEO Premium plugin. -->","yoast_head_json":{"title":"Hikvision PTZ DS-2DE4425IW-DE","description":"Hikvision PTZ DS-2DE4425IW-DE IP kamera ; 25\u00d7 optinis artinimas, 16\u00d7 skaitmeninis artinimas ; Rai\u0161ka - 4MP ; Iki 100 m IR ap\u0161vietimas","robots":{"index":"index","follow":"follow","max-snippet":"max-snippet:-1","max-image-preview":"max-image-preview:large","max-video-preview":"max-video-preview:-1"},"canonical":"https:\/\/eheating.lt\/en\/produktas\/hikvision-ptz-ds-2de4425iw-de\/","og_locale":"en_US","og_type":"article","og_title":"Hikvision PTZ DS-2DE4425IW-DE","og_description":"Hikvision PTZ DS-2DE4425IW-DE IP kamera ; 25\u00d7 optinis artinimas, 16\u00d7 skaitmeninis artinimas ; Rai\u0161ka - 4MP ; Iki 100 m IR ap\u0161vietimas","og_url":"https:\/\/eheating.lt\/en\/produktas\/hikvision-ptz-ds-2de4425iw-de\/","og_site_name":"Elektronika Namams","article_publisher":"https:\/\/www.facebook.com\/ElektronikaNamams","article_modified_time":"2024-10-18T14:17:17+00:00","og_image":[{"width":800,"height":800,"url":"https:\/\/eheating.lt\/wp-content\/uploads\/2023\/10\/Hikvision-PTZ-DS-2DE4425IW-DE.png","type":"image\/png"}],"twitter_card":"summary_large_image","twitter_misc":{"Price":"918,22&nbsp;&euro;","Availability":"On backorder"},"schema":{"@context":"https:\/\/schema.org","@graph":[{"@type":"WebPage","@id":"https:\/\/eheating.lt\/en\/produktas\/hikvision-ptz-ds-2de4425iw-de\/","url":"https:\/\/eheating.lt\/en\/produktas\/hikvision-ptz-ds-2de4425iw-de\/","name":"Hikvision PTZ DS-2DE4425IW-DE","isPartOf":{"@id":"https:\/\/eheating.lt\/#website"},"primaryImageOfPage":{"@id":"https:\/\/eheating.lt\/en\/produktas\/hikvision-ptz-ds-2de4425iw-de\/#primaryimage"},"image":{"@id":"https:\/\/eheating.lt\/en\/produktas\/hikvision-ptz-ds-2de4425iw-de\/#primaryimage"},"thumbnailUrl":"https:\/\/eheating.lt\/wp-content\/uploads\/2023\/10\/Hikvision-PTZ-DS-2DE4425IW-DE.png","datePublished":"2023-11-13T19:33:43+00:00","dateModified":"2024-10-18T14:17:17+00:00","description":"Hikvision PTZ DS-2DE4425IW-DE IP kamera ; 25\u00d7 optinis artinimas, 16\u00d7 skaitmeninis artinimas ; Rai\u0161ka - 4MP ; Iki 100 m IR ap\u0161vietimas","breadcrumb":{"@id":"https:\/\/eheating.lt\/en\/produktas\/hikvision-ptz-ds-2de4425iw-de\/#breadcrumb"},"inLanguage":"en-US","potentialAction":[{"@type":"ReadAction","target":["https:\/\/eheating.lt\/en\/produktas\/hikvision-ptz-ds-2de4425iw-de\/"]}]},{"@type":"ImageObject","inLanguage":"en-US","@id":"https:\/\/eheating.lt\/en\/produktas\/hikvision-ptz-ds-2de4425iw-de\/#primaryimage","url":"https:\/\/eheating.lt\/wp-content\/uploads\/2023\/10\/Hikvision-PTZ-DS-2DE4425IW-DE.png","contentUrl":"https:\/\/eheating.lt\/wp-content\/uploads\/2023\/10\/Hikvision-PTZ-DS-2DE4425IW-DE.png","width":800,"height":800,"caption":"Hikvision PTZ DS-2DE4425IW-DE"},{"@type":"BreadcrumbList","@id":"https:\/\/eheating.lt\/en\/produktas\/hikvision-ptz-ds-2de4425iw-de\/#breadcrumb","itemListElement":[{"@type":"ListItem","position":1,"name":"Prad\u017eia","item":"https:\/\/eheating.lt\/en\/"},{"@type":"ListItem","position":2,"name":"Shop","item":"https:\/\/eheating.lt\/en\/?page_id=5734"},{"@type":"ListItem","position":3,"name":"Hikvision PTZ DS-2DE4425IW-DE"}]},{"@type":"WebSite","@id":"https:\/\/eheating.lt\/#website","url":"https:\/\/eheating.lt\/","name":"eHeating","description":"Elektronika ir \u0161ildymas","potentialAction":[{"@type":"SearchAction","target":{"@type":"EntryPoint","urlTemplate":"https:\/\/eheating.lt\/?s={search_term_string}"},"query-input":{"@type":"PropertyValueSpecification","valueRequired":true,"valueName":"search_term_string"}}],"inLanguage":"en-US"}]},"product_price_amount":"918.22","product_price_currency":"EUR","og_availability":"backorder","product_availability":"available for order","product_retailer_item_id":"e47b9ab7d138","product_condition":"new"},"_links":{"self":[{"href":"https:\/\/eheating.lt\/en\/wp-json\/wp\/v2\/product\/18920","targetHints":{"allow":["GET"]}}],"collection":[{"href":"https:\/\/eheating.lt\/en\/wp-json\/wp\/v2\/product"}],"about":[{"href":"https:\/\/eheating.lt\/en\/wp-json\/wp\/v2\/types\/product"}],"replies":[{"embeddable":true,"href":"https:\/\/eheating.lt\/en\/wp-json\/wp\/v2\/comments?post=18920"}],"version-history":[{"count":0,"href":"https:\/\/eheating.lt\/en\/wp-json\/wp\/v2\/product\/18920\/revisions"}],"wp:featuredmedia":[{"embeddable":true,"href":"https:\/\/eheating.lt\/en\/wp-json\/wp\/v2\/media\/28010"}],"wp:attachment":[{"href":"https:\/\/eheating.lt\/en\/wp-json\/wp\/v2\/media?parent=18920"}],"wp:term":[{"taxonomy":"product_brand","embeddable":true,"href":"https:\/\/eheating.lt\/en\/wp-json\/wp\/v2\/product_brand?post=18920"},{"taxonomy":"product_cat","embeddable":true,"href":"https:\/\/eheating.lt\/en\/wp-json\/wp\/v2\/product_cat?post=18920"},{"taxonomy":"product_tag","embeddable":true,"href":"https:\/\/eheating.lt\/en\/wp-json\/wp\/v2\/product_tag?post=18920"}],"curies":[{"name":"wp","href":"https:\/\/api.w.org\/{rel}","templated":true}]}}