{"id":18918,"date":"2023-11-13T21:48:57","date_gmt":"2023-11-13T19:48:57","guid":{"rendered":"https:\/\/eheating.lt\/?post_type=product&#038;p=18918"},"modified":"2024-07-11T18:54:29","modified_gmt":"2024-07-11T15:54:29","slug":"hilook-nvr-104mh-c-4p-4-kanalu-nvr","status":"publish","type":"product","link":"https:\/\/eheating.lt\/en\/produktas\/hilook-nvr-104mh-c-4p-4-kanalu-nvr\/","title":{"rendered":"HiLook NVR-104MH-C\/4P 4 kanal\u0173 NVR"},"content":{"rendered":"<table style=\"width: 850px;\" border=\"0\">\n<colgroup>\n<col \/>\n<col \/> <\/colgroup>\n<tbody>\n<tr>\n<td class=\"xl67\">IP vaizdo \u012fvestis<\/td>\n<td class=\"xl66\">4<\/td>\n<\/tr>\n<tr>\n<td class=\"xl65\"><\/td>\n<td>Iki 8 MP rai\u0161ka<\/td>\n<\/tr>\n<tr>\n<td class=\"xl65\">Dvipusis garsas<\/td>\n<td>1 kanalas, RCA (2,0 Vp-p, 1 k \u03a9)<\/td>\n<\/tr>\n<tr>\n<td class=\"xl65\">Gaunamas pralaidumas<\/td>\n<td>40 Mbps<\/td>\n<\/tr>\n<tr>\n<td class=\"xl65\">I\u0161einantis pralaidumas<\/td>\n<td>80 Mbps<\/td>\n<\/tr>\n<tr>\n<td class=\"xl65\">\u012era\u0161ymo skiriamoji geba<\/td>\n<td class=\"xl68\">8 MP\/6 MP\/5 MP\/4 MP\/3 MP\/1080p\/UXGA\/720p\/VGA\/4CIF\/DCIF\/ 2CIF\/CIF\/QCIF<\/td>\n<\/tr>\n<tr>\n<td class=\"xl65\">HDMI i\u0161vesties skiriamoji geba<\/td>\n<td class=\"xl67\">1 kanal\u0173, 4K (3840 \u00d7 2160) \/ 30Hz, 1920 \u00d7 1080p \/ 60Hz, 1600 \u00d7 1200 \/ 60Hz, 1280 \u00d7 1024 \/ 60Hz, 1280 \u00d7 720 \/ 60Hz, 1024 \u00d7 768 \/ 60Hz;<br \/>\nHDMI \/ VGA vienu metu i\u0161vestis<\/td>\n<\/tr>\n<tr>\n<td class=\"xl65\">VGA i\u0161vesties skiriamoji geba<\/td>\n<td class=\"xl67\">1 kanal\u0173, 1920 \u00d7 1080p \/ 60Hz, 1600 \u00d7 1200 \/ 60Hz, 1280 \u00d7 1024 \/ 60Hz, 1280 \u00d7 720 \/ 60Hz, 1024 \u00d7 768 \/ 60Hz;<br \/>\nHDMI \/ VGA vienu metu i\u0161vestis<\/td>\n<\/tr>\n<tr>\n<td class=\"xl65\">Garso i\u0161vestis<\/td>\n<td>1 kanalas, RCA (tiesinis, 1 K\u03a9)<\/td>\n<\/tr>\n<tr>\n<td class=\"xl65\">Dekodavimo formatas<\/td>\n<td>H.265 \/ H.265 + \/ H.264 \/ H.264 + \/ MPEG4<\/td>\n<\/tr>\n<tr>\n<td class=\"xl65\">Tiesioginis vaizdas \/ atk\u016brimo skiriamoji geba<\/td>\n<td>8 MP \/ 6 MP \/ 5 MP \/ 4 MP \/ 3 MP \/ 1080p \/ UXGA \/ 720p \/ VGA \/ 4CIF \/ DCIF \/ 2CIF \/ CIF \/ QCIF<\/td>\n<\/tr>\n<tr>\n<td class=\"xl65\">Sinchroninis atk\u016brimas<\/td>\n<td class=\"xl66\">4 kanalai<\/td>\n<\/tr>\n<tr>\n<td class=\"xl67\">Galimyb\u0117s<\/td>\n<td class=\"xl66\">1 kanalas @ 8 MP \/ 4 kanal\u0173 @ 1080p<\/td>\n<\/tr>\n<tr>\n<td class=\"xl65\">Tinklo protokolai<\/td>\n<td>TCP \/ IP, DHCP, \u201eHik-Connect\u201c, DNS, DDNS, NTP, SADP, SMTP, NFS, iSCSI, UPnP \u2122, HTTPS<\/td>\n<\/tr>\n<tr>\n<td class=\"xl66\">SATA<\/td>\n<td class=\"xl66\">1 SATA s\u0105saja<\/td>\n<\/tr>\n<tr>\n<td>Talpa<\/td>\n<td class=\"xl66\">Iki 6TB<\/td>\n<\/tr>\n<tr>\n<td>Tinklo s\u0105saja<\/td>\n<td>1, RJ-45 10\/100\/1000 Mbps savaime pritaikoma Ethernet s\u0105saja<\/td>\n<\/tr>\n<tr>\n<td>USB s\u0105saja<\/td>\n<td>2 \u00d7 USB 2.0<\/td>\n<\/tr>\n<tr>\n<td>S\u0105saja<\/td>\n<td class=\"xl66\">4, RJ-45 10\/100 Mbps savaime prisitaikanti Ethernet s\u0105saja<\/td>\n<\/tr>\n<tr>\n<td class=\"xl66\">POE Galia<\/td>\n<td>\u2264 50W<\/td>\n<\/tr>\n<tr>\n<td class=\"xl66\">Standartas<\/td>\n<td>IEEE 802.3 af \/ at<\/td>\n<\/tr>\n<tr>\n<td>Maitinimo \u0161altinis<\/td>\n<td>48 VDC<\/td>\n<\/tr>\n<tr>\n<td>Galia<\/td>\n<td>\u2264 65 W<\/td>\n<\/tr>\n<tr>\n<td>Vartojimas (be kietojo disko)<\/td>\n<td>\u2264 10 W (ne\u012fjungus PoE)<\/td>\n<\/tr>\n<tr>\n<td>Darbin\u0117 temperat\u016bra<\/td>\n<td class=\"xl66\">Nuo -10 iki + 55\u00b0C<\/td>\n<\/tr>\n<tr>\n<td>Darbin\u0117 dr\u0117gm\u0117<\/td>\n<td>Nuo 10 iki 90%<\/td>\n<\/tr>\n<tr>\n<td class=\"xl66\">Korpusas<\/td>\n<td class=\"xl66\">1U<\/td>\n<\/tr>\n<tr>\n<td>Matmenys (plotis \u00d7 gylis \u00d7 auk\u0161tis)<\/td>\n<td class=\"xl66\">315 \u00d7 240 \u00d7 48 mm<\/td>\n<\/tr>\n<tr>\n<td>Svoris (be kietojo disko)<\/td>\n<td class=\"xl66\">\u2264 1 kg<\/td>\n<\/tr>\n<\/tbody>\n<\/table>\n","protected":false},"excerpt":{"rendered":"<ul>\n<li>4 kanal\u0173, IP vaizdo \u012fvestis<\/li>\n<li>1 SATA s\u0105saja, iki 6 TB<\/li>\n<li>4 kanalai POE<\/li>\n<li>HDMI ir VGA nepriklausomi i\u0161\u0117jimai<\/li>\n<li>I\u0161einantis pralaidumas 80Mbps<\/li>\n<li>H.265 + \/ H.265 \/ H.264 \/ H.264 + vaizdo formatai<\/li>\n<\/ul>\n","protected":false},"featured_media":28164,"comment_status":"closed","ping_status":"closed","template":"","meta":[],"product_brand":[],"product_cat":[486,533,440],"product_tag":[],"class_list":{"0":"post-18918","1":"product","2":"type-product","3":"status-publish","4":"has-post-thumbnail","6":"product_cat-4-kanalu-nvr","7":"product_cat-ip-vaizdo-stebejimo-sistemos","8":"product_cat-ip-vaizdo-irasymo-irenginiai","10":"first","11":"outofstock","12":"purchasable","13":"product-type-simple"},"yoast_head":"<!-- This site is optimized with the Yoast SEO Premium plugin v21.5 (Yoast SEO v27.3) - https:\/\/yoast.com\/product\/yoast-seo-premium-wordpress\/ -->\n<title>HiLook NVR-104MH-C\/4P 4 kanal\u0173 NVR<\/title>\n<meta name=\"description\" content=\"HiLook NVR-104MH-C\/4P ; 4 kanalai POE ; Iki 80 Mbps i\u0161einantis pralaidumas ; 1 SATA s\u0105saja iki 6 TB ; HDMI ir VGA nepriklausomi i\u0161\u0117jimai\" \/>\n<meta name=\"robots\" content=\"index, follow, max-snippet:-1, max-image-preview:large, max-video-preview:-1\" \/>\n<link rel=\"canonical\" href=\"https:\/\/eheating.lt\/produktas\/hilook-nvr-104mh-c-4p-4-kanalu-nvr\/\" \/>\n<meta property=\"og:locale\" content=\"en_US\" \/>\n<meta property=\"og:type\" content=\"article\" \/>\n<meta property=\"og:title\" content=\"HiLook NVR-104MH-C\/4P 4 kanal\u0173 NVR\" \/>\n<meta property=\"og:description\" content=\"HiLook NVR-104MH-C\/4P ; 4 kanalai POE ; Iki 80 Mbps i\u0161einantis pralaidumas ; 1 SATA s\u0105saja iki 6 TB ; HDMI ir VGA nepriklausomi i\u0161\u0117jimai\" \/>\n<meta property=\"og:url\" content=\"https:\/\/eheating.lt\/produktas\/hilook-nvr-104mh-c-4p-4-kanalu-nvr\/\" \/>\n<meta property=\"og:site_name\" content=\"Elektronika Namams\" \/>\n<meta property=\"article:publisher\" content=\"https:\/\/www.facebook.com\/ElektronikaNamams\" \/>\n<meta property=\"article:modified_time\" content=\"2024-07-11T15:54:29+00:00\" \/>\n<meta property=\"og:image\" content=\"https:\/\/eheating.lt\/wp-content\/uploads\/2023\/10\/HiLook-NVR-104MH-C4P-4-kanalu-NVR.png\" \/>\n\t<meta property=\"og:image:width\" content=\"800\" \/>\n\t<meta property=\"og:image:height\" content=\"800\" \/>\n\t<meta property=\"og:image:type\" content=\"image\/png\" \/>\n<meta name=\"twitter:card\" content=\"summary_large_image\" \/>\n<meta name=\"twitter:label1\" content=\"Price\" \/>\n\t<meta name=\"twitter:data1\" content=\"158,63&nbsp;&euro;\" \/>\n\t<meta name=\"twitter:label2\" content=\"Availability\" \/>\n\t<meta name=\"twitter:data2\" content=\"Out of stock\" \/>\n<script type=\"application\/ld+json\" class=\"yoast-schema-graph\">{\"@context\":\"https:\\\/\\\/schema.org\",\"@graph\":[{\"@type\":\"WebPage\",\"@id\":\"https:\\\/\\\/eheating.lt\\\/produktas\\\/hilook-nvr-104mh-c-4p-4-kanalu-nvr\\\/\",\"url\":\"https:\\\/\\\/eheating.lt\\\/produktas\\\/hilook-nvr-104mh-c-4p-4-kanalu-nvr\\\/\",\"name\":\"HiLook NVR-104MH-C\\\/4P 4 kanal\u0173 NVR\",\"isPartOf\":{\"@id\":\"https:\\\/\\\/eheating.lt\\\/#website\"},\"primaryImageOfPage\":{\"@id\":\"https:\\\/\\\/eheating.lt\\\/produktas\\\/hilook-nvr-104mh-c-4p-4-kanalu-nvr\\\/#primaryimage\"},\"image\":{\"@id\":\"https:\\\/\\\/eheating.lt\\\/produktas\\\/hilook-nvr-104mh-c-4p-4-kanalu-nvr\\\/#primaryimage\"},\"thumbnailUrl\":\"https:\\\/\\\/eheating.lt\\\/wp-content\\\/uploads\\\/2023\\\/10\\\/HiLook-NVR-104MH-C4P-4-kanalu-NVR.png\",\"datePublished\":\"2023-11-13T19:48:57+00:00\",\"dateModified\":\"2024-07-11T15:54:29+00:00\",\"description\":\"HiLook NVR-104MH-C\\\/4P ; 4 kanalai POE ; Iki 80 Mbps i\u0161einantis pralaidumas ; 1 SATA s\u0105saja iki 6 TB ; HDMI ir VGA nepriklausomi i\u0161\u0117jimai\",\"breadcrumb\":{\"@id\":\"https:\\\/\\\/eheating.lt\\\/produktas\\\/hilook-nvr-104mh-c-4p-4-kanalu-nvr\\\/#breadcrumb\"},\"inLanguage\":\"en-US\",\"potentialAction\":[{\"@type\":\"ReadAction\",\"target\":[\"https:\\\/\\\/eheating.lt\\\/produktas\\\/hilook-nvr-104mh-c-4p-4-kanalu-nvr\\\/\"]}]},{\"@type\":\"ImageObject\",\"inLanguage\":\"en-US\",\"@id\":\"https:\\\/\\\/eheating.lt\\\/produktas\\\/hilook-nvr-104mh-c-4p-4-kanalu-nvr\\\/#primaryimage\",\"url\":\"https:\\\/\\\/eheating.lt\\\/wp-content\\\/uploads\\\/2023\\\/10\\\/HiLook-NVR-104MH-C4P-4-kanalu-NVR.png\",\"contentUrl\":\"https:\\\/\\\/eheating.lt\\\/wp-content\\\/uploads\\\/2023\\\/10\\\/HiLook-NVR-104MH-C4P-4-kanalu-NVR.png\",\"width\":800,\"height\":800,\"caption\":\"HiLook NVR-104MH-C\\\/4P 4 kanal\u0173 NVR\"},{\"@type\":\"BreadcrumbList\",\"@id\":\"https:\\\/\\\/eheating.lt\\\/produktas\\\/hilook-nvr-104mh-c-4p-4-kanalu-nvr\\\/#breadcrumb\",\"itemListElement\":[{\"@type\":\"ListItem\",\"position\":1,\"name\":\"Prad\u017eia\",\"item\":\"https:\\\/\\\/eheating.lt\\\/en\\\/\"},{\"@type\":\"ListItem\",\"position\":2,\"name\":\"Shop\",\"item\":\"https:\\\/\\\/eheating.lt\\\/en\\\/?page_id=5734\"},{\"@type\":\"ListItem\",\"position\":3,\"name\":\"HiLook NVR-104MH-C\\\/4P 4 kanal\u0173 NVR\"}]},{\"@type\":\"WebSite\",\"@id\":\"https:\\\/\\\/eheating.lt\\\/#website\",\"url\":\"https:\\\/\\\/eheating.lt\\\/\",\"name\":\"eHeating\",\"description\":\"Elektronika ir \u0161ildymas\",\"potentialAction\":[{\"@type\":\"SearchAction\",\"target\":{\"@type\":\"EntryPoint\",\"urlTemplate\":\"https:\\\/\\\/eheating.lt\\\/?s={search_term_string}\"},\"query-input\":{\"@type\":\"PropertyValueSpecification\",\"valueRequired\":true,\"valueName\":\"search_term_string\"}}],\"inLanguage\":\"en-US\"}]}<\/script>\n<meta property=\"product:price:amount\" content=\"158.63\" \/>\n<meta property=\"product:price:currency\" content=\"EUR\" \/>\n<meta property=\"og:availability\" content=\"out of stock\" \/>\n<meta property=\"product:availability\" content=\"out of stock\" \/>\n<meta property=\"product:retailer_item_id\" content=\"a787f682a283\" \/>\n<meta property=\"product:condition\" content=\"new\" \/>\n<!-- \/ Yoast SEO Premium plugin. -->","yoast_head_json":{"title":"HiLook NVR-104MH-C\/4P 4 kanal\u0173 NVR","description":"HiLook NVR-104MH-C\/4P ; 4 kanalai POE ; Iki 80 Mbps i\u0161einantis pralaidumas ; 1 SATA s\u0105saja iki 6 TB ; HDMI ir VGA nepriklausomi i\u0161\u0117jimai","robots":{"index":"index","follow":"follow","max-snippet":"max-snippet:-1","max-image-preview":"max-image-preview:large","max-video-preview":"max-video-preview:-1"},"canonical":"https:\/\/eheating.lt\/produktas\/hilook-nvr-104mh-c-4p-4-kanalu-nvr\/","og_locale":"en_US","og_type":"article","og_title":"HiLook NVR-104MH-C\/4P 4 kanal\u0173 NVR","og_description":"HiLook NVR-104MH-C\/4P ; 4 kanalai POE ; Iki 80 Mbps i\u0161einantis pralaidumas ; 1 SATA s\u0105saja iki 6 TB ; HDMI ir VGA nepriklausomi i\u0161\u0117jimai","og_url":"https:\/\/eheating.lt\/produktas\/hilook-nvr-104mh-c-4p-4-kanalu-nvr\/","og_site_name":"Elektronika Namams","article_publisher":"https:\/\/www.facebook.com\/ElektronikaNamams","article_modified_time":"2024-07-11T15:54:29+00:00","og_image":[{"width":800,"height":800,"url":"https:\/\/eheating.lt\/wp-content\/uploads\/2023\/10\/HiLook-NVR-104MH-C4P-4-kanalu-NVR.png","type":"image\/png"}],"twitter_card":"summary_large_image","twitter_misc":{"Price":"158,63&nbsp;&euro;","Availability":"Out of stock"},"schema":{"@context":"https:\/\/schema.org","@graph":[{"@type":"WebPage","@id":"https:\/\/eheating.lt\/produktas\/hilook-nvr-104mh-c-4p-4-kanalu-nvr\/","url":"https:\/\/eheating.lt\/produktas\/hilook-nvr-104mh-c-4p-4-kanalu-nvr\/","name":"HiLook NVR-104MH-C\/4P 4 kanal\u0173 NVR","isPartOf":{"@id":"https:\/\/eheating.lt\/#website"},"primaryImageOfPage":{"@id":"https:\/\/eheating.lt\/produktas\/hilook-nvr-104mh-c-4p-4-kanalu-nvr\/#primaryimage"},"image":{"@id":"https:\/\/eheating.lt\/produktas\/hilook-nvr-104mh-c-4p-4-kanalu-nvr\/#primaryimage"},"thumbnailUrl":"https:\/\/eheating.lt\/wp-content\/uploads\/2023\/10\/HiLook-NVR-104MH-C4P-4-kanalu-NVR.png","datePublished":"2023-11-13T19:48:57+00:00","dateModified":"2024-07-11T15:54:29+00:00","description":"HiLook NVR-104MH-C\/4P ; 4 kanalai POE ; Iki 80 Mbps i\u0161einantis pralaidumas ; 1 SATA s\u0105saja iki 6 TB ; HDMI ir VGA nepriklausomi i\u0161\u0117jimai","breadcrumb":{"@id":"https:\/\/eheating.lt\/produktas\/hilook-nvr-104mh-c-4p-4-kanalu-nvr\/#breadcrumb"},"inLanguage":"en-US","potentialAction":[{"@type":"ReadAction","target":["https:\/\/eheating.lt\/produktas\/hilook-nvr-104mh-c-4p-4-kanalu-nvr\/"]}]},{"@type":"ImageObject","inLanguage":"en-US","@id":"https:\/\/eheating.lt\/produktas\/hilook-nvr-104mh-c-4p-4-kanalu-nvr\/#primaryimage","url":"https:\/\/eheating.lt\/wp-content\/uploads\/2023\/10\/HiLook-NVR-104MH-C4P-4-kanalu-NVR.png","contentUrl":"https:\/\/eheating.lt\/wp-content\/uploads\/2023\/10\/HiLook-NVR-104MH-C4P-4-kanalu-NVR.png","width":800,"height":800,"caption":"HiLook NVR-104MH-C\/4P 4 kanal\u0173 NVR"},{"@type":"BreadcrumbList","@id":"https:\/\/eheating.lt\/produktas\/hilook-nvr-104mh-c-4p-4-kanalu-nvr\/#breadcrumb","itemListElement":[{"@type":"ListItem","position":1,"name":"Prad\u017eia","item":"https:\/\/eheating.lt\/en\/"},{"@type":"ListItem","position":2,"name":"Shop","item":"https:\/\/eheating.lt\/en\/?page_id=5734"},{"@type":"ListItem","position":3,"name":"HiLook NVR-104MH-C\/4P 4 kanal\u0173 NVR"}]},{"@type":"WebSite","@id":"https:\/\/eheating.lt\/#website","url":"https:\/\/eheating.lt\/","name":"eHeating","description":"Elektronika ir \u0161ildymas","potentialAction":[{"@type":"SearchAction","target":{"@type":"EntryPoint","urlTemplate":"https:\/\/eheating.lt\/?s={search_term_string}"},"query-input":{"@type":"PropertyValueSpecification","valueRequired":true,"valueName":"search_term_string"}}],"inLanguage":"en-US"}]},"product_price_amount":"158.63","product_price_currency":"EUR","og_availability":"out of stock","product_availability":"out of stock","product_retailer_item_id":"a787f682a283","product_condition":"new"},"_links":{"self":[{"href":"https:\/\/eheating.lt\/en\/wp-json\/wp\/v2\/product\/18918","targetHints":{"allow":["GET"]}}],"collection":[{"href":"https:\/\/eheating.lt\/en\/wp-json\/wp\/v2\/product"}],"about":[{"href":"https:\/\/eheating.lt\/en\/wp-json\/wp\/v2\/types\/product"}],"replies":[{"embeddable":true,"href":"https:\/\/eheating.lt\/en\/wp-json\/wp\/v2\/comments?post=18918"}],"version-history":[{"count":0,"href":"https:\/\/eheating.lt\/en\/wp-json\/wp\/v2\/product\/18918\/revisions"}],"wp:featuredmedia":[{"embeddable":true,"href":"https:\/\/eheating.lt\/en\/wp-json\/wp\/v2\/media\/28164"}],"wp:attachment":[{"href":"https:\/\/eheating.lt\/en\/wp-json\/wp\/v2\/media?parent=18918"}],"wp:term":[{"taxonomy":"product_brand","embeddable":true,"href":"https:\/\/eheating.lt\/en\/wp-json\/wp\/v2\/product_brand?post=18918"},{"taxonomy":"product_cat","embeddable":true,"href":"https:\/\/eheating.lt\/en\/wp-json\/wp\/v2\/product_cat?post=18918"},{"taxonomy":"product_tag","embeddable":true,"href":"https:\/\/eheating.lt\/en\/wp-json\/wp\/v2\/product_tag?post=18918"}],"curies":[{"name":"wp","href":"https:\/\/api.w.org\/{rel}","templated":true}]}}