{"id":18914,"date":"2023-11-13T21:48:56","date_gmt":"2023-11-13T19:48:56","guid":{"rendered":"https:\/\/eheating.lt\/?post_type=product&#038;p=18914"},"modified":"2024-10-18T17:17:15","modified_gmt":"2024-10-18T14:17:15","slug":"hikvision-nvr-ds-7604ni-k1-4p","status":"publish","type":"product","link":"https:\/\/eheating.lt\/en\/produktas\/hikvision-nvr-ds-7604ni-k1-4p\/","title":{"rendered":"Hikvision NVR DS-7604NI-K1\/4P"},"content":{"rendered":"<hr \/>\n<table>\n<tbody>\n<tr>\n<td>IP Vaizdo \u012fvestys<\/td>\n<td>4-ch<\/td>\n<\/tr>\n<tr>\n<td>Dvipusio garso \u012fvestis<\/td>\n<td>1-ch,\u00a0RCA\u00a0(2.0\u00a0Vp-p,\u00a01k\u03a9)<\/td>\n<\/tr>\n<tr>\n<td>\u012eeinantis srautas<\/td>\n<td>40Mbps<\/td>\n<\/tr>\n<tr>\n<td>I\u0161einantis srautas<\/td>\n<td>80Mbps<\/td>\n<\/tr>\n<tr>\n<td>VGA i\u0161vestis<\/td>\n<td>1-ch,\u00a0resolution:\u00a01920*1080P\/60Hz,\u00a01280*1024\/60Hz,\u00a01280*720\/60Hz,\u00a01024*768\/60Hz<\/td>\n<\/tr>\n<tr>\n<td>HDMI i\u0161vestis<\/td>\n<td>1-ch,\u00a0resolution:\u00a04K(3840*2160)\/60Hz,\u00a04K(3840*2160)\/30Hz, \u00a01920*1080P\/60Hz,\u00a01600*1200\/60Hz, \u00a01280*1024\/60Hz,\u00a01280*720\/60Hz,\u00a01024*768\/60Hz<\/td>\n<\/tr>\n<tr>\n<td>Ra\u0161ymo rai\u0161ka<\/td>\n<td>8MP\/6MP\/5MP\/4MP\/3MP\/1080p\/UXGA\/720p\/VGA\/4CIF\/DCIF\/2CIF\/CIF\/QCIF<\/td>\n<\/tr>\n<tr>\n<td>Garso i\u0161vestis<\/td>\n<td>1-ch,\u00a0RCA\u00a0(Linear,\u00a01k\u03a9)<\/td>\n<\/tr>\n<tr>\n<td>Gyva per\u017ei\u016bra \/ atk\u016brimas<\/td>\n<td>8MP\/6MP\/5MP\/3MP\/1080p\/UXGA\/720p\/VGA\/4CIF\/DCIF\/2CIF\/CIF\/QCIF<\/td>\n<\/tr>\n<tr>\n<td>Dekodavimo galimyb\u0117s<\/td>\n<td>4-ch@1080P<\/td>\n<\/tr>\n<tr>\n<td>SATA<\/td>\n<td>1\u00a0SATA\u00a0interface\u00a0for\u00a01\u00a0HDD<\/td>\n<\/tr>\n<tr>\n<td>Talpa<\/td>\n<td>Up to 6TB capacity for each disk<\/td>\n<\/tr>\n<tr>\n<td>Interneto ssaja<\/td>\n<td>1\u00a0RJ-45\u00a010\u00a0\/\u00a0100\u00a0Mbps\u00a0selfadaptive<br \/>\nEthernet\u00a0interface<\/td>\n<\/tr>\n<tr>\n<td>USB s\u0105saja<\/td>\n<td>2 USB 2.0 Interfaces<\/td>\n<\/tr>\n<tr>\n<td>PoE s\u0105saja<\/td>\n<td>4\u00a0independent\u00a010\u00a0\/100\u00a0Mbps\u00a0PoE<br \/>\nEthernet\u00a0interfaces<\/td>\n<\/tr>\n<tr>\n<td>Maitinimas<\/td>\n<td>48\u00a0VDC<\/td>\n<\/tr>\n<tr>\n<td>Energijos suvartojimas<br \/>\n(be HDD)<\/td>\n<td>\u2264\u00a010\u00a0W<\/td>\n<\/tr>\n<tr>\n<td>Darbo temperat\u016bra<\/td>\n<td>0\u00a0\u00baC\u00a0~\u00a0+40\u00a0\u00baC\u00a0(+32\u00a0\u00baF\u00a0~\u00a0+104\u00a0\u00baF)<\/td>\n<\/tr>\n<tr>\n<td>Santykinis oro dr\u0117gnumas<\/td>\n<td>10%~90%<\/td>\n<\/tr>\n<tr>\n<td>Korpusas<\/td>\n<td>315\u00a0mm\u00a0chassis<\/td>\n<\/tr>\n<tr>\n<td>I\u0161matavimai<br \/>\n(W x D x H)<\/td>\n<td>315\u00a0\u00d7\u00a0240\u00a0\u00d7\u00a048\u00a0mm\u00a0(12.4&#8243;\u00a0\u00d7\u00a09.4&#8243;\u00a0\u00d7\u00a01.9&#8243;)<\/td>\n<\/tr>\n<tr>\n<td>Svoris<br \/>\n(be HDD)<\/td>\n<td>\u2264 1 Kg<\/td>\n<\/tr>\n<\/tbody>\n<\/table>\n","protected":false},"excerpt":{"rendered":"<ul>\n<li>4 kanal\u0173 NVR<\/li>\n<li>4 x PoE<\/li>\n<li>Tre\u010di\u0173 \u0161ali\u0173 kamer\u0173 palaikymas<\/li>\n<li>1 SATA s\u0105saja (iki 6TB kiekvienam HDD<\/li>\n<li>\u012eeinantis srautas iki 40Mbps<\/li>\n<li>Iki 8 Mpx ra\u0161ymo rezoliucija<\/li>\n<li>Palaiko H.265\/H.265+\/H.264\/H.264+\/MPEG4 vaizdo formatus<\/li>\n<li>HDMI\/VGA i\u0161\u0117jimai<\/li>\n<\/ul>\n","protected":false},"featured_media":28162,"comment_status":"closed","ping_status":"closed","template":"","meta":[],"product_brand":[],"product_cat":[486,533,440],"product_tag":[],"class_list":{"0":"post-18914","1":"product","2":"type-product","3":"status-publish","4":"has-post-thumbnail","6":"product_cat-4-kanalu-nvr","7":"product_cat-ip-vaizdo-stebejimo-sistemos","8":"product_cat-ip-vaizdo-irasymo-irenginiai","10":"first","11":"onbackorder","12":"purchasable","13":"product-type-simple"},"yoast_head":"<!-- This site is optimized with the Yoast SEO Premium plugin v21.5 (Yoast SEO v27.3) - https:\/\/yoast.com\/product\/yoast-seo-premium-wordpress\/ -->\n<title>Hikvision NVR DS-7604NI-K1\/4P<\/title>\n<meta name=\"description\" content=\"Hikvision NVR DS-7604NI-K1\/4P ; Iki 40 Mbps \u012feinantis pralaidumas ; 4 x PoE ; Iki 8 Mpx ra\u0161ymo rezoliucija ; HDMI\/VGA i\u0161\u0117jimai\" \/>\n<meta name=\"robots\" content=\"index, follow, max-snippet:-1, max-image-preview:large, max-video-preview:-1\" \/>\n<link rel=\"canonical\" href=\"https:\/\/eheating.lt\/produktas\/hikvision-nvr-ds-7604ni-k1-4p\/\" \/>\n<meta property=\"og:locale\" content=\"en_US\" \/>\n<meta property=\"og:type\" content=\"article\" \/>\n<meta property=\"og:title\" content=\"Hikvision NVR DS-7604NI-K1\/4P\" \/>\n<meta property=\"og:description\" content=\"Hikvision NVR DS-7604NI-K1\/4P ; Iki 40 Mbps \u012feinantis pralaidumas ; 4 x PoE ; Iki 8 Mpx ra\u0161ymo rezoliucija ; HDMI\/VGA i\u0161\u0117jimai\" \/>\n<meta property=\"og:url\" content=\"https:\/\/eheating.lt\/produktas\/hikvision-nvr-ds-7604ni-k1-4p\/\" \/>\n<meta property=\"og:site_name\" content=\"Elektronika Namams\" \/>\n<meta property=\"article:publisher\" content=\"https:\/\/www.facebook.com\/ElektronikaNamams\" \/>\n<meta property=\"article:modified_time\" content=\"2024-10-18T14:17:15+00:00\" \/>\n<meta property=\"og:image\" content=\"https:\/\/eheating.lt\/wp-content\/uploads\/2023\/10\/Hikvision-NVR-DS-7604NI-K14P.png\" \/>\n\t<meta property=\"og:image:width\" content=\"800\" \/>\n\t<meta property=\"og:image:height\" content=\"800\" \/>\n\t<meta property=\"og:image:type\" content=\"image\/png\" \/>\n<meta name=\"twitter:card\" content=\"summary_large_image\" \/>\n<meta name=\"twitter:label1\" content=\"Price\" \/>\n\t<meta name=\"twitter:data1\" content=\"253,23&nbsp;&euro;\" \/>\n\t<meta name=\"twitter:label2\" content=\"Availability\" \/>\n\t<meta name=\"twitter:data2\" content=\"On backorder\" \/>\n<script type=\"application\/ld+json\" class=\"yoast-schema-graph\">{\"@context\":\"https:\\\/\\\/schema.org\",\"@graph\":[{\"@type\":\"WebPage\",\"@id\":\"https:\\\/\\\/eheating.lt\\\/produktas\\\/hikvision-nvr-ds-7604ni-k1-4p\\\/\",\"url\":\"https:\\\/\\\/eheating.lt\\\/produktas\\\/hikvision-nvr-ds-7604ni-k1-4p\\\/\",\"name\":\"Hikvision NVR DS-7604NI-K1\\\/4P\",\"isPartOf\":{\"@id\":\"https:\\\/\\\/eheating.lt\\\/#website\"},\"primaryImageOfPage\":{\"@id\":\"https:\\\/\\\/eheating.lt\\\/produktas\\\/hikvision-nvr-ds-7604ni-k1-4p\\\/#primaryimage\"},\"image\":{\"@id\":\"https:\\\/\\\/eheating.lt\\\/produktas\\\/hikvision-nvr-ds-7604ni-k1-4p\\\/#primaryimage\"},\"thumbnailUrl\":\"https:\\\/\\\/eheating.lt\\\/wp-content\\\/uploads\\\/2023\\\/10\\\/Hikvision-NVR-DS-7604NI-K14P.png\",\"datePublished\":\"2023-11-13T19:48:56+00:00\",\"dateModified\":\"2024-10-18T14:17:15+00:00\",\"description\":\"Hikvision NVR DS-7604NI-K1\\\/4P ; Iki 40 Mbps \u012feinantis pralaidumas ; 4 x PoE ; Iki 8 Mpx ra\u0161ymo rezoliucija ; HDMI\\\/VGA i\u0161\u0117jimai\",\"breadcrumb\":{\"@id\":\"https:\\\/\\\/eheating.lt\\\/produktas\\\/hikvision-nvr-ds-7604ni-k1-4p\\\/#breadcrumb\"},\"inLanguage\":\"en-US\",\"potentialAction\":[{\"@type\":\"ReadAction\",\"target\":[\"https:\\\/\\\/eheating.lt\\\/produktas\\\/hikvision-nvr-ds-7604ni-k1-4p\\\/\"]}]},{\"@type\":\"ImageObject\",\"inLanguage\":\"en-US\",\"@id\":\"https:\\\/\\\/eheating.lt\\\/produktas\\\/hikvision-nvr-ds-7604ni-k1-4p\\\/#primaryimage\",\"url\":\"https:\\\/\\\/eheating.lt\\\/wp-content\\\/uploads\\\/2023\\\/10\\\/Hikvision-NVR-DS-7604NI-K14P.png\",\"contentUrl\":\"https:\\\/\\\/eheating.lt\\\/wp-content\\\/uploads\\\/2023\\\/10\\\/Hikvision-NVR-DS-7604NI-K14P.png\",\"width\":800,\"height\":800,\"caption\":\"Hikvision NVR DS-7604NI-K1\\\/4P\"},{\"@type\":\"BreadcrumbList\",\"@id\":\"https:\\\/\\\/eheating.lt\\\/produktas\\\/hikvision-nvr-ds-7604ni-k1-4p\\\/#breadcrumb\",\"itemListElement\":[{\"@type\":\"ListItem\",\"position\":1,\"name\":\"Prad\u017eia\",\"item\":\"https:\\\/\\\/eheating.lt\\\/en\\\/\"},{\"@type\":\"ListItem\",\"position\":2,\"name\":\"Shop\",\"item\":\"https:\\\/\\\/eheating.lt\\\/en\\\/?page_id=5734\"},{\"@type\":\"ListItem\",\"position\":3,\"name\":\"Hikvision NVR DS-7604NI-K1\\\/4P\"}]},{\"@type\":\"WebSite\",\"@id\":\"https:\\\/\\\/eheating.lt\\\/#website\",\"url\":\"https:\\\/\\\/eheating.lt\\\/\",\"name\":\"eHeating\",\"description\":\"Elektronika ir \u0161ildymas\",\"potentialAction\":[{\"@type\":\"SearchAction\",\"target\":{\"@type\":\"EntryPoint\",\"urlTemplate\":\"https:\\\/\\\/eheating.lt\\\/?s={search_term_string}\"},\"query-input\":{\"@type\":\"PropertyValueSpecification\",\"valueRequired\":true,\"valueName\":\"search_term_string\"}}],\"inLanguage\":\"en-US\"}]}<\/script>\n<meta property=\"product:price:amount\" content=\"253.23\" \/>\n<meta property=\"product:price:currency\" content=\"EUR\" \/>\n<meta property=\"og:availability\" content=\"backorder\" \/>\n<meta property=\"product:availability\" content=\"available for order\" \/>\n<meta property=\"product:retailer_item_id\" content=\"540bb669df84\" \/>\n<meta property=\"product:condition\" content=\"new\" \/>\n<!-- \/ Yoast SEO Premium plugin. -->","yoast_head_json":{"title":"Hikvision NVR DS-7604NI-K1\/4P","description":"Hikvision NVR DS-7604NI-K1\/4P ; Iki 40 Mbps \u012feinantis pralaidumas ; 4 x PoE ; Iki 8 Mpx ra\u0161ymo rezoliucija ; HDMI\/VGA i\u0161\u0117jimai","robots":{"index":"index","follow":"follow","max-snippet":"max-snippet:-1","max-image-preview":"max-image-preview:large","max-video-preview":"max-video-preview:-1"},"canonical":"https:\/\/eheating.lt\/produktas\/hikvision-nvr-ds-7604ni-k1-4p\/","og_locale":"en_US","og_type":"article","og_title":"Hikvision NVR DS-7604NI-K1\/4P","og_description":"Hikvision NVR DS-7604NI-K1\/4P ; Iki 40 Mbps \u012feinantis pralaidumas ; 4 x PoE ; Iki 8 Mpx ra\u0161ymo rezoliucija ; HDMI\/VGA i\u0161\u0117jimai","og_url":"https:\/\/eheating.lt\/produktas\/hikvision-nvr-ds-7604ni-k1-4p\/","og_site_name":"Elektronika Namams","article_publisher":"https:\/\/www.facebook.com\/ElektronikaNamams","article_modified_time":"2024-10-18T14:17:15+00:00","og_image":[{"width":800,"height":800,"url":"https:\/\/eheating.lt\/wp-content\/uploads\/2023\/10\/Hikvision-NVR-DS-7604NI-K14P.png","type":"image\/png"}],"twitter_card":"summary_large_image","twitter_misc":{"Price":"253,23&nbsp;&euro;","Availability":"On backorder"},"schema":{"@context":"https:\/\/schema.org","@graph":[{"@type":"WebPage","@id":"https:\/\/eheating.lt\/produktas\/hikvision-nvr-ds-7604ni-k1-4p\/","url":"https:\/\/eheating.lt\/produktas\/hikvision-nvr-ds-7604ni-k1-4p\/","name":"Hikvision NVR DS-7604NI-K1\/4P","isPartOf":{"@id":"https:\/\/eheating.lt\/#website"},"primaryImageOfPage":{"@id":"https:\/\/eheating.lt\/produktas\/hikvision-nvr-ds-7604ni-k1-4p\/#primaryimage"},"image":{"@id":"https:\/\/eheating.lt\/produktas\/hikvision-nvr-ds-7604ni-k1-4p\/#primaryimage"},"thumbnailUrl":"https:\/\/eheating.lt\/wp-content\/uploads\/2023\/10\/Hikvision-NVR-DS-7604NI-K14P.png","datePublished":"2023-11-13T19:48:56+00:00","dateModified":"2024-10-18T14:17:15+00:00","description":"Hikvision NVR DS-7604NI-K1\/4P ; Iki 40 Mbps \u012feinantis pralaidumas ; 4 x PoE ; Iki 8 Mpx ra\u0161ymo rezoliucija ; HDMI\/VGA i\u0161\u0117jimai","breadcrumb":{"@id":"https:\/\/eheating.lt\/produktas\/hikvision-nvr-ds-7604ni-k1-4p\/#breadcrumb"},"inLanguage":"en-US","potentialAction":[{"@type":"ReadAction","target":["https:\/\/eheating.lt\/produktas\/hikvision-nvr-ds-7604ni-k1-4p\/"]}]},{"@type":"ImageObject","inLanguage":"en-US","@id":"https:\/\/eheating.lt\/produktas\/hikvision-nvr-ds-7604ni-k1-4p\/#primaryimage","url":"https:\/\/eheating.lt\/wp-content\/uploads\/2023\/10\/Hikvision-NVR-DS-7604NI-K14P.png","contentUrl":"https:\/\/eheating.lt\/wp-content\/uploads\/2023\/10\/Hikvision-NVR-DS-7604NI-K14P.png","width":800,"height":800,"caption":"Hikvision NVR DS-7604NI-K1\/4P"},{"@type":"BreadcrumbList","@id":"https:\/\/eheating.lt\/produktas\/hikvision-nvr-ds-7604ni-k1-4p\/#breadcrumb","itemListElement":[{"@type":"ListItem","position":1,"name":"Prad\u017eia","item":"https:\/\/eheating.lt\/en\/"},{"@type":"ListItem","position":2,"name":"Shop","item":"https:\/\/eheating.lt\/en\/?page_id=5734"},{"@type":"ListItem","position":3,"name":"Hikvision NVR DS-7604NI-K1\/4P"}]},{"@type":"WebSite","@id":"https:\/\/eheating.lt\/#website","url":"https:\/\/eheating.lt\/","name":"eHeating","description":"Elektronika ir \u0161ildymas","potentialAction":[{"@type":"SearchAction","target":{"@type":"EntryPoint","urlTemplate":"https:\/\/eheating.lt\/?s={search_term_string}"},"query-input":{"@type":"PropertyValueSpecification","valueRequired":true,"valueName":"search_term_string"}}],"inLanguage":"en-US"}]},"product_price_amount":"253.23","product_price_currency":"EUR","og_availability":"backorder","product_availability":"available for order","product_retailer_item_id":"540bb669df84","product_condition":"new"},"_links":{"self":[{"href":"https:\/\/eheating.lt\/en\/wp-json\/wp\/v2\/product\/18914","targetHints":{"allow":["GET"]}}],"collection":[{"href":"https:\/\/eheating.lt\/en\/wp-json\/wp\/v2\/product"}],"about":[{"href":"https:\/\/eheating.lt\/en\/wp-json\/wp\/v2\/types\/product"}],"replies":[{"embeddable":true,"href":"https:\/\/eheating.lt\/en\/wp-json\/wp\/v2\/comments?post=18914"}],"version-history":[{"count":0,"href":"https:\/\/eheating.lt\/en\/wp-json\/wp\/v2\/product\/18914\/revisions"}],"wp:featuredmedia":[{"embeddable":true,"href":"https:\/\/eheating.lt\/en\/wp-json\/wp\/v2\/media\/28162"}],"wp:attachment":[{"href":"https:\/\/eheating.lt\/en\/wp-json\/wp\/v2\/media?parent=18914"}],"wp:term":[{"taxonomy":"product_brand","embeddable":true,"href":"https:\/\/eheating.lt\/en\/wp-json\/wp\/v2\/product_brand?post=18914"},{"taxonomy":"product_cat","embeddable":true,"href":"https:\/\/eheating.lt\/en\/wp-json\/wp\/v2\/product_cat?post=18914"},{"taxonomy":"product_tag","embeddable":true,"href":"https:\/\/eheating.lt\/en\/wp-json\/wp\/v2\/product_tag?post=18914"}],"curies":[{"name":"wp","href":"https:\/\/api.w.org\/{rel}","templated":true}]}}