{"id":18910,"date":"2023-11-13T21:53:23","date_gmt":"2023-11-13T19:53:23","guid":{"rendered":"https:\/\/eheating.lt\/?post_type=product&#038;p=18910"},"modified":"2024-07-11T18:54:43","modified_gmt":"2024-07-11T15:54:43","slug":"hikvision-nvr-ds-7732ni-k4","status":"publish","type":"product","link":"https:\/\/eheating.lt\/en\/produktas\/hikvision-nvr-ds-7732ni-k4\/","title":{"rendered":"Hikvision NVR DS-7732NI-K4"},"content":{"rendered":"<hr \/>\n<table>\n<tbody>\n<tr>\n<td>IP Vaizdo \u012fvestys<\/td>\n<td>32-ch<\/td>\n<\/tr>\n<tr>\n<td>Dvipusis garso ry\u0161ys<\/td>\n<td>1-ch RCA(2.0Vp-p, 1k\u03a9)<\/td>\n<\/tr>\n<tr>\n<td>\u012eeinantis srautas<\/td>\n<td>256Mbps<\/td>\n<\/tr>\n<tr>\n<td>I\u0161einantis srautas<\/td>\n<td>160Mbps<\/td>\n<\/tr>\n<tr>\n<td>Nuotolini\u0173 prisijungim\u0173 skai\u010dius<\/td>\n<td>128<\/td>\n<\/tr>\n<tr>\n<td>VGA i\u0161vestis<\/td>\n<td>1-ch,\u00a0resolution:\u00a01920*1080P\/60Hz,\u00a01280*1024\/60Hz,\u00a01280*720\/60Hz,\u00a01024*768\/60Hz<\/td>\n<\/tr>\n<tr>\n<td>HDMI i\u0161vestis<\/td>\n<td>1-ch,\u00a0resolution:\u00a04K(3840*2160)\/60Hz,\u00a04K(3840*2160)\/30Hz,\u00a01920*1080P\/60Hz, \u00a01600*1200\/60Hz,\u00a01280*1024\/60Hz,\u00a01280*720\/60Hz,\u00a01024*768\/60Hz<\/td>\n<\/tr>\n<tr>\n<td>\u012era\u0161ymo rezoliucija<\/td>\n<td>8MP\/6MP\/5MP\/4MP\/3MP\/1080p\/UXGA\/720p\/VGA\/4CIF\/DCIF\/2CIF\/CIF\/QCIF<\/td>\n<\/tr>\n<tr>\n<td>Garso i\u0161vestis<\/td>\n<td>1-ch RCA(Linear, 1k\u03a9)<\/td>\n<\/tr>\n<tr>\n<td>Gyvo vaizdo \/ \u012fra\u0161o rai\u0161ka<\/td>\n<td>8MP\/6MP\/5MP\/3MP\/1080p\/UXGA\/720p\/VGA\/4CIF\/DCIF\/2CIF\/CIF\/QCIF<\/td>\n<\/tr>\n<tr>\n<td>Sinchroninis atk\u016brimas<\/td>\n<td>16-ch<\/td>\n<\/tr>\n<tr>\n<td>Dekodavimo galimyb\u0117s<\/td>\n<td>8-ch@1080P<\/td>\n<\/tr>\n<tr>\n<td>SATA<\/td>\n<td>4\u00a0SATA\u00a0interfaces\u00a0for\u00a04HDDs<\/td>\n<\/tr>\n<tr>\n<td>Talpa<\/td>\n<td>Up to 6TB capacity for each disk<\/td>\n<\/tr>\n<tr>\n<td>Tinklo s\u0105saja<\/td>\n<td>2\u00a0RJ-45\u00a010\/100\/1000Mbps\u00a0self-adaptive\u00a0Ethernet\u00a0interfaces<\/td>\n<\/tr>\n<tr>\n<td>Valdymo s\u0105saja<\/td>\n<td>RS-232;\u00a0RS-485<\/td>\n<\/tr>\n<tr>\n<td>USB s\u0105saja<\/td>\n<td>Front\u00a0panel:\u00a02\u00a0\u00d7\u00a0USB\u00a02.0<br \/>\nRear\u00a0panel:\u00a01\u00a0\u00d7\u00a0USB\u00a03.0<\/td>\n<\/tr>\n<tr>\n<td>Alirmo \u012fvestys<\/td>\n<td>16-ch<\/td>\n<\/tr>\n<tr>\n<td>Aliarmo i\u0161vestys<\/td>\n<td>4-ch<\/td>\n<\/tr>\n<tr>\n<td style=\"width: 150px;\">Maitinimas<\/td>\n<td>100~240VAC<\/td>\n<\/tr>\n<tr>\n<td>Energijos suvartojimas<\/td>\n<td>\u2264 20 W (without hard disk)<\/td>\n<\/tr>\n<tr>\n<td>Darbo temperat\u016bra<\/td>\n<td>-10 \u00b0C ~ +55 \u00b0C<\/td>\n<\/tr>\n<tr>\n<td>Santykinis oro dr\u0117gnumas<\/td>\n<td>10%~90%<\/td>\n<\/tr>\n<tr>\n<td>Korpusas<\/td>\n<td>19-inch rack-mounted 1.5U chassis<\/td>\n<\/tr>\n<tr>\n<td>I\u0161matavimai<\/td>\n<td>445 \u00d7 390 \u00d7 70 mm(W x D x H)<\/td>\n<\/tr>\n<tr>\n<td>Svoris<\/td>\n<td>\u2264 5 Kg ( without hard disk)<\/td>\n<\/tr>\n<\/tbody>\n<\/table>\n","protected":false},"excerpt":{"rendered":"<ul>\n<li>32 kanal\u0173 NVR<\/li>\n<li>4 SATA s\u0105sajos (iki 6TB kiekvienam HDD)<\/li>\n<li>\u012eeinantis srautas iki 256Mbps<\/li>\n<li>Iki 8 Mpx \u012fra\u0161ymo rezoliucija<\/li>\n<li>H.265\/H.265+\/H.264\/H.264+\/MPEG4<\/li>\n<li>Garso \u012fvestis\/i\u0161vestis<\/li>\n<li>Pavojaus \u012fvestis\/i\u0161vestis<\/li>\n<li>HDMI\/VGA i\u0161vestis<\/li>\n<\/ul>\n","protected":false},"featured_media":28302,"comment_status":"closed","ping_status":"closed","template":"","meta":[],"product_brand":[],"product_cat":[487,533,440],"product_tag":[],"class_list":{"0":"post-18910","1":"product","2":"type-product","3":"status-publish","4":"has-post-thumbnail","6":"product_cat-32-kanalu-nvr","7":"product_cat-ip-vaizdo-stebejimo-sistemos","8":"product_cat-ip-vaizdo-irasymo-irenginiai","10":"first","11":"instock","12":"taxable","13":"shipping-taxable","14":"purchasable","15":"product-type-simple"},"yoast_head":"<!-- This site is optimized with the Yoast SEO Premium plugin v21.5 (Yoast SEO v27.4) - https:\/\/yoast.com\/product\/yoast-seo-premium-wordpress\/ -->\n<title>Hikvision NVR DS-7732NI-K4<\/title>\n<meta name=\"description\" content=\"Hikvision NVR DS-7732NI-K4 ; Iki 32-ch IP kamer\u0173 kanal\u0173 ; Iki 8 Mpx \u012fra\u0161ymo rezoliucija ; \u012eeinantis srautas iki 256Mbps ; 4 SATA s\u0105sajos\" \/>\n<meta name=\"robots\" content=\"index, follow, max-snippet:-1, max-image-preview:large, max-video-preview:-1\" \/>\n<link rel=\"canonical\" href=\"https:\/\/eheating.lt\/produktas\/hikvision-nvr-ds-7732ni-k4\/\" \/>\n<meta property=\"og:locale\" content=\"en_US\" \/>\n<meta property=\"og:type\" content=\"article\" \/>\n<meta property=\"og:title\" content=\"Hikvision NVR DS-7732NI-K4\" \/>\n<meta property=\"og:description\" content=\"Hikvision NVR DS-7732NI-K4 ; Iki 32-ch IP kamer\u0173 kanal\u0173 ; Iki 8 Mpx \u012fra\u0161ymo rezoliucija ; \u012eeinantis srautas iki 256Mbps ; 4 SATA s\u0105sajos\" \/>\n<meta property=\"og:url\" content=\"https:\/\/eheating.lt\/produktas\/hikvision-nvr-ds-7732ni-k4\/\" \/>\n<meta property=\"og:site_name\" content=\"Elektronika Namams\" \/>\n<meta property=\"article:publisher\" content=\"https:\/\/www.facebook.com\/ElektronikaNamams\" \/>\n<meta property=\"article:modified_time\" content=\"2024-07-11T15:54:43+00:00\" \/>\n<meta property=\"og:image\" content=\"https:\/\/eheating.lt\/wp-content\/uploads\/2023\/10\/Hikvision-NVR-DS-7732NI-K4.png\" \/>\n\t<meta property=\"og:image:width\" content=\"800\" \/>\n\t<meta property=\"og:image:height\" content=\"800\" \/>\n\t<meta property=\"og:image:type\" content=\"image\/png\" \/>\n<meta name=\"twitter:card\" content=\"summary_large_image\" \/>\n<meta name=\"twitter:label1\" content=\"Price\" \/>\n\t<meta name=\"twitter:data1\" content=\"640,00&nbsp;&euro;\" \/>\n\t<meta name=\"twitter:label2\" content=\"Availability\" \/>\n\t<meta name=\"twitter:data2\" content=\"In stock\" \/>\n<script type=\"application\/ld+json\" class=\"yoast-schema-graph\">{\"@context\":\"https:\\\/\\\/schema.org\",\"@graph\":[{\"@type\":\"WebPage\",\"@id\":\"https:\\\/\\\/eheating.lt\\\/produktas\\\/hikvision-nvr-ds-7732ni-k4\\\/\",\"url\":\"https:\\\/\\\/eheating.lt\\\/produktas\\\/hikvision-nvr-ds-7732ni-k4\\\/\",\"name\":\"Hikvision NVR DS-7732NI-K4\",\"isPartOf\":{\"@id\":\"https:\\\/\\\/eheating.lt\\\/#website\"},\"primaryImageOfPage\":{\"@id\":\"https:\\\/\\\/eheating.lt\\\/produktas\\\/hikvision-nvr-ds-7732ni-k4\\\/#primaryimage\"},\"image\":{\"@id\":\"https:\\\/\\\/eheating.lt\\\/produktas\\\/hikvision-nvr-ds-7732ni-k4\\\/#primaryimage\"},\"thumbnailUrl\":\"https:\\\/\\\/eheating.lt\\\/wp-content\\\/uploads\\\/2023\\\/10\\\/Hikvision-NVR-DS-7732NI-K4.png\",\"datePublished\":\"2023-11-13T19:53:23+00:00\",\"dateModified\":\"2024-07-11T15:54:43+00:00\",\"description\":\"Hikvision NVR DS-7732NI-K4 ; Iki 32-ch IP kamer\u0173 kanal\u0173 ; Iki 8 Mpx \u012fra\u0161ymo rezoliucija ; \u012eeinantis srautas iki 256Mbps ; 4 SATA s\u0105sajos\",\"breadcrumb\":{\"@id\":\"https:\\\/\\\/eheating.lt\\\/produktas\\\/hikvision-nvr-ds-7732ni-k4\\\/#breadcrumb\"},\"inLanguage\":\"en-US\",\"potentialAction\":[{\"@type\":\"ReadAction\",\"target\":[\"https:\\\/\\\/eheating.lt\\\/produktas\\\/hikvision-nvr-ds-7732ni-k4\\\/\"]}]},{\"@type\":\"ImageObject\",\"inLanguage\":\"en-US\",\"@id\":\"https:\\\/\\\/eheating.lt\\\/produktas\\\/hikvision-nvr-ds-7732ni-k4\\\/#primaryimage\",\"url\":\"https:\\\/\\\/eheating.lt\\\/wp-content\\\/uploads\\\/2023\\\/10\\\/Hikvision-NVR-DS-7732NI-K4.png\",\"contentUrl\":\"https:\\\/\\\/eheating.lt\\\/wp-content\\\/uploads\\\/2023\\\/10\\\/Hikvision-NVR-DS-7732NI-K4.png\",\"width\":800,\"height\":800,\"caption\":\"Hikvision NVR DS-7732NI-K4\"},{\"@type\":\"BreadcrumbList\",\"@id\":\"https:\\\/\\\/eheating.lt\\\/produktas\\\/hikvision-nvr-ds-7732ni-k4\\\/#breadcrumb\",\"itemListElement\":[{\"@type\":\"ListItem\",\"position\":1,\"name\":\"Prad\u017eia\",\"item\":\"https:\\\/\\\/eheating.lt\\\/en\\\/\"},{\"@type\":\"ListItem\",\"position\":2,\"name\":\"Shop\",\"item\":\"https:\\\/\\\/eheating.lt\\\/en\\\/?page_id=5734\"},{\"@type\":\"ListItem\",\"position\":3,\"name\":\"Hikvision NVR DS-7732NI-K4\"}]},{\"@type\":\"WebSite\",\"@id\":\"https:\\\/\\\/eheating.lt\\\/#website\",\"url\":\"https:\\\/\\\/eheating.lt\\\/\",\"name\":\"eHeating\",\"description\":\"Elektronika ir \u0161ildymas\",\"potentialAction\":[{\"@type\":\"SearchAction\",\"target\":{\"@type\":\"EntryPoint\",\"urlTemplate\":\"https:\\\/\\\/eheating.lt\\\/?s={search_term_string}\"},\"query-input\":{\"@type\":\"PropertyValueSpecification\",\"valueRequired\":true,\"valueName\":\"search_term_string\"}}],\"inLanguage\":\"en-US\"}]}<\/script>\n<meta property=\"product:price:amount\" content=\"640.00\" \/>\n<meta property=\"product:price:currency\" content=\"EUR\" \/>\n<meta property=\"og:availability\" content=\"instock\" \/>\n<meta property=\"product:availability\" content=\"instock\" \/>\n<meta property=\"product:retailer_item_id\" content=\"ba7f7e55a317\" \/>\n<meta property=\"product:condition\" content=\"new\" \/>\n<!-- \/ Yoast SEO Premium plugin. -->","yoast_head_json":{"title":"Hikvision NVR DS-7732NI-K4","description":"Hikvision NVR DS-7732NI-K4 ; Iki 32-ch IP kamer\u0173 kanal\u0173 ; Iki 8 Mpx \u012fra\u0161ymo rezoliucija ; \u012eeinantis srautas iki 256Mbps ; 4 SATA s\u0105sajos","robots":{"index":"index","follow":"follow","max-snippet":"max-snippet:-1","max-image-preview":"max-image-preview:large","max-video-preview":"max-video-preview:-1"},"canonical":"https:\/\/eheating.lt\/produktas\/hikvision-nvr-ds-7732ni-k4\/","og_locale":"en_US","og_type":"article","og_title":"Hikvision NVR DS-7732NI-K4","og_description":"Hikvision NVR DS-7732NI-K4 ; Iki 32-ch IP kamer\u0173 kanal\u0173 ; Iki 8 Mpx \u012fra\u0161ymo rezoliucija ; \u012eeinantis srautas iki 256Mbps ; 4 SATA s\u0105sajos","og_url":"https:\/\/eheating.lt\/produktas\/hikvision-nvr-ds-7732ni-k4\/","og_site_name":"Elektronika Namams","article_publisher":"https:\/\/www.facebook.com\/ElektronikaNamams","article_modified_time":"2024-07-11T15:54:43+00:00","og_image":[{"width":800,"height":800,"url":"https:\/\/eheating.lt\/wp-content\/uploads\/2023\/10\/Hikvision-NVR-DS-7732NI-K4.png","type":"image\/png"}],"twitter_card":"summary_large_image","twitter_misc":{"Price":"640,00&nbsp;&euro;","Availability":"In stock"},"schema":{"@context":"https:\/\/schema.org","@graph":[{"@type":"WebPage","@id":"https:\/\/eheating.lt\/produktas\/hikvision-nvr-ds-7732ni-k4\/","url":"https:\/\/eheating.lt\/produktas\/hikvision-nvr-ds-7732ni-k4\/","name":"Hikvision NVR DS-7732NI-K4","isPartOf":{"@id":"https:\/\/eheating.lt\/#website"},"primaryImageOfPage":{"@id":"https:\/\/eheating.lt\/produktas\/hikvision-nvr-ds-7732ni-k4\/#primaryimage"},"image":{"@id":"https:\/\/eheating.lt\/produktas\/hikvision-nvr-ds-7732ni-k4\/#primaryimage"},"thumbnailUrl":"https:\/\/eheating.lt\/wp-content\/uploads\/2023\/10\/Hikvision-NVR-DS-7732NI-K4.png","datePublished":"2023-11-13T19:53:23+00:00","dateModified":"2024-07-11T15:54:43+00:00","description":"Hikvision NVR DS-7732NI-K4 ; Iki 32-ch IP kamer\u0173 kanal\u0173 ; Iki 8 Mpx \u012fra\u0161ymo rezoliucija ; \u012eeinantis srautas iki 256Mbps ; 4 SATA s\u0105sajos","breadcrumb":{"@id":"https:\/\/eheating.lt\/produktas\/hikvision-nvr-ds-7732ni-k4\/#breadcrumb"},"inLanguage":"en-US","potentialAction":[{"@type":"ReadAction","target":["https:\/\/eheating.lt\/produktas\/hikvision-nvr-ds-7732ni-k4\/"]}]},{"@type":"ImageObject","inLanguage":"en-US","@id":"https:\/\/eheating.lt\/produktas\/hikvision-nvr-ds-7732ni-k4\/#primaryimage","url":"https:\/\/eheating.lt\/wp-content\/uploads\/2023\/10\/Hikvision-NVR-DS-7732NI-K4.png","contentUrl":"https:\/\/eheating.lt\/wp-content\/uploads\/2023\/10\/Hikvision-NVR-DS-7732NI-K4.png","width":800,"height":800,"caption":"Hikvision NVR DS-7732NI-K4"},{"@type":"BreadcrumbList","@id":"https:\/\/eheating.lt\/produktas\/hikvision-nvr-ds-7732ni-k4\/#breadcrumb","itemListElement":[{"@type":"ListItem","position":1,"name":"Prad\u017eia","item":"https:\/\/eheating.lt\/en\/"},{"@type":"ListItem","position":2,"name":"Shop","item":"https:\/\/eheating.lt\/en\/?page_id=5734"},{"@type":"ListItem","position":3,"name":"Hikvision NVR DS-7732NI-K4"}]},{"@type":"WebSite","@id":"https:\/\/eheating.lt\/#website","url":"https:\/\/eheating.lt\/","name":"eHeating","description":"Elektronika ir \u0161ildymas","potentialAction":[{"@type":"SearchAction","target":{"@type":"EntryPoint","urlTemplate":"https:\/\/eheating.lt\/?s={search_term_string}"},"query-input":{"@type":"PropertyValueSpecification","valueRequired":true,"valueName":"search_term_string"}}],"inLanguage":"en-US"}]},"product_price_amount":"640.00","product_price_currency":"EUR","og_availability":"instock","product_availability":"instock","product_retailer_item_id":"ba7f7e55a317","product_condition":"new"},"_links":{"self":[{"href":"https:\/\/eheating.lt\/en\/wp-json\/wp\/v2\/product\/18910","targetHints":{"allow":["GET"]}}],"collection":[{"href":"https:\/\/eheating.lt\/en\/wp-json\/wp\/v2\/product"}],"about":[{"href":"https:\/\/eheating.lt\/en\/wp-json\/wp\/v2\/types\/product"}],"replies":[{"embeddable":true,"href":"https:\/\/eheating.lt\/en\/wp-json\/wp\/v2\/comments?post=18910"}],"version-history":[{"count":0,"href":"https:\/\/eheating.lt\/en\/wp-json\/wp\/v2\/product\/18910\/revisions"}],"wp:featuredmedia":[{"embeddable":true,"href":"https:\/\/eheating.lt\/en\/wp-json\/wp\/v2\/media\/28302"}],"wp:attachment":[{"href":"https:\/\/eheating.lt\/en\/wp-json\/wp\/v2\/media?parent=18910"}],"wp:term":[{"taxonomy":"product_brand","embeddable":true,"href":"https:\/\/eheating.lt\/en\/wp-json\/wp\/v2\/product_brand?post=18910"},{"taxonomy":"product_cat","embeddable":true,"href":"https:\/\/eheating.lt\/en\/wp-json\/wp\/v2\/product_cat?post=18910"},{"taxonomy":"product_tag","embeddable":true,"href":"https:\/\/eheating.lt\/en\/wp-json\/wp\/v2\/product_tag?post=18910"}],"curies":[{"name":"wp","href":"https:\/\/api.w.org\/{rel}","templated":true}]}}