{"id":18892,"date":"2023-11-13T21:54:27","date_gmt":"2023-11-13T19:54:27","guid":{"rendered":"https:\/\/eheating.lt\/?post_type=product&#038;p=18892"},"modified":"2024-07-11T18:55:01","modified_gmt":"2024-07-11T15:55:01","slug":"hikvision-nvr-ds-9664ni-i8","status":"publish","type":"product","link":"https:\/\/eheating.lt\/en\/produktas\/hikvision-nvr-ds-9664ni-i8\/","title":{"rendered":"Hikvision NVR DS-9664NI-I8"},"content":{"rendered":"<table>\n<tbody>\n<tr>\n<td>IP vaizdo \u012fvestys<\/td>\n<td>64-ch<\/td>\n<\/tr>\n<tr>\n<td>Dvipus\u0117 garso \u012fvestis<\/td>\n<td>1-ch,\u00a0RCA\u00a0(2.0\u00a0Vp-p,\u00a01k\u03a9)<\/td>\n<\/tr>\n<tr>\n<td>\u012eeinantis srautas<\/td>\n<td>320Mbps\u00a0or\u00a0200Mbps(when\u00a0RAID\u00a0is\u00a0enabled)<\/td>\n<\/tr>\n<tr>\n<td>I\u0161einantis srautas<\/td>\n<td>256Mpbs\u00a0or\u00a0200Mbps(when\u00a0RAID\u00a0is\u00a0enabled)<\/td>\n<\/tr>\n<tr>\n<td>Nuotolini\u0173 prisijungim\u0173 skai\u010dius<\/td>\n<td>128<\/td>\n<\/tr>\n<tr>\n<td>HDMI\/VGA i\u0161vestys<\/td>\n<td>2-ch,\u00a0resolution:<br \/>\nHMDI1:4K\u00a0(3840\u00a0\u00d7\u00a02160)\/60Hz,<br \/>\n4K\u00a0(3840\u00a0\u00d7\u00a02160)\/30Hz,\u00a02K\u00a0(2560\u00a0\u00d7\u00a01440)\/60Hz, ;1920\u00a0\u00d7\u00a01080p\/60Hz,\u00a01600&amp; ;\u00d7\u00a01200\/60Hz,\u00a01280\u00a0\u00d7 p;1024\/60Hz,\u00a01280\u00a0\u00d7\u00a0720\/60Hz,\u00a01024\u00a0\u00d7\u00a0768\/60Hz<br \/>\nVGA1:\u00a02K\u00a0(2560\u00a0\u00d7\u00a01440)\/60Hz,\u00a01920\u00a0\u00d7\u00a01080p\/60Hz,\u00a01600\u00a0\u00d7\u00a01200\/60Hz,\u00a01280\u00a0\u00d7\u00a01024\/60Hz,\u00a01280 ;\u00d7\u00a0720\/60Hz,\u00a01024\u00a0\u00d7 ;768\/60Hz<br \/>\nHDMI2\/VGA2:1920\u00a0\u00d7\u00a01080p\/60Hz,\u00a01280\u00a0\u00d7\u00a01024\/60Hz,\u00a01280\u00a0\u00d7\u00a0720\/60Hz,\u00a01024\u00a0\u00d7\u00a0768\/60Hz ;<\/td>\n<\/tr>\n<tr>\n<td>Ra\u0161ymo rai\u0161ka<\/td>\n<td>12MP\/8MP\/6MP\/5MP\/4MP\/3MP\/1080p\/UXGA\/720p\/VGA\/4CIF\/DCIF\/2CIF\/CIF\/QCIF<\/td>\n<\/tr>\n<tr>\n<td>Garso i\u0161vestis<\/td>\n<td>2-ch,\u00a0RCA\u00a0(2.0Vp-p,\u00a01K\u03a9)<\/td>\n<\/tr>\n<tr>\n<td>Sinchroninis atk\u016brimas<\/td>\n<td>16-ch<\/td>\n<\/tr>\n<tr>\n<td>Gyvas vaizdas \/ atk\u016brimas<\/td>\n<td>12MP\/8MP\/6MP\/5MP\/4MP\/3MP\/1080p\/UXGA\/720p\/VGA\/4CIF\/DCIF\/2CIF\/CIF\/QCIF<\/td>\n<\/tr>\n<tr>\n<td>Dekodavimo galimyb\u0117<\/td>\n<td>4-ch@8MP,16-ch@1080P<\/td>\n<\/tr>\n<tr>\n<td>SATA<\/td>\n<td>8\u00a0SATA\u00a0interfaces\u00a0for\u00a08\u00a0HDDs<\/td>\n<\/tr>\n<tr>\n<td>S\u0105sajos tipas<\/td>\n<td>1\u00a0eSATA\u00a0interface<\/td>\n<\/tr>\n<tr>\n<td>Talpa<\/td>\n<td>Up\u00a0to\u00a06TB\u00a0capacity\u00a0for\u00a0each\u00a0HDD<\/td>\n<\/tr>\n<tr>\n<td>RAID tipas<\/td>\n<td>RAID0,\u00a0RAID1,\u00a0RAID5,\u00a0RAID10<\/td>\n<\/tr>\n<tr>\n<td>Masyv\u0173 skai\u010dius<\/td>\n<td>4<\/td>\n<\/tr>\n<tr>\n<td>Tinklo s\u0105sajos<\/td>\n<td>2\u00a0RJ-45\u00a010\/100\/1000Mbps\u00a0self-adaptive\u00a0Ethernet\u00a0interfaces<\/td>\n<\/tr>\n<tr>\n<td>Serial s\u0105saja<\/td>\n<td>RS-232,\u00a0RS-485,\u00a0Keyboard<\/td>\n<\/tr>\n<tr>\n<td>USB s\u0105sajos<\/td>\n<td>Front\u00a0panel:\u00a02\u00a0\u00d7\u00a0USB\u00a02.0<br \/>\nRear\u00a0panel:\u00a01\u00a0\u00d7\u00a0USB\u00a03.0<\/td>\n<\/tr>\n<tr>\n<td>Pavojaus signalo \u012fvestys<\/td>\n<td>16-ch<\/td>\n<\/tr>\n<tr>\n<td>Pavojaus signalo i\u0161vestys<\/td>\n<td>4-ch<\/td>\n<\/tr>\n<tr>\n<td>Maitinimas<\/td>\n<td>100\u00a0to\u00a0240\u00a0VAC,\u00a050\u00a0to\u00a060\u00a0Hz<\/td>\n<\/tr>\n<tr>\n<td>Energijos suvartojimas<\/td>\n<td>\u226430\u00a0W<\/td>\n<\/tr>\n<tr>\n<td>Darbo temperat\u016bra<\/td>\n<td>-10\u00a0\u00baC\u00a0~\u00a0+55\u00a0\u00baC\u00a0(+14\u00a0\u00baF~\u00a0+\u00a0131\u00a0\u00baF)<\/td>\n<\/tr>\n<tr>\n<td>Santykinis oro dr\u0117gnumas<\/td>\n<td>10\u00a0%\u00a0~\u00a090\u00a0%<\/td>\n<\/tr>\n<tr>\n<td>Korpusas<\/td>\n<td>19-inch\u00a0rack-mounted\u00a02U\u00a0chassis<\/td>\n<\/tr>\n<tr>\n<td>I\u0161matavimai<\/td>\n<td>445\u00a0\u00d7\u00a0470\u00a0\u00d790\u00a0mm\u00a0(17.5&#8243;\u00d7\u00a018.5&#8243;\u00a0\u00d7\u00a03.5&#8243;)<\/td>\n<\/tr>\n<tr>\n<td>Svoris<\/td>\n<td>\u2264\u00a010\u00a0Kg\u00a0(22\u00a0lb)<\/td>\n<\/tr>\n<\/tbody>\n<\/table>\n","protected":false},"excerpt":{"rendered":"<ul>\n<li>64 kanal\u0173 NVR<\/li>\n<li>8 SATA s\u0105sajos (iki 6TB talpos kiekvienam HDD)<\/li>\n<li>\u012eeinantis srautas iki 320Mbps<\/li>\n<li>Iki 12 Mpx ra\u0161ymo rai\u0161ka<\/li>\n<li>Garso \u012fvestis\/i\u0161vestis<\/li>\n<li>Pavojaus signalo \u012fvestis\/i\u0161vestis<\/li>\n<li>2 HDMI\/VGA i\u0161vestys<\/li>\n<\/ul>\n","protected":false},"featured_media":28314,"comment_status":"closed","ping_status":"closed","template":"","meta":[],"product_brand":[],"product_cat":[488,533,440],"product_tag":[],"class_list":{"0":"post-18892","1":"product","2":"type-product","3":"status-publish","4":"has-post-thumbnail","6":"product_cat-64-kanalu-nvr","7":"product_cat-ip-vaizdo-stebejimo-sistemos","8":"product_cat-ip-vaizdo-irasymo-irenginiai","10":"first","11":"instock","12":"taxable","13":"shipping-taxable","14":"purchasable","15":"product-type-simple"},"yoast_head":"<!-- This site is optimized with the Yoast SEO Premium plugin v21.5 (Yoast SEO v27.4) - https:\/\/yoast.com\/product\/yoast-seo-premium-wordpress\/ -->\n<title>Hikvision NVR DS-9664NI-I8<\/title>\n<meta name=\"description\" content=\"Hikvision NVR DS-9664NI-I8 ; Iki 64-ch IP kamer\u0173 kanal\u0173 ; 8 SATA s\u0105sajos ; \u012eeinantis srautas iki 320Mbps ; Iki 12 Mpx ra\u0161ymo rai\u0161ka\" \/>\n<meta name=\"robots\" content=\"index, follow, max-snippet:-1, max-image-preview:large, max-video-preview:-1\" \/>\n<link rel=\"canonical\" href=\"https:\/\/eheating.lt\/produktas\/hikvision-nvr-ds-9664ni-i8\/\" \/>\n<meta property=\"og:locale\" content=\"en_US\" \/>\n<meta property=\"og:type\" content=\"article\" \/>\n<meta property=\"og:title\" content=\"Hikvision NVR DS-9664NI-I8\" \/>\n<meta property=\"og:description\" content=\"Hikvision NVR DS-9664NI-I8 ; Iki 64-ch IP kamer\u0173 kanal\u0173 ; 8 SATA s\u0105sajos ; \u012eeinantis srautas iki 320Mbps ; Iki 12 Mpx ra\u0161ymo rai\u0161ka\" \/>\n<meta property=\"og:url\" content=\"https:\/\/eheating.lt\/produktas\/hikvision-nvr-ds-9664ni-i8\/\" \/>\n<meta property=\"og:site_name\" content=\"Elektronika Namams\" \/>\n<meta property=\"article:publisher\" content=\"https:\/\/www.facebook.com\/ElektronikaNamams\" \/>\n<meta property=\"article:modified_time\" content=\"2024-07-11T15:55:01+00:00\" \/>\n<meta property=\"og:image\" content=\"https:\/\/eheating.lt\/wp-content\/uploads\/2023\/10\/Hikvision-NVR-DS-9664NI-I8.png\" \/>\n\t<meta property=\"og:image:width\" content=\"800\" \/>\n\t<meta property=\"og:image:height\" content=\"800\" \/>\n\t<meta property=\"og:image:type\" content=\"image\/png\" \/>\n<meta name=\"twitter:card\" content=\"summary_large_image\" \/>\n<meta name=\"twitter:label1\" content=\"Price\" \/>\n\t<meta name=\"twitter:data1\" content=\"3199,77&nbsp;&euro;\" \/>\n\t<meta name=\"twitter:label2\" content=\"Availability\" \/>\n\t<meta name=\"twitter:data2\" content=\"In stock\" \/>\n<script type=\"application\/ld+json\" class=\"yoast-schema-graph\">{\"@context\":\"https:\\\/\\\/schema.org\",\"@graph\":[{\"@type\":\"WebPage\",\"@id\":\"https:\\\/\\\/eheating.lt\\\/produktas\\\/hikvision-nvr-ds-9664ni-i8\\\/\",\"url\":\"https:\\\/\\\/eheating.lt\\\/produktas\\\/hikvision-nvr-ds-9664ni-i8\\\/\",\"name\":\"Hikvision NVR DS-9664NI-I8\",\"isPartOf\":{\"@id\":\"https:\\\/\\\/eheating.lt\\\/#website\"},\"primaryImageOfPage\":{\"@id\":\"https:\\\/\\\/eheating.lt\\\/produktas\\\/hikvision-nvr-ds-9664ni-i8\\\/#primaryimage\"},\"image\":{\"@id\":\"https:\\\/\\\/eheating.lt\\\/produktas\\\/hikvision-nvr-ds-9664ni-i8\\\/#primaryimage\"},\"thumbnailUrl\":\"https:\\\/\\\/eheating.lt\\\/wp-content\\\/uploads\\\/2023\\\/10\\\/Hikvision-NVR-DS-9664NI-I8.png\",\"datePublished\":\"2023-11-13T19:54:27+00:00\",\"dateModified\":\"2024-07-11T15:55:01+00:00\",\"description\":\"Hikvision NVR DS-9664NI-I8 ; Iki 64-ch IP kamer\u0173 kanal\u0173 ; 8 SATA s\u0105sajos ; \u012eeinantis srautas iki 320Mbps ; Iki 12 Mpx ra\u0161ymo rai\u0161ka\",\"breadcrumb\":{\"@id\":\"https:\\\/\\\/eheating.lt\\\/produktas\\\/hikvision-nvr-ds-9664ni-i8\\\/#breadcrumb\"},\"inLanguage\":\"en-US\",\"potentialAction\":[{\"@type\":\"ReadAction\",\"target\":[\"https:\\\/\\\/eheating.lt\\\/produktas\\\/hikvision-nvr-ds-9664ni-i8\\\/\"]}]},{\"@type\":\"ImageObject\",\"inLanguage\":\"en-US\",\"@id\":\"https:\\\/\\\/eheating.lt\\\/produktas\\\/hikvision-nvr-ds-9664ni-i8\\\/#primaryimage\",\"url\":\"https:\\\/\\\/eheating.lt\\\/wp-content\\\/uploads\\\/2023\\\/10\\\/Hikvision-NVR-DS-9664NI-I8.png\",\"contentUrl\":\"https:\\\/\\\/eheating.lt\\\/wp-content\\\/uploads\\\/2023\\\/10\\\/Hikvision-NVR-DS-9664NI-I8.png\",\"width\":800,\"height\":800,\"caption\":\"Hikvision NVR DS-9664NI-I8\"},{\"@type\":\"BreadcrumbList\",\"@id\":\"https:\\\/\\\/eheating.lt\\\/produktas\\\/hikvision-nvr-ds-9664ni-i8\\\/#breadcrumb\",\"itemListElement\":[{\"@type\":\"ListItem\",\"position\":1,\"name\":\"Prad\u017eia\",\"item\":\"https:\\\/\\\/eheating.lt\\\/en\\\/\"},{\"@type\":\"ListItem\",\"position\":2,\"name\":\"Shop\",\"item\":\"https:\\\/\\\/eheating.lt\\\/en\\\/?page_id=5734\"},{\"@type\":\"ListItem\",\"position\":3,\"name\":\"Hikvision NVR DS-9664NI-I8\"}]},{\"@type\":\"WebSite\",\"@id\":\"https:\\\/\\\/eheating.lt\\\/#website\",\"url\":\"https:\\\/\\\/eheating.lt\\\/\",\"name\":\"eHeating\",\"description\":\"Elektronika ir \u0161ildymas\",\"potentialAction\":[{\"@type\":\"SearchAction\",\"target\":{\"@type\":\"EntryPoint\",\"urlTemplate\":\"https:\\\/\\\/eheating.lt\\\/?s={search_term_string}\"},\"query-input\":{\"@type\":\"PropertyValueSpecification\",\"valueRequired\":true,\"valueName\":\"search_term_string\"}}],\"inLanguage\":\"en-US\"}]}<\/script>\n<meta property=\"product:price:amount\" content=\"3199.77\" \/>\n<meta property=\"product:price:currency\" content=\"EUR\" \/>\n<meta property=\"og:availability\" content=\"instock\" \/>\n<meta property=\"product:availability\" content=\"instock\" \/>\n<meta property=\"product:retailer_item_id\" content=\"efdee274e7ea\" \/>\n<meta property=\"product:condition\" content=\"new\" \/>\n<!-- \/ Yoast SEO Premium plugin. -->","yoast_head_json":{"title":"Hikvision NVR DS-9664NI-I8","description":"Hikvision NVR DS-9664NI-I8 ; Iki 64-ch IP kamer\u0173 kanal\u0173 ; 8 SATA s\u0105sajos ; \u012eeinantis srautas iki 320Mbps ; Iki 12 Mpx ra\u0161ymo rai\u0161ka","robots":{"index":"index","follow":"follow","max-snippet":"max-snippet:-1","max-image-preview":"max-image-preview:large","max-video-preview":"max-video-preview:-1"},"canonical":"https:\/\/eheating.lt\/produktas\/hikvision-nvr-ds-9664ni-i8\/","og_locale":"en_US","og_type":"article","og_title":"Hikvision NVR DS-9664NI-I8","og_description":"Hikvision NVR DS-9664NI-I8 ; Iki 64-ch IP kamer\u0173 kanal\u0173 ; 8 SATA s\u0105sajos ; \u012eeinantis srautas iki 320Mbps ; Iki 12 Mpx ra\u0161ymo rai\u0161ka","og_url":"https:\/\/eheating.lt\/produktas\/hikvision-nvr-ds-9664ni-i8\/","og_site_name":"Elektronika Namams","article_publisher":"https:\/\/www.facebook.com\/ElektronikaNamams","article_modified_time":"2024-07-11T15:55:01+00:00","og_image":[{"width":800,"height":800,"url":"https:\/\/eheating.lt\/wp-content\/uploads\/2023\/10\/Hikvision-NVR-DS-9664NI-I8.png","type":"image\/png"}],"twitter_card":"summary_large_image","twitter_misc":{"Price":"3199,77&nbsp;&euro;","Availability":"In stock"},"schema":{"@context":"https:\/\/schema.org","@graph":[{"@type":"WebPage","@id":"https:\/\/eheating.lt\/produktas\/hikvision-nvr-ds-9664ni-i8\/","url":"https:\/\/eheating.lt\/produktas\/hikvision-nvr-ds-9664ni-i8\/","name":"Hikvision NVR DS-9664NI-I8","isPartOf":{"@id":"https:\/\/eheating.lt\/#website"},"primaryImageOfPage":{"@id":"https:\/\/eheating.lt\/produktas\/hikvision-nvr-ds-9664ni-i8\/#primaryimage"},"image":{"@id":"https:\/\/eheating.lt\/produktas\/hikvision-nvr-ds-9664ni-i8\/#primaryimage"},"thumbnailUrl":"https:\/\/eheating.lt\/wp-content\/uploads\/2023\/10\/Hikvision-NVR-DS-9664NI-I8.png","datePublished":"2023-11-13T19:54:27+00:00","dateModified":"2024-07-11T15:55:01+00:00","description":"Hikvision NVR DS-9664NI-I8 ; Iki 64-ch IP kamer\u0173 kanal\u0173 ; 8 SATA s\u0105sajos ; \u012eeinantis srautas iki 320Mbps ; Iki 12 Mpx ra\u0161ymo rai\u0161ka","breadcrumb":{"@id":"https:\/\/eheating.lt\/produktas\/hikvision-nvr-ds-9664ni-i8\/#breadcrumb"},"inLanguage":"en-US","potentialAction":[{"@type":"ReadAction","target":["https:\/\/eheating.lt\/produktas\/hikvision-nvr-ds-9664ni-i8\/"]}]},{"@type":"ImageObject","inLanguage":"en-US","@id":"https:\/\/eheating.lt\/produktas\/hikvision-nvr-ds-9664ni-i8\/#primaryimage","url":"https:\/\/eheating.lt\/wp-content\/uploads\/2023\/10\/Hikvision-NVR-DS-9664NI-I8.png","contentUrl":"https:\/\/eheating.lt\/wp-content\/uploads\/2023\/10\/Hikvision-NVR-DS-9664NI-I8.png","width":800,"height":800,"caption":"Hikvision NVR DS-9664NI-I8"},{"@type":"BreadcrumbList","@id":"https:\/\/eheating.lt\/produktas\/hikvision-nvr-ds-9664ni-i8\/#breadcrumb","itemListElement":[{"@type":"ListItem","position":1,"name":"Prad\u017eia","item":"https:\/\/eheating.lt\/en\/"},{"@type":"ListItem","position":2,"name":"Shop","item":"https:\/\/eheating.lt\/en\/?page_id=5734"},{"@type":"ListItem","position":3,"name":"Hikvision NVR DS-9664NI-I8"}]},{"@type":"WebSite","@id":"https:\/\/eheating.lt\/#website","url":"https:\/\/eheating.lt\/","name":"eHeating","description":"Elektronika ir \u0161ildymas","potentialAction":[{"@type":"SearchAction","target":{"@type":"EntryPoint","urlTemplate":"https:\/\/eheating.lt\/?s={search_term_string}"},"query-input":{"@type":"PropertyValueSpecification","valueRequired":true,"valueName":"search_term_string"}}],"inLanguage":"en-US"}]},"product_price_amount":"3199.77","product_price_currency":"EUR","og_availability":"instock","product_availability":"instock","product_retailer_item_id":"efdee274e7ea","product_condition":"new"},"_links":{"self":[{"href":"https:\/\/eheating.lt\/en\/wp-json\/wp\/v2\/product\/18892","targetHints":{"allow":["GET"]}}],"collection":[{"href":"https:\/\/eheating.lt\/en\/wp-json\/wp\/v2\/product"}],"about":[{"href":"https:\/\/eheating.lt\/en\/wp-json\/wp\/v2\/types\/product"}],"replies":[{"embeddable":true,"href":"https:\/\/eheating.lt\/en\/wp-json\/wp\/v2\/comments?post=18892"}],"version-history":[{"count":0,"href":"https:\/\/eheating.lt\/en\/wp-json\/wp\/v2\/product\/18892\/revisions"}],"wp:featuredmedia":[{"embeddable":true,"href":"https:\/\/eheating.lt\/en\/wp-json\/wp\/v2\/media\/28314"}],"wp:attachment":[{"href":"https:\/\/eheating.lt\/en\/wp-json\/wp\/v2\/media?parent=18892"}],"wp:term":[{"taxonomy":"product_brand","embeddable":true,"href":"https:\/\/eheating.lt\/en\/wp-json\/wp\/v2\/product_brand?post=18892"},{"taxonomy":"product_cat","embeddable":true,"href":"https:\/\/eheating.lt\/en\/wp-json\/wp\/v2\/product_cat?post=18892"},{"taxonomy":"product_tag","embeddable":true,"href":"https:\/\/eheating.lt\/en\/wp-json\/wp\/v2\/product_tag?post=18892"}],"curies":[{"name":"wp","href":"https:\/\/api.w.org\/{rel}","templated":true}]}}