{"id":18876,"date":"2023-11-13T21:51:47","date_gmt":"2023-11-13T19:51:47","guid":{"rendered":"https:\/\/eheating.lt\/?post_type=product&#038;p=18876"},"modified":"2024-07-11T18:55:21","modified_gmt":"2024-07-11T15:55:21","slug":"hikvision-nvr-ids-7716nxi-i4-sc","status":"publish","type":"product","link":"https:\/\/eheating.lt\/en\/produktas\/hikvision-nvr-ids-7716nxi-i4-sc\/","title":{"rendered":"Hikvision NVR iDS-7716NXI-I4\/S(C)"},"content":{"rendered":"<ul class=\"tech-specs-items-description\" data-target=\"Facial Recognition\">\n<li class=\"tech-specs-items-description-list\"><span class=\"tech-specs-items-description__title--heading\">Veid\u0173 atpa\u017einimas<\/span><\/li>\n<li class=\"tech-specs-items-description-list\"><span class=\"tech-specs-items-description__title\">Veido atpa\u017einimas ir analiz\u0117<\/span><span class=\"tech-specs-items-description__title-details\">Search by picture is supported<\/span><\/li>\n<li class=\"tech-specs-items-description-list\"><span class=\"tech-specs-items-description__title\">Veid\u0173 nuotrauk\u0173 saugykla<\/span><span class=\"tech-specs-items-description__title-details\">32 libraries\uff1b100, 000 pictures<\/span><\/li>\n<li class=\"tech-specs-items-description-list\"><span class=\"tech-specs-items-description__title\">Veid\u0173 nuotrauk\u0173 palyginimas<\/span><span class=\"tech-specs-items-description__title-details\">16-ch face pictures comparison alarm,Alarm linkage actions: recording, audio warning, notify surveillance center, send email<\/span><\/li>\n<\/ul>\n<ul class=\"tech-specs-items-description\" data-target=\"Perimeter Protection\">\n<li class=\"tech-specs-items-description-list\"><span class=\"tech-specs-items-description__title--heading\">Perimetro apsauga<\/span><\/li>\n<li class=\"tech-specs-items-description-list\"><span class=\"tech-specs-items-description__title\">\u017dmogaus\/Eismo analiz\u0117<\/span><span class=\"tech-specs-items-description__title-details\">Up to 16-ch 2 MP (H.264\/H.265) video analysis for human and vehicle recognition to reduce false alarm<\/span><\/li>\n<\/ul>\n<ul class=\"tech-specs-items-description\" data-target=\"Video and Audio\">\n<li class=\"tech-specs-items-description-list\"><span class=\"tech-specs-items-description__title--heading\">Vaizdas ir garsas<\/span><\/li>\n<li class=\"tech-specs-items-description-list\"><span class=\"tech-specs-items-description__title\">IP vaizdo \u012fvestis<\/span><span class=\"tech-specs-items-description__title-details\">16-ch\uff1bUp to 12 MP resolution<\/span><\/li>\n<li class=\"tech-specs-items-description-list\"><span class=\"tech-specs-items-description__title\">HDMI 1 i\u0161vestis<\/span><span class=\"tech-specs-items-description__title-details\">4K (3840 \u00d7 2160)\/60Hz, 4K (3840 \u00d7 2160)\/30Hz, 2K (2560 \u00d7 1440)\/60Hz, 1920 \u00d7 1080\/60Hz, 1600 \u00d7 1200\/60Hz, 1280 \u00d7 1024\/60Hz, 1280 \u00d7 720\/60Hz, 1024 \u00d7 768\/60Hz<\/span><\/li>\n<li class=\"tech-specs-items-description-list\"><span class=\"tech-specs-items-description__title\">HDMI 2 i\u0161vestis<\/span><span class=\"tech-specs-items-description__title-details\">1920 \u00d7 1080\/60Hz, 1280 \u00d7 1024\/60Hz, 1280 \u00d7 720\/60Hz, i\u0161vestis\u00d7 768\/60Hz<\/span><\/li>\n<li class=\"tech-specs-items-description-list\"><span class=\"tech-specs-items-description__title\">VGA i\u0161vestis<\/span><span class=\"tech-specs-items-description__title-details\">1920 \u00d7 1080\/60Hz, 1280 \u00d7 1024\/60Hz, 1280 \u00d7 720\/60Hz, 1024 \u00d7 768\/60Hz, HDMI1\/VGA Simultaneous Output<\/span><\/li>\n<li class=\"tech-specs-items-description-list\"><span class=\"tech-specs-items-description__title\">CVBS i\u0161vestis<\/span><span class=\"tech-specs-items-description__title-details\">1-ch, BNC (1.0 Vp-p, 75 \u03a9), resolution: PAL: 704 \u00d7 576, NTSC: 704 \u00d7 480<\/span><\/li>\n<li class=\"tech-specs-items-description-list\"><span class=\"tech-specs-items-description__title\">\u012eeinanti srautas<\/span><span class=\"tech-specs-items-description__title-details\">320 Mbps<\/span><\/li>\n<li class=\"tech-specs-items-description-list\"><span class=\"tech-specs-items-description__title\">I\u0161einantis srautas<\/span><span class=\"tech-specs-items-description__title-details\">256 Mbps<\/span><\/li>\n<li class=\"tech-specs-items-description-list\"><span class=\"tech-specs-items-description__title\">Garso i\u0161vestis<\/span><span class=\"tech-specs-items-description__title-details\">1-ch, RCA (Linear, 1 K\u03a9)<\/span><\/li>\n<li class=\"tech-specs-items-description-list\"><span class=\"tech-specs-items-description__title\">Dviej\u0173 kryp\u010di\u0173 garsas<\/span><span class=\"tech-specs-items-description__title-details\">1-ch, RCA (2.0 Vp-p, 1 k \u03a9)<\/span><\/li>\n<\/ul>\n<ul class=\"tech-specs-items-description\" data-target=\"Decoding\">\n<li class=\"tech-specs-items-description-list\"><span class=\"tech-specs-items-description__title--heading\">Kodavimas<\/span><\/li>\n<li class=\"tech-specs-items-description-list\"><span class=\"tech-specs-items-description__title\">I\u0161kodavimo formatai<\/span><span class=\"tech-specs-items-description__title-details\">H.265\/H.265+\/H.264\/H.264+\/MPEG4<\/span><\/li>\n<li class=\"tech-specs-items-description-list\"><span class=\"tech-specs-items-description__title\">I\u0161kodavimo paj\u0117gumas<\/span><span class=\"tech-specs-items-description__title-details\">16-ch @ 1080p<\/span><\/li>\n<li class=\"tech-specs-items-description-list\"><span class=\"tech-specs-items-description__title\">Sinchroni\u0161kas atk\u016brimas<\/span><span class=\"tech-specs-items-description__title-details\">16-ch<\/span><\/li>\n<li class=\"tech-specs-items-description-list\"><span class=\"tech-specs-items-description__title\">\u012era\u0161ymo rai\u0161ka<\/span><span class=\"tech-specs-items-description__title-details\">12 MP\/8 MP\/6 MP\/5 MP\/4 MP\/3 MP\/1080p\/UXGA\/720p\/VGA \/4CIF\/DCIF\/2CIF\/CIF\/QCIF<\/span><\/li>\n<\/ul>\n<ul class=\"tech-specs-items-description\" data-target=\"Network\">\n<li class=\"tech-specs-items-description-list\"><span class=\"tech-specs-items-description__title--heading\">Tinklas<\/span><\/li>\n<li class=\"tech-specs-items-description-list\"><span class=\"tech-specs-items-description__title\">Tinklo protokolai<\/span><span class=\"tech-specs-items-description__title-details\">TCP\/IP, DHCP, Hik-Connect, DNS, DDNS, NTP, SADP, SMTP, NFS, iSCSI, UPnP\u2122, HTTPS<\/span><\/li>\n<li class=\"tech-specs-items-description-list\"><span class=\"tech-specs-items-description__title\">Nuotolinis prisijungimas<\/span><span class=\"tech-specs-items-description__title-details\">128<\/span><\/li>\n<li class=\"tech-specs-items-description-list\"><span class=\"tech-specs-items-description__title\">Ry\u0161io s\u0105saja<\/span><span class=\"tech-specs-items-description__title-details\">2 RJ-45 10\/100\/1000 Mbps self-adaptive Ethernet interfaces<\/span><\/li>\n<\/ul>\n<ul class=\"tech-specs-items-description\" data-target=\"Auxiliary Interface\">\n<li class=\"tech-specs-items-description-list\"><span class=\"tech-specs-items-description__title--heading\">Pagalbin\u0117 s\u0105saja<\/span><\/li>\n<li class=\"tech-specs-items-description-list\"><span class=\"tech-specs-items-description__title\">SATA jungtis<\/span><span class=\"tech-specs-items-description__title-details\">4 SATA interfaces<\/span><\/li>\n<li class=\"tech-specs-items-description-list\"><span class=\"tech-specs-items-description__title\">eSATA jungtis<\/span><span class=\"tech-specs-items-description__title-details\">1 eSATA interface<\/span><\/li>\n<li class=\"tech-specs-items-description-list\"><span class=\"tech-specs-items-description__title\">Talpa<\/span><span class=\"tech-specs-items-description__title-details\">Up to 10 TB capacity for each HDD<\/span><\/li>\n<li class=\"tech-specs-items-description-list\"><span class=\"tech-specs-items-description__title\">Serial jungtis<\/span><span class=\"tech-specs-items-description__title-details\">RS-485 (half-duplex), RS-232, Keyboard<\/span><\/li>\n<li class=\"tech-specs-items-description-list\"><span class=\"tech-specs-items-description__title\">USB jungtis<\/span><span class=\"tech-specs-items-description__title-details\">Front panel: 2 \u00d7 USB 2.0; Rear panel: 1 \u00d7 USB 3.0<\/span><\/li>\n<li class=\"tech-specs-items-description-list\"><span class=\"tech-specs-items-description__title\">Signalizacija In\/Out<\/span><span class=\"tech-specs-items-description__title-details\">16\/8<\/span><\/li>\n<\/ul>\n<ul class=\"tech-specs-items-description\" data-target=\"General\">\n<li class=\"tech-specs-items-description-list\"><span class=\"tech-specs-items-description__title--heading\">Pagrindinis<\/span><\/li>\n<li class=\"tech-specs-items-description-list\"><span class=\"tech-specs-items-description__title\">Maitinimas<\/span><span class=\"tech-specs-items-description__title-details\">\u2264 80 W<\/span><\/li>\n<li class=\"tech-specs-items-description-list\"><span class=\"tech-specs-items-description__title\">Energijos sunaudojimas<\/span><span class=\"tech-specs-items-description__title-details\">\u2264 30 W<\/span><\/li>\n<li class=\"tech-specs-items-description-list\"><span class=\"tech-specs-items-description__title\">Darbin\u0117s s\u0105lygos (temperat\u016bra)<\/span><span class=\"tech-specs-items-description__title-details\">-10 \u00b0C to 55 \u00b0C (14 \u00b0F to 131 \u00b0F)<\/span><\/li>\n<li class=\"tech-specs-items-description-list\"><span class=\"tech-specs-items-description__title\">Darbin\u0117s s\u0105lygos (dr\u0117gm\u0117)<\/span><span class=\"tech-specs-items-description__title-details\">10 to 90 %<\/span><\/li>\n<li class=\"tech-specs-items-description-list\"><span class=\"tech-specs-items-description__title\">R\u0117mas<\/span><span class=\"tech-specs-items-description__title-details\">19-inch rack-mounted 1.5U chassis<\/span><\/li>\n<li class=\"tech-specs-items-description-list\"><span class=\"tech-specs-items-description__title\">Dydis(W \u00d7 D \u00d7 H)<\/span><span class=\"tech-specs-items-description__title-details\">445 \u00d7 400 \u00d771 mm ( 17.5&#8243;\u00d7 15.7&#8243; \u00d7 2.8&#8243;)<\/span><\/li>\n<li class=\"tech-specs-items-description-list\"><span class=\"tech-specs-items-description__title\">Svoris<\/span><span class=\"tech-specs-items-description__title-details\"> 5 kg (11 lb)<\/span><\/li>\n<\/ul>\n","protected":false},"excerpt":{"rendered":"<ul>\n<li>H.265\/H.265+\/H.264\/H.264 vaizdo formatai<\/li>\n<li>16 PoE jung\u010di\u0173<\/li>\n<li>4 SATA s\u0105sajos<\/li>\n<li>Iki 16 kanal\u0173 perimetro apsauga<\/li>\n<li>Iki 8 kanal\u0173 veido atpa\u017einimas vaizdo formatui ir iki 16 kanal\u0173 veido atpa\u017einimas nuotrauk\u0173 formatui<\/li>\n<li>Iki 4 kanal\u0173 vaizdo strukt\u016brizavimas<\/li>\n<li>Iki 16 kanal\u0173 1080p i\u0161kodavimas<\/li>\n<\/ul>\n","protected":false},"featured_media":28258,"comment_status":"closed","ping_status":"closed","template":"","meta":[],"product_brand":[],"product_cat":[485,533,440],"product_tag":[],"class_list":{"0":"post-18876","1":"product","2":"type-product","3":"status-publish","4":"has-post-thumbnail","6":"product_cat-16-kanalu-nvr","7":"product_cat-ip-vaizdo-stebejimo-sistemos","8":"product_cat-ip-vaizdo-irasymo-irenginiai","10":"first","11":"instock","12":"taxable","13":"shipping-taxable","14":"purchasable","15":"product-type-simple"},"yoast_head":"<!-- This site is optimized with the Yoast SEO Premium plugin v21.5 (Yoast SEO v27.4) - https:\/\/yoast.com\/product\/yoast-seo-premium-wordpress\/ -->\n<title>Hikvision NVR iDS-7716NXI-I4\/S(C)<\/title>\n<meta name=\"description\" content=\"Hikvision NVR iDS-7716NXI-I4\/S(C) ; 16 PoE jung\u010di\u0173 ; 4 SATA s\u0105sajos ; Iki 16 kanal\u0173 perimetro apsauga ; Iki 8 kanal\u0173 veido atpa\u017einimas\" \/>\n<meta name=\"robots\" content=\"index, follow, max-snippet:-1, max-image-preview:large, max-video-preview:-1\" \/>\n<link rel=\"canonical\" href=\"https:\/\/eheating.lt\/produktas\/hikvision-nvr-ids-7716nxi-i4-sc\/\" \/>\n<meta property=\"og:locale\" content=\"en_US\" \/>\n<meta property=\"og:type\" content=\"article\" \/>\n<meta property=\"og:title\" content=\"Hikvision NVR iDS-7716NXI-I4\/S(C)\" \/>\n<meta property=\"og:description\" content=\"Hikvision NVR iDS-7716NXI-I4\/S(C) ; 16 PoE jung\u010di\u0173 ; 4 SATA s\u0105sajos ; Iki 16 kanal\u0173 perimetro apsauga ; Iki 8 kanal\u0173 veido atpa\u017einimas\" \/>\n<meta property=\"og:url\" content=\"https:\/\/eheating.lt\/produktas\/hikvision-nvr-ids-7716nxi-i4-sc\/\" \/>\n<meta property=\"og:site_name\" content=\"Elektronika Namams\" \/>\n<meta property=\"article:publisher\" content=\"https:\/\/www.facebook.com\/ElektronikaNamams\" \/>\n<meta property=\"article:modified_time\" content=\"2024-07-11T15:55:21+00:00\" \/>\n<meta property=\"og:image\" content=\"https:\/\/eheating.lt\/wp-content\/uploads\/2023\/10\/Hikvision-NVR-iDS-7716NXI-I4SC.png\" \/>\n\t<meta property=\"og:image:width\" content=\"800\" \/>\n\t<meta property=\"og:image:height\" content=\"800\" \/>\n\t<meta property=\"og:image:type\" content=\"image\/png\" \/>\n<meta name=\"twitter:card\" content=\"summary_large_image\" \/>\n<meta name=\"twitter:label1\" content=\"Price\" \/>\n\t<meta name=\"twitter:data1\" content=\"2102,00&nbsp;&euro;\" \/>\n\t<meta name=\"twitter:label2\" content=\"Availability\" \/>\n\t<meta name=\"twitter:data2\" content=\"In stock\" \/>\n<script type=\"application\/ld+json\" class=\"yoast-schema-graph\">{\"@context\":\"https:\\\/\\\/schema.org\",\"@graph\":[{\"@type\":\"WebPage\",\"@id\":\"https:\\\/\\\/eheating.lt\\\/produktas\\\/hikvision-nvr-ids-7716nxi-i4-sc\\\/\",\"url\":\"https:\\\/\\\/eheating.lt\\\/produktas\\\/hikvision-nvr-ids-7716nxi-i4-sc\\\/\",\"name\":\"Hikvision NVR iDS-7716NXI-I4\\\/S(C)\",\"isPartOf\":{\"@id\":\"https:\\\/\\\/eheating.lt\\\/#website\"},\"primaryImageOfPage\":{\"@id\":\"https:\\\/\\\/eheating.lt\\\/produktas\\\/hikvision-nvr-ids-7716nxi-i4-sc\\\/#primaryimage\"},\"image\":{\"@id\":\"https:\\\/\\\/eheating.lt\\\/produktas\\\/hikvision-nvr-ids-7716nxi-i4-sc\\\/#primaryimage\"},\"thumbnailUrl\":\"https:\\\/\\\/eheating.lt\\\/wp-content\\\/uploads\\\/2023\\\/10\\\/Hikvision-NVR-iDS-7716NXI-I4SC.png\",\"datePublished\":\"2023-11-13T19:51:47+00:00\",\"dateModified\":\"2024-07-11T15:55:21+00:00\",\"description\":\"Hikvision NVR iDS-7716NXI-I4\\\/S(C) ; 16 PoE jung\u010di\u0173 ; 4 SATA s\u0105sajos ; Iki 16 kanal\u0173 perimetro apsauga ; Iki 8 kanal\u0173 veido atpa\u017einimas\",\"breadcrumb\":{\"@id\":\"https:\\\/\\\/eheating.lt\\\/produktas\\\/hikvision-nvr-ids-7716nxi-i4-sc\\\/#breadcrumb\"},\"inLanguage\":\"en-US\",\"potentialAction\":[{\"@type\":\"ReadAction\",\"target\":[\"https:\\\/\\\/eheating.lt\\\/produktas\\\/hikvision-nvr-ids-7716nxi-i4-sc\\\/\"]}]},{\"@type\":\"ImageObject\",\"inLanguage\":\"en-US\",\"@id\":\"https:\\\/\\\/eheating.lt\\\/produktas\\\/hikvision-nvr-ids-7716nxi-i4-sc\\\/#primaryimage\",\"url\":\"https:\\\/\\\/eheating.lt\\\/wp-content\\\/uploads\\\/2023\\\/10\\\/Hikvision-NVR-iDS-7716NXI-I4SC.png\",\"contentUrl\":\"https:\\\/\\\/eheating.lt\\\/wp-content\\\/uploads\\\/2023\\\/10\\\/Hikvision-NVR-iDS-7716NXI-I4SC.png\",\"width\":800,\"height\":800,\"caption\":\"Hikvision NVR iDS-7716NXI-I4\\\/S(C)\"},{\"@type\":\"BreadcrumbList\",\"@id\":\"https:\\\/\\\/eheating.lt\\\/produktas\\\/hikvision-nvr-ids-7716nxi-i4-sc\\\/#breadcrumb\",\"itemListElement\":[{\"@type\":\"ListItem\",\"position\":1,\"name\":\"Prad\u017eia\",\"item\":\"https:\\\/\\\/eheating.lt\\\/en\\\/\"},{\"@type\":\"ListItem\",\"position\":2,\"name\":\"Shop\",\"item\":\"https:\\\/\\\/eheating.lt\\\/en\\\/?page_id=5734\"},{\"@type\":\"ListItem\",\"position\":3,\"name\":\"Hikvision NVR iDS-7716NXI-I4\\\/S(C)\"}]},{\"@type\":\"WebSite\",\"@id\":\"https:\\\/\\\/eheating.lt\\\/#website\",\"url\":\"https:\\\/\\\/eheating.lt\\\/\",\"name\":\"eHeating\",\"description\":\"Elektronika ir \u0161ildymas\",\"potentialAction\":[{\"@type\":\"SearchAction\",\"target\":{\"@type\":\"EntryPoint\",\"urlTemplate\":\"https:\\\/\\\/eheating.lt\\\/?s={search_term_string}\"},\"query-input\":{\"@type\":\"PropertyValueSpecification\",\"valueRequired\":true,\"valueName\":\"search_term_string\"}}],\"inLanguage\":\"en-US\"}]}<\/script>\n<meta property=\"product:price:amount\" content=\"2102.00\" \/>\n<meta property=\"product:price:currency\" content=\"EUR\" \/>\n<meta property=\"og:availability\" content=\"instock\" \/>\n<meta property=\"product:availability\" content=\"instock\" \/>\n<meta property=\"product:retailer_item_id\" content=\"148cc4eebe6f\" \/>\n<meta property=\"product:condition\" content=\"new\" \/>\n<!-- \/ Yoast SEO Premium plugin. -->","yoast_head_json":{"title":"Hikvision NVR iDS-7716NXI-I4\/S(C)","description":"Hikvision NVR iDS-7716NXI-I4\/S(C) ; 16 PoE jung\u010di\u0173 ; 4 SATA s\u0105sajos ; Iki 16 kanal\u0173 perimetro apsauga ; Iki 8 kanal\u0173 veido atpa\u017einimas","robots":{"index":"index","follow":"follow","max-snippet":"max-snippet:-1","max-image-preview":"max-image-preview:large","max-video-preview":"max-video-preview:-1"},"canonical":"https:\/\/eheating.lt\/produktas\/hikvision-nvr-ids-7716nxi-i4-sc\/","og_locale":"en_US","og_type":"article","og_title":"Hikvision NVR iDS-7716NXI-I4\/S(C)","og_description":"Hikvision NVR iDS-7716NXI-I4\/S(C) ; 16 PoE jung\u010di\u0173 ; 4 SATA s\u0105sajos ; Iki 16 kanal\u0173 perimetro apsauga ; Iki 8 kanal\u0173 veido atpa\u017einimas","og_url":"https:\/\/eheating.lt\/produktas\/hikvision-nvr-ids-7716nxi-i4-sc\/","og_site_name":"Elektronika Namams","article_publisher":"https:\/\/www.facebook.com\/ElektronikaNamams","article_modified_time":"2024-07-11T15:55:21+00:00","og_image":[{"width":800,"height":800,"url":"https:\/\/eheating.lt\/wp-content\/uploads\/2023\/10\/Hikvision-NVR-iDS-7716NXI-I4SC.png","type":"image\/png"}],"twitter_card":"summary_large_image","twitter_misc":{"Price":"2102,00&nbsp;&euro;","Availability":"In stock"},"schema":{"@context":"https:\/\/schema.org","@graph":[{"@type":"WebPage","@id":"https:\/\/eheating.lt\/produktas\/hikvision-nvr-ids-7716nxi-i4-sc\/","url":"https:\/\/eheating.lt\/produktas\/hikvision-nvr-ids-7716nxi-i4-sc\/","name":"Hikvision NVR iDS-7716NXI-I4\/S(C)","isPartOf":{"@id":"https:\/\/eheating.lt\/#website"},"primaryImageOfPage":{"@id":"https:\/\/eheating.lt\/produktas\/hikvision-nvr-ids-7716nxi-i4-sc\/#primaryimage"},"image":{"@id":"https:\/\/eheating.lt\/produktas\/hikvision-nvr-ids-7716nxi-i4-sc\/#primaryimage"},"thumbnailUrl":"https:\/\/eheating.lt\/wp-content\/uploads\/2023\/10\/Hikvision-NVR-iDS-7716NXI-I4SC.png","datePublished":"2023-11-13T19:51:47+00:00","dateModified":"2024-07-11T15:55:21+00:00","description":"Hikvision NVR iDS-7716NXI-I4\/S(C) ; 16 PoE jung\u010di\u0173 ; 4 SATA s\u0105sajos ; Iki 16 kanal\u0173 perimetro apsauga ; Iki 8 kanal\u0173 veido atpa\u017einimas","breadcrumb":{"@id":"https:\/\/eheating.lt\/produktas\/hikvision-nvr-ids-7716nxi-i4-sc\/#breadcrumb"},"inLanguage":"en-US","potentialAction":[{"@type":"ReadAction","target":["https:\/\/eheating.lt\/produktas\/hikvision-nvr-ids-7716nxi-i4-sc\/"]}]},{"@type":"ImageObject","inLanguage":"en-US","@id":"https:\/\/eheating.lt\/produktas\/hikvision-nvr-ids-7716nxi-i4-sc\/#primaryimage","url":"https:\/\/eheating.lt\/wp-content\/uploads\/2023\/10\/Hikvision-NVR-iDS-7716NXI-I4SC.png","contentUrl":"https:\/\/eheating.lt\/wp-content\/uploads\/2023\/10\/Hikvision-NVR-iDS-7716NXI-I4SC.png","width":800,"height":800,"caption":"Hikvision NVR iDS-7716NXI-I4\/S(C)"},{"@type":"BreadcrumbList","@id":"https:\/\/eheating.lt\/produktas\/hikvision-nvr-ids-7716nxi-i4-sc\/#breadcrumb","itemListElement":[{"@type":"ListItem","position":1,"name":"Prad\u017eia","item":"https:\/\/eheating.lt\/en\/"},{"@type":"ListItem","position":2,"name":"Shop","item":"https:\/\/eheating.lt\/en\/?page_id=5734"},{"@type":"ListItem","position":3,"name":"Hikvision NVR iDS-7716NXI-I4\/S(C)"}]},{"@type":"WebSite","@id":"https:\/\/eheating.lt\/#website","url":"https:\/\/eheating.lt\/","name":"eHeating","description":"Elektronika ir \u0161ildymas","potentialAction":[{"@type":"SearchAction","target":{"@type":"EntryPoint","urlTemplate":"https:\/\/eheating.lt\/?s={search_term_string}"},"query-input":{"@type":"PropertyValueSpecification","valueRequired":true,"valueName":"search_term_string"}}],"inLanguage":"en-US"}]},"product_price_amount":"2102.00","product_price_currency":"EUR","og_availability":"instock","product_availability":"instock","product_retailer_item_id":"148cc4eebe6f","product_condition":"new"},"_links":{"self":[{"href":"https:\/\/eheating.lt\/en\/wp-json\/wp\/v2\/product\/18876","targetHints":{"allow":["GET"]}}],"collection":[{"href":"https:\/\/eheating.lt\/en\/wp-json\/wp\/v2\/product"}],"about":[{"href":"https:\/\/eheating.lt\/en\/wp-json\/wp\/v2\/types\/product"}],"replies":[{"embeddable":true,"href":"https:\/\/eheating.lt\/en\/wp-json\/wp\/v2\/comments?post=18876"}],"version-history":[{"count":0,"href":"https:\/\/eheating.lt\/en\/wp-json\/wp\/v2\/product\/18876\/revisions"}],"wp:featuredmedia":[{"embeddable":true,"href":"https:\/\/eheating.lt\/en\/wp-json\/wp\/v2\/media\/28258"}],"wp:attachment":[{"href":"https:\/\/eheating.lt\/en\/wp-json\/wp\/v2\/media?parent=18876"}],"wp:term":[{"taxonomy":"product_brand","embeddable":true,"href":"https:\/\/eheating.lt\/en\/wp-json\/wp\/v2\/product_brand?post=18876"},{"taxonomy":"product_cat","embeddable":true,"href":"https:\/\/eheating.lt\/en\/wp-json\/wp\/v2\/product_cat?post=18876"},{"taxonomy":"product_tag","embeddable":true,"href":"https:\/\/eheating.lt\/en\/wp-json\/wp\/v2\/product_tag?post=18876"}],"curies":[{"name":"wp","href":"https:\/\/api.w.org\/{rel}","templated":true}]}}