{"id":18864,"date":"2023-11-13T21:49:00","date_gmt":"2023-11-13T19:49:00","guid":{"rendered":"https:\/\/eheating.lt\/?post_type=product&#038;p=18864"},"modified":"2024-07-11T18:55:39","modified_gmt":"2024-07-11T15:55:39","slug":"hikvision-nk44w0h-1twd-wi-fi-rinkinys","status":"publish","type":"product","link":"https:\/\/eheating.lt\/en\/produktas\/hikvision-nk44w0h-1twd-wi-fi-rinkinys\/","title":{"rendered":"Hikvision NK44W0H-1T(WD) Wi-Fi rinkinys"},"content":{"rendered":"<table>\n<tbody>\n<tr>\n<th colspan=\"2\">Vaizdo\/garso \u012fvestis<\/th>\n<\/tr>\n<tr>\n<td class=\"td1\">Garso \u012fvestis<\/td>\n<td>1-ch, RCA (2.0 Vp-p, 1k\u03a9)<\/td>\n<\/tr>\n<tr>\n<td class=\"td1\">IP vaizdo \u012fvestis<\/td>\n<td>4-ch<\/td>\n<\/tr>\n<tr>\n<td class=\"td1\">Garso i\u0161vestis<\/td>\n<td>1-ch, RCA (2.0Vp-p, 1k\u03a9)<\/td>\n<\/tr>\n<tr>\n<th colspan=\"2\">Tinklas<\/th>\n<\/tr>\n<tr>\n<td class=\"td1\">\u012eeinantis srautas<\/td>\n<td>50Mbps<\/td>\n<\/tr>\n<tr>\n<td class=\"td1\">I\u0161einantis srautas<\/td>\n<td>40Mbps<\/td>\n<\/tr>\n<tr>\n<th colspan=\"2\">Vaizdo\/garso i\u0161vestis<\/th>\n<\/tr>\n<tr>\n<td class=\"td1\">HDMI\/VGA i\u0161vestis<\/td>\n<td>1-ch, resolution:<br \/>\n1920 \u00d7 1080P \/60Hz, 1280 \u00d7 1024 \/60Hz, 1280 \u00d7 720 \/60Hz, 1024 \u00d7 768 \/60Hz<\/td>\n<\/tr>\n<tr>\n<td class=\"td1\">Garso i\u0161vestis<\/td>\n<td>1-ch, RCA (Linear, 1k\u03a9)<\/td>\n<\/tr>\n<tr>\n<th colspan=\"2\">Kodavimas<\/th>\n<\/tr>\n<tr>\n<td class=\"td1\">Paj\u0117gumas<\/td>\n<td>1-ch @ 4 MP \/ 2-ch @ 1080p<\/td>\n<\/tr>\n<tr>\n<th colspan=\"2\">Kietasis diskas<\/th>\n<\/tr>\n<tr>\n<td class=\"td1\">S\u0105sajos tipas<\/td>\n<td>1 SATA interface<\/td>\n<\/tr>\n<tr>\n<td class=\"td1\">SATA<\/td>\n<td>1 SATA interface for 1 HDD<\/td>\n<\/tr>\n<tr>\n<td class=\"td1\">Paj\u0117gumas<\/td>\n<td>Up to 6TB capacity for each HDD<\/td>\n<\/tr>\n<tr>\n<th colspan=\"2\">I\u0161orin\u0117 s\u0105saja<\/th>\n<\/tr>\n<tr>\n<td class=\"td1\">USB s\u0105saja<\/td>\n<td>2, USB2.0<\/td>\n<\/tr>\n<tr>\n<th colspan=\"2\">Pagrindin\u0117s savyb\u0117s<\/th>\n<\/tr>\n<tr>\n<td class=\"td1\">Maitinimas<\/td>\n<td>12 VDC<\/td>\n<\/tr>\n<tr>\n<td class=\"td1\">Veikimo temperat\u016bra<\/td>\n<td>-10 oC ~ +55 oC (+14 oF~ + 131 oF)<\/td>\n<\/tr>\n<tr>\n<td class=\"td1\">Santykinis oro dr\u0117gnumas<\/td>\n<td>10 % ~ 90 %<\/td>\n<\/tr>\n<tr>\n<td class=\"td1\">I\u0161matavimai<\/td>\n<td>260 \u00d7 246 \u00d7 48 mm (10.2&#8243; \u00d7 9.7&#8243; \u00d7 1.9&#8243;)<\/td>\n<\/tr>\n<tr>\n<td class=\"td1\">Svoris(be HDD):<\/td>\n<td>\u2264 1 kg (2.2 lb)<\/td>\n<\/tr>\n<tr>\n<th colspan=\"2\">Kamera<\/th>\n<\/tr>\n<tr>\n<td class=\"td1\">Sensorius<\/td>\n<td>1\/3&#8243; Progressive Scan CMOS<\/td>\n<\/tr>\n<tr>\n<td class=\"td1\">Signalo sistema<\/td>\n<td>PAL\/NTSC<\/td>\n<\/tr>\n<tr>\n<td class=\"td1\">Min. ap\u0161vietimas<\/td>\n<td>Color: 0.01 Lux @(F1.2; AGC ON), 0.028 Lux @(F2.0; AGC ON)<\/td>\n<\/tr>\n<tr>\n<td class=\"td1\">U\u017erakto laikas<\/td>\n<td>1\/3 s to 1\/100,000 s<\/td>\n<\/tr>\n<tr>\n<td class=\"td1\">L\u0117tas u\u017eraktas<\/td>\n<td>Support<\/td>\n<\/tr>\n<tr>\n<td class=\"td1\">Objektyvas<\/td>\n<td>2.8 mm, horizontal FOV: 100\u00b0, vertical FOV: 55\u00b0, diagonal FOV: 117\u00b0<br \/>\n4 mm, horizontal field of view: 75\u00b0, vertical FOV: 41\u00b0, diagonal FOV: 88\u00b0<\/td>\n<\/tr>\n<tr>\n<td class=\"td1\">Objektyvo montavimas<\/td>\n<td>M12<\/td>\n<\/tr>\n<tr>\n<td class=\"td1\">Reguliavimas<\/td>\n<td>Pan: 0\u00b0 to 360\u00b0, tilt: 0\u00b0 to 90\u00b0, rotate: 0\u00b0 to 360\u00b0<\/td>\n<\/tr>\n<tr>\n<td class=\"td1\">Diena\/naktis<\/td>\n<td>IR cut filter with auto switch<\/td>\n<\/tr>\n<tr>\n<td class=\"td1\">Paltus dinaminis diapazonas<\/td>\n<td>Digital WDR<\/td>\n<\/tr>\n<tr>\n<td class=\"td1\">Skaitmeninis triuk\u0161mo slopinimas<\/td>\n<td>3D DNR<\/td>\n<\/tr>\n<tr>\n<th colspan=\"2\">Suspaudimo standartai<\/th>\n<\/tr>\n<tr>\n<td class=\"td1\">Vaizdo suspaudimas<\/td>\n<td>H.265+\/H.265\/H.264+\/H.264\/MJPEG<\/td>\n<\/tr>\n<tr>\n<td class=\"td1\">Vaizdo sparta<\/td>\n<td>32Kbps~8Mbps<\/td>\n<\/tr>\n<tr>\n<td class=\"td1\">Garso suspaudimas<\/td>\n<td>G.711\/G.722.1\/G.726\/MP2L2\/PCM<\/td>\n<\/tr>\n<tr>\n<td class=\"td1\">Garso sparta<\/td>\n<td>64Kbps(G.711)\/16Kbps(G.722.1)\/16Kbps(G.726)\/32-192Kbps(MP2L2)<\/td>\n<\/tr>\n<tr>\n<th colspan=\"2\">Vaizdas<\/th>\n<\/tr>\n<tr>\n<td class=\"td1\">Maks. vaizdo rai\u0161ka<\/td>\n<td>2560 \u00d7 1440<\/td>\n<\/tr>\n<tr>\n<td class=\"td1\">Kadrai per sek.<\/td>\n<td>50Hz: 20fps (2560 \u00d7 1440), 25fps (2304 \u00d7 1296, 1920 \u00d7 1080, 1280 \u00d7 720)<br \/>\n60Hz: 20fps (2560 \u00d7 1440), 30fps (2304 \u00d7 1296, 1920 \u00d7 1080, 1280 \u00d7 720)<\/td>\n<\/tr>\n<tr>\n<td class=\"td1\">Antrinis srautas<\/td>\n<td>50Hz: 25fps (640 \u00d7 480, 640 \u00d7 360, 320 \u00d7 240)<br \/>\n60Hz: 30fps (640 \u00d7 480, 640 \u00d7 360, 320 \u00d7 240)<\/td>\n<\/tr>\n<tr>\n<td class=\"td1\">Foninio ap\u0161vietimo kompensavimas<\/td>\n<td>BLC\/3D DNR<\/td>\n<\/tr>\n<tr>\n<td class=\"td1\">Vaizdo nustatymai<\/td>\n<td>Brightness, saturation, contrast, sharpness are adjustable via web browser or client software<\/td>\n<\/tr>\n<tr>\n<td class=\"td1\">ROI<\/td>\n<td>1 fixed region for main stream and sub-stream<\/td>\n<\/tr>\n<tr>\n<td class=\"td1\">Dienos\/nakties perjungimas<\/td>\n<td>Auto\/Scheduled\/Day\/Night<\/td>\n<\/tr>\n<tr>\n<th colspan=\"2\">Tinklas<\/th>\n<\/tr>\n<tr>\n<td class=\"td1\">Tinklinis talpinimas<\/td>\n<td>microSD\/SDHC\/SDXC card (128G), local storage and NAS (NFS,SMB\/CIFS), ANR<\/td>\n<\/tr>\n<tr>\n<td class=\"td1\">Pavojaus signalo suk\u0117limas<\/td>\n<td>Motion detection, video tampering alarm, network disconnected, IP address conflict, illegal login, HDD full, HDD error<\/td>\n<\/tr>\n<tr>\n<td class=\"td1\">Protokolai<\/td>\n<td>TCP\/IP, ICMP, HTTP, HTTPS, FTP, DHCP, DNS, DDNS, RTP, RTSP, RTCP, PPPoE, NTP, UPnP, SMTP, SNMP, IGMP, QoS, IPv6, UDP, Bonjour<\/td>\n<\/tr>\n<tr>\n<td class=\"td1\">Pagrindin\u0117s funkcijos<\/td>\n<td>One-key reset, Anti-Flicker, heartbeat, mirror, password protection, privacy<br \/>\nmask, Watermark, IP address filtering<\/td>\n<\/tr>\n<tr>\n<td class=\"td1\">Sistemos suderinamumas<\/td>\n<td>ONVIF (Profile S, Profile G),ISAPI<\/td>\n<\/tr>\n<tr>\n<th colspan=\"2\">S\u0105sajos<\/th>\n<\/tr>\n<tr>\n<td class=\"td1\">Garsas<\/td>\n<td>1 Built-in mic, mono sound<\/td>\n<\/tr>\n<tr>\n<td class=\"td1\">Ry\u0161io s\u0105saja<\/td>\n<td>1 RJ45 10M \/ 100M Ethernet interface<\/td>\n<\/tr>\n<tr>\n<td class=\"td1\">Vidin\u0117 atmintis<\/td>\n<td>Built-in Micro SD\/SDHC\/SDXC slot, up to 128 GB<\/td>\n<\/tr>\n<tr>\n<td class=\"td1\">Reset mygtukas<\/td>\n<td>Yes<\/td>\n<\/tr>\n<tr>\n<th colspan=\"2\">Wi-Fi specifikacija (-W)<\/th>\n<\/tr>\n<tr>\n<td class=\"td1\">Belaid\u017eio ry\u0161io standartai<\/td>\n<td>IEEE802.11b, 802.11g, 802.11n<\/td>\n<\/tr>\n<tr>\n<td class=\"td1\">Da\u017enio diapazonas<\/td>\n<td>2.412 GHz to 2.4835 GHz<\/td>\n<\/tr>\n<tr>\n<td class=\"td1\">Kanalo bangos plotis<\/td>\n<td>20\/40MHz Support<\/td>\n<\/tr>\n<tr>\n<td class=\"td1\">Moduliavimo r\u0117\u017eimas<\/td>\n<td>802.11b: CCK, QPSK, BPSK<br \/>\n802.11g\/n: OFDM<\/td>\n<\/tr>\n<tr>\n<td class=\"td1\">Apsauga<\/td>\n<td>64\/128-bit WEP, WPA\/WPA2, WPA-PSK\/WPA2-PSK, WPS<\/td>\n<\/tr>\n<tr>\n<td class=\"td1\">Perdavimo sparta<\/td>\n<td>11b: 11Mbps<br \/>\n11g: 54Mbps<br \/>\n11n: up to 150Mbps<\/td>\n<\/tr>\n<tr>\n<td class=\"td1\">Belaid\u017eio ry\u0161io veikimo atstumas<\/td>\n<td>50m(depend on environment)<\/td>\n<\/tr>\n<tr>\n<th colspan=\"2\">Pagrindin\u0117s savyb\u0117s<\/th>\n<\/tr>\n<tr>\n<td class=\"td1\">Veikimo s\u0105lygos<\/td>\n<td>-30 \u00b0C ~ 60 \u00b0C (-22 \u00b0F ~ 140 \u00b0F)<br \/>\nHumidity 95% or less (non-condensing)<\/td>\n<\/tr>\n<tr>\n<td class=\"td1\">Maitinimas<\/td>\n<td>12 V DC \u00b1 25%<\/td>\n<\/tr>\n<tr>\n<td class=\"td1\">Energijos suvartojimas<\/td>\n<td>12 VDC, 0.5 A, Max: 6W<\/td>\n<\/tr>\n<tr>\n<td class=\"td1\">IP apsaugos klas\u0117<\/td>\n<td>IP66<\/td>\n<\/tr>\n<tr>\n<td class=\"td1\">IR ap\u0161vietimas<\/td>\n<td>Up to 30m<\/td>\n<\/tr>\n<tr>\n<td class=\"td1\">I\u0161matavimai<\/td>\n<td>Camera: 69.7 mm \u00d7 67.9 mm \u00d7 171.4 mm (2.7&#8243; \u00d7 2.7&#8243; \u00d7 6.7&#8243;)<br \/>\nWith package: 216 mm \u00d7 121 mm \u00d7 118 mm (8.5&#8243; \u00d7 4.8&#8243; \u00d7 4.6&#8243;)<\/td>\n<\/tr>\n<tr>\n<td class=\"td1\">Svoris<\/td>\n<td>Camera: 372g (0.8lb)<br \/>\nWith package: 659g(1.5lb)<\/td>\n<\/tr>\n<\/tbody>\n<\/table>\n","protected":false},"excerpt":{"rendered":"<ul>\n<li>4 x 4MP Wi-Fi IP66 kameros DS-2CD2041G1-IDW1<\/li>\n<li>4 kanal\u0173 Wi-Fi NVR su dviem i\u0161orin\u0117m antenom DS-7104NI-K1\/W\/M<\/li>\n<li>1TB HDD<\/li>\n<li>Lengvas montavimas<\/li>\n<li>Automatinis Wi-Fi prisijungimas<\/li>\n<li>Hik-Connect lengvam tinklo valdymui<\/li>\n<\/ul>\n","protected":false},"featured_media":28170,"comment_status":"closed","ping_status":"closed","template":"","meta":[],"product_brand":[],"product_cat":[486,533,440],"product_tag":[],"class_list":{"0":"post-18864","1":"product","2":"type-product","3":"status-publish","4":"has-post-thumbnail","6":"product_cat-4-kanalu-nvr","7":"product_cat-ip-vaizdo-stebejimo-sistemos","8":"product_cat-ip-vaizdo-irasymo-irenginiai","10":"first","11":"instock","12":"taxable","13":"shipping-taxable","14":"purchasable","15":"product-type-simple"},"yoast_head":"<!-- This site is optimized with the Yoast SEO Premium plugin v21.5 (Yoast SEO v27.4) - https:\/\/yoast.com\/product\/yoast-seo-premium-wordpress\/ -->\n<title>Hikvision NK44W0H-1T(WD) Wi-Fi rinkinys<\/title>\n<meta name=\"description\" content=\"Hikvision NK44W0H-1T(WD) Wi-Fi rinkinys ; 4 x 4MP Wi-Fi IP66 kameros DS-2CD2041G1-IDW1 ; 1TB HDD ; Lengvas montavimas ; Automatinis Wi-Fi prisijungimas\" \/>\n<meta name=\"robots\" content=\"index, follow, max-snippet:-1, max-image-preview:large, max-video-preview:-1\" \/>\n<link rel=\"canonical\" href=\"https:\/\/eheating.lt\/produktas\/hikvision-nk44w0h-1twd-wi-fi-rinkinys\/\" \/>\n<meta property=\"og:locale\" content=\"en_US\" \/>\n<meta property=\"og:type\" content=\"article\" \/>\n<meta property=\"og:title\" content=\"Hikvision NK44W0H-1T(WD) Wi-Fi rinkinys\" \/>\n<meta property=\"og:description\" content=\"Hikvision NK44W0H-1T(WD) Wi-Fi rinkinys ; 4 x 4MP Wi-Fi IP66 kameros DS-2CD2041G1-IDW1 ; 1TB HDD ; Lengvas montavimas ; Automatinis Wi-Fi prisijungimas\" \/>\n<meta property=\"og:url\" content=\"https:\/\/eheating.lt\/produktas\/hikvision-nk44w0h-1twd-wi-fi-rinkinys\/\" \/>\n<meta property=\"og:site_name\" content=\"Elektronika Namams\" \/>\n<meta property=\"article:publisher\" content=\"https:\/\/www.facebook.com\/ElektronikaNamams\" \/>\n<meta property=\"article:modified_time\" content=\"2024-07-11T15:55:39+00:00\" \/>\n<meta property=\"og:image\" content=\"https:\/\/eheating.lt\/wp-content\/uploads\/2023\/10\/Hikvision-NK44W0H-1TWD-Wi-Fi-rinkinys.png\" \/>\n\t<meta property=\"og:image:width\" content=\"800\" \/>\n\t<meta property=\"og:image:height\" content=\"800\" \/>\n\t<meta property=\"og:image:type\" content=\"image\/png\" \/>\n<meta name=\"twitter:card\" content=\"summary_large_image\" \/>\n<meta name=\"twitter:label1\" content=\"Price\" \/>\n\t<meta name=\"twitter:data1\" content=\"998,90&nbsp;&euro;\" \/>\n\t<meta name=\"twitter:label2\" content=\"Availability\" \/>\n\t<meta name=\"twitter:data2\" content=\"In stock\" \/>\n<script type=\"application\/ld+json\" class=\"yoast-schema-graph\">{\"@context\":\"https:\\\/\\\/schema.org\",\"@graph\":[{\"@type\":\"WebPage\",\"@id\":\"https:\\\/\\\/eheating.lt\\\/produktas\\\/hikvision-nk44w0h-1twd-wi-fi-rinkinys\\\/\",\"url\":\"https:\\\/\\\/eheating.lt\\\/produktas\\\/hikvision-nk44w0h-1twd-wi-fi-rinkinys\\\/\",\"name\":\"Hikvision NK44W0H-1T(WD) Wi-Fi rinkinys\",\"isPartOf\":{\"@id\":\"https:\\\/\\\/eheating.lt\\\/#website\"},\"primaryImageOfPage\":{\"@id\":\"https:\\\/\\\/eheating.lt\\\/produktas\\\/hikvision-nk44w0h-1twd-wi-fi-rinkinys\\\/#primaryimage\"},\"image\":{\"@id\":\"https:\\\/\\\/eheating.lt\\\/produktas\\\/hikvision-nk44w0h-1twd-wi-fi-rinkinys\\\/#primaryimage\"},\"thumbnailUrl\":\"https:\\\/\\\/eheating.lt\\\/wp-content\\\/uploads\\\/2023\\\/10\\\/Hikvision-NK44W0H-1TWD-Wi-Fi-rinkinys.png\",\"datePublished\":\"2023-11-13T19:49:00+00:00\",\"dateModified\":\"2024-07-11T15:55:39+00:00\",\"description\":\"Hikvision NK44W0H-1T(WD) Wi-Fi rinkinys ; 4 x 4MP Wi-Fi IP66 kameros DS-2CD2041G1-IDW1 ; 1TB HDD ; Lengvas montavimas ; Automatinis Wi-Fi prisijungimas\",\"breadcrumb\":{\"@id\":\"https:\\\/\\\/eheating.lt\\\/produktas\\\/hikvision-nk44w0h-1twd-wi-fi-rinkinys\\\/#breadcrumb\"},\"inLanguage\":\"en-US\",\"potentialAction\":[{\"@type\":\"ReadAction\",\"target\":[\"https:\\\/\\\/eheating.lt\\\/produktas\\\/hikvision-nk44w0h-1twd-wi-fi-rinkinys\\\/\"]}]},{\"@type\":\"ImageObject\",\"inLanguage\":\"en-US\",\"@id\":\"https:\\\/\\\/eheating.lt\\\/produktas\\\/hikvision-nk44w0h-1twd-wi-fi-rinkinys\\\/#primaryimage\",\"url\":\"https:\\\/\\\/eheating.lt\\\/wp-content\\\/uploads\\\/2023\\\/10\\\/Hikvision-NK44W0H-1TWD-Wi-Fi-rinkinys.png\",\"contentUrl\":\"https:\\\/\\\/eheating.lt\\\/wp-content\\\/uploads\\\/2023\\\/10\\\/Hikvision-NK44W0H-1TWD-Wi-Fi-rinkinys.png\",\"width\":800,\"height\":800,\"caption\":\"Hikvision NK44W0H-1T(WD) Wi-Fi rinkinys\"},{\"@type\":\"BreadcrumbList\",\"@id\":\"https:\\\/\\\/eheating.lt\\\/produktas\\\/hikvision-nk44w0h-1twd-wi-fi-rinkinys\\\/#breadcrumb\",\"itemListElement\":[{\"@type\":\"ListItem\",\"position\":1,\"name\":\"Prad\u017eia\",\"item\":\"https:\\\/\\\/eheating.lt\\\/en\\\/\"},{\"@type\":\"ListItem\",\"position\":2,\"name\":\"Shop\",\"item\":\"https:\\\/\\\/eheating.lt\\\/en\\\/?page_id=5734\"},{\"@type\":\"ListItem\",\"position\":3,\"name\":\"Hikvision NK44W0H-1T(WD) Wi-Fi rinkinys\"}]},{\"@type\":\"WebSite\",\"@id\":\"https:\\\/\\\/eheating.lt\\\/#website\",\"url\":\"https:\\\/\\\/eheating.lt\\\/\",\"name\":\"eHeating\",\"description\":\"Elektronika ir \u0161ildymas\",\"potentialAction\":[{\"@type\":\"SearchAction\",\"target\":{\"@type\":\"EntryPoint\",\"urlTemplate\":\"https:\\\/\\\/eheating.lt\\\/?s={search_term_string}\"},\"query-input\":{\"@type\":\"PropertyValueSpecification\",\"valueRequired\":true,\"valueName\":\"search_term_string\"}}],\"inLanguage\":\"en-US\"}]}<\/script>\n<meta property=\"product:price:amount\" content=\"998.90\" \/>\n<meta property=\"product:price:currency\" content=\"EUR\" \/>\n<meta property=\"og:availability\" content=\"instock\" \/>\n<meta property=\"product:availability\" content=\"instock\" \/>\n<meta property=\"product:retailer_item_id\" content=\"7cd93b65dc53\" \/>\n<meta property=\"product:condition\" content=\"new\" \/>\n<!-- \/ Yoast SEO Premium plugin. -->","yoast_head_json":{"title":"Hikvision NK44W0H-1T(WD) Wi-Fi rinkinys","description":"Hikvision NK44W0H-1T(WD) Wi-Fi rinkinys ; 4 x 4MP Wi-Fi IP66 kameros DS-2CD2041G1-IDW1 ; 1TB HDD ; Lengvas montavimas ; Automatinis Wi-Fi prisijungimas","robots":{"index":"index","follow":"follow","max-snippet":"max-snippet:-1","max-image-preview":"max-image-preview:large","max-video-preview":"max-video-preview:-1"},"canonical":"https:\/\/eheating.lt\/produktas\/hikvision-nk44w0h-1twd-wi-fi-rinkinys\/","og_locale":"en_US","og_type":"article","og_title":"Hikvision NK44W0H-1T(WD) Wi-Fi rinkinys","og_description":"Hikvision NK44W0H-1T(WD) Wi-Fi rinkinys ; 4 x 4MP Wi-Fi IP66 kameros DS-2CD2041G1-IDW1 ; 1TB HDD ; Lengvas montavimas ; Automatinis Wi-Fi prisijungimas","og_url":"https:\/\/eheating.lt\/produktas\/hikvision-nk44w0h-1twd-wi-fi-rinkinys\/","og_site_name":"Elektronika Namams","article_publisher":"https:\/\/www.facebook.com\/ElektronikaNamams","article_modified_time":"2024-07-11T15:55:39+00:00","og_image":[{"width":800,"height":800,"url":"https:\/\/eheating.lt\/wp-content\/uploads\/2023\/10\/Hikvision-NK44W0H-1TWD-Wi-Fi-rinkinys.png","type":"image\/png"}],"twitter_card":"summary_large_image","twitter_misc":{"Price":"998,90&nbsp;&euro;","Availability":"In stock"},"schema":{"@context":"https:\/\/schema.org","@graph":[{"@type":"WebPage","@id":"https:\/\/eheating.lt\/produktas\/hikvision-nk44w0h-1twd-wi-fi-rinkinys\/","url":"https:\/\/eheating.lt\/produktas\/hikvision-nk44w0h-1twd-wi-fi-rinkinys\/","name":"Hikvision NK44W0H-1T(WD) Wi-Fi rinkinys","isPartOf":{"@id":"https:\/\/eheating.lt\/#website"},"primaryImageOfPage":{"@id":"https:\/\/eheating.lt\/produktas\/hikvision-nk44w0h-1twd-wi-fi-rinkinys\/#primaryimage"},"image":{"@id":"https:\/\/eheating.lt\/produktas\/hikvision-nk44w0h-1twd-wi-fi-rinkinys\/#primaryimage"},"thumbnailUrl":"https:\/\/eheating.lt\/wp-content\/uploads\/2023\/10\/Hikvision-NK44W0H-1TWD-Wi-Fi-rinkinys.png","datePublished":"2023-11-13T19:49:00+00:00","dateModified":"2024-07-11T15:55:39+00:00","description":"Hikvision NK44W0H-1T(WD) Wi-Fi rinkinys ; 4 x 4MP Wi-Fi IP66 kameros DS-2CD2041G1-IDW1 ; 1TB HDD ; Lengvas montavimas ; Automatinis Wi-Fi prisijungimas","breadcrumb":{"@id":"https:\/\/eheating.lt\/produktas\/hikvision-nk44w0h-1twd-wi-fi-rinkinys\/#breadcrumb"},"inLanguage":"en-US","potentialAction":[{"@type":"ReadAction","target":["https:\/\/eheating.lt\/produktas\/hikvision-nk44w0h-1twd-wi-fi-rinkinys\/"]}]},{"@type":"ImageObject","inLanguage":"en-US","@id":"https:\/\/eheating.lt\/produktas\/hikvision-nk44w0h-1twd-wi-fi-rinkinys\/#primaryimage","url":"https:\/\/eheating.lt\/wp-content\/uploads\/2023\/10\/Hikvision-NK44W0H-1TWD-Wi-Fi-rinkinys.png","contentUrl":"https:\/\/eheating.lt\/wp-content\/uploads\/2023\/10\/Hikvision-NK44W0H-1TWD-Wi-Fi-rinkinys.png","width":800,"height":800,"caption":"Hikvision NK44W0H-1T(WD) Wi-Fi rinkinys"},{"@type":"BreadcrumbList","@id":"https:\/\/eheating.lt\/produktas\/hikvision-nk44w0h-1twd-wi-fi-rinkinys\/#breadcrumb","itemListElement":[{"@type":"ListItem","position":1,"name":"Prad\u017eia","item":"https:\/\/eheating.lt\/en\/"},{"@type":"ListItem","position":2,"name":"Shop","item":"https:\/\/eheating.lt\/en\/?page_id=5734"},{"@type":"ListItem","position":3,"name":"Hikvision NK44W0H-1T(WD) Wi-Fi rinkinys"}]},{"@type":"WebSite","@id":"https:\/\/eheating.lt\/#website","url":"https:\/\/eheating.lt\/","name":"eHeating","description":"Elektronika ir \u0161ildymas","potentialAction":[{"@type":"SearchAction","target":{"@type":"EntryPoint","urlTemplate":"https:\/\/eheating.lt\/?s={search_term_string}"},"query-input":{"@type":"PropertyValueSpecification","valueRequired":true,"valueName":"search_term_string"}}],"inLanguage":"en-US"}]},"product_price_amount":"998.90","product_price_currency":"EUR","og_availability":"instock","product_availability":"instock","product_retailer_item_id":"7cd93b65dc53","product_condition":"new"},"_links":{"self":[{"href":"https:\/\/eheating.lt\/en\/wp-json\/wp\/v2\/product\/18864","targetHints":{"allow":["GET"]}}],"collection":[{"href":"https:\/\/eheating.lt\/en\/wp-json\/wp\/v2\/product"}],"about":[{"href":"https:\/\/eheating.lt\/en\/wp-json\/wp\/v2\/types\/product"}],"replies":[{"embeddable":true,"href":"https:\/\/eheating.lt\/en\/wp-json\/wp\/v2\/comments?post=18864"}],"version-history":[{"count":0,"href":"https:\/\/eheating.lt\/en\/wp-json\/wp\/v2\/product\/18864\/revisions"}],"wp:featuredmedia":[{"embeddable":true,"href":"https:\/\/eheating.lt\/en\/wp-json\/wp\/v2\/media\/28170"}],"wp:attachment":[{"href":"https:\/\/eheating.lt\/en\/wp-json\/wp\/v2\/media?parent=18864"}],"wp:term":[{"taxonomy":"product_brand","embeddable":true,"href":"https:\/\/eheating.lt\/en\/wp-json\/wp\/v2\/product_brand?post=18864"},{"taxonomy":"product_cat","embeddable":true,"href":"https:\/\/eheating.lt\/en\/wp-json\/wp\/v2\/product_cat?post=18864"},{"taxonomy":"product_tag","embeddable":true,"href":"https:\/\/eheating.lt\/en\/wp-json\/wp\/v2\/product_tag?post=18864"}],"curies":[{"name":"wp","href":"https:\/\/api.w.org\/{rel}","templated":true}]}}