{"id":18856,"date":"2023-11-13T21:50:23","date_gmt":"2023-11-13T19:50:23","guid":{"rendered":"https:\/\/eheating.lt\/?post_type=product&#038;p=18856"},"modified":"2024-07-11T18:55:47","modified_gmt":"2024-07-11T15:55:47","slug":"hikvision-nvr-ds-7608ni-k1","status":"publish","type":"product","link":"https:\/\/eheating.lt\/en\/produktas\/hikvision-nvr-ds-7608ni-k1\/","title":{"rendered":"Hikvision NVR DS-7608NI-K1"},"content":{"rendered":"<table>\n<tbody>\n<tr>\n<td>IP Video \u012f\u0117jimai<\/td>\n<td>8-ch<\/td>\n<\/tr>\n<tr>\n<td>Dvipusis audio<\/td>\n<td>1-ch,\u00a0RCA\u00a0(2.0\u00a0Vp-p,\u00a01k\u03a9)<\/td>\n<\/tr>\n<tr>\n<td>\u012eeinantis srautas<\/td>\n<td>80Mbps<\/td>\n<\/tr>\n<tr>\n<td>I\u0161einantis srautas<\/td>\n<td>80Mbps<\/td>\n<\/tr>\n<tr>\n<td>VGA\u00a0i\u0161\u0117jimas<\/td>\n<td>1-ch,\u00a0resolution:\u00a0 1920*1080P\/60Hz,\u00a0 1600*1200\/60Hz, \u00a01280*1024\/60Hz,\u00a0\u00a0 1280*720\/60Hz, \u00a01024*768\/60Hz<\/td>\n<\/tr>\n<tr>\n<td>HDMI i\u0161\u0117jimas<\/td>\n<td>1-ch,\u00a0resolution:\u00a04K(3840*2160)\/60Hz, \u00a04K(3840*2160)\/30Hz, \u00a01920*1080P\/60Hz, \u00a01600*1200\/60Hz, \u00a01280*1024\/60Hz,\u00a0 1280*720\/60Hz,\u00a0 1024*768\/60Hz<\/td>\n<\/tr>\n<tr>\n<td>Ra\u0161ymo rezoliucija<\/td>\n<td>8MP\/6MP\/5MP\/4MP\/3MP\/ 1080p\/UXGA\/ 720p\/VGA\/4CIF\/ DCIF\/2CIF\/CIF\/QCIF<\/td>\n<\/tr>\n<tr>\n<td>Audio i\u0161\u0117jimas<\/td>\n<td>1-ch,\u00a0RCA\u00a0(Linear,\u00a01k\u03a9)<\/td>\n<\/tr>\n<tr>\n<td>Gyva per\u017ei\u016bra\/ atk\u016brimas<\/td>\n<td>5MP \/3MP \/ 1080P \/ \u00a0UXGA \/ 720P \/ 4CIF \/ VGA \/ DCIF \/\u00a0 2CIF \/ CIF \/ QCIF<\/td>\n<\/tr>\n<tr>\n<td>Dekodavimo galimyb\u0117s<\/td>\n<td>4-ch@1080P<\/td>\n<\/tr>\n<tr>\n<td>SATA<\/td>\n<td>1\u00a0SATA\u00a0interface\u00a0for\u00a01\u00a0HDD<\/td>\n<\/tr>\n<tr>\n<td>Talpa<\/td>\n<td>Up to 6TB capacity for each disk<\/td>\n<\/tr>\n<tr>\n<td>Tinklo s\u0105saja<\/td>\n<td>1\u00a0RJ-45\u00a010\u00a0\/\u00a0100\u00a0Mbps\u00a0selfadaptive<br \/>\nEthernet\u00a0interface<\/td>\n<\/tr>\n<tr>\n<td>USB s\u0105saja<\/td>\n<td>2 USB 2.0 Interfaces<\/td>\n<\/tr>\n<tr>\n<td>Maitinimas<\/td>\n<td>12\u00a0VDC<\/td>\n<\/tr>\n<tr>\n<td>Energijos suvartojmas (be HDD)<\/td>\n<td>\u2264\u00a010\u00a0W<\/td>\n<\/tr>\n<tr>\n<td>Darbin\u0117 temperat\u016bra<\/td>\n<td>-10 \u00b0C ~ +55 \u00b0C<\/td>\n<\/tr>\n<tr>\n<td>Dr\u0117gnumas<\/td>\n<td>10%~90%<\/td>\n<\/tr>\n<tr>\n<td>Korpusas<\/td>\n<td>1U chassis<\/td>\n<\/tr>\n<tr>\n<td>I\u0161matavimai<br \/>\n(W x D x H)<\/td>\n<td>260\u00a0\u00d7\u00a0225\u00a0\u00d7\u00a0\u00a048\u00a0mm<\/td>\n<\/tr>\n<tr>\n<td>Svoris<br \/>\n(without hard disk)<\/td>\n<td>\u2264 1 Kg<\/td>\n<\/tr>\n<\/tbody>\n<\/table>\n","protected":false},"excerpt":{"rendered":"<ul>\n<li>8 kanal\u0173 NVR<\/li>\n<li>Tre\u010di\u0173 \u0161ali\u0173 kamer\u0173 palaikymas<\/li>\n<li>1 SATA s\u0105saja (iki 6TB kiekvienam HDD<\/li>\n<li>\u012eeinantis srautas iki 80Mbps<\/li>\n<li>Iki 8 Mpx ra\u0161ymo rezoliucija<\/li>\n<li>Palaiko\u00a0H.265\/H.264\/H.264+\/MPEG4\u00a0vaizdo formatus<\/li>\n<li>HDMI\/VGA i\u0161\u0117jimai<\/li>\n<\/ul>\n","protected":false},"featured_media":28204,"comment_status":"closed","ping_status":"closed","template":"","meta":[],"product_brand":[],"product_cat":[484,533,440],"product_tag":[],"class_list":{"0":"post-18856","1":"product","2":"type-product","3":"status-publish","4":"has-post-thumbnail","6":"product_cat-8-kanalu-nvr","7":"product_cat-ip-vaizdo-stebejimo-sistemos","8":"product_cat-ip-vaizdo-irasymo-irenginiai","10":"first","11":"instock","12":"taxable","13":"shipping-taxable","14":"purchasable","15":"product-type-simple"},"yoast_head":"<!-- This site is optimized with the Yoast SEO Premium plugin v21.5 (Yoast SEO v27.4) - https:\/\/yoast.com\/product\/yoast-seo-premium-wordpress\/ -->\n<title>Hikvision NVR DS-7608NI-K1<\/title>\n<meta name=\"description\" content=\"Hikvision NVR DS-7608NI-K1 ; 1 SATA s\u0105saja (iki 6TB kiekvienam HDD ; \u012eeinantis srautas iki 80Mbps ; Iki 8 Mpx ra\u0161ymo rezoliucija\" \/>\n<meta name=\"robots\" content=\"index, follow, max-snippet:-1, max-image-preview:large, max-video-preview:-1\" \/>\n<link rel=\"canonical\" href=\"https:\/\/eheating.lt\/produktas\/hikvision-nvr-ds-7608ni-k1\/\" \/>\n<meta property=\"og:locale\" content=\"en_US\" \/>\n<meta property=\"og:type\" content=\"article\" \/>\n<meta property=\"og:title\" content=\"Hikvision NVR DS-7608NI-K1\" \/>\n<meta property=\"og:description\" content=\"Hikvision NVR DS-7608NI-K1 ; 1 SATA s\u0105saja (iki 6TB kiekvienam HDD ; \u012eeinantis srautas iki 80Mbps ; Iki 8 Mpx ra\u0161ymo rezoliucija\" \/>\n<meta property=\"og:url\" content=\"https:\/\/eheating.lt\/produktas\/hikvision-nvr-ds-7608ni-k1\/\" \/>\n<meta property=\"og:site_name\" content=\"Elektronika Namams\" \/>\n<meta property=\"article:publisher\" content=\"https:\/\/www.facebook.com\/ElektronikaNamams\" \/>\n<meta property=\"article:modified_time\" content=\"2024-07-11T15:55:47+00:00\" \/>\n<meta property=\"og:image\" content=\"https:\/\/eheating.lt\/wp-content\/uploads\/2023\/10\/Hikvision-NVR-DS-7608NI-K1.png\" \/>\n\t<meta property=\"og:image:width\" content=\"800\" \/>\n\t<meta property=\"og:image:height\" content=\"800\" \/>\n\t<meta property=\"og:image:type\" content=\"image\/png\" \/>\n<meta name=\"twitter:card\" content=\"summary_large_image\" \/>\n<meta name=\"twitter:label1\" content=\"Price\" \/>\n\t<meta name=\"twitter:data1\" content=\"191,76&nbsp;&euro;\" \/>\n\t<meta name=\"twitter:label2\" content=\"Availability\" \/>\n\t<meta name=\"twitter:data2\" content=\"In stock\" \/>\n<script type=\"application\/ld+json\" class=\"yoast-schema-graph\">{\"@context\":\"https:\\\/\\\/schema.org\",\"@graph\":[{\"@type\":\"WebPage\",\"@id\":\"https:\\\/\\\/eheating.lt\\\/produktas\\\/hikvision-nvr-ds-7608ni-k1\\\/\",\"url\":\"https:\\\/\\\/eheating.lt\\\/produktas\\\/hikvision-nvr-ds-7608ni-k1\\\/\",\"name\":\"Hikvision NVR DS-7608NI-K1\",\"isPartOf\":{\"@id\":\"https:\\\/\\\/eheating.lt\\\/#website\"},\"primaryImageOfPage\":{\"@id\":\"https:\\\/\\\/eheating.lt\\\/produktas\\\/hikvision-nvr-ds-7608ni-k1\\\/#primaryimage\"},\"image\":{\"@id\":\"https:\\\/\\\/eheating.lt\\\/produktas\\\/hikvision-nvr-ds-7608ni-k1\\\/#primaryimage\"},\"thumbnailUrl\":\"https:\\\/\\\/eheating.lt\\\/wp-content\\\/uploads\\\/2023\\\/10\\\/Hikvision-NVR-DS-7608NI-K1.png\",\"datePublished\":\"2023-11-13T19:50:23+00:00\",\"dateModified\":\"2024-07-11T15:55:47+00:00\",\"description\":\"Hikvision NVR DS-7608NI-K1 ; 1 SATA s\u0105saja (iki 6TB kiekvienam HDD ; \u012eeinantis srautas iki 80Mbps ; Iki 8 Mpx ra\u0161ymo rezoliucija\",\"breadcrumb\":{\"@id\":\"https:\\\/\\\/eheating.lt\\\/produktas\\\/hikvision-nvr-ds-7608ni-k1\\\/#breadcrumb\"},\"inLanguage\":\"en-US\",\"potentialAction\":[{\"@type\":\"ReadAction\",\"target\":[\"https:\\\/\\\/eheating.lt\\\/produktas\\\/hikvision-nvr-ds-7608ni-k1\\\/\"]}]},{\"@type\":\"ImageObject\",\"inLanguage\":\"en-US\",\"@id\":\"https:\\\/\\\/eheating.lt\\\/produktas\\\/hikvision-nvr-ds-7608ni-k1\\\/#primaryimage\",\"url\":\"https:\\\/\\\/eheating.lt\\\/wp-content\\\/uploads\\\/2023\\\/10\\\/Hikvision-NVR-DS-7608NI-K1.png\",\"contentUrl\":\"https:\\\/\\\/eheating.lt\\\/wp-content\\\/uploads\\\/2023\\\/10\\\/Hikvision-NVR-DS-7608NI-K1.png\",\"width\":800,\"height\":800,\"caption\":\"Hikvision NVR DS-7608NI-K1\"},{\"@type\":\"BreadcrumbList\",\"@id\":\"https:\\\/\\\/eheating.lt\\\/produktas\\\/hikvision-nvr-ds-7608ni-k1\\\/#breadcrumb\",\"itemListElement\":[{\"@type\":\"ListItem\",\"position\":1,\"name\":\"Prad\u017eia\",\"item\":\"https:\\\/\\\/eheating.lt\\\/en\\\/\"},{\"@type\":\"ListItem\",\"position\":2,\"name\":\"Shop\",\"item\":\"https:\\\/\\\/eheating.lt\\\/en\\\/?page_id=5734\"},{\"@type\":\"ListItem\",\"position\":3,\"name\":\"Hikvision NVR DS-7608NI-K1\"}]},{\"@type\":\"WebSite\",\"@id\":\"https:\\\/\\\/eheating.lt\\\/#website\",\"url\":\"https:\\\/\\\/eheating.lt\\\/\",\"name\":\"eHeating\",\"description\":\"Elektronika ir \u0161ildymas\",\"potentialAction\":[{\"@type\":\"SearchAction\",\"target\":{\"@type\":\"EntryPoint\",\"urlTemplate\":\"https:\\\/\\\/eheating.lt\\\/?s={search_term_string}\"},\"query-input\":{\"@type\":\"PropertyValueSpecification\",\"valueRequired\":true,\"valueName\":\"search_term_string\"}}],\"inLanguage\":\"en-US\"}]}<\/script>\n<meta property=\"product:price:amount\" content=\"191.76\" \/>\n<meta property=\"product:price:currency\" content=\"EUR\" \/>\n<meta property=\"og:availability\" content=\"instock\" \/>\n<meta property=\"product:availability\" content=\"instock\" \/>\n<meta property=\"product:retailer_item_id\" content=\"0f033171db0c\" \/>\n<meta property=\"product:condition\" content=\"new\" \/>\n<!-- \/ Yoast SEO Premium plugin. -->","yoast_head_json":{"title":"Hikvision NVR DS-7608NI-K1","description":"Hikvision NVR DS-7608NI-K1 ; 1 SATA s\u0105saja (iki 6TB kiekvienam HDD ; \u012eeinantis srautas iki 80Mbps ; Iki 8 Mpx ra\u0161ymo rezoliucija","robots":{"index":"index","follow":"follow","max-snippet":"max-snippet:-1","max-image-preview":"max-image-preview:large","max-video-preview":"max-video-preview:-1"},"canonical":"https:\/\/eheating.lt\/produktas\/hikvision-nvr-ds-7608ni-k1\/","og_locale":"en_US","og_type":"article","og_title":"Hikvision NVR DS-7608NI-K1","og_description":"Hikvision NVR DS-7608NI-K1 ; 1 SATA s\u0105saja (iki 6TB kiekvienam HDD ; \u012eeinantis srautas iki 80Mbps ; Iki 8 Mpx ra\u0161ymo rezoliucija","og_url":"https:\/\/eheating.lt\/produktas\/hikvision-nvr-ds-7608ni-k1\/","og_site_name":"Elektronika Namams","article_publisher":"https:\/\/www.facebook.com\/ElektronikaNamams","article_modified_time":"2024-07-11T15:55:47+00:00","og_image":[{"width":800,"height":800,"url":"https:\/\/eheating.lt\/wp-content\/uploads\/2023\/10\/Hikvision-NVR-DS-7608NI-K1.png","type":"image\/png"}],"twitter_card":"summary_large_image","twitter_misc":{"Price":"191,76&nbsp;&euro;","Availability":"In stock"},"schema":{"@context":"https:\/\/schema.org","@graph":[{"@type":"WebPage","@id":"https:\/\/eheating.lt\/produktas\/hikvision-nvr-ds-7608ni-k1\/","url":"https:\/\/eheating.lt\/produktas\/hikvision-nvr-ds-7608ni-k1\/","name":"Hikvision NVR DS-7608NI-K1","isPartOf":{"@id":"https:\/\/eheating.lt\/#website"},"primaryImageOfPage":{"@id":"https:\/\/eheating.lt\/produktas\/hikvision-nvr-ds-7608ni-k1\/#primaryimage"},"image":{"@id":"https:\/\/eheating.lt\/produktas\/hikvision-nvr-ds-7608ni-k1\/#primaryimage"},"thumbnailUrl":"https:\/\/eheating.lt\/wp-content\/uploads\/2023\/10\/Hikvision-NVR-DS-7608NI-K1.png","datePublished":"2023-11-13T19:50:23+00:00","dateModified":"2024-07-11T15:55:47+00:00","description":"Hikvision NVR DS-7608NI-K1 ; 1 SATA s\u0105saja (iki 6TB kiekvienam HDD ; \u012eeinantis srautas iki 80Mbps ; Iki 8 Mpx ra\u0161ymo rezoliucija","breadcrumb":{"@id":"https:\/\/eheating.lt\/produktas\/hikvision-nvr-ds-7608ni-k1\/#breadcrumb"},"inLanguage":"en-US","potentialAction":[{"@type":"ReadAction","target":["https:\/\/eheating.lt\/produktas\/hikvision-nvr-ds-7608ni-k1\/"]}]},{"@type":"ImageObject","inLanguage":"en-US","@id":"https:\/\/eheating.lt\/produktas\/hikvision-nvr-ds-7608ni-k1\/#primaryimage","url":"https:\/\/eheating.lt\/wp-content\/uploads\/2023\/10\/Hikvision-NVR-DS-7608NI-K1.png","contentUrl":"https:\/\/eheating.lt\/wp-content\/uploads\/2023\/10\/Hikvision-NVR-DS-7608NI-K1.png","width":800,"height":800,"caption":"Hikvision NVR DS-7608NI-K1"},{"@type":"BreadcrumbList","@id":"https:\/\/eheating.lt\/produktas\/hikvision-nvr-ds-7608ni-k1\/#breadcrumb","itemListElement":[{"@type":"ListItem","position":1,"name":"Prad\u017eia","item":"https:\/\/eheating.lt\/en\/"},{"@type":"ListItem","position":2,"name":"Shop","item":"https:\/\/eheating.lt\/en\/?page_id=5734"},{"@type":"ListItem","position":3,"name":"Hikvision NVR DS-7608NI-K1"}]},{"@type":"WebSite","@id":"https:\/\/eheating.lt\/#website","url":"https:\/\/eheating.lt\/","name":"eHeating","description":"Elektronika ir \u0161ildymas","potentialAction":[{"@type":"SearchAction","target":{"@type":"EntryPoint","urlTemplate":"https:\/\/eheating.lt\/?s={search_term_string}"},"query-input":{"@type":"PropertyValueSpecification","valueRequired":true,"valueName":"search_term_string"}}],"inLanguage":"en-US"}]},"product_price_amount":"191.76","product_price_currency":"EUR","og_availability":"instock","product_availability":"instock","product_retailer_item_id":"0f033171db0c","product_condition":"new"},"_links":{"self":[{"href":"https:\/\/eheating.lt\/en\/wp-json\/wp\/v2\/product\/18856","targetHints":{"allow":["GET"]}}],"collection":[{"href":"https:\/\/eheating.lt\/en\/wp-json\/wp\/v2\/product"}],"about":[{"href":"https:\/\/eheating.lt\/en\/wp-json\/wp\/v2\/types\/product"}],"replies":[{"embeddable":true,"href":"https:\/\/eheating.lt\/en\/wp-json\/wp\/v2\/comments?post=18856"}],"version-history":[{"count":0,"href":"https:\/\/eheating.lt\/en\/wp-json\/wp\/v2\/product\/18856\/revisions"}],"wp:featuredmedia":[{"embeddable":true,"href":"https:\/\/eheating.lt\/en\/wp-json\/wp\/v2\/media\/28204"}],"wp:attachment":[{"href":"https:\/\/eheating.lt\/en\/wp-json\/wp\/v2\/media?parent=18856"}],"wp:term":[{"taxonomy":"product_brand","embeddable":true,"href":"https:\/\/eheating.lt\/en\/wp-json\/wp\/v2\/product_brand?post=18856"},{"taxonomy":"product_cat","embeddable":true,"href":"https:\/\/eheating.lt\/en\/wp-json\/wp\/v2\/product_cat?post=18856"},{"taxonomy":"product_tag","embeddable":true,"href":"https:\/\/eheating.lt\/en\/wp-json\/wp\/v2\/product_tag?post=18856"}],"curies":[{"name":"wp","href":"https:\/\/api.w.org\/{rel}","templated":true}]}}