{"id":18614,"date":"2023-11-13T21:13:09","date_gmt":"2023-11-13T19:13:09","guid":{"rendered":"https:\/\/eheating.lt\/?post_type=product&#038;p=18614"},"modified":"2024-10-18T17:14:20","modified_gmt":"2024-10-18T14:14:20","slug":"hikvision-mini-dome-ds-2cd6520d-io-f4","status":"publish","type":"product","link":"https:\/\/eheating.lt\/en\/produktas\/hikvision-mini-dome-ds-2cd6520d-io-f4\/","title":{"rendered":"Hikvision mini dome DS-2CD6520D-IO F4"},"content":{"rendered":"<hr \/>\n<table>\n<tbody>\n<tr>\n<td>Sensorius<\/td>\n<td>1\/3&#8243;\u00a0CMOS<\/td>\n<\/tr>\n<tr>\n<td>Min. ap\u0161vietimas<\/td>\n<td>0.01\u00a0Lux\u00a0@(F1.2,AGC\u00a0ON),\u00a00\u00a0Lux\u00a0with\u00a0IR<\/td>\n<\/tr>\n<tr>\n<td>U\u017erakto greitis<\/td>\n<td>1\/3s~1\/100,000s<\/td>\n<\/tr>\n<tr>\n<td>Objektyvas<\/td>\n<td>4mm,\u00a0horizontal\u00a0view\u00a0angle 63\u00b0<\/td>\n<\/tr>\n<tr>\n<td>Objektyvo montavimas<\/td>\n<td>M12<\/td>\n<\/tr>\n<tr>\n<td>Reguliavimas<\/td>\n<td>H:\u00a0-30\u00b0~30\u00b0,\u00a0V:\u00a00\u00b0~75\u00b0,\u00a0R:\u00a00\u00b0~360\u00b0<\/td>\n<\/tr>\n<tr>\n<td>Diena \/ naktis<\/td>\n<td>IR\u00a0cut\u00a0filter\u00a0with\u00a0auto\u00a0switch<\/td>\n<\/tr>\n<tr>\n<td>Platus dinaminis kampas<\/td>\n<td>Digital\u00a0WDR<\/td>\n<\/tr>\n<tr>\n<td>Skaitmeninis triuk\u0161mo slopinimas<\/td>\n<td>3D\u00a0DNR<\/td>\n<\/tr>\n<tr>\n<td>Vaizdo suspaudimas<\/td>\n<td>H.264\/MJPEG<\/td>\n<\/tr>\n<tr>\n<td>H.264 profilis<\/td>\n<td>Base\u00a0Line\u00a0Profile\/Main\u00a0Profile<\/td>\n<\/tr>\n<tr>\n<td>Vaizdo sparta<\/td>\n<td>32Kbps~8Mbps<\/td>\n<\/tr>\n<tr>\n<td>Garso suspaudimas<\/td>\n<td>G.711\/G.722.1\/G.726\/MP2L2<\/td>\n<\/tr>\n<tr>\n<td>Garso sparta<\/td>\n<td>64Kbps(G.711)\u00a0\/\u00a016Kbps(G.722.1)\u00a0\/\u00a016Kbps(G.726)\u00a0\/\u00a032-128Kbps(MP2L2)<\/td>\n<\/tr>\n<tr>\n<td>Dvigubas srautas<\/td>\n<td>Yes<\/td>\n<\/tr>\n<tr>\n<td>Max. vaizdo rai\u0161ka<\/td>\n<td>1920\u00a0x\u00a01080<\/td>\n<\/tr>\n<tr>\n<td>Kadrai \/ sek.<\/td>\n<td>50Hz:\u00a025fps\u00a0(1920*1080,1280\u00a0\u00d7\u00a0960,1280\u00a0\u00d7\u00a0720)<br \/>\n60Hz:\u00a030fps\u00a0(1920*1080,1280 ;\u00d7\u00a0960,1280\u00a0\u00d7\u00a0720)<\/td>\n<\/tr>\n<tr>\n<td>Vaizdo nustatymai<\/td>\n<td>Rotate\u00a0mode,\u00a0Saturation,\u00a0Brightness,\u00a0Contrast\u00a0adjustable\u00a0by\u00a0client\u00a0software\u00a0or\u00a0web\u00a0browser<\/td>\n<\/tr>\n<tr>\n<td>BLC<\/td>\n<td>Yes,\u00a0zone\u00a0configurable<\/td>\n<\/tr>\n<tr>\n<td>ROI<\/td>\n<td>support<\/td>\n<\/tr>\n<tr>\n<td>3D DNR<\/td>\n<td>support<\/td>\n<\/tr>\n<tr>\n<td>Tinklinis talpinimas<\/td>\n<td>Micro\u00a0SD\/SDHC\/SDXC\u00a0card\u00a0with\u00a0ANR\u00a0(up\u00a0to\u00a064G),\u00a0NAS\u00a0(Support\u00a0NFS,\u00a0SMB\/CIFS)<\/td>\n<\/tr>\n<tr>\n<td>Pavojaus signalas<\/td>\n<td>Line\u00a0Crossing,\u00a0Intrusion\u00a0Detection,\u00a0Motion\u00a0detection,\u00a0Dynamic\u00a0analysis,\u00a0Tampering\u00a0alarm, ;Network\u00a0disconnect\u00a0,\u00a0IP\u00a0address\u00a0conflict,\u00a0Storage\u00a0exception<\/td>\n<\/tr>\n<tr>\n<td>Protokolai<\/td>\n<td>TCP\/IP,ICMP,HTTP,HTTPS,FTP,DHCP,DNS,DDNS,RTP,RTSP,RTCP,<br \/>\nPPPoE,NTP,UPnP,SMTP,SNMP,IGMP,802.1X,QoS,IPv6,Bonjour<\/td>\n<\/tr>\n<tr>\n<td>Pagrindin\u0117s fukcijos<\/td>\n<td>User\u00a0Authentication,\u00a0Watermark,\u00a0IP\u00a0address\u00a0filtering,\u00a0anonymous\u00a0access,\u00a0flickerless,\u00a0heartbeat,\u00a0video\u00a0mask<\/td>\n<\/tr>\n<tr>\n<td>Sistemos suderinamumas<\/td>\n<td>ONVIF,\u00a0PSIA,\u00a0CGI,\u00a0ISAPI<\/td>\n<\/tr>\n<tr>\n<td>S\u0105sajos<\/td>\n<td>Internal\u00a0Microphone\u00a0and\u00a0Speaker<\/p>\n<p>Built-in\u00a0Micro\u00a0SD\/SDHC\/SDXC\u00a0card\u00a0slot,\u00a0up\u00a0to\u00a064\u00a0GB<\/td>\n<\/tr>\n<tr>\n<td>Darbo s\u0105lygos<\/td>\n<td>-30\u00a0\u00b0C\u00a0\u2013\u00a060\u00a0\u00b0C\u00a0(-22\u00a0\u00b0F\u00a0\u2013\u00a0140\u00a0\u00b0F)<br \/>\nHumidity\u00a095%\u00a0or\u00a0less ;(non-condensing)<br \/>\n-H:\u00a0-40\u00a0\u00b0C\u00a0\u2013 ;60\u00a0\u00b0C\u00a0(-40\u00a0\u00b0F\u00a0\u2013\u00a0140\u00a0\u00b0F)\u00a0with\u00a0smart\u00a0heater\u00a0on<\/td>\n<\/tr>\n<tr>\n<td>Energijos suvartojimas<\/td>\n<td>5.5W\u00a0MAX<\/td>\n<\/tr>\n<tr>\n<td>Sm\u016bgio apsauga<\/td>\n<td>IK08\u00a0Protection\u00a0Level<\/td>\n<\/tr>\n<tr>\n<td>IR ap\u0161vietimas<\/td>\n<td>10\u00a0meters<\/td>\n<\/tr>\n<tr>\n<td>I\u0161matavimai<\/td>\n<td>99.3&#215;96.7&#215;52.8mm\u00a0(3.91\u201d\u00a0\u00d7\u00a03.81\u201d\u00a0\u00d7\u00a02.08\u201d)<\/td>\n<\/tr>\n<tr>\n<td>Svoris<\/td>\n<td>600g<\/td>\n<\/tr>\n<\/tbody>\n<\/table>\n","protected":false},"excerpt":{"rendered":"<ul>\n<li>2MP (MegaPixel) dome IP kamera<\/li>\n<li>PoE<\/li>\n<li>4mm objektyvas<\/li>\n<li>Iki 10m IR ap\u0161vietimas<\/li>\n<li>Dvipusis garso ry\u0161ys<\/li>\n<li>Vieta SD kortelei (iki 64GB)<\/li>\n<li>IP66<\/li>\n<\/ul>\n","protected":false},"featured_media":27435,"comment_status":"closed","ping_status":"closed","template":"","meta":[],"product_brand":[],"product_cat":[883,801,804],"product_tag":[],"class_list":{"0":"post-18614","1":"product","2":"type-product","3":"status-publish","4":"has-post-thumbnail","6":"product_cat-ip-cameras","7":"product_cat-ip-video-surveillance-systems","8":"product_cat-ip-dome-cameras","10":"first","11":"instock","12":"purchasable","13":"product-type-simple"},"yoast_head":"<!-- This site is optimized with the Yoast SEO Premium plugin v21.5 (Yoast SEO v27.3) - https:\/\/yoast.com\/product\/yoast-seo-premium-wordpress\/ -->\n<title>Hikvision mini dome DS-2CD6520D-IO F4<\/title>\n<meta name=\"description\" content=\"Hikvision mini dome DS-2CD6520D-IO F4 IP kamera ; Iki 10m IR ap\u0161vietimas ; Dvipusis garso ry\u0161ys ; Rai\u0161ka - 2MP ; Spalva - balta\" \/>\n<meta name=\"robots\" content=\"index, follow, max-snippet:-1, max-image-preview:large, max-video-preview:-1\" \/>\n<link rel=\"canonical\" href=\"https:\/\/eheating.lt\/produktas\/hikvision-mini-dome-ds-2cd6520d-io-f4\/\" \/>\n<meta property=\"og:locale\" content=\"en_US\" \/>\n<meta property=\"og:type\" content=\"article\" \/>\n<meta property=\"og:title\" content=\"Hikvision mini dome DS-2CD6520D-IO F4\" \/>\n<meta property=\"og:description\" content=\"Hikvision mini dome DS-2CD6520D-IO F4 IP kamera ; Iki 10m IR ap\u0161vietimas ; Dvipusis garso ry\u0161ys ; Rai\u0161ka - 2MP ; Spalva - balta\" \/>\n<meta property=\"og:url\" content=\"https:\/\/eheating.lt\/produktas\/hikvision-mini-dome-ds-2cd6520d-io-f4\/\" \/>\n<meta property=\"og:site_name\" content=\"Elektronika Namams\" \/>\n<meta property=\"article:publisher\" content=\"https:\/\/www.facebook.com\/ElektronikaNamams\" \/>\n<meta property=\"article:modified_time\" content=\"2024-10-18T14:14:20+00:00\" \/>\n<meta property=\"og:image\" content=\"https:\/\/eheating.lt\/wp-content\/uploads\/2023\/10\/Hikvision-mini-dome-DS-2CD6520D-IO-F4.png\" \/>\n\t<meta property=\"og:image:width\" content=\"800\" \/>\n\t<meta property=\"og:image:height\" content=\"800\" \/>\n\t<meta property=\"og:image:type\" content=\"image\/png\" \/>\n<meta name=\"twitter:card\" content=\"summary_large_image\" \/>\n<meta name=\"twitter:label1\" content=\"Price\" \/>\n\t<meta name=\"twitter:data1\" content=\"614,92&nbsp;&euro;\" \/>\n\t<meta name=\"twitter:label2\" content=\"Availability\" \/>\n\t<meta name=\"twitter:data2\" content=\"In stock\" \/>\n<script type=\"application\/ld+json\" class=\"yoast-schema-graph\">{\"@context\":\"https:\\\/\\\/schema.org\",\"@graph\":[{\"@type\":\"WebPage\",\"@id\":\"https:\\\/\\\/eheating.lt\\\/produktas\\\/hikvision-mini-dome-ds-2cd6520d-io-f4\\\/\",\"url\":\"https:\\\/\\\/eheating.lt\\\/produktas\\\/hikvision-mini-dome-ds-2cd6520d-io-f4\\\/\",\"name\":\"Hikvision mini dome DS-2CD6520D-IO F4\",\"isPartOf\":{\"@id\":\"https:\\\/\\\/eheating.lt\\\/#website\"},\"primaryImageOfPage\":{\"@id\":\"https:\\\/\\\/eheating.lt\\\/produktas\\\/hikvision-mini-dome-ds-2cd6520d-io-f4\\\/#primaryimage\"},\"image\":{\"@id\":\"https:\\\/\\\/eheating.lt\\\/produktas\\\/hikvision-mini-dome-ds-2cd6520d-io-f4\\\/#primaryimage\"},\"thumbnailUrl\":\"https:\\\/\\\/eheating.lt\\\/wp-content\\\/uploads\\\/2023\\\/10\\\/Hikvision-mini-dome-DS-2CD6520D-IO-F4.png\",\"datePublished\":\"2023-11-13T19:13:09+00:00\",\"dateModified\":\"2024-10-18T14:14:20+00:00\",\"description\":\"Hikvision mini dome DS-2CD6520D-IO F4 IP kamera ; Iki 10m IR ap\u0161vietimas ; Dvipusis garso ry\u0161ys ; Rai\u0161ka - 2MP ; Spalva - balta\",\"breadcrumb\":{\"@id\":\"https:\\\/\\\/eheating.lt\\\/produktas\\\/hikvision-mini-dome-ds-2cd6520d-io-f4\\\/#breadcrumb\"},\"inLanguage\":\"en-US\",\"potentialAction\":[{\"@type\":\"ReadAction\",\"target\":[\"https:\\\/\\\/eheating.lt\\\/produktas\\\/hikvision-mini-dome-ds-2cd6520d-io-f4\\\/\"]}]},{\"@type\":\"ImageObject\",\"inLanguage\":\"en-US\",\"@id\":\"https:\\\/\\\/eheating.lt\\\/produktas\\\/hikvision-mini-dome-ds-2cd6520d-io-f4\\\/#primaryimage\",\"url\":\"https:\\\/\\\/eheating.lt\\\/wp-content\\\/uploads\\\/2023\\\/10\\\/Hikvision-mini-dome-DS-2CD6520D-IO-F4.png\",\"contentUrl\":\"https:\\\/\\\/eheating.lt\\\/wp-content\\\/uploads\\\/2023\\\/10\\\/Hikvision-mini-dome-DS-2CD6520D-IO-F4.png\",\"width\":800,\"height\":800,\"caption\":\"Hikvision mini dome DS-2CD6520D-IO F4\"},{\"@type\":\"BreadcrumbList\",\"@id\":\"https:\\\/\\\/eheating.lt\\\/produktas\\\/hikvision-mini-dome-ds-2cd6520d-io-f4\\\/#breadcrumb\",\"itemListElement\":[{\"@type\":\"ListItem\",\"position\":1,\"name\":\"Prad\u017eia\",\"item\":\"https:\\\/\\\/eheating.lt\\\/en\\\/\"},{\"@type\":\"ListItem\",\"position\":2,\"name\":\"Shop\",\"item\":\"https:\\\/\\\/eheating.lt\\\/en\\\/?page_id=5734\"},{\"@type\":\"ListItem\",\"position\":3,\"name\":\"Hikvision mini dome DS-2CD6520D-IO F4\"}]},{\"@type\":\"WebSite\",\"@id\":\"https:\\\/\\\/eheating.lt\\\/#website\",\"url\":\"https:\\\/\\\/eheating.lt\\\/\",\"name\":\"eHeating\",\"description\":\"Elektronika ir \u0161ildymas\",\"potentialAction\":[{\"@type\":\"SearchAction\",\"target\":{\"@type\":\"EntryPoint\",\"urlTemplate\":\"https:\\\/\\\/eheating.lt\\\/?s={search_term_string}\"},\"query-input\":{\"@type\":\"PropertyValueSpecification\",\"valueRequired\":true,\"valueName\":\"search_term_string\"}}],\"inLanguage\":\"en-US\"}]}<\/script>\n<meta property=\"product:price:amount\" content=\"614.92\" \/>\n<meta property=\"product:price:currency\" content=\"EUR\" \/>\n<meta property=\"og:availability\" content=\"instock\" \/>\n<meta property=\"product:availability\" content=\"instock\" \/>\n<meta property=\"product:retailer_item_id\" content=\"6bc1faaf1469\" \/>\n<meta property=\"product:condition\" content=\"new\" \/>\n<!-- \/ Yoast SEO Premium plugin. -->","yoast_head_json":{"title":"Hikvision mini dome DS-2CD6520D-IO F4","description":"Hikvision mini dome DS-2CD6520D-IO F4 IP kamera ; Iki 10m IR ap\u0161vietimas ; Dvipusis garso ry\u0161ys ; Rai\u0161ka - 2MP ; Spalva - balta","robots":{"index":"index","follow":"follow","max-snippet":"max-snippet:-1","max-image-preview":"max-image-preview:large","max-video-preview":"max-video-preview:-1"},"canonical":"https:\/\/eheating.lt\/produktas\/hikvision-mini-dome-ds-2cd6520d-io-f4\/","og_locale":"en_US","og_type":"article","og_title":"Hikvision mini dome DS-2CD6520D-IO F4","og_description":"Hikvision mini dome DS-2CD6520D-IO F4 IP kamera ; Iki 10m IR ap\u0161vietimas ; Dvipusis garso ry\u0161ys ; Rai\u0161ka - 2MP ; Spalva - balta","og_url":"https:\/\/eheating.lt\/produktas\/hikvision-mini-dome-ds-2cd6520d-io-f4\/","og_site_name":"Elektronika Namams","article_publisher":"https:\/\/www.facebook.com\/ElektronikaNamams","article_modified_time":"2024-10-18T14:14:20+00:00","og_image":[{"width":800,"height":800,"url":"https:\/\/eheating.lt\/wp-content\/uploads\/2023\/10\/Hikvision-mini-dome-DS-2CD6520D-IO-F4.png","type":"image\/png"}],"twitter_card":"summary_large_image","twitter_misc":{"Price":"614,92&nbsp;&euro;","Availability":"In stock"},"schema":{"@context":"https:\/\/schema.org","@graph":[{"@type":"WebPage","@id":"https:\/\/eheating.lt\/produktas\/hikvision-mini-dome-ds-2cd6520d-io-f4\/","url":"https:\/\/eheating.lt\/produktas\/hikvision-mini-dome-ds-2cd6520d-io-f4\/","name":"Hikvision mini dome DS-2CD6520D-IO F4","isPartOf":{"@id":"https:\/\/eheating.lt\/#website"},"primaryImageOfPage":{"@id":"https:\/\/eheating.lt\/produktas\/hikvision-mini-dome-ds-2cd6520d-io-f4\/#primaryimage"},"image":{"@id":"https:\/\/eheating.lt\/produktas\/hikvision-mini-dome-ds-2cd6520d-io-f4\/#primaryimage"},"thumbnailUrl":"https:\/\/eheating.lt\/wp-content\/uploads\/2023\/10\/Hikvision-mini-dome-DS-2CD6520D-IO-F4.png","datePublished":"2023-11-13T19:13:09+00:00","dateModified":"2024-10-18T14:14:20+00:00","description":"Hikvision mini dome DS-2CD6520D-IO F4 IP kamera ; Iki 10m IR ap\u0161vietimas ; Dvipusis garso ry\u0161ys ; Rai\u0161ka - 2MP ; Spalva - balta","breadcrumb":{"@id":"https:\/\/eheating.lt\/produktas\/hikvision-mini-dome-ds-2cd6520d-io-f4\/#breadcrumb"},"inLanguage":"en-US","potentialAction":[{"@type":"ReadAction","target":["https:\/\/eheating.lt\/produktas\/hikvision-mini-dome-ds-2cd6520d-io-f4\/"]}]},{"@type":"ImageObject","inLanguage":"en-US","@id":"https:\/\/eheating.lt\/produktas\/hikvision-mini-dome-ds-2cd6520d-io-f4\/#primaryimage","url":"https:\/\/eheating.lt\/wp-content\/uploads\/2023\/10\/Hikvision-mini-dome-DS-2CD6520D-IO-F4.png","contentUrl":"https:\/\/eheating.lt\/wp-content\/uploads\/2023\/10\/Hikvision-mini-dome-DS-2CD6520D-IO-F4.png","width":800,"height":800,"caption":"Hikvision mini dome DS-2CD6520D-IO F4"},{"@type":"BreadcrumbList","@id":"https:\/\/eheating.lt\/produktas\/hikvision-mini-dome-ds-2cd6520d-io-f4\/#breadcrumb","itemListElement":[{"@type":"ListItem","position":1,"name":"Prad\u017eia","item":"https:\/\/eheating.lt\/en\/"},{"@type":"ListItem","position":2,"name":"Shop","item":"https:\/\/eheating.lt\/en\/?page_id=5734"},{"@type":"ListItem","position":3,"name":"Hikvision mini dome DS-2CD6520D-IO F4"}]},{"@type":"WebSite","@id":"https:\/\/eheating.lt\/#website","url":"https:\/\/eheating.lt\/","name":"eHeating","description":"Elektronika ir \u0161ildymas","potentialAction":[{"@type":"SearchAction","target":{"@type":"EntryPoint","urlTemplate":"https:\/\/eheating.lt\/?s={search_term_string}"},"query-input":{"@type":"PropertyValueSpecification","valueRequired":true,"valueName":"search_term_string"}}],"inLanguage":"en-US"}]},"product_price_amount":"614.92","product_price_currency":"EUR","og_availability":"instock","product_availability":"instock","product_retailer_item_id":"6bc1faaf1469","product_condition":"new"},"_links":{"self":[{"href":"https:\/\/eheating.lt\/en\/wp-json\/wp\/v2\/product\/18614","targetHints":{"allow":["GET"]}}],"collection":[{"href":"https:\/\/eheating.lt\/en\/wp-json\/wp\/v2\/product"}],"about":[{"href":"https:\/\/eheating.lt\/en\/wp-json\/wp\/v2\/types\/product"}],"replies":[{"embeddable":true,"href":"https:\/\/eheating.lt\/en\/wp-json\/wp\/v2\/comments?post=18614"}],"version-history":[{"count":0,"href":"https:\/\/eheating.lt\/en\/wp-json\/wp\/v2\/product\/18614\/revisions"}],"wp:featuredmedia":[{"embeddable":true,"href":"https:\/\/eheating.lt\/en\/wp-json\/wp\/v2\/media\/27435"}],"wp:attachment":[{"href":"https:\/\/eheating.lt\/en\/wp-json\/wp\/v2\/media?parent=18614"}],"wp:term":[{"taxonomy":"product_brand","embeddable":true,"href":"https:\/\/eheating.lt\/en\/wp-json\/wp\/v2\/product_brand?post=18614"},{"taxonomy":"product_cat","embeddable":true,"href":"https:\/\/eheating.lt\/en\/wp-json\/wp\/v2\/product_cat?post=18614"},{"taxonomy":"product_tag","embeddable":true,"href":"https:\/\/eheating.lt\/en\/wp-json\/wp\/v2\/product_tag?post=18614"}],"curies":[{"name":"wp","href":"https:\/\/api.w.org\/{rel}","templated":true}]}}