{"id":18582,"date":"2023-11-13T21:29:48","date_gmt":"2023-11-13T19:29:48","guid":{"rendered":"https:\/\/eheating.lt\/?post_type=product&#038;p=18582"},"modified":"2024-07-11T18:58:13","modified_gmt":"2024-07-11T15:58:13","slug":"hikvision-fisheye-ds-2cd63c5g0-ivs-f1-29","status":"publish","type":"product","link":"https:\/\/eheating.lt\/en\/produktas\/hikvision-fisheye-ds-2cd63c5g0-ivs-f1-29\/","title":{"rendered":"Hikvision fisheye DS-2CD63C5G0-IVS F1.29"},"content":{"rendered":"<table>\n<tbody>\n<tr>\n<td>Sensorius<\/td>\n<td>1\/1.8&#8221; Progressive Scan CMOS<\/td>\n<td><\/td>\n<\/tr>\n<tr>\n<td>Min. pa\u0161vietimas<\/td>\n<td>0.01 Lux @ (F1.2, AGC ON), 0.001 Lux @ (F1.2, AGC ON), 0 Lux with IR<\/td>\n<td><\/td>\n<\/tr>\n<tr>\n<td>U\u017erakto greitis<\/td>\n<td>1 s to 1\/100,000 s<\/td>\n<td><\/td>\n<\/tr>\n<tr>\n<td>Objektyvas<\/td>\n<td>1.27 mm<\/td>\n<td><\/td>\n<\/tr>\n<tr>\n<td>Montavimas<\/td>\n<td>M12<\/td>\n<td><\/td>\n<\/tr>\n<tr>\n<td>Day &amp; Night<\/td>\n<td>IR Cut Filter<\/td>\n<td><\/td>\n<\/tr>\n<tr>\n<td>Vaizdo suspaudimas<\/td>\n<td>Main stream: H.265+\/H.265\/H.264+\/H.264<\/p>\n<p>Sub stream: H.265\/H.264\/MJPEG<\/td>\n<td><\/td>\n<\/tr>\n<tr>\n<td>Vaizdo bit\u0173 greitis<\/td>\n<td>32 Kbps to 16 Mbps<\/td>\n<td><\/td>\n<\/tr>\n<tr>\n<td>Garso suspaudimas (-S)<\/td>\n<td>G.711\/G.722.1\/G.726\/MP2L2\/PCM<\/td>\n<td><\/td>\n<\/tr>\n<tr>\n<td>Garso bit\u0173 greitis<\/td>\n<td>64Kbps(G.711)\/16Kbps(G.722.1)\/16Kbps(G.726)\/32-160Kbps(MP2L2)<\/td>\n<td><\/td>\n<\/tr>\n<tr>\n<td>Maks. rai\u0161ka<\/td>\n<td>3072 \u00d7 2048<\/td>\n<td><\/td>\n<\/tr>\n<tr>\n<td>Vaizdo nustatymai<\/td>\n<td>Saturation, brightness, contrast, sharpness, AGC and white balance are adjustable by client software or web browser<\/td>\n<td><\/td>\n<\/tr>\n<tr>\n<td>Day\/Night jungiklis<\/td>\n<td>Day\/Night\/Auto\/Schedule\/Triggered by Alarm In (-S)<\/td>\n<td><\/td>\n<\/tr>\n<tr>\n<td>Tinklo saugykla<\/td>\n<td>Support microSD\/SDHC\/SDXC card (256 G), local storage and NAS (NFS,SMB\/CIFS), ANR<\/td>\n<td><\/td>\n<\/tr>\n<tr>\n<td>Pavojaus signalas<\/td>\n<td>Motion detection, video tampering alarm, network disconnected, IP address conflicted, illegal login, HDD full, HDD error<\/td>\n<td><\/td>\n<\/tr>\n<tr>\n<td>Protokolai<\/td>\n<td>TCP\/IP, ICMP, HTTP, HTTPS, FTP, DHCP, DNS, DDNS, RTP, RTSP, RTCP, PPPoE, NTP, UPnP, SMTP, SNMP, IGMP, 802.1X, QoS, IPv6, UDP, Bonjour<\/td>\n<td><\/td>\n<\/tr>\n<tr>\n<td>Apsauga<\/td>\n<td>Password protection, HTTPS encryption, IEEE 802.1x port-based network access control, IP address filter, basic and digest authentication for HTTP\/HTTPS, WSSE and digest authentication for ONVIF<\/td>\n<td><\/td>\n<\/tr>\n<tr>\n<td>Ry\u0161io protokolas<\/td>\n<td>1 RJ45 10M\/100M\/1000M self-adaptive Ethernet port<\/td>\n<td><\/td>\n<\/tr>\n<tr>\n<td>Garsas (-S)<\/td>\n<td>1 Audio input (line in, 3.5 mm), 1 audio output (line out, 3.5 mm)<\/p>\n<p>1 built-in microphone, 1 built-in speaker, mono sound<\/td>\n<td><\/td>\n<\/tr>\n<tr>\n<td>Pavojaus signalas (-S)<\/td>\n<td>1-ch alarm input, max. 12 V; 1-ch alarm output, max 24 VDC, 1 A<\/td>\n<td><\/td>\n<\/tr>\n<tr>\n<td>VIdin\u0117 atmintis<\/td>\n<td>Built-in micro SD\/SDHC\/SDXC slot, up to 256 GB<\/td>\n<td><\/td>\n<\/tr>\n<tr>\n<td>Veikimo s\u0105lygos<\/td>\n<td>-30 \u00b0C to +60 \u00b0C (-22 \u00b0F to +140 \u00b0F), Humidity 95% or less (non-condensing)<\/td>\n<td><\/td>\n<\/tr>\n<tr>\n<td rowspan=\"2\">Maitinimas<\/td>\n<td rowspan=\"2\">12 VDC\u00b120%, PoE (802.2at, class 4), two-core terminal block<\/td>\n<td><\/td>\n<\/tr>\n<tr>\n<td><\/td>\n<\/tr>\n<tr>\n<td>Suvartojimas<\/td>\n<td>12 VDC, 1 A, max. 15 W PoE (802.3at, 42.5 to 57V), 0.4A to 0.3A<\/td>\n<td><\/td>\n<\/tr>\n<tr>\n<td>Apsauga nuo sm\u016bgi\u0173<\/td>\n<td>IK10<\/td>\n<td><\/td>\n<\/tr>\n<tr>\n<td>Apsauga nuo dulki\u0173 ir purvo<\/td>\n<td>IP66<\/td>\n<td><\/td>\n<\/tr>\n<tr>\n<td>Matmenys<\/td>\n<td>With \u2013V model: 167 \u00d7 152.8 \u00d7 50 mm (6. 6&#8243; \u00d7 6&#8243; \u00d7 2&#8243;)<\/td>\n<td><\/td>\n<\/tr>\n<tr>\n<td>Svoris<\/td>\n<td>1400g<\/td>\n<td><\/td>\n<\/tr>\n<\/tbody>\n<\/table>\n","protected":false},"excerpt":{"rendered":"<ul>\n<li>12MP Fish-eye tinklo kamera<\/li>\n<li>1\/2.8\u201d Progressive Scan CMOS<\/li>\n<li>Heat map<\/li>\n<li>Vaizdo i\u0161skaidymas<\/li>\n<li>Iki 15 m IR atstumas<\/li>\n<li>\u012emontuotas mikrofonas ir garsiakalbis<\/li>\n<\/ul>\n","protected":false},"featured_media":27944,"comment_status":"closed","ping_status":"closed","template":"","meta":[],"product_brand":[],"product_cat":[806,883,801],"product_tag":[],"class_list":{"0":"post-18582","1":"product","2":"type-product","3":"status-publish","4":"has-post-thumbnail","6":"product_cat-ip-fisheye-cameras","7":"product_cat-ip-cameras","8":"product_cat-ip-video-surveillance-systems","10":"first","11":"instock","12":"taxable","13":"shipping-taxable","14":"purchasable","15":"product-type-simple"},"yoast_head":"<!-- This site is optimized with the Yoast SEO Premium plugin v21.5 (Yoast SEO v27.3) - https:\/\/yoast.com\/product\/yoast-seo-premium-wordpress\/ -->\n<title>Hikvision fisheye DS-2CD63C5G0-IVS F1.29<\/title>\n<meta name=\"description\" content=\"Hikvision fisheye DS-2CD63C5G0-IVS F1.29 IP kamera ; Iki 15 m IR atstumas ; \u012emontuotas mikrofonas ir garsiakalbis ; Rai\u0161ka - 12MP ; Spalva - balta\" \/>\n<meta name=\"robots\" content=\"index, follow, max-snippet:-1, max-image-preview:large, max-video-preview:-1\" \/>\n<link rel=\"canonical\" href=\"https:\/\/eheating.lt\/produktas\/hikvision-fisheye-ds-2cd63c5g0-ivs-f1-29\/\" \/>\n<meta property=\"og:locale\" content=\"en_US\" \/>\n<meta property=\"og:type\" content=\"article\" \/>\n<meta property=\"og:title\" content=\"Hikvision fisheye DS-2CD63C5G0-IVS F1.29\" \/>\n<meta property=\"og:description\" content=\"Hikvision fisheye DS-2CD63C5G0-IVS F1.29 IP kamera ; Iki 15 m IR atstumas ; \u012emontuotas mikrofonas ir garsiakalbis ; Rai\u0161ka - 12MP ; Spalva - balta\" \/>\n<meta property=\"og:url\" content=\"https:\/\/eheating.lt\/produktas\/hikvision-fisheye-ds-2cd63c5g0-ivs-f1-29\/\" \/>\n<meta property=\"og:site_name\" content=\"Elektronika Namams\" \/>\n<meta property=\"article:publisher\" content=\"https:\/\/www.facebook.com\/ElektronikaNamams\" \/>\n<meta property=\"article:modified_time\" content=\"2024-07-11T15:58:13+00:00\" \/>\n<meta property=\"og:image\" content=\"https:\/\/eheating.lt\/wp-content\/uploads\/2023\/10\/Hikvision-fisheye-DS-2CD63C5G0-IVS-F1.29.png\" \/>\n\t<meta property=\"og:image:width\" content=\"800\" \/>\n\t<meta property=\"og:image:height\" content=\"800\" \/>\n\t<meta property=\"og:image:type\" content=\"image\/png\" \/>\n<meta name=\"twitter:card\" content=\"summary_large_image\" \/>\n<meta name=\"twitter:label1\" content=\"Price\" \/>\n\t<meta name=\"twitter:data1\" content=\"1517,84&nbsp;&euro;\" \/>\n\t<meta name=\"twitter:label2\" content=\"Availability\" \/>\n\t<meta name=\"twitter:data2\" content=\"In stock\" \/>\n<script type=\"application\/ld+json\" class=\"yoast-schema-graph\">{\"@context\":\"https:\\\/\\\/schema.org\",\"@graph\":[{\"@type\":\"WebPage\",\"@id\":\"https:\\\/\\\/eheating.lt\\\/produktas\\\/hikvision-fisheye-ds-2cd63c5g0-ivs-f1-29\\\/\",\"url\":\"https:\\\/\\\/eheating.lt\\\/produktas\\\/hikvision-fisheye-ds-2cd63c5g0-ivs-f1-29\\\/\",\"name\":\"Hikvision fisheye DS-2CD63C5G0-IVS F1.29\",\"isPartOf\":{\"@id\":\"https:\\\/\\\/eheating.lt\\\/#website\"},\"primaryImageOfPage\":{\"@id\":\"https:\\\/\\\/eheating.lt\\\/produktas\\\/hikvision-fisheye-ds-2cd63c5g0-ivs-f1-29\\\/#primaryimage\"},\"image\":{\"@id\":\"https:\\\/\\\/eheating.lt\\\/produktas\\\/hikvision-fisheye-ds-2cd63c5g0-ivs-f1-29\\\/#primaryimage\"},\"thumbnailUrl\":\"https:\\\/\\\/eheating.lt\\\/wp-content\\\/uploads\\\/2023\\\/10\\\/Hikvision-fisheye-DS-2CD63C5G0-IVS-F1.29.png\",\"datePublished\":\"2023-11-13T19:29:48+00:00\",\"dateModified\":\"2024-07-11T15:58:13+00:00\",\"description\":\"Hikvision fisheye DS-2CD63C5G0-IVS F1.29 IP kamera ; Iki 15 m IR atstumas ; \u012emontuotas mikrofonas ir garsiakalbis ; Rai\u0161ka - 12MP ; Spalva - balta\",\"breadcrumb\":{\"@id\":\"https:\\\/\\\/eheating.lt\\\/produktas\\\/hikvision-fisheye-ds-2cd63c5g0-ivs-f1-29\\\/#breadcrumb\"},\"inLanguage\":\"en-US\",\"potentialAction\":[{\"@type\":\"ReadAction\",\"target\":[\"https:\\\/\\\/eheating.lt\\\/produktas\\\/hikvision-fisheye-ds-2cd63c5g0-ivs-f1-29\\\/\"]}]},{\"@type\":\"ImageObject\",\"inLanguage\":\"en-US\",\"@id\":\"https:\\\/\\\/eheating.lt\\\/produktas\\\/hikvision-fisheye-ds-2cd63c5g0-ivs-f1-29\\\/#primaryimage\",\"url\":\"https:\\\/\\\/eheating.lt\\\/wp-content\\\/uploads\\\/2023\\\/10\\\/Hikvision-fisheye-DS-2CD63C5G0-IVS-F1.29.png\",\"contentUrl\":\"https:\\\/\\\/eheating.lt\\\/wp-content\\\/uploads\\\/2023\\\/10\\\/Hikvision-fisheye-DS-2CD63C5G0-IVS-F1.29.png\",\"width\":800,\"height\":800,\"caption\":\"Hikvision fisheye DS-2CD63C5G0-IVS F1.29\"},{\"@type\":\"BreadcrumbList\",\"@id\":\"https:\\\/\\\/eheating.lt\\\/produktas\\\/hikvision-fisheye-ds-2cd63c5g0-ivs-f1-29\\\/#breadcrumb\",\"itemListElement\":[{\"@type\":\"ListItem\",\"position\":1,\"name\":\"Prad\u017eia\",\"item\":\"https:\\\/\\\/eheating.lt\\\/en\\\/\"},{\"@type\":\"ListItem\",\"position\":2,\"name\":\"Shop\",\"item\":\"https:\\\/\\\/eheating.lt\\\/en\\\/?page_id=5734\"},{\"@type\":\"ListItem\",\"position\":3,\"name\":\"Hikvision fisheye DS-2CD63C5G0-IVS F1.29\"}]},{\"@type\":\"WebSite\",\"@id\":\"https:\\\/\\\/eheating.lt\\\/#website\",\"url\":\"https:\\\/\\\/eheating.lt\\\/\",\"name\":\"eHeating\",\"description\":\"Elektronika ir \u0161ildymas\",\"potentialAction\":[{\"@type\":\"SearchAction\",\"target\":{\"@type\":\"EntryPoint\",\"urlTemplate\":\"https:\\\/\\\/eheating.lt\\\/?s={search_term_string}\"},\"query-input\":{\"@type\":\"PropertyValueSpecification\",\"valueRequired\":true,\"valueName\":\"search_term_string\"}}],\"inLanguage\":\"en-US\"}]}<\/script>\n<meta property=\"product:price:amount\" content=\"1517.84\" \/>\n<meta property=\"product:price:currency\" content=\"EUR\" \/>\n<meta property=\"og:availability\" content=\"instock\" \/>\n<meta property=\"product:availability\" content=\"instock\" \/>\n<meta property=\"product:retailer_item_id\" content=\"0cb3edabc014\" \/>\n<meta property=\"product:condition\" content=\"new\" \/>\n<!-- \/ Yoast SEO Premium plugin. -->","yoast_head_json":{"title":"Hikvision fisheye DS-2CD63C5G0-IVS F1.29","description":"Hikvision fisheye DS-2CD63C5G0-IVS F1.29 IP kamera ; Iki 15 m IR atstumas ; \u012emontuotas mikrofonas ir garsiakalbis ; Rai\u0161ka - 12MP ; Spalva - balta","robots":{"index":"index","follow":"follow","max-snippet":"max-snippet:-1","max-image-preview":"max-image-preview:large","max-video-preview":"max-video-preview:-1"},"canonical":"https:\/\/eheating.lt\/produktas\/hikvision-fisheye-ds-2cd63c5g0-ivs-f1-29\/","og_locale":"en_US","og_type":"article","og_title":"Hikvision fisheye DS-2CD63C5G0-IVS F1.29","og_description":"Hikvision fisheye DS-2CD63C5G0-IVS F1.29 IP kamera ; Iki 15 m IR atstumas ; \u012emontuotas mikrofonas ir garsiakalbis ; Rai\u0161ka - 12MP ; Spalva - balta","og_url":"https:\/\/eheating.lt\/produktas\/hikvision-fisheye-ds-2cd63c5g0-ivs-f1-29\/","og_site_name":"Elektronika Namams","article_publisher":"https:\/\/www.facebook.com\/ElektronikaNamams","article_modified_time":"2024-07-11T15:58:13+00:00","og_image":[{"width":800,"height":800,"url":"https:\/\/eheating.lt\/wp-content\/uploads\/2023\/10\/Hikvision-fisheye-DS-2CD63C5G0-IVS-F1.29.png","type":"image\/png"}],"twitter_card":"summary_large_image","twitter_misc":{"Price":"1517,84&nbsp;&euro;","Availability":"In stock"},"schema":{"@context":"https:\/\/schema.org","@graph":[{"@type":"WebPage","@id":"https:\/\/eheating.lt\/produktas\/hikvision-fisheye-ds-2cd63c5g0-ivs-f1-29\/","url":"https:\/\/eheating.lt\/produktas\/hikvision-fisheye-ds-2cd63c5g0-ivs-f1-29\/","name":"Hikvision fisheye DS-2CD63C5G0-IVS F1.29","isPartOf":{"@id":"https:\/\/eheating.lt\/#website"},"primaryImageOfPage":{"@id":"https:\/\/eheating.lt\/produktas\/hikvision-fisheye-ds-2cd63c5g0-ivs-f1-29\/#primaryimage"},"image":{"@id":"https:\/\/eheating.lt\/produktas\/hikvision-fisheye-ds-2cd63c5g0-ivs-f1-29\/#primaryimage"},"thumbnailUrl":"https:\/\/eheating.lt\/wp-content\/uploads\/2023\/10\/Hikvision-fisheye-DS-2CD63C5G0-IVS-F1.29.png","datePublished":"2023-11-13T19:29:48+00:00","dateModified":"2024-07-11T15:58:13+00:00","description":"Hikvision fisheye DS-2CD63C5G0-IVS F1.29 IP kamera ; Iki 15 m IR atstumas ; \u012emontuotas mikrofonas ir garsiakalbis ; Rai\u0161ka - 12MP ; Spalva - balta","breadcrumb":{"@id":"https:\/\/eheating.lt\/produktas\/hikvision-fisheye-ds-2cd63c5g0-ivs-f1-29\/#breadcrumb"},"inLanguage":"en-US","potentialAction":[{"@type":"ReadAction","target":["https:\/\/eheating.lt\/produktas\/hikvision-fisheye-ds-2cd63c5g0-ivs-f1-29\/"]}]},{"@type":"ImageObject","inLanguage":"en-US","@id":"https:\/\/eheating.lt\/produktas\/hikvision-fisheye-ds-2cd63c5g0-ivs-f1-29\/#primaryimage","url":"https:\/\/eheating.lt\/wp-content\/uploads\/2023\/10\/Hikvision-fisheye-DS-2CD63C5G0-IVS-F1.29.png","contentUrl":"https:\/\/eheating.lt\/wp-content\/uploads\/2023\/10\/Hikvision-fisheye-DS-2CD63C5G0-IVS-F1.29.png","width":800,"height":800,"caption":"Hikvision fisheye DS-2CD63C5G0-IVS F1.29"},{"@type":"BreadcrumbList","@id":"https:\/\/eheating.lt\/produktas\/hikvision-fisheye-ds-2cd63c5g0-ivs-f1-29\/#breadcrumb","itemListElement":[{"@type":"ListItem","position":1,"name":"Prad\u017eia","item":"https:\/\/eheating.lt\/en\/"},{"@type":"ListItem","position":2,"name":"Shop","item":"https:\/\/eheating.lt\/en\/?page_id=5734"},{"@type":"ListItem","position":3,"name":"Hikvision fisheye DS-2CD63C5G0-IVS F1.29"}]},{"@type":"WebSite","@id":"https:\/\/eheating.lt\/#website","url":"https:\/\/eheating.lt\/","name":"eHeating","description":"Elektronika ir \u0161ildymas","potentialAction":[{"@type":"SearchAction","target":{"@type":"EntryPoint","urlTemplate":"https:\/\/eheating.lt\/?s={search_term_string}"},"query-input":{"@type":"PropertyValueSpecification","valueRequired":true,"valueName":"search_term_string"}}],"inLanguage":"en-US"}]},"product_price_amount":"1517.84","product_price_currency":"EUR","og_availability":"instock","product_availability":"instock","product_retailer_item_id":"0cb3edabc014","product_condition":"new"},"_links":{"self":[{"href":"https:\/\/eheating.lt\/en\/wp-json\/wp\/v2\/product\/18582","targetHints":{"allow":["GET"]}}],"collection":[{"href":"https:\/\/eheating.lt\/en\/wp-json\/wp\/v2\/product"}],"about":[{"href":"https:\/\/eheating.lt\/en\/wp-json\/wp\/v2\/types\/product"}],"replies":[{"embeddable":true,"href":"https:\/\/eheating.lt\/en\/wp-json\/wp\/v2\/comments?post=18582"}],"version-history":[{"count":0,"href":"https:\/\/eheating.lt\/en\/wp-json\/wp\/v2\/product\/18582\/revisions"}],"wp:featuredmedia":[{"embeddable":true,"href":"https:\/\/eheating.lt\/en\/wp-json\/wp\/v2\/media\/27944"}],"wp:attachment":[{"href":"https:\/\/eheating.lt\/en\/wp-json\/wp\/v2\/media?parent=18582"}],"wp:term":[{"taxonomy":"product_brand","embeddable":true,"href":"https:\/\/eheating.lt\/en\/wp-json\/wp\/v2\/product_brand?post=18582"},{"taxonomy":"product_cat","embeddable":true,"href":"https:\/\/eheating.lt\/en\/wp-json\/wp\/v2\/product_cat?post=18582"},{"taxonomy":"product_tag","embeddable":true,"href":"https:\/\/eheating.lt\/en\/wp-json\/wp\/v2\/product_tag?post=18582"}],"curies":[{"name":"wp","href":"https:\/\/api.w.org\/{rel}","templated":true}]}}