{"id":18562,"date":"2023-11-13T21:37:48","date_gmt":"2023-11-13T19:37:48","guid":{"rendered":"https:\/\/eheating.lt\/?post_type=product&#038;p=18562"},"modified":"2024-10-18T17:12:36","modified_gmt":"2024-10-18T14:12:36","slug":"hikvision-internetine-kamera-ds-ul8","status":"publish","type":"product","link":"https:\/\/eheating.lt\/en\/produktas\/hikvision-internetine-kamera-ds-ul8\/","title":{"rendered":"Hikvision internetin\u0117 kamera DS-UL8"},"content":{"rendered":"<div class=\"tech-specs-items-description-wrap\">\n<ul class=\"tech-specs-items-description\" data-target=\"Camera\">\n<li class=\"tech-specs-items-description-list\"><span class=\"tech-specs-items-description__title--heading\">Kamera<\/span><\/li>\n<li class=\"tech-specs-items-description-list\"><span class=\"tech-specs-items-description__title\">Sensorius<\/span><span class=\"tech-specs-items-description__title-details\">8 MP CMOS<\/span><\/li>\n<li class=\"tech-specs-items-description-list\"><span class=\"tech-specs-items-description__title\">Signalo sistema<\/span><span class=\"tech-specs-items-description__title-details\">PAL\/NTSC<\/span><\/li>\n<li class=\"tech-specs-items-description-list\"><span class=\"tech-specs-items-description__title\">Kadr\u0173 da\u017enis<\/span><span class=\"tech-specs-items-description__title-details\"><span class=\"tech-specs-items-description__title-details\"><br \/>\n<\/span><\/span><\/p>\n<p class=\"mb-p\" style=\"margin-bottom: 0rem; height: auto;\">USB3.0<\/p>\n<p class=\"mb-p\" style=\"margin-bottom: 0rem; height: auto;\">MJPG:<\/p>\n<p class=\"mb-p\" style=\"margin-bottom: 0rem; height: auto;\">3840 \u00d7 2160@30\/25fps<\/p>\n<p class=\"mb-p\" style=\"margin-bottom: 0rem; height: auto;\">2560 \u00d7 1440@30\/25fps<\/p>\n<p class=\"mb-p\" style=\"margin-bottom: 0rem; height: auto;\">1920 \u00d7 1080@30\/25fps<\/p>\n<p class=\"mb-p\" style=\"margin-bottom: 0rem; height: auto;\">1280 \u00d7 960@30\/25fps<\/p>\n<p class=\"mb-p\" style=\"margin-bottom: 0rem; height: auto;\">1280 \u00d7 720@30\/25fps<\/p>\n<p class=\"mb-p\" style=\"margin-bottom: 0rem; height: auto;\">640 \u00d7 480@30\/25fps<\/p>\n<p class=\"mb-p\" style=\"margin-bottom: 0rem; height: auto;\">YUV:<\/p>\n<p class=\"mb-p\" style=\"margin-bottom: 0rem; height: auto;\">1920 \u00d7 1080@30\/25fps<\/p>\n<p class=\"mb-p\" style=\"margin-bottom: 0rem; height: auto;\">1280 \u00d7 960@30\/25fps<\/p>\n<p class=\"mb-p\" style=\"margin-bottom: 0rem; height: auto;\">1280 \u00d7 720@30\/25fps<\/p>\n<p class=\"mb-p\" style=\"margin-bottom: 0rem; height: auto;\">640 \u00d7 480@30\/25fps<\/p>\n<p class=\"mb-p\" style=\"margin-bottom: 0rem; height: auto;\">USB2.0<\/p>\n<p class=\"mb-p\" style=\"margin-bottom: 0rem; height: auto;\">MJPG:<\/p>\n<p class=\"mb-p\" style=\"margin-bottom: 0rem; height: auto;\">1920 \u00d7 1080@30\/25fps<\/p>\n<p class=\"mb-p\" style=\"margin-bottom: 0rem; height: auto;\">1280 \u00d7 960@30\/25fps<\/p>\n<p class=\"mb-p\" style=\"margin-bottom: 0rem; height: auto;\">1280 \u00d7 720@30\/25fps<\/p>\n<p class=\"mb-p\" style=\"margin-bottom: 0rem; height: auto;\">640 \u00d7 480@30\/25fps<\/p>\n<p class=\"mb-p\" style=\"margin-bottom: 0rem; height: auto;\">YUV\uff1a<\/p>\n<p class=\"mb-p\" style=\"margin-bottom: 0rem; height: auto;\">1920 \u00d7 1080@5fps<\/p>\n<p class=\"mb-p\" style=\"margin-bottom: 0rem; height: auto;\">1280 \u00d7 960@5fps<\/p>\n<p class=\"mb-p\" style=\"margin-bottom: 0rem; height: auto;\">1280 \u00d7 720@10fps<\/p>\n<p class=\"mb-p\" style=\"margin-bottom: 0.5em; height: auto;\">640 \u00d7 480@30\/25fps<\/p>\n<p>&nbsp;<\/li>\n<li class=\"tech-specs-items-description-list\"><span class=\"tech-specs-items-description__title\">Rai\u0161ka<\/span><span class=\"tech-specs-items-description__title-details\">3840 (H) \u00d7 2160 (V)<\/span><\/li>\n<li class=\"tech-specs-items-description-list\"><span class=\"tech-specs-items-description__title\">Min. ap\u0161vietimas<\/span><span class=\"tech-specs-items-description__title-details\">0.1 Lux @ (F1.2, AGC ON) <\/span><\/li>\n<li class=\"tech-specs-items-description-list\"><span class=\"tech-specs-items-description__title\">U\u017erakto greitis<\/span><span class=\"tech-specs-items-description__title-details\">PAL: 1\/25 s to 1\/50,000 s;NTSC: 1\/30 s to 1\/50,000 s<\/span><\/li>\n<li class=\"tech-specs-items-description-list\"><span class=\"tech-specs-items-description__title\">L\u0119\u0161iai<\/span><span class=\"tech-specs-items-description__title-details\">3.6 mm fixed focal lens<\/span><\/li>\n<li class=\"tech-specs-items-description-list\"><span class=\"tech-specs-items-description__title\">FOV<\/span><span class=\"tech-specs-items-description__title-details\">horizontal FOV: 83\u00b0, vertical FOV: 53\u00b0, diagonal FOV: 91\u00b0<\/span><\/li>\n<li class=\"tech-specs-items-description-list\"><span class=\"tech-specs-items-description__title\">L\u0119\u0161i\u0173 montavimas<\/span><span class=\"tech-specs-items-description__title-details\">M8<\/span><\/li>\n<li class=\"tech-specs-items-description-list\"><span class=\"tech-specs-items-description__title\">Diena &amp; naktis<\/span><span class=\"tech-specs-items-description__title-details\">24\/7 Color Imaging<\/span><\/li>\n<li class=\"tech-specs-items-description-list\"><span class=\"tech-specs-items-description__title\">Kampo pasirinkimas<\/span><span class=\"tech-specs-items-description__title-details\">pan: 0\u00b0; tilt: 0\u00b0 to 35\u00b0; ratation: 0\u00b0<\/span><\/li>\n<li class=\"tech-specs-items-description-list\"><span class=\"tech-specs-items-description__title\">Skaitmeninis priartinimas<\/span><span class=\"tech-specs-items-description__title-details\">Yes<\/span><\/li>\n<li class=\"tech-specs-items-description-list\"><span class=\"tech-specs-items-description__title\">Kabelio ilgis<\/span><span class=\"tech-specs-items-description__title-details\">2 m<\/span><\/li>\n<li class=\"tech-specs-items-description-list\"><span class=\"tech-specs-items-description__title\">\u017didinio nuotolis<\/span><span class=\"tech-specs-items-description__title-details\">0.1 m to \u221e<\/span><\/li>\n<\/ul>\n<ul class=\"tech-specs-items-description\" data-target=\"Audio\">\n<li class=\"tech-specs-items-description-list\"><span class=\"tech-specs-items-description__title--heading\">Garsas<\/span><\/li>\n<li class=\"tech-specs-items-description-list\"><span class=\"tech-specs-items-description__title\">Garso pavyzd\u017ei\u0173 \u0117mimo da\u017enis<\/span><span class=\"tech-specs-items-description__title-details\">48 kHz<\/span><\/li>\n<\/ul>\n<ul class=\"tech-specs-items-description\" data-target=\"Interface\">\n<li class=\"tech-specs-items-description-list\"><span class=\"tech-specs-items-description__title--heading\">S\u0105saja<\/span><\/li>\n<li class=\"tech-specs-items-description-list\"><span class=\"tech-specs-items-description__title\">Vaizdo i\u0161vestis<\/span><span class=\"tech-specs-items-description__title-details\">USB 2.0;USB 3.0<\/span><\/li>\n<li class=\"tech-specs-items-description-list\"><span class=\"tech-specs-items-description__title\">Garso \u012fvestis<\/span><span class=\"tech-specs-items-description__title-details\">Built-in mic<\/span><\/li>\n<li class=\"tech-specs-items-description-list\"><span class=\"tech-specs-items-description__title\">Operacin\u0117 sistema<\/span><span class=\"tech-specs-items-description__title-details\">Windows XP\/7\/10, Android, Linux, MAC OS<\/span><\/li>\n<\/ul>\n<ul class=\"tech-specs-items-description\" data-target=\"General\">\n<li class=\"tech-specs-items-description-list\"><span class=\"tech-specs-items-description__title--heading\">Pagrindinis<\/span><\/li>\n<li class=\"tech-specs-items-description-list\"><span class=\"tech-specs-items-description__title\">Veikimo s\u0105lygos<\/span><span class=\"tech-specs-items-description__title-details\">-10\u00b0C to 40\u00b0C, Humidity: 90% or less (non-condensing)<\/span><\/li>\n<li class=\"tech-specs-items-description-list\"><span class=\"tech-specs-items-description__title\">Energijos \u0161altinis<\/span><span class=\"tech-specs-items-description__title-details\">DC 5V \u00b1 5% (USB)<\/span><\/li>\n<li class=\"tech-specs-items-description-list\"><span class=\"tech-specs-items-description__title\">Energijos suvartojimas<\/span><span class=\"tech-specs-items-description__title-details\">4.5 W MAX <\/span><\/li>\n<li class=\"tech-specs-items-description-list\"><span class=\"tech-specs-items-description__title\">Matmenys<\/span><span class=\"tech-specs-items-description__title-details\">47.9 mm \u00d7 59.9 mm \u00d7 75.4 mm (1.89&#8243; \u00d7 2.36&#8243; \u00d7 2.97&#8243;)<\/span><\/li>\n<li class=\"tech-specs-items-description-list\"><span class=\"tech-specs-items-description__title\">Svoris<\/span><span class=\"tech-specs-items-description__title-details\">Approx. 171g (0.38 lb.)<\/span><\/li>\n<\/ul>\n<ul class=\"tech-specs-items-description\" data-target=\"Accessory\">\n<li class=\"tech-specs-items-description-list\"><span class=\"tech-specs-items-description__title--heading\">Priedai<\/span><\/li>\n<li class=\"tech-specs-items-description-list\"><span class=\"tech-specs-items-description__title\">Pakuot\u0117je<\/span><span class=\"tech-specs-items-description__title-details\"><span class=\"tech-specs-items-description__title-details\"><br \/>\n<\/span><\/span><\/p>\n<p class=\"mb-p\" style=\"margin-bottom: 0rem; height: auto;\">Camera \u00d7 1<\/p>\n<p class=\"mb-p\" style=\"margin-bottom: 0rem; height: auto;\">USB Cable \u00d7 1<\/p>\n<p class=\"mb-p\" style=\"margin-bottom: 0rem; height: auto;\">Quick Start Guide \u00d7 1<\/p>\n<p class=\"mb-p\" style=\"margin-bottom: 0rem; height: auto;\">Bracket \u00d7 1<\/p>\n<p class=\"mb-p\" style=\"margin-bottom: 0.5em; height: auto;\">Tripod \u00d7 1<\/p>\n<p>&nbsp;<\/li>\n<\/ul>\n<\/div>\n","protected":false},"excerpt":{"rendered":"<ul>\n<li>Rai\u0161ka: 3840 \u00d7 2160<\/li>\n<li>\u012emontuota pagalbin\u0117 \u0161viesa<\/li>\n<li>\u012emontuotas mikrofonas<\/li>\n<li>Type-C s\u0105saja skirta USB 2.0, USB 3.0<\/li>\n<li>3.6 mm l\u0119\u0161is<\/li>\n<li>8MP CMOS<\/li>\n<\/ul>\n","protected":false},"featured_media":28106,"comment_status":"closed","ping_status":"closed","template":"","meta":[],"product_brand":[],"product_cat":[534,533,477],"product_tag":[],"class_list":{"0":"post-18562","1":"product","2":"type-product","3":"status-publish","4":"has-post-thumbnail","6":"product_cat-ip-kameros","7":"product_cat-ip-vaizdo-stebejimo-sistemos","8":"product_cat-ip-web-kameros","10":"first","11":"onbackorder","12":"purchasable","13":"product-type-simple"},"yoast_head":"<!-- This site is optimized with the Yoast SEO Premium plugin v21.5 (Yoast SEO v27.3) - https:\/\/yoast.com\/product\/yoast-seo-premium-wordpress\/ -->\n<title>Hikvision internetin\u0117 kamera DS-UL8<\/title>\n<meta name=\"description\" content=\"Hikvision internetin\u0117 kamera DS-UL8 ; \u012emontuota pagalbin\u0117 \u0161viesa ; Rai\u0161ka - 8MP ; \u012emontuotas mikrofonas ; Type-C s\u0105saja skirta USB 2.0, USB 3.0\" \/>\n<meta name=\"robots\" content=\"index, follow, max-snippet:-1, max-image-preview:large, max-video-preview:-1\" \/>\n<link rel=\"canonical\" href=\"https:\/\/eheating.lt\/en\/produktas\/hikvision-internetine-kamera-ds-ul8\/\" \/>\n<meta property=\"og:locale\" content=\"en_US\" \/>\n<meta property=\"og:type\" content=\"article\" \/>\n<meta property=\"og:title\" content=\"Hikvision internetin\u0117 kamera DS-UL8\" \/>\n<meta property=\"og:description\" content=\"Hikvision internetin\u0117 kamera DS-UL8 ; \u012emontuota pagalbin\u0117 \u0161viesa ; Rai\u0161ka - 8MP ; \u012emontuotas mikrofonas ; Type-C s\u0105saja skirta USB 2.0, USB 3.0\" \/>\n<meta property=\"og:url\" content=\"https:\/\/eheating.lt\/en\/produktas\/hikvision-internetine-kamera-ds-ul8\/\" \/>\n<meta property=\"og:site_name\" content=\"Elektronika Namams\" \/>\n<meta property=\"article:publisher\" content=\"https:\/\/www.facebook.com\/ElektronikaNamams\" \/>\n<meta property=\"article:modified_time\" content=\"2024-10-18T14:12:36+00:00\" \/>\n<meta property=\"og:image\" content=\"https:\/\/eheating.lt\/wp-content\/uploads\/2023\/10\/Hikvision-internetine-kamera-DS-UL8.png\" \/>\n\t<meta property=\"og:image:width\" content=\"800\" \/>\n\t<meta property=\"og:image:height\" content=\"800\" \/>\n\t<meta property=\"og:image:type\" content=\"image\/png\" \/>\n<meta name=\"twitter:card\" content=\"summary_large_image\" \/>\n<meta name=\"twitter:label1\" content=\"Price\" \/>\n\t<meta name=\"twitter:data1\" content=\"189,98&nbsp;&euro;\" \/>\n\t<meta name=\"twitter:label2\" content=\"Availability\" \/>\n\t<meta name=\"twitter:data2\" content=\"On backorder\" \/>\n<script type=\"application\/ld+json\" class=\"yoast-schema-graph\">{\"@context\":\"https:\\\/\\\/schema.org\",\"@graph\":[{\"@type\":\"WebPage\",\"@id\":\"https:\\\/\\\/eheating.lt\\\/en\\\/produktas\\\/hikvision-internetine-kamera-ds-ul8\\\/\",\"url\":\"https:\\\/\\\/eheating.lt\\\/en\\\/produktas\\\/hikvision-internetine-kamera-ds-ul8\\\/\",\"name\":\"Hikvision internetin\u0117 kamera DS-UL8\",\"isPartOf\":{\"@id\":\"https:\\\/\\\/eheating.lt\\\/#website\"},\"primaryImageOfPage\":{\"@id\":\"https:\\\/\\\/eheating.lt\\\/en\\\/produktas\\\/hikvision-internetine-kamera-ds-ul8\\\/#primaryimage\"},\"image\":{\"@id\":\"https:\\\/\\\/eheating.lt\\\/en\\\/produktas\\\/hikvision-internetine-kamera-ds-ul8\\\/#primaryimage\"},\"thumbnailUrl\":\"https:\\\/\\\/eheating.lt\\\/wp-content\\\/uploads\\\/2023\\\/10\\\/Hikvision-internetine-kamera-DS-UL8.png\",\"datePublished\":\"2023-11-13T19:37:48+00:00\",\"dateModified\":\"2024-10-18T14:12:36+00:00\",\"description\":\"Hikvision internetin\u0117 kamera DS-UL8 ; \u012emontuota pagalbin\u0117 \u0161viesa ; Rai\u0161ka - 8MP ; \u012emontuotas mikrofonas ; Type-C s\u0105saja skirta USB 2.0, USB 3.0\",\"breadcrumb\":{\"@id\":\"https:\\\/\\\/eheating.lt\\\/en\\\/produktas\\\/hikvision-internetine-kamera-ds-ul8\\\/#breadcrumb\"},\"inLanguage\":\"en-US\",\"potentialAction\":[{\"@type\":\"ReadAction\",\"target\":[\"https:\\\/\\\/eheating.lt\\\/en\\\/produktas\\\/hikvision-internetine-kamera-ds-ul8\\\/\"]}]},{\"@type\":\"ImageObject\",\"inLanguage\":\"en-US\",\"@id\":\"https:\\\/\\\/eheating.lt\\\/en\\\/produktas\\\/hikvision-internetine-kamera-ds-ul8\\\/#primaryimage\",\"url\":\"https:\\\/\\\/eheating.lt\\\/wp-content\\\/uploads\\\/2023\\\/10\\\/Hikvision-internetine-kamera-DS-UL8.png\",\"contentUrl\":\"https:\\\/\\\/eheating.lt\\\/wp-content\\\/uploads\\\/2023\\\/10\\\/Hikvision-internetine-kamera-DS-UL8.png\",\"width\":800,\"height\":800,\"caption\":\"Hikvision internetin\u0117 kamera DS-UL8\"},{\"@type\":\"BreadcrumbList\",\"@id\":\"https:\\\/\\\/eheating.lt\\\/en\\\/produktas\\\/hikvision-internetine-kamera-ds-ul8\\\/#breadcrumb\",\"itemListElement\":[{\"@type\":\"ListItem\",\"position\":1,\"name\":\"Prad\u017eia\",\"item\":\"https:\\\/\\\/eheating.lt\\\/en\\\/\"},{\"@type\":\"ListItem\",\"position\":2,\"name\":\"Shop\",\"item\":\"https:\\\/\\\/eheating.lt\\\/en\\\/?page_id=5734\"},{\"@type\":\"ListItem\",\"position\":3,\"name\":\"Hikvision internetin\u0117 kamera DS-UL8\"}]},{\"@type\":\"WebSite\",\"@id\":\"https:\\\/\\\/eheating.lt\\\/#website\",\"url\":\"https:\\\/\\\/eheating.lt\\\/\",\"name\":\"eHeating\",\"description\":\"Elektronika ir \u0161ildymas\",\"potentialAction\":[{\"@type\":\"SearchAction\",\"target\":{\"@type\":\"EntryPoint\",\"urlTemplate\":\"https:\\\/\\\/eheating.lt\\\/?s={search_term_string}\"},\"query-input\":{\"@type\":\"PropertyValueSpecification\",\"valueRequired\":true,\"valueName\":\"search_term_string\"}}],\"inLanguage\":\"en-US\"}]}<\/script>\n<meta property=\"product:price:amount\" content=\"189.98\" \/>\n<meta property=\"product:price:currency\" content=\"EUR\" \/>\n<meta property=\"og:availability\" content=\"backorder\" \/>\n<meta property=\"product:availability\" content=\"available for order\" \/>\n<meta property=\"product:retailer_item_id\" content=\"a4adfdbf85d4\" \/>\n<meta property=\"product:condition\" content=\"new\" \/>\n<!-- \/ Yoast SEO Premium plugin. -->","yoast_head_json":{"title":"Hikvision internetin\u0117 kamera DS-UL8","description":"Hikvision internetin\u0117 kamera DS-UL8 ; \u012emontuota pagalbin\u0117 \u0161viesa ; Rai\u0161ka - 8MP ; \u012emontuotas mikrofonas ; Type-C s\u0105saja skirta USB 2.0, USB 3.0","robots":{"index":"index","follow":"follow","max-snippet":"max-snippet:-1","max-image-preview":"max-image-preview:large","max-video-preview":"max-video-preview:-1"},"canonical":"https:\/\/eheating.lt\/en\/produktas\/hikvision-internetine-kamera-ds-ul8\/","og_locale":"en_US","og_type":"article","og_title":"Hikvision internetin\u0117 kamera DS-UL8","og_description":"Hikvision internetin\u0117 kamera DS-UL8 ; \u012emontuota pagalbin\u0117 \u0161viesa ; Rai\u0161ka - 8MP ; \u012emontuotas mikrofonas ; Type-C s\u0105saja skirta USB 2.0, USB 3.0","og_url":"https:\/\/eheating.lt\/en\/produktas\/hikvision-internetine-kamera-ds-ul8\/","og_site_name":"Elektronika Namams","article_publisher":"https:\/\/www.facebook.com\/ElektronikaNamams","article_modified_time":"2024-10-18T14:12:36+00:00","og_image":[{"width":800,"height":800,"url":"https:\/\/eheating.lt\/wp-content\/uploads\/2023\/10\/Hikvision-internetine-kamera-DS-UL8.png","type":"image\/png"}],"twitter_card":"summary_large_image","twitter_misc":{"Price":"189,98&nbsp;&euro;","Availability":"On backorder"},"schema":{"@context":"https:\/\/schema.org","@graph":[{"@type":"WebPage","@id":"https:\/\/eheating.lt\/en\/produktas\/hikvision-internetine-kamera-ds-ul8\/","url":"https:\/\/eheating.lt\/en\/produktas\/hikvision-internetine-kamera-ds-ul8\/","name":"Hikvision internetin\u0117 kamera DS-UL8","isPartOf":{"@id":"https:\/\/eheating.lt\/#website"},"primaryImageOfPage":{"@id":"https:\/\/eheating.lt\/en\/produktas\/hikvision-internetine-kamera-ds-ul8\/#primaryimage"},"image":{"@id":"https:\/\/eheating.lt\/en\/produktas\/hikvision-internetine-kamera-ds-ul8\/#primaryimage"},"thumbnailUrl":"https:\/\/eheating.lt\/wp-content\/uploads\/2023\/10\/Hikvision-internetine-kamera-DS-UL8.png","datePublished":"2023-11-13T19:37:48+00:00","dateModified":"2024-10-18T14:12:36+00:00","description":"Hikvision internetin\u0117 kamera DS-UL8 ; \u012emontuota pagalbin\u0117 \u0161viesa ; Rai\u0161ka - 8MP ; \u012emontuotas mikrofonas ; Type-C s\u0105saja skirta USB 2.0, USB 3.0","breadcrumb":{"@id":"https:\/\/eheating.lt\/en\/produktas\/hikvision-internetine-kamera-ds-ul8\/#breadcrumb"},"inLanguage":"en-US","potentialAction":[{"@type":"ReadAction","target":["https:\/\/eheating.lt\/en\/produktas\/hikvision-internetine-kamera-ds-ul8\/"]}]},{"@type":"ImageObject","inLanguage":"en-US","@id":"https:\/\/eheating.lt\/en\/produktas\/hikvision-internetine-kamera-ds-ul8\/#primaryimage","url":"https:\/\/eheating.lt\/wp-content\/uploads\/2023\/10\/Hikvision-internetine-kamera-DS-UL8.png","contentUrl":"https:\/\/eheating.lt\/wp-content\/uploads\/2023\/10\/Hikvision-internetine-kamera-DS-UL8.png","width":800,"height":800,"caption":"Hikvision internetin\u0117 kamera DS-UL8"},{"@type":"BreadcrumbList","@id":"https:\/\/eheating.lt\/en\/produktas\/hikvision-internetine-kamera-ds-ul8\/#breadcrumb","itemListElement":[{"@type":"ListItem","position":1,"name":"Prad\u017eia","item":"https:\/\/eheating.lt\/en\/"},{"@type":"ListItem","position":2,"name":"Shop","item":"https:\/\/eheating.lt\/en\/?page_id=5734"},{"@type":"ListItem","position":3,"name":"Hikvision internetin\u0117 kamera DS-UL8"}]},{"@type":"WebSite","@id":"https:\/\/eheating.lt\/#website","url":"https:\/\/eheating.lt\/","name":"eHeating","description":"Elektronika ir \u0161ildymas","potentialAction":[{"@type":"SearchAction","target":{"@type":"EntryPoint","urlTemplate":"https:\/\/eheating.lt\/?s={search_term_string}"},"query-input":{"@type":"PropertyValueSpecification","valueRequired":true,"valueName":"search_term_string"}}],"inLanguage":"en-US"}]},"product_price_amount":"189.98","product_price_currency":"EUR","og_availability":"backorder","product_availability":"available for order","product_retailer_item_id":"a4adfdbf85d4","product_condition":"new"},"_links":{"self":[{"href":"https:\/\/eheating.lt\/en\/wp-json\/wp\/v2\/product\/18562","targetHints":{"allow":["GET"]}}],"collection":[{"href":"https:\/\/eheating.lt\/en\/wp-json\/wp\/v2\/product"}],"about":[{"href":"https:\/\/eheating.lt\/en\/wp-json\/wp\/v2\/types\/product"}],"replies":[{"embeddable":true,"href":"https:\/\/eheating.lt\/en\/wp-json\/wp\/v2\/comments?post=18562"}],"version-history":[{"count":0,"href":"https:\/\/eheating.lt\/en\/wp-json\/wp\/v2\/product\/18562\/revisions"}],"wp:featuredmedia":[{"embeddable":true,"href":"https:\/\/eheating.lt\/en\/wp-json\/wp\/v2\/media\/28106"}],"wp:attachment":[{"href":"https:\/\/eheating.lt\/en\/wp-json\/wp\/v2\/media?parent=18562"}],"wp:term":[{"taxonomy":"product_brand","embeddable":true,"href":"https:\/\/eheating.lt\/en\/wp-json\/wp\/v2\/product_brand?post=18562"},{"taxonomy":"product_cat","embeddable":true,"href":"https:\/\/eheating.lt\/en\/wp-json\/wp\/v2\/product_cat?post=18562"},{"taxonomy":"product_tag","embeddable":true,"href":"https:\/\/eheating.lt\/en\/wp-json\/wp\/v2\/product_tag?post=18562"}],"curies":[{"name":"wp","href":"https:\/\/api.w.org\/{rel}","templated":true}]}}