{"id":18548,"date":"2023-11-13T21:36:27","date_gmt":"2023-11-13T19:36:27","guid":{"rendered":"https:\/\/eheating.lt\/?post_type=product&#038;p=18548"},"modified":"2024-10-18T17:12:14","modified_gmt":"2024-10-18T14:12:14","slug":"ezviz-cs-lc3-a0-8b4wdl-lauko-sviestuvas-su-kamera","status":"publish","type":"product","link":"https:\/\/eheating.lt\/en\/produktas\/ezviz-cs-lc3-a0-8b4wdl-lauko-sviestuvas-su-kamera\/","title":{"rendered":"EZVIZ CS-LC3-A0-8B4WDL lauko \u0161viestuvas su kamera"},"content":{"rendered":"<div class=\"video-container\" style=\"margin-top: 50px;\"><\/div>\n<table>\n<thead>\n<tr>\n<th colspan=\"2\" rowspan=\"1\">Ypatyb\u0117s<\/th>\n<\/tr>\n<tr>\n<th colspan=\"1\" rowspan=\"1\">Pagrindin\u0117s funkcijos:<\/th>\n<td colspan=\"1\" rowspan=\"1\"><strong>\u017dmoni\u0173 aptikimas, spalvotas naktinis matymas, \u0161viesos \u0161altinis su 700 lm galia&lt;\/strong<\/strong><\/td>\n<\/tr>\n<tr>\n<th colspan=\"1\" rowspan=\"1\">Integruotas mikrofonas:<\/th>\n<td colspan=\"1\" rowspan=\"1\"><strong>yra<\/strong><\/td>\n<\/tr>\n<tr>\n<th colspan=\"1\" rowspan=\"1\">Integruotas garsiakalbis:<\/th>\n<td colspan=\"1\" rowspan=\"1\"><strong>yra<\/strong><\/td>\n<\/tr>\n<tr>\n<th colspan=\"1\" rowspan=\"1\">Nam\u0173 apsaugos sirena:<\/th>\n<td colspan=\"1\" rowspan=\"1\"><strong>yra<\/strong><\/td>\n<\/tr>\n<tr>\n<th colspan=\"1\" rowspan=\"1\">Nam\u0173 apsaugos blykst\u0117:<\/th>\n<td colspan=\"1\" rowspan=\"1\"><strong>yra<\/strong><\/td>\n<\/tr>\n<tr>\n<th colspan=\"1\" rowspan=\"1\">Individualiai nustatoma suveikomo zona:<\/th>\n<td colspan=\"1\" rowspan=\"1\"><strong>yra<\/strong><\/td>\n<\/tr>\n<tr>\n<th colspan=\"1\" rowspan=\"1\">Darbin\u0117 temperat\u016bra:<\/th>\n<td colspan=\"1\" rowspan=\"1\"><strong>Nuo -30\u00b0C iki +50\u00b0C<\/strong><\/td>\n<\/tr>\n<\/thead>\n<tbody>\n<tr>\n<th colspan=\"2\" rowspan=\"1\">Specifikacija<\/th>\n<\/tr>\n<tr>\n<th colspan=\"1\" rowspan=\"1\" width=\"200\">Modelis<\/th>\n<td colspan=\"1\" rowspan=\"1\">CS-LC3-A0<\/td>\n<\/tr>\n<tr>\n<th colspan=\"2\" rowspan=\"1\">Ap\u0161vietimo parametrai<\/th>\n<\/tr>\n<tr>\n<th colspan=\"1\" rowspan=\"1\" width=\"200\">Lempa<\/th>\n<td colspan=\"1\" rowspan=\"1\">1<\/td>\n<\/tr>\n<tr>\n<th colspan=\"1\" rowspan=\"1\" width=\"200\">LED<\/th>\n<td colspan=\"1\" rowspan=\"1\">SMD LED<\/td>\n<\/tr>\n<tr>\n<th colspan=\"1\" rowspan=\"1\" width=\"200\">Ry\u0161kumas<\/th>\n<td colspan=\"1\" rowspan=\"1\">700 Lumen (+\/-10%)<\/td>\n<\/tr>\n<tr>\n<th colspan=\"1\" rowspan=\"1\" width=\"200\">Spalvos temperat\u016bra<\/th>\n<td colspan=\"1\" rowspan=\"1\">3000K<\/td>\n<\/tr>\n<tr>\n<th colspan=\"1\" rowspan=\"1\" width=\"200\">Gyvavimo laikotarpis<\/th>\n<td colspan=\"1\" rowspan=\"1\">@Ta 25\u00b0C 30000H<\/td>\n<\/tr>\n<tr>\n<th colspan=\"1\" rowspan=\"1\" width=\"200\">LED ry\u0161kumas<\/th>\n<td colspan=\"1\" rowspan=\"1\">Brightness adjustable<\/td>\n<\/tr>\n<tr>\n<th colspan=\"1\" rowspan=\"1\" width=\"200\">Ip apsauga<\/th>\n<td colspan=\"1\" rowspan=\"1\">IP65<\/td>\n<\/tr>\n<tr>\n<th colspan=\"2\" rowspan=\"1\">Kameros parametrai<\/th>\n<\/tr>\n<tr>\n<th colspan=\"1\" rowspan=\"1\" width=\"200\">Maks. rai\u0161ka<\/th>\n<td colspan=\"1\" rowspan=\"1\">4MP (2560 \u00d7 1440)<\/td>\n<\/tr>\n<tr>\n<th colspan=\"1\" rowspan=\"1\" width=\"200\">Kameros matymo kampas<\/th>\n<td colspan=\"1\" rowspan=\"1\">157\u00b0 (Diagonal), 140\u00b0 (Horizontal), 75\u00b0 (Vertical)<\/td>\n<\/tr>\n<tr>\n<th colspan=\"1\" rowspan=\"1\" width=\"200\">IR nuotolis<\/th>\n<td colspan=\"1\" rowspan=\"1\">Max. 10 m (33 ft)<\/td>\n<\/tr>\n<tr>\n<th colspan=\"1\" rowspan=\"1\" width=\"200\">Ip apsauga<\/th>\n<td colspan=\"1\" rowspan=\"1\">IP67<\/td>\n<\/tr>\n<tr>\n<th colspan=\"2\" rowspan=\"1\">Vaizdo nustatymai<\/th>\n<\/tr>\n<tr>\n<th colspan=\"1\" rowspan=\"1\" width=\"200\">Suspaudimo standartas<\/th>\n<td colspan=\"1\" rowspan=\"1\">H.264 \/ H.265<\/td>\n<\/tr>\n<tr>\n<th colspan=\"1\" rowspan=\"1\" width=\"200\">Kadr\u0173 da\u017enis<\/th>\n<td colspan=\"1\" rowspan=\"1\">Max. 30 fps, self-adaptive during network transmission<\/td>\n<\/tr>\n<tr>\n<th colspan=\"1\" rowspan=\"1\" width=\"200\">DNR<\/th>\n<td colspan=\"1\" rowspan=\"1\">3D DNR<\/td>\n<\/tr>\n<tr>\n<th colspan=\"1\" rowspan=\"1\" width=\"200\">WDR<\/th>\n<td colspan=\"1\" rowspan=\"1\">Supports<\/td>\n<\/tr>\n<tr>\n<th colspan=\"2\" rowspan=\"1\">Garso parametrai<\/th>\n<\/tr>\n<tr>\n<th colspan=\"1\" rowspan=\"1\" width=\"200\">Garso \u012fvestis<\/th>\n<td colspan=\"1\" rowspan=\"1\">Built-in Omni-direction microphone<\/td>\n<\/tr>\n<tr>\n<th colspan=\"1\" rowspan=\"1\" width=\"200\">Garso i\u0161vestis<\/th>\n<td colspan=\"1\" rowspan=\"1\">Built-in loudspeaker<\/td>\n<\/tr>\n<tr>\n<th colspan=\"1\" rowspan=\"1\" width=\"200\">Garso kokyb\u0117<\/th>\n<td colspan=\"1\" rowspan=\"1\">Noise suppression<\/td>\n<\/tr>\n<tr>\n<th colspan=\"2\" rowspan=\"1\">Funkcijos<\/th>\n<\/tr>\n<tr>\n<th colspan=\"1\" rowspan=\"1\" width=\"200\">I\u0161manus \u012fsp\u0117jamasis signalas<\/th>\n<td colspan=\"1\" rowspan=\"1\">AI-powered human detection<\/td>\n<\/tr>\n<tr>\n<th colspan=\"1\" rowspan=\"1\" width=\"200\">Dviguba antena<\/th>\n<td colspan=\"1\" rowspan=\"1\">Supports<\/td>\n<\/tr>\n<tr>\n<th colspan=\"1\" rowspan=\"1\" width=\"200\">Dvipusis bendravimas<\/th>\n<td colspan=\"1\" rowspan=\"1\">Supports<\/td>\n<\/tr>\n<tr>\n<th colspan=\"1\" rowspan=\"1\" width=\"200\">Pagrindin\u0117s funkcijos<\/th>\n<td colspan=\"1\" rowspan=\"1\">Anti-flicker, dual-stream, heart beat, password protection, watermark<\/td>\n<\/tr>\n<tr>\n<th colspan=\"2\" rowspan=\"1\">Tinklo nustatymai<\/th>\n<\/tr>\n<tr>\n<th colspan=\"1\" rowspan=\"1\" width=\"200\">Belaidis ry\u0161ys<\/th>\n<td colspan=\"1\" rowspan=\"1\">802.11 b\/g\/n @2.4 GHz only (2T2R, dual-antenna)<\/td>\n<\/tr>\n<tr>\n<th colspan=\"1\" rowspan=\"1\" width=\"200\">Tinklo nustatymai<\/th>\n<td colspan=\"1\" rowspan=\"1\">AP pairing<\/td>\n<\/tr>\n<tr>\n<th colspan=\"2\" rowspan=\"1\">Talpykla<\/th>\n<\/tr>\n<tr>\n<th colspan=\"1\" rowspan=\"1\" width=\"200\">Vietin\u0117 saugykla<\/th>\n<td colspan=\"1\" rowspan=\"1\">Built-in 32 GB eMMC storage<\/td>\n<\/tr>\n<tr>\n<th colspan=\"1\" rowspan=\"1\" width=\"200\">Saugykla debesyje<\/th>\n<td colspan=\"1\" rowspan=\"1\">EZVIZ Cloud Storage<\/td>\n<\/tr>\n<tr>\n<th colspan=\"2\" rowspan=\"1\">Spalvos<\/th>\n<\/tr>\n<tr>\n<th colspan=\"1\" rowspan=\"1\" width=\"200\">Galimos spalvos<\/th>\n<td colspan=\"1\" rowspan=\"1\">Black<\/td>\n<\/tr>\n<tr>\n<th colspan=\"2\" rowspan=\"1\">Pagrindinis<\/th>\n<\/tr>\n<tr>\n<th colspan=\"1\" rowspan=\"1\" width=\"200\">Darbin\u0117 temperat\u016bra<\/th>\n<td colspan=\"1\" rowspan=\"1\">-30\u00b0C to 50\u00b0C (-20\u00b0F to 120\u00b0F), humidity 95% or less (non-condensing)<\/td>\n<\/tr>\n<tr>\n<th colspan=\"1\" rowspan=\"1\" width=\"200\">Galia<\/th>\n<td colspan=\"1\" rowspan=\"1\">110VAC &#8211; 240VAC, 50 HZ \/ 60 HZ<\/td>\n<\/tr>\n<tr>\n<th colspan=\"1\" rowspan=\"1\" width=\"200\">Galios suvartojimas<\/th>\n<td colspan=\"1\" rowspan=\"1\">Max. 30 W<\/td>\n<\/tr>\n<tr>\n<th colspan=\"1\" rowspan=\"1\" width=\"200\">Produkto matmenys<\/th>\n<td colspan=\"1\" rowspan=\"1\">86 x 280 x 120 mm (3.39 x 11.02 x 4.72 inch)<\/td>\n<\/tr>\n<tr>\n<th colspan=\"1\" rowspan=\"1\" width=\"200\">Pakuot\u0117s matmenys<\/th>\n<td colspan=\"1\" rowspan=\"1\">156 x 152 x 230 mm (6.14 x 5.98 x 9.06 inch)<\/td>\n<\/tr>\n<tr>\n<th colspan=\"1\" rowspan=\"1\" width=\"200\">Grynasis svoris<\/th>\n<td colspan=\"1\" rowspan=\"1\">1038g (36.61 oz)<\/td>\n<\/tr>\n<tr>\n<th colspan=\"2\" rowspan=\"1\">Certifikatai:<\/th>\n<\/tr>\n<tr>\n<th colspan=\"1\" rowspan=\"1\" width=\"200\">Certifikatai:<\/th>\n<td colspan=\"1\" rowspan=\"1\">CE \/ ROHS \/ REACH \/ WEEE<\/td>\n<\/tr>\n<\/tbody>\n<\/table>\n","protected":false},"excerpt":{"rendered":"<ul>\n<li>MP (rai\u0161ka): 4MP (2560&#215;1440)<\/li>\n<li>Objektyvas: 2.8mm<\/li>\n<li>IR nuotolis: IR iki 10m<\/li>\n<li>Wifi palaikymas: 2.4 GHz<\/li>\n<li>IP klas\u0117: IP65<\/li>\n<li>Tinkama naudoti: lauko s\u0105lygomis<\/li>\n<li>SD kortel\u0117: \u012fmontuota 32GB kortel\u0117<\/li>\n<li>Vaizdo suspaudimas: H.264\/H.265<\/li>\n<li>Informacijos perdavimas: Wi-Fi<\/li>\n<li>Laikiklis\/baz\u0117 perkama atskirai: n\u0117ra<\/li>\n<\/ul>\n","protected":false},"featured_media":28082,"comment_status":"closed","ping_status":"closed","template":"","meta":[],"product_brand":[],"product_cat":[458,534,533],"product_tag":[],"class_list":{"0":"post-18548","1":"product","2":"type-product","3":"status-publish","4":"has-post-thumbnail","6":"product_cat-ezviz-serija","7":"product_cat-ip-kameros","8":"product_cat-ip-vaizdo-stebejimo-sistemos","10":"first","11":"onbackorder","12":"purchasable","13":"product-type-simple"},"yoast_head":"<!-- This site is optimized with the Yoast SEO Premium plugin v21.5 (Yoast SEO v27.3) - https:\/\/yoast.com\/product\/yoast-seo-premium-wordpress\/ -->\n<title>EZVIZ CS-LC3-A0-8B4WDL lauko \u0161viestuvas su kamera<\/title>\n<meta name=\"description\" content=\"EZVIZ CS-LC3-A0-8B4WDL lauko \u0161viestuvas su kamera ; IR nuotolis iki 10m ; Rai\u0161ka - 4MP ; Wifi palaikymas 2.4 GHz ; \u012emontuota 32GB kortel\u0117\" \/>\n<meta name=\"robots\" content=\"index, follow, max-snippet:-1, max-image-preview:large, max-video-preview:-1\" \/>\n<link rel=\"canonical\" href=\"https:\/\/eheating.lt\/en\/produktas\/ezviz-cs-lc3-a0-8b4wdl-lauko-sviestuvas-su-kamera\/\" \/>\n<meta property=\"og:locale\" content=\"en_US\" \/>\n<meta property=\"og:type\" content=\"article\" \/>\n<meta property=\"og:title\" content=\"EZVIZ CS-LC3-A0-8B4WDL lauko \u0161viestuvas su kamera\" \/>\n<meta property=\"og:description\" content=\"EZVIZ CS-LC3-A0-8B4WDL lauko \u0161viestuvas su kamera ; IR nuotolis iki 10m ; Rai\u0161ka - 4MP ; Wifi palaikymas 2.4 GHz ; \u012emontuota 32GB kortel\u0117\" \/>\n<meta property=\"og:url\" content=\"https:\/\/eheating.lt\/en\/produktas\/ezviz-cs-lc3-a0-8b4wdl-lauko-sviestuvas-su-kamera\/\" \/>\n<meta property=\"og:site_name\" content=\"Elektronika Namams\" \/>\n<meta property=\"article:publisher\" content=\"https:\/\/www.facebook.com\/ElektronikaNamams\" \/>\n<meta property=\"article:modified_time\" content=\"2024-10-18T14:12:14+00:00\" \/>\n<meta property=\"og:image\" content=\"https:\/\/eheating.lt\/wp-content\/uploads\/2023\/10\/EZVIZ-CS-LC3-A0-8B4WDL-lauko-sviestuvas-su-kamera.png\" \/>\n\t<meta property=\"og:image:width\" content=\"800\" \/>\n\t<meta property=\"og:image:height\" content=\"800\" \/>\n\t<meta property=\"og:image:type\" content=\"image\/png\" \/>\n<meta name=\"twitter:card\" content=\"summary_large_image\" \/>\n<meta name=\"twitter:label1\" content=\"Price\" \/>\n\t<meta name=\"twitter:data1\" content=\"145,48&nbsp;&euro;\" \/>\n\t<meta name=\"twitter:label2\" content=\"Availability\" \/>\n\t<meta name=\"twitter:data2\" content=\"On backorder\" \/>\n<script type=\"application\/ld+json\" class=\"yoast-schema-graph\">{\"@context\":\"https:\\\/\\\/schema.org\",\"@graph\":[{\"@type\":\"WebPage\",\"@id\":\"https:\\\/\\\/eheating.lt\\\/en\\\/produktas\\\/ezviz-cs-lc3-a0-8b4wdl-lauko-sviestuvas-su-kamera\\\/\",\"url\":\"https:\\\/\\\/eheating.lt\\\/en\\\/produktas\\\/ezviz-cs-lc3-a0-8b4wdl-lauko-sviestuvas-su-kamera\\\/\",\"name\":\"EZVIZ CS-LC3-A0-8B4WDL lauko \u0161viestuvas su kamera\",\"isPartOf\":{\"@id\":\"https:\\\/\\\/eheating.lt\\\/#website\"},\"primaryImageOfPage\":{\"@id\":\"https:\\\/\\\/eheating.lt\\\/en\\\/produktas\\\/ezviz-cs-lc3-a0-8b4wdl-lauko-sviestuvas-su-kamera\\\/#primaryimage\"},\"image\":{\"@id\":\"https:\\\/\\\/eheating.lt\\\/en\\\/produktas\\\/ezviz-cs-lc3-a0-8b4wdl-lauko-sviestuvas-su-kamera\\\/#primaryimage\"},\"thumbnailUrl\":\"https:\\\/\\\/eheating.lt\\\/wp-content\\\/uploads\\\/2023\\\/10\\\/EZVIZ-CS-LC3-A0-8B4WDL-lauko-sviestuvas-su-kamera.png\",\"datePublished\":\"2023-11-13T19:36:27+00:00\",\"dateModified\":\"2024-10-18T14:12:14+00:00\",\"description\":\"EZVIZ CS-LC3-A0-8B4WDL lauko \u0161viestuvas su kamera ; IR nuotolis iki 10m ; Rai\u0161ka - 4MP ; Wifi palaikymas 2.4 GHz ; \u012emontuota 32GB kortel\u0117\",\"breadcrumb\":{\"@id\":\"https:\\\/\\\/eheating.lt\\\/en\\\/produktas\\\/ezviz-cs-lc3-a0-8b4wdl-lauko-sviestuvas-su-kamera\\\/#breadcrumb\"},\"inLanguage\":\"en-US\",\"potentialAction\":[{\"@type\":\"ReadAction\",\"target\":[\"https:\\\/\\\/eheating.lt\\\/en\\\/produktas\\\/ezviz-cs-lc3-a0-8b4wdl-lauko-sviestuvas-su-kamera\\\/\"]}]},{\"@type\":\"ImageObject\",\"inLanguage\":\"en-US\",\"@id\":\"https:\\\/\\\/eheating.lt\\\/en\\\/produktas\\\/ezviz-cs-lc3-a0-8b4wdl-lauko-sviestuvas-su-kamera\\\/#primaryimage\",\"url\":\"https:\\\/\\\/eheating.lt\\\/wp-content\\\/uploads\\\/2023\\\/10\\\/EZVIZ-CS-LC3-A0-8B4WDL-lauko-sviestuvas-su-kamera.png\",\"contentUrl\":\"https:\\\/\\\/eheating.lt\\\/wp-content\\\/uploads\\\/2023\\\/10\\\/EZVIZ-CS-LC3-A0-8B4WDL-lauko-sviestuvas-su-kamera.png\",\"width\":800,\"height\":800,\"caption\":\"EZVIZ CS-LC3-A0-8B4WDL lauko \u0161viestuvas su kamera\"},{\"@type\":\"BreadcrumbList\",\"@id\":\"https:\\\/\\\/eheating.lt\\\/en\\\/produktas\\\/ezviz-cs-lc3-a0-8b4wdl-lauko-sviestuvas-su-kamera\\\/#breadcrumb\",\"itemListElement\":[{\"@type\":\"ListItem\",\"position\":1,\"name\":\"Prad\u017eia\",\"item\":\"https:\\\/\\\/eheating.lt\\\/en\\\/\"},{\"@type\":\"ListItem\",\"position\":2,\"name\":\"Shop\",\"item\":\"https:\\\/\\\/eheating.lt\\\/en\\\/?page_id=5734\"},{\"@type\":\"ListItem\",\"position\":3,\"name\":\"EZVIZ CS-LC3-A0-8B4WDL lauko \u0161viestuvas su kamera\"}]},{\"@type\":\"WebSite\",\"@id\":\"https:\\\/\\\/eheating.lt\\\/#website\",\"url\":\"https:\\\/\\\/eheating.lt\\\/\",\"name\":\"eHeating\",\"description\":\"Elektronika ir \u0161ildymas\",\"potentialAction\":[{\"@type\":\"SearchAction\",\"target\":{\"@type\":\"EntryPoint\",\"urlTemplate\":\"https:\\\/\\\/eheating.lt\\\/?s={search_term_string}\"},\"query-input\":{\"@type\":\"PropertyValueSpecification\",\"valueRequired\":true,\"valueName\":\"search_term_string\"}}],\"inLanguage\":\"en-US\"}]}<\/script>\n<meta property=\"product:price:amount\" content=\"145.48\" \/>\n<meta property=\"product:price:currency\" content=\"EUR\" \/>\n<meta property=\"og:availability\" content=\"backorder\" \/>\n<meta property=\"product:availability\" content=\"available for order\" \/>\n<meta property=\"product:retailer_item_id\" content=\"18f10c460173\" \/>\n<meta property=\"product:condition\" content=\"new\" \/>\n<!-- \/ Yoast SEO Premium plugin. -->","yoast_head_json":{"title":"EZVIZ CS-LC3-A0-8B4WDL lauko \u0161viestuvas su kamera","description":"EZVIZ CS-LC3-A0-8B4WDL lauko \u0161viestuvas su kamera ; IR nuotolis iki 10m ; Rai\u0161ka - 4MP ; Wifi palaikymas 2.4 GHz ; \u012emontuota 32GB kortel\u0117","robots":{"index":"index","follow":"follow","max-snippet":"max-snippet:-1","max-image-preview":"max-image-preview:large","max-video-preview":"max-video-preview:-1"},"canonical":"https:\/\/eheating.lt\/en\/produktas\/ezviz-cs-lc3-a0-8b4wdl-lauko-sviestuvas-su-kamera\/","og_locale":"en_US","og_type":"article","og_title":"EZVIZ CS-LC3-A0-8B4WDL lauko \u0161viestuvas su kamera","og_description":"EZVIZ CS-LC3-A0-8B4WDL lauko \u0161viestuvas su kamera ; IR nuotolis iki 10m ; Rai\u0161ka - 4MP ; Wifi palaikymas 2.4 GHz ; \u012emontuota 32GB kortel\u0117","og_url":"https:\/\/eheating.lt\/en\/produktas\/ezviz-cs-lc3-a0-8b4wdl-lauko-sviestuvas-su-kamera\/","og_site_name":"Elektronika Namams","article_publisher":"https:\/\/www.facebook.com\/ElektronikaNamams","article_modified_time":"2024-10-18T14:12:14+00:00","og_image":[{"width":800,"height":800,"url":"https:\/\/eheating.lt\/wp-content\/uploads\/2023\/10\/EZVIZ-CS-LC3-A0-8B4WDL-lauko-sviestuvas-su-kamera.png","type":"image\/png"}],"twitter_card":"summary_large_image","twitter_misc":{"Price":"145,48&nbsp;&euro;","Availability":"On backorder"},"schema":{"@context":"https:\/\/schema.org","@graph":[{"@type":"WebPage","@id":"https:\/\/eheating.lt\/en\/produktas\/ezviz-cs-lc3-a0-8b4wdl-lauko-sviestuvas-su-kamera\/","url":"https:\/\/eheating.lt\/en\/produktas\/ezviz-cs-lc3-a0-8b4wdl-lauko-sviestuvas-su-kamera\/","name":"EZVIZ CS-LC3-A0-8B4WDL lauko \u0161viestuvas su kamera","isPartOf":{"@id":"https:\/\/eheating.lt\/#website"},"primaryImageOfPage":{"@id":"https:\/\/eheating.lt\/en\/produktas\/ezviz-cs-lc3-a0-8b4wdl-lauko-sviestuvas-su-kamera\/#primaryimage"},"image":{"@id":"https:\/\/eheating.lt\/en\/produktas\/ezviz-cs-lc3-a0-8b4wdl-lauko-sviestuvas-su-kamera\/#primaryimage"},"thumbnailUrl":"https:\/\/eheating.lt\/wp-content\/uploads\/2023\/10\/EZVIZ-CS-LC3-A0-8B4WDL-lauko-sviestuvas-su-kamera.png","datePublished":"2023-11-13T19:36:27+00:00","dateModified":"2024-10-18T14:12:14+00:00","description":"EZVIZ CS-LC3-A0-8B4WDL lauko \u0161viestuvas su kamera ; IR nuotolis iki 10m ; Rai\u0161ka - 4MP ; Wifi palaikymas 2.4 GHz ; \u012emontuota 32GB kortel\u0117","breadcrumb":{"@id":"https:\/\/eheating.lt\/en\/produktas\/ezviz-cs-lc3-a0-8b4wdl-lauko-sviestuvas-su-kamera\/#breadcrumb"},"inLanguage":"en-US","potentialAction":[{"@type":"ReadAction","target":["https:\/\/eheating.lt\/en\/produktas\/ezviz-cs-lc3-a0-8b4wdl-lauko-sviestuvas-su-kamera\/"]}]},{"@type":"ImageObject","inLanguage":"en-US","@id":"https:\/\/eheating.lt\/en\/produktas\/ezviz-cs-lc3-a0-8b4wdl-lauko-sviestuvas-su-kamera\/#primaryimage","url":"https:\/\/eheating.lt\/wp-content\/uploads\/2023\/10\/EZVIZ-CS-LC3-A0-8B4WDL-lauko-sviestuvas-su-kamera.png","contentUrl":"https:\/\/eheating.lt\/wp-content\/uploads\/2023\/10\/EZVIZ-CS-LC3-A0-8B4WDL-lauko-sviestuvas-su-kamera.png","width":800,"height":800,"caption":"EZVIZ CS-LC3-A0-8B4WDL lauko \u0161viestuvas su kamera"},{"@type":"BreadcrumbList","@id":"https:\/\/eheating.lt\/en\/produktas\/ezviz-cs-lc3-a0-8b4wdl-lauko-sviestuvas-su-kamera\/#breadcrumb","itemListElement":[{"@type":"ListItem","position":1,"name":"Prad\u017eia","item":"https:\/\/eheating.lt\/en\/"},{"@type":"ListItem","position":2,"name":"Shop","item":"https:\/\/eheating.lt\/en\/?page_id=5734"},{"@type":"ListItem","position":3,"name":"EZVIZ CS-LC3-A0-8B4WDL lauko \u0161viestuvas su kamera"}]},{"@type":"WebSite","@id":"https:\/\/eheating.lt\/#website","url":"https:\/\/eheating.lt\/","name":"eHeating","description":"Elektronika ir \u0161ildymas","potentialAction":[{"@type":"SearchAction","target":{"@type":"EntryPoint","urlTemplate":"https:\/\/eheating.lt\/?s={search_term_string}"},"query-input":{"@type":"PropertyValueSpecification","valueRequired":true,"valueName":"search_term_string"}}],"inLanguage":"en-US"}]},"product_price_amount":"145.48","product_price_currency":"EUR","og_availability":"backorder","product_availability":"available for order","product_retailer_item_id":"18f10c460173","product_condition":"new"},"_links":{"self":[{"href":"https:\/\/eheating.lt\/en\/wp-json\/wp\/v2\/product\/18548","targetHints":{"allow":["GET"]}}],"collection":[{"href":"https:\/\/eheating.lt\/en\/wp-json\/wp\/v2\/product"}],"about":[{"href":"https:\/\/eheating.lt\/en\/wp-json\/wp\/v2\/types\/product"}],"replies":[{"embeddable":true,"href":"https:\/\/eheating.lt\/en\/wp-json\/wp\/v2\/comments?post=18548"}],"version-history":[{"count":0,"href":"https:\/\/eheating.lt\/en\/wp-json\/wp\/v2\/product\/18548\/revisions"}],"wp:featuredmedia":[{"embeddable":true,"href":"https:\/\/eheating.lt\/en\/wp-json\/wp\/v2\/media\/28082"}],"wp:attachment":[{"href":"https:\/\/eheating.lt\/en\/wp-json\/wp\/v2\/media?parent=18548"}],"wp:term":[{"taxonomy":"product_brand","embeddable":true,"href":"https:\/\/eheating.lt\/en\/wp-json\/wp\/v2\/product_brand?post=18548"},{"taxonomy":"product_cat","embeddable":true,"href":"https:\/\/eheating.lt\/en\/wp-json\/wp\/v2\/product_cat?post=18548"},{"taxonomy":"product_tag","embeddable":true,"href":"https:\/\/eheating.lt\/en\/wp-json\/wp\/v2\/product_tag?post=18548"}],"curies":[{"name":"wp","href":"https:\/\/api.w.org\/{rel}","templated":true}]}}