{"id":18528,"date":"2023-11-13T21:23:43","date_gmt":"2023-11-13T19:23:43","guid":{"rendered":"https:\/\/eheating.lt\/?post_type=product&#038;p=18528"},"modified":"2024-10-18T17:11:46","modified_gmt":"2024-10-18T14:11:46","slug":"reolink-go-4g-bullet-kamera","status":"publish","type":"product","link":"https:\/\/eheating.lt\/en\/produktas\/reolink-go-4g-bullet-kamera\/","title":{"rendered":"Reolink GO 4G bullet kamera"},"content":{"rendered":"<table>\n<tbody>\n<tr>\n<th colspan=\"2\" rowspan=\"1\">Vaizdas ir garsas<\/th>\n<\/tr>\n<tr>\n<th colspan=\"1\" rowspan=\"1\" width=\"200\">Sensorius<\/th>\n<td colspan=\"1\" rowspan=\"1\">Starlight CMOS Image Sensor<\/td>\n<\/tr>\n<tr>\n<th colspan=\"1\" rowspan=\"1\" width=\"200\">Vaizdo \u012fra\u0161\u0173 rai\u0161ka<\/th>\n<td colspan=\"1\" rowspan=\"1\">1080p HD at 15 frames\/sec<\/td>\n<\/tr>\n<tr>\n<th colspan=\"1\" rowspan=\"1\" width=\"200\">Vaizdo \u012fra\u0161\u0173 formatas<\/th>\n<td colspan=\"1\" rowspan=\"1\">H.264<\/td>\n<\/tr>\n<tr>\n<th colspan=\"1\" rowspan=\"1\" width=\"200\">FOV<\/th>\n<td colspan=\"1\" rowspan=\"1\">Fixed lens, 110\u00b0 diagonal<\/td>\n<\/tr>\n<tr>\n<th colspan=\"1\" rowspan=\"1\" width=\"200\">Naktinis matymas<\/th>\n<td colspan=\"1\" rowspan=\"1\">Up to 10 m (33 ft)<\/td>\n<\/tr>\n<tr>\n<th colspan=\"1\" rowspan=\"1\" width=\"200\">Skaitmeninis priartinimas<\/th>\n<td colspan=\"1\" rowspan=\"1\">6x digital zoom<\/td>\n<\/tr>\n<tr>\n<th colspan=\"1\" rowspan=\"1\" width=\"200\">Garsas<\/th>\n<td colspan=\"1\" rowspan=\"1\">High-quality speaker and microphone<\/td>\n<\/tr>\n<tr>\n<th colspan=\"2\" rowspan=\"1\">PIR aptikimas ir \u012fsp\u0117jimai<\/th>\n<\/tr>\n<tr>\n<th colspan=\"1\" rowspan=\"1\" width=\"200\">PIR aptikimo nuotolis<\/th>\n<td colspan=\"1\" rowspan=\"1\">Adjustable up to 10 m (33 ft)<\/td>\n<\/tr>\n<tr>\n<th colspan=\"1\" rowspan=\"1\" width=\"200\">PIR aptikimo kampas<\/th>\n<td colspan=\"1\" rowspan=\"1\">120\u00b0 horizontal<\/td>\n<\/tr>\n<tr>\n<th colspan=\"1\" rowspan=\"1\" width=\"200\">Garso \u012fsp\u0117jamieji signalai<\/th>\n<td colspan=\"1\" rowspan=\"1\">Customized voice-recordable alerts<\/td>\n<\/tr>\n<tr>\n<th colspan=\"1\" rowspan=\"1\" width=\"200\">Kiti \u012fsp\u0117jamieji signalai<\/th>\n<td colspan=\"1\" rowspan=\"1\">Instant email alerts and push notifications<\/td>\n<\/tr>\n<tr>\n<th colspan=\"2\" rowspan=\"1\">3G\/4G pralaidumas<\/th>\n<\/tr>\n<tr>\n<th colspan=\"1\" rowspan=\"1\" width=\"200\">Da\u017enio pralaidumas<\/th>\n<td colspan=\"1\" rowspan=\"1\">Europe: LTE FDD: B1\/B3\/B5\/B7\/B8\/B20 WCDMA: B1\/B5\/B8<\/td>\n<\/tr>\n<tr>\n<th colspan=\"1\" rowspan=\"1\" width=\"200\">Sujungimo savyb\u0117s<\/th>\n<td colspan=\"1\" rowspan=\"1\">LTE FDD: Max 10Mbps (DL), Max 5Mbps (UL) LTE TDD: Max 8.96Mbps (DL), Max 3.1Mbps (UL) HSPA+: Max 42Mbps (DL), Max 5.76Mbps (UL) UMTS: Max 384Kbps (DL), Max 384Kbps (UL)<\/td>\n<\/tr>\n<tr>\n<th colspan=\"1\" rowspan=\"1\">Galia<\/th>\n<\/tr>\n<tr>\n<th colspan=\"1\" rowspan=\"1\" width=\"200\">Baterija<\/th>\n<td colspan=\"1\" rowspan=\"1\">7800mAh rechargeable battery (Battery life varies based on settings, usage &amp; temperature)<\/td>\n<\/tr>\n<tr>\n<th colspan=\"1\" rowspan=\"1\" width=\"200\">Saul\u0117s energija<\/th>\n<td colspan=\"1\" rowspan=\"1\">Can be powered by Reolink Solar Panel<\/td>\n<\/tr>\n<tr>\n<th colspan=\"1\" rowspan=\"1\" width=\"200\">DC energija<\/th>\n<td colspan=\"1\" rowspan=\"1\">Can be powered by 5V\/2A power adaptor<\/td>\n<\/tr>\n<tr>\n<th colspan=\"2\" rowspan=\"1\">Atmintis<\/th>\n<\/tr>\n<tr>\n<th colspan=\"1\" rowspan=\"1\" width=\"200\">Vietin\u0117 atmintis<\/th>\n<td colspan=\"1\" rowspan=\"1\">Supports up to 64GB micro SD card<\/td>\n<\/tr>\n<tr>\n<th colspan=\"1\" rowspan=\"1\" width=\"200\">Atmintis debesyje<\/th>\n<td colspan=\"1\" rowspan=\"1\">Supports Reolink Cloud<\/td>\n<\/tr>\n<tr>\n<th colspan=\"2\" rowspan=\"1\">Aplinkos s\u0105lygos<\/th>\n<\/tr>\n<tr>\n<th colspan=\"1\" rowspan=\"1\" width=\"200\">Veikimo temperat\u016bra<\/th>\n<td colspan=\"1\" rowspan=\"1\">-10\u00b0 to 55\u00b0 C (14\u00b0 to 131\u00b0 F)<\/td>\n<\/tr>\n<tr>\n<th colspan=\"1\" rowspan=\"1\" width=\"200\">Atsparumas oro s\u0105lygoms<\/th>\n<td colspan=\"1\" rowspan=\"1\">IP65 certified weatherproof<\/td>\n<\/tr>\n<tr>\n<th colspan=\"2\" rowspan=\"1\">Dydis ir svoris<\/th>\n<\/tr>\n<tr>\n<th colspan=\"1\" rowspan=\"1\" width=\"200\">Matmenys<\/th>\n<td colspan=\"1\" rowspan=\"1\">\u03a675 x 113 mm (\u03a675 x 4.4 in)<\/td>\n<\/tr>\n<tr>\n<th colspan=\"1\" rowspan=\"1\" width=\"200\">Svoris(su baterija)<\/th>\n<td colspan=\"1\" rowspan=\"1\">380 g (13.4 oz)<\/td>\n<\/tr>\n<tr>\n<th colspan=\"2\" rowspan=\"1\">Draudimas<\/th>\n<\/tr>\n<tr>\n<th colspan=\"1\" rowspan=\"1\" width=\"200\">Laikinas draudimas<\/th>\n<td colspan=\"1\" rowspan=\"1\">2-year limited warranty. For support, visit https:\/\/support.reolink.com\/hc\/en-us\/<\/td>\n<\/tr>\n<\/tbody>\n<\/table>\n","protected":false},"excerpt":{"rendered":"<ul>\n<li>Integruotas mikrofonas ir garsiakalbis<\/li>\n<li>7800mH baterija<\/li>\n<li>IR 10m<\/li>\n<li>SD kortel\u0117 iki 64gb<\/li>\n<li>IP65<\/li>\n<li>1080p<\/li>\n<\/ul>\n","protected":false},"featured_media":27844,"comment_status":"closed","ping_status":"closed","template":"","meta":[],"product_brand":[],"product_cat":[803,883,801],"product_tag":[],"class_list":{"0":"post-18528","1":"product","2":"type-product","3":"status-publish","4":"has-post-thumbnail","6":"product_cat-ip-bullet-cameras","7":"product_cat-ip-cameras","8":"product_cat-ip-video-surveillance-systems","10":"first","11":"onbackorder","12":"purchasable","13":"product-type-simple"},"yoast_head":"<!-- This site is optimized with the Yoast SEO Premium plugin v21.5 (Yoast SEO v27.3) - https:\/\/yoast.com\/product\/yoast-seo-premium-wordpress\/ -->\n<title>Reolink GO 4G bullet kamera<\/title>\n<meta name=\"description\" content=\"Reolink GO 4G IP kamera ; Integruotas mikrofonas ir garsiakalbis ; 7800mH baterija ; IR 10m ; SD kortel\u0117 iki 64gb ; Rai\u0161ka - 2MP\" \/>\n<meta name=\"robots\" content=\"index, follow, max-snippet:-1, max-image-preview:large, max-video-preview:-1\" \/>\n<link rel=\"canonical\" href=\"https:\/\/eheating.lt\/en\/produktas\/reolink-go-4g-bullet-kamera\/\" \/>\n<meta property=\"og:locale\" content=\"en_US\" \/>\n<meta property=\"og:type\" content=\"article\" \/>\n<meta property=\"og:title\" content=\"Reolink GO 4G bullet kamera\" \/>\n<meta property=\"og:description\" content=\"Reolink GO 4G IP kamera ; Integruotas mikrofonas ir garsiakalbis ; 7800mH baterija ; IR 10m ; SD kortel\u0117 iki 64gb ; Rai\u0161ka - 2MP\" \/>\n<meta property=\"og:url\" content=\"https:\/\/eheating.lt\/en\/produktas\/reolink-go-4g-bullet-kamera\/\" \/>\n<meta property=\"og:site_name\" content=\"Elektronika Namams\" \/>\n<meta property=\"article:publisher\" content=\"https:\/\/www.facebook.com\/ElektronikaNamams\" \/>\n<meta property=\"article:modified_time\" content=\"2024-10-18T14:11:46+00:00\" \/>\n<meta property=\"og:image\" content=\"https:\/\/eheating.lt\/wp-content\/uploads\/2023\/10\/Reolink-GO-4G-bullet-kamera.png\" \/>\n\t<meta property=\"og:image:width\" content=\"800\" \/>\n\t<meta property=\"og:image:height\" content=\"800\" \/>\n\t<meta property=\"og:image:type\" content=\"image\/png\" \/>\n<meta name=\"twitter:card\" content=\"summary_large_image\" \/>\n<meta name=\"twitter:label1\" content=\"Price\" \/>\n\t<meta name=\"twitter:data1\" content=\"321,55&nbsp;&euro;\" \/>\n\t<meta name=\"twitter:label2\" content=\"Availability\" \/>\n\t<meta name=\"twitter:data2\" content=\"On backorder\" \/>\n<script type=\"application\/ld+json\" class=\"yoast-schema-graph\">{\"@context\":\"https:\\\/\\\/schema.org\",\"@graph\":[{\"@type\":\"WebPage\",\"@id\":\"https:\\\/\\\/eheating.lt\\\/en\\\/produktas\\\/reolink-go-4g-bullet-kamera\\\/\",\"url\":\"https:\\\/\\\/eheating.lt\\\/en\\\/produktas\\\/reolink-go-4g-bullet-kamera\\\/\",\"name\":\"Reolink GO 4G bullet kamera\",\"isPartOf\":{\"@id\":\"https:\\\/\\\/eheating.lt\\\/#website\"},\"primaryImageOfPage\":{\"@id\":\"https:\\\/\\\/eheating.lt\\\/en\\\/produktas\\\/reolink-go-4g-bullet-kamera\\\/#primaryimage\"},\"image\":{\"@id\":\"https:\\\/\\\/eheating.lt\\\/en\\\/produktas\\\/reolink-go-4g-bullet-kamera\\\/#primaryimage\"},\"thumbnailUrl\":\"https:\\\/\\\/eheating.lt\\\/wp-content\\\/uploads\\\/2023\\\/10\\\/Reolink-GO-4G-bullet-kamera.png\",\"datePublished\":\"2023-11-13T19:23:43+00:00\",\"dateModified\":\"2024-10-18T14:11:46+00:00\",\"description\":\"Reolink GO 4G IP kamera ; Integruotas mikrofonas ir garsiakalbis ; 7800mH baterija ; IR 10m ; SD kortel\u0117 iki 64gb ; Rai\u0161ka - 2MP\",\"breadcrumb\":{\"@id\":\"https:\\\/\\\/eheating.lt\\\/en\\\/produktas\\\/reolink-go-4g-bullet-kamera\\\/#breadcrumb\"},\"inLanguage\":\"en-US\",\"potentialAction\":[{\"@type\":\"ReadAction\",\"target\":[\"https:\\\/\\\/eheating.lt\\\/en\\\/produktas\\\/reolink-go-4g-bullet-kamera\\\/\"]}]},{\"@type\":\"ImageObject\",\"inLanguage\":\"en-US\",\"@id\":\"https:\\\/\\\/eheating.lt\\\/en\\\/produktas\\\/reolink-go-4g-bullet-kamera\\\/#primaryimage\",\"url\":\"https:\\\/\\\/eheating.lt\\\/wp-content\\\/uploads\\\/2023\\\/10\\\/Reolink-GO-4G-bullet-kamera.png\",\"contentUrl\":\"https:\\\/\\\/eheating.lt\\\/wp-content\\\/uploads\\\/2023\\\/10\\\/Reolink-GO-4G-bullet-kamera.png\",\"width\":800,\"height\":800,\"caption\":\"Reolink GO 4G IP kamera\"},{\"@type\":\"BreadcrumbList\",\"@id\":\"https:\\\/\\\/eheating.lt\\\/en\\\/produktas\\\/reolink-go-4g-bullet-kamera\\\/#breadcrumb\",\"itemListElement\":[{\"@type\":\"ListItem\",\"position\":1,\"name\":\"Prad\u017eia\",\"item\":\"https:\\\/\\\/eheating.lt\\\/en\\\/\"},{\"@type\":\"ListItem\",\"position\":2,\"name\":\"Shop\",\"item\":\"https:\\\/\\\/eheating.lt\\\/en\\\/?page_id=5734\"},{\"@type\":\"ListItem\",\"position\":3,\"name\":\"Reolink GO 4G bullet kamera\"}]},{\"@type\":\"WebSite\",\"@id\":\"https:\\\/\\\/eheating.lt\\\/#website\",\"url\":\"https:\\\/\\\/eheating.lt\\\/\",\"name\":\"eHeating\",\"description\":\"Elektronika ir \u0161ildymas\",\"potentialAction\":[{\"@type\":\"SearchAction\",\"target\":{\"@type\":\"EntryPoint\",\"urlTemplate\":\"https:\\\/\\\/eheating.lt\\\/?s={search_term_string}\"},\"query-input\":{\"@type\":\"PropertyValueSpecification\",\"valueRequired\":true,\"valueName\":\"search_term_string\"}}],\"inLanguage\":\"en-US\"}]}<\/script>\n<meta property=\"product:price:amount\" content=\"321.55\" \/>\n<meta property=\"product:price:currency\" content=\"EUR\" \/>\n<meta property=\"og:availability\" content=\"backorder\" \/>\n<meta property=\"product:availability\" content=\"available for order\" \/>\n<meta property=\"product:retailer_item_id\" content=\"e40f4a744f77\" \/>\n<meta property=\"product:condition\" content=\"new\" \/>\n<!-- \/ Yoast SEO Premium plugin. -->","yoast_head_json":{"title":"Reolink GO 4G bullet kamera","description":"Reolink GO 4G IP kamera ; Integruotas mikrofonas ir garsiakalbis ; 7800mH baterija ; IR 10m ; SD kortel\u0117 iki 64gb ; Rai\u0161ka - 2MP","robots":{"index":"index","follow":"follow","max-snippet":"max-snippet:-1","max-image-preview":"max-image-preview:large","max-video-preview":"max-video-preview:-1"},"canonical":"https:\/\/eheating.lt\/en\/produktas\/reolink-go-4g-bullet-kamera\/","og_locale":"en_US","og_type":"article","og_title":"Reolink GO 4G bullet kamera","og_description":"Reolink GO 4G IP kamera ; Integruotas mikrofonas ir garsiakalbis ; 7800mH baterija ; IR 10m ; SD kortel\u0117 iki 64gb ; Rai\u0161ka - 2MP","og_url":"https:\/\/eheating.lt\/en\/produktas\/reolink-go-4g-bullet-kamera\/","og_site_name":"Elektronika Namams","article_publisher":"https:\/\/www.facebook.com\/ElektronikaNamams","article_modified_time":"2024-10-18T14:11:46+00:00","og_image":[{"width":800,"height":800,"url":"https:\/\/eheating.lt\/wp-content\/uploads\/2023\/10\/Reolink-GO-4G-bullet-kamera.png","type":"image\/png"}],"twitter_card":"summary_large_image","twitter_misc":{"Price":"321,55&nbsp;&euro;","Availability":"On backorder"},"schema":{"@context":"https:\/\/schema.org","@graph":[{"@type":"WebPage","@id":"https:\/\/eheating.lt\/en\/produktas\/reolink-go-4g-bullet-kamera\/","url":"https:\/\/eheating.lt\/en\/produktas\/reolink-go-4g-bullet-kamera\/","name":"Reolink GO 4G bullet kamera","isPartOf":{"@id":"https:\/\/eheating.lt\/#website"},"primaryImageOfPage":{"@id":"https:\/\/eheating.lt\/en\/produktas\/reolink-go-4g-bullet-kamera\/#primaryimage"},"image":{"@id":"https:\/\/eheating.lt\/en\/produktas\/reolink-go-4g-bullet-kamera\/#primaryimage"},"thumbnailUrl":"https:\/\/eheating.lt\/wp-content\/uploads\/2023\/10\/Reolink-GO-4G-bullet-kamera.png","datePublished":"2023-11-13T19:23:43+00:00","dateModified":"2024-10-18T14:11:46+00:00","description":"Reolink GO 4G IP kamera ; Integruotas mikrofonas ir garsiakalbis ; 7800mH baterija ; IR 10m ; SD kortel\u0117 iki 64gb ; Rai\u0161ka - 2MP","breadcrumb":{"@id":"https:\/\/eheating.lt\/en\/produktas\/reolink-go-4g-bullet-kamera\/#breadcrumb"},"inLanguage":"en-US","potentialAction":[{"@type":"ReadAction","target":["https:\/\/eheating.lt\/en\/produktas\/reolink-go-4g-bullet-kamera\/"]}]},{"@type":"ImageObject","inLanguage":"en-US","@id":"https:\/\/eheating.lt\/en\/produktas\/reolink-go-4g-bullet-kamera\/#primaryimage","url":"https:\/\/eheating.lt\/wp-content\/uploads\/2023\/10\/Reolink-GO-4G-bullet-kamera.png","contentUrl":"https:\/\/eheating.lt\/wp-content\/uploads\/2023\/10\/Reolink-GO-4G-bullet-kamera.png","width":800,"height":800,"caption":"Reolink GO 4G IP kamera"},{"@type":"BreadcrumbList","@id":"https:\/\/eheating.lt\/en\/produktas\/reolink-go-4g-bullet-kamera\/#breadcrumb","itemListElement":[{"@type":"ListItem","position":1,"name":"Prad\u017eia","item":"https:\/\/eheating.lt\/en\/"},{"@type":"ListItem","position":2,"name":"Shop","item":"https:\/\/eheating.lt\/en\/?page_id=5734"},{"@type":"ListItem","position":3,"name":"Reolink GO 4G bullet kamera"}]},{"@type":"WebSite","@id":"https:\/\/eheating.lt\/#website","url":"https:\/\/eheating.lt\/","name":"eHeating","description":"Elektronika ir \u0161ildymas","potentialAction":[{"@type":"SearchAction","target":{"@type":"EntryPoint","urlTemplate":"https:\/\/eheating.lt\/?s={search_term_string}"},"query-input":{"@type":"PropertyValueSpecification","valueRequired":true,"valueName":"search_term_string"}}],"inLanguage":"en-US"}]},"product_price_amount":"321.55","product_price_currency":"EUR","og_availability":"backorder","product_availability":"available for order","product_retailer_item_id":"e40f4a744f77","product_condition":"new"},"_links":{"self":[{"href":"https:\/\/eheating.lt\/en\/wp-json\/wp\/v2\/product\/18528","targetHints":{"allow":["GET"]}}],"collection":[{"href":"https:\/\/eheating.lt\/en\/wp-json\/wp\/v2\/product"}],"about":[{"href":"https:\/\/eheating.lt\/en\/wp-json\/wp\/v2\/types\/product"}],"replies":[{"embeddable":true,"href":"https:\/\/eheating.lt\/en\/wp-json\/wp\/v2\/comments?post=18528"}],"version-history":[{"count":0,"href":"https:\/\/eheating.lt\/en\/wp-json\/wp\/v2\/product\/18528\/revisions"}],"wp:featuredmedia":[{"embeddable":true,"href":"https:\/\/eheating.lt\/en\/wp-json\/wp\/v2\/media\/27844"}],"wp:attachment":[{"href":"https:\/\/eheating.lt\/en\/wp-json\/wp\/v2\/media?parent=18528"}],"wp:term":[{"taxonomy":"product_brand","embeddable":true,"href":"https:\/\/eheating.lt\/en\/wp-json\/wp\/v2\/product_brand?post=18528"},{"taxonomy":"product_cat","embeddable":true,"href":"https:\/\/eheating.lt\/en\/wp-json\/wp\/v2\/product_cat?post=18528"},{"taxonomy":"product_tag","embeddable":true,"href":"https:\/\/eheating.lt\/en\/wp-json\/wp\/v2\/product_tag?post=18528"}],"curies":[{"name":"wp","href":"https:\/\/api.w.org\/{rel}","templated":true}]}}