{"id":18514,"date":"2023-11-13T21:23:28","date_gmt":"2023-11-13T19:23:28","guid":{"rendered":"https:\/\/eheating.lt\/?post_type=product&#038;p=18514"},"modified":"2024-07-11T19:00:03","modified_gmt":"2024-07-11T16:00:03","slug":"hilook-bullet-ipc-b121h-f2-8","status":"publish","type":"product","link":"https:\/\/eheating.lt\/en\/produktas\/hilook-bullet-ipc-b121h-f2-8\/","title":{"rendered":"HiLook bullet IPC-B121H F2.8"},"content":{"rendered":"<div class=\"tech-specs-items-description-wrap\">\n<ul class=\"tech-specs-items-description\" data-target=\"Camera\">\n<li class=\"tech-specs-items-description-list\"><span class=\"tech-specs-items-description__title--heading\">Kamera<\/span><\/li>\n<li class=\"tech-specs-items-description-list\"><span class=\"tech-specs-items-description__title\">Sensorius<\/span><span class=\"tech-specs-items-description__title-details\">1\/2.8&#8243; Progressive Scan CMOS<\/span><\/li>\n<li class=\"tech-specs-items-description-list\"><span class=\"tech-specs-items-description__title\">Min. ap\u0161vietimas<\/span><span class=\"tech-specs-items-description__title-details\">Color: 0.028 Lux @ (F2.0, AGC ON), 0 Lux with IR<\/span><\/li>\n<li class=\"tech-specs-items-description-list\"><span class=\"tech-specs-items-description__title\">U\u017erakto greitis<\/span><span class=\"tech-specs-items-description__title-details\">1\/3 s to 1\/100,000 s<\/span><\/li>\n<li class=\"tech-specs-items-description-list\"><span class=\"tech-specs-items-description__title\">L\u0117tas u\u017eraktas<\/span><span class=\"tech-specs-items-description__title-details\">Yes<\/span><\/li>\n<li class=\"tech-specs-items-description-list\"><span class=\"tech-specs-items-description__title\">Diena &amp;Naktis<\/span><span class=\"tech-specs-items-description__title-details\">IR cut filter<\/span><\/li>\n<li class=\"tech-specs-items-description-list\"><span class=\"tech-specs-items-description__title\">Platus dinaminis diapozonas<\/span><span class=\"tech-specs-items-description__title-details\">Digital WDR<\/span><\/li>\n<li class=\"tech-specs-items-description-list\"><span class=\"tech-specs-items-description__title\">Kampo pasirinkimas<\/span><span class=\"tech-specs-items-description__title-details\">Pan: 0\u00b0 to 360\u00b0, tilt: 0\u00b0 to 180\u00b0, rotation: 0\u00b0 to 360\u00b0<\/span><\/li>\n<\/ul>\n<ul class=\"tech-specs-items-description\" data-target=\"Lens\">\n<li class=\"tech-specs-items-description-list\"><span class=\"tech-specs-items-description__title--heading\">L\u0119\u0161iai<\/span><\/li>\n<li class=\"tech-specs-items-description-list\"><span class=\"tech-specs-items-description__title\">L\u0119\u0161iai<\/span><span class=\"tech-specs-items-description__title-details\">Fixed lens, 2.8\/4 mm<\/span><\/li>\n<li class=\"tech-specs-items-description-list\"><span class=\"tech-specs-items-description__title\">Diafragma<\/span><span class=\"tech-specs-items-description__title-details\">F2.0<\/span><\/li>\n<li class=\"tech-specs-items-description-list\"><span class=\"tech-specs-items-description__title\">FOV<\/span><span class=\"tech-specs-items-description__title-details\">2.8mm: Horizontal FOV: 114\u00b0, vertical FOV: 62\u00b0, diagonal FOV: 135\u00b0 4 mm: Horizontal FOV: 86\u00b0, vertical FOV: 46\u00b0, diagonal FOV: 102\u00b0 <\/span><\/li>\n<li class=\"tech-specs-items-description-list\"><span class=\"tech-specs-items-description__title\">L\u0119\u0161i\u0173 montavimas<\/span><span class=\"tech-specs-items-description__title-details\">M12<\/span><\/li>\n<\/ul>\n<ul class=\"tech-specs-items-description\" data-target=\"Illuminator\">\n<li class=\"tech-specs-items-description-list\"><span class=\"tech-specs-items-description__title--heading\">Ap\u0161vietimas<\/span><\/li>\n<li class=\"tech-specs-items-description-list\"><span class=\"tech-specs-items-description__title\">IR nuotolis<\/span><span class=\"tech-specs-items-description__title-details\">Up to 30 m<\/span><\/li>\n<li class=\"tech-specs-items-description-list\"><span class=\"tech-specs-items-description__title\">Bang\u0173 ilgis<\/span><span class=\"tech-specs-items-description__title-details\">850 nm<\/span><\/li>\n<\/ul>\n<ul class=\"tech-specs-items-description\" data-target=\"Network\">\n<li class=\"tech-specs-items-description-list\"><span class=\"tech-specs-items-description__title--heading\">Tinklas<\/span><\/li>\n<li class=\"tech-specs-items-description-list\"><span class=\"tech-specs-items-description__title\">Protokolai<\/span><span class=\"tech-specs-items-description__title-details\">TCP\/IP, ICMP, HTTP, HTTPS, FTP, DHCP, DNS, RTP, RTSP, RTCP, NTP, IGMP, QoS, UDP<\/span><\/li>\n<li class=\"tech-specs-items-description-list\"><span class=\"tech-specs-items-description__title\">API<\/span><span class=\"tech-specs-items-description__title-details\">ONVIF (PROFILE S), ISAPI<\/span><\/li>\n<li class=\"tech-specs-items-description-list\"><span class=\"tech-specs-items-description__title\">Tiesioginis vaizdo \u017ei\u016br\u0117jimas<\/span><span class=\"tech-specs-items-description__title-details\">Up to 6 channels<\/span><\/li>\n<li class=\"tech-specs-items-description-list\"><span class=\"tech-specs-items-description__title\">User\/Host<\/span><span class=\"tech-specs-items-description__title-details\">Up to 32 users,3 levels: Administrator, Operator and User<\/span><\/li>\n<li class=\"tech-specs-items-description-list\"><span class=\"tech-specs-items-description__title\">Klientas<\/span><span class=\"tech-specs-items-description__title-details\">HiLookVision PC Client, HiLookVision App<\/span><\/li>\n<li class=\"tech-specs-items-description-list\"><span class=\"tech-specs-items-description__title\">Interneto nar\u0161ykl\u0117s<\/span><span class=\"tech-specs-items-description__title-details\">IE8+, Chrome 41.0-44, Firefox 30.0-51, Safari 8.0-11<\/span><\/li>\n<\/ul>\n<ul class=\"tech-specs-items-description\" data-target=\"Video\">\n<li class=\"tech-specs-items-description-list\"><span class=\"tech-specs-items-description__title--heading\">Video<\/span><\/li>\n<li class=\"tech-specs-items-description-list\"><span class=\"tech-specs-items-description__title\">Maks. rai\u0161ka<\/span><span class=\"tech-specs-items-description__title-details\">1920 \u00d7 1080<\/span><\/li>\n<li class=\"tech-specs-items-description-list\"><span class=\"tech-specs-items-description__title\">Pagrindinis srautas<\/span><span class=\"tech-specs-items-description__title-details\">50Hz: 25fps (1920 \u00d7 1080, 1280 \u00d7 960, 1280 \u00d7 720) 60Hz: 30fps (1920 \u00d7 1080, 1280 \u00d7 960, 1280 \u00d7 720)<\/span><\/li>\n<li class=\"tech-specs-items-description-list\"><span class=\"tech-specs-items-description__title\">Pagalbinis srautas<\/span><span class=\"tech-specs-items-description__title-details\">50Hz: 25fps (640 \u00d7 480, 640 \u00d7 360, 320 \u00d7 240) 60Hz: 30fps (640 \u00d7 480, 640 \u00d7 360, 320 \u00d7 240)<\/span><\/li>\n<li class=\"tech-specs-items-description-list\"><span class=\"tech-specs-items-description__title\">Vaizdo suspaudimas<\/span><span class=\"tech-specs-items-description__title-details\">Main stream: H.265+\/H.265\/H.264+\/H.264 Sub-stream: H.265\/H.264\/MJPEG<\/span><\/li>\n<li class=\"tech-specs-items-description-list\"><span class=\"tech-specs-items-description__title\">H.264 tipas<\/span><span class=\"tech-specs-items-description__title-details\">Baseline Profile\/Main Profile\/High Profile<\/span><\/li>\n<li class=\"tech-specs-items-description-list\"><span class=\"tech-specs-items-description__title\">H.265 tipas<\/span><span class=\"tech-specs-items-description__title-details\">Main Profile<\/span><\/li>\n<li class=\"tech-specs-items-description-list\"><span class=\"tech-specs-items-description__title\">Vaizdo bit\u0173 greitis<\/span><span class=\"tech-specs-items-description__title-details\">32 Kbps to 8 Mbps<\/span><\/li>\n<\/ul>\n<ul class=\"tech-specs-items-description\" data-target=\"Smart Feature-Set\">\n<li class=\"tech-specs-items-description-list\"><span class=\"tech-specs-items-description__title--heading\">I\u0161manios funkcijos<\/span><\/li>\n<li class=\"tech-specs-items-description-list\"><span class=\"tech-specs-items-description__title\">Paprastos funkcijos<\/span><span class=\"tech-specs-items-description__title-details\">Motion detection, video tampering alarm, illegal login<\/span><\/li>\n<li class=\"tech-specs-items-description-list\"><span class=\"tech-specs-items-description__title\">ROI<\/span><span class=\"tech-specs-items-description__title-details\">1 fixed region for main stream and sub-stream<\/span><\/li>\n<\/ul>\n<ul class=\"tech-specs-items-description\" data-target=\"Image\">\n<li class=\"tech-specs-items-description-list\"><span class=\"tech-specs-items-description__title--heading\">Image<\/span><\/li>\n<li class=\"tech-specs-items-description-list\"><span class=\"tech-specs-items-description__title\">Vaizdo gerinimas<\/span><span class=\"tech-specs-items-description__title-details\">BLC, 3D DNR<\/span><\/li>\n<li class=\"tech-specs-items-description-list\"><span class=\"tech-specs-items-description__title\">Vaizdo nustatymai<\/span><span class=\"tech-specs-items-description__title-details\">Saturation, brightness, contrast, sharpness, AGC, white balance adjustable by client software or web browser<\/span><\/li>\n<li class=\"tech-specs-items-description-list\"><span class=\"tech-specs-items-description__title\">Dienos\/Nakties jungiklis<\/span><span class=\"tech-specs-items-description__title-details\">Day\/Night\/Auto\/Schedule<\/span><\/li>\n<\/ul>\n<ul class=\"tech-specs-items-description\" data-target=\"Interface\">\n<li class=\"tech-specs-items-description-list\"><span class=\"tech-specs-items-description__title--heading\">S\u0105saja<\/span><\/li>\n<li class=\"tech-specs-items-description-list\"><span class=\"tech-specs-items-description__title\">Bendravimo s\u0105saja<\/span><span class=\"tech-specs-items-description__title-details\">1 RJ45 10M\/100M self-adaptive Ethernet port<\/span><\/li>\n<\/ul>\n<ul class=\"tech-specs-items-description\" data-target=\"General\">\n<li class=\"tech-specs-items-description-list\"><span class=\"tech-specs-items-description__title--heading\">Pagrindinis<\/span><\/li>\n<li class=\"tech-specs-items-description-list\"><span class=\"tech-specs-items-description__title\">Pagrindin\u0117s funkcijos<\/span><span class=\"tech-specs-items-description__title-details\">Anti-flicker, heartbeat, mirror, password protection, privacy mask, watermark<\/span><\/li>\n<li class=\"tech-specs-items-description-list\"><span class=\"tech-specs-items-description__title\">Atk\u016brimas<\/span><span class=\"tech-specs-items-description__title-details\">Reset via web browser and client software<\/span><\/li>\n<li class=\"tech-specs-items-description-list\"><span class=\"tech-specs-items-description__title\">Paleidimo ir veikimo s\u0105lygos<\/span><span class=\"tech-specs-items-description__title-details\">-30 \u00b0C to 60 \u00b0C (-22 \u00b0F to 140 \u00b0F), humidity 95% or less (non-condensing)<\/span><\/li>\n<li class=\"tech-specs-items-description-list\"><span class=\"tech-specs-items-description__title\">Energijos \u0161altinis<\/span><span class=\"tech-specs-items-description__title-details\"><span class=\"tech-specs-items-description__title-details\"><br \/>\n<\/span><\/span><\/p>\n<p class=\"mb-p\" style=\"margin-bottom: 0rem; height: auto;\">12 VDC \u00b1 25%, 5.5 mm coaxial power plug<\/p>\n<p class=\"mb-p\" style=\"margin-bottom: 0.5em; height: auto;\">PoE (802.3af, class 3)<\/p>\n<p>&nbsp;<\/li>\n<li class=\"tech-specs-items-description-list\"><span class=\"tech-specs-items-description__title\">Energijos suvartojimas ir srov\u0117<\/span><span class=\"tech-specs-items-description__title-details\"><span class=\"tech-specs-items-description__title-details\"><br \/>\n<\/span><\/span><\/p>\n<p class=\"mb-p\" style=\"margin-bottom: 0rem; height: auto;\">12 VDC, 0.3 A, max: 3.5 W<\/p>\n<p class=\"mb-p\" style=\"margin-bottom: 0.5em; height: auto;\">PoE: (802.3af, 36 V to 57 V), 0.2 A to 0.1 A, Max: 4.5 W<\/p>\n<p>&nbsp;<\/li>\n<li class=\"tech-specs-items-description-list\"><span class=\"tech-specs-items-description__title\">Med\u017eiaga<\/span><span class=\"tech-specs-items-description__title-details\"><span class=\"tech-specs-items-description__title-details\"><br \/>\n<\/span><\/span><\/p>\n<p class=\"mb-p\" style=\"margin-bottom: 0rem; height: auto;\">Without \u2013M model:<\/p>\n<p class=\"mb-p\" style=\"margin-bottom: 0rem; height: auto;\">Front cover: metal, camera body: plastic, bracket: plastic<\/p>\n<p class=\"mb-p\" style=\"margin-bottom: 0rem; height: auto;\">-M model:<\/p>\n<p class=\"mb-p\" style=\"margin-bottom: 0.5em; height: auto;\">Front cover: metal, camera body: metal, bracket: metal<\/p>\n<p>&nbsp;<\/li>\n<li class=\"tech-specs-items-description-list\"><span class=\"tech-specs-items-description__title\">Matmenys<\/span><span class=\"tech-specs-items-description__title-details\"><span class=\"tech-specs-items-description__title-details\"><br \/>\n<\/span><\/span><\/p>\n<p class=\"mb-p\" style=\"margin-bottom: 0rem; height: auto;\">Without \u2013M model:<\/p>\n<p class=\"mb-p\" style=\"margin-bottom: 0rem; height: auto;\">\u00d8 70 mm \u00d7 186.3 mm (\u00d8 2.8 \u00d7 7.3&#8243;)<\/p>\n<p class=\"mb-p\" style=\"margin-bottom: 0rem; height: auto;\">With \u2013M model:<\/p>\n<p class=\"mb-p\" style=\"margin-bottom: 0.5em; height: auto;\">\u00d8 70 mm \u00d7 181.6 mm (\u00d8 2.8 \u00d7 7.1&#8243;)&#8221;<\/p>\n<p>&nbsp;<\/li>\n<li class=\"tech-specs-items-description-list\"><span class=\"tech-specs-items-description__title\">Svoris<\/span><span class=\"tech-specs-items-description__title-details\"><span class=\"tech-specs-items-description__title-details\"><br \/>\n<\/span><\/span><\/p>\n<p class=\"mb-p\" style=\"margin-bottom: 0rem; height: auto;\">Without \u2013M model:<\/p>\n<p class=\"mb-p\" style=\"margin-bottom: 0rem; height: auto;\">Camera: Approx. 270 g (0.6 lb.)<\/p>\n<p class=\"mb-p\" style=\"margin-bottom: 0rem; height: auto;\">With package: Approx. 510 g (1.1 lb.)<\/p>\n<p class=\"mb-p\" style=\"margin-bottom: 0rem; height: auto;\">-M model:<\/p>\n<p class=\"mb-p\" style=\"margin-bottom: 0rem; height: auto;\">Camera: Approx. 390 g (0.9 lb.)<\/p>\n<p class=\"mb-p\" style=\"margin-bottom: 0.5em; height: auto;\">With package: Approx. 630 g (1.4 lb.)<\/p>\n<p>&nbsp;<\/li>\n<li class=\"tech-specs-items-description-list\"><span class=\"tech-specs-items-description__title\">Apsaugos lygis<\/span><span class=\"tech-specs-items-description__title-details\">IP67<\/span><\/li>\n<\/ul>\n<\/div>\n","protected":false},"excerpt":{"rendered":"<ul>\n<li>2MP IP bullet kamera<\/li>\n<li>L\u0119\u0161is &#8211; 2.8 mm<\/li>\n<li>Vaizdo \u012fra\u0161\u0173 suspaudimas H.265 + \/ H.265 \/ H.264 + \/ H.264 \/ MJPEG<\/li>\n<li>IR nuotolis iki 30m<\/li>\n<li>IP67<\/li>\n<\/ul>\n","protected":false},"featured_media":27859,"comment_status":"closed","ping_status":"closed","template":"","meta":[],"product_brand":[],"product_cat":[426,534,533],"product_tag":[],"class_list":{"0":"post-18514","1":"product","2":"type-product","3":"status-publish","4":"has-post-thumbnail","6":"product_cat-ip-cilindrines-kameros","7":"product_cat-ip-kameros","8":"product_cat-ip-vaizdo-stebejimo-sistemos","10":"first","11":"outofstock","12":"purchasable","13":"product-type-simple"},"yoast_head":"<!-- This site is optimized with the Yoast SEO Premium plugin v21.5 (Yoast SEO v27.3) - https:\/\/yoast.com\/product\/yoast-seo-premium-wordpress\/ -->\n<title>HiLook bullet IPC-B121H F2.8<\/title>\n<meta name=\"description\" content=\"HiLook bullet IPC-B121H F2.8 IP kamera ; Vaizdo \u012fra\u0161\u0173 suspaudimas H.265 + \/ H.265 \/ H.264 + \/ H.264 \/ MJPEG ; IR nuotolis iki 30m ; IP67 ; Rai\u0161ka - 2MP\" \/>\n<meta name=\"robots\" content=\"index, follow, max-snippet:-1, max-image-preview:large, max-video-preview:-1\" \/>\n<link rel=\"canonical\" href=\"https:\/\/eheating.lt\/produktas\/hilook-bullet-ipc-b121h-f2-8\/\" \/>\n<meta property=\"og:locale\" content=\"en_US\" \/>\n<meta property=\"og:type\" content=\"article\" \/>\n<meta property=\"og:title\" content=\"HiLook bullet IPC-B121H F2.8\" \/>\n<meta property=\"og:description\" content=\"HiLook bullet IPC-B121H F2.8 IP kamera ; Vaizdo \u012fra\u0161\u0173 suspaudimas H.265 + \/ H.265 \/ H.264 + \/ H.264 \/ MJPEG ; IR nuotolis iki 30m ; IP67 ; Rai\u0161ka - 2MP\" \/>\n<meta property=\"og:url\" content=\"https:\/\/eheating.lt\/produktas\/hilook-bullet-ipc-b121h-f2-8\/\" \/>\n<meta property=\"og:site_name\" content=\"Elektronika Namams\" \/>\n<meta property=\"article:publisher\" content=\"https:\/\/www.facebook.com\/ElektronikaNamams\" \/>\n<meta property=\"article:modified_time\" content=\"2024-07-11T16:00:03+00:00\" \/>\n<meta property=\"og:image\" content=\"https:\/\/eheating.lt\/wp-content\/uploads\/2023\/10\/HiLook-bullet-IPC-B121H-F2.8.png\" \/>\n\t<meta property=\"og:image:width\" content=\"800\" \/>\n\t<meta property=\"og:image:height\" content=\"800\" \/>\n\t<meta property=\"og:image:type\" content=\"image\/png\" \/>\n<meta name=\"twitter:card\" content=\"summary_large_image\" \/>\n<meta name=\"twitter:label1\" content=\"Price\" \/>\n\t<meta name=\"twitter:data1\" content=\"75,98&nbsp;&euro;\" \/>\n\t<meta name=\"twitter:label2\" content=\"Availability\" \/>\n\t<meta name=\"twitter:data2\" content=\"Out of stock\" \/>\n<script type=\"application\/ld+json\" class=\"yoast-schema-graph\">{\"@context\":\"https:\\\/\\\/schema.org\",\"@graph\":[{\"@type\":\"WebPage\",\"@id\":\"https:\\\/\\\/eheating.lt\\\/produktas\\\/hilook-bullet-ipc-b121h-f2-8\\\/\",\"url\":\"https:\\\/\\\/eheating.lt\\\/produktas\\\/hilook-bullet-ipc-b121h-f2-8\\\/\",\"name\":\"HiLook bullet IPC-B121H F2.8\",\"isPartOf\":{\"@id\":\"https:\\\/\\\/eheating.lt\\\/#website\"},\"primaryImageOfPage\":{\"@id\":\"https:\\\/\\\/eheating.lt\\\/produktas\\\/hilook-bullet-ipc-b121h-f2-8\\\/#primaryimage\"},\"image\":{\"@id\":\"https:\\\/\\\/eheating.lt\\\/produktas\\\/hilook-bullet-ipc-b121h-f2-8\\\/#primaryimage\"},\"thumbnailUrl\":\"https:\\\/\\\/eheating.lt\\\/wp-content\\\/uploads\\\/2023\\\/10\\\/HiLook-bullet-IPC-B121H-F2.8.png\",\"datePublished\":\"2023-11-13T19:23:28+00:00\",\"dateModified\":\"2024-07-11T16:00:03+00:00\",\"description\":\"HiLook bullet IPC-B121H F2.8 IP kamera ; Vaizdo \u012fra\u0161\u0173 suspaudimas H.265 + \\\/ H.265 \\\/ H.264 + \\\/ H.264 \\\/ MJPEG ; IR nuotolis iki 30m ; IP67 ; Rai\u0161ka - 2MP\",\"breadcrumb\":{\"@id\":\"https:\\\/\\\/eheating.lt\\\/produktas\\\/hilook-bullet-ipc-b121h-f2-8\\\/#breadcrumb\"},\"inLanguage\":\"en-US\",\"potentialAction\":[{\"@type\":\"ReadAction\",\"target\":[\"https:\\\/\\\/eheating.lt\\\/produktas\\\/hilook-bullet-ipc-b121h-f2-8\\\/\"]}]},{\"@type\":\"ImageObject\",\"inLanguage\":\"en-US\",\"@id\":\"https:\\\/\\\/eheating.lt\\\/produktas\\\/hilook-bullet-ipc-b121h-f2-8\\\/#primaryimage\",\"url\":\"https:\\\/\\\/eheating.lt\\\/wp-content\\\/uploads\\\/2023\\\/10\\\/HiLook-bullet-IPC-B121H-F2.8.png\",\"contentUrl\":\"https:\\\/\\\/eheating.lt\\\/wp-content\\\/uploads\\\/2023\\\/10\\\/HiLook-bullet-IPC-B121H-F2.8.png\",\"width\":800,\"height\":800,\"caption\":\"HiLook bullet IPC-B121H F2.8\"},{\"@type\":\"BreadcrumbList\",\"@id\":\"https:\\\/\\\/eheating.lt\\\/produktas\\\/hilook-bullet-ipc-b121h-f2-8\\\/#breadcrumb\",\"itemListElement\":[{\"@type\":\"ListItem\",\"position\":1,\"name\":\"Prad\u017eia\",\"item\":\"https:\\\/\\\/eheating.lt\\\/en\\\/\"},{\"@type\":\"ListItem\",\"position\":2,\"name\":\"Shop\",\"item\":\"https:\\\/\\\/eheating.lt\\\/en\\\/?page_id=5734\"},{\"@type\":\"ListItem\",\"position\":3,\"name\":\"HiLook bullet IPC-B121H F2.8\"}]},{\"@type\":\"WebSite\",\"@id\":\"https:\\\/\\\/eheating.lt\\\/#website\",\"url\":\"https:\\\/\\\/eheating.lt\\\/\",\"name\":\"eHeating\",\"description\":\"Elektronika ir \u0161ildymas\",\"potentialAction\":[{\"@type\":\"SearchAction\",\"target\":{\"@type\":\"EntryPoint\",\"urlTemplate\":\"https:\\\/\\\/eheating.lt\\\/?s={search_term_string}\"},\"query-input\":{\"@type\":\"PropertyValueSpecification\",\"valueRequired\":true,\"valueName\":\"search_term_string\"}}],\"inLanguage\":\"en-US\"}]}<\/script>\n<meta property=\"product:price:amount\" content=\"75.98\" \/>\n<meta property=\"product:price:currency\" content=\"EUR\" \/>\n<meta property=\"og:availability\" content=\"out of stock\" \/>\n<meta property=\"product:availability\" content=\"out of stock\" \/>\n<meta property=\"product:retailer_item_id\" content=\"9d2336614818\" \/>\n<meta property=\"product:condition\" content=\"new\" \/>\n<!-- \/ Yoast SEO Premium plugin. -->","yoast_head_json":{"title":"HiLook bullet IPC-B121H F2.8","description":"HiLook bullet IPC-B121H F2.8 IP kamera ; Vaizdo \u012fra\u0161\u0173 suspaudimas H.265 + \/ H.265 \/ H.264 + \/ H.264 \/ MJPEG ; IR nuotolis iki 30m ; IP67 ; Rai\u0161ka - 2MP","robots":{"index":"index","follow":"follow","max-snippet":"max-snippet:-1","max-image-preview":"max-image-preview:large","max-video-preview":"max-video-preview:-1"},"canonical":"https:\/\/eheating.lt\/produktas\/hilook-bullet-ipc-b121h-f2-8\/","og_locale":"en_US","og_type":"article","og_title":"HiLook bullet IPC-B121H F2.8","og_description":"HiLook bullet IPC-B121H F2.8 IP kamera ; Vaizdo \u012fra\u0161\u0173 suspaudimas H.265 + \/ H.265 \/ H.264 + \/ H.264 \/ MJPEG ; IR nuotolis iki 30m ; IP67 ; Rai\u0161ka - 2MP","og_url":"https:\/\/eheating.lt\/produktas\/hilook-bullet-ipc-b121h-f2-8\/","og_site_name":"Elektronika Namams","article_publisher":"https:\/\/www.facebook.com\/ElektronikaNamams","article_modified_time":"2024-07-11T16:00:03+00:00","og_image":[{"width":800,"height":800,"url":"https:\/\/eheating.lt\/wp-content\/uploads\/2023\/10\/HiLook-bullet-IPC-B121H-F2.8.png","type":"image\/png"}],"twitter_card":"summary_large_image","twitter_misc":{"Price":"75,98&nbsp;&euro;","Availability":"Out of stock"},"schema":{"@context":"https:\/\/schema.org","@graph":[{"@type":"WebPage","@id":"https:\/\/eheating.lt\/produktas\/hilook-bullet-ipc-b121h-f2-8\/","url":"https:\/\/eheating.lt\/produktas\/hilook-bullet-ipc-b121h-f2-8\/","name":"HiLook bullet IPC-B121H F2.8","isPartOf":{"@id":"https:\/\/eheating.lt\/#website"},"primaryImageOfPage":{"@id":"https:\/\/eheating.lt\/produktas\/hilook-bullet-ipc-b121h-f2-8\/#primaryimage"},"image":{"@id":"https:\/\/eheating.lt\/produktas\/hilook-bullet-ipc-b121h-f2-8\/#primaryimage"},"thumbnailUrl":"https:\/\/eheating.lt\/wp-content\/uploads\/2023\/10\/HiLook-bullet-IPC-B121H-F2.8.png","datePublished":"2023-11-13T19:23:28+00:00","dateModified":"2024-07-11T16:00:03+00:00","description":"HiLook bullet IPC-B121H F2.8 IP kamera ; Vaizdo \u012fra\u0161\u0173 suspaudimas H.265 + \/ H.265 \/ H.264 + \/ H.264 \/ MJPEG ; IR nuotolis iki 30m ; IP67 ; Rai\u0161ka - 2MP","breadcrumb":{"@id":"https:\/\/eheating.lt\/produktas\/hilook-bullet-ipc-b121h-f2-8\/#breadcrumb"},"inLanguage":"en-US","potentialAction":[{"@type":"ReadAction","target":["https:\/\/eheating.lt\/produktas\/hilook-bullet-ipc-b121h-f2-8\/"]}]},{"@type":"ImageObject","inLanguage":"en-US","@id":"https:\/\/eheating.lt\/produktas\/hilook-bullet-ipc-b121h-f2-8\/#primaryimage","url":"https:\/\/eheating.lt\/wp-content\/uploads\/2023\/10\/HiLook-bullet-IPC-B121H-F2.8.png","contentUrl":"https:\/\/eheating.lt\/wp-content\/uploads\/2023\/10\/HiLook-bullet-IPC-B121H-F2.8.png","width":800,"height":800,"caption":"HiLook bullet IPC-B121H F2.8"},{"@type":"BreadcrumbList","@id":"https:\/\/eheating.lt\/produktas\/hilook-bullet-ipc-b121h-f2-8\/#breadcrumb","itemListElement":[{"@type":"ListItem","position":1,"name":"Prad\u017eia","item":"https:\/\/eheating.lt\/en\/"},{"@type":"ListItem","position":2,"name":"Shop","item":"https:\/\/eheating.lt\/en\/?page_id=5734"},{"@type":"ListItem","position":3,"name":"HiLook bullet IPC-B121H F2.8"}]},{"@type":"WebSite","@id":"https:\/\/eheating.lt\/#website","url":"https:\/\/eheating.lt\/","name":"eHeating","description":"Elektronika ir \u0161ildymas","potentialAction":[{"@type":"SearchAction","target":{"@type":"EntryPoint","urlTemplate":"https:\/\/eheating.lt\/?s={search_term_string}"},"query-input":{"@type":"PropertyValueSpecification","valueRequired":true,"valueName":"search_term_string"}}],"inLanguage":"en-US"}]},"product_price_amount":"75.98","product_price_currency":"EUR","og_availability":"out of stock","product_availability":"out of stock","product_retailer_item_id":"9d2336614818","product_condition":"new"},"_links":{"self":[{"href":"https:\/\/eheating.lt\/en\/wp-json\/wp\/v2\/product\/18514","targetHints":{"allow":["GET"]}}],"collection":[{"href":"https:\/\/eheating.lt\/en\/wp-json\/wp\/v2\/product"}],"about":[{"href":"https:\/\/eheating.lt\/en\/wp-json\/wp\/v2\/types\/product"}],"replies":[{"embeddable":true,"href":"https:\/\/eheating.lt\/en\/wp-json\/wp\/v2\/comments?post=18514"}],"version-history":[{"count":0,"href":"https:\/\/eheating.lt\/en\/wp-json\/wp\/v2\/product\/18514\/revisions"}],"wp:featuredmedia":[{"embeddable":true,"href":"https:\/\/eheating.lt\/en\/wp-json\/wp\/v2\/media\/27859"}],"wp:attachment":[{"href":"https:\/\/eheating.lt\/en\/wp-json\/wp\/v2\/media?parent=18514"}],"wp:term":[{"taxonomy":"product_brand","embeddable":true,"href":"https:\/\/eheating.lt\/en\/wp-json\/wp\/v2\/product_brand?post=18514"},{"taxonomy":"product_cat","embeddable":true,"href":"https:\/\/eheating.lt\/en\/wp-json\/wp\/v2\/product_cat?post=18514"},{"taxonomy":"product_tag","embeddable":true,"href":"https:\/\/eheating.lt\/en\/wp-json\/wp\/v2\/product_tag?post=18514"}],"curies":[{"name":"wp","href":"https:\/\/api.w.org\/{rel}","templated":true}]}}