{"id":18474,"date":"2023-11-13T21:23:57","date_gmt":"2023-11-13T19:23:57","guid":{"rendered":"https:\/\/eheating.lt\/?post_type=product&#038;p=18474"},"modified":"2024-07-11T19:04:55","modified_gmt":"2024-07-11T16:04:55","slug":"hikvision-bullet-ds-2cd2t86g2-4i-f6","status":"publish","type":"product","link":"https:\/\/eheating.lt\/en\/produktas\/hikvision-bullet-ds-2cd2t86g2-4i-f6\/","title":{"rendered":"Hikvision bullet DS-2CD2T86G2-4I F6"},"content":{"rendered":"<table style=\"width: 850px;\" border=\"0\">\n<colgroup>\n<col \/>\n<col \/> <\/colgroup>\n<tbody>\n<tr>\n<td class=\"xl68\"><span class=\"font5\">Camera<\/span><\/td>\n<td class=\"xl68\"><\/td>\n<\/tr>\n<tr>\n<td class=\"xl69\"><span class=\"font5\">Image Sensor<\/span><\/td>\n<td class=\"xl69\"><span class=\"font5\">1\/1.8&#8243; Progressive Scan CMOS<\/span><\/td>\n<\/tr>\n<tr>\n<td class=\"xl69\"><span class=\"font5\">Min. Illumination<\/span><\/td>\n<td class=\"xl69\"><span class=\"font5\">Color: 0.003 Lux @ (F1.6, AGC ON), 0 Lux with IR<\/span><\/td>\n<\/tr>\n<tr>\n<td class=\"xl69\"><span class=\"font5\">Shutter Speed<\/span><\/td>\n<td class=\"xl69\"><span class=\"font5\">1\/3 s to 1\/100,000 s<\/span><\/td>\n<\/tr>\n<tr>\n<td class=\"xl69\"><span class=\"font5\">Slow Shutter<\/span><\/td>\n<td class=\"xl69\"><span class=\"font5\">Yes<\/span><\/td>\n<\/tr>\n<tr>\n<td class=\"xl69\"><span class=\"font5\">Day &amp; Night<\/span><\/td>\n<td class=\"xl69\"><span class=\"font5\">IR Cut Filter<\/span><\/td>\n<\/tr>\n<tr>\n<td class=\"xl69\"><span class=\"font5\">WDR<\/span><\/td>\n<td class=\"xl69\"><span class=\"font5\">120 dB<\/span><\/td>\n<\/tr>\n<tr>\n<td class=\"xl69\"><span class=\"font5\">Angle Adjustment<\/span><\/td>\n<td class=\"xl69\"><span class=\"font5\">Pan: 0\u00b0 to 360\u00b0, tilt: 0\u00b0 to 90\u00b0, rotate: 0\u00b0 to 360\u00b0<\/span><\/td>\n<\/tr>\n<tr>\n<td class=\"xl68\"><span class=\"font5\">Lens<\/span><\/td>\n<td class=\"xl68\"><\/td>\n<\/tr>\n<tr>\n<td class=\"xl69\"><span class=\"font5\">Lens Type<\/span><\/td>\n<td class=\"xl69\"><span class=\"font5\">Fixed lens, 2.8\/4\/6 mm<\/span><\/td>\n<\/tr>\n<tr>\n<td class=\"xl69\"><span class=\"font5\">Aperture<\/span><\/td>\n<td class=\"xl69\"><span class=\"font5\">F1.6<\/span><\/td>\n<\/tr>\n<tr>\n<td class=\"xl70\"><span class=\"font5\">FOV<\/span><\/td>\n<td class=\"xl67\"><span class=\"font5\">2.8 mm, horizontal FOV: 102\u00b0, vertical FOV: 55\u00b0, diagonal FOV: 120\u00b0<br \/>\n4 mm, horizontal FOV: 87.1\u00b0, vertical FOV: 47.4\u00b0, diagonal FOV: 101.8\u00b0<br \/>\n6 mm, horizontal FOV: 50.8\u00b0, vertical FOV: 27.6\u00b0, diagonal FOV: 60\u00b0<\/span><\/td>\n<\/tr>\n<tr>\n<td class=\"xl69\"><span class=\"font5\">Lens Mount<\/span><\/td>\n<td class=\"xl69\"><span class=\"font5\">M16<\/span><\/td>\n<\/tr>\n<tr>\n<td class=\"xl68\"><span class=\"font5\">Illuminator<\/span><\/td>\n<td class=\"xl68\"><\/td>\n<\/tr>\n<tr>\n<td class=\"xl69\"><span class=\"font5\">IR Range<\/span><\/td>\n<td class=\"xl67\"><span class=\"font5\">-2I: up to 60 m<br \/>\n-4I: up to 80 m<\/span><\/td>\n<\/tr>\n<tr>\n<td class=\"xl69\"><span class=\"font5\">Wavelength<\/span><\/td>\n<td class=\"xl69\"><span class=\"font5\">850 nm<\/span><\/td>\n<\/tr>\n<tr>\n<td class=\"xl68\"><span class=\"font5\">Video<\/span><\/td>\n<td class=\"xl68\"><\/td>\n<\/tr>\n<tr>\n<td class=\"xl69\"><span class=\"font5\">Max. Resolution<\/span><\/td>\n<td class=\"xl69\"><span class=\"font5\">3840 \u00d7 2160<\/span><\/td>\n<\/tr>\n<tr>\n<td class=\"xl69\"><span class=\"font5\">Main Stream<\/span><\/td>\n<td class=\"xl67\"><span class=\"font5\">50Hz: 20fps (3840 \u00d7 2160, 3072 \u00d7 1728), 25fps (2688 \u00d7 1520,1920 \u00d7 1080, 1280 \u00d7 720)<br \/>\n60Hz: 20fps (3840 \u00d7 2160, 3072 \u00d7 1728), 30fps (2688 \u00d7 1520,1920 \u00d7 1080, 1280 \u00d7 720)<\/span><\/td>\n<\/tr>\n<tr>\n<td class=\"xl69\"><span class=\"font5\">Sub-Stream<\/span><\/td>\n<td class=\"xl67\"><span class=\"font5\">50Hz: 25fps (640 \u00d7 480, 640 \u00d7 360, 320 \u00d7 240)<br \/>\n60Hz: 30fps (640 \u00d7 480, 640 \u00d7 360, 320 \u00d7 240)<\/span><\/td>\n<\/tr>\n<tr>\n<td class=\"xl69\"><span class=\"font5\">Third Stream<\/span><\/td>\n<td class=\"xl67\"><span class=\"font5\">50Hz: 25fps (1280 \u00d7 720, 640 \u00d7 480, 640 \u00d7 360, 320 \u00d7 240)<br \/>\n60Hz: 30fps (1280 \u00d7 720, 640 \u00d7 480, 640 \u00d7 360, 320 \u00d7 240)<\/span><\/td>\n<\/tr>\n<tr>\n<td class=\"xl70\"><span class=\"font5\">Video Compression<\/span><\/td>\n<td class=\"xl67\"><span class=\"font5\">Main stream: H.265+\/H.264+\/H.265\/H.264 Sub-stream: H.265\/H.264\/MJPEG<br \/>\nThird stream: H.265\/H.264<\/span><\/td>\n<\/tr>\n<tr>\n<td class=\"xl69\"><span class=\"font5\">H.264 Type<\/span><\/td>\n<td class=\"xl69\"><span class=\"font5\">Baseline Profile\/Main Profile\/High Profile<\/span><\/td>\n<\/tr>\n<tr>\n<td class=\"xl69\"><span class=\"font5\">H.265 Type<\/span><\/td>\n<td class=\"xl69\"><span class=\"font5\">Main Profile<\/span><\/td>\n<\/tr>\n<tr>\n<td class=\"xl69\"><span class=\"font5\">Video Bit Rate<\/span><\/td>\n<td class=\"xl69\"><span class=\"font5\">32 Kbps to 16 Mbps<\/span><\/td>\n<\/tr>\n<tr>\n<td class=\"xl69\"><span class=\"font5\">Scalable Video Coding (SVC)<\/span><\/td>\n<td class=\"xl69\"><span class=\"font5\">H.264 and H.265 encoding support<\/span><\/td>\n<\/tr>\n<tr>\n<td class=\"xl72\"><span class=\"font6\">* When the main stream resolution is 3840 \u00d7 2160, max frame rate is 20 fps for all streams.<\/span><\/td>\n<td class=\"xl73\"><\/td>\n<\/tr>\n<tr>\n<td class=\"xl68\"><span class=\"font5\">Smart Feature-Set<\/span><\/td>\n<td class=\"xl68\"><\/td>\n<\/tr>\n<tr>\n<td class=\"xl69\"><span class=\"font5\">Perimeter Protection<\/span><\/td>\n<td class=\"xl71\">Line crossing detection, intrusion detection, region entrance detection, region exiting detection (Human&amp;Vehicle classification)<\/td>\n<\/tr>\n<tr>\n<td class=\"xl69\"><span class=\"font5\">Face Capture<\/span><\/td>\n<td class=\"xl69\"><span class=\"font5\">Yes<\/span><\/td>\n<\/tr>\n<tr>\n<td class=\"xl69\"><span class=\"font5\">Basic Event<\/span><\/td>\n<td class=\"xl71\">Motion detection, video tampering alarm, exception (network disconnected, IP address conflict, illegal login, HDD full, HDD error), scene change detection<\/td>\n<\/tr>\n<tr>\n<td class=\"xl69\"><span class=\"font5\">Linkage Method<\/span><\/td>\n<td class=\"xl71\">Upload to FTP\/NAS\/memory card, notify surveillance center, send email, trigger recording, trigger capture<\/td>\n<\/tr>\n<tr>\n<td class=\"xl69\"><span class=\"font5\">Region of Interest<\/span><\/td>\n<td class=\"xl69\"><span class=\"font5\">1 fixed region for main stream, sub-stream and third stream<\/span><\/td>\n<\/tr>\n<tr>\n<td class=\"xl68\"><span class=\"font5\">Image<\/span><\/td>\n<td class=\"xl68\"><\/td>\n<\/tr>\n<tr>\n<td class=\"xl69\"><span class=\"font5\">Image Enhancement<\/span><\/td>\n<td class=\"xl69\"><span class=\"font5\">BLC, HLC, 3D DNR<\/span><\/td>\n<\/tr>\n<tr>\n<td class=\"xl69\"><span class=\"font5\">Image Setting<\/span><\/td>\n<td class=\"xl71\">Saturation, brightness, contrast, sharpness, AGC and white balance adjustable by client software or web browser<\/td>\n<\/tr>\n<tr>\n<td class=\"xl69\"><span class=\"font5\">Day\/Night Switch<\/span><\/td>\n<td class=\"xl69\"><span class=\"font5\">Day\/Night\/Auto\/Schedule<\/span><\/td>\n<\/tr>\n<tr>\n<td class=\"xl68\"><span class=\"font5\">Network<\/span><\/td>\n<td class=\"xl68\"><\/td>\n<\/tr>\n<tr>\n<td class=\"xl69\"><span class=\"font5\">Network Storage<\/span><\/td>\n<td class=\"xl69\"><span class=\"font5\">microSD\/SDHC\/SDXC card (256 GB), local storage and NAS (NFS,SMB\/CIFS), ANR<\/span><\/td>\n<\/tr>\n<tr>\n<td class=\"xl69\"><span class=\"font5\">Protocols<\/span><\/td>\n<td class=\"xl71\">TCP\/IP, ICMP, HTTP, HTTPS, FTP, DHCP, DNS, DDNS, RTP, RTSP, PPPoE, NTP, UPnP, SMTP, SNMP, IGMP, 802.1X, QoS, IPv6, UDP, Bonjour, SSL\/TLS<\/td>\n<\/tr>\n<tr>\n<td class=\"xl69\"><span class=\"font5\">API<\/span><\/td>\n<td class=\"xl69\"><span class=\"font5\">ONVIF (PROFILE S, PROFILE G), ISAPI, SDK<\/span><\/td>\n<\/tr>\n<tr>\n<td class=\"xl70\"><span class=\"font5\">Security<\/span><\/td>\n<td class=\"xl67\"><span class=\"font5\">Password protection, complicated password, HTTPS encryption, 802.1X authentication<br \/>\n(EAP-MD5), watermark, IP address filter, basic and digest authentication for HTTP\/HTTPS, WSSE and digest authentication for ONVIF, TLS1.2<\/span><\/td>\n<\/tr>\n<tr>\n<td class=\"xl69\"><span class=\"font5\">Simultaneous Live View<\/span><\/td>\n<td class=\"xl69\"><span class=\"font5\">Up to 6 channels<\/span><\/td>\n<\/tr>\n<tr>\n<td class=\"xl69\"><span class=\"font5\">User\/Host<\/span><\/td>\n<td class=\"xl69\"><span class=\"font5\">Up to 32 users, 3 levels: administrator, operator and user<\/span><\/td>\n<\/tr>\n<tr>\n<td class=\"xl69\"><span class=\"font5\">Client<\/span><\/td>\n<td class=\"xl69\"><span class=\"font5\">iVMS-4200, Hik-Connect, Hik-Central<\/span><\/td>\n<\/tr>\n<tr>\n<td class=\"xl69\"><span class=\"font5\">Web Browser<\/span><\/td>\n<td class=\"xl67\"><span class=\"font5\">Plug-in required live view: IE8+, Chrome 41.0-44, Firefox30.0-51, Safari8.0-11<br \/>\nPlug-in free live view: Chrome 57.0+, Firefox 52.0+<\/span><\/td>\n<\/tr>\n<tr>\n<td class=\"xl68\"><span class=\"font5\">Interface<\/span><\/td>\n<td class=\"xl68\"><\/td>\n<\/tr>\n<tr>\n<td class=\"xl69\"><span class=\"font5\">Communication Interface<\/span><\/td>\n<td class=\"xl69\"><span class=\"font5\">1 RJ45 10M\/100M self-adaptive Ethernet port<\/span><\/td>\n<\/tr>\n<tr>\n<td class=\"xl69\"><span class=\"font5\">On-board storage<\/span><\/td>\n<td class=\"xl69\"><span class=\"font5\">Built-in micro SD\/SDHC\/SDXC slot, up to 256 GB<\/span><\/td>\n<\/tr>\n<tr>\n<td class=\"xl68\"><span class=\"font5\">General<\/span><\/td>\n<td class=\"xl68\"><\/td>\n<\/tr>\n<tr>\n<td class=\"xl70\"><span class=\"font5\">Web Client Language<\/span><\/td>\n<td class=\"xl71\">32 languages<br \/>\nEnglish, Russian, Estonian, Bulgarian, Hungarian, Greek, German, Italian, Czech, Slovak, French, Polish, Dutch, Portuguese, Spanish, Romanian, Danish, Swedish, Norwegian, Finnish, Croatian, Slovenian, Serbian, Turkish, Korean, Traditional Chinese, Thai, Vietnamese, Japanese, Latvian, Lithuanian, Portuguese (Brazil)<\/td>\n<\/tr>\n<tr>\n<td class=\"xl69\"><span class=\"font5\">General Function<\/span><\/td>\n<td class=\"xl69\"><span class=\"font5\">Anti-flicker, three streams, heartbeat, mirror, privacy masks, pixel counter<\/span><\/td>\n<\/tr>\n<tr>\n<td class=\"xl69\"><span class=\"font5\">Reset<\/span><\/td>\n<td class=\"xl69\"><span class=\"font5\">Reset via reset button on camera body, web browser and client software<\/span><\/td>\n<\/tr>\n<tr>\n<td class=\"xl67\"><span class=\"font5\">Startup and Operating<br \/>\nConditions<\/span><\/td>\n<td class=\"xl69\"><span class=\"font5\">-30 \u00b0C to 60 \u00b0C (-22 \u00b0F to 140 \u00b0F), humidity 95% or less (non-condensing)<\/span><\/td>\n<\/tr>\n<tr>\n<td class=\"xl69\"><span class=\"font5\">Storage Conditions<\/span><\/td>\n<td class=\"xl69\"><span class=\"font5\">-30 \u00b0C to 60 \u00b0C (-22 \u00b0F to 140 \u00b0F), humidity 95% or less (non-condensing)<\/span><\/td>\n<\/tr>\n<tr>\n<td class=\"xl69\"><span class=\"font5\">Power Supply<\/span><\/td>\n<td class=\"xl71\">12 VDC \u00b1 25%, \u03a6 5.5 mm coaxial power plug; reverse polarity protection; PoE (802.3af, class 3)<\/td>\n<\/tr>\n<tr>\n<td class=\"xl70\"><span class=\"font5\">Power Consumption and Current<\/span><\/td>\n<td class=\"xl67\"><span class=\"font5\">-2I: 12 VDC, 0.63 A, max. 7.5 W; PoE (802.3af, 36 V to 57 V), 0.25 A to 0.16 A, max. 9 W<br \/>\n-4I: 12 VDC, 0.88 A, max. 10.5 W; PoE (802.3af, 36 V to 57 V), 0.34 A to 0.21 A, max. 12 W<\/span><\/td>\n<\/tr>\n<tr>\n<td class=\"xl69\"><span class=\"font5\">Material<\/span><\/td>\n<td class=\"xl69\"><span class=\"font5\">Metal<\/span><\/td>\n<\/tr>\n<tr>\n<td class=\"xl69\"><span class=\"font5\">Dimensions<\/span><\/td>\n<td class=\"xl67\"><span class=\"font5\">Camera: \u03a6 105 \u00d7 290 mm (\u03a6 4.1&#8243; \u00d7 11.4&#8243;)<br \/>\nWith package: 386 \u00d7 156 \u00d7 155 mm (15.2&#8243; \u00d7 6.1&#8243; \u00d7 6.1&#8243;)<\/span><\/td>\n<\/tr>\n<tr>\n<td class=\"xl69\"><span class=\"font5\">Weight<\/span><\/td>\n<td class=\"xl67\"><span class=\"font5\">Camera: approx. 1270 g (2.8 lb.)<br \/>\nWith package: approx. 1510 g (3.3 lb.)<\/span><\/td>\n<\/tr>\n<tr>\n<td class=\"xl68\"><span class=\"font5\">Approval<\/span><\/td>\n<td class=\"xl68\"><\/td>\n<\/tr>\n<tr>\n<td class=\"xl70\"><span class=\"font5\">EMC<\/span><\/td>\n<td class=\"xl71\">FCC (47 CFR Part 15, Subpart B); CE-EMC (EN 55032: 2015, EN 61000-3-2: 2014, EN 61000-3-3: 2013, EN 50130-4: 2011 +A1: 2014); RCM (AS\/NZS CISPR 32: 2015); IC (ICES-003: Issue 6, 2016); KC (KN 32: 2015, KN 35: 2015)<\/td>\n<\/tr>\n<tr>\n<td class=\"xl70\"><span class=\"font5\">Safety<\/span><\/td>\n<td class=\"xl71\">UL (UL 60950-1); CB (IEC 60950-1:2005 + Am 1:2009 + Am 2:2013); CE-LVD (EN 60950- 1:2005 + Am 1:2009 + Am 2:2013); BIS (IS 13252(Part 1):2010+A1:2013+A2:2015); LOA (IEC\/EN 60950-1)<\/td>\n<\/tr>\n<tr>\n<td class=\"xl69\"><span class=\"font5\">Chemistry<\/span><\/td>\n<td class=\"xl69\"><span class=\"font5\">CE-RoHS (2011\/65\/EU); WEEE (2012\/19\/EU); Reach (Regulation (EC) No 1907\/2006)<\/span><\/td>\n<\/tr>\n<tr>\n<td class=\"xl69\"><span class=\"font5\">Protection<\/span><\/td>\n<td class=\"xl69\"><span class=\"font5\">Ingress protection: IP67 (IEC 60529-2013)<\/span><\/td>\n<\/tr>\n<\/tbody>\n<\/table>\n","protected":false},"excerpt":{"rendered":"<ul>\n<li>8MP IP kamera<\/li>\n<li>AcuSense : klaidingo aliarmo filtras pagal tikslin\u0119 klasifikacij\u0105<\/li>\n<li>\u201eDarkfighter\u201c technologija<\/li>\n<li>6 mm objektyvas<\/li>\n<li>H.265 + \/ H.265 \/ H.264 \/ MJPEG<\/li>\n<li>Iki 80 m IR<\/li>\n<li>SD kortel\u0117s lizdas (iki 256 GB)<\/li>\n<li>IP66, IK10<\/li>\n<\/ul>\n","protected":false},"featured_media":27885,"comment_status":"closed","ping_status":"closed","template":"","meta":[],"product_brand":[],"product_cat":[426,534,533],"product_tag":[],"class_list":{"0":"post-18474","1":"product","2":"type-product","3":"status-publish","4":"has-post-thumbnail","6":"product_cat-ip-cilindrines-kameros","7":"product_cat-ip-kameros","8":"product_cat-ip-vaizdo-stebejimo-sistemos","10":"first","11":"instock","12":"taxable","13":"shipping-taxable","14":"purchasable","15":"product-type-simple"},"yoast_head":"<!-- This site is optimized with the Yoast SEO Premium plugin v21.5 (Yoast SEO v27.4) - https:\/\/yoast.com\/product\/yoast-seo-premium-wordpress\/ -->\n<title>Hikvision bullet DS-2CD2T86G2-4I F6<\/title>\n<meta name=\"description\" content=\"Hikvision bullet DS-2CD2T86G2-4I F6 IP kamera ; \u017dmoni\u0173 ir ma\u0161in\u0173 atpa\u017einimas ir klasifikacija ; Rai\u0161ka - 8MP ; Spalva - balta ; Iki 80 m IR\" \/>\n<meta name=\"robots\" content=\"index, follow, max-snippet:-1, max-image-preview:large, max-video-preview:-1\" \/>\n<link rel=\"canonical\" href=\"https:\/\/eheating.lt\/produktas\/hikvision-bullet-ds-2cd2t86g2-4i-f6\/\" \/>\n<meta property=\"og:locale\" content=\"en_US\" \/>\n<meta property=\"og:type\" content=\"article\" \/>\n<meta property=\"og:title\" content=\"Hikvision bullet DS-2CD2T86G2-4I F6\" \/>\n<meta property=\"og:description\" content=\"Hikvision bullet DS-2CD2T86G2-4I F6 IP kamera ; \u017dmoni\u0173 ir ma\u0161in\u0173 atpa\u017einimas ir klasifikacija ; Rai\u0161ka - 8MP ; Spalva - balta ; Iki 80 m IR\" \/>\n<meta property=\"og:url\" content=\"https:\/\/eheating.lt\/produktas\/hikvision-bullet-ds-2cd2t86g2-4i-f6\/\" \/>\n<meta property=\"og:site_name\" content=\"Elektronika Namams\" \/>\n<meta property=\"article:publisher\" content=\"https:\/\/www.facebook.com\/ElektronikaNamams\" \/>\n<meta property=\"article:modified_time\" content=\"2024-07-11T16:04:55+00:00\" \/>\n<meta property=\"og:image\" content=\"https:\/\/eheating.lt\/wp-content\/uploads\/2023\/10\/Hikvision-bullet-DS-2CD2T86G2-4I-F6.png\" \/>\n\t<meta property=\"og:image:width\" content=\"800\" \/>\n\t<meta property=\"og:image:height\" content=\"800\" \/>\n\t<meta property=\"og:image:type\" content=\"image\/png\" \/>\n<meta name=\"twitter:card\" content=\"summary_large_image\" \/>\n<meta name=\"twitter:label1\" content=\"Price\" \/>\n\t<meta name=\"twitter:data1\" content=\"420,12&nbsp;&euro;\" \/>\n\t<meta name=\"twitter:label2\" content=\"Availability\" \/>\n\t<meta name=\"twitter:data2\" content=\"In stock\" \/>\n<script type=\"application\/ld+json\" class=\"yoast-schema-graph\">{\"@context\":\"https:\\\/\\\/schema.org\",\"@graph\":[{\"@type\":\"WebPage\",\"@id\":\"https:\\\/\\\/eheating.lt\\\/produktas\\\/hikvision-bullet-ds-2cd2t86g2-4i-f6\\\/\",\"url\":\"https:\\\/\\\/eheating.lt\\\/produktas\\\/hikvision-bullet-ds-2cd2t86g2-4i-f6\\\/\",\"name\":\"Hikvision bullet DS-2CD2T86G2-4I F6\",\"isPartOf\":{\"@id\":\"https:\\\/\\\/eheating.lt\\\/#website\"},\"primaryImageOfPage\":{\"@id\":\"https:\\\/\\\/eheating.lt\\\/produktas\\\/hikvision-bullet-ds-2cd2t86g2-4i-f6\\\/#primaryimage\"},\"image\":{\"@id\":\"https:\\\/\\\/eheating.lt\\\/produktas\\\/hikvision-bullet-ds-2cd2t86g2-4i-f6\\\/#primaryimage\"},\"thumbnailUrl\":\"https:\\\/\\\/eheating.lt\\\/wp-content\\\/uploads\\\/2023\\\/10\\\/Hikvision-bullet-DS-2CD2T86G2-4I-F6.png\",\"datePublished\":\"2023-11-13T19:23:57+00:00\",\"dateModified\":\"2024-07-11T16:04:55+00:00\",\"description\":\"Hikvision bullet DS-2CD2T86G2-4I F6 IP kamera ; \u017dmoni\u0173 ir ma\u0161in\u0173 atpa\u017einimas ir klasifikacija ; Rai\u0161ka - 8MP ; Spalva - balta ; Iki 80 m IR\",\"breadcrumb\":{\"@id\":\"https:\\\/\\\/eheating.lt\\\/produktas\\\/hikvision-bullet-ds-2cd2t86g2-4i-f6\\\/#breadcrumb\"},\"inLanguage\":\"en-US\",\"potentialAction\":[{\"@type\":\"ReadAction\",\"target\":[\"https:\\\/\\\/eheating.lt\\\/produktas\\\/hikvision-bullet-ds-2cd2t86g2-4i-f6\\\/\"]}]},{\"@type\":\"ImageObject\",\"inLanguage\":\"en-US\",\"@id\":\"https:\\\/\\\/eheating.lt\\\/produktas\\\/hikvision-bullet-ds-2cd2t86g2-4i-f6\\\/#primaryimage\",\"url\":\"https:\\\/\\\/eheating.lt\\\/wp-content\\\/uploads\\\/2023\\\/10\\\/Hikvision-bullet-DS-2CD2T86G2-4I-F6.png\",\"contentUrl\":\"https:\\\/\\\/eheating.lt\\\/wp-content\\\/uploads\\\/2023\\\/10\\\/Hikvision-bullet-DS-2CD2T86G2-4I-F6.png\",\"width\":800,\"height\":800,\"caption\":\"Hikvision bullet DS-2CD2T86G2-4I F6\"},{\"@type\":\"BreadcrumbList\",\"@id\":\"https:\\\/\\\/eheating.lt\\\/produktas\\\/hikvision-bullet-ds-2cd2t86g2-4i-f6\\\/#breadcrumb\",\"itemListElement\":[{\"@type\":\"ListItem\",\"position\":1,\"name\":\"Prad\u017eia\",\"item\":\"https:\\\/\\\/eheating.lt\\\/en\\\/\"},{\"@type\":\"ListItem\",\"position\":2,\"name\":\"Shop\",\"item\":\"https:\\\/\\\/eheating.lt\\\/en\\\/?page_id=5734\"},{\"@type\":\"ListItem\",\"position\":3,\"name\":\"Hikvision bullet DS-2CD2T86G2-4I F6\"}]},{\"@type\":\"WebSite\",\"@id\":\"https:\\\/\\\/eheating.lt\\\/#website\",\"url\":\"https:\\\/\\\/eheating.lt\\\/\",\"name\":\"eHeating\",\"description\":\"Elektronika ir \u0161ildymas\",\"potentialAction\":[{\"@type\":\"SearchAction\",\"target\":{\"@type\":\"EntryPoint\",\"urlTemplate\":\"https:\\\/\\\/eheating.lt\\\/?s={search_term_string}\"},\"query-input\":{\"@type\":\"PropertyValueSpecification\",\"valueRequired\":true,\"valueName\":\"search_term_string\"}}],\"inLanguage\":\"en-US\"}]}<\/script>\n<meta property=\"product:price:amount\" content=\"420.12\" \/>\n<meta property=\"product:price:currency\" content=\"EUR\" \/>\n<meta property=\"og:availability\" content=\"instock\" \/>\n<meta property=\"product:availability\" content=\"instock\" \/>\n<meta property=\"product:retailer_item_id\" content=\"66e072996dc3\" \/>\n<meta property=\"product:condition\" content=\"new\" \/>\n<!-- \/ Yoast SEO Premium plugin. -->","yoast_head_json":{"title":"Hikvision bullet DS-2CD2T86G2-4I F6","description":"Hikvision bullet DS-2CD2T86G2-4I F6 IP kamera ; \u017dmoni\u0173 ir ma\u0161in\u0173 atpa\u017einimas ir klasifikacija ; Rai\u0161ka - 8MP ; Spalva - balta ; Iki 80 m IR","robots":{"index":"index","follow":"follow","max-snippet":"max-snippet:-1","max-image-preview":"max-image-preview:large","max-video-preview":"max-video-preview:-1"},"canonical":"https:\/\/eheating.lt\/produktas\/hikvision-bullet-ds-2cd2t86g2-4i-f6\/","og_locale":"en_US","og_type":"article","og_title":"Hikvision bullet DS-2CD2T86G2-4I F6","og_description":"Hikvision bullet DS-2CD2T86G2-4I F6 IP kamera ; \u017dmoni\u0173 ir ma\u0161in\u0173 atpa\u017einimas ir klasifikacija ; Rai\u0161ka - 8MP ; Spalva - balta ; Iki 80 m IR","og_url":"https:\/\/eheating.lt\/produktas\/hikvision-bullet-ds-2cd2t86g2-4i-f6\/","og_site_name":"Elektronika Namams","article_publisher":"https:\/\/www.facebook.com\/ElektronikaNamams","article_modified_time":"2024-07-11T16:04:55+00:00","og_image":[{"width":800,"height":800,"url":"https:\/\/eheating.lt\/wp-content\/uploads\/2023\/10\/Hikvision-bullet-DS-2CD2T86G2-4I-F6.png","type":"image\/png"}],"twitter_card":"summary_large_image","twitter_misc":{"Price":"420,12&nbsp;&euro;","Availability":"In stock"},"schema":{"@context":"https:\/\/schema.org","@graph":[{"@type":"WebPage","@id":"https:\/\/eheating.lt\/produktas\/hikvision-bullet-ds-2cd2t86g2-4i-f6\/","url":"https:\/\/eheating.lt\/produktas\/hikvision-bullet-ds-2cd2t86g2-4i-f6\/","name":"Hikvision bullet DS-2CD2T86G2-4I F6","isPartOf":{"@id":"https:\/\/eheating.lt\/#website"},"primaryImageOfPage":{"@id":"https:\/\/eheating.lt\/produktas\/hikvision-bullet-ds-2cd2t86g2-4i-f6\/#primaryimage"},"image":{"@id":"https:\/\/eheating.lt\/produktas\/hikvision-bullet-ds-2cd2t86g2-4i-f6\/#primaryimage"},"thumbnailUrl":"https:\/\/eheating.lt\/wp-content\/uploads\/2023\/10\/Hikvision-bullet-DS-2CD2T86G2-4I-F6.png","datePublished":"2023-11-13T19:23:57+00:00","dateModified":"2024-07-11T16:04:55+00:00","description":"Hikvision bullet DS-2CD2T86G2-4I F6 IP kamera ; \u017dmoni\u0173 ir ma\u0161in\u0173 atpa\u017einimas ir klasifikacija ; Rai\u0161ka - 8MP ; Spalva - balta ; Iki 80 m IR","breadcrumb":{"@id":"https:\/\/eheating.lt\/produktas\/hikvision-bullet-ds-2cd2t86g2-4i-f6\/#breadcrumb"},"inLanguage":"en-US","potentialAction":[{"@type":"ReadAction","target":["https:\/\/eheating.lt\/produktas\/hikvision-bullet-ds-2cd2t86g2-4i-f6\/"]}]},{"@type":"ImageObject","inLanguage":"en-US","@id":"https:\/\/eheating.lt\/produktas\/hikvision-bullet-ds-2cd2t86g2-4i-f6\/#primaryimage","url":"https:\/\/eheating.lt\/wp-content\/uploads\/2023\/10\/Hikvision-bullet-DS-2CD2T86G2-4I-F6.png","contentUrl":"https:\/\/eheating.lt\/wp-content\/uploads\/2023\/10\/Hikvision-bullet-DS-2CD2T86G2-4I-F6.png","width":800,"height":800,"caption":"Hikvision bullet DS-2CD2T86G2-4I F6"},{"@type":"BreadcrumbList","@id":"https:\/\/eheating.lt\/produktas\/hikvision-bullet-ds-2cd2t86g2-4i-f6\/#breadcrumb","itemListElement":[{"@type":"ListItem","position":1,"name":"Prad\u017eia","item":"https:\/\/eheating.lt\/en\/"},{"@type":"ListItem","position":2,"name":"Shop","item":"https:\/\/eheating.lt\/en\/?page_id=5734"},{"@type":"ListItem","position":3,"name":"Hikvision bullet DS-2CD2T86G2-4I F6"}]},{"@type":"WebSite","@id":"https:\/\/eheating.lt\/#website","url":"https:\/\/eheating.lt\/","name":"eHeating","description":"Elektronika ir \u0161ildymas","potentialAction":[{"@type":"SearchAction","target":{"@type":"EntryPoint","urlTemplate":"https:\/\/eheating.lt\/?s={search_term_string}"},"query-input":{"@type":"PropertyValueSpecification","valueRequired":true,"valueName":"search_term_string"}}],"inLanguage":"en-US"}]},"product_price_amount":"420.12","product_price_currency":"EUR","og_availability":"instock","product_availability":"instock","product_retailer_item_id":"66e072996dc3","product_condition":"new"},"_links":{"self":[{"href":"https:\/\/eheating.lt\/en\/wp-json\/wp\/v2\/product\/18474","targetHints":{"allow":["GET"]}}],"collection":[{"href":"https:\/\/eheating.lt\/en\/wp-json\/wp\/v2\/product"}],"about":[{"href":"https:\/\/eheating.lt\/en\/wp-json\/wp\/v2\/types\/product"}],"replies":[{"embeddable":true,"href":"https:\/\/eheating.lt\/en\/wp-json\/wp\/v2\/comments?post=18474"}],"version-history":[{"count":0,"href":"https:\/\/eheating.lt\/en\/wp-json\/wp\/v2\/product\/18474\/revisions"}],"wp:featuredmedia":[{"embeddable":true,"href":"https:\/\/eheating.lt\/en\/wp-json\/wp\/v2\/media\/27885"}],"wp:attachment":[{"href":"https:\/\/eheating.lt\/en\/wp-json\/wp\/v2\/media?parent=18474"}],"wp:term":[{"taxonomy":"product_brand","embeddable":true,"href":"https:\/\/eheating.lt\/en\/wp-json\/wp\/v2\/product_brand?post=18474"},{"taxonomy":"product_cat","embeddable":true,"href":"https:\/\/eheating.lt\/en\/wp-json\/wp\/v2\/product_cat?post=18474"},{"taxonomy":"product_tag","embeddable":true,"href":"https:\/\/eheating.lt\/en\/wp-json\/wp\/v2\/product_tag?post=18474"}],"curies":[{"name":"wp","href":"https:\/\/api.w.org\/{rel}","templated":true}]}}