{"id":18454,"date":"2023-11-13T21:24:18","date_gmt":"2023-11-13T19:24:18","guid":{"rendered":"https:\/\/eheating.lt\/?post_type=product&#038;p=18454"},"modified":"2024-07-11T19:05:20","modified_gmt":"2024-07-11T16:05:20","slug":"hikvision-bullet-ds-2cd2086g2-iu-f4-juoda","status":"publish","type":"product","link":"https:\/\/eheating.lt\/en\/produktas\/hikvision-bullet-ds-2cd2086g2-iu-f4-juoda\/","title":{"rendered":"Hikvision bullet DS-2CD2086G2-IU F4 (JUODA)"},"content":{"rendered":"<table>\n<tbody>\n<tr>\n<td>Pavadinimas<\/td>\n<td>Apra\u0161ymas<\/td>\n<\/tr>\n<tr>\n<td>Sensorius<\/td>\n<td>1\/1.8&#8243; Progressive Scan CMOS<\/td>\n<\/tr>\n<tr>\n<td>Min. ap\u0161vietimas<\/td>\n<td>Color: 0.003 Lux @ (F1.6, AGC ON), 0 Lux with IR<\/td>\n<\/tr>\n<tr>\n<td>U\u017erakto greitis<\/td>\n<td>1\/3 s to 1\/100,000 s<\/td>\n<\/tr>\n<tr>\n<td>I\u0161laikymas<\/td>\n<td>Yes<\/td>\n<\/tr>\n<tr>\n<td>P\/N<\/td>\n<td>Yes<\/td>\n<\/tr>\n<tr>\n<td>WDR<\/td>\n<td>120dB<\/td>\n<\/tr>\n<tr>\n<td>Day &amp; Night<\/td>\n<td>ICR Cut<\/td>\n<\/tr>\n<tr>\n<td>Kampo valdymas<\/td>\n<td>Pan: 0 to 360\u00b0, tilt: 0 to 90\u00b0, rotation: 0 to 360\u00b0<\/td>\n<\/tr>\n<tr>\n<td>I\u0161sijungimo atmintis<\/td>\n<td>Yes<\/td>\n<\/tr>\n<tr>\n<td>Objektyvas ir FOV<\/td>\n<td>2.8 mm, horizontal FOV: 102\u00b0, vertical FOV: 55\u00b0, diagonal FOV: 120\u00b0 4 mm, horizontal FOV: 78\u00b0, vertical FOV: 43\u00b0, diagonal FOV: 92\u00b0 6 mm, horizontal FOV: 50\u00b0, vertical FOV: 27\u00b0, diagonal FOV: 59\u00b0<\/td>\n<\/tr>\n<tr>\n<td>Diafragma<\/td>\n<td>F1.6<\/td>\n<\/tr>\n<tr>\n<td>Montavimas<\/td>\n<td>M16<\/td>\n<\/tr>\n<tr>\n<td>IR atstumas<\/td>\n<td>30 m<\/td>\n<\/tr>\n<tr>\n<td>Bangos ilgis<\/td>\n<td>850nm<\/td>\n<\/tr>\n<tr>\n<td>Papildomas i\u0161manus pa\u0161vietimas<\/td>\n<td>Yes<\/td>\n<\/tr>\n<tr>\n<td>Maks. rai\u0161ka<\/td>\n<td>3840 \u00d7 2160<\/td>\n<\/tr>\n<tr>\n<td>Pagrindinis srautas<\/td>\n<td>50Hz: 20fps (3840 \u00d7 2160, 3072 \u00d7 1728) 25fps (2688 \u00d7 1520, 1920 \u00d7 1080, 1280 \u00d7 720) 60Hz: 20fps (3840 \u00d7 2160, 3072 \u00d7 1728) 30fps (2688 \u00d7 1520, 1920 \u00d7 1080, 1280 \u00d7 720) * When the main stream resolution is 3840 \u00d7 2160, max frame rate is 20 fps for all streams.<\/td>\n<\/tr>\n<tr>\n<td>Antrinis srautas<\/td>\n<td>50Hz: 25fps (640 \u00d7 480, 640 \u00d7 360, 320 \u00d7 240) 60Hz: 30fps (640 \u00d7 480, 640 \u00d7 360, 320 \u00d7 240)<\/td>\n<\/tr>\n<tr>\n<td>Tretinis srautas<\/td>\n<td>50Hz: 25fps (1280 \u00d7 720, 640 \u00d7 480, 640 \u00d7 360, 320 \u00d7 240) 60Hz: 30fps (1280 \u00d7 720, 640 \u00d7 480, 640 \u00d7 360, 320 \u00d7 240)<\/td>\n<\/tr>\n<tr>\n<td>Vaizdo suspaudimas<\/td>\n<td>Main stream: H.265+\/H.265\/H.264+\/H.264 Sub-stream: H.265\/H.264\/MJPEG Third stream: H.265\/H.264<\/td>\n<\/tr>\n<tr>\n<td>Vaizdo bit\u0173 greitis<\/td>\n<td>32 Kbps to 16 Mbps<\/td>\n<\/tr>\n<tr>\n<td>H.264 tipas<\/td>\n<td>BaseLine Profile, Main Profile, High Profile<\/td>\n<\/tr>\n<tr>\n<td>H.265 tipas<\/td>\n<td>Main Profile<\/td>\n<\/tr>\n<tr>\n<td>Transliacijos tipas<\/td>\n<td>Main stream\/sub-stream\/third stream<\/td>\n<\/tr>\n<tr>\n<td>SVC<\/td>\n<td>Yes<\/td>\n<\/tr>\n<tr>\n<td>ROI<\/td>\n<td>1 fixed region for each stream<\/td>\n<\/tr>\n<tr>\n<td>Aplinkos triuk\u0161m\u0173 filtravimas<\/td>\n<td>-U: Yes<\/td>\n<\/tr>\n<tr>\n<td>Garso apdorojimo greitis<\/td>\n<td>-U: 8 kHz,16 kHz, 32 kHz, 44.1 kHz, 48 kHz<\/td>\n<\/tr>\n<tr>\n<td>Garso suspaudimas<\/td>\n<td>-U: G.711\/G.722.1\/G.726\/MP2L2\/PCM\/MP3<\/td>\n<\/tr>\n<tr>\n<td>Garso bit\u0173 greitis<\/td>\n<td>-U: 64Kbps(G.711)\/16Kbps(G.722.1)\/16Kbps(G.726)\/32-192Kbps(MP2L2)\/8Kbps-320Kbps(MP3)<\/td>\n<\/tr>\n<tr>\n<td>Garso tipas<\/td>\n<td>-U: Mono sound<\/td>\n<\/tr>\n<tr>\n<td>Transliavimas<\/td>\n<td>Up to 6 channels<\/td>\n<\/tr>\n<tr>\n<td>API<\/td>\n<td>ONVIF (PROFILE S, PROFILE G), ISAPI, SDK, Ehome<\/td>\n<\/tr>\n<tr>\n<td>Protocolai<\/td>\n<td>TCP\/IP, ICMP, HTTP, HTTPS, FTP, DHCP, DNS, DDNS, RTP, RTSP, PPPoE, NTP, UPnP, SMTP, SNMP, IGMP, 802.1X, QoS, IPv6, UDP, Bonjour, SSL\/TLS<\/td>\n<\/tr>\n<tr>\n<td>Sklandus transliavimas<\/td>\n<td>Yes<\/td>\n<\/tr>\n<tr>\n<td>User\/Host<\/td>\n<td>Up to 32 users. 3 user levels: administrator, operator and user<\/td>\n<\/tr>\n<tr>\n<td>Apsauga<\/td>\n<td>Password protection, complicated password, HTTPS encryption, 802.1X authentication (EAP-MD5), watermark, IP address filter, basic and digest authentication for HTTP\/HTTPS, WSSE and digest authentication for ONVIF, TLS 1.2<\/td>\n<\/tr>\n<tr>\n<td>Tinklo saugykla<\/td>\n<td>microSD\/SDHC\/SDXC card (256 GB) local storage, and NAS (NFS, SMB\/CIFS), auto network replenishment (ANR)<\/td>\n<\/tr>\n<tr>\n<td>Kliento progr. \u012franga<\/td>\n<td>iVMS-4200, Hik-Connect, Hik-Central<\/td>\n<\/tr>\n<tr>\n<td>Nar\u0161ykl\u0117<\/td>\n<td>Plug-in required live view: IE 8+,Chrome 41.0-44, Firefox 30.0-51, Safari 8.0-11 Plug-in free live view: Chrome 57.0+, Firefox 52.0+<\/td>\n<\/tr>\n<tr>\n<td>Day\/Night jungiklis<\/td>\n<td>Day\/Night\/Auto\/Schedule<\/td>\n<\/tr>\n<tr>\n<td>Vaizdo gerinimas<\/td>\n<td>BLC, HLC, 3D DNR<\/td>\n<\/tr>\n<tr>\n<td>Vaizdo nustatymai<\/td>\n<td>Saturation, brightness, contrast, sharpness, AGC, and white balance are adjustable by clcient software or web browser<\/td>\n<\/tr>\n<tr>\n<td>Garsas<\/td>\n<td>Built-in microphone<\/td>\n<\/tr>\n<tr>\n<td>Vidin\u0117 saugykla<\/td>\n<td>Built-in micro SD, up to 256 GB<\/td>\n<\/tr>\n<tr>\n<td>Perkrovimo mygtukas<\/td>\n<td>Yes<\/td>\n<\/tr>\n<tr>\n<td>Ry\u0161io s\u0105sajos<\/td>\n<td>1 RJ45 10M\/100M self-adaptive Ethernet port<\/td>\n<\/tr>\n<tr>\n<td>Pagrindiniai \u012fvykiai<\/td>\n<td>Motion detection, video tampering alarm, exception (network disconnected, IP address conflict, illegal login, HDD full, HDD error), scene change detection<\/td>\n<\/tr>\n<tr>\n<td>Papildoma apsauga<\/td>\n<td>Line crossing detection, intrusion detection, region entrance detection, region exiting detection (Human&amp;Vehicle classification)<\/td>\n<\/tr>\n<tr>\n<td>Kliento programin\u0117s \u012frangos kalba<\/td>\n<td>32 languages: English, Russian, Estonian, Bulgarian, Hungarian, Greek, German, Italian, Czech, Slovak, French, Polish, Dutch, Portuguese, Spanish, Romanian, Danish, Swedish, Norwegian, Finnish, Croatian, Slovenian, Serbian, Turkish, Korean, Traditional Chinese, Thai, Vietnamese, Japanese, Latvian, Lithuanian, Portuguese (Brazil)<\/td>\n<\/tr>\n<tr>\n<td>Pagridin\u0117s funkcijos<\/td>\n<td>Mirror, password protection, privacy mask, watermark, IP address filter, one-key reset, anti-flicker, three streams, heartbeat<\/td>\n<\/tr>\n<tr>\n<td>Programin\u0117s \u012frangos perkrovimas<\/td>\n<td>Yes<\/td>\n<\/tr>\n<tr>\n<td>Susiejimo metodas<\/td>\n<td>Upload to FTP\/NAS\/memory card, notify surveillance center, send email, trigger recording, trigger capture Trigger recording: memory card, network storage, pre-record and post-record Trigger captured pictures uploading: FTP, HTTP, NAS, Email Trigger notification: HTTP, ISAPI, alarm output, Email<\/td>\n<\/tr>\n<tr>\n<td>Saugyklos darbo s\u0105lygos<\/td>\n<td>-30 \u00b0C to 60 \u00b0C (-22 \u00b0F to 140 \u00b0F).Humidity 95% or less (non-condensing)<\/td>\n<\/tr>\n<tr>\n<td>Startas ir darbin\u0117s s\u0105lygos<\/td>\n<td>-30 \u00b0C to 60 \u00b0C (-22 \u00b0F to 140 \u00b0F).Humidity 95% or less (non-condensing)<\/td>\n<\/tr>\n<tr>\n<td>Maitinimas<\/td>\n<td>12 VDC \u00b1 25%; PoE: (802.3af, class 3)<\/td>\n<\/tr>\n<tr>\n<td>Suvartojimas ir srov\u0117<\/td>\n<td>12 VDC, 0.5 A, max. 6 W PoE: (802.3af, 36V to 57V), 0.2 A to 0.13 A, max. 7.2 W<\/td>\n<\/tr>\n<tr>\n<td>Galios s\u0105saja<\/td>\n<td>\u03a65.5 mm coaxial power plug<\/td>\n<\/tr>\n<tr>\n<td>Med\u017eiaga<\/td>\n<td>Metal<\/td>\n<\/tr>\n<tr>\n<td>Kameros matmenys<\/td>\n<td>\u03a670 \u00d7161.7 mm (\u03a62.76&#8243; \u00d7 6.37&#8243;)<\/td>\n<\/tr>\n<tr>\n<td>Pakuot\u0117s matmenys<\/td>\n<td>216 \u00d7 121 \u00d7 118 mm (8.5&#8243; \u00d7 4.8&#8243; \u00d74.6&#8243;)<\/td>\n<\/tr>\n<tr>\n<td>Kameros svoris<\/td>\n<td>500 g (1.1 lb.)<\/td>\n<\/tr>\n<tr>\n<td>Svoris su pakuote<\/td>\n<td>710 g (1.6 lb.)<\/td>\n<\/tr>\n<tr>\n<td>Apsauga<\/td>\n<td>-I model: Ingress protection: IP67 (IEC 60529-2013) -IU model: Ingress protection: IP66 (IEC 60529-2013)<\/td>\n<\/tr>\n<tr>\n<td>EMC<\/td>\n<td>CE-EMC (EN 55032: 2015, EN 61000-3-2: 2014, EN 61000-3-3: 2013, EN 50130-4: 2011 +A1: 2014); RCM (AS\/NZS CISPR 32: 2015); IC (ICES-003: Issue 6, 2016); KC (KN 32: 2015, KN 35: 2015)<\/td>\n<\/tr>\n<tr>\n<td>Saugumas<\/td>\n<td>UL (UL 60950-1); CB (IEC 60950-1:2005 + Am 1:2009 + Am 2:2013); CE-LVD (EN 60950-1:2005 + Am 1:2009 + Am 2:2013); BIS (IS 13252(Part 1):2010+A1:2013+A2:2015); LOA (IEC\/EN 60950-1)<\/td>\n<\/tr>\n<tr>\n<td>Aplinkosauga<\/td>\n<td>CE-RoHS (2011\/65\/EU); WEEE (2012\/19\/EU); Reach (Regulation (EC) No 1907\/2006)<\/td>\n<\/tr>\n<\/tbody>\n<\/table>\n","protected":false},"excerpt":{"rendered":"<ul>\n<li>8 MP IP kamera<\/li>\n<li>Powered-by-DarkFighter technologija<\/li>\n<li>H.265+<\/li>\n<li>120 dB WDR technologija<\/li>\n<li>Giliu mokymusi paremtas netikr\u0173 pavojaus signal\u0173 filtravimas<\/li>\n<li>IP66<\/li>\n<li>-U \u012fmontuotas mikrofonas<\/li>\n<li>Metalinis korpusas<\/li>\n<\/ul>\n","protected":false},"featured_media":27905,"comment_status":"closed","ping_status":"closed","template":"","meta":[],"product_brand":[],"product_cat":[426,534,533],"product_tag":[],"class_list":{"0":"post-18454","1":"product","2":"type-product","3":"status-publish","4":"has-post-thumbnail","6":"product_cat-ip-cilindrines-kameros","7":"product_cat-ip-kameros","8":"product_cat-ip-vaizdo-stebejimo-sistemos","10":"first","11":"instock","12":"taxable","13":"shipping-taxable","14":"purchasable","15":"product-type-simple"},"yoast_head":"<!-- This site is optimized with the Yoast SEO Premium plugin v21.5 (Yoast SEO v27.3) - https:\/\/yoast.com\/product\/yoast-seo-premium-wordpress\/ -->\n<title>Hikvision bullet DS-2CD2086G2-IU F4 (JUODA)<\/title>\n<meta name=\"description\" content=\"Hikvision bullet DS-2CD2086G2-IU F4 (JUODA) IP kamera ; Giliu mokymusi paremtas netikr\u0173 pavojaus signal\u0173 filtravimas ; Rai\u0161ka - 8MP\" \/>\n<meta name=\"robots\" content=\"index, follow, max-snippet:-1, max-image-preview:large, max-video-preview:-1\" \/>\n<link rel=\"canonical\" href=\"https:\/\/eheating.lt\/produktas\/hikvision-bullet-ds-2cd2086g2-iu-f4-juoda\/\" \/>\n<meta property=\"og:locale\" content=\"en_US\" \/>\n<meta property=\"og:type\" content=\"article\" \/>\n<meta property=\"og:title\" content=\"Hikvision bullet DS-2CD2086G2-IU F4 (JUODA)\" \/>\n<meta property=\"og:description\" content=\"Hikvision bullet DS-2CD2086G2-IU F4 (JUODA) IP kamera ; Giliu mokymusi paremtas netikr\u0173 pavojaus signal\u0173 filtravimas ; Rai\u0161ka - 8MP\" \/>\n<meta property=\"og:url\" content=\"https:\/\/eheating.lt\/produktas\/hikvision-bullet-ds-2cd2086g2-iu-f4-juoda\/\" \/>\n<meta property=\"og:site_name\" content=\"Elektronika Namams\" \/>\n<meta property=\"article:publisher\" content=\"https:\/\/www.facebook.com\/ElektronikaNamams\" \/>\n<meta property=\"article:modified_time\" content=\"2024-07-11T16:05:20+00:00\" \/>\n<meta property=\"og:image\" content=\"https:\/\/eheating.lt\/wp-content\/uploads\/2023\/10\/Hikvision-bullet-DS-2CD2086G2-IU-F4-JUODA.png\" \/>\n\t<meta property=\"og:image:width\" content=\"800\" \/>\n\t<meta property=\"og:image:height\" content=\"800\" \/>\n\t<meta property=\"og:image:type\" content=\"image\/png\" \/>\n<meta name=\"twitter:card\" content=\"summary_large_image\" \/>\n<meta name=\"twitter:label1\" content=\"Price\" \/>\n\t<meta name=\"twitter:data1\" content=\"344,23&nbsp;&euro;\" \/>\n\t<meta name=\"twitter:label2\" content=\"Availability\" \/>\n\t<meta name=\"twitter:data2\" content=\"In stock\" \/>\n<script type=\"application\/ld+json\" class=\"yoast-schema-graph\">{\"@context\":\"https:\\\/\\\/schema.org\",\"@graph\":[{\"@type\":\"WebPage\",\"@id\":\"https:\\\/\\\/eheating.lt\\\/produktas\\\/hikvision-bullet-ds-2cd2086g2-iu-f4-juoda\\\/\",\"url\":\"https:\\\/\\\/eheating.lt\\\/produktas\\\/hikvision-bullet-ds-2cd2086g2-iu-f4-juoda\\\/\",\"name\":\"Hikvision bullet DS-2CD2086G2-IU F4 (JUODA)\",\"isPartOf\":{\"@id\":\"https:\\\/\\\/eheating.lt\\\/#website\"},\"primaryImageOfPage\":{\"@id\":\"https:\\\/\\\/eheating.lt\\\/produktas\\\/hikvision-bullet-ds-2cd2086g2-iu-f4-juoda\\\/#primaryimage\"},\"image\":{\"@id\":\"https:\\\/\\\/eheating.lt\\\/produktas\\\/hikvision-bullet-ds-2cd2086g2-iu-f4-juoda\\\/#primaryimage\"},\"thumbnailUrl\":\"https:\\\/\\\/eheating.lt\\\/wp-content\\\/uploads\\\/2023\\\/10\\\/Hikvision-bullet-DS-2CD2086G2-IU-F4-JUODA.png\",\"datePublished\":\"2023-11-13T19:24:18+00:00\",\"dateModified\":\"2024-07-11T16:05:20+00:00\",\"description\":\"Hikvision bullet DS-2CD2086G2-IU F4 (JUODA) IP kamera ; Giliu mokymusi paremtas netikr\u0173 pavojaus signal\u0173 filtravimas ; Rai\u0161ka - 8MP\",\"breadcrumb\":{\"@id\":\"https:\\\/\\\/eheating.lt\\\/produktas\\\/hikvision-bullet-ds-2cd2086g2-iu-f4-juoda\\\/#breadcrumb\"},\"inLanguage\":\"en-US\",\"potentialAction\":[{\"@type\":\"ReadAction\",\"target\":[\"https:\\\/\\\/eheating.lt\\\/produktas\\\/hikvision-bullet-ds-2cd2086g2-iu-f4-juoda\\\/\"]}]},{\"@type\":\"ImageObject\",\"inLanguage\":\"en-US\",\"@id\":\"https:\\\/\\\/eheating.lt\\\/produktas\\\/hikvision-bullet-ds-2cd2086g2-iu-f4-juoda\\\/#primaryimage\",\"url\":\"https:\\\/\\\/eheating.lt\\\/wp-content\\\/uploads\\\/2023\\\/10\\\/Hikvision-bullet-DS-2CD2086G2-IU-F4-JUODA.png\",\"contentUrl\":\"https:\\\/\\\/eheating.lt\\\/wp-content\\\/uploads\\\/2023\\\/10\\\/Hikvision-bullet-DS-2CD2086G2-IU-F4-JUODA.png\",\"width\":800,\"height\":800,\"caption\":\"Hikvision bullet DS-2CD2086G2-IU F4 (JUODA)\"},{\"@type\":\"BreadcrumbList\",\"@id\":\"https:\\\/\\\/eheating.lt\\\/produktas\\\/hikvision-bullet-ds-2cd2086g2-iu-f4-juoda\\\/#breadcrumb\",\"itemListElement\":[{\"@type\":\"ListItem\",\"position\":1,\"name\":\"Prad\u017eia\",\"item\":\"https:\\\/\\\/eheating.lt\\\/en\\\/\"},{\"@type\":\"ListItem\",\"position\":2,\"name\":\"Shop\",\"item\":\"https:\\\/\\\/eheating.lt\\\/en\\\/?page_id=5734\"},{\"@type\":\"ListItem\",\"position\":3,\"name\":\"Hikvision bullet DS-2CD2086G2-IU F4 (JUODA)\"}]},{\"@type\":\"WebSite\",\"@id\":\"https:\\\/\\\/eheating.lt\\\/#website\",\"url\":\"https:\\\/\\\/eheating.lt\\\/\",\"name\":\"eHeating\",\"description\":\"Elektronika ir \u0161ildymas\",\"potentialAction\":[{\"@type\":\"SearchAction\",\"target\":{\"@type\":\"EntryPoint\",\"urlTemplate\":\"https:\\\/\\\/eheating.lt\\\/?s={search_term_string}\"},\"query-input\":{\"@type\":\"PropertyValueSpecification\",\"valueRequired\":true,\"valueName\":\"search_term_string\"}}],\"inLanguage\":\"en-US\"}]}<\/script>\n<meta property=\"product:price:amount\" content=\"344.23\" \/>\n<meta property=\"product:price:currency\" content=\"EUR\" \/>\n<meta property=\"og:availability\" content=\"instock\" \/>\n<meta property=\"product:availability\" content=\"instock\" \/>\n<meta property=\"product:retailer_item_id\" content=\"9423268f5aa8\" \/>\n<meta property=\"product:condition\" content=\"new\" \/>\n<!-- \/ Yoast SEO Premium plugin. -->","yoast_head_json":{"title":"Hikvision bullet DS-2CD2086G2-IU F4 (JUODA)","description":"Hikvision bullet DS-2CD2086G2-IU F4 (JUODA) IP kamera ; Giliu mokymusi paremtas netikr\u0173 pavojaus signal\u0173 filtravimas ; Rai\u0161ka - 8MP","robots":{"index":"index","follow":"follow","max-snippet":"max-snippet:-1","max-image-preview":"max-image-preview:large","max-video-preview":"max-video-preview:-1"},"canonical":"https:\/\/eheating.lt\/produktas\/hikvision-bullet-ds-2cd2086g2-iu-f4-juoda\/","og_locale":"en_US","og_type":"article","og_title":"Hikvision bullet DS-2CD2086G2-IU F4 (JUODA)","og_description":"Hikvision bullet DS-2CD2086G2-IU F4 (JUODA) IP kamera ; Giliu mokymusi paremtas netikr\u0173 pavojaus signal\u0173 filtravimas ; Rai\u0161ka - 8MP","og_url":"https:\/\/eheating.lt\/produktas\/hikvision-bullet-ds-2cd2086g2-iu-f4-juoda\/","og_site_name":"Elektronika Namams","article_publisher":"https:\/\/www.facebook.com\/ElektronikaNamams","article_modified_time":"2024-07-11T16:05:20+00:00","og_image":[{"width":800,"height":800,"url":"https:\/\/eheating.lt\/wp-content\/uploads\/2023\/10\/Hikvision-bullet-DS-2CD2086G2-IU-F4-JUODA.png","type":"image\/png"}],"twitter_card":"summary_large_image","twitter_misc":{"Price":"344,23&nbsp;&euro;","Availability":"In stock"},"schema":{"@context":"https:\/\/schema.org","@graph":[{"@type":"WebPage","@id":"https:\/\/eheating.lt\/produktas\/hikvision-bullet-ds-2cd2086g2-iu-f4-juoda\/","url":"https:\/\/eheating.lt\/produktas\/hikvision-bullet-ds-2cd2086g2-iu-f4-juoda\/","name":"Hikvision bullet DS-2CD2086G2-IU F4 (JUODA)","isPartOf":{"@id":"https:\/\/eheating.lt\/#website"},"primaryImageOfPage":{"@id":"https:\/\/eheating.lt\/produktas\/hikvision-bullet-ds-2cd2086g2-iu-f4-juoda\/#primaryimage"},"image":{"@id":"https:\/\/eheating.lt\/produktas\/hikvision-bullet-ds-2cd2086g2-iu-f4-juoda\/#primaryimage"},"thumbnailUrl":"https:\/\/eheating.lt\/wp-content\/uploads\/2023\/10\/Hikvision-bullet-DS-2CD2086G2-IU-F4-JUODA.png","datePublished":"2023-11-13T19:24:18+00:00","dateModified":"2024-07-11T16:05:20+00:00","description":"Hikvision bullet DS-2CD2086G2-IU F4 (JUODA) IP kamera ; Giliu mokymusi paremtas netikr\u0173 pavojaus signal\u0173 filtravimas ; Rai\u0161ka - 8MP","breadcrumb":{"@id":"https:\/\/eheating.lt\/produktas\/hikvision-bullet-ds-2cd2086g2-iu-f4-juoda\/#breadcrumb"},"inLanguage":"en-US","potentialAction":[{"@type":"ReadAction","target":["https:\/\/eheating.lt\/produktas\/hikvision-bullet-ds-2cd2086g2-iu-f4-juoda\/"]}]},{"@type":"ImageObject","inLanguage":"en-US","@id":"https:\/\/eheating.lt\/produktas\/hikvision-bullet-ds-2cd2086g2-iu-f4-juoda\/#primaryimage","url":"https:\/\/eheating.lt\/wp-content\/uploads\/2023\/10\/Hikvision-bullet-DS-2CD2086G2-IU-F4-JUODA.png","contentUrl":"https:\/\/eheating.lt\/wp-content\/uploads\/2023\/10\/Hikvision-bullet-DS-2CD2086G2-IU-F4-JUODA.png","width":800,"height":800,"caption":"Hikvision bullet DS-2CD2086G2-IU F4 (JUODA)"},{"@type":"BreadcrumbList","@id":"https:\/\/eheating.lt\/produktas\/hikvision-bullet-ds-2cd2086g2-iu-f4-juoda\/#breadcrumb","itemListElement":[{"@type":"ListItem","position":1,"name":"Prad\u017eia","item":"https:\/\/eheating.lt\/en\/"},{"@type":"ListItem","position":2,"name":"Shop","item":"https:\/\/eheating.lt\/en\/?page_id=5734"},{"@type":"ListItem","position":3,"name":"Hikvision bullet DS-2CD2086G2-IU F4 (JUODA)"}]},{"@type":"WebSite","@id":"https:\/\/eheating.lt\/#website","url":"https:\/\/eheating.lt\/","name":"eHeating","description":"Elektronika ir \u0161ildymas","potentialAction":[{"@type":"SearchAction","target":{"@type":"EntryPoint","urlTemplate":"https:\/\/eheating.lt\/?s={search_term_string}"},"query-input":{"@type":"PropertyValueSpecification","valueRequired":true,"valueName":"search_term_string"}}],"inLanguage":"en-US"}]},"product_price_amount":"344.23","product_price_currency":"EUR","og_availability":"instock","product_availability":"instock","product_retailer_item_id":"9423268f5aa8","product_condition":"new"},"_links":{"self":[{"href":"https:\/\/eheating.lt\/en\/wp-json\/wp\/v2\/product\/18454","targetHints":{"allow":["GET"]}}],"collection":[{"href":"https:\/\/eheating.lt\/en\/wp-json\/wp\/v2\/product"}],"about":[{"href":"https:\/\/eheating.lt\/en\/wp-json\/wp\/v2\/types\/product"}],"replies":[{"embeddable":true,"href":"https:\/\/eheating.lt\/en\/wp-json\/wp\/v2\/comments?post=18454"}],"version-history":[{"count":0,"href":"https:\/\/eheating.lt\/en\/wp-json\/wp\/v2\/product\/18454\/revisions"}],"wp:featuredmedia":[{"embeddable":true,"href":"https:\/\/eheating.lt\/en\/wp-json\/wp\/v2\/media\/27905"}],"wp:attachment":[{"href":"https:\/\/eheating.lt\/en\/wp-json\/wp\/v2\/media?parent=18454"}],"wp:term":[{"taxonomy":"product_brand","embeddable":true,"href":"https:\/\/eheating.lt\/en\/wp-json\/wp\/v2\/product_brand?post=18454"},{"taxonomy":"product_cat","embeddable":true,"href":"https:\/\/eheating.lt\/en\/wp-json\/wp\/v2\/product_cat?post=18454"},{"taxonomy":"product_tag","embeddable":true,"href":"https:\/\/eheating.lt\/en\/wp-json\/wp\/v2\/product_tag?post=18454"}],"curies":[{"name":"wp","href":"https:\/\/api.w.org\/{rel}","templated":true}]}}