{"id":18436,"date":"2023-11-13T21:33:49","date_gmt":"2023-11-13T19:33:49","guid":{"rendered":"https:\/\/eheating.lt\/?post_type=product&#038;p=18436"},"modified":"2024-07-11T19:05:44","modified_gmt":"2024-07-11T16:05:44","slug":"hilook-ptz-n4215i-de","status":"publish","type":"product","link":"https:\/\/eheating.lt\/en\/produktas\/hilook-ptz-n4215i-de\/","title":{"rendered":"HiLook PTZ-N4215I-DE"},"content":{"rendered":"<table style=\"width: 850px;\" border=\"0\">\n<colgroup>\n<col \/>\n<col \/> <\/colgroup>\n<tbody>\n<tr>\n<td class=\"xl65\">Vaizdo jutiklis<\/td>\n<td class=\"xl65\">1\/2,8 &#8220;progresyvaus nuskaitymo CMOS<\/td>\n<\/tr>\n<tr>\n<td class=\"xl65\">Min. ap\u0161vietimas<\/td>\n<td class=\"xl65\">Spalvotai: 0,005 lux @ (F1.6, AGC \u012fjungtas); juoda\/balta: 0.001 lux ((F1.6, AGC \u012fjungta))<br \/>\n0 Lux su IR<\/td>\n<\/tr>\n<tr>\n<td class=\"xl65\">Baltos spalvos balansas<\/td>\n<td class=\"xl65\">Automatinis \/ rankinis \/ ATW (automatinis baltos spalvos balansas) \/ vidaus \/ lauko \/ fluorescencin\u0117 lempa \/ natrio lempa<\/td>\n<\/tr>\n<tr>\n<td class=\"xl65\">AGC<\/td>\n<td class=\"xl65\">Automatinis \/ rankinis<\/td>\n<\/tr>\n<tr>\n<td class=\"xl65\">U\u017erakto laikas<\/td>\n<td class=\"xl65\">1\/1 s iki 1\/30 000 s<\/td>\n<\/tr>\n<tr>\n<td class=\"xl65\">Diena naktis<\/td>\n<td class=\"xl65\">IR filtras<\/td>\n<\/tr>\n<tr>\n<td class=\"xl65\">Skaitmeninis artinimas<\/td>\n<td class=\"xl65\">16 \u00d7<\/td>\n<\/tr>\n<tr>\n<td class=\"xl65\">Privatumo kauk\u0117<\/td>\n<td class=\"xl65\">24 programuojamos privatumo kauk\u0117s<\/td>\n<\/tr>\n<tr>\n<td class=\"xl65\">Fokusavimo re\u017eimas<\/td>\n<td class=\"xl65\">Automatinis \/ pusiau automatinis \/ rankinis<\/td>\n<\/tr>\n<tr>\n<td class=\"xl65\">WDR<\/td>\n<td class=\"xl65\">120 dB WDR<\/td>\n<\/tr>\n<tr>\n<td class=\"xl65\">\u017didinio nuotolis<\/td>\n<td class=\"xl65\">Nuo 5 mm iki 75 mm, 15 \u00d7 optinis<\/td>\n<\/tr>\n<tr>\n<td class=\"xl65\">Mastelio greitis<\/td>\n<td class=\"xl65\">Apytiksliai 2,4 s (optinis objektyvas, pla\u010diajuostis)<\/td>\n<\/tr>\n<tr>\n<td class=\"xl65\">Matymo kampas<\/td>\n<td class=\"xl65\">Horizontalus: nuo 53,8\u00b0 iki 4,0\u00b0, vertikalus: nuo 31,9\u00b0 iki 2,3\u00b0, \u012fstri\u017easis: 60,4\u20134,6\u00b0<\/td>\n<\/tr>\n<tr>\n<td class=\"xl65\">\n<div>Darbinis atstumas<\/div>\n<\/td>\n<td>Nuo 10 iki 1500 mm<\/td>\n<\/tr>\n<tr>\n<td class=\"xl65\">Diafragmos diapazonas<\/td>\n<td>Nuo F1,6 iki F3,0<\/td>\n<\/tr>\n<tr>\n<td class=\"xl65\">IR atstumas<\/td>\n<td>Iki 100 m<\/td>\n<\/tr>\n<tr>\n<td class=\"xl65\">I\u0161manusis IR<\/td>\n<td>Taip<\/td>\n<\/tr>\n<tr>\n<td class=\"xl65\">Jud\u0117jimo diapazonas (\u201ePan\u201c)<\/td>\n<td>360\u00b0 be galo<\/td>\n<\/tr>\n<tr>\n<td class=\"xl65\">\u201ePan Speed\u201c<\/td>\n<td>Konfig\u016bruojamas nuo 0,1\u00b0\/s iki 80\u00b0\/s I\u0161 anksto nustatytas greitis: 80\u00b0\/s<\/td>\n<\/tr>\n<tr>\n<td class=\"xl65\">Jud\u0117jimo diapazonas (pakreipimas)<\/td>\n<td>Nuo -15\u00b0 iki 90\u00b0 (automatinis vartymas)<\/td>\n<\/tr>\n<tr>\n<td class=\"xl65\">Pakreipimo greitis<\/td>\n<td>Konfig\u016bruojamas, nuo 0,1\u00b0\/s iki 80\u00b0\/s I\u0161 anksto nustatytas greitis: 80\u00b0\/s<\/td>\n<\/tr>\n<tr>\n<td class=\"xl65\">Proporcingas mastelis<\/td>\n<td>Taip<\/td>\n<\/tr>\n<tr>\n<td class=\"xl65\">I\u0161ankstiniai nustatymai<\/td>\n<td>300<\/td>\n<\/tr>\n<tr>\n<td class=\"xl65\">Patruli\u0173 nuskaitymas<\/td>\n<td>8 patruliai, iki 32 i\u0161ankstini\u0173 nustatym\u0173 kiekvienam patruliui<\/td>\n<\/tr>\n<tr>\n<td class=\"xl65\">\u0160ablono nuskaitymas<\/td>\n<td>4 modeli\u0173 nuskaitymai, kiekvieno nuskaitymo \u012fra\u0161ymo laikas daugiau kaip 10 minu\u010di\u0173<\/td>\n<\/tr>\n<tr>\n<td class=\"xl65\">I\u0161jungimo atmintis<\/td>\n<td>Taip<\/td>\n<\/tr>\n<tr>\n<td class=\"xl65\">Sustojimo veiksmas<\/td>\n<td class=\"xl65\">I\u0161 anksto nustatytas \/ modelio nuskaitymas \/ patruli\u0173 nuskaitymas \/ automatinis nuskaitymas \/ pakreipiamas nuskaitymas \/ atsitiktinis nuskaitymas \/ kadr\u0173 nuskaitymas \/ panoramos nuskaitymas<\/td>\n<\/tr>\n<tr>\n<td class=\"xl65\">PTZ pad\u0117ties rodymas<\/td>\n<td>Taip<\/td>\n<\/tr>\n<tr>\n<td class=\"xl65\">I\u0161 ankstini\u0173 ta\u0161k\u0173 u\u017e\u0161aldymas<\/td>\n<td>Taip<\/td>\n<\/tr>\n<tr>\n<td class=\"xl65\">Suplanuota u\u017eduotis<\/td>\n<td class=\"xl65\">I\u0161 anksto nustatytas \/ modelio nuskaitymas \/ patruli\u0173 nuskaitymas \/ automatinis nuskaitymas \/ pakreipiamas nuskaitymas \/ atsitiktinis nuskaitymas \/ kadr\u0173 nuskaitymas \/ panoraminis nuskaitymas \/ kupolo perkrovimas \/ kupolo reguliavimas<\/td>\n<\/tr>\n<tr>\n<td class=\"xl65\">Vaizdo glaudinimas<\/td>\n<td class=\"xl65\">Pagrindinis srautas: H.265 + \/ H.265 \/ H.264 + \/ H.264<br \/>\nAntrinis srautas: H.265 \/ H.264 \/ MJPEG<br \/>\nTre\u010dias srautas: H.265 \/ H.264 \/ MJPEG<\/td>\n<\/tr>\n<tr>\n<td class=\"xl65\">H.264 tipas<\/td>\n<td>Pradinis profilis \/ pagrindinis profilis \/ auk\u0161tas profilis<\/td>\n<\/tr>\n<tr>\n<td class=\"xl65\">H.264 +<\/td>\n<td>Taip<\/td>\n<\/tr>\n<tr>\n<td class=\"xl65\">H.265 tipas<\/td>\n<td>Pagrindinis profilis<\/td>\n<\/tr>\n<tr>\n<td class=\"xl65\">H.265 +<\/td>\n<td>Taip<\/td>\n<\/tr>\n<tr>\n<td class=\"xl65\">\n<div>Vaizdo \u012fra\u0161\u0173 sparta<\/div>\n<\/td>\n<td>Nuo 32 Kbps iki 16384 Kbps<\/td>\n<\/tr>\n<tr>\n<td class=\"xl65\">SVC<\/td>\n<td>Taip<\/td>\n<\/tr>\n<tr>\n<td class=\"xl65\">Pagrindinis \u012fvyki\u0173 aptikimas<\/td>\n<td>Judesio aptikimas, vaizdo klastojimo nustatymas, i\u0161imties aptikimas<\/td>\n<\/tr>\n<tr>\n<td class=\"xl65\">I\u0161manusis \u012fvyki\u0173 aptikimas<\/td>\n<td class=\"xl65\">\u012esibrovimo aptikimas, linijos kirtimo aptikimas, \u012fva\u017eiavimo \u012f region\u0105 aptikimas, i\u0161\u0117jimo i\u0161 regiono aptikimas, be prie\u017ei\u016bros baga\u017eo aptikimas, objekto pa\u0161alinimo aptikimas<\/td>\n<\/tr>\n<tr>\n<td class=\"xl65\">IG kodavimas<\/td>\n<td>Pagrindinis, antrinis ir tre\u010diasis srautai atitinkamai palaiko keturias fiksuotas sritis.<\/td>\n<\/tr>\n<tr>\n<td class=\"xl65\">I\u0161manusis \u012fra\u0161as<\/td>\n<td>ANR (automatinis tinklo papildymas), \u201eDual-VCA\u201c<\/td>\n<\/tr>\n<tr>\n<td class=\"xl65\">Maks. rezoliucija<\/td>\n<td>1920 \u00d7 1080<\/td>\n<\/tr>\n<tr>\n<td class=\"xl65\">Pagrindinis srautas<\/td>\n<td class=\"xl65\">50Hz: 25kps (1920 \u00d7 1080, 1280 \u00d7 960, 1280 \u00d7 720)<br \/>\n60Hz: 30 kps (1920 \u00d7 1080, 1280 \u00d7 960, 1280 \u00d7 720)<\/td>\n<\/tr>\n<tr>\n<td class=\"xl65\">Antrinis srautas<\/td>\n<td class=\"xl67\">50Hz: 25kps (704 \u00d7 576, 640 \u00d7 480, 352 \u00d7 288)<br \/>\n60Hz: 30kps (704 \u00d7 480, 640 \u00d7 480, 352 \u00d7 240)<\/td>\n<\/tr>\n<tr>\n<td class=\"xl65\">Tre\u010dias srautas<\/td>\n<td class=\"xl67\">50Hz: 25kps (1920 \u00d7 1080, 1280 \u00d7 960, 1280 \u00d7 720, 704 \u00d7 576, 640 \u00d7 480, 352 \u00d7 288)<br \/>\n60Hz: 30kps (1920 \u00d7 1080, 1280 \u00d7 960, 1280 \u00d7 720, 704 \u00d7 480, 640 \u00d7 480, 352 \u00d7 240)<\/td>\n<\/tr>\n<tr>\n<td class=\"xl65\">Vaizdo gerinimas<\/td>\n<td class=\"xl65\">HLC \/ BLC \/ 3D DNR \/ Defog \/ EIS \/ Regionin\u0117 ekspozicija \/ Regioninis d\u0117mesys<\/td>\n<\/tr>\n<tr>\n<td class=\"xl65\">Tinklo saugykla<\/td>\n<td class=\"xl65\">Integruotas atminties kortel\u0117s lizdas, palaiko \u201eMicro SD \/ SDHC \/ SDXC\u201c, iki 256 GB; NAS (NPS, SMB \/ CIPS), ANR<\/td>\n<\/tr>\n<tr>\n<td class=\"xl65\">Protokolai<\/td>\n<td class=\"xl65\">IPv4 \/ IPv6, HTTP, HTTPS, 802.1x, Qos, FTP, SMTP, UPnP, SNMP, DNS, DDNS, NTP, RTSP, RTCP, RTP, TCP \/ IP, UDP, IGMP, ICMP, DHCP, PPPoE, Bonjour<\/td>\n<\/tr>\n<tr>\n<td class=\"xl65\">API<\/td>\n<td class=\"xl65\">Atvirasis, palaiko ONVIF, ISAPI ir CGI, palaiko HIKVISION SDK ir tre\u010di\u0173j\u0173 \u0161ali\u0173 valdymo platform\u0105<\/td>\n<\/tr>\n<tr>\n<td class=\"xl65\">Vienalaikis tiesioginis vaizdas<\/td>\n<td class=\"xl65\">Iki 20 kanal\u0173<\/td>\n<\/tr>\n<tr>\n<td class=\"xl65\">Vartotojai<\/td>\n<td class=\"xl65\">Iki 32 vartotoj\u0173.<br \/>\n3 lygiai: administratorius, operatorius ir vartotojas<\/td>\n<\/tr>\n<tr>\n<td class=\"xl65\">Apsaugos priemon\u0117s<\/td>\n<td class=\"xl65\">Vartotojo autentifikavimas (ID ir PW), pagrindinio kompiuterio autentifikavimas (MAC adresas); HTTPS \u0161ifravimas; IEEE 802.1x uosto pagrindu veikian\u010dio tinklo prieigos valdymas; IP adres\u0173 filtravimas<\/td>\n<\/tr>\n<tr>\n<td class=\"xl65\">Klientas<\/td>\n<td class=\"xl65\">\u201eiVMS-4200\u201c, \u201eiVMS-4500\u201c, \u201eiVMS-5200\u201c, \u201eHik-Connect\u201c<\/td>\n<\/tr>\n<tr>\n<td class=\"xl65\">Interneto nar\u0161ykl\u0117<\/td>\n<td>IE 8\u201311, \u201eChrome\u201c nuo 31.0 iki 44, \u201eFirefox\u201c nuo 30.0 iki 51<\/td>\n<\/tr>\n<tr>\n<td class=\"xl65\">Tinklo s\u0105saja<\/td>\n<td>1 RJ45 10 M \/ 100 M Ethernet s\u0105saja; \u201ePoE\u201c (802.3at, 4 klas\u0117)<\/td>\n<\/tr>\n<tr>\n<td class=\"xl65\">Maitinimas<\/td>\n<td class=\"xl65\">12 VDC, 2,0 A ir PoE (802,3at), 42,5-57 VDC, 0,6 A, 4 klas\u0117<br \/>\nMaks .: 18 W (IR \u0161viesa, maks. 6 W)<\/td>\n<\/tr>\n<tr>\n<td class=\"xl65\">Darbin\u0117 temperat\u016bra<\/td>\n<td>Nuo -30\u00b0C iki 65\u00b0C<\/td>\n<\/tr>\n<tr>\n<td class=\"xl65\">Darbin\u0117 dr\u0117gm\u0117<\/td>\n<td>\u2264 90%<\/td>\n<\/tr>\n<tr>\n<td class=\"xl65\">Apsaugos lygis<\/td>\n<td>IP66 standartas; TVS 4000V apsauga nuo \u017eaibo, apsauga nuo vir\u0161\u012ftampi\u0173 ir apsauga nuo \u012ftampos<\/td>\n<\/tr>\n<tr>\n<td class=\"xl65\">Korpuso med\u017eiaga<\/td>\n<td>ADC 12, PC + 10% GF<\/td>\n<\/tr>\n<tr>\n<td class=\"xl65\">Matmenys<\/td>\n<td>\u03a6 165,9 mm \u00d7 290 mm<\/td>\n<\/tr>\n<tr>\n<td class=\"xl65\">Svoris<\/td>\n<td>Apytiksliai 2,5 kg<\/td>\n<\/tr>\n<\/tbody>\n<\/table>\n","protected":false},"excerpt":{"rendered":"<ul>\n<li>2MP IP valdoma kamera<\/li>\n<li>15 \u00d7 optinis priartinimas, 16 \u00d7 skaitmeninis priartinimas<\/li>\n<li>Vaizdo glaudinimas H.265 + \/ H.265 \/ H.264 + \/ H.264 \/ MJPEG<\/li>\n<li>Vaizdo jutiklis 1 \/ 2,8 &#8220;\u201e Progressive Scan CMOS \u201c<\/li>\n<li>Min. ap\u0161vietimas 0,005 Lux @ (F1.6, AGC ON)<\/li>\n<li>IR diapazonas iki 100 m<\/li>\n<li>Veikimo s\u0105lygos nuo -30 \u00b0 C iki 65 \u00b0 C<\/li>\n<li>8 patruliai, iki 32 i\u0161 anksto nustatyti kiekvienam patruliui<\/li>\n<li>IP66<\/li>\n<\/ul>\n","protected":false},"featured_media":28028,"comment_status":"closed","ping_status":"closed","template":"","meta":[],"product_brand":[],"product_cat":[534,533,476],"product_tag":[],"class_list":{"0":"post-18436","1":"product","2":"type-product","3":"status-publish","4":"has-post-thumbnail","6":"product_cat-ip-kameros","7":"product_cat-ip-vaizdo-stebejimo-sistemos","8":"product_cat-ip-ptz-kameros","10":"first","11":"outofstock","12":"purchasable","13":"product-type-simple"},"yoast_head":"<!-- This site is optimized with the Yoast SEO Premium plugin v21.5 (Yoast SEO v27.6) - https:\/\/yoast.com\/product\/yoast-seo-premium-wordpress\/ -->\n<title>HiLook PTZ-N4215I-DE<\/title>\n<meta name=\"description\" content=\"HiLook PTZ-N4215I-DE IP kamera ; 15 \u00d7 optinis priartinimas, 16 \u00d7 skaitmeninis priartinimas ; Rai\u0161ka - 2MP ; IR diapazonas iki 100 m\" \/>\n<meta name=\"robots\" content=\"index, follow, max-snippet:-1, max-image-preview:large, max-video-preview:-1\" \/>\n<link rel=\"canonical\" href=\"https:\/\/eheating.lt\/produktas\/hilook-ptz-n4215i-de\/\" \/>\n<meta property=\"og:locale\" content=\"en_US\" \/>\n<meta property=\"og:type\" content=\"article\" \/>\n<meta property=\"og:title\" content=\"HiLook PTZ-N4215I-DE\" \/>\n<meta property=\"og:description\" content=\"HiLook PTZ-N4215I-DE IP kamera ; 15 \u00d7 optinis priartinimas, 16 \u00d7 skaitmeninis priartinimas ; Rai\u0161ka - 2MP ; IR diapazonas iki 100 m\" \/>\n<meta property=\"og:url\" content=\"https:\/\/eheating.lt\/produktas\/hilook-ptz-n4215i-de\/\" \/>\n<meta property=\"og:site_name\" content=\"Elektronika Namams\" \/>\n<meta property=\"article:publisher\" content=\"https:\/\/www.facebook.com\/ElektronikaNamams\" \/>\n<meta property=\"article:modified_time\" content=\"2024-07-11T16:05:44+00:00\" \/>\n<meta property=\"og:image\" content=\"https:\/\/eheating.lt\/wp-content\/uploads\/2023\/10\/HiLook-PTZ-N4215I-DE.png\" \/>\n\t<meta property=\"og:image:width\" content=\"800\" \/>\n\t<meta property=\"og:image:height\" content=\"800\" \/>\n\t<meta property=\"og:image:type\" content=\"image\/png\" \/>\n<meta name=\"twitter:card\" content=\"summary_large_image\" \/>\n<meta name=\"twitter:label1\" content=\"Price\" \/>\n\t<meta name=\"twitter:data1\" content=\"359,73&nbsp;&euro;\" \/>\n\t<meta name=\"twitter:label2\" content=\"Availability\" \/>\n\t<meta name=\"twitter:data2\" content=\"Out of stock\" \/>\n<script type=\"application\/ld+json\" class=\"yoast-schema-graph\">{\"@context\":\"https:\\\/\\\/schema.org\",\"@graph\":[{\"@type\":\"WebPage\",\"@id\":\"https:\\\/\\\/eheating.lt\\\/produktas\\\/hilook-ptz-n4215i-de\\\/\",\"url\":\"https:\\\/\\\/eheating.lt\\\/produktas\\\/hilook-ptz-n4215i-de\\\/\",\"name\":\"HiLook PTZ-N4215I-DE\",\"isPartOf\":{\"@id\":\"https:\\\/\\\/eheating.lt\\\/#website\"},\"primaryImageOfPage\":{\"@id\":\"https:\\\/\\\/eheating.lt\\\/produktas\\\/hilook-ptz-n4215i-de\\\/#primaryimage\"},\"image\":{\"@id\":\"https:\\\/\\\/eheating.lt\\\/produktas\\\/hilook-ptz-n4215i-de\\\/#primaryimage\"},\"thumbnailUrl\":\"https:\\\/\\\/eheating.lt\\\/wp-content\\\/uploads\\\/2023\\\/10\\\/HiLook-PTZ-N4215I-DE.png\",\"datePublished\":\"2023-11-13T19:33:49+00:00\",\"dateModified\":\"2024-07-11T16:05:44+00:00\",\"description\":\"HiLook PTZ-N4215I-DE IP kamera ; 15 \u00d7 optinis priartinimas, 16 \u00d7 skaitmeninis priartinimas ; Rai\u0161ka - 2MP ; IR diapazonas iki 100 m\",\"breadcrumb\":{\"@id\":\"https:\\\/\\\/eheating.lt\\\/produktas\\\/hilook-ptz-n4215i-de\\\/#breadcrumb\"},\"inLanguage\":\"en-US\",\"potentialAction\":[{\"@type\":\"ReadAction\",\"target\":[\"https:\\\/\\\/eheating.lt\\\/produktas\\\/hilook-ptz-n4215i-de\\\/\"]}]},{\"@type\":\"ImageObject\",\"inLanguage\":\"en-US\",\"@id\":\"https:\\\/\\\/eheating.lt\\\/produktas\\\/hilook-ptz-n4215i-de\\\/#primaryimage\",\"url\":\"https:\\\/\\\/eheating.lt\\\/wp-content\\\/uploads\\\/2023\\\/10\\\/HiLook-PTZ-N4215I-DE.png\",\"contentUrl\":\"https:\\\/\\\/eheating.lt\\\/wp-content\\\/uploads\\\/2023\\\/10\\\/HiLook-PTZ-N4215I-DE.png\",\"width\":800,\"height\":800,\"caption\":\"HiLook PTZ-N4215I-DE\"},{\"@type\":\"BreadcrumbList\",\"@id\":\"https:\\\/\\\/eheating.lt\\\/produktas\\\/hilook-ptz-n4215i-de\\\/#breadcrumb\",\"itemListElement\":[{\"@type\":\"ListItem\",\"position\":1,\"name\":\"Prad\u017eia\",\"item\":\"https:\\\/\\\/eheating.lt\\\/en\\\/\"},{\"@type\":\"ListItem\",\"position\":2,\"name\":\"Shop\",\"item\":\"https:\\\/\\\/eheating.lt\\\/en\\\/?page_id=5734\"},{\"@type\":\"ListItem\",\"position\":3,\"name\":\"HiLook PTZ-N4215I-DE\"}]},{\"@type\":\"WebSite\",\"@id\":\"https:\\\/\\\/eheating.lt\\\/#website\",\"url\":\"https:\\\/\\\/eheating.lt\\\/\",\"name\":\"eHeating\",\"description\":\"Elektronika ir \u0161ildymas\",\"potentialAction\":[{\"@type\":\"SearchAction\",\"target\":{\"@type\":\"EntryPoint\",\"urlTemplate\":\"https:\\\/\\\/eheating.lt\\\/?s={search_term_string}\"},\"query-input\":{\"@type\":\"PropertyValueSpecification\",\"valueRequired\":true,\"valueName\":\"search_term_string\"}}],\"inLanguage\":\"en-US\"}]}<\/script>\n<meta property=\"product:price:amount\" content=\"359.73\" \/>\n<meta property=\"product:price:currency\" content=\"EUR\" \/>\n<meta property=\"og:availability\" content=\"out of stock\" \/>\n<meta property=\"product:availability\" content=\"out of stock\" \/>\n<meta property=\"product:retailer_item_id\" content=\"1dcf55a3d584\" \/>\n<meta property=\"product:condition\" content=\"new\" \/>\n<!-- \/ Yoast SEO Premium plugin. -->","yoast_head_json":{"title":"HiLook PTZ-N4215I-DE","description":"HiLook PTZ-N4215I-DE IP kamera ; 15 \u00d7 optinis priartinimas, 16 \u00d7 skaitmeninis priartinimas ; Rai\u0161ka - 2MP ; IR diapazonas iki 100 m","robots":{"index":"index","follow":"follow","max-snippet":"max-snippet:-1","max-image-preview":"max-image-preview:large","max-video-preview":"max-video-preview:-1"},"canonical":"https:\/\/eheating.lt\/produktas\/hilook-ptz-n4215i-de\/","og_locale":"en_US","og_type":"article","og_title":"HiLook PTZ-N4215I-DE","og_description":"HiLook PTZ-N4215I-DE IP kamera ; 15 \u00d7 optinis priartinimas, 16 \u00d7 skaitmeninis priartinimas ; Rai\u0161ka - 2MP ; IR diapazonas iki 100 m","og_url":"https:\/\/eheating.lt\/produktas\/hilook-ptz-n4215i-de\/","og_site_name":"Elektronika Namams","article_publisher":"https:\/\/www.facebook.com\/ElektronikaNamams","article_modified_time":"2024-07-11T16:05:44+00:00","og_image":[{"width":800,"height":800,"url":"https:\/\/eheating.lt\/wp-content\/uploads\/2023\/10\/HiLook-PTZ-N4215I-DE.png","type":"image\/png"}],"twitter_card":"summary_large_image","twitter_misc":{"Price":"359,73&nbsp;&euro;","Availability":"Out of stock"},"schema":{"@context":"https:\/\/schema.org","@graph":[{"@type":"WebPage","@id":"https:\/\/eheating.lt\/produktas\/hilook-ptz-n4215i-de\/","url":"https:\/\/eheating.lt\/produktas\/hilook-ptz-n4215i-de\/","name":"HiLook PTZ-N4215I-DE","isPartOf":{"@id":"https:\/\/eheating.lt\/#website"},"primaryImageOfPage":{"@id":"https:\/\/eheating.lt\/produktas\/hilook-ptz-n4215i-de\/#primaryimage"},"image":{"@id":"https:\/\/eheating.lt\/produktas\/hilook-ptz-n4215i-de\/#primaryimage"},"thumbnailUrl":"https:\/\/eheating.lt\/wp-content\/uploads\/2023\/10\/HiLook-PTZ-N4215I-DE.png","datePublished":"2023-11-13T19:33:49+00:00","dateModified":"2024-07-11T16:05:44+00:00","description":"HiLook PTZ-N4215I-DE IP kamera ; 15 \u00d7 optinis priartinimas, 16 \u00d7 skaitmeninis priartinimas ; Rai\u0161ka - 2MP ; IR diapazonas iki 100 m","breadcrumb":{"@id":"https:\/\/eheating.lt\/produktas\/hilook-ptz-n4215i-de\/#breadcrumb"},"inLanguage":"en-US","potentialAction":[{"@type":"ReadAction","target":["https:\/\/eheating.lt\/produktas\/hilook-ptz-n4215i-de\/"]}]},{"@type":"ImageObject","inLanguage":"en-US","@id":"https:\/\/eheating.lt\/produktas\/hilook-ptz-n4215i-de\/#primaryimage","url":"https:\/\/eheating.lt\/wp-content\/uploads\/2023\/10\/HiLook-PTZ-N4215I-DE.png","contentUrl":"https:\/\/eheating.lt\/wp-content\/uploads\/2023\/10\/HiLook-PTZ-N4215I-DE.png","width":800,"height":800,"caption":"HiLook PTZ-N4215I-DE"},{"@type":"BreadcrumbList","@id":"https:\/\/eheating.lt\/produktas\/hilook-ptz-n4215i-de\/#breadcrumb","itemListElement":[{"@type":"ListItem","position":1,"name":"Prad\u017eia","item":"https:\/\/eheating.lt\/en\/"},{"@type":"ListItem","position":2,"name":"Shop","item":"https:\/\/eheating.lt\/en\/?page_id=5734"},{"@type":"ListItem","position":3,"name":"HiLook PTZ-N4215I-DE"}]},{"@type":"WebSite","@id":"https:\/\/eheating.lt\/#website","url":"https:\/\/eheating.lt\/","name":"eHeating","description":"Elektronika ir \u0161ildymas","potentialAction":[{"@type":"SearchAction","target":{"@type":"EntryPoint","urlTemplate":"https:\/\/eheating.lt\/?s={search_term_string}"},"query-input":{"@type":"PropertyValueSpecification","valueRequired":true,"valueName":"search_term_string"}}],"inLanguage":"en-US"}]},"product_price_amount":"359.73","product_price_currency":"EUR","og_availability":"out of stock","product_availability":"out of stock","product_retailer_item_id":"1dcf55a3d584","product_condition":"new"},"_links":{"self":[{"href":"https:\/\/eheating.lt\/en\/wp-json\/wp\/v2\/product\/18436","targetHints":{"allow":["GET"]}}],"collection":[{"href":"https:\/\/eheating.lt\/en\/wp-json\/wp\/v2\/product"}],"about":[{"href":"https:\/\/eheating.lt\/en\/wp-json\/wp\/v2\/types\/product"}],"replies":[{"embeddable":true,"href":"https:\/\/eheating.lt\/en\/wp-json\/wp\/v2\/comments?post=18436"}],"version-history":[{"count":0,"href":"https:\/\/eheating.lt\/en\/wp-json\/wp\/v2\/product\/18436\/revisions"}],"wp:featuredmedia":[{"embeddable":true,"href":"https:\/\/eheating.lt\/en\/wp-json\/wp\/v2\/media\/28028"}],"wp:attachment":[{"href":"https:\/\/eheating.lt\/en\/wp-json\/wp\/v2\/media?parent=18436"}],"wp:term":[{"taxonomy":"product_brand","embeddable":true,"href":"https:\/\/eheating.lt\/en\/wp-json\/wp\/v2\/product_brand?post=18436"},{"taxonomy":"product_cat","embeddable":true,"href":"https:\/\/eheating.lt\/en\/wp-json\/wp\/v2\/product_cat?post=18436"},{"taxonomy":"product_tag","embeddable":true,"href":"https:\/\/eheating.lt\/en\/wp-json\/wp\/v2\/product_tag?post=18436"}],"curies":[{"name":"wp","href":"https:\/\/api.w.org\/{rel}","templated":true}]}}