{"id":18430,"date":"2023-11-13T21:13:43","date_gmt":"2023-11-13T19:13:43","guid":{"rendered":"https:\/\/eheating.lt\/?post_type=product&#038;p=18430"},"modified":"2024-07-11T19:06:02","modified_gmt":"2024-07-11T16:06:02","slug":"ip-kamera-kupoline-hilook-ipc-d150h-f2-8","status":"publish","type":"product","link":"https:\/\/eheating.lt\/en\/produktas\/ip-kamera-kupoline-hilook-ipc-d150h-f2-8\/","title":{"rendered":"IP kamera kupolin\u0117 HiLook IPC-D150H F2.8"},"content":{"rendered":"<table style=\"width: 944px;\" border=\"0\">\n<colgroup>\n<col \/>\n<col \/> <\/colgroup>\n<tbody>\n<tr>\n<td class=\"xl68\">Vaizdo jutiklis<\/td>\n<td class=\"xl70\">1\/2.7&#8243; progressive scan CMOS<\/td>\n<\/tr>\n<tr>\n<td class=\"xl68\">Min. ap\u0161vietimas<\/td>\n<td class=\"xl69\">Spalvotai: 0.01 Lux @ (F1.2, AGC \u012fjungtas), 0.018 Lux @ (F2.0, AGC \u012fjungtas)<\/td>\n<\/tr>\n<tr>\n<td>U\u017erakto greitis<\/td>\n<td class=\"xl69\">Nuo 1\/3 iki 1\/100 000 s<\/td>\n<\/tr>\n<tr>\n<td>L\u0117tas u\u017eraktas<\/td>\n<td class=\"xl65\">Taip<\/td>\n<\/tr>\n<tr>\n<td>\u201eAuto-Iris\u201c<\/td>\n<td class=\"xl65\">Ne<\/td>\n<\/tr>\n<tr>\n<td>Diena naktis<\/td>\n<td class=\"xl69\">IR filtras<\/td>\n<\/tr>\n<tr>\n<td>Skaitmeninis triuk\u0161mo ma\u017einimas<\/td>\n<td class=\"xl65\">3D DNR<\/td>\n<\/tr>\n<tr>\n<td>WDR<\/td>\n<td class=\"xl69\">120 dB<\/td>\n<\/tr>\n<tr>\n<td>Kampo reguliavimas<\/td>\n<td class=\"xl69\">Pak\u0117limas: nuo 0\u00b0 iki 355\u00b0, pakreipimas: nuo 0\u00b0 iki 75\u00b0<\/td>\n<\/tr>\n<tr>\n<td>\u017didinio nuotolis<\/td>\n<td class=\"xl70\">2.8 mm<\/td>\n<\/tr>\n<tr>\n<td>Diafragma<\/td>\n<td class=\"xl70\">F2.0<\/td>\n<\/tr>\n<tr>\n<td class=\"xl68\">Matymo kampas<\/td>\n<td class=\"xl69\">Horizontalus 100\u00b0, vertikalus 74\u00b0,\u00a0 \u012fstri\u017eas 130\u00b0<\/td>\n<\/tr>\n<tr>\n<td class=\"xl68\">Objektyvo tvirtinimas<\/td>\n<td class=\"xl70\">M12<\/td>\n<\/tr>\n<tr>\n<td>IR diapazonas<\/td>\n<td class=\"xl65\">Iki 30 m<\/td>\n<\/tr>\n<tr>\n<td>Bangos ilgis<\/td>\n<td class=\"xl65\">850 nm<\/td>\n<\/tr>\n<tr>\n<td>Vaizdo glaudinimas<\/td>\n<td class=\"xl69\">Pagrindinis srautas: H.265 \/ H.264<br \/>\nAntrinis srautas: H.265 \/ H.264 \/ MJPEG<\/td>\n<\/tr>\n<tr>\n<td>H.264 tipas<\/td>\n<td class=\"xl69\">Pradinis profilis \/ pagrindinis profilis \/ smarbiausias profilis<\/td>\n<\/tr>\n<tr>\n<td>H.264 +<\/td>\n<td class=\"xl67\">Pagrindinio srauto palaikymas<\/td>\n<\/tr>\n<tr>\n<td>H.265 tipas<\/td>\n<td class=\"xl65\">Pagrindinis profilis<\/td>\n<\/tr>\n<tr>\n<td>H.265 +<\/td>\n<td class=\"xl69\">Pagrindinio srauto palaikymas<\/td>\n<\/tr>\n<tr>\n<td>Vaizdo \u012fra\u0161\u0173 sparta<\/td>\n<td class=\"xl67\">Nuo 32 Kbps iki 8 Mbps<\/td>\n<\/tr>\n<tr>\n<td>Dominantis regionas<\/td>\n<td class=\"xl69\">1 fiksuota sritis pagrindiniam ir antriniam srautui<\/td>\n<\/tr>\n<tr>\n<td class=\"xl68\">Maks.<span class=\"font0\"> rezoliucija<\/span><\/td>\n<td class=\"xl70\">2560\u00d71920<\/td>\n<\/tr>\n<tr>\n<td class=\"xl68\">Pagrindinio srauto maks. kadr\u0173 da\u017enis<\/td>\n<td class=\"xl70\">50Hz: 12.5 kps (2560 \u00d7 1920) 20 kps (2560 \u00d7 1440) 25 kps (2304 \u00d7 1296, 1920 \u00d7 1280, 1280 \u00d7 720)<br \/>\n60Hz: 15 kps (2560 \u00d7 1920) 20 kps (2560 \u00d7 1440) 30 kps (2304 \u00d71296, 1920 \u00d7 1280, 1280 \u00d7 720)<\/td>\n<\/tr>\n<tr>\n<td>Maks. Srautas Kadr\u0173 da\u017enis<\/td>\n<td class=\"xl70\">50Hz: 25kps (640 \u00d7 480, 640 \u00d7 360, 320 \u00d7 240)<br \/>\n60Hz: 30kps (640 \u00d7 480, 640 \u00d7 360, 320 \u00d7 240)<\/td>\n<\/tr>\n<tr>\n<td>Vaizdo gerinimas<\/td>\n<td class=\"xl70\">BLC, 3D DNR<\/td>\n<\/tr>\n<tr>\n<td>Vaizdo nustatymai<\/td>\n<td class=\"xl69\">Sodrumas, \u0161viesumas, kontrastas, ry\u0161kumas, AGC, baltos spalvos balansas, kur\u012f galima reguliuoti kliento programine \u012franga ar \u017einiatinklio nar\u0161ykle<\/td>\n<\/tr>\n<tr>\n<td>Dienos \/ nakties jungiklis<\/td>\n<td class=\"xl69\">Automatinis, pagal tvarkara\u0161t\u012f<\/td>\n<\/tr>\n<tr>\n<td class=\"xl68\">Aliarmas<\/td>\n<td class=\"xl65\">Judesio aptikimas, vaizdo klastojimo aliarmas, atjungtas tinklas, nesuderinamas IP adresas, neteis\u0117tas prisijungimas<\/td>\n<\/tr>\n<tr>\n<td>Protokolai<\/td>\n<td class=\"xl70\">TCP\/IP,ICMP,HTTP,HTTPS,FTP,DHCP,DNS,DDNS,RTP,RTSP,RTCP,PPPoE,NTP,UPnP,SMTP,SNMP,IGMP,802.1X,QoS,IPv6UDP, Bonjour<\/td>\n<\/tr>\n<tr>\n<td class=\"xl68\">Bendrosios funkcijos<\/td>\n<td class=\"xl69\">Mirg\u0117jimas, veidrodis, slapta\u017eod\u017eio apsauga, privatumo kauk\u0117, vandens \u017eenklas<\/td>\n<\/tr>\n<tr>\n<td>Programin\u0117s aparatin\u0117s \u012frangos versija<\/td>\n<td class=\"xl70\">5.5.111<\/td>\n<\/tr>\n<tr>\n<td>API<\/td>\n<td class=\"xl65\">ONVIF (PROFILAS S, PROFILAS G), ISAPI<\/td>\n<\/tr>\n<tr>\n<td>Vienalaikis tiesioginis vaizdas<\/td>\n<td class=\"xl65\">Iki 6 kanal\u0173<\/td>\n<\/tr>\n<tr>\n<td>Vartotojas \/ pagrindinis kompiuteris<\/td>\n<td class=\"xl69\">Iki 32 vartotoj\u0173<br \/>\n3 lygiai: administratorius, operatorius ir vartotojas<\/td>\n<\/tr>\n<tr>\n<td>Klientas<\/td>\n<td class=\"xl70\">HiLookVisionPC Client, HiLookVision App<\/td>\n<\/tr>\n<tr>\n<td>Interneto nar\u0161ykl\u0117<\/td>\n<td class=\"xl70\">IE8+, Chrome 41.0-44, Firefox 30.0-51, Safari 8.0-11<\/td>\n<\/tr>\n<tr>\n<td>Ry\u0161io s\u0105saja<\/td>\n<td class=\"xl65\">1 RJ45 10M \/ 100M savaime prisitaikantis Ethernet prievadas<\/td>\n<\/tr>\n<tr>\n<td>Eksploatavimo s\u0105lygos<\/td>\n<td class=\"xl69\">Nuo -30\u00b0C iki 60\u00b0C, dr\u0117gm\u0117: 95% arba ma\u017eiau (nekondensuojantis)<\/td>\n<\/tr>\n<tr>\n<td>Maitinimas<\/td>\n<td class=\"xl65\">12 VDC \u00b1 20%, 5,5 mm koaksialinis maitinimo ki\u0161tukas PoE (802.3af, 3 klas\u0117)<\/td>\n<\/tr>\n<tr>\n<td>Energijos suvartojimas ir srov\u0117<\/td>\n<td class=\"xl69\">12 VDC, 0,5 A, maks. 6 W;<br \/>\nPoE: (802,3af, nuo 36 V iki 57 V), nuo 0,2 A iki 0,1 A, maks. 7.5 W<\/td>\n<\/tr>\n<tr>\n<td>Apsaugos lygis<\/td>\n<td class=\"xl69\">IP67, IK10<\/td>\n<\/tr>\n<tr>\n<td>Med\u017eiaga<\/td>\n<td class=\"xl69\">Priekis: plastikas, padas: metalas<\/td>\n<\/tr>\n<tr>\n<td>Matmenys<\/td>\n<td class=\"xl70\">Kamera: \u00d8 111 mm \u00d7 82.4 mm<br \/>\nPakuot\u0117: 134 mm \u00d7 134 mm \u00d7 108 mm<\/td>\n<\/tr>\n<tr>\n<td>Svoris<\/td>\n<td class=\"xl70\">Kamera: apie 4000 g<br \/>\nSu pakuote: apie 600 g<\/td>\n<\/tr>\n<\/tbody>\n<\/table>\n","protected":false},"excerpt":{"rendered":"<ul>\n<li>5MP IP kupolin\u0117 kamera<\/li>\n<li>Objektyvas &#8211; 2.8 mm<\/li>\n<li>Vaizdo \u012fra\u0161\u0173 glaudinimas H.265 + \/ H.265 \/ H.264 + \/ H.264 \/ MJPEG<\/li>\n<li>Vaizdo jutiklis 1\/2,7 &#8220;progresyvaus nuskaitymo CMOS<\/li>\n<li>Min. ap\u0161vietimas 0.01 Lux @ (F1.2, AGC \u012fjungtas)<\/li>\n<li>IR pa\u0161vietimas iki 30m<\/li>\n<li>Darbo s\u0105lygos nuo -30\u00b0C iki 60\u00b0C<\/li>\n<li>Korpusas: plastikas<\/li>\n<li>IP67<\/li>\n<li>IK10<\/li>\n<\/ul>\n","protected":false},"featured_media":27501,"comment_status":"closed","ping_status":"closed","template":"","meta":[],"product_brand":[],"product_cat":[883,801,804],"product_tag":[],"class_list":{"0":"post-18430","1":"product","2":"type-product","3":"status-publish","4":"has-post-thumbnail","6":"product_cat-ip-cameras","7":"product_cat-ip-video-surveillance-systems","8":"product_cat-ip-dome-cameras","10":"first","11":"outofstock","12":"purchasable","13":"product-type-simple"},"yoast_head":"<!-- This site is optimized with the Yoast SEO Premium plugin v21.5 (Yoast SEO v27.3) - https:\/\/yoast.com\/product\/yoast-seo-premium-wordpress\/ -->\n<title>HiLook IPC-D150H F2.8<\/title>\n<meta name=\"description\" content=\"HiLook IPC-D150H F2.8 IP kamera ; IR pa\u0161vietimas iki 30m ; Darbo s\u0105lygos nuo -30\u00b0C iki 60\u00b0C ; Rai\u0161ka - 5MP ; Spalva - balta\" \/>\n<meta name=\"robots\" content=\"index, follow, max-snippet:-1, max-image-preview:large, max-video-preview:-1\" \/>\n<link rel=\"canonical\" href=\"https:\/\/eheating.lt\/produktas\/ip-kamera-kupoline-hilook-ipc-d150h-f2-8\/\" \/>\n<meta property=\"og:locale\" content=\"en_US\" \/>\n<meta property=\"og:type\" content=\"article\" \/>\n<meta property=\"og:title\" content=\"IP kamera kupolin\u0117 HiLook IPC-D150H F2.8\" \/>\n<meta property=\"og:description\" content=\"HiLook IPC-D150H F2.8 IP kamera ; IR pa\u0161vietimas iki 30m ; Darbo s\u0105lygos nuo -30\u00b0C iki 60\u00b0C ; Rai\u0161ka - 5MP ; Spalva - balta\" \/>\n<meta property=\"og:url\" content=\"https:\/\/eheating.lt\/produktas\/ip-kamera-kupoline-hilook-ipc-d150h-f2-8\/\" \/>\n<meta property=\"og:site_name\" content=\"Elektronika Namams\" \/>\n<meta property=\"article:publisher\" content=\"https:\/\/www.facebook.com\/ElektronikaNamams\" \/>\n<meta property=\"article:modified_time\" content=\"2024-07-11T16:06:02+00:00\" \/>\n<meta property=\"og:image\" content=\"https:\/\/eheating.lt\/wp-content\/uploads\/2023\/10\/HiLook-IPC-D150H-F2.8.png\" \/>\n\t<meta property=\"og:image:width\" content=\"800\" \/>\n\t<meta property=\"og:image:height\" content=\"800\" \/>\n\t<meta property=\"og:image:type\" content=\"image\/png\" \/>\n<meta name=\"twitter:card\" content=\"summary_large_image\" \/>\n<meta name=\"twitter:label1\" content=\"Price\" \/>\n\t<meta name=\"twitter:data1\" content=\"111,76&nbsp;&euro;\" \/>\n\t<meta name=\"twitter:label2\" content=\"Availability\" \/>\n\t<meta name=\"twitter:data2\" content=\"Out of stock\" \/>\n<script type=\"application\/ld+json\" class=\"yoast-schema-graph\">{\"@context\":\"https:\\\/\\\/schema.org\",\"@graph\":[{\"@type\":\"WebPage\",\"@id\":\"https:\\\/\\\/eheating.lt\\\/produktas\\\/ip-kamera-kupoline-hilook-ipc-d150h-f2-8\\\/\",\"url\":\"https:\\\/\\\/eheating.lt\\\/produktas\\\/ip-kamera-kupoline-hilook-ipc-d150h-f2-8\\\/\",\"name\":\"HiLook IPC-D150H F2.8\",\"isPartOf\":{\"@id\":\"https:\\\/\\\/eheating.lt\\\/#website\"},\"primaryImageOfPage\":{\"@id\":\"https:\\\/\\\/eheating.lt\\\/produktas\\\/ip-kamera-kupoline-hilook-ipc-d150h-f2-8\\\/#primaryimage\"},\"image\":{\"@id\":\"https:\\\/\\\/eheating.lt\\\/produktas\\\/ip-kamera-kupoline-hilook-ipc-d150h-f2-8\\\/#primaryimage\"},\"thumbnailUrl\":\"https:\\\/\\\/eheating.lt\\\/wp-content\\\/uploads\\\/2023\\\/10\\\/HiLook-IPC-D150H-F2.8.png\",\"datePublished\":\"2023-11-13T19:13:43+00:00\",\"dateModified\":\"2024-07-11T16:06:02+00:00\",\"description\":\"HiLook IPC-D150H F2.8 IP kamera ; IR pa\u0161vietimas iki 30m ; Darbo s\u0105lygos nuo -30\u00b0C iki 60\u00b0C ; Rai\u0161ka - 5MP ; Spalva - balta\",\"breadcrumb\":{\"@id\":\"https:\\\/\\\/eheating.lt\\\/produktas\\\/ip-kamera-kupoline-hilook-ipc-d150h-f2-8\\\/#breadcrumb\"},\"inLanguage\":\"en-US\",\"potentialAction\":[{\"@type\":\"ReadAction\",\"target\":[\"https:\\\/\\\/eheating.lt\\\/produktas\\\/ip-kamera-kupoline-hilook-ipc-d150h-f2-8\\\/\"]}]},{\"@type\":\"ImageObject\",\"inLanguage\":\"en-US\",\"@id\":\"https:\\\/\\\/eheating.lt\\\/produktas\\\/ip-kamera-kupoline-hilook-ipc-d150h-f2-8\\\/#primaryimage\",\"url\":\"https:\\\/\\\/eheating.lt\\\/wp-content\\\/uploads\\\/2023\\\/10\\\/HiLook-IPC-D150H-F2.8.png\",\"contentUrl\":\"https:\\\/\\\/eheating.lt\\\/wp-content\\\/uploads\\\/2023\\\/10\\\/HiLook-IPC-D150H-F2.8.png\",\"width\":800,\"height\":800,\"caption\":\"HiLook IPC-D150H F2.8\"},{\"@type\":\"BreadcrumbList\",\"@id\":\"https:\\\/\\\/eheating.lt\\\/produktas\\\/ip-kamera-kupoline-hilook-ipc-d150h-f2-8\\\/#breadcrumb\",\"itemListElement\":[{\"@type\":\"ListItem\",\"position\":1,\"name\":\"Prad\u017eia\",\"item\":\"https:\\\/\\\/eheating.lt\\\/en\\\/\"},{\"@type\":\"ListItem\",\"position\":2,\"name\":\"Shop\",\"item\":\"https:\\\/\\\/eheating.lt\\\/en\\\/?page_id=5734\"},{\"@type\":\"ListItem\",\"position\":3,\"name\":\"IP kamera kupolin\u0117 HiLook IPC-D150H F2.8\"}]},{\"@type\":\"WebSite\",\"@id\":\"https:\\\/\\\/eheating.lt\\\/#website\",\"url\":\"https:\\\/\\\/eheating.lt\\\/\",\"name\":\"eHeating\",\"description\":\"Elektronika ir \u0161ildymas\",\"potentialAction\":[{\"@type\":\"SearchAction\",\"target\":{\"@type\":\"EntryPoint\",\"urlTemplate\":\"https:\\\/\\\/eheating.lt\\\/?s={search_term_string}\"},\"query-input\":{\"@type\":\"PropertyValueSpecification\",\"valueRequired\":true,\"valueName\":\"search_term_string\"}}],\"inLanguage\":\"en-US\"}]}<\/script>\n<meta property=\"product:price:amount\" content=\"111.76\" \/>\n<meta property=\"product:price:currency\" content=\"EUR\" \/>\n<meta property=\"og:availability\" content=\"out of stock\" \/>\n<meta property=\"product:availability\" content=\"out of stock\" \/>\n<meta property=\"product:retailer_item_id\" content=\"7d6cf51e2f9c\" \/>\n<meta property=\"product:condition\" content=\"new\" \/>\n<!-- \/ Yoast SEO Premium plugin. -->","yoast_head_json":{"title":"HiLook IPC-D150H F2.8","description":"HiLook IPC-D150H F2.8 IP kamera ; IR pa\u0161vietimas iki 30m ; Darbo s\u0105lygos nuo -30\u00b0C iki 60\u00b0C ; Rai\u0161ka - 5MP ; Spalva - balta","robots":{"index":"index","follow":"follow","max-snippet":"max-snippet:-1","max-image-preview":"max-image-preview:large","max-video-preview":"max-video-preview:-1"},"canonical":"https:\/\/eheating.lt\/produktas\/ip-kamera-kupoline-hilook-ipc-d150h-f2-8\/","og_locale":"en_US","og_type":"article","og_title":"IP kamera kupolin\u0117 HiLook IPC-D150H F2.8","og_description":"HiLook IPC-D150H F2.8 IP kamera ; IR pa\u0161vietimas iki 30m ; Darbo s\u0105lygos nuo -30\u00b0C iki 60\u00b0C ; Rai\u0161ka - 5MP ; Spalva - balta","og_url":"https:\/\/eheating.lt\/produktas\/ip-kamera-kupoline-hilook-ipc-d150h-f2-8\/","og_site_name":"Elektronika Namams","article_publisher":"https:\/\/www.facebook.com\/ElektronikaNamams","article_modified_time":"2024-07-11T16:06:02+00:00","og_image":[{"width":800,"height":800,"url":"https:\/\/eheating.lt\/wp-content\/uploads\/2023\/10\/HiLook-IPC-D150H-F2.8.png","type":"image\/png"}],"twitter_card":"summary_large_image","twitter_misc":{"Price":"111,76&nbsp;&euro;","Availability":"Out of stock"},"schema":{"@context":"https:\/\/schema.org","@graph":[{"@type":"WebPage","@id":"https:\/\/eheating.lt\/produktas\/ip-kamera-kupoline-hilook-ipc-d150h-f2-8\/","url":"https:\/\/eheating.lt\/produktas\/ip-kamera-kupoline-hilook-ipc-d150h-f2-8\/","name":"HiLook IPC-D150H F2.8","isPartOf":{"@id":"https:\/\/eheating.lt\/#website"},"primaryImageOfPage":{"@id":"https:\/\/eheating.lt\/produktas\/ip-kamera-kupoline-hilook-ipc-d150h-f2-8\/#primaryimage"},"image":{"@id":"https:\/\/eheating.lt\/produktas\/ip-kamera-kupoline-hilook-ipc-d150h-f2-8\/#primaryimage"},"thumbnailUrl":"https:\/\/eheating.lt\/wp-content\/uploads\/2023\/10\/HiLook-IPC-D150H-F2.8.png","datePublished":"2023-11-13T19:13:43+00:00","dateModified":"2024-07-11T16:06:02+00:00","description":"HiLook IPC-D150H F2.8 IP kamera ; IR pa\u0161vietimas iki 30m ; Darbo s\u0105lygos nuo -30\u00b0C iki 60\u00b0C ; Rai\u0161ka - 5MP ; Spalva - balta","breadcrumb":{"@id":"https:\/\/eheating.lt\/produktas\/ip-kamera-kupoline-hilook-ipc-d150h-f2-8\/#breadcrumb"},"inLanguage":"en-US","potentialAction":[{"@type":"ReadAction","target":["https:\/\/eheating.lt\/produktas\/ip-kamera-kupoline-hilook-ipc-d150h-f2-8\/"]}]},{"@type":"ImageObject","inLanguage":"en-US","@id":"https:\/\/eheating.lt\/produktas\/ip-kamera-kupoline-hilook-ipc-d150h-f2-8\/#primaryimage","url":"https:\/\/eheating.lt\/wp-content\/uploads\/2023\/10\/HiLook-IPC-D150H-F2.8.png","contentUrl":"https:\/\/eheating.lt\/wp-content\/uploads\/2023\/10\/HiLook-IPC-D150H-F2.8.png","width":800,"height":800,"caption":"HiLook IPC-D150H F2.8"},{"@type":"BreadcrumbList","@id":"https:\/\/eheating.lt\/produktas\/ip-kamera-kupoline-hilook-ipc-d150h-f2-8\/#breadcrumb","itemListElement":[{"@type":"ListItem","position":1,"name":"Prad\u017eia","item":"https:\/\/eheating.lt\/en\/"},{"@type":"ListItem","position":2,"name":"Shop","item":"https:\/\/eheating.lt\/en\/?page_id=5734"},{"@type":"ListItem","position":3,"name":"IP kamera kupolin\u0117 HiLook IPC-D150H F2.8"}]},{"@type":"WebSite","@id":"https:\/\/eheating.lt\/#website","url":"https:\/\/eheating.lt\/","name":"eHeating","description":"Elektronika ir \u0161ildymas","potentialAction":[{"@type":"SearchAction","target":{"@type":"EntryPoint","urlTemplate":"https:\/\/eheating.lt\/?s={search_term_string}"},"query-input":{"@type":"PropertyValueSpecification","valueRequired":true,"valueName":"search_term_string"}}],"inLanguage":"en-US"}]},"product_price_amount":"111.76","product_price_currency":"EUR","og_availability":"out of stock","product_availability":"out of stock","product_retailer_item_id":"7d6cf51e2f9c","product_condition":"new"},"_links":{"self":[{"href":"https:\/\/eheating.lt\/en\/wp-json\/wp\/v2\/product\/18430","targetHints":{"allow":["GET"]}}],"collection":[{"href":"https:\/\/eheating.lt\/en\/wp-json\/wp\/v2\/product"}],"about":[{"href":"https:\/\/eheating.lt\/en\/wp-json\/wp\/v2\/types\/product"}],"replies":[{"embeddable":true,"href":"https:\/\/eheating.lt\/en\/wp-json\/wp\/v2\/comments?post=18430"}],"version-history":[{"count":0,"href":"https:\/\/eheating.lt\/en\/wp-json\/wp\/v2\/product\/18430\/revisions"}],"wp:featuredmedia":[{"embeddable":true,"href":"https:\/\/eheating.lt\/en\/wp-json\/wp\/v2\/media\/27501"}],"wp:attachment":[{"href":"https:\/\/eheating.lt\/en\/wp-json\/wp\/v2\/media?parent=18430"}],"wp:term":[{"taxonomy":"product_brand","embeddable":true,"href":"https:\/\/eheating.lt\/en\/wp-json\/wp\/v2\/product_brand?post=18430"},{"taxonomy":"product_cat","embeddable":true,"href":"https:\/\/eheating.lt\/en\/wp-json\/wp\/v2\/product_cat?post=18430"},{"taxonomy":"product_tag","embeddable":true,"href":"https:\/\/eheating.lt\/en\/wp-json\/wp\/v2\/product_tag?post=18430"}],"curies":[{"name":"wp","href":"https:\/\/api.w.org\/{rel}","templated":true}]}}