{"id":18428,"date":"2023-11-13T21:25:28","date_gmt":"2023-11-13T19:25:28","guid":{"rendered":"https:\/\/eheating.lt\/?post_type=product&#038;p=18428"},"modified":"2024-07-11T19:06:08","modified_gmt":"2024-07-11T16:06:08","slug":"hilook-bullet-ipc-b150h-f2-8","status":"publish","type":"product","link":"https:\/\/eheating.lt\/en\/produktas\/hilook-bullet-ipc-b150h-f2-8\/","title":{"rendered":"HiLook bullet IPC-B150H F2.8"},"content":{"rendered":"<table style=\"width: 944px;\" border=\"0\">\n<colgroup>\n<col \/>\n<col \/> <\/colgroup>\n<tbody>\n<tr>\n<td class=\"xl67\">Sensorius<\/td>\n<td class=\"xl72\">1\/2,7 &#8220;progresyvaus nuskaitymo CMOS<\/td>\n<\/tr>\n<tr>\n<td class=\"xl67\">Min. ap\u0161vietimas<\/td>\n<td class=\"xl72\">Spalvotai: 0.01 Lux @ (F1.2, AGC \u012fjungtas), 0.028Lux @ (F2.0, AGC \u012fjungtas)<\/td>\n<\/tr>\n<tr>\n<td class=\"xl67\">U\u017erakto greitis<\/td>\n<td class=\"xl72\">Nuo 1\/3 iki 1\/100 000 s, palaiko l\u0117t\u0105 u\u017erakt\u0105<\/td>\n<\/tr>\n<tr>\n<td class=\"xl67\">Objektyvas<\/td>\n<td class=\"xl72\">2,8 mm, horizontaliai 100\u00b0, vertikaliai 74\u00b0, \u012fstri\u017eain\u0117 130\u00b0<\/td>\n<\/tr>\n<tr>\n<td class=\"xl65\">Objektyvo montavimas<\/td>\n<td>M12<\/td>\n<\/tr>\n<tr>\n<td class=\"xl67\">Diena\/naktis<\/td>\n<td class=\"xl72\">IR filtras su automatiniu jungikliu<\/td>\n<\/tr>\n<tr>\n<td class=\"xl68\">Reguliavimas<\/td>\n<td class=\"xl72\">Pak\u0117limas: nuo 0\u00b0 iki 360\u00b0, pakreipimas: nuo 0\u00b0 iki 180\u00b0, pasukimas: nuo 0\u00b0 iki 360\u00b0<\/td>\n<\/tr>\n<tr>\n<td class=\"xl67\">Skaitminis triuk\u0161mo slopinimas<\/td>\n<td>3D DNR<\/td>\n<\/tr>\n<tr>\n<td class=\"xl65\">Platus dinaminis diapazonas<\/td>\n<td>Skaitmeninis WDR<\/td>\n<\/tr>\n<tr>\n<td class=\"xl67\">Vaizdo suspaudimas<\/td>\n<td class=\"xl72\">H.265 + \/ H.265 \/ H.264 + \/ H.264 \/ MJPEG<\/td>\n<\/tr>\n<tr>\n<td class=\"xl67\">H.264 Tipas<\/td>\n<td class=\"xl72\">Pradinis profilis \/ pagrindinis profilis \/ svarbiausias profilis<\/td>\n<\/tr>\n<tr>\n<td class=\"xl68\">Vaizdo sparta<\/td>\n<td>32\u20138 Mbps<\/td>\n<\/tr>\n<tr>\n<td class=\"xl71\">Maks. rai\u0161ka<\/td>\n<td class=\"xl71\">2560\u00d71920<\/td>\n<\/tr>\n<tr>\n<td class=\"xl67\">Kadrai per sek.<\/td>\n<td class=\"xl71\">50Hz:12.5kps (2560 \u00d71920), 20kps(2560 \u00d71440), 25kps(2304 \u00d71296,1920 \u00d71280,1280 \u00d7720)<br \/>\n60Hz:15kps (2560 \u00d71920), 20kps(2560 \u00d71440), 30kps(2304 \u00d71296,1920 \u00d71280,1280 \u00d7720)<\/td>\n<\/tr>\n<tr>\n<td class=\"xl67\">Antrinis srautas<\/td>\n<td class=\"xl71\">50Hz: 25kps (640 \u00d7480,640 \u00d7360,320 \u00d7240)<br \/>\n60Hz: 30kps (640 \u00d7480,640 \u00d7360,320 \u00d7240)<\/td>\n<\/tr>\n<tr>\n<td class=\"xl68\">Foninio ap\u0161vietimo kompensavimas<\/td>\n<td>BLC, 3D DNR<\/td>\n<\/tr>\n<tr>\n<td class=\"xl67\">Vaizdo nustatymai<\/td>\n<td class=\"xl72\">\u0160viesumas, sodrumas, kontrastas, ry\u0161kumas reguliuojamas per interneto nar\u0161ykl\u0119 arba kliento programin\u0119 \u012frang\u0105<\/td>\n<\/tr>\n<tr>\n<td class=\"xl67\">Dienos\/nakties perjungimas<\/td>\n<td class=\"xl72\">Automatinis, pagal tvarkara\u0161t\u012f<\/td>\n<\/tr>\n<tr>\n<td class=\"xl69\">BLC<\/td>\n<td class=\"xl72\">Palaiko<\/td>\n<\/tr>\n<tr>\n<td class=\"xl67\">Pavojaus signalo suk\u0117limas<\/td>\n<td>Judesio aptikimas, vaizdo klastojimo aliarmas, neteis\u0117tas prisijungimas<\/td>\n<\/tr>\n<tr>\n<td class=\"xl65\">Protokolai<\/td>\n<td class=\"xl73\">TCP \/ IP, ICMP, HTTP, HTTPS, FTP, DHCP, DNS, DDNS, RTP, RTSP, RTCP, NTP, UPnP, SMTP, IGMP, 802.1X, QoS, IPv6, Bonjour<\/td>\n<\/tr>\n<tr>\n<td class=\"xl70\">Pagrindin\u0117s funkcijos<\/td>\n<td class=\"xl72\">Anti-mirg\u0117jimas, veidrodis, slapta\u017eod\u017eio apsauga, privatumo kauk\u0117, vandens \u017eenklas, IP adreso filtras<\/td>\n<\/tr>\n<tr>\n<td class=\"xl65\">Ry\u0161io s\u0105saja<\/td>\n<td class=\"xl72\">1 RJ45 10M\/100M savaime prisitaikantis Ethernet prievadas<\/td>\n<\/tr>\n<tr>\n<td class=\"xl69\">Veikimo s\u0105ygos<\/td>\n<td class=\"xl72\">Nuo -30\u00b0C iki 60\u00b0C, dr\u0117gm\u0117: 95% arba ma\u017eiau (nekondensuojantis)<\/td>\n<\/tr>\n<tr>\n<td class=\"xl67\">Maitinimas<\/td>\n<td>12 VDC \u00b1 25%, PoE (802,3af)<\/td>\n<\/tr>\n<tr>\n<td class=\"xl67\">Energijos suvartojimas<\/td>\n<td class=\"xl73\">12 VDC, 0,4 A, maks .: 5 W<br \/>\nPoE: (802,3af, 36 V &#8211; 57 V), 0,2 A &#8211; 0,13 A, maks .: 6.5 W<\/td>\n<\/tr>\n<tr>\n<td class=\"xl67\">IP apsaugos klas\u0117<\/td>\n<td>IP67<\/td>\n<\/tr>\n<tr>\n<td class=\"xl67\">IR ap\u0161vietimas<\/td>\n<td>Iki 30 m<\/td>\n<\/tr>\n<tr>\n<td class=\"xl67\">I\u0161matavimai<\/td>\n<td class=\"xl73\">Kamera: 70 mm \u00d7 191,3 mm<br \/>\nSu pakuote: 216 mm \u00d7 121 mm \u00d7 118 mm<\/td>\n<\/tr>\n<tr>\n<td class=\"xl67\">Svoris<\/td>\n<td class=\"xl73\">Kamera: apytiksl. 300 g<br \/>\nSu pakuote: apytiksliai 500 g<\/td>\n<\/tr>\n<\/tbody>\n<\/table>\n","protected":false},"excerpt":{"rendered":"<ul>\n<li>5MP IP bullet kamera<\/li>\n<li>Objektyvas &#8211; 2.8 mm<\/li>\n<li>Vaizdo \u012fra\u0161\u0173 glaudinimas H.265 + \/ H.265 \/ H.264 + \/ H.264 \/ MJPEG<\/li>\n<li>Vaizdo jutiklis 1\/2,7 &#8220;progresyvaus nuskaitymo CMOS<\/li>\n<li>Min. ap\u0161vietimas 0.01 Lux @ (F1.2, AGC \u012fjungtas)<\/li>\n<li>IR pa\u0161vietimas iki 30m<\/li>\n<li>Darbo s\u0105lygos nuo -30\u00b0C iki 60\u00b0C<\/li>\n<li>IP67<\/li>\n<\/ul>\n","protected":false},"featured_media":27921,"comment_status":"closed","ping_status":"closed","template":"","meta":[],"product_brand":[],"product_cat":[426,534,533],"product_tag":[],"class_list":{"0":"post-18428","1":"product","2":"type-product","3":"status-publish","4":"has-post-thumbnail","6":"product_cat-ip-cilindrines-kameros","7":"product_cat-ip-kameros","8":"product_cat-ip-vaizdo-stebejimo-sistemos","10":"first","11":"outofstock","12":"purchasable","13":"product-type-simple"},"yoast_head":"<!-- This site is optimized with the Yoast SEO Premium plugin v21.5 (Yoast SEO v27.4) - https:\/\/yoast.com\/product\/yoast-seo-premium-wordpress\/ -->\n<title>HiLook bullet IPC-B150H F2.8<\/title>\n<meta name=\"description\" content=\"HiLook bullet IPC-B150H F2.8 IP kamera ; IR pa\u0161vietimas iki 30m ; Darbo s\u0105lygos nuo -30\u00b0C iki 60\u00b0C ; Rai\u0161ka - 5MP ; Spalva - balta\" \/>\n<meta name=\"robots\" content=\"index, follow, max-snippet:-1, max-image-preview:large, max-video-preview:-1\" \/>\n<link rel=\"canonical\" href=\"https:\/\/eheating.lt\/produktas\/hilook-bullet-ipc-b150h-f2-8\/\" \/>\n<meta property=\"og:locale\" content=\"en_US\" \/>\n<meta property=\"og:type\" content=\"article\" \/>\n<meta property=\"og:title\" content=\"HiLook bullet IPC-B150H F2.8\" \/>\n<meta property=\"og:description\" content=\"HiLook bullet IPC-B150H F2.8 IP kamera ; IR pa\u0161vietimas iki 30m ; Darbo s\u0105lygos nuo -30\u00b0C iki 60\u00b0C ; Rai\u0161ka - 5MP ; Spalva - balta\" \/>\n<meta property=\"og:url\" content=\"https:\/\/eheating.lt\/produktas\/hilook-bullet-ipc-b150h-f2-8\/\" \/>\n<meta property=\"og:site_name\" content=\"Elektronika Namams\" \/>\n<meta property=\"article:publisher\" content=\"https:\/\/www.facebook.com\/ElektronikaNamams\" \/>\n<meta property=\"article:modified_time\" content=\"2024-07-11T16:06:08+00:00\" \/>\n<meta property=\"og:image\" content=\"https:\/\/eheating.lt\/wp-content\/uploads\/2023\/10\/HiLook-bullet-IPC-B150H-F2.8.png\" \/>\n\t<meta property=\"og:image:width\" content=\"800\" \/>\n\t<meta property=\"og:image:height\" content=\"800\" \/>\n\t<meta property=\"og:image:type\" content=\"image\/png\" \/>\n<meta name=\"twitter:card\" content=\"summary_large_image\" \/>\n<meta name=\"twitter:label1\" content=\"Price\" \/>\n\t<meta name=\"twitter:data1\" content=\"103,94&nbsp;&euro;\" \/>\n\t<meta name=\"twitter:label2\" content=\"Availability\" \/>\n\t<meta name=\"twitter:data2\" content=\"Out of stock\" \/>\n<script type=\"application\/ld+json\" class=\"yoast-schema-graph\">{\"@context\":\"https:\\\/\\\/schema.org\",\"@graph\":[{\"@type\":\"WebPage\",\"@id\":\"https:\\\/\\\/eheating.lt\\\/produktas\\\/hilook-bullet-ipc-b150h-f2-8\\\/\",\"url\":\"https:\\\/\\\/eheating.lt\\\/produktas\\\/hilook-bullet-ipc-b150h-f2-8\\\/\",\"name\":\"HiLook bullet IPC-B150H F2.8\",\"isPartOf\":{\"@id\":\"https:\\\/\\\/eheating.lt\\\/#website\"},\"primaryImageOfPage\":{\"@id\":\"https:\\\/\\\/eheating.lt\\\/produktas\\\/hilook-bullet-ipc-b150h-f2-8\\\/#primaryimage\"},\"image\":{\"@id\":\"https:\\\/\\\/eheating.lt\\\/produktas\\\/hilook-bullet-ipc-b150h-f2-8\\\/#primaryimage\"},\"thumbnailUrl\":\"https:\\\/\\\/eheating.lt\\\/wp-content\\\/uploads\\\/2023\\\/10\\\/HiLook-bullet-IPC-B150H-F2.8.png\",\"datePublished\":\"2023-11-13T19:25:28+00:00\",\"dateModified\":\"2024-07-11T16:06:08+00:00\",\"description\":\"HiLook bullet IPC-B150H F2.8 IP kamera ; IR pa\u0161vietimas iki 30m ; Darbo s\u0105lygos nuo -30\u00b0C iki 60\u00b0C ; Rai\u0161ka - 5MP ; Spalva - balta\",\"breadcrumb\":{\"@id\":\"https:\\\/\\\/eheating.lt\\\/produktas\\\/hilook-bullet-ipc-b150h-f2-8\\\/#breadcrumb\"},\"inLanguage\":\"en-US\",\"potentialAction\":[{\"@type\":\"ReadAction\",\"target\":[\"https:\\\/\\\/eheating.lt\\\/produktas\\\/hilook-bullet-ipc-b150h-f2-8\\\/\"]}]},{\"@type\":\"ImageObject\",\"inLanguage\":\"en-US\",\"@id\":\"https:\\\/\\\/eheating.lt\\\/produktas\\\/hilook-bullet-ipc-b150h-f2-8\\\/#primaryimage\",\"url\":\"https:\\\/\\\/eheating.lt\\\/wp-content\\\/uploads\\\/2023\\\/10\\\/HiLook-bullet-IPC-B150H-F2.8.png\",\"contentUrl\":\"https:\\\/\\\/eheating.lt\\\/wp-content\\\/uploads\\\/2023\\\/10\\\/HiLook-bullet-IPC-B150H-F2.8.png\",\"width\":800,\"height\":800,\"caption\":\"HiLook bullet IPC-B150H F2.8\"},{\"@type\":\"BreadcrumbList\",\"@id\":\"https:\\\/\\\/eheating.lt\\\/produktas\\\/hilook-bullet-ipc-b150h-f2-8\\\/#breadcrumb\",\"itemListElement\":[{\"@type\":\"ListItem\",\"position\":1,\"name\":\"Prad\u017eia\",\"item\":\"https:\\\/\\\/eheating.lt\\\/en\\\/\"},{\"@type\":\"ListItem\",\"position\":2,\"name\":\"Shop\",\"item\":\"https:\\\/\\\/eheating.lt\\\/en\\\/?page_id=5734\"},{\"@type\":\"ListItem\",\"position\":3,\"name\":\"HiLook bullet IPC-B150H F2.8\"}]},{\"@type\":\"WebSite\",\"@id\":\"https:\\\/\\\/eheating.lt\\\/#website\",\"url\":\"https:\\\/\\\/eheating.lt\\\/\",\"name\":\"eHeating\",\"description\":\"Elektronika ir \u0161ildymas\",\"potentialAction\":[{\"@type\":\"SearchAction\",\"target\":{\"@type\":\"EntryPoint\",\"urlTemplate\":\"https:\\\/\\\/eheating.lt\\\/?s={search_term_string}\"},\"query-input\":{\"@type\":\"PropertyValueSpecification\",\"valueRequired\":true,\"valueName\":\"search_term_string\"}}],\"inLanguage\":\"en-US\"}]}<\/script>\n<meta property=\"product:price:amount\" content=\"103.94\" \/>\n<meta property=\"product:price:currency\" content=\"EUR\" \/>\n<meta property=\"og:availability\" content=\"out of stock\" \/>\n<meta property=\"product:availability\" content=\"out of stock\" \/>\n<meta property=\"product:retailer_item_id\" content=\"6d314c115d4a\" \/>\n<meta property=\"product:condition\" content=\"new\" \/>\n<!-- \/ Yoast SEO Premium plugin. -->","yoast_head_json":{"title":"HiLook bullet IPC-B150H F2.8","description":"HiLook bullet IPC-B150H F2.8 IP kamera ; IR pa\u0161vietimas iki 30m ; Darbo s\u0105lygos nuo -30\u00b0C iki 60\u00b0C ; Rai\u0161ka - 5MP ; Spalva - balta","robots":{"index":"index","follow":"follow","max-snippet":"max-snippet:-1","max-image-preview":"max-image-preview:large","max-video-preview":"max-video-preview:-1"},"canonical":"https:\/\/eheating.lt\/produktas\/hilook-bullet-ipc-b150h-f2-8\/","og_locale":"en_US","og_type":"article","og_title":"HiLook bullet IPC-B150H F2.8","og_description":"HiLook bullet IPC-B150H F2.8 IP kamera ; IR pa\u0161vietimas iki 30m ; Darbo s\u0105lygos nuo -30\u00b0C iki 60\u00b0C ; Rai\u0161ka - 5MP ; Spalva - balta","og_url":"https:\/\/eheating.lt\/produktas\/hilook-bullet-ipc-b150h-f2-8\/","og_site_name":"Elektronika Namams","article_publisher":"https:\/\/www.facebook.com\/ElektronikaNamams","article_modified_time":"2024-07-11T16:06:08+00:00","og_image":[{"width":800,"height":800,"url":"https:\/\/eheating.lt\/wp-content\/uploads\/2023\/10\/HiLook-bullet-IPC-B150H-F2.8.png","type":"image\/png"}],"twitter_card":"summary_large_image","twitter_misc":{"Price":"103,94&nbsp;&euro;","Availability":"Out of stock"},"schema":{"@context":"https:\/\/schema.org","@graph":[{"@type":"WebPage","@id":"https:\/\/eheating.lt\/produktas\/hilook-bullet-ipc-b150h-f2-8\/","url":"https:\/\/eheating.lt\/produktas\/hilook-bullet-ipc-b150h-f2-8\/","name":"HiLook bullet IPC-B150H F2.8","isPartOf":{"@id":"https:\/\/eheating.lt\/#website"},"primaryImageOfPage":{"@id":"https:\/\/eheating.lt\/produktas\/hilook-bullet-ipc-b150h-f2-8\/#primaryimage"},"image":{"@id":"https:\/\/eheating.lt\/produktas\/hilook-bullet-ipc-b150h-f2-8\/#primaryimage"},"thumbnailUrl":"https:\/\/eheating.lt\/wp-content\/uploads\/2023\/10\/HiLook-bullet-IPC-B150H-F2.8.png","datePublished":"2023-11-13T19:25:28+00:00","dateModified":"2024-07-11T16:06:08+00:00","description":"HiLook bullet IPC-B150H F2.8 IP kamera ; IR pa\u0161vietimas iki 30m ; Darbo s\u0105lygos nuo -30\u00b0C iki 60\u00b0C ; Rai\u0161ka - 5MP ; Spalva - balta","breadcrumb":{"@id":"https:\/\/eheating.lt\/produktas\/hilook-bullet-ipc-b150h-f2-8\/#breadcrumb"},"inLanguage":"en-US","potentialAction":[{"@type":"ReadAction","target":["https:\/\/eheating.lt\/produktas\/hilook-bullet-ipc-b150h-f2-8\/"]}]},{"@type":"ImageObject","inLanguage":"en-US","@id":"https:\/\/eheating.lt\/produktas\/hilook-bullet-ipc-b150h-f2-8\/#primaryimage","url":"https:\/\/eheating.lt\/wp-content\/uploads\/2023\/10\/HiLook-bullet-IPC-B150H-F2.8.png","contentUrl":"https:\/\/eheating.lt\/wp-content\/uploads\/2023\/10\/HiLook-bullet-IPC-B150H-F2.8.png","width":800,"height":800,"caption":"HiLook bullet IPC-B150H F2.8"},{"@type":"BreadcrumbList","@id":"https:\/\/eheating.lt\/produktas\/hilook-bullet-ipc-b150h-f2-8\/#breadcrumb","itemListElement":[{"@type":"ListItem","position":1,"name":"Prad\u017eia","item":"https:\/\/eheating.lt\/en\/"},{"@type":"ListItem","position":2,"name":"Shop","item":"https:\/\/eheating.lt\/en\/?page_id=5734"},{"@type":"ListItem","position":3,"name":"HiLook bullet IPC-B150H F2.8"}]},{"@type":"WebSite","@id":"https:\/\/eheating.lt\/#website","url":"https:\/\/eheating.lt\/","name":"eHeating","description":"Elektronika ir \u0161ildymas","potentialAction":[{"@type":"SearchAction","target":{"@type":"EntryPoint","urlTemplate":"https:\/\/eheating.lt\/?s={search_term_string}"},"query-input":{"@type":"PropertyValueSpecification","valueRequired":true,"valueName":"search_term_string"}}],"inLanguage":"en-US"}]},"product_price_amount":"103.94","product_price_currency":"EUR","og_availability":"out of stock","product_availability":"out of stock","product_retailer_item_id":"6d314c115d4a","product_condition":"new"},"_links":{"self":[{"href":"https:\/\/eheating.lt\/en\/wp-json\/wp\/v2\/product\/18428","targetHints":{"allow":["GET"]}}],"collection":[{"href":"https:\/\/eheating.lt\/en\/wp-json\/wp\/v2\/product"}],"about":[{"href":"https:\/\/eheating.lt\/en\/wp-json\/wp\/v2\/types\/product"}],"replies":[{"embeddable":true,"href":"https:\/\/eheating.lt\/en\/wp-json\/wp\/v2\/comments?post=18428"}],"version-history":[{"count":0,"href":"https:\/\/eheating.lt\/en\/wp-json\/wp\/v2\/product\/18428\/revisions"}],"wp:featuredmedia":[{"embeddable":true,"href":"https:\/\/eheating.lt\/en\/wp-json\/wp\/v2\/media\/27921"}],"wp:attachment":[{"href":"https:\/\/eheating.lt\/en\/wp-json\/wp\/v2\/media?parent=18428"}],"wp:term":[{"taxonomy":"product_brand","embeddable":true,"href":"https:\/\/eheating.lt\/en\/wp-json\/wp\/v2\/product_brand?post=18428"},{"taxonomy":"product_cat","embeddable":true,"href":"https:\/\/eheating.lt\/en\/wp-json\/wp\/v2\/product_cat?post=18428"},{"taxonomy":"product_tag","embeddable":true,"href":"https:\/\/eheating.lt\/en\/wp-json\/wp\/v2\/product_tag?post=18428"}],"curies":[{"name":"wp","href":"https:\/\/api.w.org\/{rel}","templated":true}]}}