{"id":18426,"date":"2023-11-13T21:25:26","date_gmt":"2023-11-13T19:25:26","guid":{"rendered":"https:\/\/eheating.lt\/?post_type=product&#038;p=18426"},"modified":"2024-07-11T19:06:12","modified_gmt":"2024-07-11T16:06:12","slug":"hikvision-bullet-ds-2cd2047g1-l-f4","status":"publish","type":"product","link":"https:\/\/eheating.lt\/en\/produktas\/hikvision-bullet-ds-2cd2047g1-l-f4\/","title":{"rendered":"Hikvision bullet DS-2CD2047G1-L F4"},"content":{"rendered":"<table border=\"0\">\n<colgroup>\n<col \/>\n<col \/> <\/colgroup>\n<tbody>\n<tr>\n<td>Vaizdo jutiklis<\/td>\n<td>1\/1.8\u02ba Progressive Scan CMOS<\/td>\n<\/tr>\n<tr>\n<td>Minimalus ap\u0161vietimas<\/td>\n<td>0,0014 Lux @ (F1.0, AGC ON), 0 Lux su \u0161viesa<\/td>\n<\/tr>\n<tr>\n<td>Diafragmos u\u017erakto greitis<\/td>\n<td>1 s to 1\/100,000 s<\/td>\n<\/tr>\n<tr>\n<td>L\u0117tas u\u017eraktas<\/td>\n<td>Taip<\/td>\n<\/tr>\n<tr>\n<td>Platus dinaminis diapazonas (WDR)<\/td>\n<td>120 dB<\/td>\n<\/tr>\n<tr>\n<td>Pasukim\u0173 reguliavimas<\/td>\n<td>Pakreipimas: nuo 0\u00b0 iki 355\u00b0, pak\u0117limas: nuo 0\u00b0 iki 90\u00b0, pasukimas: nuo 0\u00b0 iki 360\u00b0<\/td>\n<\/tr>\n<tr>\n<td>Objektyvas ir matymo kampas<\/td>\n<td>4 mm, horizontalus 89\u00b0, vertikalus 46\u00b0, \u012fstri\u017eas 105\u00b0<\/td>\n<\/tr>\n<tr>\n<td>Diafragma<\/td>\n<td>F1.0<\/td>\n<\/tr>\n<tr>\n<td>Objektyvo tvirtinimas<\/td>\n<td>M16<\/td>\n<\/tr>\n<tr>\n<td>LED pa\u0161vietimas<\/td>\n<td>Iki 30m<\/td>\n<\/tr>\n<tr>\n<td>Maksimali rai\u0161ka<\/td>\n<td>2560 \u00d7 1440<\/td>\n<\/tr>\n<tr>\n<td>Pagrindinis srautas<\/td>\n<td>50Hz: 25kps (2560 \u00d7 1440, 2304 \u00d7 1296, 1920 \u00d7 1080, 1280 \u00d7 720)<br \/>\n60Hz: 24kps (2560 \u00d7 1440), 30kps(2304 \u00d7 1296, 1920 \u00d7 1080, 1280 \u00d7 720)<\/td>\n<\/tr>\n<tr>\n<td>Antrinis srautas<\/td>\n<td>50Hz: 25kps (640 \u00d7 480, 640 \u00d7 360, 320 \u00d7 240)<br \/>\n60Hz: 30kps (640 \u00d7 480, 640 \u00d7 360, 320 \u00d7 240)<\/td>\n<\/tr>\n<tr>\n<td>Tretinis starutas<\/td>\n<td>50Hz: 1kps (1280 \u00d7 720, 640 \u00d7 480, 640 \u00d7 360, 352 \u00d7 288, 320 \u00d7 240)<br \/>\n60Hz: 1kps (1280 \u00d7 720, 640 \u00d7 480, 640 \u00d7 360, 352 \u00d7 288, 320 \u00d7 240)<\/td>\n<\/tr>\n<tr>\n<td>Video suspaudimas<\/td>\n<td>Pagrindinis srautas: H.265 \/ H.264 \/ H.264 + \/ H.265 +<br \/>\nAntrinis srautas: H.265 \/ H.264 \/ MJPEG<br \/>\nTre\u010dias srautas: H.265 \/ H.264<\/td>\n<\/tr>\n<tr>\n<td>Video perdavimo sparta<\/td>\n<td>32 Kbps iki 8 Mbps<\/td>\n<\/tr>\n<tr>\n<td>H.264 Type<\/td>\n<td>Pradinis profilis \/ Pagrindinis profilis \/ Svarbiausias profilis<\/td>\n<\/tr>\n<tr>\n<td>H.265 Type<\/td>\n<td>Pagrindinis profilis<\/td>\n<\/tr>\n<tr>\n<td>Srauto tipas<\/td>\n<td>Pirminis \/ antrinis \/ tre\u010dias srautas<\/td>\n<\/tr>\n<tr>\n<td>Kei\u010diamo dyd\u017eio vaizdo kodavimo (SVC)<\/td>\n<td>Taip<\/td>\n<\/tr>\n<tr>\n<td>Interes\u0173 sritis (ROI)<\/td>\n<td>1 pastovi\u0105 srit\u012f kiekvienam sraute<\/td>\n<\/tr>\n<tr>\n<td>Vienalaikis tiesioginis vaizdas<\/td>\n<td>Iki 6 kanal\u0173<\/td>\n<\/tr>\n<tr>\n<td>API<\/td>\n<td>ONVIF (PROFILE S, PROFILE G), ISAPI, SDK<\/td>\n<\/tr>\n<tr>\n<td>Protokolai<\/td>\n<td>TCP\/IP,ICMP,HTTP,HTTPS,FTP,DHCP,DNS,DDNS,RTP,RTSP,NTP,UPnP,SMTP,IGMP,802.1X,QoS,IPv6,UDP,Bonjour,SSL\/TLS<\/td>\n<\/tr>\n<tr>\n<td>Vartotojai<\/td>\n<td>Iki 32 vartotoj\u0173. 3 vartotoj\u0173 lygiai: administratorius, operatorius ir vartotojas<\/td>\n<\/tr>\n<tr>\n<td>Apsauga<\/td>\n<td>Apsauga slapta\u017eod\u017eiu, sud\u0117tingas slapta\u017eodis, HTTPS \u0161ifravimas, vandens \u017eenklas, IP adreso filtras, pagrindin\u0117 ir suvestin\u0117 autentifikacija HTTP \/ HTTPS, WSSE ir suvestini\u0173 autentifikavimas ONVIF, RTP \/ RTSP OVER HTTPS, Valdymo laiko nustatymai, Apsaugos audito \u017eurnalas, TLS 1.2<\/td>\n<\/tr>\n<tr>\n<td>Tinklinis talpinimas<\/td>\n<td>\u201eMicroSD\u201c \/ SDHC \/ SDXC kortel\u0117s (256 GB) vietin\u0117 saugykla, ir NAS (NFS, SMB \/ CIFS), automatinis tinklo papildymas (ANR)<\/td>\n<\/tr>\n<tr>\n<td>Programos<\/td>\n<td>iVMS-4200, Hik-Connect, Hik-Central<\/td>\n<\/tr>\n<tr>\n<td>Interneto nar\u0161ykl\u0117<\/td>\n<td>Gyvai per\u017ei\u016brai reikalingas \u012fskiepis:\u201e IE8 + \u201c,\u201e Chrome 41.0\u201344 \u201c,\u201e Firefox \u201c30.0\u201351,\u201e Safari 8.0\u201311<\/td>\n<\/tr>\n<tr>\n<td>Diena \/ naktis perjungimas<\/td>\n<td>Diena, naktis<\/td>\n<\/tr>\n<tr>\n<td>Vaizdo gerinimas<\/td>\n<td>BLC, HLC, 3D DNR<\/td>\n<\/tr>\n<tr>\n<td>Vaizdo nustatymai<\/td>\n<td>Sodrumas, ry\u0161kumas, kontrastas, ry\u0161kumas, AGC ir baltos spalvos balansas yra reguliuojamas kliento programine \u012franga arba interneto nar\u0161ykle<\/td>\n<\/tr>\n<tr>\n<td>Triuk\u0161mo lygis<\/td>\n<td>&gt;50dB<\/td>\n<\/tr>\n<tr>\n<td>RS-232<\/td>\n<td>Taip<\/td>\n<\/tr>\n<tr>\n<td>Vidin\u0117 atmintis<\/td>\n<td>Integruotas \u201emicro SD \/ SDHC \/ SDXC\u201c lizdas, iki 256 GB<\/td>\n<\/tr>\n<tr>\n<td>\u012erangos perkrovimas<\/td>\n<td>Taip<\/td>\n<\/tr>\n<tr>\n<td>Ry\u0161io s\u0105saja<\/td>\n<td>1 RJ45 10M \/ 100M savaime pritaikomas eterneto prievadas<\/td>\n<\/tr>\n<tr>\n<td>Pagrindiniai \u012fvykiai<\/td>\n<td>Judesio aptikimas, vaizdo sugadinimo aliarmas, i\u0161imtis (tinklas atjungtas, IP adreso konfliktas, neteis\u0117tas prisijungimas, visas HDD, HDD klaida), scenos poky\u010di\u0173 aptikimas<\/td>\n<\/tr>\n<tr>\n<td>Premier apsauga<\/td>\n<td>Linijos per\u0117jimo aptikimas, \u012fsibrovimo aptikimas<\/td>\n<\/tr>\n<tr>\n<td>Ry\u0161io metodas<\/td>\n<td>\u012ek\u0117limas \u012f FTP \/ NAS \/ atminties kortel\u0119, prane\u0161imas \u012f steb\u0117jimo centr\u0105, \u012fra\u0161o suaktyvinimas, lemput\u0117s \u012fjungimas, garsinis \u012fsp\u0117jimas<\/td>\n<\/tr>\n<tr>\n<td>Programos kalbos<\/td>\n<td>Angl\u0173, rus\u0173, ital\u0173, pranc\u016bz\u0173, lenk\u0173, portugal\u0173, ispan\u0173, turk\u0173<\/td>\n<\/tr>\n<tr>\n<td>Bendrosios funkcijos<\/td>\n<td>Vieno klavi\u0161o atstatymas, apsauga nuo mirg\u0117jimo, veidrodis, slapta\u017eod\u017eio apsauga, privatumo kauk\u0117s, IP adreso konfliktas, \u201eFlash\u201c \u017eurnalas<\/td>\n<\/tr>\n<tr>\n<td>Programin\u0117s \u012frangos perkrovimas<\/td>\n<td>Taip<\/td>\n<\/tr>\n<tr>\n<td>Laikymo s\u0105lygos<\/td>\n<td>Nuo -30 \u00b0 C iki 60 \u00b0 C dr\u0117gnumas ne didesnis kaip 95% (nekondensuotas)<\/td>\n<\/tr>\n<tr>\n<td>Paleidimo ir eksploatavimo s\u0105lygos<\/td>\n<td>Nuo -30 \u00b0 C iki 60 \u00b0 C dr\u0117gnumas ne didesnis kaip 95% (nekondensuotas)<\/td>\n<\/tr>\n<tr>\n<td>Maitinimas<\/td>\n<td>12 VDC \u00b1 20%, PoE:802.3af<\/td>\n<\/tr>\n<tr>\n<td>Energijos suvartojimas<\/td>\n<td>12 VDC, 0,5 A, maks. 6 W; PoE: (802,3af, nuo 36 V iki 57 V), 0,2 A &#8211; 0,1 A, maks. 7,5 W<\/td>\n<\/tr>\n<tr>\n<td>Maitinimo jungtis<\/td>\n<td>\u00d85,5 mm koaksialinis maitinimo ki\u0161tukas<\/td>\n<\/tr>\n<tr>\n<td>Matmenys<\/td>\n<td>85\u00d7 85\u00d7 218 mm<\/td>\n<\/tr>\n<tr>\n<td>Pakuot\u0117s matmenys<\/td>\n<td>315\u00d7 137\u00d7 141 mm<\/td>\n<\/tr>\n<tr>\n<td>Svoris<\/td>\n<td>0.710 kg<\/td>\n<\/tr>\n<tr>\n<td>Pakuot\u0117s svoris<\/td>\n<td>1.035 kg<\/td>\n<\/tr>\n<tr>\n<td>EMC<\/td>\n<td>CE-EMC (EN 55032: 2015, EN 61000-3-2: 2014, EN 61000-3-3: 2013, EN 50130-4: 2011 +A1: 2014); RCM (AS\/NZS CISPR 32: 2015); IC (ICES-003: Issue 6, 2016); KC (KN 32: 2015, KN 35: 2015)<\/td>\n<\/tr>\n<tr>\n<td>Saugumas<\/td>\n<td>UL (UL 60950-1); CB (IEC 60950-1:2005 + Am 1:2009 + Am 2:2013); CE-LVD (EN 60950-1:2005 + Am 1:2009 + Am 2:2013); BIS (IS 13252(Part 1):2010+A1:2013+A2:2015); LOA (IEC\/EN 60950-1)<\/td>\n<\/tr>\n<tr>\n<td>Aplinka<\/td>\n<td>\u201eCE-RoHS\u201c (2011\/65 \/ ES); EE\u012e atliek\u0173 (2012\/19 \/ ES); Pasiekiamumas (Reglamentas (EB) Nr. 1907\/2006)<\/td>\n<\/tr>\n<tr>\n<td>Apsauga<\/td>\n<td>Apsauga: IP67 (IEC 60.529-2.013)<\/td>\n<\/tr>\n<\/tbody>\n<\/table>\n","protected":false},"excerpt":{"rendered":"<ul>\n<li>4MP IP bullet kamera<\/li>\n<li>ColorVu technologijos<\/li>\n<li>Objektyvas -4 mm<\/li>\n<li>Vaizdo \u012fra\u0161\u0173 glaudinimas H.265, H.265 +, H.264, H.264 +<\/li>\n<li>Vaizdo jutiklis 1 \/ 1,8 \u201dprogresyvaus nuskaitymo CMOS<\/li>\n<li>Min. ap\u0161vietimas spalvai: 0,0014 Lux @ (F1.0, AGC ON), 0 Lux su \u0161viesa<\/li>\n<li>LED pa\u0161vietimas iki 30m<\/li>\n<li>Vidin\u0117 atmintis iki 256 GB<\/li>\n<li>Darbo s\u0105lygos nuo -30 \u00b0 C iki + 60 \u00b0 C<\/li>\n<\/ul>\n","protected":false},"featured_media":27919,"comment_status":"closed","ping_status":"closed","template":"","meta":[],"product_brand":[],"product_cat":[426,534,533],"product_tag":[],"class_list":{"0":"post-18426","1":"product","2":"type-product","3":"status-publish","4":"has-post-thumbnail","6":"product_cat-ip-cilindrines-kameros","7":"product_cat-ip-kameros","8":"product_cat-ip-vaizdo-stebejimo-sistemos","10":"first","11":"instock","12":"taxable","13":"shipping-taxable","14":"purchasable","15":"product-type-simple"},"yoast_head":"<!-- This site is optimized with the Yoast SEO Premium plugin v21.5 (Yoast SEO v27.4) - https:\/\/yoast.com\/product\/yoast-seo-premium-wordpress\/ -->\n<title>Hikvision bullet DS-2CD2047G1-L F4<\/title>\n<meta name=\"description\" content=\"Hikvision bullet DS-2CD2047G1-L F4 IP kamera ; LED pa\u0161vietimas iki 30m ; Rai\u0161ka - 4MP ; Spalvotas vaizdas nakt\u012f ; Vidin\u0117 atmintis iki 256 GB\" \/>\n<meta name=\"robots\" content=\"index, follow, max-snippet:-1, max-image-preview:large, max-video-preview:-1\" \/>\n<link rel=\"canonical\" href=\"https:\/\/eheating.lt\/produktas\/hikvision-bullet-ds-2cd2047g1-l-f4\/\" \/>\n<meta property=\"og:locale\" content=\"en_US\" \/>\n<meta property=\"og:type\" content=\"article\" \/>\n<meta property=\"og:title\" content=\"Hikvision bullet DS-2CD2047G1-L F4\" \/>\n<meta property=\"og:description\" content=\"Hikvision bullet DS-2CD2047G1-L F4 IP kamera ; LED pa\u0161vietimas iki 30m ; Rai\u0161ka - 4MP ; Spalvotas vaizdas nakt\u012f ; Vidin\u0117 atmintis iki 256 GB\" \/>\n<meta property=\"og:url\" content=\"https:\/\/eheating.lt\/produktas\/hikvision-bullet-ds-2cd2047g1-l-f4\/\" \/>\n<meta property=\"og:site_name\" content=\"Elektronika Namams\" \/>\n<meta property=\"article:publisher\" content=\"https:\/\/www.facebook.com\/ElektronikaNamams\" \/>\n<meta property=\"article:modified_time\" content=\"2024-07-11T16:06:12+00:00\" \/>\n<meta property=\"og:image\" content=\"https:\/\/eheating.lt\/wp-content\/uploads\/2023\/10\/Hikvision-bullet-DS-2CD2047G1-L-F4.png\" \/>\n\t<meta property=\"og:image:width\" content=\"800\" \/>\n\t<meta property=\"og:image:height\" content=\"800\" \/>\n\t<meta property=\"og:image:type\" content=\"image\/png\" \/>\n<meta name=\"twitter:card\" content=\"summary_large_image\" \/>\n<meta name=\"twitter:label1\" content=\"Price\" \/>\n\t<meta name=\"twitter:data1\" content=\"264,37&nbsp;&euro;\" \/>\n\t<meta name=\"twitter:label2\" content=\"Availability\" \/>\n\t<meta name=\"twitter:data2\" content=\"In stock\" \/>\n<script type=\"application\/ld+json\" class=\"yoast-schema-graph\">{\"@context\":\"https:\\\/\\\/schema.org\",\"@graph\":[{\"@type\":\"WebPage\",\"@id\":\"https:\\\/\\\/eheating.lt\\\/produktas\\\/hikvision-bullet-ds-2cd2047g1-l-f4\\\/\",\"url\":\"https:\\\/\\\/eheating.lt\\\/produktas\\\/hikvision-bullet-ds-2cd2047g1-l-f4\\\/\",\"name\":\"Hikvision bullet DS-2CD2047G1-L F4\",\"isPartOf\":{\"@id\":\"https:\\\/\\\/eheating.lt\\\/#website\"},\"primaryImageOfPage\":{\"@id\":\"https:\\\/\\\/eheating.lt\\\/produktas\\\/hikvision-bullet-ds-2cd2047g1-l-f4\\\/#primaryimage\"},\"image\":{\"@id\":\"https:\\\/\\\/eheating.lt\\\/produktas\\\/hikvision-bullet-ds-2cd2047g1-l-f4\\\/#primaryimage\"},\"thumbnailUrl\":\"https:\\\/\\\/eheating.lt\\\/wp-content\\\/uploads\\\/2023\\\/10\\\/Hikvision-bullet-DS-2CD2047G1-L-F4.png\",\"datePublished\":\"2023-11-13T19:25:26+00:00\",\"dateModified\":\"2024-07-11T16:06:12+00:00\",\"description\":\"Hikvision bullet DS-2CD2047G1-L F4 IP kamera ; LED pa\u0161vietimas iki 30m ; Rai\u0161ka - 4MP ; Spalvotas vaizdas nakt\u012f ; Vidin\u0117 atmintis iki 256 GB\",\"breadcrumb\":{\"@id\":\"https:\\\/\\\/eheating.lt\\\/produktas\\\/hikvision-bullet-ds-2cd2047g1-l-f4\\\/#breadcrumb\"},\"inLanguage\":\"en-US\",\"potentialAction\":[{\"@type\":\"ReadAction\",\"target\":[\"https:\\\/\\\/eheating.lt\\\/produktas\\\/hikvision-bullet-ds-2cd2047g1-l-f4\\\/\"]}]},{\"@type\":\"ImageObject\",\"inLanguage\":\"en-US\",\"@id\":\"https:\\\/\\\/eheating.lt\\\/produktas\\\/hikvision-bullet-ds-2cd2047g1-l-f4\\\/#primaryimage\",\"url\":\"https:\\\/\\\/eheating.lt\\\/wp-content\\\/uploads\\\/2023\\\/10\\\/Hikvision-bullet-DS-2CD2047G1-L-F4.png\",\"contentUrl\":\"https:\\\/\\\/eheating.lt\\\/wp-content\\\/uploads\\\/2023\\\/10\\\/Hikvision-bullet-DS-2CD2047G1-L-F4.png\",\"width\":800,\"height\":800,\"caption\":\"Hikvision bullet DS-2CD2047G1-L F4\"},{\"@type\":\"BreadcrumbList\",\"@id\":\"https:\\\/\\\/eheating.lt\\\/produktas\\\/hikvision-bullet-ds-2cd2047g1-l-f4\\\/#breadcrumb\",\"itemListElement\":[{\"@type\":\"ListItem\",\"position\":1,\"name\":\"Prad\u017eia\",\"item\":\"https:\\\/\\\/eheating.lt\\\/en\\\/\"},{\"@type\":\"ListItem\",\"position\":2,\"name\":\"Shop\",\"item\":\"https:\\\/\\\/eheating.lt\\\/en\\\/?page_id=5734\"},{\"@type\":\"ListItem\",\"position\":3,\"name\":\"Hikvision bullet DS-2CD2047G1-L F4\"}]},{\"@type\":\"WebSite\",\"@id\":\"https:\\\/\\\/eheating.lt\\\/#website\",\"url\":\"https:\\\/\\\/eheating.lt\\\/\",\"name\":\"eHeating\",\"description\":\"Elektronika ir \u0161ildymas\",\"potentialAction\":[{\"@type\":\"SearchAction\",\"target\":{\"@type\":\"EntryPoint\",\"urlTemplate\":\"https:\\\/\\\/eheating.lt\\\/?s={search_term_string}\"},\"query-input\":{\"@type\":\"PropertyValueSpecification\",\"valueRequired\":true,\"valueName\":\"search_term_string\"}}],\"inLanguage\":\"en-US\"}]}<\/script>\n<meta property=\"product:price:amount\" content=\"264.37\" \/>\n<meta property=\"product:price:currency\" content=\"EUR\" \/>\n<meta property=\"og:availability\" content=\"instock\" \/>\n<meta property=\"product:availability\" content=\"instock\" \/>\n<meta property=\"product:retailer_item_id\" content=\"7f671ccc6647\" \/>\n<meta property=\"product:condition\" content=\"new\" \/>\n<!-- \/ Yoast SEO Premium plugin. -->","yoast_head_json":{"title":"Hikvision bullet DS-2CD2047G1-L F4","description":"Hikvision bullet DS-2CD2047G1-L F4 IP kamera ; LED pa\u0161vietimas iki 30m ; Rai\u0161ka - 4MP ; Spalvotas vaizdas nakt\u012f ; Vidin\u0117 atmintis iki 256 GB","robots":{"index":"index","follow":"follow","max-snippet":"max-snippet:-1","max-image-preview":"max-image-preview:large","max-video-preview":"max-video-preview:-1"},"canonical":"https:\/\/eheating.lt\/produktas\/hikvision-bullet-ds-2cd2047g1-l-f4\/","og_locale":"en_US","og_type":"article","og_title":"Hikvision bullet DS-2CD2047G1-L F4","og_description":"Hikvision bullet DS-2CD2047G1-L F4 IP kamera ; LED pa\u0161vietimas iki 30m ; Rai\u0161ka - 4MP ; Spalvotas vaizdas nakt\u012f ; Vidin\u0117 atmintis iki 256 GB","og_url":"https:\/\/eheating.lt\/produktas\/hikvision-bullet-ds-2cd2047g1-l-f4\/","og_site_name":"Elektronika Namams","article_publisher":"https:\/\/www.facebook.com\/ElektronikaNamams","article_modified_time":"2024-07-11T16:06:12+00:00","og_image":[{"width":800,"height":800,"url":"https:\/\/eheating.lt\/wp-content\/uploads\/2023\/10\/Hikvision-bullet-DS-2CD2047G1-L-F4.png","type":"image\/png"}],"twitter_card":"summary_large_image","twitter_misc":{"Price":"264,37&nbsp;&euro;","Availability":"In stock"},"schema":{"@context":"https:\/\/schema.org","@graph":[{"@type":"WebPage","@id":"https:\/\/eheating.lt\/produktas\/hikvision-bullet-ds-2cd2047g1-l-f4\/","url":"https:\/\/eheating.lt\/produktas\/hikvision-bullet-ds-2cd2047g1-l-f4\/","name":"Hikvision bullet DS-2CD2047G1-L F4","isPartOf":{"@id":"https:\/\/eheating.lt\/#website"},"primaryImageOfPage":{"@id":"https:\/\/eheating.lt\/produktas\/hikvision-bullet-ds-2cd2047g1-l-f4\/#primaryimage"},"image":{"@id":"https:\/\/eheating.lt\/produktas\/hikvision-bullet-ds-2cd2047g1-l-f4\/#primaryimage"},"thumbnailUrl":"https:\/\/eheating.lt\/wp-content\/uploads\/2023\/10\/Hikvision-bullet-DS-2CD2047G1-L-F4.png","datePublished":"2023-11-13T19:25:26+00:00","dateModified":"2024-07-11T16:06:12+00:00","description":"Hikvision bullet DS-2CD2047G1-L F4 IP kamera ; LED pa\u0161vietimas iki 30m ; Rai\u0161ka - 4MP ; Spalvotas vaizdas nakt\u012f ; Vidin\u0117 atmintis iki 256 GB","breadcrumb":{"@id":"https:\/\/eheating.lt\/produktas\/hikvision-bullet-ds-2cd2047g1-l-f4\/#breadcrumb"},"inLanguage":"en-US","potentialAction":[{"@type":"ReadAction","target":["https:\/\/eheating.lt\/produktas\/hikvision-bullet-ds-2cd2047g1-l-f4\/"]}]},{"@type":"ImageObject","inLanguage":"en-US","@id":"https:\/\/eheating.lt\/produktas\/hikvision-bullet-ds-2cd2047g1-l-f4\/#primaryimage","url":"https:\/\/eheating.lt\/wp-content\/uploads\/2023\/10\/Hikvision-bullet-DS-2CD2047G1-L-F4.png","contentUrl":"https:\/\/eheating.lt\/wp-content\/uploads\/2023\/10\/Hikvision-bullet-DS-2CD2047G1-L-F4.png","width":800,"height":800,"caption":"Hikvision bullet DS-2CD2047G1-L F4"},{"@type":"BreadcrumbList","@id":"https:\/\/eheating.lt\/produktas\/hikvision-bullet-ds-2cd2047g1-l-f4\/#breadcrumb","itemListElement":[{"@type":"ListItem","position":1,"name":"Prad\u017eia","item":"https:\/\/eheating.lt\/en\/"},{"@type":"ListItem","position":2,"name":"Shop","item":"https:\/\/eheating.lt\/en\/?page_id=5734"},{"@type":"ListItem","position":3,"name":"Hikvision bullet DS-2CD2047G1-L F4"}]},{"@type":"WebSite","@id":"https:\/\/eheating.lt\/#website","url":"https:\/\/eheating.lt\/","name":"eHeating","description":"Elektronika ir \u0161ildymas","potentialAction":[{"@type":"SearchAction","target":{"@type":"EntryPoint","urlTemplate":"https:\/\/eheating.lt\/?s={search_term_string}"},"query-input":{"@type":"PropertyValueSpecification","valueRequired":true,"valueName":"search_term_string"}}],"inLanguage":"en-US"}]},"product_price_amount":"264.37","product_price_currency":"EUR","og_availability":"instock","product_availability":"instock","product_retailer_item_id":"7f671ccc6647","product_condition":"new"},"_links":{"self":[{"href":"https:\/\/eheating.lt\/en\/wp-json\/wp\/v2\/product\/18426","targetHints":{"allow":["GET"]}}],"collection":[{"href":"https:\/\/eheating.lt\/en\/wp-json\/wp\/v2\/product"}],"about":[{"href":"https:\/\/eheating.lt\/en\/wp-json\/wp\/v2\/types\/product"}],"replies":[{"embeddable":true,"href":"https:\/\/eheating.lt\/en\/wp-json\/wp\/v2\/comments?post=18426"}],"version-history":[{"count":0,"href":"https:\/\/eheating.lt\/en\/wp-json\/wp\/v2\/product\/18426\/revisions"}],"wp:featuredmedia":[{"embeddable":true,"href":"https:\/\/eheating.lt\/en\/wp-json\/wp\/v2\/media\/27919"}],"wp:attachment":[{"href":"https:\/\/eheating.lt\/en\/wp-json\/wp\/v2\/media?parent=18426"}],"wp:term":[{"taxonomy":"product_brand","embeddable":true,"href":"https:\/\/eheating.lt\/en\/wp-json\/wp\/v2\/product_brand?post=18426"},{"taxonomy":"product_cat","embeddable":true,"href":"https:\/\/eheating.lt\/en\/wp-json\/wp\/v2\/product_cat?post=18426"},{"taxonomy":"product_tag","embeddable":true,"href":"https:\/\/eheating.lt\/en\/wp-json\/wp\/v2\/product_tag?post=18426"}],"curies":[{"name":"wp","href":"https:\/\/api.w.org\/{rel}","templated":true}]}}