{"id":18416,"date":"2023-11-13T21:25:31","date_gmt":"2023-11-13T19:25:31","guid":{"rendered":"https:\/\/eheating.lt\/?post_type=product&#038;p=18416"},"modified":"2024-10-18T17:09:38","modified_gmt":"2024-10-18T14:09:38","slug":"hikvision-bullet-ds-2cv2041g2-idw-f2-8","status":"publish","type":"product","link":"https:\/\/eheating.lt\/en\/produktas\/hikvision-bullet-ds-2cv2041g2-idw-f2-8\/","title":{"rendered":"Hikvision bullet DS-2CV2041G2-IDW F2.8"},"content":{"rendered":"<table>\n<tbody>\n<tr>\n<td>Sensorius<\/td>\n<td>1\/2.7&#8243; Progressive Scan CMOS<\/td>\n<\/tr>\n<tr>\n<td>Min.ap\u0161vietimas<\/td>\n<td>Color: 0.009 Lux @ (F1.6, AGC ON), 0 Lux with IR<\/td>\n<\/tr>\n<tr>\n<td>U\u017erakto laikas<\/td>\n<td>1\/3 s to 1\/100,000 s<\/td>\n<\/tr>\n<tr>\n<td>L\u0117tas u\u017eraktas<\/td>\n<td>Yes<\/td>\n<\/tr>\n<tr>\n<td>WDR<\/td>\n<td>120 dB<\/td>\n<\/tr>\n<tr>\n<td>Diena\/naktis<\/td>\n<td>ICR Cut<\/td>\n<\/tr>\n<tr>\n<td>Kampo valdymas<\/td>\n<td>Pan: 0\u00b0 to 360\u00b0, tilt: 0\u00b0 to90\u00b0, rotate: 0\u00b0 to 360\u00b0<\/td>\n<\/tr>\n<tr>\n<td>Objektyvas<\/td>\n<td>2.8 mm, horizontal FOV: 97\u00b0, vertical FOV: 52\u00b0, diagonal FOV: 114\u00b0 4 mm, horizontal FOV: 79\u00b0, vertical FOV: 42\u00b0, diagonal FOV: 93\u00b0<\/td>\n<\/tr>\n<tr>\n<td>Diafragma<\/td>\n<td>F1.6<\/td>\n<\/tr>\n<tr>\n<td>Montavimas<\/td>\n<td>M12<\/td>\n<\/tr>\n<tr>\n<td>Fiksuota diafragma<\/td>\n<td>Yes<\/td>\n<\/tr>\n<tr>\n<td>IR atstumas<\/td>\n<td>Up to 30 m<\/td>\n<\/tr>\n<tr>\n<td>Bangos ilgis<\/td>\n<td>850 nm<\/td>\n<\/tr>\n<tr>\n<td>Vaizdinis pavojaus signalas<\/td>\n<td>Yes<\/td>\n<\/tr>\n<tr>\n<td>Maks.rai\u0161ka<\/td>\n<td>2560 \u00d7 1440<\/td>\n<\/tr>\n<tr>\n<td>Pagr. srautas<\/td>\n<td>50Hz: 25 fps (2560 \u00d7 1440, 1920 \u00d7 1080, 1280 \u00d7 720) 60Hz: 30 fps (2560 \u00d7 1440, 1920 \u00d7 1080, 1280 \u00d7 720)<\/td>\n<\/tr>\n<tr>\n<td>Antrinis srautas<\/td>\n<td>50Hz: 25 fps (640 \u00d7 360) 60Hz: 30 fps (640 \u00d7 360)<\/td>\n<\/tr>\n<tr>\n<td>Vaizdo suspaudimas<\/td>\n<td>Main stream\/Sub-stream: H.265\/H.264<\/td>\n<\/tr>\n<tr>\n<td>Vaizdo bit\u0173 greitis<\/td>\n<td>32 Kbps to 8Mbps<\/td>\n<\/tr>\n<tr>\n<td>H.264 tipas<\/td>\n<td>BaseLine Profile\/Main Profile\/High Profile<\/td>\n<\/tr>\n<tr>\n<td>H.265 tipas<\/td>\n<td>Main Profile<\/td>\n<\/tr>\n<tr>\n<td>Srauto tipas<\/td>\n<td>Main stream and sub-stream<\/td>\n<\/tr>\n<tr>\n<td>ROI<\/td>\n<td>1 fixed region for main stream<\/td>\n<\/tr>\n<tr>\n<td>Aplinkos triuk\u0161mo slopinimas<\/td>\n<td>Yes<\/td>\n<\/tr>\n<tr>\n<td>Garso \u0117mini\u0173 da\u017enis<\/td>\n<td>8 kHz\/16 kHz<\/td>\n<\/tr>\n<tr>\n<td>Garso suspaudimas<\/td>\n<td>G.711\/G.722.1\/G.726\/MP2L2\/PCM<\/td>\n<\/tr>\n<tr>\n<td>Garso bit\u0173 greitis<\/td>\n<td>64Kbps(G.711)\/16Kbps(G.722.1)\/16Kbps(G.726)\/32-160Kbps(MP2L2)<\/td>\n<\/tr>\n<tr>\n<td>Transliacija<\/td>\n<td>Up to 6 channels<\/td>\n<\/tr>\n<tr>\n<td>API<\/td>\n<td>ISAPI, SDK<\/td>\n<\/tr>\n<tr>\n<td>Protokolai<\/td>\n<td>TCP\/IP, ICMP, HTTP, FTP, DHCP, DNS, DDNS, RTP, RTSP,R TCP, NTP, UPnP, SMTP, IGMP, QoS, IPv6, UDP, Bonjour, SSL\/TLS<\/td>\n<\/tr>\n<tr>\n<td>User\/Host<\/td>\n<td>Up to 32 users 3 levels: Administrator, Operator and User<\/td>\n<\/tr>\n<tr>\n<td>Apsauga<\/td>\n<td>Password protection, complicated password, HTTPS encryption, 802.1X authentication (EAP-TLS, EAP-LEAP, EAP-MD5), watermark, IP address filter, basic and digest authentication for HTTP\/HTTPS, WSSE and digest authentication for ONVIF, RTP\/RTSP OVER HTTPS, Control Timeout Settings, Security Audit Log, TLS 1.2<\/td>\n<\/tr>\n<tr>\n<td>Tinklo saugykla<\/td>\n<td>NAS (NFS, SMB\/CIFS)<\/td>\n<\/tr>\n<tr>\n<td>Kliento programin\u0117 \u012franga<\/td>\n<td>Wired network: Hik-Connect, iVMS-4200 Wi-Fi: iVMS-4200<\/td>\n<\/tr>\n<tr>\n<td>Nar\u0161ykl\u0117<\/td>\n<td>Plug-in required live view: IE8+, Chrome41.0-44, Firefox30.0-51, Safari8.0-11; Plug-in free live view: Chrome 45.0+, Firefox 52.0+<\/td>\n<\/tr>\n<tr>\n<td>Diena\/naktis jungiklis<\/td>\n<td>Day\/Night\/Auto\/Schedule<\/td>\n<\/tr>\n<tr>\n<td>Vaizdo gerinimas<\/td>\n<td>BLC, HLC, 3D DNR<\/td>\n<\/tr>\n<tr>\n<td>Vaizdo nustatymai<\/td>\n<td>Saturation, brightness, contrast, sharpness, AGC, and white balance are adjustable by client software or web browser<\/td>\n<\/tr>\n<tr>\n<td>Garsas<\/td>\n<td>1 built-in microphone, 1 built-in speaker<\/td>\n<\/tr>\n<tr>\n<td>Vidin\u0117 atmintis<\/td>\n<td>Built-in micro SD\/SDHC\/SDXC slot, up to 256 GB<\/td>\n<\/tr>\n<tr>\n<td>Perkrovimas<\/td>\n<td>Yes<\/td>\n<\/tr>\n<tr>\n<td>Ry\u0161io s\u0105saja<\/td>\n<td>1 RJ45 10M\/100M self-adaptive Ethernet port<\/td>\n<\/tr>\n<tr>\n<td>Pagrindinis \u012fvykis<\/td>\n<td>Motion detection, flashing alarm light output, audible alarm output, exception (network disconnected, IP address conflict, illegal login, HDD full, HDD error)<\/td>\n<\/tr>\n<tr>\n<td>Susiejimo metodai<\/td>\n<td>Upload to NAS\/memory card, notify surveillance center, trigger record, trigger capture, strobe light, audible warning<\/td>\n<\/tr>\n<tr>\n<td>Atnaujinimas internetu<\/td>\n<td>Yes<\/td>\n<\/tr>\n<tr>\n<td>Programin\u0117s \u012frangos versija<\/td>\n<td>V5.5.132<\/td>\n<\/tr>\n<tr>\n<td>Pagrindin\u0117s funkcijos<\/td>\n<td>One-key reset, anti-flicker, heartbeat, mirror, password protection, watermark, IP address filter, flash log, pixel counter<\/td>\n<\/tr>\n<tr>\n<td>Programinis perkrovimas<\/td>\n<td>Yes<\/td>\n<\/tr>\n<tr>\n<td>Saugyklos darbo s\u0105lygos<\/td>\n<td>-30 \u00b0C to 60 \u00b0C (-22 \u00b0F to 140 \u00b0F)<\/td>\n<\/tr>\n<tr>\n<td>Paleidimo ir darbin\u0117s s\u0105lygos<\/td>\n<td>-30 \u00b0C to 60 \u00b0C (-22 \u00b0F to 140 \u00b0F)<\/td>\n<\/tr>\n<tr>\n<td>Maitnimas<\/td>\n<td>12 VDC\u00b125%, reverse polarity protection<\/td>\n<\/tr>\n<tr>\n<td>Suvartojimas<\/td>\n<td>12 VDC, 0.67 A, max.8.0 W<\/td>\n<\/tr>\n<tr>\n<td>Galios s\u0105saja<\/td>\n<td>\u00d85.5 mm coaxial power plug<\/td>\n<\/tr>\n<tr>\n<td>Med\u017eiaga<\/td>\n<td>Front cover: metal, back cover: plastic<\/td>\n<\/tr>\n<tr>\n<td>Kameros matmenys<\/td>\n<td>175.6\u00d7 73.0 \u00d7 89.1 mm (6.91&#8243; \u00d7 2.87&#8243; \u00d7 3.51&#8243;)<\/td>\n<\/tr>\n<tr>\n<td>Pakuot\u0117s matmenys<\/td>\n<td>260 \u00d7 125 \u00d7 125 mm (10.24&#8243; \u00d7 4.92&#8243; \u00d7 4.92&#8243;)<\/td>\n<\/tr>\n<tr>\n<td>Kameros svoris<\/td>\n<td>450 g (0.99 lb.)<\/td>\n<\/tr>\n<tr>\n<td>Svoris su pakuote<\/td>\n<td>770 g (1.70 lb.)<\/td>\n<\/tr>\n<tr>\n<td>EMC<\/td>\n<td>FCC ID (47 CFR Part 15, Subpart B); CE-EMC (EN 55032: 2015, EN 61000-3-2: 2014, EN 61000-3-3: 2013, EN 50130-4: 2011 +A1: 2014); RCM (AS\/NZS CISPR 32: 2015); IC (ICES-003: Issue 6, 2016); KC (KN 32: 2015, KN 35: 2015)<\/td>\n<\/tr>\n<tr>\n<td>RF<\/td>\n<td>FCC ID (FCC Part 15.247(BT or 2.4G)); IC ID (RSS-247(BT or 2.4G)); CE-RED (EN 301489-1 V2.1.1(BT or 2.4G); EN 301489-17 V3.1.1(BT or 2.4G); EN 300328 V2.1.1(BT or 2.4G); EN 62311:2008(BT or 2.4G)); WPC (EN 301 489-1 V2.1.1(BT or 2.4G); EN 301 489-17 V3.1.1(BT or 2.4G); EN 300 328 V2.1.1(BT or 2.4G); EN 62311:2008(BT or 2.4G); EN 55032:2015; EN 61000-3-2:2014; EN 61000-3-3:2013; EN 50130-4:2011 +A1:2014); KC (KN 32:2015; KN 35: 2015; KN 301489-1; KN 301489-17); ICASA (EN 301 489-1 V2.1.1(BT or 2.4G); EN 301 489-17 V3.1.1(BT or 2.4G); EN 300 328 V2.1.1(BT or 2.4G); EN 62311:2008(BT or 2.4G); EN 55032:2015; EN 61000-3-2:2014; EN 61000-3-3:2013; EN 50130-4:2011 +A1:2014; EN 60950-1:2005 + Am 1:2009 + Am 2:2013)<\/td>\n<\/tr>\n<tr>\n<td>Saugumas<\/td>\n<td>UL (UL 60950-1); CB (IEC 60950-1:2005 + Am 1:2009 + Am 2:2013); CE-LVD (EN 60950-1:2005 + Am 1:2009 + Am 2:2013); BIS (IS 13252(Part 1):2010+A1:2013+A2:2015); LOA (IEC\/EN 60950-1)<\/td>\n<\/tr>\n<tr>\n<td>Aplinka<\/td>\n<td>CE-RoHS (2011\/65\/EU); WEEE (2012\/19\/EU); Reach (Regulation (EC) No 1907\/2006) Reach Regulation (EC) No 1907\/2006<\/td>\n<\/tr>\n<tr>\n<td>Apsauga<\/td>\n<td>Ingress protection: IP66 (IEC 60529-2013)<\/td>\n<\/tr>\n<tr>\n<td>\u0160ifravimas<\/td>\n<td>64\/128-bit WEP, WPA-EAP\/WPA2-EAP, WPA-PSK\/WPA4-PSK<\/td>\n<\/tr>\n<tr>\n<td>Wi-Fiprotokolas<\/td>\n<td>IEEE802.11b, 802.11g, 802.11n<\/td>\n<\/tr>\n<tr>\n<td>Da\u017enio diapazonas<\/td>\n<td>2.4 GHz &#8211; 2.4835 GHz<\/td>\n<\/tr>\n<tr>\n<td>Kanal\u0173 da\u017enio juosta<\/td>\n<td>20\/40 MHz<\/td>\n<\/tr>\n<tr>\n<td>Moduliavimas<\/td>\n<td>802.11b: CCK, QPSK, BPSK 802.11g\/n: OFDM<\/td>\n<\/tr>\n<tr>\n<td>Bevielio tinklo apr\u0117ptis<\/td>\n<td>Up to 120 m (The performance varies based on actual environment.)<\/td>\n<\/tr>\n<\/tbody>\n<\/table>\n","protected":false},"excerpt":{"rendered":"<ul>\n<li>4MP (MegaPixel) bullet IP kamera<\/li>\n<li>Antenna 2.4G Wi-Fi signalas atvirose vietose siekia iki 120m<\/li>\n<li>Mikrofonas ir garsiakalbis, abipusis garso ry\u0161ys<\/li>\n<li>H.265, H.264<\/li>\n<li>EXIR, IR atstumas iki 30m<\/li>\n<li>Vieta SD\/SDHC\/SDXC kortelei, iki 256 GB<\/li>\n<li>IP66<\/li>\n<li>Wi-Fi ry\u0161ys su Hik-Connect tiesiogiai ne\u012fmanomas<\/li>\n<\/ul>\n","protected":false},"featured_media":27915,"comment_status":"closed","ping_status":"closed","template":"","meta":[],"product_brand":[],"product_cat":[426,534,533],"product_tag":[],"class_list":{"0":"post-18416","1":"product","2":"type-product","3":"status-publish","4":"has-post-thumbnail","6":"product_cat-ip-cilindrines-kameros","7":"product_cat-ip-kameros","8":"product_cat-ip-vaizdo-stebejimo-sistemos","10":"first","11":"onbackorder","12":"purchasable","13":"product-type-simple"},"yoast_head":"<!-- This site is optimized with the Yoast SEO Premium plugin v21.5 (Yoast SEO v27.5) - https:\/\/yoast.com\/product\/yoast-seo-premium-wordpress\/ -->\n<title>Hikvision bullet DS-2CV2041G2-IDW F2.8<\/title>\n<meta name=\"description\" content=\"Hikvision bullet DS-2CV2041G2-IDW F2.8 IP kamera ; Mikrofonas ir garsiakalbis ; Rai\u0161ka - 4MP ; Wi-Fi signalas atvirose vietose siekia iki 120m\u00a0\" \/>\n<meta name=\"robots\" content=\"index, follow, max-snippet:-1, max-image-preview:large, max-video-preview:-1\" \/>\n<link rel=\"canonical\" href=\"https:\/\/eheating.lt\/produktas\/hikvision-bullet-ds-2cv2041g2-idw-f2-8\/\" \/>\n<meta property=\"og:locale\" content=\"en_US\" \/>\n<meta property=\"og:type\" content=\"article\" \/>\n<meta property=\"og:title\" content=\"Hikvision bullet DS-2CV2041G2-IDW F2.8\" \/>\n<meta property=\"og:description\" content=\"Hikvision bullet DS-2CV2041G2-IDW F2.8 IP kamera ; Mikrofonas ir garsiakalbis ; Rai\u0161ka - 4MP ; Wi-Fi signalas atvirose vietose siekia iki 120m\u00a0\" \/>\n<meta property=\"og:url\" content=\"https:\/\/eheating.lt\/produktas\/hikvision-bullet-ds-2cv2041g2-idw-f2-8\/\" \/>\n<meta property=\"og:site_name\" content=\"Elektronika Namams\" \/>\n<meta property=\"article:publisher\" content=\"https:\/\/www.facebook.com\/ElektronikaNamams\" \/>\n<meta property=\"article:modified_time\" content=\"2024-10-18T14:09:38+00:00\" \/>\n<meta property=\"og:image\" content=\"https:\/\/eheating.lt\/wp-content\/uploads\/2023\/10\/Hikvision-bullet-DS-2CV2041G2-IDW-F2.8.png\" \/>\n\t<meta property=\"og:image:width\" content=\"800\" \/>\n\t<meta property=\"og:image:height\" content=\"800\" \/>\n\t<meta property=\"og:image:type\" content=\"image\/png\" \/>\n<meta name=\"twitter:card\" content=\"summary_large_image\" \/>\n<meta name=\"twitter:label1\" content=\"Price\" \/>\n\t<meta name=\"twitter:data1\" content=\"194,20&nbsp;&euro;\" \/>\n\t<meta name=\"twitter:label2\" content=\"Availability\" \/>\n\t<meta name=\"twitter:data2\" content=\"On backorder\" \/>\n<script type=\"application\/ld+json\" class=\"yoast-schema-graph\">{\"@context\":\"https:\\\/\\\/schema.org\",\"@graph\":[{\"@type\":\"WebPage\",\"@id\":\"https:\\\/\\\/eheating.lt\\\/produktas\\\/hikvision-bullet-ds-2cv2041g2-idw-f2-8\\\/\",\"url\":\"https:\\\/\\\/eheating.lt\\\/produktas\\\/hikvision-bullet-ds-2cv2041g2-idw-f2-8\\\/\",\"name\":\"Hikvision bullet DS-2CV2041G2-IDW F2.8\",\"isPartOf\":{\"@id\":\"https:\\\/\\\/eheating.lt\\\/#website\"},\"primaryImageOfPage\":{\"@id\":\"https:\\\/\\\/eheating.lt\\\/produktas\\\/hikvision-bullet-ds-2cv2041g2-idw-f2-8\\\/#primaryimage\"},\"image\":{\"@id\":\"https:\\\/\\\/eheating.lt\\\/produktas\\\/hikvision-bullet-ds-2cv2041g2-idw-f2-8\\\/#primaryimage\"},\"thumbnailUrl\":\"https:\\\/\\\/eheating.lt\\\/wp-content\\\/uploads\\\/2023\\\/10\\\/Hikvision-bullet-DS-2CV2041G2-IDW-F2.8.png\",\"datePublished\":\"2023-11-13T19:25:31+00:00\",\"dateModified\":\"2024-10-18T14:09:38+00:00\",\"description\":\"Hikvision bullet DS-2CV2041G2-IDW F2.8 IP kamera ; Mikrofonas ir garsiakalbis ; Rai\u0161ka - 4MP ; Wi-Fi signalas atvirose vietose siekia iki 120m\u00a0\",\"breadcrumb\":{\"@id\":\"https:\\\/\\\/eheating.lt\\\/produktas\\\/hikvision-bullet-ds-2cv2041g2-idw-f2-8\\\/#breadcrumb\"},\"inLanguage\":\"en-US\",\"potentialAction\":[{\"@type\":\"ReadAction\",\"target\":[\"https:\\\/\\\/eheating.lt\\\/produktas\\\/hikvision-bullet-ds-2cv2041g2-idw-f2-8\\\/\"]}]},{\"@type\":\"ImageObject\",\"inLanguage\":\"en-US\",\"@id\":\"https:\\\/\\\/eheating.lt\\\/produktas\\\/hikvision-bullet-ds-2cv2041g2-idw-f2-8\\\/#primaryimage\",\"url\":\"https:\\\/\\\/eheating.lt\\\/wp-content\\\/uploads\\\/2023\\\/10\\\/Hikvision-bullet-DS-2CV2041G2-IDW-F2.8.png\",\"contentUrl\":\"https:\\\/\\\/eheating.lt\\\/wp-content\\\/uploads\\\/2023\\\/10\\\/Hikvision-bullet-DS-2CV2041G2-IDW-F2.8.png\",\"width\":800,\"height\":800,\"caption\":\"Hikvision bullet DS-2CV2041G2-IDW F2.8\"},{\"@type\":\"BreadcrumbList\",\"@id\":\"https:\\\/\\\/eheating.lt\\\/produktas\\\/hikvision-bullet-ds-2cv2041g2-idw-f2-8\\\/#breadcrumb\",\"itemListElement\":[{\"@type\":\"ListItem\",\"position\":1,\"name\":\"Prad\u017eia\",\"item\":\"https:\\\/\\\/eheating.lt\\\/en\\\/\"},{\"@type\":\"ListItem\",\"position\":2,\"name\":\"Shop\",\"item\":\"https:\\\/\\\/eheating.lt\\\/en\\\/?page_id=5734\"},{\"@type\":\"ListItem\",\"position\":3,\"name\":\"Hikvision bullet DS-2CV2041G2-IDW F2.8\"}]},{\"@type\":\"WebSite\",\"@id\":\"https:\\\/\\\/eheating.lt\\\/#website\",\"url\":\"https:\\\/\\\/eheating.lt\\\/\",\"name\":\"eHeating\",\"description\":\"Elektronika ir \u0161ildymas\",\"potentialAction\":[{\"@type\":\"SearchAction\",\"target\":{\"@type\":\"EntryPoint\",\"urlTemplate\":\"https:\\\/\\\/eheating.lt\\\/?s={search_term_string}\"},\"query-input\":{\"@type\":\"PropertyValueSpecification\",\"valueRequired\":true,\"valueName\":\"search_term_string\"}}],\"inLanguage\":\"en-US\"}]}<\/script>\n<meta property=\"product:price:amount\" content=\"194.20\" \/>\n<meta property=\"product:price:currency\" content=\"EUR\" \/>\n<meta property=\"og:availability\" content=\"backorder\" \/>\n<meta property=\"product:availability\" content=\"available for order\" \/>\n<meta property=\"product:retailer_item_id\" content=\"d0d239546937\" \/>\n<meta property=\"product:condition\" content=\"new\" \/>\n<!-- \/ Yoast SEO Premium plugin. -->","yoast_head_json":{"title":"Hikvision bullet DS-2CV2041G2-IDW F2.8","description":"Hikvision bullet DS-2CV2041G2-IDW F2.8 IP kamera ; Mikrofonas ir garsiakalbis ; Rai\u0161ka - 4MP ; Wi-Fi signalas atvirose vietose siekia iki 120m\u00a0","robots":{"index":"index","follow":"follow","max-snippet":"max-snippet:-1","max-image-preview":"max-image-preview:large","max-video-preview":"max-video-preview:-1"},"canonical":"https:\/\/eheating.lt\/produktas\/hikvision-bullet-ds-2cv2041g2-idw-f2-8\/","og_locale":"en_US","og_type":"article","og_title":"Hikvision bullet DS-2CV2041G2-IDW F2.8","og_description":"Hikvision bullet DS-2CV2041G2-IDW F2.8 IP kamera ; Mikrofonas ir garsiakalbis ; Rai\u0161ka - 4MP ; Wi-Fi signalas atvirose vietose siekia iki 120m\u00a0","og_url":"https:\/\/eheating.lt\/produktas\/hikvision-bullet-ds-2cv2041g2-idw-f2-8\/","og_site_name":"Elektronika Namams","article_publisher":"https:\/\/www.facebook.com\/ElektronikaNamams","article_modified_time":"2024-10-18T14:09:38+00:00","og_image":[{"width":800,"height":800,"url":"https:\/\/eheating.lt\/wp-content\/uploads\/2023\/10\/Hikvision-bullet-DS-2CV2041G2-IDW-F2.8.png","type":"image\/png"}],"twitter_card":"summary_large_image","twitter_misc":{"Price":"194,20&nbsp;&euro;","Availability":"On backorder"},"schema":{"@context":"https:\/\/schema.org","@graph":[{"@type":"WebPage","@id":"https:\/\/eheating.lt\/produktas\/hikvision-bullet-ds-2cv2041g2-idw-f2-8\/","url":"https:\/\/eheating.lt\/produktas\/hikvision-bullet-ds-2cv2041g2-idw-f2-8\/","name":"Hikvision bullet DS-2CV2041G2-IDW F2.8","isPartOf":{"@id":"https:\/\/eheating.lt\/#website"},"primaryImageOfPage":{"@id":"https:\/\/eheating.lt\/produktas\/hikvision-bullet-ds-2cv2041g2-idw-f2-8\/#primaryimage"},"image":{"@id":"https:\/\/eheating.lt\/produktas\/hikvision-bullet-ds-2cv2041g2-idw-f2-8\/#primaryimage"},"thumbnailUrl":"https:\/\/eheating.lt\/wp-content\/uploads\/2023\/10\/Hikvision-bullet-DS-2CV2041G2-IDW-F2.8.png","datePublished":"2023-11-13T19:25:31+00:00","dateModified":"2024-10-18T14:09:38+00:00","description":"Hikvision bullet DS-2CV2041G2-IDW F2.8 IP kamera ; Mikrofonas ir garsiakalbis ; Rai\u0161ka - 4MP ; Wi-Fi signalas atvirose vietose siekia iki 120m\u00a0","breadcrumb":{"@id":"https:\/\/eheating.lt\/produktas\/hikvision-bullet-ds-2cv2041g2-idw-f2-8\/#breadcrumb"},"inLanguage":"en-US","potentialAction":[{"@type":"ReadAction","target":["https:\/\/eheating.lt\/produktas\/hikvision-bullet-ds-2cv2041g2-idw-f2-8\/"]}]},{"@type":"ImageObject","inLanguage":"en-US","@id":"https:\/\/eheating.lt\/produktas\/hikvision-bullet-ds-2cv2041g2-idw-f2-8\/#primaryimage","url":"https:\/\/eheating.lt\/wp-content\/uploads\/2023\/10\/Hikvision-bullet-DS-2CV2041G2-IDW-F2.8.png","contentUrl":"https:\/\/eheating.lt\/wp-content\/uploads\/2023\/10\/Hikvision-bullet-DS-2CV2041G2-IDW-F2.8.png","width":800,"height":800,"caption":"Hikvision bullet DS-2CV2041G2-IDW F2.8"},{"@type":"BreadcrumbList","@id":"https:\/\/eheating.lt\/produktas\/hikvision-bullet-ds-2cv2041g2-idw-f2-8\/#breadcrumb","itemListElement":[{"@type":"ListItem","position":1,"name":"Prad\u017eia","item":"https:\/\/eheating.lt\/en\/"},{"@type":"ListItem","position":2,"name":"Shop","item":"https:\/\/eheating.lt\/en\/?page_id=5734"},{"@type":"ListItem","position":3,"name":"Hikvision bullet DS-2CV2041G2-IDW F2.8"}]},{"@type":"WebSite","@id":"https:\/\/eheating.lt\/#website","url":"https:\/\/eheating.lt\/","name":"eHeating","description":"Elektronika ir \u0161ildymas","potentialAction":[{"@type":"SearchAction","target":{"@type":"EntryPoint","urlTemplate":"https:\/\/eheating.lt\/?s={search_term_string}"},"query-input":{"@type":"PropertyValueSpecification","valueRequired":true,"valueName":"search_term_string"}}],"inLanguage":"en-US"}]},"product_price_amount":"194.20","product_price_currency":"EUR","og_availability":"backorder","product_availability":"available for order","product_retailer_item_id":"d0d239546937","product_condition":"new"},"_links":{"self":[{"href":"https:\/\/eheating.lt\/en\/wp-json\/wp\/v2\/product\/18416","targetHints":{"allow":["GET"]}}],"collection":[{"href":"https:\/\/eheating.lt\/en\/wp-json\/wp\/v2\/product"}],"about":[{"href":"https:\/\/eheating.lt\/en\/wp-json\/wp\/v2\/types\/product"}],"replies":[{"embeddable":true,"href":"https:\/\/eheating.lt\/en\/wp-json\/wp\/v2\/comments?post=18416"}],"version-history":[{"count":0,"href":"https:\/\/eheating.lt\/en\/wp-json\/wp\/v2\/product\/18416\/revisions"}],"wp:featuredmedia":[{"embeddable":true,"href":"https:\/\/eheating.lt\/en\/wp-json\/wp\/v2\/media\/27915"}],"wp:attachment":[{"href":"https:\/\/eheating.lt\/en\/wp-json\/wp\/v2\/media?parent=18416"}],"wp:term":[{"taxonomy":"product_brand","embeddable":true,"href":"https:\/\/eheating.lt\/en\/wp-json\/wp\/v2\/product_brand?post=18416"},{"taxonomy":"product_cat","embeddable":true,"href":"https:\/\/eheating.lt\/en\/wp-json\/wp\/v2\/product_cat?post=18416"},{"taxonomy":"product_tag","embeddable":true,"href":"https:\/\/eheating.lt\/en\/wp-json\/wp\/v2\/product_tag?post=18416"}],"curies":[{"name":"wp","href":"https:\/\/api.w.org\/{rel}","templated":true}]}}