{"id":18414,"date":"2023-11-13T21:25:30","date_gmt":"2023-11-13T19:25:30","guid":{"rendered":"https:\/\/eheating.lt\/?post_type=product&#038;p=18414"},"modified":"2024-10-18T17:09:37","modified_gmt":"2024-10-18T14:09:37","slug":"hikvision-bullet-ds-2cv2046g0-idw-f2-8","status":"publish","type":"product","link":"https:\/\/eheating.lt\/en\/produktas\/hikvision-bullet-ds-2cv2046g0-idw-f2-8\/","title":{"rendered":"Hikvision bullet DS-2CV2046G0-IDW F2.8"},"content":{"rendered":"<table style=\"width: 850px;\" border=\"0\">\n<colgroup>\n<col \/>\n<col \/> <\/colgroup>\n<tbody>\n<tr>\n<td class=\"xl67\">Vaizdo jutiklis<\/td>\n<td class=\"xl65\">1\/2.7&#8243; Progressive Scan CMOS<\/td>\n<\/tr>\n<tr>\n<td class=\"xl67\">Minimalus ap\u0161vietimas<\/td>\n<td class=\"xl65\">Spalvotai: 0.009 Lux @ (F1.6, AGC \u012fjungtas), 0 lux su \u012fjungtu IR<\/td>\n<\/tr>\n<tr>\n<td class=\"xl67\">Diafragmos u\u017erakto greitis<\/td>\n<td class=\"xl71\">Nuo 1\/3 s iki 1\/100,000 s<\/td>\n<\/tr>\n<tr>\n<td class=\"xl67\">L\u0117tas u\u017eraktas<\/td>\n<td class=\"xl68\">Taip<\/td>\n<\/tr>\n<tr>\n<td class=\"xl67\">Platus dinaminis diapazonas (WDR)<\/td>\n<td class=\"xl68\">120 dB<\/td>\n<\/tr>\n<tr>\n<td class=\"xl70\">Diena \/ naktis<\/td>\n<td class=\"xl70\">Diena \/ naktis<\/td>\n<\/tr>\n<tr>\n<td class=\"xl67\">Pasukim\u0173 reguliavimas<\/td>\n<td class=\"xl68\">Pakreipimas: nuo 0\u00b0 iki 360\u00b0, pak\u0117limas: nuo 0\u00b0 iki 90\u00b0, pasukimas: nuo 0\u00b0 iki 360\u00b0<\/td>\n<\/tr>\n<tr>\n<td class=\"xl69\">Objektyvas ir matymo kampas<\/td>\n<td class=\"xl71\">2.8 mm, horizontalus: 97\u00b0, vertikalus: 52\u00b0, \u012fstri\u017eas: 114\u00b0<\/td>\n<\/tr>\n<tr>\n<td class=\"xl67\">Diafragma<\/td>\n<td class=\"xl71\">F1.6<\/td>\n<\/tr>\n<tr>\n<td class=\"xl67\">Objektyvo tvirtinimas<\/td>\n<td class=\"xl71\">M12<\/td>\n<\/tr>\n<tr>\n<td class=\"xl70\">IR pa\u0161vietimas<\/td>\n<td class=\"xl70\">Iki 30m<\/td>\n<\/tr>\n<tr>\n<td class=\"xl70\">Bangos ilgis<\/td>\n<td class=\"xl65\">850 nm<\/td>\n<\/tr>\n<tr>\n<td class=\"xl67\">I\u0161manusis papildomas pa\u0161vietimas<\/td>\n<td class=\"xl68\">Taip<\/td>\n<\/tr>\n<tr>\n<td class=\"xl67\">Matomas aliarmas<\/td>\n<td class=\"xl68\">Taip<\/td>\n<\/tr>\n<tr>\n<td class=\"xl67\">Maksimali rai\u0161ka<\/td>\n<td class=\"xl68\">2592 \u00d7 1944<\/td>\n<\/tr>\n<tr>\n<td class=\"xl69\">Pagrindinis srautas<\/td>\n<td class=\"xl65\">50Hz: 25 kps (2560 \u00d7 1440, 1920 \u00d7 1080, 1280 \u00d7 720)<br \/>\n60Hz: 30 kps (2560 \u00d7 1440, 1920 \u00d7 1080, 1280 \u00d7 720<\/td>\n<\/tr>\n<tr>\n<td class=\"xl67\">Antrinis srautas<\/td>\n<td class=\"xl65\">50Hz: 25 kps (640 \u00d7 360)<br \/>\n60Hz: 30 kps (640 \u00d7 360)<\/td>\n<\/tr>\n<tr>\n<td class=\"xl69\">Video suspaudimas<\/td>\n<td class=\"xl68\">Pagrindinis srautas: H.265\/H.264<br \/>\nAntrinis srautas: H.265\/H.264<\/td>\n<\/tr>\n<tr>\n<td class=\"xl67\">Video perdavimo sparta<\/td>\n<td class=\"xl68\">32 Kbps iki 8 Mbps<\/td>\n<\/tr>\n<tr>\n<td class=\"xl67\">H.264 Type<\/td>\n<td class=\"xl68\">Pradinis profilis \/ Pagrindinis profilis \/ Svarbiausias profilis<\/td>\n<\/tr>\n<tr>\n<td class=\"xl67\">H.265 Type<\/td>\n<td class=\"xl68\">Pagrindinis profilis<\/td>\n<\/tr>\n<tr>\n<td class=\"xl67\">Interes\u0173 sritis (ROI)<\/td>\n<td class=\"xl68\">1 fisuota sritis, kiekvienam srautui<\/td>\n<\/tr>\n<tr>\n<td class=\"xl67\">Aplinkos triuk\u0161mo filtravimas<\/td>\n<td class=\"xl68\">Taip<\/td>\n<\/tr>\n<tr>\n<td class=\"xl67\">Audio da\u017enis<\/td>\n<td class=\"xl65\">8 kHz\/16 kHz<\/td>\n<\/tr>\n<tr>\n<td class=\"xl67\">Audio suspaudimas<\/td>\n<td class=\"xl65\">G.711\/G.722.1\/G.726\/MP2L2\/PCM<\/td>\n<\/tr>\n<tr>\n<td class=\"xl67\">Audio bit\u0173 sparta<\/td>\n<td class=\"xl65\">64Kbps(G.711)\/16Kbps(G.722.1)\/16Kbps(G.726)\/32-160Kbps(MP2L2)<\/td>\n<\/tr>\n<tr>\n<td class=\"xl67\">Vienalaikis tiesioginis steb\u0117jimas<\/td>\n<td class=\"xl68\">Iki 6 kanal\u0173<\/td>\n<\/tr>\n<tr>\n<td class=\"xl67\">API<\/td>\n<td class=\"xl65\">ISAPI, SDK<\/td>\n<\/tr>\n<tr>\n<td class=\"xl67\">Protokolai<\/td>\n<td class=\"xl65\">TCP\/IP, ICMP, HTTP, FTP, DHCP, DNS, DDNS, RTP, RTSP,R TCP, NTP, UPnP, SMTP, IGMP, QoS, IPv6, UDP, Bonjour, SSL\/TLS<\/td>\n<\/tr>\n<tr>\n<td class=\"xl67\">Vartotojai<\/td>\n<td class=\"xl68\">Iki 32 vartotoj\u0173. 3 vartotoj\u0173 lygiai: administratorius, operatorius ir vartotojas<\/td>\n<\/tr>\n<tr>\n<td class=\"xl69\">Apsauga<\/td>\n<td class=\"xl68\">Apsauga slapta\u017eod\u017eiu, sud\u0117tingas slapta\u017eodis, HTTPS \u0161ifravimas, IP adres\u0173 filtras, saugos audito \u017eurnalas, pagrindin\u0117 ir suvestin\u0117 autentifikacija HTTP \/ HTTPS, TLS 1.2, WSSE ir suvestin\u0117s autentifikavimas ONVIF<\/td>\n<\/tr>\n<tr>\n<td class=\"xl69\">Tinklinis talpinimas<\/td>\n<td class=\"xl68\">microSD \/ SDHC \/ SDXC kortel\u0117 (256 GB) vietin\u0117 saugykla ir NAS (NFS, SMB \/ CIFS), automatinis tinklo papildymas (ANR)<\/td>\n<\/tr>\n<tr>\n<td class=\"xl67\">Programos<\/td>\n<td class=\"xl68\">iVMS-4200, Hik-Connect, Hik-Central<\/td>\n<\/tr>\n<tr>\n<td class=\"xl67\">Interneto nar\u0161ykl\u0117<\/td>\n<td class=\"xl66\">Gyvai per\u017ei\u016brai reikalingas \u012fskiepis:\u201e IE8 + \u201c,\u201e Chrome 41.0\u201344 \u201c,\u201e Firefox \u201c30.0\u201351,\u201e Safari 8.0\u201311<\/td>\n<\/tr>\n<tr>\n<td class=\"xl67\">Dienos \/ nakties perjungimas<\/td>\n<td class=\"xl66\">Diena, naktis, automatinis, pagal tvarkara\u0161t\u012f<\/td>\n<\/tr>\n<tr>\n<td class=\"xl67\">Vaizdo gerinimas<\/td>\n<td class=\"xl68\">BLC, HLC, 3D DNR<\/td>\n<\/tr>\n<tr>\n<td class=\"xl67\">Vaizdo nustatymai<\/td>\n<td class=\"xl68\">Pasukimo re\u017eimas, sodrumas, ry\u0161kumas, kontrastas, ry\u0161kumas, padid\u0117jimas, baltos spalvos balansas, kur\u012f gali reguliuoti kliento programin\u0117 \u012franga ar interneto nar\u0161ykl\u0117<\/td>\n<\/tr>\n<tr>\n<td class=\"xl69\">Audio<\/td>\n<td class=\"xl68\">1 \u012fmontuotas mikrofonas; 1 \u012fmontuotas garsiakalbis<\/td>\n<\/tr>\n<tr>\n<td class=\"xl67\">Vidin\u0117 atmintis<\/td>\n<td class=\"xl68\">Integruotas \u201emicro SD \/ SDHC \/ SDXC\u201c lizdas, iki 256 GB<\/td>\n<\/tr>\n<tr>\n<td class=\"xl67\">Aparat\u016bros perkrovimas<\/td>\n<td class=\"xl68\">Taip<\/td>\n<\/tr>\n<tr>\n<td class=\"xl67\">Ry\u0161io s\u0105saja<\/td>\n<td class=\"xl68\">1 RJ45 10M\/100M savaime pritaikomas eterneto prievadas<\/td>\n<\/tr>\n<tr>\n<td class=\"xl67\">Pagrindiniai \u012fvykiai<\/td>\n<td class=\"xl68\">Judesio aptikimas, vaizdo sugadinimo aliarmas, i\u0161imtis (tinklas atjungtas, IP adreso konfliktas, neteis\u0117tas prisijungimas, visas HDD, HDD klaida), scenos poky\u010di\u0173 aptikimas<\/td>\n<\/tr>\n<tr>\n<td class=\"xl67\">Premier apsauga<\/td>\n<td class=\"xl68\">Linijos per\u0117jimo aptikimas, \u012fsibrovimo aptikimas, \u012f\u0117jimo \u012f srit\u012f aptikimas, i\u0161\u0117jimo i\u0161 srities aptikimas<\/td>\n<\/tr>\n<tr>\n<td class=\"xl69\">Ry\u0161io metodas<\/td>\n<td class=\"xl68\">\u012ek\u0117limas \u012f NAS \/ atminties kortel\u0119, prane\u0161imas \u012f steb\u0117jimo centr\u0105, \u012fra\u0161o suaktyvinimas, lemput\u0117s \u012fjungimas, garsinis \u012fsp\u0117jimas<\/td>\n<\/tr>\n<tr>\n<td class=\"xl69\">Programos kalbos<\/td>\n<td class=\"xl68\">33 kalbos:<br \/>\nAngl\u0173, rus\u0173, est\u0173, bulgar\u0173, vengr\u0173, graik\u0173, vokie\u010di\u0173, ital\u0173, \u010dek\u0173, slovak\u0173, pranc\u016bz\u0173, lenk\u0173, oland\u0173, portugal\u0173, ispan\u0173, rumun\u0173, dan\u0173, \u0161ved\u0173, norveg\u0173, suomi\u0173, kroat\u0173, slov\u0117n\u0173, serb\u0173, turk\u0173, kor\u0117jie\u010di\u0173, Tradicin\u0117 kin\u0173, tailandie\u010di\u0173, vietnamie\u010di\u0173, japon\u0173, latvi\u0173, lietuvi\u0173, portugal\u0173 (Brazilija), ukrainie\u010di\u0173 kalba<\/td>\n<\/tr>\n<tr>\n<td class=\"xl67\">Bendrosios funkcijos<\/td>\n<td class=\"xl68\">Apsauga nuo mirks\u0117jimo,\u00a0 veidrodis, privatumo maskavimas, \u201eFlash\u201c \u017eurnalas, slapta\u017eod\u017eio nustatymas i\u0161 naujo el. pa\u0161tu, pikseli\u0173 skaitiklis<\/td>\n<\/tr>\n<tr>\n<td class=\"xl67\">Programin\u0117s \u012frangos perkrovimas<\/td>\n<td class=\"xl68\">Taip<\/td>\n<\/tr>\n<tr>\n<td class=\"xl67\">Laikymo s\u0105lygos<\/td>\n<td class=\"xl68\">Nuo -30 \u00b0C iki +60 \u00b0C, dr\u0117gnumas 95% arba ma\u017eiau (be kondensato)<\/td>\n<\/tr>\n<tr>\n<td class=\"xl67\">Darbin\u0117s s\u0105lygos<\/td>\n<td class=\"xl68\">Nuo -30 \u00b0C iki +60 \u00b0C, dr\u0117gnumas 95% arba ma\u017eiau (be kondensato)<\/td>\n<\/tr>\n<tr>\n<td class=\"xl67\">Maitinimas<\/td>\n<td class=\"xl65\">12 VDC \u00b1 25%, apsauga nuo atvirk\u0161tinio poli\u0161kumo<\/td>\n<\/tr>\n<tr>\n<td class=\"xl67\">Energijos suvartojimas<\/td>\n<td class=\"xl65\">12 VDC, 0.67 A, maks. 8 W<\/td>\n<\/tr>\n<tr>\n<td class=\"xl67\">Maitinimo jungtis<\/td>\n<td class=\"xl68\">\u00d85.5 mm<\/td>\n<\/tr>\n<tr>\n<td class=\"xl67\">Korpusas<\/td>\n<td class=\"xl68\">Priekinis dangtis: metalinis, galinis dangtis: plastikinis<\/td>\n<\/tr>\n<tr>\n<td class=\"xl67\">Matmenys<\/td>\n<td class=\"xl65\">175.6\u00d7 73.0 \u00d7 89.1 mm<\/td>\n<\/tr>\n<tr>\n<td class=\"xl67\">Pakuot\u0117s matmenys<\/td>\n<td class=\"xl65\">260 \u00d7 125 \u00d7 125 mm<\/td>\n<\/tr>\n<tr>\n<td class=\"xl67\">Svoris<\/td>\n<td class=\"xl65\">450 g<\/td>\n<\/tr>\n<tr>\n<td class=\"xl67\">Svoris su pakuote<\/td>\n<td class=\"xl65\">770 g<\/td>\n<\/tr>\n<tr>\n<td class=\"xl69\">EMC<\/td>\n<td class=\"xl65\">FCC (47 CFR Part 15, Subpart B); CE-EMC (EN 55032: 2015, EN 61000-3-2: 2014, EN 61000-3-3: 2013, EN 50130-4: 2011 +A1: 2014); RCM (AS\/NZS CISPR 32: 2015); IC (ICES-003: Issue 6, 2016); KC (KN 32: 2015, KN 35: 2015)<\/td>\n<\/tr>\n<tr>\n<td class=\"xl69\">Saugumas<\/td>\n<td class=\"xl65\">UL (UL 60950-1); CB (IEC 60950-1:2005 + Am 1:2009 + Am 2:2013, IEC 62368-1:2014 ); CE-LVD (EN 60950-1:2005 + Am 1:2009 + Am 2:2013, IEC 62368-1:2014 ); BIS (IS 13252(Part 1):2010+A1:2013+A2:2015); LOA (IEC\/EN 60950-1)<\/td>\n<\/tr>\n<tr>\n<td class=\"xl67\">Aplinka<\/td>\n<td class=\"xl65\">CE-RoHS (2011\/65\/EU); WEEE (2012\/19\/EU); Reach (Regulation (EC) No 1907\/2006)<\/td>\n<\/tr>\n<tr>\n<td class=\"xl67\">Apsauga<\/td>\n<td class=\"xl68\">IP66 (IEC 60529-2013)<\/td>\n<\/tr>\n<tr>\n<td class=\"xl70\">\u0160ifravimo re\u017eimas<\/td>\n<td class=\"xl66\">64\/128-bit WEP, WPA-EAP\/WPA2-EAP, WPA-PSK\/WPA4-PSK<\/td>\n<\/tr>\n<tr>\n<td class=\"xl70\">\u201eWi-Fi\u201c protokolas<\/td>\n<td class=\"xl66\">IEEE802.11b, 802.11g, 802.11n<\/td>\n<\/tr>\n<tr>\n<td class=\"xl70\">Da\u017eni\u0173 diapazonas<\/td>\n<td class=\"xl66\">2.4 GHz -2.4835 GHz<\/td>\n<\/tr>\n<tr>\n<td class=\"xl70\">Kanalo pralaidumas<\/td>\n<td class=\"xl66\">20\/40 MHz<\/td>\n<\/tr>\n<tr>\n<td class=\"xl70\">Moduliacija<\/td>\n<td class=\"xl66\">802.11b: CCK, QPSK, BPSK802.11g\/n: OFDM<\/td>\n<\/tr>\n<tr>\n<td class=\"xl70\">Belaidis diapazonas<\/td>\n<td class=\"xl66\">Iki 120 m (priklausomai nuo aplinkos)<\/td>\n<\/tr>\n<\/tbody>\n<\/table>\n","protected":false},"excerpt":{"rendered":"<ul>\n<li>4MP IP bullet kamera<\/li>\n<li>AcuSense technologija<\/li>\n<li>Linijos per\u0117jimo aptikimas, \u012fsibrovimo aptikimas, \u012f\u0117jimo \u012f srit\u012f aptikimas, i\u0161\u0117jimo i\u0161 srities aptikimas<\/li>\n<li>Antenna 2.4G Wi-Fi signalas atvirose vietose siekia iki 120m<\/li>\n<li>Objektyvas &#8211; 2.8mm<\/li>\n<li>Vaizdo suspaudimas H.265<\/li>\n<li>Sensorius 1 \/ 2.7\u201c Progressive Scan CMOS<\/li>\n<li>Min. ap\u0161vietimas spalvotai: 0,009 liukso (F1.6, \u012fjungta AGC)<\/li>\n<li>IR pa\u0161vietimas iki 30 m<\/li>\n<li>Vidin\u0117 atmintis iki 256 GB<\/li>\n<li>Darbin\u0117s s\u0105lygos nuo -30\u00b0C iki +60\u00b0C<\/li>\n<li>IP66<\/li>\n<li>Wi-Fi ry\u0161ys su Hik-Connect tiesiogiai ne\u012fmanomas<\/li>\n<\/ul>\n","protected":false},"featured_media":27913,"comment_status":"closed","ping_status":"closed","template":"","meta":[],"product_brand":[],"product_cat":[426,534,533],"product_tag":[],"class_list":{"0":"post-18414","1":"product","2":"type-product","3":"status-publish","4":"has-post-thumbnail","6":"product_cat-ip-cilindrines-kameros","7":"product_cat-ip-kameros","8":"product_cat-ip-vaizdo-stebejimo-sistemos","10":"first","11":"onbackorder","12":"purchasable","13":"product-type-simple"},"yoast_head":"<!-- This site is optimized with the Yoast SEO Premium plugin v21.5 (Yoast SEO v27.4) - https:\/\/yoast.com\/product\/yoast-seo-premium-wordpress\/ -->\n<title>Hikvision bullet DS-2CV2046G0-IDW F2.8<\/title>\n<meta name=\"description\" content=\"Hikvision bullet DS-2CV2046G0-IDW F2.8 IP kamera ; \u017dmoni\u0173 ir ma\u0161in\u0173 atpa\u017einimas ir klasifikacija ; Rai\u0161ka - 4MP ; Wi-Fi ry\u0161ys\" \/>\n<meta name=\"robots\" content=\"index, follow, max-snippet:-1, max-image-preview:large, max-video-preview:-1\" \/>\n<link rel=\"canonical\" href=\"https:\/\/eheating.lt\/produktas\/hikvision-bullet-ds-2cv2046g0-idw-f2-8\/\" \/>\n<meta property=\"og:locale\" content=\"en_US\" \/>\n<meta property=\"og:type\" content=\"article\" \/>\n<meta property=\"og:title\" content=\"Hikvision bullet DS-2CV2046G0-IDW F2.8\" \/>\n<meta property=\"og:description\" content=\"Hikvision bullet DS-2CV2046G0-IDW F2.8 IP kamera ; \u017dmoni\u0173 ir ma\u0161in\u0173 atpa\u017einimas ir klasifikacija ; Rai\u0161ka - 4MP ; Wi-Fi ry\u0161ys\" \/>\n<meta property=\"og:url\" content=\"https:\/\/eheating.lt\/produktas\/hikvision-bullet-ds-2cv2046g0-idw-f2-8\/\" \/>\n<meta property=\"og:site_name\" content=\"Elektronika Namams\" \/>\n<meta property=\"article:publisher\" content=\"https:\/\/www.facebook.com\/ElektronikaNamams\" \/>\n<meta property=\"article:modified_time\" content=\"2024-10-18T14:09:37+00:00\" \/>\n<meta property=\"og:image\" content=\"https:\/\/eheating.lt\/wp-content\/uploads\/2023\/10\/Hikvision-bullet-DS-2CV2046G0-IDW-F2.8.png\" \/>\n\t<meta property=\"og:image:width\" content=\"800\" \/>\n\t<meta property=\"og:image:height\" content=\"800\" \/>\n\t<meta property=\"og:image:type\" content=\"image\/png\" \/>\n<meta name=\"twitter:card\" content=\"summary_large_image\" \/>\n<meta name=\"twitter:label1\" content=\"Price\" \/>\n\t<meta name=\"twitter:data1\" content=\"260,59&nbsp;&euro;\" \/>\n\t<meta name=\"twitter:label2\" content=\"Availability\" \/>\n\t<meta name=\"twitter:data2\" content=\"On backorder\" \/>\n<script type=\"application\/ld+json\" class=\"yoast-schema-graph\">{\"@context\":\"https:\\\/\\\/schema.org\",\"@graph\":[{\"@type\":\"WebPage\",\"@id\":\"https:\\\/\\\/eheating.lt\\\/produktas\\\/hikvision-bullet-ds-2cv2046g0-idw-f2-8\\\/\",\"url\":\"https:\\\/\\\/eheating.lt\\\/produktas\\\/hikvision-bullet-ds-2cv2046g0-idw-f2-8\\\/\",\"name\":\"Hikvision bullet DS-2CV2046G0-IDW F2.8\",\"isPartOf\":{\"@id\":\"https:\\\/\\\/eheating.lt\\\/#website\"},\"primaryImageOfPage\":{\"@id\":\"https:\\\/\\\/eheating.lt\\\/produktas\\\/hikvision-bullet-ds-2cv2046g0-idw-f2-8\\\/#primaryimage\"},\"image\":{\"@id\":\"https:\\\/\\\/eheating.lt\\\/produktas\\\/hikvision-bullet-ds-2cv2046g0-idw-f2-8\\\/#primaryimage\"},\"thumbnailUrl\":\"https:\\\/\\\/eheating.lt\\\/wp-content\\\/uploads\\\/2023\\\/10\\\/Hikvision-bullet-DS-2CV2046G0-IDW-F2.8.png\",\"datePublished\":\"2023-11-13T19:25:30+00:00\",\"dateModified\":\"2024-10-18T14:09:37+00:00\",\"description\":\"Hikvision bullet DS-2CV2046G0-IDW F2.8 IP kamera ; \u017dmoni\u0173 ir ma\u0161in\u0173 atpa\u017einimas ir klasifikacija ; Rai\u0161ka - 4MP ; Wi-Fi ry\u0161ys\",\"breadcrumb\":{\"@id\":\"https:\\\/\\\/eheating.lt\\\/produktas\\\/hikvision-bullet-ds-2cv2046g0-idw-f2-8\\\/#breadcrumb\"},\"inLanguage\":\"en-US\",\"potentialAction\":[{\"@type\":\"ReadAction\",\"target\":[\"https:\\\/\\\/eheating.lt\\\/produktas\\\/hikvision-bullet-ds-2cv2046g0-idw-f2-8\\\/\"]}]},{\"@type\":\"ImageObject\",\"inLanguage\":\"en-US\",\"@id\":\"https:\\\/\\\/eheating.lt\\\/produktas\\\/hikvision-bullet-ds-2cv2046g0-idw-f2-8\\\/#primaryimage\",\"url\":\"https:\\\/\\\/eheating.lt\\\/wp-content\\\/uploads\\\/2023\\\/10\\\/Hikvision-bullet-DS-2CV2046G0-IDW-F2.8.png\",\"contentUrl\":\"https:\\\/\\\/eheating.lt\\\/wp-content\\\/uploads\\\/2023\\\/10\\\/Hikvision-bullet-DS-2CV2046G0-IDW-F2.8.png\",\"width\":800,\"height\":800,\"caption\":\"Hikvision bullet DS-2CV2046G0-IDW F2.8\"},{\"@type\":\"BreadcrumbList\",\"@id\":\"https:\\\/\\\/eheating.lt\\\/produktas\\\/hikvision-bullet-ds-2cv2046g0-idw-f2-8\\\/#breadcrumb\",\"itemListElement\":[{\"@type\":\"ListItem\",\"position\":1,\"name\":\"Prad\u017eia\",\"item\":\"https:\\\/\\\/eheating.lt\\\/en\\\/\"},{\"@type\":\"ListItem\",\"position\":2,\"name\":\"Shop\",\"item\":\"https:\\\/\\\/eheating.lt\\\/en\\\/?page_id=5734\"},{\"@type\":\"ListItem\",\"position\":3,\"name\":\"Hikvision bullet DS-2CV2046G0-IDW F2.8\"}]},{\"@type\":\"WebSite\",\"@id\":\"https:\\\/\\\/eheating.lt\\\/#website\",\"url\":\"https:\\\/\\\/eheating.lt\\\/\",\"name\":\"eHeating\",\"description\":\"Elektronika ir \u0161ildymas\",\"potentialAction\":[{\"@type\":\"SearchAction\",\"target\":{\"@type\":\"EntryPoint\",\"urlTemplate\":\"https:\\\/\\\/eheating.lt\\\/?s={search_term_string}\"},\"query-input\":{\"@type\":\"PropertyValueSpecification\",\"valueRequired\":true,\"valueName\":\"search_term_string\"}}],\"inLanguage\":\"en-US\"}]}<\/script>\n<meta property=\"product:price:amount\" content=\"260.59\" \/>\n<meta property=\"product:price:currency\" content=\"EUR\" \/>\n<meta property=\"og:availability\" content=\"backorder\" \/>\n<meta property=\"product:availability\" content=\"available for order\" \/>\n<meta property=\"product:retailer_item_id\" content=\"d7a0d6292689\" \/>\n<meta property=\"product:condition\" content=\"new\" \/>\n<!-- \/ Yoast SEO Premium plugin. -->","yoast_head_json":{"title":"Hikvision bullet DS-2CV2046G0-IDW F2.8","description":"Hikvision bullet DS-2CV2046G0-IDW F2.8 IP kamera ; \u017dmoni\u0173 ir ma\u0161in\u0173 atpa\u017einimas ir klasifikacija ; Rai\u0161ka - 4MP ; Wi-Fi ry\u0161ys","robots":{"index":"index","follow":"follow","max-snippet":"max-snippet:-1","max-image-preview":"max-image-preview:large","max-video-preview":"max-video-preview:-1"},"canonical":"https:\/\/eheating.lt\/produktas\/hikvision-bullet-ds-2cv2046g0-idw-f2-8\/","og_locale":"en_US","og_type":"article","og_title":"Hikvision bullet DS-2CV2046G0-IDW F2.8","og_description":"Hikvision bullet DS-2CV2046G0-IDW F2.8 IP kamera ; \u017dmoni\u0173 ir ma\u0161in\u0173 atpa\u017einimas ir klasifikacija ; Rai\u0161ka - 4MP ; Wi-Fi ry\u0161ys","og_url":"https:\/\/eheating.lt\/produktas\/hikvision-bullet-ds-2cv2046g0-idw-f2-8\/","og_site_name":"Elektronika Namams","article_publisher":"https:\/\/www.facebook.com\/ElektronikaNamams","article_modified_time":"2024-10-18T14:09:37+00:00","og_image":[{"width":800,"height":800,"url":"https:\/\/eheating.lt\/wp-content\/uploads\/2023\/10\/Hikvision-bullet-DS-2CV2046G0-IDW-F2.8.png","type":"image\/png"}],"twitter_card":"summary_large_image","twitter_misc":{"Price":"260,59&nbsp;&euro;","Availability":"On backorder"},"schema":{"@context":"https:\/\/schema.org","@graph":[{"@type":"WebPage","@id":"https:\/\/eheating.lt\/produktas\/hikvision-bullet-ds-2cv2046g0-idw-f2-8\/","url":"https:\/\/eheating.lt\/produktas\/hikvision-bullet-ds-2cv2046g0-idw-f2-8\/","name":"Hikvision bullet DS-2CV2046G0-IDW F2.8","isPartOf":{"@id":"https:\/\/eheating.lt\/#website"},"primaryImageOfPage":{"@id":"https:\/\/eheating.lt\/produktas\/hikvision-bullet-ds-2cv2046g0-idw-f2-8\/#primaryimage"},"image":{"@id":"https:\/\/eheating.lt\/produktas\/hikvision-bullet-ds-2cv2046g0-idw-f2-8\/#primaryimage"},"thumbnailUrl":"https:\/\/eheating.lt\/wp-content\/uploads\/2023\/10\/Hikvision-bullet-DS-2CV2046G0-IDW-F2.8.png","datePublished":"2023-11-13T19:25:30+00:00","dateModified":"2024-10-18T14:09:37+00:00","description":"Hikvision bullet DS-2CV2046G0-IDW F2.8 IP kamera ; \u017dmoni\u0173 ir ma\u0161in\u0173 atpa\u017einimas ir klasifikacija ; Rai\u0161ka - 4MP ; Wi-Fi ry\u0161ys","breadcrumb":{"@id":"https:\/\/eheating.lt\/produktas\/hikvision-bullet-ds-2cv2046g0-idw-f2-8\/#breadcrumb"},"inLanguage":"en-US","potentialAction":[{"@type":"ReadAction","target":["https:\/\/eheating.lt\/produktas\/hikvision-bullet-ds-2cv2046g0-idw-f2-8\/"]}]},{"@type":"ImageObject","inLanguage":"en-US","@id":"https:\/\/eheating.lt\/produktas\/hikvision-bullet-ds-2cv2046g0-idw-f2-8\/#primaryimage","url":"https:\/\/eheating.lt\/wp-content\/uploads\/2023\/10\/Hikvision-bullet-DS-2CV2046G0-IDW-F2.8.png","contentUrl":"https:\/\/eheating.lt\/wp-content\/uploads\/2023\/10\/Hikvision-bullet-DS-2CV2046G0-IDW-F2.8.png","width":800,"height":800,"caption":"Hikvision bullet DS-2CV2046G0-IDW F2.8"},{"@type":"BreadcrumbList","@id":"https:\/\/eheating.lt\/produktas\/hikvision-bullet-ds-2cv2046g0-idw-f2-8\/#breadcrumb","itemListElement":[{"@type":"ListItem","position":1,"name":"Prad\u017eia","item":"https:\/\/eheating.lt\/en\/"},{"@type":"ListItem","position":2,"name":"Shop","item":"https:\/\/eheating.lt\/en\/?page_id=5734"},{"@type":"ListItem","position":3,"name":"Hikvision bullet DS-2CV2046G0-IDW F2.8"}]},{"@type":"WebSite","@id":"https:\/\/eheating.lt\/#website","url":"https:\/\/eheating.lt\/","name":"eHeating","description":"Elektronika ir \u0161ildymas","potentialAction":[{"@type":"SearchAction","target":{"@type":"EntryPoint","urlTemplate":"https:\/\/eheating.lt\/?s={search_term_string}"},"query-input":{"@type":"PropertyValueSpecification","valueRequired":true,"valueName":"search_term_string"}}],"inLanguage":"en-US"}]},"product_price_amount":"260.59","product_price_currency":"EUR","og_availability":"backorder","product_availability":"available for order","product_retailer_item_id":"d7a0d6292689","product_condition":"new"},"_links":{"self":[{"href":"https:\/\/eheating.lt\/en\/wp-json\/wp\/v2\/product\/18414","targetHints":{"allow":["GET"]}}],"collection":[{"href":"https:\/\/eheating.lt\/en\/wp-json\/wp\/v2\/product"}],"about":[{"href":"https:\/\/eheating.lt\/en\/wp-json\/wp\/v2\/types\/product"}],"replies":[{"embeddable":true,"href":"https:\/\/eheating.lt\/en\/wp-json\/wp\/v2\/comments?post=18414"}],"version-history":[{"count":0,"href":"https:\/\/eheating.lt\/en\/wp-json\/wp\/v2\/product\/18414\/revisions"}],"wp:featuredmedia":[{"embeddable":true,"href":"https:\/\/eheating.lt\/en\/wp-json\/wp\/v2\/media\/27913"}],"wp:attachment":[{"href":"https:\/\/eheating.lt\/en\/wp-json\/wp\/v2\/media?parent=18414"}],"wp:term":[{"taxonomy":"product_brand","embeddable":true,"href":"https:\/\/eheating.lt\/en\/wp-json\/wp\/v2\/product_brand?post=18414"},{"taxonomy":"product_cat","embeddable":true,"href":"https:\/\/eheating.lt\/en\/wp-json\/wp\/v2\/product_cat?post=18414"},{"taxonomy":"product_tag","embeddable":true,"href":"https:\/\/eheating.lt\/en\/wp-json\/wp\/v2\/product_tag?post=18414"}],"curies":[{"name":"wp","href":"https:\/\/api.w.org\/{rel}","templated":true}]}}