{"id":18408,"date":"2023-11-13T21:46:22","date_gmt":"2023-11-13T19:46:22","guid":{"rendered":"https:\/\/eheating.lt\/?post_type=product&#038;p=18408"},"modified":"2024-10-18T17:09:30","modified_gmt":"2024-10-18T14:09:30","slug":"hikvision-ds-2tp21b-6avf-w-mobili-termovizorine-kamera-karsciavimui-aptikti","status":"publish","type":"product","link":"https:\/\/eheating.lt\/en\/produktas\/hikvision-ds-2tp21b-6avf-w-mobili-termovizorine-kamera-karsciavimui-aptikti\/","title":{"rendered":"Hikvision DS-2TP21B-6AVF\/W mobili termovizorin\u0117 kamera kar\u0161\u010diavimui"},"content":{"rendered":"<div class=\"tech-specs-items-description-wrap\">\n<ul class=\"tech-specs-items-description\" data-target=\"Thermal\">\n<li class=\"tech-specs-items-description-list\"><span class=\"tech-specs-items-description__title--heading\">Thermal<\/span><\/li>\n<li class=\"tech-specs-items-description-list\"><span class=\"tech-specs-items-description__title\">Image Sensor<\/span><span class=\"tech-specs-items-description__title-details\">VOx Uncooled Focal Plane Arrays<\/span><\/li>\n<li class=\"tech-specs-items-description-list\"><span class=\"tech-specs-items-description__title\">Resolution<\/span><span class=\"tech-specs-items-description__title-details\">160\u00d7120<\/span><\/li>\n<li class=\"tech-specs-items-description-list\"><span class=\"tech-specs-items-description__title\">Pixel Interval<\/span><span class=\"tech-specs-items-description__title-details\">17\u03bcm<\/span><\/li>\n<li class=\"tech-specs-items-description-list\"><span class=\"tech-specs-items-description__title\">Response Waveband<\/span><span class=\"tech-specs-items-description__title-details\">8\u03bcm to 14\u03bcm<\/span><\/li>\n<li class=\"tech-specs-items-description-list\"><span class=\"tech-specs-items-description__title\">NETD<\/span><span class=\"tech-specs-items-description__title-details\">Less than 40 mK (@25\u00b0C,F#=1.1)<\/span><\/li>\n<li class=\"tech-specs-items-description-list\"><span class=\"tech-specs-items-description__title\">Focal Length<\/span><span class=\"tech-specs-items-description__title-details\">6.2mm<\/span><\/li>\n<li class=\"tech-specs-items-description-list\"><span class=\"tech-specs-items-description__title\">Focus Mode<\/span><span class=\"tech-specs-items-description__title-details\">Manual<\/span><\/li>\n<li class=\"tech-specs-items-description-list\"><span class=\"tech-specs-items-description__title\">Field of View<\/span><span class=\"tech-specs-items-description__title-details\">25\u00b0 \u00d7 18.7\u00b0<\/span><\/li>\n<li class=\"tech-specs-items-description-list\"><span class=\"tech-specs-items-description__title\">IFOV<\/span><span class=\"tech-specs-items-description__title-details\">2.74 mrad<\/span><\/li>\n<li class=\"tech-specs-items-description-list\"><span class=\"tech-specs-items-description__title\">Image Frequency<\/span><span class=\"tech-specs-items-description__title-details\">25 hz<\/span><\/li>\n<li class=\"tech-specs-items-description-list\"><span class=\"tech-specs-items-description__title\">Aperture<\/span><span class=\"tech-specs-items-description__title-details\">F 1.1<\/span><\/li>\n<\/ul>\n<ul class=\"tech-specs-items-description\" data-target=\"Optical\">\n<li class=\"tech-specs-items-description-list\"><span class=\"tech-specs-items-description__title--heading\">Optical<\/span><\/li>\n<li class=\"tech-specs-items-description-list\"><span class=\"tech-specs-items-description__title\">Picture Resolution<\/span><span class=\"tech-specs-items-description__title-details\">Configurable: 2 MP, 5 MP, 8 MP<\/span><\/li>\n<li class=\"tech-specs-items-description-list\"><span class=\"tech-specs-items-description__title\">Video Resolution<\/span><span class=\"tech-specs-items-description__title-details\">640 \u00d7 480<\/span><\/li>\n<\/ul>\n<ul class=\"tech-specs-items-description\" data-target=\"Thermography\">\n<li class=\"tech-specs-items-description-list\"><span class=\"tech-specs-items-description__title--heading\">Thermography<\/span><\/li>\n<li class=\"tech-specs-items-description-list\"><span class=\"tech-specs-items-description__title\">Rules<\/span><span class=\"tech-specs-items-description__title-details\">Max. Temperature; Min. Temperature; Center Temperature; Custom Point\/Line\/Area Thermography<\/span><\/li>\n<li class=\"tech-specs-items-description-list\"><span class=\"tech-specs-items-description__title\">Thermographic Range<\/span><span class=\"tech-specs-items-description__title-details\">From 30 \u00b0C to 45 \u00b0C<\/span><\/li>\n<li class=\"tech-specs-items-description-list\"><span class=\"tech-specs-items-description__title\">Accuracy<\/span><span class=\"tech-specs-items-description__title-details\">\u00b1 0.5 \u00b0C (Without Black Body);\u00b1 0.3 \u00b0C (With Black Body)<\/span><\/li>\n<\/ul>\n<ul class=\"tech-specs-items-description\" data-target=\"Image Display\">\n<li class=\"tech-specs-items-description-list\"><span class=\"tech-specs-items-description__title--heading\">Image Display<\/span><\/li>\n<li class=\"tech-specs-items-description-list\"><span class=\"tech-specs-items-description__title\">Monitor<\/span><span class=\"tech-specs-items-description__title-details\">640 \u00d7 480 resolution 3.5-inch LCD touch display<\/span><\/li>\n<li class=\"tech-specs-items-description-list\"><span class=\"tech-specs-items-description__title\">Image Mode<\/span><span class=\"tech-specs-items-description__title-details\">Thermal view, B\/W optical view, image fusion view are selectable<\/span><\/li>\n<li class=\"tech-specs-items-description-list\"><span class=\"tech-specs-items-description__title\">Palettes<\/span><span class=\"tech-specs-items-description__title-details\">Black hot, White hot, Red hot, Rainbow, Ironbow, Fusion, Rain<\/span><\/li>\n<li class=\"tech-specs-items-description-list\"><span class=\"tech-specs-items-description__title\">Image Fusion<\/span><span class=\"tech-specs-items-description__title-details\">Fusion view of thermal view and overlaid details of the optical channel<\/span><\/li>\n<li class=\"tech-specs-items-description-list\"><span class=\"tech-specs-items-description__title\">Digital Zoom<\/span><span class=\"tech-specs-items-description__title-details\">Thermal\uff1a1\u00d7, 2\u00d7, 4\u00d7<\/span><\/li>\n<\/ul>\n<ul class=\"tech-specs-items-description\" data-target=\"System Function\">\n<li class=\"tech-specs-items-description-list\"><span class=\"tech-specs-items-description__title--heading\">System Function<\/span><\/li>\n<li class=\"tech-specs-items-description-list\"><span class=\"tech-specs-items-description__title\">Capture<\/span><span class=\"tech-specs-items-description__title-details\">Thermal\/Optical\/Fusion image<\/span><\/li>\n<li class=\"tech-specs-items-description-list\"><span class=\"tech-specs-items-description__title\">Video<\/span><span class=\"tech-specs-items-description__title-details\">Thermal\/Optical\/Fusion image<\/span><\/li>\n<li class=\"tech-specs-items-description-list\"><span class=\"tech-specs-items-description__title\">Text Comment<\/span><span class=\"tech-specs-items-description__title-details\">Yes<\/span><\/li>\n<li class=\"tech-specs-items-description-list\"><span class=\"tech-specs-items-description__title\">Voice Comment<\/span><span class=\"tech-specs-items-description__title-details\">Yes<\/span><\/li>\n<li class=\"tech-specs-items-description-list\"><span class=\"tech-specs-items-description__title\">Wi-Fi<\/span><span class=\"tech-specs-items-description__title-details\">Yes<\/span><\/li>\n<li class=\"tech-specs-items-description-list\"><span class=\"tech-specs-items-description__title\">Storage<\/span><span class=\"tech-specs-items-description__title-details\">Replaceable memory card (default 16G, support up to 128G storage)<\/span><\/li>\n<li class=\"tech-specs-items-description-list\"><span class=\"tech-specs-items-description__title\">Client<\/span><span class=\"tech-specs-items-description__title-details\">iVMS-4200 (PC);Hik-Thermal (Mobile APP)<\/span><\/li>\n<li class=\"tech-specs-items-description-list\"><span class=\"tech-specs-items-description__title\">Battery Type<\/span><span class=\"tech-specs-items-description__title-details\">Dismountable and rechargeable Li-ion Battery<\/span><\/li>\n<li class=\"tech-specs-items-description-list\"><span class=\"tech-specs-items-description__title\">Battery Operating Time<\/span><span class=\"tech-specs-items-description__title-details\">5 hours in 25\u2103, with Wi-Fi and Bluetooth off.4 hours in 25\u2103, with Wi-Fi and Bluetooth on.<\/span><\/li>\n<\/ul>\n<ul class=\"tech-specs-items-description\" data-target=\"General\">\n<li class=\"tech-specs-items-description-list\"><span class=\"tech-specs-items-description__title--heading\">General<\/span><\/li>\n<li class=\"tech-specs-items-description-list\"><span class=\"tech-specs-items-description__title\">Hardware Interface<\/span><span class=\"tech-specs-items-description__title-details\">Type-C USB<\/span><\/li>\n<li class=\"tech-specs-items-description-list\"><span class=\"tech-specs-items-description__title\">Power Supply<\/span><span class=\"tech-specs-items-description__title-details\">5 VDC\/2 A<\/span><\/li>\n<li class=\"tech-specs-items-description-list\"><span class=\"tech-specs-items-description__title\">Power Consumption<\/span><span class=\"tech-specs-items-description__title-details\">Max. 4.5 W<\/span><\/li>\n<li class=\"tech-specs-items-description-list\"><span class=\"tech-specs-items-description__title\">Working Temperature<\/span><span class=\"tech-specs-items-description__title-details\">10\u00b0C to 35 \u00b0C<\/span><\/li>\n<li class=\"tech-specs-items-description-list\"><span class=\"tech-specs-items-description__title\">Protection level<\/span><span class=\"tech-specs-items-description__title-details\">IP54<\/span><\/li>\n<li class=\"tech-specs-items-description-list\"><span class=\"tech-specs-items-description__title\">Drop Test Height<\/span><span class=\"tech-specs-items-description__title-details\">2 m (6.56 feet)<\/span><\/li>\n<li class=\"tech-specs-items-description-list\"><span class=\"tech-specs-items-description__title\">Weight<\/span><span class=\"tech-specs-items-description__title-details\">With Battery: 653 g (1.44 lb)Without Battery: 511 g (1.13 lb)<\/span><\/li>\n<li class=\"tech-specs-items-description-list\"><span class=\"tech-specs-items-description__title\">Dimension<\/span><span class=\"tech-specs-items-description__title-details\">244 mm \u00d7 100 mm \u00d7 104 mm (9.6 \u2033 \u00d7 3.9 \u2033 \u00d7 4.1 \u2033)<\/span><\/li>\n<\/ul>\n<\/div>\n<div class=\"video-container\" style=\"margin-top: 50px;\"><\/div>\n","protected":false},"excerpt":{"rendered":"<ul class=\"product_description_item-list\">\n<li class=\"product_description_item\">160 \u00d7 120 termin\u0117 rai\u0161ka, 8MP optin\u0117 rai\u0161ka<\/li>\n<li class=\"product_description_item\">3D DNR<\/li>\n<li class=\"product_description_item\">640 \u00d7 480, 3.5\u201d LCD ekranas<\/li>\n<li class=\"product_description_item\">Iki 5 valand\u0173 nepertraukiamo darbo<\/li>\n<li class=\"product_description_item\">Temperat\u016bros ribos: 30\u00b0C ~ 45\u00b0C<\/li>\n<li class=\"product_description_item\">Tikslumas: \u00b10.5\u00b0C<\/li>\n<\/ul>\n","protected":false},"featured_media":28132,"comment_status":"closed","ping_status":"closed","template":"","meta":[],"product_brand":[],"product_cat":[534,533,423],"product_tag":[],"class_list":{"0":"post-18408","1":"product","2":"type-product","3":"status-publish","4":"has-post-thumbnail","6":"product_cat-ip-kameros","7":"product_cat-ip-vaizdo-stebejimo-sistemos","8":"product_cat-ip-termovizorines-kameros","10":"first","11":"onbackorder","12":"purchasable","13":"product-type-simple"},"yoast_head":"<!-- This site is optimized with the Yoast SEO Premium plugin v21.5 (Yoast SEO v27.4) - https:\/\/yoast.com\/product\/yoast-seo-premium-wordpress\/ -->\n<title>Hikvision DS-2TP21B-6AVF\/W mobili termovizorin\u0117 kamera<\/title>\n<meta name=\"description\" content=\"Hikvision DS-2TP21B-6AVF\/W mobili termovizorin\u0117 kamera ; 640 \u00d7 480, 3.5\u201d LCD ekranas ; Iki 5 valand\u0173 nepertraukiamo darbo ; Tikslumas: \u00b10.5\u00b0C\" \/>\n<meta name=\"robots\" content=\"index, follow, max-snippet:-1, max-image-preview:large, max-video-preview:-1\" \/>\n<link rel=\"canonical\" href=\"https:\/\/eheating.lt\/produktas\/hikvision-ds-2tp21b-6avf-w-mobili-termovizorine-kamera-karsciavimui-aptikti\/\" \/>\n<meta property=\"og:locale\" content=\"en_US\" \/>\n<meta property=\"og:type\" content=\"article\" \/>\n<meta property=\"og:title\" content=\"Hikvision DS-2TP21B-6AVF\/W mobili termovizorin\u0117 kamera kar\u0161\u010diavimui aptikti\" \/>\n<meta property=\"og:description\" content=\"Hikvision DS-2TP21B-6AVF\/W mobili termovizorin\u0117 kamera ; 640 \u00d7 480, 3.5\u201d LCD ekranas ; Iki 5 valand\u0173 nepertraukiamo darbo ; Tikslumas: \u00b10.5\u00b0C\" \/>\n<meta property=\"og:url\" content=\"https:\/\/eheating.lt\/produktas\/hikvision-ds-2tp21b-6avf-w-mobili-termovizorine-kamera-karsciavimui-aptikti\/\" \/>\n<meta property=\"og:site_name\" content=\"Elektronika Namams\" \/>\n<meta property=\"article:publisher\" content=\"https:\/\/www.facebook.com\/ElektronikaNamams\" \/>\n<meta property=\"article:modified_time\" content=\"2024-10-18T14:09:30+00:00\" \/>\n<meta property=\"og:image\" content=\"https:\/\/eheating.lt\/wp-content\/uploads\/2023\/10\/Hikvision-DS-2TP21B-6AVFW-mobili-termovizorine-kamera.png\" \/>\n\t<meta property=\"og:image:width\" content=\"800\" \/>\n\t<meta property=\"og:image:height\" content=\"800\" \/>\n\t<meta property=\"og:image:type\" content=\"image\/png\" \/>\n<meta name=\"twitter:card\" content=\"summary_large_image\" \/>\n<meta name=\"twitter:label1\" content=\"Price\" \/>\n\t<meta name=\"twitter:data1\" content=\"5516,03&nbsp;&euro;\" \/>\n\t<meta name=\"twitter:label2\" content=\"Availability\" \/>\n\t<meta name=\"twitter:data2\" content=\"On backorder\" \/>\n<script type=\"application\/ld+json\" class=\"yoast-schema-graph\">{\"@context\":\"https:\\\/\\\/schema.org\",\"@graph\":[{\"@type\":\"WebPage\",\"@id\":\"https:\\\/\\\/eheating.lt\\\/produktas\\\/hikvision-ds-2tp21b-6avf-w-mobili-termovizorine-kamera-karsciavimui-aptikti\\\/\",\"url\":\"https:\\\/\\\/eheating.lt\\\/produktas\\\/hikvision-ds-2tp21b-6avf-w-mobili-termovizorine-kamera-karsciavimui-aptikti\\\/\",\"name\":\"Hikvision DS-2TP21B-6AVF\\\/W mobili termovizorin\u0117 kamera\",\"isPartOf\":{\"@id\":\"https:\\\/\\\/eheating.lt\\\/#website\"},\"primaryImageOfPage\":{\"@id\":\"https:\\\/\\\/eheating.lt\\\/produktas\\\/hikvision-ds-2tp21b-6avf-w-mobili-termovizorine-kamera-karsciavimui-aptikti\\\/#primaryimage\"},\"image\":{\"@id\":\"https:\\\/\\\/eheating.lt\\\/produktas\\\/hikvision-ds-2tp21b-6avf-w-mobili-termovizorine-kamera-karsciavimui-aptikti\\\/#primaryimage\"},\"thumbnailUrl\":\"https:\\\/\\\/eheating.lt\\\/wp-content\\\/uploads\\\/2023\\\/10\\\/Hikvision-DS-2TP21B-6AVFW-mobili-termovizorine-kamera.png\",\"datePublished\":\"2023-11-13T19:46:22+00:00\",\"dateModified\":\"2024-10-18T14:09:30+00:00\",\"description\":\"Hikvision DS-2TP21B-6AVF\\\/W mobili termovizorin\u0117 kamera ; 640 \u00d7 480, 3.5\u201d LCD ekranas ; Iki 5 valand\u0173 nepertraukiamo darbo ; Tikslumas: \u00b10.5\u00b0C\",\"breadcrumb\":{\"@id\":\"https:\\\/\\\/eheating.lt\\\/produktas\\\/hikvision-ds-2tp21b-6avf-w-mobili-termovizorine-kamera-karsciavimui-aptikti\\\/#breadcrumb\"},\"inLanguage\":\"en-US\",\"potentialAction\":[{\"@type\":\"ReadAction\",\"target\":[\"https:\\\/\\\/eheating.lt\\\/produktas\\\/hikvision-ds-2tp21b-6avf-w-mobili-termovizorine-kamera-karsciavimui-aptikti\\\/\"]}]},{\"@type\":\"ImageObject\",\"inLanguage\":\"en-US\",\"@id\":\"https:\\\/\\\/eheating.lt\\\/produktas\\\/hikvision-ds-2tp21b-6avf-w-mobili-termovizorine-kamera-karsciavimui-aptikti\\\/#primaryimage\",\"url\":\"https:\\\/\\\/eheating.lt\\\/wp-content\\\/uploads\\\/2023\\\/10\\\/Hikvision-DS-2TP21B-6AVFW-mobili-termovizorine-kamera.png\",\"contentUrl\":\"https:\\\/\\\/eheating.lt\\\/wp-content\\\/uploads\\\/2023\\\/10\\\/Hikvision-DS-2TP21B-6AVFW-mobili-termovizorine-kamera.png\",\"width\":800,\"height\":800,\"caption\":\"Hikvision DS-2TP21B-6AVF\\\/W mobili termovizorin\u0117 kamera\"},{\"@type\":\"BreadcrumbList\",\"@id\":\"https:\\\/\\\/eheating.lt\\\/produktas\\\/hikvision-ds-2tp21b-6avf-w-mobili-termovizorine-kamera-karsciavimui-aptikti\\\/#breadcrumb\",\"itemListElement\":[{\"@type\":\"ListItem\",\"position\":1,\"name\":\"Prad\u017eia\",\"item\":\"https:\\\/\\\/eheating.lt\\\/en\\\/\"},{\"@type\":\"ListItem\",\"position\":2,\"name\":\"Shop\",\"item\":\"https:\\\/\\\/eheating.lt\\\/en\\\/?page_id=5734\"},{\"@type\":\"ListItem\",\"position\":3,\"name\":\"Hikvision DS-2TP21B-6AVF\\\/W mobili termovizorin\u0117 kamera kar\u0161\u010diavimui\"}]},{\"@type\":\"WebSite\",\"@id\":\"https:\\\/\\\/eheating.lt\\\/#website\",\"url\":\"https:\\\/\\\/eheating.lt\\\/\",\"name\":\"eHeating\",\"description\":\"Elektronika ir \u0161ildymas\",\"potentialAction\":[{\"@type\":\"SearchAction\",\"target\":{\"@type\":\"EntryPoint\",\"urlTemplate\":\"https:\\\/\\\/eheating.lt\\\/?s={search_term_string}\"},\"query-input\":{\"@type\":\"PropertyValueSpecification\",\"valueRequired\":true,\"valueName\":\"search_term_string\"}}],\"inLanguage\":\"en-US\"}]}<\/script>\n<meta property=\"product:price:amount\" content=\"5516.03\" \/>\n<meta property=\"product:price:currency\" content=\"EUR\" \/>\n<meta property=\"og:availability\" content=\"backorder\" \/>\n<meta property=\"product:availability\" content=\"available for order\" \/>\n<meta property=\"product:retailer_item_id\" content=\"8bf749e4be99\" \/>\n<meta property=\"product:condition\" content=\"new\" \/>\n<!-- \/ Yoast SEO Premium plugin. -->","yoast_head_json":{"title":"Hikvision DS-2TP21B-6AVF\/W mobili termovizorin\u0117 kamera","description":"Hikvision DS-2TP21B-6AVF\/W mobili termovizorin\u0117 kamera ; 640 \u00d7 480, 3.5\u201d LCD ekranas ; Iki 5 valand\u0173 nepertraukiamo darbo ; Tikslumas: \u00b10.5\u00b0C","robots":{"index":"index","follow":"follow","max-snippet":"max-snippet:-1","max-image-preview":"max-image-preview:large","max-video-preview":"max-video-preview:-1"},"canonical":"https:\/\/eheating.lt\/produktas\/hikvision-ds-2tp21b-6avf-w-mobili-termovizorine-kamera-karsciavimui-aptikti\/","og_locale":"en_US","og_type":"article","og_title":"Hikvision DS-2TP21B-6AVF\/W mobili termovizorin\u0117 kamera kar\u0161\u010diavimui aptikti","og_description":"Hikvision DS-2TP21B-6AVF\/W mobili termovizorin\u0117 kamera ; 640 \u00d7 480, 3.5\u201d LCD ekranas ; Iki 5 valand\u0173 nepertraukiamo darbo ; Tikslumas: \u00b10.5\u00b0C","og_url":"https:\/\/eheating.lt\/produktas\/hikvision-ds-2tp21b-6avf-w-mobili-termovizorine-kamera-karsciavimui-aptikti\/","og_site_name":"Elektronika Namams","article_publisher":"https:\/\/www.facebook.com\/ElektronikaNamams","article_modified_time":"2024-10-18T14:09:30+00:00","og_image":[{"width":800,"height":800,"url":"https:\/\/eheating.lt\/wp-content\/uploads\/2023\/10\/Hikvision-DS-2TP21B-6AVFW-mobili-termovizorine-kamera.png","type":"image\/png"}],"twitter_card":"summary_large_image","twitter_misc":{"Price":"5516,03&nbsp;&euro;","Availability":"On backorder"},"schema":{"@context":"https:\/\/schema.org","@graph":[{"@type":"WebPage","@id":"https:\/\/eheating.lt\/produktas\/hikvision-ds-2tp21b-6avf-w-mobili-termovizorine-kamera-karsciavimui-aptikti\/","url":"https:\/\/eheating.lt\/produktas\/hikvision-ds-2tp21b-6avf-w-mobili-termovizorine-kamera-karsciavimui-aptikti\/","name":"Hikvision DS-2TP21B-6AVF\/W mobili termovizorin\u0117 kamera","isPartOf":{"@id":"https:\/\/eheating.lt\/#website"},"primaryImageOfPage":{"@id":"https:\/\/eheating.lt\/produktas\/hikvision-ds-2tp21b-6avf-w-mobili-termovizorine-kamera-karsciavimui-aptikti\/#primaryimage"},"image":{"@id":"https:\/\/eheating.lt\/produktas\/hikvision-ds-2tp21b-6avf-w-mobili-termovizorine-kamera-karsciavimui-aptikti\/#primaryimage"},"thumbnailUrl":"https:\/\/eheating.lt\/wp-content\/uploads\/2023\/10\/Hikvision-DS-2TP21B-6AVFW-mobili-termovizorine-kamera.png","datePublished":"2023-11-13T19:46:22+00:00","dateModified":"2024-10-18T14:09:30+00:00","description":"Hikvision DS-2TP21B-6AVF\/W mobili termovizorin\u0117 kamera ; 640 \u00d7 480, 3.5\u201d LCD ekranas ; Iki 5 valand\u0173 nepertraukiamo darbo ; Tikslumas: \u00b10.5\u00b0C","breadcrumb":{"@id":"https:\/\/eheating.lt\/produktas\/hikvision-ds-2tp21b-6avf-w-mobili-termovizorine-kamera-karsciavimui-aptikti\/#breadcrumb"},"inLanguage":"en-US","potentialAction":[{"@type":"ReadAction","target":["https:\/\/eheating.lt\/produktas\/hikvision-ds-2tp21b-6avf-w-mobili-termovizorine-kamera-karsciavimui-aptikti\/"]}]},{"@type":"ImageObject","inLanguage":"en-US","@id":"https:\/\/eheating.lt\/produktas\/hikvision-ds-2tp21b-6avf-w-mobili-termovizorine-kamera-karsciavimui-aptikti\/#primaryimage","url":"https:\/\/eheating.lt\/wp-content\/uploads\/2023\/10\/Hikvision-DS-2TP21B-6AVFW-mobili-termovizorine-kamera.png","contentUrl":"https:\/\/eheating.lt\/wp-content\/uploads\/2023\/10\/Hikvision-DS-2TP21B-6AVFW-mobili-termovizorine-kamera.png","width":800,"height":800,"caption":"Hikvision DS-2TP21B-6AVF\/W mobili termovizorin\u0117 kamera"},{"@type":"BreadcrumbList","@id":"https:\/\/eheating.lt\/produktas\/hikvision-ds-2tp21b-6avf-w-mobili-termovizorine-kamera-karsciavimui-aptikti\/#breadcrumb","itemListElement":[{"@type":"ListItem","position":1,"name":"Prad\u017eia","item":"https:\/\/eheating.lt\/en\/"},{"@type":"ListItem","position":2,"name":"Shop","item":"https:\/\/eheating.lt\/en\/?page_id=5734"},{"@type":"ListItem","position":3,"name":"Hikvision DS-2TP21B-6AVF\/W mobili termovizorin\u0117 kamera kar\u0161\u010diavimui"}]},{"@type":"WebSite","@id":"https:\/\/eheating.lt\/#website","url":"https:\/\/eheating.lt\/","name":"eHeating","description":"Elektronika ir \u0161ildymas","potentialAction":[{"@type":"SearchAction","target":{"@type":"EntryPoint","urlTemplate":"https:\/\/eheating.lt\/?s={search_term_string}"},"query-input":{"@type":"PropertyValueSpecification","valueRequired":true,"valueName":"search_term_string"}}],"inLanguage":"en-US"}]},"product_price_amount":"5516.03","product_price_currency":"EUR","og_availability":"backorder","product_availability":"available for order","product_retailer_item_id":"8bf749e4be99","product_condition":"new"},"_links":{"self":[{"href":"https:\/\/eheating.lt\/en\/wp-json\/wp\/v2\/product\/18408","targetHints":{"allow":["GET"]}}],"collection":[{"href":"https:\/\/eheating.lt\/en\/wp-json\/wp\/v2\/product"}],"about":[{"href":"https:\/\/eheating.lt\/en\/wp-json\/wp\/v2\/types\/product"}],"replies":[{"embeddable":true,"href":"https:\/\/eheating.lt\/en\/wp-json\/wp\/v2\/comments?post=18408"}],"version-history":[{"count":0,"href":"https:\/\/eheating.lt\/en\/wp-json\/wp\/v2\/product\/18408\/revisions"}],"wp:featuredmedia":[{"embeddable":true,"href":"https:\/\/eheating.lt\/en\/wp-json\/wp\/v2\/media\/28132"}],"wp:attachment":[{"href":"https:\/\/eheating.lt\/en\/wp-json\/wp\/v2\/media?parent=18408"}],"wp:term":[{"taxonomy":"product_brand","embeddable":true,"href":"https:\/\/eheating.lt\/en\/wp-json\/wp\/v2\/product_brand?post=18408"},{"taxonomy":"product_cat","embeddable":true,"href":"https:\/\/eheating.lt\/en\/wp-json\/wp\/v2\/product_cat?post=18408"},{"taxonomy":"product_tag","embeddable":true,"href":"https:\/\/eheating.lt\/en\/wp-json\/wp\/v2\/product_tag?post=18408"}],"curies":[{"name":"wp","href":"https:\/\/api.w.org\/{rel}","templated":true}]}}