{"id":18406,"date":"2023-11-13T21:46:21","date_gmt":"2023-11-13T19:46:21","guid":{"rendered":"https:\/\/eheating.lt\/?post_type=product&#038;p=18406"},"modified":"2024-10-18T17:09:29","modified_gmt":"2024-10-18T14:09:29","slug":"hikvision-metalo-detektorius-isd-smg318lt-f-su-termovizorine-kamera-karsciavimui-aptikti","status":"publish","type":"product","link":"https:\/\/eheating.lt\/en\/produktas\/hikvision-metalo-detektorius-isd-smg318lt-f-su-termovizorine-kamera-karsciavimui-aptikti\/","title":{"rendered":"Hikvision metalo detektorius ISD-SMG318LT-F su termovizorine"},"content":{"rendered":"<div class=\"tech-specs-items-description-wrap\">\n<ul class=\"tech-specs-items-description\" data-target=\"Dimension Parameters\">\n<li class=\"tech-specs-items-description-list\"><span class=\"tech-specs-items-description__title--heading\">Dimension Parameters<\/span><\/li>\n<li class=\"tech-specs-items-description-list\"><span class=\"tech-specs-items-description__title\">Appearance and Dimension <\/span><span class=\"tech-specs-items-description__title-details\">Detector dimension(without dome camera):2200 x 850 x 480mm (H x W xD)Dome camera dimension :138.3 mm \u00d7 138.3 mm \u00d7 123.1 mm(H x W x D)Package dimension 2270 x 700 x230mm(H x W x D)<\/span><\/li>\n<\/ul>\n<ul class=\"tech-specs-items-description\" data-target=\"Performance Parameters\">\n<li class=\"tech-specs-items-description-list\"><span class=\"tech-specs-items-description__title--heading\">Performance Parameters<\/span><\/li>\n<li class=\"tech-specs-items-description-list\"><span class=\"tech-specs-items-description__title\">Power Supply<\/span><span class=\"tech-specs-items-description__title-details\">110~240VAC\uff0c50-60Hz<\/span><\/li>\n<\/ul>\n<ul class=\"tech-specs-items-description\" data-target=\"Communication Protocol\">\n<li class=\"tech-specs-items-description-list\"><span class=\"tech-specs-items-description__title--heading\">Communication Protocol<\/span><\/li>\n<li class=\"tech-specs-items-description-list\"><span class=\"tech-specs-items-description__title\">Network Communication<\/span><span class=\"tech-specs-items-description__title-details\">IPv4\/IPv6,HTTP,HTTPS,802.1x,Qos,FTP,SMTP,UPnP,SNMP,DNS,DDNS,NTP,RTSP,RTCP,RTP,TCP,UDP,IGMP,ICMP,DHCP,PPPoE,Bonjour<\/span><\/li>\n<\/ul>\n<ul class=\"tech-specs-items-description\" data-target=\"General Standard\">\n<li class=\"tech-specs-items-description-list\"><span class=\"tech-specs-items-description__title--heading\">General Standard<\/span><\/li>\n<li class=\"tech-specs-items-description-list\"><span class=\"tech-specs-items-description__title\">Working Temperature<\/span><span class=\"tech-specs-items-description__title-details\">Speed dome: 5\u2103 to 40\u2103, \uff1c95% RHWalk-through detector: -20\u2103 to 85\u2103, 99%, RH<\/span><\/li>\n<li class=\"tech-specs-items-description-list\"><span class=\"tech-specs-items-description__title\">Power Consumption<\/span><span class=\"tech-specs-items-description__title-details\">&lt;25W<\/span><\/li>\n<li class=\"tech-specs-items-description-list\"><span class=\"tech-specs-items-description__title\">Protection Level<\/span><span class=\"tech-specs-items-description__title-details\">Dome camera: IP66Walk-through detector: IP53<\/span><\/li>\n<li class=\"tech-specs-items-description-list\"><span class=\"tech-specs-items-description__title\">Weight<\/span><span class=\"tech-specs-items-description__title-details\">50Kg<\/span><\/li>\n<\/ul>\n<ul class=\"tech-specs-items-description\" data-target=\"Thermal Imaging\">\n<li class=\"tech-specs-items-description-list\"><span class=\"tech-specs-items-description__title--heading\">Thermal Imaging<\/span><\/li>\n<li class=\"tech-specs-items-description-list\"><span class=\"tech-specs-items-description__title\">Sensor<\/span><span class=\"tech-specs-items-description__title-details\">Vanadium oxide uncooled sensor<\/span><\/li>\n<li class=\"tech-specs-items-description-list\"><span class=\"tech-specs-items-description__title\">Max. Resolution<\/span><span class=\"tech-specs-items-description__title-details\">160\u00d7 120<\/span><\/li>\n<li class=\"tech-specs-items-description-list\"><span class=\"tech-specs-items-description__title\">Pixel Interval<\/span><span class=\"tech-specs-items-description__title-details\">17\u03bcm<\/span><\/li>\n<li class=\"tech-specs-items-description-list\"><span class=\"tech-specs-items-description__title\">Response Waveband<\/span><span class=\"tech-specs-items-description__title-details\">8 to 14\u03bcm<\/span><\/li>\n<li class=\"tech-specs-items-description-list\"><span class=\"tech-specs-items-description__title\">Lens (Focal Length)<\/span><span class=\"tech-specs-items-description__title-details\">3mm<\/span><\/li>\n<li class=\"tech-specs-items-description-list\"><span class=\"tech-specs-items-description__title\">Field of View<\/span><span class=\"tech-specs-items-description__title-details\">50\u00b0\u00d737.2\u00b0<\/span><\/li>\n<li class=\"tech-specs-items-description-list\"><span class=\"tech-specs-items-description__title\">Min. Focusing Distance<\/span><span class=\"tech-specs-items-description__title-details\">0.3m<\/span><\/li>\n<li class=\"tech-specs-items-description-list\"><span class=\"tech-specs-items-description__title\">Pseudo Color<\/span><span class=\"tech-specs-items-description__title-details\">15, white heat, black heat,fusion1, rainbow, fusion2, iron oxide red1, iron oxide red2, puce, color1, color2, ice &amp; fire, rain, red heat, green heat, and dark blue<\/span><\/li>\n<\/ul>\n<ul class=\"tech-specs-items-description\" data-target=\"Visible Light\">\n<li class=\"tech-specs-items-description-list\"><span class=\"tech-specs-items-description__title--heading\">Visible Light<\/span><\/li>\n<li class=\"tech-specs-items-description-list\"><span class=\"tech-specs-items-description__title\">Sensor<\/span><span class=\"tech-specs-items-description__title-details\">4 MP 1\/2.7&#8243; Progressive Scan CMOS<\/span><\/li>\n<li class=\"tech-specs-items-description-list\"><span class=\"tech-specs-items-description__title\">Resolution<\/span><span class=\"tech-specs-items-description__title-details\">2688\u00d71520@25fps<\/span><\/li>\n<li class=\"tech-specs-items-description-list\"><span class=\"tech-specs-items-description__title\">Min. illuminance<\/span><span class=\"tech-specs-items-description__title-details\">0.0018Lux @(F1.6,AGC ON) ,0 Lux with IR<\/span><\/li>\n<li class=\"tech-specs-items-description-list\"><span class=\"tech-specs-items-description__title\">Focal length<\/span><span class=\"tech-specs-items-description__title-details\">4mm<\/span><\/li>\n<li class=\"tech-specs-items-description-list\"><span class=\"tech-specs-items-description__title\">Field angle<\/span><span class=\"tech-specs-items-description__title-details\">84.0\u00b0\u00d744.8\u00b0<\/span><\/li>\n<li class=\"tech-specs-items-description-list\"><span class=\"tech-specs-items-description__title\">WDR range<\/span><span class=\"tech-specs-items-description__title-details\">120dB<\/span><\/li>\n<li class=\"tech-specs-items-description-list\"><span class=\"tech-specs-items-description__title\">IR distance<\/span><span class=\"tech-specs-items-description__title-details\">Max. 15 m<\/span><\/li>\n<\/ul>\n<ul class=\"tech-specs-items-description\" data-target=\"Temperature measurement\">\n<li class=\"tech-specs-items-description-list\"><span class=\"tech-specs-items-description__title--heading\">Temperature measurement<\/span><\/li>\n<li class=\"tech-specs-items-description-list\"><span class=\"tech-specs-items-description__title\">Temperature exception detection<\/span><span class=\"tech-specs-items-description__title-details\">Expert mode: 10 points, 10 frame, 21 rules on each line<\/span><\/li>\n<li class=\"tech-specs-items-description-list\"><span class=\"tech-specs-items-description__title\">Body temperature measurement<\/span><span class=\"tech-specs-items-description__title-details\">AI face detection, multi-target detection<\/span><\/li>\n<li class=\"tech-specs-items-description-list\"><span class=\"tech-specs-items-description__title\">Measurement range<\/span><span class=\"tech-specs-items-description__title-details\">30 to 45\u2103<\/span><\/li>\n<li class=\"tech-specs-items-description-list\"><span class=\"tech-specs-items-description__title\">Temperature Alarm<\/span><span class=\"tech-specs-items-description__title-details\">Alarm triggered when the temperature is over the threshold<\/span><\/li>\n<li class=\"tech-specs-items-description-list\"><span class=\"tech-specs-items-description__title\">Measurement accuracy<\/span><span class=\"tech-specs-items-description__title-details\">No black body:\u00b10.5\u2103With black body: \u00b10.3\u2103<\/span><\/li>\n<\/ul>\n<ul class=\"tech-specs-items-description\" data-target=\"Compression\">\n<li class=\"tech-specs-items-description-list\"><span class=\"tech-specs-items-description__title--heading\">Compression<\/span><\/li>\n<li class=\"tech-specs-items-description-list\"><span class=\"tech-specs-items-description__title\">Video compression<\/span><span class=\"tech-specs-items-description__title-details\">H.265\/H.264\/MJPEG<\/span><\/li>\n<li class=\"tech-specs-items-description-list\"><span class=\"tech-specs-items-description__title\">H265<\/span><span class=\"tech-specs-items-description__title-details\">Main Profile<\/span><\/li>\n<li class=\"tech-specs-items-description-list\"><span class=\"tech-specs-items-description__title\">H264<\/span><span class=\"tech-specs-items-description__title-details\">Baseline Profile \/ Main Profile \/ High Profile<\/span><\/li>\n<li class=\"tech-specs-items-description-list\"><span class=\"tech-specs-items-description__title\">Video bit rate:<\/span><span class=\"tech-specs-items-description__title-details\">32 Kbps to 8Mbps<\/span><\/li>\n<li class=\"tech-specs-items-description-list\"><span class=\"tech-specs-items-description__title\">Video standard<\/span><span class=\"tech-specs-items-description__title-details\">G.711\/G.722.1\/G.726\/MP2L2\/PCM<\/span><\/li>\n<li class=\"tech-specs-items-description-list\"><span class=\"tech-specs-items-description__title\">Audio bit rate::<\/span><span class=\"tech-specs-items-description__title-details\">64Kbps(G.711) \/ 16Kbps(G.722.1) \/ 16Kbps(G.726) \/ 32-192Kbps(MP2L2)<\/span><\/li>\n<\/ul>\n<\/div>\n<div class=\"video-container\" style=\"margin-top: 50px;\"><\/div>\n","protected":false},"excerpt":{"rendered":"<ul class=\"product_description_item-list\">\n<li class=\"product_description_item\">Temperat\u016bros ir metalo detekcija<\/li>\n<li class=\"product_description_item\">Garso aliarmas<\/li>\n<li class=\"product_description_item\">Temp. sensoriaus rai\u0161ka: 160 x 120<\/li>\n<li class=\"product_description_item\">Palaiko matomo ir terminio vaizdo sluoksni\u0173 perdengim\u0105<\/li>\n<li class=\"product_description_item\">IP66<\/li>\n<li class=\"product_description_item\">Indikuoja metalo pozicij\u0105 (18 zon\u0173)<\/li>\n<\/ul>\n","protected":false},"featured_media":28130,"comment_status":"closed","ping_status":"closed","template":"","meta":[],"product_brand":[],"product_cat":[534,533,423],"product_tag":[],"class_list":{"0":"post-18406","1":"product","2":"type-product","3":"status-publish","4":"has-post-thumbnail","6":"product_cat-ip-kameros","7":"product_cat-ip-vaizdo-stebejimo-sistemos","8":"product_cat-ip-termovizorines-kameros","10":"first","11":"onbackorder","12":"purchasable","13":"product-type-simple"},"yoast_head":"<!-- This site is optimized with the Yoast SEO Premium plugin v21.5 (Yoast SEO v27.4) - https:\/\/yoast.com\/product\/yoast-seo-premium-wordpress\/ -->\n<title>Hikvision metalo detektorius ISD-SMG318LT-F<\/title>\n<meta name=\"description\" content=\"Hikvision metalo detektorius ISD-SMG318LT-F ; Temperat\u016bros ir metalo detekcija ; Garso aliarmas ; Palaiko matomo ir terminio vaizdo sluoksni\u0173 perdengim\u0105\" \/>\n<meta name=\"robots\" content=\"index, follow, max-snippet:-1, max-image-preview:large, max-video-preview:-1\" \/>\n<link rel=\"canonical\" href=\"https:\/\/eheating.lt\/produktas\/hikvision-metalo-detektorius-isd-smg318lt-f-su-termovizorine-kamera-karsciavimui-aptikti\/\" \/>\n<meta property=\"og:locale\" content=\"en_US\" \/>\n<meta property=\"og:type\" content=\"article\" \/>\n<meta property=\"og:title\" content=\"Hikvision metalo detektorius ISD-SMG318LT-F su termovizorine kamera kar\u0161\u010diavimui aptikti\" \/>\n<meta property=\"og:description\" content=\"Hikvision metalo detektorius ISD-SMG318LT-F ; Temperat\u016bros ir metalo detekcija ; Garso aliarmas ; Palaiko matomo ir terminio vaizdo sluoksni\u0173 perdengim\u0105\" \/>\n<meta property=\"og:url\" content=\"https:\/\/eheating.lt\/produktas\/hikvision-metalo-detektorius-isd-smg318lt-f-su-termovizorine-kamera-karsciavimui-aptikti\/\" \/>\n<meta property=\"og:site_name\" content=\"Elektronika Namams\" \/>\n<meta property=\"article:publisher\" content=\"https:\/\/www.facebook.com\/ElektronikaNamams\" \/>\n<meta property=\"article:modified_time\" content=\"2024-10-18T14:09:29+00:00\" \/>\n<meta property=\"og:image\" content=\"https:\/\/eheating.lt\/wp-content\/uploads\/2023\/10\/Hikvision-metalo-detektorius-ISD-SMG318LT-F.png\" \/>\n\t<meta property=\"og:image:width\" content=\"800\" \/>\n\t<meta property=\"og:image:height\" content=\"800\" \/>\n\t<meta property=\"og:image:type\" content=\"image\/png\" \/>\n<meta name=\"twitter:card\" content=\"summary_large_image\" \/>\n<meta name=\"twitter:label1\" content=\"Price\" \/>\n\t<meta name=\"twitter:data1\" content=\"9027,85&nbsp;&euro;\" \/>\n\t<meta name=\"twitter:label2\" content=\"Availability\" \/>\n\t<meta name=\"twitter:data2\" content=\"On backorder\" \/>\n<script type=\"application\/ld+json\" class=\"yoast-schema-graph\">{\"@context\":\"https:\\\/\\\/schema.org\",\"@graph\":[{\"@type\":\"WebPage\",\"@id\":\"https:\\\/\\\/eheating.lt\\\/produktas\\\/hikvision-metalo-detektorius-isd-smg318lt-f-su-termovizorine-kamera-karsciavimui-aptikti\\\/\",\"url\":\"https:\\\/\\\/eheating.lt\\\/produktas\\\/hikvision-metalo-detektorius-isd-smg318lt-f-su-termovizorine-kamera-karsciavimui-aptikti\\\/\",\"name\":\"Hikvision metalo detektorius ISD-SMG318LT-F\",\"isPartOf\":{\"@id\":\"https:\\\/\\\/eheating.lt\\\/#website\"},\"primaryImageOfPage\":{\"@id\":\"https:\\\/\\\/eheating.lt\\\/produktas\\\/hikvision-metalo-detektorius-isd-smg318lt-f-su-termovizorine-kamera-karsciavimui-aptikti\\\/#primaryimage\"},\"image\":{\"@id\":\"https:\\\/\\\/eheating.lt\\\/produktas\\\/hikvision-metalo-detektorius-isd-smg318lt-f-su-termovizorine-kamera-karsciavimui-aptikti\\\/#primaryimage\"},\"thumbnailUrl\":\"https:\\\/\\\/eheating.lt\\\/wp-content\\\/uploads\\\/2023\\\/10\\\/Hikvision-metalo-detektorius-ISD-SMG318LT-F.png\",\"datePublished\":\"2023-11-13T19:46:21+00:00\",\"dateModified\":\"2024-10-18T14:09:29+00:00\",\"description\":\"Hikvision metalo detektorius ISD-SMG318LT-F ; Temperat\u016bros ir metalo detekcija ; Garso aliarmas ; Palaiko matomo ir terminio vaizdo sluoksni\u0173 perdengim\u0105\",\"breadcrumb\":{\"@id\":\"https:\\\/\\\/eheating.lt\\\/produktas\\\/hikvision-metalo-detektorius-isd-smg318lt-f-su-termovizorine-kamera-karsciavimui-aptikti\\\/#breadcrumb\"},\"inLanguage\":\"en-US\",\"potentialAction\":[{\"@type\":\"ReadAction\",\"target\":[\"https:\\\/\\\/eheating.lt\\\/produktas\\\/hikvision-metalo-detektorius-isd-smg318lt-f-su-termovizorine-kamera-karsciavimui-aptikti\\\/\"]}]},{\"@type\":\"ImageObject\",\"inLanguage\":\"en-US\",\"@id\":\"https:\\\/\\\/eheating.lt\\\/produktas\\\/hikvision-metalo-detektorius-isd-smg318lt-f-su-termovizorine-kamera-karsciavimui-aptikti\\\/#primaryimage\",\"url\":\"https:\\\/\\\/eheating.lt\\\/wp-content\\\/uploads\\\/2023\\\/10\\\/Hikvision-metalo-detektorius-ISD-SMG318LT-F.png\",\"contentUrl\":\"https:\\\/\\\/eheating.lt\\\/wp-content\\\/uploads\\\/2023\\\/10\\\/Hikvision-metalo-detektorius-ISD-SMG318LT-F.png\",\"width\":800,\"height\":800,\"caption\":\"Hikvision metalo detektorius ISD-SMG318LT-F\"},{\"@type\":\"BreadcrumbList\",\"@id\":\"https:\\\/\\\/eheating.lt\\\/produktas\\\/hikvision-metalo-detektorius-isd-smg318lt-f-su-termovizorine-kamera-karsciavimui-aptikti\\\/#breadcrumb\",\"itemListElement\":[{\"@type\":\"ListItem\",\"position\":1,\"name\":\"Prad\u017eia\",\"item\":\"https:\\\/\\\/eheating.lt\\\/en\\\/\"},{\"@type\":\"ListItem\",\"position\":2,\"name\":\"Shop\",\"item\":\"https:\\\/\\\/eheating.lt\\\/en\\\/?page_id=5734\"},{\"@type\":\"ListItem\",\"position\":3,\"name\":\"Hikvision metalo detektorius ISD-SMG318LT-F su termovizorine kamera kar\u0161\u010diavimui aptikti\"}]},{\"@type\":\"WebSite\",\"@id\":\"https:\\\/\\\/eheating.lt\\\/#website\",\"url\":\"https:\\\/\\\/eheating.lt\\\/\",\"name\":\"eHeating\",\"description\":\"Elektronika ir \u0161ildymas\",\"potentialAction\":[{\"@type\":\"SearchAction\",\"target\":{\"@type\":\"EntryPoint\",\"urlTemplate\":\"https:\\\/\\\/eheating.lt\\\/?s={search_term_string}\"},\"query-input\":{\"@type\":\"PropertyValueSpecification\",\"valueRequired\":true,\"valueName\":\"search_term_string\"}}],\"inLanguage\":\"en-US\"}]}<\/script>\n<meta property=\"product:price:amount\" content=\"9027.85\" \/>\n<meta property=\"product:price:currency\" content=\"EUR\" \/>\n<meta property=\"og:availability\" content=\"backorder\" \/>\n<meta property=\"product:availability\" content=\"available for order\" \/>\n<meta property=\"product:retailer_item_id\" content=\"d75aeae06e99\" \/>\n<meta property=\"product:condition\" content=\"new\" \/>\n<!-- \/ Yoast SEO Premium plugin. -->","yoast_head_json":{"title":"Hikvision metalo detektorius ISD-SMG318LT-F","description":"Hikvision metalo detektorius ISD-SMG318LT-F ; Temperat\u016bros ir metalo detekcija ; Garso aliarmas ; Palaiko matomo ir terminio vaizdo sluoksni\u0173 perdengim\u0105","robots":{"index":"index","follow":"follow","max-snippet":"max-snippet:-1","max-image-preview":"max-image-preview:large","max-video-preview":"max-video-preview:-1"},"canonical":"https:\/\/eheating.lt\/produktas\/hikvision-metalo-detektorius-isd-smg318lt-f-su-termovizorine-kamera-karsciavimui-aptikti\/","og_locale":"en_US","og_type":"article","og_title":"Hikvision metalo detektorius ISD-SMG318LT-F su termovizorine kamera kar\u0161\u010diavimui aptikti","og_description":"Hikvision metalo detektorius ISD-SMG318LT-F ; Temperat\u016bros ir metalo detekcija ; Garso aliarmas ; Palaiko matomo ir terminio vaizdo sluoksni\u0173 perdengim\u0105","og_url":"https:\/\/eheating.lt\/produktas\/hikvision-metalo-detektorius-isd-smg318lt-f-su-termovizorine-kamera-karsciavimui-aptikti\/","og_site_name":"Elektronika Namams","article_publisher":"https:\/\/www.facebook.com\/ElektronikaNamams","article_modified_time":"2024-10-18T14:09:29+00:00","og_image":[{"width":800,"height":800,"url":"https:\/\/eheating.lt\/wp-content\/uploads\/2023\/10\/Hikvision-metalo-detektorius-ISD-SMG318LT-F.png","type":"image\/png"}],"twitter_card":"summary_large_image","twitter_misc":{"Price":"9027,85&nbsp;&euro;","Availability":"On backorder"},"schema":{"@context":"https:\/\/schema.org","@graph":[{"@type":"WebPage","@id":"https:\/\/eheating.lt\/produktas\/hikvision-metalo-detektorius-isd-smg318lt-f-su-termovizorine-kamera-karsciavimui-aptikti\/","url":"https:\/\/eheating.lt\/produktas\/hikvision-metalo-detektorius-isd-smg318lt-f-su-termovizorine-kamera-karsciavimui-aptikti\/","name":"Hikvision metalo detektorius ISD-SMG318LT-F","isPartOf":{"@id":"https:\/\/eheating.lt\/#website"},"primaryImageOfPage":{"@id":"https:\/\/eheating.lt\/produktas\/hikvision-metalo-detektorius-isd-smg318lt-f-su-termovizorine-kamera-karsciavimui-aptikti\/#primaryimage"},"image":{"@id":"https:\/\/eheating.lt\/produktas\/hikvision-metalo-detektorius-isd-smg318lt-f-su-termovizorine-kamera-karsciavimui-aptikti\/#primaryimage"},"thumbnailUrl":"https:\/\/eheating.lt\/wp-content\/uploads\/2023\/10\/Hikvision-metalo-detektorius-ISD-SMG318LT-F.png","datePublished":"2023-11-13T19:46:21+00:00","dateModified":"2024-10-18T14:09:29+00:00","description":"Hikvision metalo detektorius ISD-SMG318LT-F ; Temperat\u016bros ir metalo detekcija ; Garso aliarmas ; Palaiko matomo ir terminio vaizdo sluoksni\u0173 perdengim\u0105","breadcrumb":{"@id":"https:\/\/eheating.lt\/produktas\/hikvision-metalo-detektorius-isd-smg318lt-f-su-termovizorine-kamera-karsciavimui-aptikti\/#breadcrumb"},"inLanguage":"en-US","potentialAction":[{"@type":"ReadAction","target":["https:\/\/eheating.lt\/produktas\/hikvision-metalo-detektorius-isd-smg318lt-f-su-termovizorine-kamera-karsciavimui-aptikti\/"]}]},{"@type":"ImageObject","inLanguage":"en-US","@id":"https:\/\/eheating.lt\/produktas\/hikvision-metalo-detektorius-isd-smg318lt-f-su-termovizorine-kamera-karsciavimui-aptikti\/#primaryimage","url":"https:\/\/eheating.lt\/wp-content\/uploads\/2023\/10\/Hikvision-metalo-detektorius-ISD-SMG318LT-F.png","contentUrl":"https:\/\/eheating.lt\/wp-content\/uploads\/2023\/10\/Hikvision-metalo-detektorius-ISD-SMG318LT-F.png","width":800,"height":800,"caption":"Hikvision metalo detektorius ISD-SMG318LT-F"},{"@type":"BreadcrumbList","@id":"https:\/\/eheating.lt\/produktas\/hikvision-metalo-detektorius-isd-smg318lt-f-su-termovizorine-kamera-karsciavimui-aptikti\/#breadcrumb","itemListElement":[{"@type":"ListItem","position":1,"name":"Prad\u017eia","item":"https:\/\/eheating.lt\/en\/"},{"@type":"ListItem","position":2,"name":"Shop","item":"https:\/\/eheating.lt\/en\/?page_id=5734"},{"@type":"ListItem","position":3,"name":"Hikvision metalo detektorius ISD-SMG318LT-F su termovizorine kamera kar\u0161\u010diavimui aptikti"}]},{"@type":"WebSite","@id":"https:\/\/eheating.lt\/#website","url":"https:\/\/eheating.lt\/","name":"eHeating","description":"Elektronika ir \u0161ildymas","potentialAction":[{"@type":"SearchAction","target":{"@type":"EntryPoint","urlTemplate":"https:\/\/eheating.lt\/?s={search_term_string}"},"query-input":{"@type":"PropertyValueSpecification","valueRequired":true,"valueName":"search_term_string"}}],"inLanguage":"en-US"}]},"product_price_amount":"9027.85","product_price_currency":"EUR","og_availability":"backorder","product_availability":"available for order","product_retailer_item_id":"d75aeae06e99","product_condition":"new"},"_links":{"self":[{"href":"https:\/\/eheating.lt\/en\/wp-json\/wp\/v2\/product\/18406","targetHints":{"allow":["GET"]}}],"collection":[{"href":"https:\/\/eheating.lt\/en\/wp-json\/wp\/v2\/product"}],"about":[{"href":"https:\/\/eheating.lt\/en\/wp-json\/wp\/v2\/types\/product"}],"replies":[{"embeddable":true,"href":"https:\/\/eheating.lt\/en\/wp-json\/wp\/v2\/comments?post=18406"}],"version-history":[{"count":0,"href":"https:\/\/eheating.lt\/en\/wp-json\/wp\/v2\/product\/18406\/revisions"}],"wp:featuredmedia":[{"embeddable":true,"href":"https:\/\/eheating.lt\/en\/wp-json\/wp\/v2\/media\/28130"}],"wp:attachment":[{"href":"https:\/\/eheating.lt\/en\/wp-json\/wp\/v2\/media?parent=18406"}],"wp:term":[{"taxonomy":"product_brand","embeddable":true,"href":"https:\/\/eheating.lt\/en\/wp-json\/wp\/v2\/product_brand?post=18406"},{"taxonomy":"product_cat","embeddable":true,"href":"https:\/\/eheating.lt\/en\/wp-json\/wp\/v2\/product_cat?post=18406"},{"taxonomy":"product_tag","embeddable":true,"href":"https:\/\/eheating.lt\/en\/wp-json\/wp\/v2\/product_tag?post=18406"}],"curies":[{"name":"wp","href":"https:\/\/api.w.org\/{rel}","templated":true}]}}