{"id":18404,"date":"2023-11-13T21:46:20","date_gmt":"2023-11-13T19:46:20","guid":{"rendered":"https:\/\/eheating.lt\/?post_type=product&#038;p=18404"},"modified":"2024-10-18T17:09:22","modified_gmt":"2024-10-18T14:09:22","slug":"hikvision-termovizorine-kamera-ds-2td2617b-6-pa-karsciavimui-aptikti","status":"publish","type":"product","link":"https:\/\/eheating.lt\/en\/produktas\/hikvision-termovizorine-kamera-ds-2td2617b-6-pa-karsciavimui-aptikti\/","title":{"rendered":"Hikvision termovizorin\u0117 kamera DS-2TD2617B-6\/PA kar\u0161\u010diavimui aptikti"},"content":{"rendered":"<table>\n<tbody>\n<tr>\n<th colspan=\"3\">Termo modulis<\/th>\n<\/tr>\n<tr>\n<td>Sensorius:<\/td>\n<td>Vanadium Oxide Uncooled Focal Plane Arrays<\/td>\n<\/tr>\n<tr>\n<td>Maks. rai\u0161ka:<\/td>\n<td>160 \u00d7 120 (the resolution of output image is 320 \u00d7 240)<\/td>\n<\/tr>\n<tr>\n<td>Aptikimo \u017eingsnis:<\/td>\n<td>17um<\/td>\n<\/tr>\n<tr>\n<td>Atsakymo bang\u0173 ry\u0161ys:<\/td>\n<td>8um to 14um<\/td>\n<\/tr>\n<tr>\n<td>NETD:<\/td>\n<td>less than 40 mK (25\u00b0C), F#=1.1<\/td>\n<\/tr>\n<tr>\n<td>Objektyvas:<\/td>\n<td>6.2mm<\/td>\n<\/tr>\n<tr>\n<td>MRAD:<\/td>\n<td>2.74mrad<\/td>\n<\/tr>\n<tr>\n<td>Matymo laukas:<\/td>\n<td>25.0\u00b0 \u00d7 18.7\u00b0 (H \u00d7 V)<\/td>\n<\/tr>\n<tr>\n<td>Min. fokusavimo atstumas:<\/td>\n<td>0.6m<\/td>\n<\/tr>\n<tr>\n<td>F skai\u010dius:<\/td>\n<td>F1.1<\/td>\n<\/tr>\n<tr>\n<th colspan=\"3\">Kamera<\/th>\n<\/tr>\n<tr>\n<td>Sensorius:<\/td>\n<td>1\/2.8\u2019\u2019 Progressive Scan CMOS<\/td>\n<\/tr>\n<tr>\n<td>Maks. rai\u0161ka:<\/td>\n<td>1920 \u00d7 1080<\/td>\n<\/tr>\n<tr>\n<td>Min. ap\u0161vietimas:<\/td>\n<td>Color: 0.002 lux @ (F1.5 , AGC On )<br \/>\nB\/W : 0.0002 lux @ (F1.5 , AGC On )<\/td>\n<\/tr>\n<tr>\n<td>Objektyvas:<\/td>\n<td>6 mm<\/td>\n<\/tr>\n<tr>\n<td>Matymo laukas:<\/td>\n<td>53\u00b0 \u00d7 30\u00b0(H \u00d7 V)<\/td>\n<\/tr>\n<tr>\n<td>WDR:<\/td>\n<td>Digital<\/td>\n<\/tr>\n<tr>\n<td>U\u017erakto greitis:<\/td>\n<td>1 to 1\/100,000s<\/td>\n<\/tr>\n<tr>\n<td>Diena\/Naktis:<\/td>\n<td>IR Cut Filter with Auto Switch<\/td>\n<\/tr>\n<tr>\n<th colspan=\"3\">Vaizdo apdorojimo funkcijos<\/th>\n<\/tr>\n<tr>\n<td>Bispektrinis vaizdo apdorojimas:<\/td>\n<td>Fusion view of thermal view and overlaid details of the optical channel<\/td>\n<\/tr>\n<tr>\n<td>Vaizdas vazde:<\/td>\n<td>Combins details of thermal and optical image PIP, overlay thermal image on optical image<\/td>\n<\/tr>\n<tr>\n<th colspan=\"3\">I\u0161manios funkcijos<\/th>\n<\/tr>\n<tr>\n<td>VCA:<\/td>\n<td>Support 4 VCA rule types (Line Crossing, Intrusion, Region Entrance, and Region Exiting), 8 VCA<br \/>\nrules<\/td>\n<\/tr>\n<tr>\n<td>Temperat\u016bros matavimai:<\/td>\n<td>Support 3 temperature measurement rule types, 21 rules (10 points, 10 regions, and 1 line)<\/td>\n<\/tr>\n<tr>\n<td>Temperat\u016bros diapazonas:<\/td>\n<td>-20 \u00b0 C to 150 \u00b0 C (-4 \u00b0 C to 302 \u00b0 F)<\/td>\n<\/tr>\n<tr>\n<td>Temperat\u016bros tikslumas:<\/td>\n<td>\u00b18 \u00b0 C (14.4 \u00b0 F)<\/td>\n<\/tr>\n<tr>\n<td>Ugnies aptikimas:<\/td>\n<td>Support 10 fire points<\/td>\n<\/tr>\n<tr>\n<th colspan=\"3\">Infraraudonieji spinduliai<\/th>\n<\/tr>\n<tr>\n<td>IR atstumas:<\/td>\n<td>Up to 40m<\/td>\n<\/tr>\n<tr>\n<td>IR internsyvumas ir kampas:<\/td>\n<td>Auto Adjust<\/td>\n<\/tr>\n<tr>\n<th colspan=\"3\">Tinklas<\/th>\n<\/tr>\n<tr>\n<td>Pagr. srautas:<\/td>\n<td>Visible Light: 50Hz: 25fps (1920 \u00d7 1080), 25fps (1280 \u00d7 960), 25fps (1280 \u00d7 720) Visible Light: 60Hz: 30fps (1920 \u00d7 1080), 30fps (1280 \u00d7 960), 30fps (1280 \u00d7 720) Thermal: 50fps (160 \u00d7 120 (the resolution of output image is 320 \u00d7 240))<\/td>\n<\/tr>\n<tr>\n<td>Antrinis srautas:<\/td>\n<td>Visible Light: 50Hz: 25fps (704 \u00d7 576), 25fps (352 \u00d7 288), 25fps (176 \u00d7 144) Visible Light: 60Hz: 30fps (704 \u00d7 480), 30fps (352 \u00d7 240), 30fps (176 \u00d7 120) Thermal: 50fps (160 \u00d7 120 (the resolution of output image is 320 \u00d7 240))<\/td>\n<\/tr>\n<tr>\n<td>Vaizdo suspaudimas:<\/td>\n<td>H.265\/H.264\/MJPEG, H.265+, H.264+ encoding with Baseline\/Main\/High Profile<\/td>\n<\/tr>\n<tr>\n<td>Garso suspaudimas:<\/td>\n<td>G .711u\/G.711a\/G.722.1\/MP2L2\/G.726\/PCM<\/td>\n<\/tr>\n<tr>\n<td>Protokolai:<\/td>\n<td>IPv4\/IPv6, HTTP, HTTPS, 802.1x, Qos, FTP, SMTP, UPnP, SNMP, DNS, DDNS,NTP, RTSP,RTCP, RTP, TCP, UDP, IGMP, ICMP, DHCP, PPPoE<\/td>\n<\/tr>\n<tr>\n<td>Vienu metu transliuojama:<\/td>\n<td>Up to 20-ch<\/td>\n<\/tr>\n<tr>\n<td>User\/Host lygis:<\/td>\n<td>Up to 32 users, 3 levels: Administrator, Operator, User<\/td>\n<\/tr>\n<tr>\n<td>Apsauga:<\/td>\n<td>User authentication (ID and PW), MAC address binding, HTTPS encryption, IEEE 802.1x access control,<br \/>\nIP address filtering<\/td>\n<\/tr>\n<tr>\n<th colspan=\"3\">Integracija<\/th>\n<\/tr>\n<tr>\n<td>Perkrova:<\/td>\n<td>1 Reset Button<\/td>\n<\/tr>\n<tr>\n<td>Pavojaus i\u0161vestis:<\/td>\n<td>2-ch Inputs (0-5V DC)<\/td>\n<\/tr>\n<tr>\n<td>Reagavimas \u012f pavoj\u0173:<\/td>\n<td>SD recording\/Relay output\/Smart capture\/FTP upload\/Email linkage<\/td>\n<\/tr>\n<tr>\n<td>Pavojaus i\u0161vestist:<\/td>\n<td>2-ch relay outputs, alarm response actions configurable<\/td>\n<\/tr>\n<tr>\n<td>Garso \u012fvestis:<\/td>\n<td>1-ch 3.5mm Mic in\/Line in interface. Line input: 2-2.4 V[p-p], output impedance:1K\u03a9\u00b110%<\/td>\n<\/tr>\n<tr>\n<td>Garso i\u0161vestist:<\/td>\n<td>Linear Level; Impedance: 600\u03a9<\/td>\n<\/tr>\n<tr>\n<td>Atmintis:<\/td>\n<td>Built-in Micro SD\/SDHC\/SDXC Card Slot, Up to 128GB, Support Manual\/Alarm Recording<\/td>\n<\/tr>\n<tr>\n<td>Ethernetas:<\/td>\n<td>1 RJ45 10M\/100M Self-adaptive Ethernet interface, 1 RS-485 interface<\/td>\n<\/tr>\n<tr>\n<td>Analogin\u0117s vaizdo i\u0161vestis:<\/td>\n<td>1.0V [p-p]\/75\u03a9, PAL\/NTSC\/BNC<\/td>\n<\/tr>\n<tr>\n<td>Program\u0117li\u0173 k\u016brimas:<\/td>\n<td>Open-ended API, support ISAPI; Support HIKVISION SDK and Third-party Management Platform<\/td>\n<\/tr>\n<tr>\n<td>Vartotojo program\u0117l\u0117:<\/td>\n<td>iVMS-4200<\/td>\n<\/tr>\n<tr>\n<td>Nar\u0161ykl\u0117:<\/td>\n<td>IE9+, chrome31-chrome44, Firefox 30-Firefox51, Safari 5.02+(mac)<\/td>\n<\/tr>\n<tr>\n<th colspan=\"3\">Pagrindin\u0117s s\u0105vyb\u0117s<\/th>\n<\/tr>\n<tr>\n<td>Maitinimas:<\/td>\n<td>12 VDC\u00b1 20%, PoE (802.3af, class 4)<\/td>\n<\/tr>\n<tr>\n<td>Suvartojimas:<\/td>\n<td>12 VDC \u00b1 20%: max. 12W, PoE (802.3af, class 4)<\/td>\n<\/tr>\n<tr>\n<td>Meniu kalba:<\/td>\n<td>English<\/td>\n<\/tr>\n<tr>\n<td>Darbin\u0117s s\u0105lygos<\/td>\n<td>From -40\u00b0 C to 60\u00b0 C (-40\u00b0 F to 140\u00b0F); Humidity: 90% or Less<\/td>\n<\/tr>\n<tr>\n<td>Apsaugos lygis:<\/td>\n<td>IP66 Standard; TVS 6000V Lightning Protection, Surge Protection and Voltage Transient Protection<\/td>\n<\/tr>\n<tr>\n<td>I\u0161matavimai:<\/td>\n<td>352.4 mm \u00d7 113.5 mm \u00d7 114.7 mm (13.9&#8243; \u00d7 4.5&#8243; \u00d7 4.5 &#8220;)<\/td>\n<\/tr>\n<tr>\n<td>Svoris:<\/td>\n<td>Approx. 1.5Kg (3.3lb)<\/td>\n<\/tr>\n<tr>\n<th colspan=\"3\">I\u0161manios funkcijos<\/th>\n<\/tr>\n<tr>\n<td>Objektyvas (\u017eidinio nuotolis):<\/td>\n<td>6.2mm<\/td>\n<\/tr>\n<tr>\n<td>VCA nuotolis (Automobiliai):<\/td>\n<td>126m<\/td>\n<\/tr>\n<tr>\n<td>VCA nuotolis (\u017emon\u0117s):<\/td>\n<td>42m<\/td>\n<\/tr>\n<tr>\n<td>Temperat\u016bros matavimai (objektas:2*2m):<\/td>\n<td>132m<\/td>\n<\/tr>\n<tr>\n<td>Temperat\u016bros matavimai (objektas:1*1m)::<\/td>\n<td>66m<\/td>\n<\/tr>\n<tr>\n<td>Ugnies aptikimas (objektas 2x2m)<\/td>\n<td>360m<\/td>\n<\/tr>\n<tr>\n<td>Ugnies aptikimas (objektas 1x1m)<\/td>\n<td>180m<\/td>\n<\/tr>\n<tr>\n<th colspan=\"3\">Wide Range Coverage<\/th>\n<\/tr>\n<tr>\n<td>Aptikimo diapazonas (Automobiliai):<\/td>\n<td>559m<\/td>\n<\/tr>\n<tr>\n<td>Aptikimo diapazonas (\u017dmon\u0117s):<\/td>\n<td>182m<\/td>\n<\/tr>\n<tr>\n<td>Atpa\u017einimo diapazonas (Automobiliai):<\/td>\n<td>140m<\/td>\n<\/tr>\n<tr>\n<td>Atpa\u017einimo diapazonas (\u017dmon\u0117s):<\/td>\n<td>46m<\/td>\n<\/tr>\n<tr>\n<td>Identifikavimo diapazonas (Automobiliai):<\/td>\n<td>70m<\/td>\n<\/tr>\n<tr>\n<td>Identifikavimo diapazonas (\u017dmon\u0117s):<\/td>\n<td>23m<\/td>\n<\/tr>\n<\/tbody>\n<\/table>\n","protected":false},"excerpt":{"rendered":"<ul>\n<li>Termovizorin\u0117 Bi-spectrum IP Bullet kamera<\/li>\n<li>7mm objektyvas<\/li>\n<li>320*240 rai\u0161ka<\/li>\n<li>Palaiko Micro SD\/SDHC\/SDXC kortel\u0119 (iki 128GB)<\/li>\n<li>Pa\u017eangus ugnies aptikimo algoritmas<\/li>\n<li>Elgesio analiz\u0117s funkcija, paremta gilaus mokymosi algoritmu: linijos kirtimas, \u012fsilau\u017eimas, patekimas \u012f stebim\u0105 zon\u0105, i\u0161ejimas i\u0161 jos<\/li>\n<li>IP67,TVS 6000V Lightning Protection, Surge Protection and Voltage Transient Protection<\/li>\n<\/ul>\n","protected":false},"featured_media":28128,"comment_status":"closed","ping_status":"closed","template":"","meta":[],"product_brand":[],"product_cat":[534,533,423],"product_tag":[],"class_list":{"0":"post-18404","1":"product","2":"type-product","3":"status-publish","4":"has-post-thumbnail","6":"product_cat-ip-kameros","7":"product_cat-ip-vaizdo-stebejimo-sistemos","8":"product_cat-ip-termovizorines-kameros","10":"first","11":"onbackorder","12":"purchasable","13":"product-type-simple"},"yoast_head":"<!-- This site is optimized with the Yoast SEO Premium plugin v21.5 (Yoast SEO v27.4) - https:\/\/yoast.com\/product\/yoast-seo-premium-wordpress\/ -->\n<title>Hikvision termovizorin\u0117 kamera DS-2TD2617B-6\/PA<\/title>\n<meta name=\"description\" content=\"Hikvision termovizorin\u0117 kamera DS-2TD2617B-6\/PA ; 320*240 rai\u0161ka ; Pa\u017eangus ugnies aptikimo algoritmas ; Palaiko Micro SD\/SDHC\/SDXC kortel\u0119 (iki 128GB)\" \/>\n<meta name=\"robots\" content=\"index, follow, max-snippet:-1, max-image-preview:large, max-video-preview:-1\" \/>\n<link rel=\"canonical\" href=\"https:\/\/eheating.lt\/en\/produktas\/hikvision-termovizorine-kamera-ds-2td2617b-6-pa-karsciavimui-aptikti\/\" \/>\n<meta property=\"og:locale\" content=\"en_US\" \/>\n<meta property=\"og:type\" content=\"article\" \/>\n<meta property=\"og:title\" content=\"Hikvision termovizorin\u0117 kamera DS-2TD2617B-6\/PA kar\u0161\u010diavimui aptikti\" \/>\n<meta property=\"og:description\" content=\"Hikvision termovizorin\u0117 kamera DS-2TD2617B-6\/PA ; 320*240 rai\u0161ka ; Pa\u017eangus ugnies aptikimo algoritmas ; Palaiko Micro SD\/SDHC\/SDXC kortel\u0119 (iki 128GB)\" \/>\n<meta property=\"og:url\" content=\"https:\/\/eheating.lt\/en\/produktas\/hikvision-termovizorine-kamera-ds-2td2617b-6-pa-karsciavimui-aptikti\/\" \/>\n<meta property=\"og:site_name\" content=\"Elektronika Namams\" \/>\n<meta property=\"article:publisher\" content=\"https:\/\/www.facebook.com\/ElektronikaNamams\" \/>\n<meta property=\"article:modified_time\" content=\"2024-10-18T14:09:22+00:00\" \/>\n<meta property=\"og:image\" content=\"https:\/\/eheating.lt\/wp-content\/uploads\/2023\/10\/Hikvision-termovizorine-kamera-DS-2TD2617B-6PA.png\" \/>\n\t<meta property=\"og:image:width\" content=\"800\" \/>\n\t<meta property=\"og:image:height\" content=\"800\" \/>\n\t<meta property=\"og:image:type\" content=\"image\/png\" \/>\n<meta name=\"twitter:card\" content=\"summary_large_image\" \/>\n<meta name=\"twitter:label1\" content=\"Price\" \/>\n\t<meta name=\"twitter:data1\" content=\"4512,71&nbsp;&euro;\" \/>\n\t<meta name=\"twitter:label2\" content=\"Availability\" \/>\n\t<meta name=\"twitter:data2\" content=\"On backorder\" \/>\n<script type=\"application\/ld+json\" class=\"yoast-schema-graph\">{\"@context\":\"https:\\\/\\\/schema.org\",\"@graph\":[{\"@type\":\"WebPage\",\"@id\":\"https:\\\/\\\/eheating.lt\\\/en\\\/produktas\\\/hikvision-termovizorine-kamera-ds-2td2617b-6-pa-karsciavimui-aptikti\\\/\",\"url\":\"https:\\\/\\\/eheating.lt\\\/en\\\/produktas\\\/hikvision-termovizorine-kamera-ds-2td2617b-6-pa-karsciavimui-aptikti\\\/\",\"name\":\"Hikvision termovizorin\u0117 kamera DS-2TD2617B-6\\\/PA\",\"isPartOf\":{\"@id\":\"https:\\\/\\\/eheating.lt\\\/#website\"},\"primaryImageOfPage\":{\"@id\":\"https:\\\/\\\/eheating.lt\\\/en\\\/produktas\\\/hikvision-termovizorine-kamera-ds-2td2617b-6-pa-karsciavimui-aptikti\\\/#primaryimage\"},\"image\":{\"@id\":\"https:\\\/\\\/eheating.lt\\\/en\\\/produktas\\\/hikvision-termovizorine-kamera-ds-2td2617b-6-pa-karsciavimui-aptikti\\\/#primaryimage\"},\"thumbnailUrl\":\"https:\\\/\\\/eheating.lt\\\/wp-content\\\/uploads\\\/2023\\\/10\\\/Hikvision-termovizorine-kamera-DS-2TD2617B-6PA.png\",\"datePublished\":\"2023-11-13T19:46:20+00:00\",\"dateModified\":\"2024-10-18T14:09:22+00:00\",\"description\":\"Hikvision termovizorin\u0117 kamera DS-2TD2617B-6\\\/PA ; 320*240 rai\u0161ka ; Pa\u017eangus ugnies aptikimo algoritmas ; Palaiko Micro SD\\\/SDHC\\\/SDXC kortel\u0119 (iki 128GB)\",\"breadcrumb\":{\"@id\":\"https:\\\/\\\/eheating.lt\\\/en\\\/produktas\\\/hikvision-termovizorine-kamera-ds-2td2617b-6-pa-karsciavimui-aptikti\\\/#breadcrumb\"},\"inLanguage\":\"en-US\",\"potentialAction\":[{\"@type\":\"ReadAction\",\"target\":[\"https:\\\/\\\/eheating.lt\\\/en\\\/produktas\\\/hikvision-termovizorine-kamera-ds-2td2617b-6-pa-karsciavimui-aptikti\\\/\"]}]},{\"@type\":\"ImageObject\",\"inLanguage\":\"en-US\",\"@id\":\"https:\\\/\\\/eheating.lt\\\/en\\\/produktas\\\/hikvision-termovizorine-kamera-ds-2td2617b-6-pa-karsciavimui-aptikti\\\/#primaryimage\",\"url\":\"https:\\\/\\\/eheating.lt\\\/wp-content\\\/uploads\\\/2023\\\/10\\\/Hikvision-termovizorine-kamera-DS-2TD2617B-6PA.png\",\"contentUrl\":\"https:\\\/\\\/eheating.lt\\\/wp-content\\\/uploads\\\/2023\\\/10\\\/Hikvision-termovizorine-kamera-DS-2TD2617B-6PA.png\",\"width\":800,\"height\":800,\"caption\":\"Hikvision termovizorin\u0117 kamera DS-2TD2617B-6\\\/PA\"},{\"@type\":\"BreadcrumbList\",\"@id\":\"https:\\\/\\\/eheating.lt\\\/en\\\/produktas\\\/hikvision-termovizorine-kamera-ds-2td2617b-6-pa-karsciavimui-aptikti\\\/#breadcrumb\",\"itemListElement\":[{\"@type\":\"ListItem\",\"position\":1,\"name\":\"Prad\u017eia\",\"item\":\"https:\\\/\\\/eheating.lt\\\/en\\\/\"},{\"@type\":\"ListItem\",\"position\":2,\"name\":\"Shop\",\"item\":\"https:\\\/\\\/eheating.lt\\\/en\\\/?page_id=5734\"},{\"@type\":\"ListItem\",\"position\":3,\"name\":\"Hikvision termovizorin\u0117 kamera DS-2TD2617B-6\\\/PA kar\u0161\u010diavimui aptikti\"}]},{\"@type\":\"WebSite\",\"@id\":\"https:\\\/\\\/eheating.lt\\\/#website\",\"url\":\"https:\\\/\\\/eheating.lt\\\/\",\"name\":\"eHeating\",\"description\":\"Elektronika ir \u0161ildymas\",\"potentialAction\":[{\"@type\":\"SearchAction\",\"target\":{\"@type\":\"EntryPoint\",\"urlTemplate\":\"https:\\\/\\\/eheating.lt\\\/?s={search_term_string}\"},\"query-input\":{\"@type\":\"PropertyValueSpecification\",\"valueRequired\":true,\"valueName\":\"search_term_string\"}}],\"inLanguage\":\"en-US\"}]}<\/script>\n<meta property=\"product:price:amount\" content=\"4512.71\" \/>\n<meta property=\"product:price:currency\" content=\"EUR\" \/>\n<meta property=\"og:availability\" content=\"backorder\" \/>\n<meta property=\"product:availability\" content=\"available for order\" \/>\n<meta property=\"product:retailer_item_id\" content=\"01d1135a620b\" \/>\n<meta property=\"product:condition\" content=\"new\" \/>\n<!-- \/ Yoast SEO Premium plugin. -->","yoast_head_json":{"title":"Hikvision termovizorin\u0117 kamera DS-2TD2617B-6\/PA","description":"Hikvision termovizorin\u0117 kamera DS-2TD2617B-6\/PA ; 320*240 rai\u0161ka ; Pa\u017eangus ugnies aptikimo algoritmas ; Palaiko Micro SD\/SDHC\/SDXC kortel\u0119 (iki 128GB)","robots":{"index":"index","follow":"follow","max-snippet":"max-snippet:-1","max-image-preview":"max-image-preview:large","max-video-preview":"max-video-preview:-1"},"canonical":"https:\/\/eheating.lt\/en\/produktas\/hikvision-termovizorine-kamera-ds-2td2617b-6-pa-karsciavimui-aptikti\/","og_locale":"en_US","og_type":"article","og_title":"Hikvision termovizorin\u0117 kamera DS-2TD2617B-6\/PA kar\u0161\u010diavimui aptikti","og_description":"Hikvision termovizorin\u0117 kamera DS-2TD2617B-6\/PA ; 320*240 rai\u0161ka ; Pa\u017eangus ugnies aptikimo algoritmas ; Palaiko Micro SD\/SDHC\/SDXC kortel\u0119 (iki 128GB)","og_url":"https:\/\/eheating.lt\/en\/produktas\/hikvision-termovizorine-kamera-ds-2td2617b-6-pa-karsciavimui-aptikti\/","og_site_name":"Elektronika Namams","article_publisher":"https:\/\/www.facebook.com\/ElektronikaNamams","article_modified_time":"2024-10-18T14:09:22+00:00","og_image":[{"width":800,"height":800,"url":"https:\/\/eheating.lt\/wp-content\/uploads\/2023\/10\/Hikvision-termovizorine-kamera-DS-2TD2617B-6PA.png","type":"image\/png"}],"twitter_card":"summary_large_image","twitter_misc":{"Price":"4512,71&nbsp;&euro;","Availability":"On backorder"},"schema":{"@context":"https:\/\/schema.org","@graph":[{"@type":"WebPage","@id":"https:\/\/eheating.lt\/en\/produktas\/hikvision-termovizorine-kamera-ds-2td2617b-6-pa-karsciavimui-aptikti\/","url":"https:\/\/eheating.lt\/en\/produktas\/hikvision-termovizorine-kamera-ds-2td2617b-6-pa-karsciavimui-aptikti\/","name":"Hikvision termovizorin\u0117 kamera DS-2TD2617B-6\/PA","isPartOf":{"@id":"https:\/\/eheating.lt\/#website"},"primaryImageOfPage":{"@id":"https:\/\/eheating.lt\/en\/produktas\/hikvision-termovizorine-kamera-ds-2td2617b-6-pa-karsciavimui-aptikti\/#primaryimage"},"image":{"@id":"https:\/\/eheating.lt\/en\/produktas\/hikvision-termovizorine-kamera-ds-2td2617b-6-pa-karsciavimui-aptikti\/#primaryimage"},"thumbnailUrl":"https:\/\/eheating.lt\/wp-content\/uploads\/2023\/10\/Hikvision-termovizorine-kamera-DS-2TD2617B-6PA.png","datePublished":"2023-11-13T19:46:20+00:00","dateModified":"2024-10-18T14:09:22+00:00","description":"Hikvision termovizorin\u0117 kamera DS-2TD2617B-6\/PA ; 320*240 rai\u0161ka ; Pa\u017eangus ugnies aptikimo algoritmas ; Palaiko Micro SD\/SDHC\/SDXC kortel\u0119 (iki 128GB)","breadcrumb":{"@id":"https:\/\/eheating.lt\/en\/produktas\/hikvision-termovizorine-kamera-ds-2td2617b-6-pa-karsciavimui-aptikti\/#breadcrumb"},"inLanguage":"en-US","potentialAction":[{"@type":"ReadAction","target":["https:\/\/eheating.lt\/en\/produktas\/hikvision-termovizorine-kamera-ds-2td2617b-6-pa-karsciavimui-aptikti\/"]}]},{"@type":"ImageObject","inLanguage":"en-US","@id":"https:\/\/eheating.lt\/en\/produktas\/hikvision-termovizorine-kamera-ds-2td2617b-6-pa-karsciavimui-aptikti\/#primaryimage","url":"https:\/\/eheating.lt\/wp-content\/uploads\/2023\/10\/Hikvision-termovizorine-kamera-DS-2TD2617B-6PA.png","contentUrl":"https:\/\/eheating.lt\/wp-content\/uploads\/2023\/10\/Hikvision-termovizorine-kamera-DS-2TD2617B-6PA.png","width":800,"height":800,"caption":"Hikvision termovizorin\u0117 kamera DS-2TD2617B-6\/PA"},{"@type":"BreadcrumbList","@id":"https:\/\/eheating.lt\/en\/produktas\/hikvision-termovizorine-kamera-ds-2td2617b-6-pa-karsciavimui-aptikti\/#breadcrumb","itemListElement":[{"@type":"ListItem","position":1,"name":"Prad\u017eia","item":"https:\/\/eheating.lt\/en\/"},{"@type":"ListItem","position":2,"name":"Shop","item":"https:\/\/eheating.lt\/en\/?page_id=5734"},{"@type":"ListItem","position":3,"name":"Hikvision termovizorin\u0117 kamera DS-2TD2617B-6\/PA kar\u0161\u010diavimui aptikti"}]},{"@type":"WebSite","@id":"https:\/\/eheating.lt\/#website","url":"https:\/\/eheating.lt\/","name":"eHeating","description":"Elektronika ir \u0161ildymas","potentialAction":[{"@type":"SearchAction","target":{"@type":"EntryPoint","urlTemplate":"https:\/\/eheating.lt\/?s={search_term_string}"},"query-input":{"@type":"PropertyValueSpecification","valueRequired":true,"valueName":"search_term_string"}}],"inLanguage":"en-US"}]},"product_price_amount":"4512.71","product_price_currency":"EUR","og_availability":"backorder","product_availability":"available for order","product_retailer_item_id":"01d1135a620b","product_condition":"new"},"_links":{"self":[{"href":"https:\/\/eheating.lt\/en\/wp-json\/wp\/v2\/product\/18404","targetHints":{"allow":["GET"]}}],"collection":[{"href":"https:\/\/eheating.lt\/en\/wp-json\/wp\/v2\/product"}],"about":[{"href":"https:\/\/eheating.lt\/en\/wp-json\/wp\/v2\/types\/product"}],"replies":[{"embeddable":true,"href":"https:\/\/eheating.lt\/en\/wp-json\/wp\/v2\/comments?post=18404"}],"version-history":[{"count":0,"href":"https:\/\/eheating.lt\/en\/wp-json\/wp\/v2\/product\/18404\/revisions"}],"wp:featuredmedia":[{"embeddable":true,"href":"https:\/\/eheating.lt\/en\/wp-json\/wp\/v2\/media\/28128"}],"wp:attachment":[{"href":"https:\/\/eheating.lt\/en\/wp-json\/wp\/v2\/media?parent=18404"}],"wp:term":[{"taxonomy":"product_brand","embeddable":true,"href":"https:\/\/eheating.lt\/en\/wp-json\/wp\/v2\/product_brand?post=18404"},{"taxonomy":"product_cat","embeddable":true,"href":"https:\/\/eheating.lt\/en\/wp-json\/wp\/v2\/product_cat?post=18404"},{"taxonomy":"product_tag","embeddable":true,"href":"https:\/\/eheating.lt\/en\/wp-json\/wp\/v2\/product_tag?post=18404"}],"curies":[{"name":"wp","href":"https:\/\/api.w.org\/{rel}","templated":true}]}}