{"id":18402,"date":"2023-11-13T21:31:15","date_gmt":"2023-11-13T19:31:15","guid":{"rendered":"https:\/\/eheating.lt\/?post_type=product&#038;p=18402"},"modified":"2024-07-11T19:07:16","modified_gmt":"2024-07-11T16:07:16","slug":"hikvision-pinhole-ds-2cd6425g0-20-f2-8","status":"publish","type":"product","link":"https:\/\/eheating.lt\/en\/produktas\/hikvision-pinhole-ds-2cd6425g0-20-f2-8\/","title":{"rendered":"Hikvision pinhole DS-2CD6425G0-20 F2.8"},"content":{"rendered":"<table>\n<tbody>\n<tr>\n<td>Sensorius<\/td>\n<td>1\/2.8\u2033 Progressive Scan CMOS<\/td>\n<\/tr>\n<tr>\n<td>Min.ap\u0161vietimas<\/td>\n<td>Color: 0.005 Lux @(F1.2, AGC ON), 0.014 Lux @(F2.0, AGC ON),B\/W: 0.0001 Lux @(F1.2, AGC ON), 0.0003 Lux @(F2.0, AGC ON)<\/td>\n<\/tr>\n<tr>\n<td>U\u017erakto greitis<\/td>\n<td>1 s to 1\/100,000 s<\/td>\n<\/tr>\n<tr>\n<td>L\u0117tas u\u017eraktas<\/td>\n<td>Support<\/td>\n<\/tr>\n<tr>\n<td>Kampo valdymas<\/td>\n<td>Not support<\/td>\n<\/tr>\n<tr>\n<td>DNR<\/td>\n<td>3D DNR<\/td>\n<\/tr>\n<tr>\n<td>WDR<\/td>\n<td>120dB<\/td>\n<\/tr>\n<tr>\n<td>Diena \/ naktis<\/td>\n<td>Electronic<\/td>\n<\/tr>\n<tr>\n<td>Auto-Iris<\/td>\n<td>No<\/td>\n<\/tr>\n<tr>\n<td>Diafragma<\/td>\n<td>L10, L20: F2.5,L30: F2.0<\/td>\n<\/tr>\n<tr>\n<td>FOV<\/td>\n<td>Pin-hole: 2.8 mm @ F2.5, horizontal FOV 88.2\u00b0, vertical FOV:48.8\u00b0 3.7 mm @ F2.5, horizontal FOV 71\u00b0, vertical FOV:39.3\u00b0 M12: 2.8 mm @ F2.0, horizontal FOV 104\u00b0, vertical FOV:56.8\u00b0 4.0 mm @ F2.0, horizontal FOV 80\u00b0, vertical FOV:42.9\u00b0 6.0 mm @ F2.0, horizontal FOV 50\u00b0, vertical FOV:28.8\u00b0<\/td>\n<\/tr>\n<tr>\n<td>Montavimas<\/td>\n<td>M12, pin hole<\/td>\n<\/tr>\n<tr>\n<td>\u017didinio nuotolis<\/td>\n<td>2.8 mm\/3.7 mm\/4.0 mm\/6.0 mm<\/td>\n<\/tr>\n<tr>\n<td>Garso suspaudimas<\/td>\n<td>Max. 48kHz<\/td>\n<\/tr>\n<tr>\n<td>Garsas I\/O<\/td>\n<td>Yes<\/td>\n<\/tr>\n<tr>\n<td>Vaizdo gerinimas<\/td>\n<td>BLC, 3D DNR<\/td>\n<\/tr>\n<tr>\n<td>Retu\u0161avimas<\/td>\n<td>No<\/td>\n<\/tr>\n<tr>\n<td>Diena\/naktis perjungimas<\/td>\n<td>Day\/Night\/Auto\/Schedule\/ Triggered by Alarm In<\/td>\n<\/tr>\n<tr>\n<td>Paveiksl\u0117lio persidengimas<\/td>\n<td>No<\/td>\n<\/tr>\n<tr>\n<td>Vaizdo nustatymai<\/td>\n<td>Rotate mode, saturation, brightness, contrast, sharpness, AGC, white balance adjustable by client software or web browser<\/td>\n<\/tr>\n<tr>\n<td>Antrinis srautas<\/td>\n<td>50Hz: 25fps (640 \u00d7 480, 640 \u00d7 360, 320 \u00d7 240),60Hz: 30fps (640 \u00d7 480, 640 \u00d7 360, 320 \u00d7 240)<\/td>\n<\/tr>\n<tr>\n<td>Maks. rai\u0161ka<\/td>\n<td>1920 \u00d7 1080<\/td>\n<\/tr>\n<tr>\n<td>Pagrindinis srautas<\/td>\n<td>50Hz: 25fps (1920 \u00d7 1080, 1280 \u00d7 960, 1280 \u00d7 720),60Hz: 30fps (1920 \u00d7 1080, 1280 \u00d7 960, 1280 \u00d7 720)<\/td>\n<\/tr>\n<tr>\n<td>Tretinis srautas<\/td>\n<td>50Hz: 1fps (1920 \u00d7 1080, 1280 \u00d7 720, 704 \u00d7 576, 640 \u00d7 480, 640 \u00d7 360, 352 \u00d7 288, 320 \u00d7 240),60Hz: 1fps (1920 \u00d7 1080, 1280 \u00d7 720, 704 \u00d7 480, 640 \u00d7 480, 640 \u00d7 360, 352 \u00d7 240, 320 \u00d7 240)<\/td>\n<\/tr>\n<tr>\n<td>Protokolai<\/td>\n<td>Motion detection, video tampering alarm, network disconnected, IP address conflict, illegal login, HDD full, HDD error<\/td>\n<\/tr>\n<tr>\n<td>API<\/td>\n<td>v5.5.6<\/td>\n<\/tr>\n<tr>\n<td>Apsauga<\/td>\n<td>TCP\/IP, ICMP, HTTP, HTTPS, FTP, DHCP, DNS, DDNS, RTP, RTSP, RTCP, PPPoE, NTP, UPnP, SMTP, SNMP, IGMP, 802.1X, QoS, IPv6, UDP, Bonjour<\/td>\n<\/tr>\n<tr>\n<td>Transliavimas<\/td>\n<td>ONVIF (PROFILE S, PROFILE G), ISAPI<\/td>\n<\/tr>\n<tr>\n<td>User\/Host<\/td>\n<td>Up to 6 channels<\/td>\n<\/tr>\n<tr>\n<td>Programin\u0117 \u012franga<\/td>\n<td>Up to 32 users,3 levels: Administrator, Operator and User<\/td>\n<\/tr>\n<tr>\n<td>Nar\u0161ykl\u0117<\/td>\n<td>iVMS-4200, iVMS-4500, iVMS-5200, Hik-Connect<\/td>\n<\/tr>\n<tr>\n<td>Saugykla<\/td>\n<td>Micro SD\/SDHC\/SDXC card (128G), local storage and NAS (NFS,SMB\/CIFS), ANR<\/td>\n<\/tr>\n<tr>\n<td>Programin\u0117s \u012frangos versija<\/td>\n<td>One-key reset, anti-flicker, three streams, heartbeat, password protection, privacy mask, watermark, IP address filter<\/td>\n<\/tr>\n<tr>\n<td>I\u0161manios s\u0105vyb\u0117s<\/td>\n<td>IE8+, Chrome31.0-44, Firefox30.0-51, Safari8.0+<\/td>\n<\/tr>\n<tr>\n<td>Ry\u0161io protokolas<\/td>\n<td>Built-in micro SD\/SDHC\/SDXC slot, up to 128 GB<\/td>\n<\/tr>\n<tr>\n<td>Pavojaus signalas<\/td>\n<td>1 input (line in), 1 output (line out), mono<\/td>\n<\/tr>\n<tr>\n<td>Vaizdo i\u0161vestis<\/td>\n<td>1 RJ45 10M\/100M Ethernet port,1 VIN port,1 RS-485<\/td>\n<\/tr>\n<tr>\n<td>Vidin\u0117 atmintis<\/td>\n<td>1 input, 1 output (up to 24 VAC, 1A or 110 VAC, 500mA)<\/td>\n<\/tr>\n<tr>\n<td>S\u0105saja<\/td>\n<td>Yes<\/td>\n<\/tr>\n<tr>\n<td>H.264+<\/td>\n<td>Main stream support.<\/td>\n<\/tr>\n<tr>\n<td>H.265+<\/td>\n<td>Main stream support.<\/td>\n<\/tr>\n<tr>\n<td>H.264 tipas<\/td>\n<td>Baseline Profile\/Main Profile\/High Profile<\/td>\n<\/tr>\n<tr>\n<td>Vaizdo suspaudimas<\/td>\n<td>Main stream: H.265\/H.264,Sub-stream: H.265\/H.264\/MJPEG,Third stream: H.265\/H.264<\/td>\n<\/tr>\n<tr>\n<td>H.265 tipas<\/td>\n<td>Main Profile<\/td>\n<\/tr>\n<tr>\n<td>Garso suspaudimas<\/td>\n<td>G.711\/G.722.1\/G.726\/MP2L2\/PCM<\/td>\n<\/tr>\n<tr>\n<td>Vaizdo bit\u0173 greitis<\/td>\n<td>32 Kbps to 16 Mbps<\/td>\n<\/tr>\n<tr>\n<td>Garso bit\u0173 greitis<\/td>\n<td>64Kbps(G.711)\/16Kbps(G.722.1)\/16Kbps(G.726)\/32-192Kbps(MP2L2)<\/td>\n<\/tr>\n<tr>\n<td>Tikslumas<\/td>\n<td>Camera: 87 g (0.19 lbs.),With package: 220 g (0.49 lbs)<\/td>\n<\/tr>\n<tr>\n<td>Veido aptikimas<\/td>\n<td>Yes<\/td>\n<\/tr>\n<tr>\n<td>I\u0161im\u010di\u0173 aptikimas<\/td>\n<td>N\/A<\/td>\n<\/tr>\n<tr>\n<td>Elgesio analiz\u0117<\/td>\n<td>Line crossing detection, intrusion detection, unattended baggage detection, object removal detection<\/td>\n<\/tr>\n<tr>\n<td>ROI<\/td>\n<td>1 fixed region for main stream and sub stream<\/td>\n<\/tr>\n<tr>\n<td>Maitinimas<\/td>\n<td>-10 \u00b0C to +40 \u00b0C (-14 \u00b0F to +104 \u00b0F), Humidity 5% to 95%(non-condensing)<\/td>\n<\/tr>\n<tr>\n<td>Svoris<\/td>\n<td>Camera: 77.1 \u00d7 69 \u00d7 26 mm (3.04&#8243; \u00d7 2.72&#8243; \u00d7 1.02&#8243;),With package: 254 \u00d7 164 \u00d7 130 mm (10&#8243; \u00d7 6.46&#8243; \u00d7 5.12&#8243;)<\/td>\n<\/tr>\n<tr>\n<td>Suvartojimas<\/td>\n<td>12 VDC \u00b1 20%, two-core terminal block, ,PoE: (802.3af, class 2)<\/td>\n<\/tr>\n<tr>\n<td>Priedai<\/td>\n<td>No<\/td>\n<\/tr>\n<tr>\n<td>Pakuot\u0117s svoris<\/td>\n<td>12 VDC \u00b1 20%, 0.25 A, max. 3 W,PoE: (802.3af, 36V-57V), 0.2A to 0.1A, Max: 3.5W<\/td>\n<\/tr>\n<tr>\n<td>Med\u017eiaga<\/td>\n<td>Camera: Plastic,Lens: Metal<\/td>\n<\/tr>\n<\/tbody>\n<\/table>\n","protected":false},"excerpt":{"rendered":"<ul>\n<li>2MP (MegaPixel) pinhole kamera<\/li>\n<li>PoE<\/li>\n<li>2.8mm objektyvas<\/li>\n<li>Sta\u010diakampio formos objektyvas<\/li>\n<li>Garso ir pavojaus signalo \u012fvestis\/i\u0161vestis<\/li>\n<li>Vieta SD kortelei (iki 128GB)<\/li>\n<li>Vidaus<\/li>\n<\/ul>\n","protected":false},"featured_media":27968,"comment_status":"closed","ping_status":"closed","template":"","meta":[],"product_brand":[],"product_cat":[534,533,390],"product_tag":[],"class_list":{"0":"post-18402","1":"product","2":"type-product","3":"status-publish","4":"has-post-thumbnail","6":"product_cat-ip-kameros","7":"product_cat-ip-vaizdo-stebejimo-sistemos","8":"product_cat-ip-pinhole-kameros","10":"first","11":"instock","12":"taxable","13":"shipping-taxable","14":"purchasable","15":"product-type-simple"},"yoast_head":"<!-- This site is optimized with the Yoast SEO Premium plugin v21.5 (Yoast SEO v27.4) - https:\/\/yoast.com\/product\/yoast-seo-premium-wordpress\/ -->\n<title>Hikvision pinhole DS-2CD6425G0-20 F2.8<\/title>\n<meta name=\"description\" content=\"Hikvision pinhole DS-2CD6425G0-20 F2.8 IP kamera ; Sta\u010diakampio formos objektyvas ; Garso ir pavojaus signalo \u012fvestis\/i\u0161vestis ; Rai\u0161ka - 2MP\" \/>\n<meta name=\"robots\" content=\"index, follow, max-snippet:-1, max-image-preview:large, max-video-preview:-1\" \/>\n<link rel=\"canonical\" href=\"https:\/\/eheating.lt\/produktas\/hikvision-pinhole-ds-2cd6425g0-20-f2-8\/\" \/>\n<meta property=\"og:locale\" content=\"en_US\" \/>\n<meta property=\"og:type\" content=\"article\" \/>\n<meta property=\"og:title\" content=\"Hikvision pinhole DS-2CD6425G0-20 F2.8\" \/>\n<meta property=\"og:description\" content=\"Hikvision pinhole DS-2CD6425G0-20 F2.8 IP kamera ; Sta\u010diakampio formos objektyvas ; Garso ir pavojaus signalo \u012fvestis\/i\u0161vestis ; Rai\u0161ka - 2MP\" \/>\n<meta property=\"og:url\" content=\"https:\/\/eheating.lt\/produktas\/hikvision-pinhole-ds-2cd6425g0-20-f2-8\/\" \/>\n<meta property=\"og:site_name\" content=\"Elektronika Namams\" \/>\n<meta property=\"article:publisher\" content=\"https:\/\/www.facebook.com\/ElektronikaNamams\" \/>\n<meta property=\"article:modified_time\" content=\"2024-07-11T16:07:16+00:00\" \/>\n<meta property=\"og:image\" content=\"https:\/\/eheating.lt\/wp-content\/uploads\/2023\/10\/Hikvision-pinhole-DS-2CD6425G0-20-F2.8.png\" \/>\n\t<meta property=\"og:image:width\" content=\"800\" \/>\n\t<meta property=\"og:image:height\" content=\"800\" \/>\n\t<meta property=\"og:image:type\" content=\"image\/png\" \/>\n<meta name=\"twitter:card\" content=\"summary_large_image\" \/>\n<meta name=\"twitter:label1\" content=\"Price\" \/>\n\t<meta name=\"twitter:data1\" content=\"667,76&nbsp;&euro;\" \/>\n\t<meta name=\"twitter:label2\" content=\"Availability\" \/>\n\t<meta name=\"twitter:data2\" content=\"In stock\" \/>\n<script type=\"application\/ld+json\" class=\"yoast-schema-graph\">{\"@context\":\"https:\\\/\\\/schema.org\",\"@graph\":[{\"@type\":\"WebPage\",\"@id\":\"https:\\\/\\\/eheating.lt\\\/produktas\\\/hikvision-pinhole-ds-2cd6425g0-20-f2-8\\\/\",\"url\":\"https:\\\/\\\/eheating.lt\\\/produktas\\\/hikvision-pinhole-ds-2cd6425g0-20-f2-8\\\/\",\"name\":\"Hikvision pinhole DS-2CD6425G0-20 F2.8\",\"isPartOf\":{\"@id\":\"https:\\\/\\\/eheating.lt\\\/#website\"},\"primaryImageOfPage\":{\"@id\":\"https:\\\/\\\/eheating.lt\\\/produktas\\\/hikvision-pinhole-ds-2cd6425g0-20-f2-8\\\/#primaryimage\"},\"image\":{\"@id\":\"https:\\\/\\\/eheating.lt\\\/produktas\\\/hikvision-pinhole-ds-2cd6425g0-20-f2-8\\\/#primaryimage\"},\"thumbnailUrl\":\"https:\\\/\\\/eheating.lt\\\/wp-content\\\/uploads\\\/2023\\\/10\\\/Hikvision-pinhole-DS-2CD6425G0-20-F2.8.png\",\"datePublished\":\"2023-11-13T19:31:15+00:00\",\"dateModified\":\"2024-07-11T16:07:16+00:00\",\"description\":\"Hikvision pinhole DS-2CD6425G0-20 F2.8 IP kamera ; Sta\u010diakampio formos objektyvas ; Garso ir pavojaus signalo \u012fvestis\\\/i\u0161vestis ; Rai\u0161ka - 2MP\",\"breadcrumb\":{\"@id\":\"https:\\\/\\\/eheating.lt\\\/produktas\\\/hikvision-pinhole-ds-2cd6425g0-20-f2-8\\\/#breadcrumb\"},\"inLanguage\":\"en-US\",\"potentialAction\":[{\"@type\":\"ReadAction\",\"target\":[\"https:\\\/\\\/eheating.lt\\\/produktas\\\/hikvision-pinhole-ds-2cd6425g0-20-f2-8\\\/\"]}]},{\"@type\":\"ImageObject\",\"inLanguage\":\"en-US\",\"@id\":\"https:\\\/\\\/eheating.lt\\\/produktas\\\/hikvision-pinhole-ds-2cd6425g0-20-f2-8\\\/#primaryimage\",\"url\":\"https:\\\/\\\/eheating.lt\\\/wp-content\\\/uploads\\\/2023\\\/10\\\/Hikvision-pinhole-DS-2CD6425G0-20-F2.8.png\",\"contentUrl\":\"https:\\\/\\\/eheating.lt\\\/wp-content\\\/uploads\\\/2023\\\/10\\\/Hikvision-pinhole-DS-2CD6425G0-20-F2.8.png\",\"width\":800,\"height\":800,\"caption\":\"Hikvision pinhole DS-2CD6425G0-20 F2.8\"},{\"@type\":\"BreadcrumbList\",\"@id\":\"https:\\\/\\\/eheating.lt\\\/produktas\\\/hikvision-pinhole-ds-2cd6425g0-20-f2-8\\\/#breadcrumb\",\"itemListElement\":[{\"@type\":\"ListItem\",\"position\":1,\"name\":\"Prad\u017eia\",\"item\":\"https:\\\/\\\/eheating.lt\\\/en\\\/\"},{\"@type\":\"ListItem\",\"position\":2,\"name\":\"Shop\",\"item\":\"https:\\\/\\\/eheating.lt\\\/en\\\/?page_id=5734\"},{\"@type\":\"ListItem\",\"position\":3,\"name\":\"Hikvision pinhole DS-2CD6425G0-20 F2.8\"}]},{\"@type\":\"WebSite\",\"@id\":\"https:\\\/\\\/eheating.lt\\\/#website\",\"url\":\"https:\\\/\\\/eheating.lt\\\/\",\"name\":\"eHeating\",\"description\":\"Elektronika ir \u0161ildymas\",\"potentialAction\":[{\"@type\":\"SearchAction\",\"target\":{\"@type\":\"EntryPoint\",\"urlTemplate\":\"https:\\\/\\\/eheating.lt\\\/?s={search_term_string}\"},\"query-input\":{\"@type\":\"PropertyValueSpecification\",\"valueRequired\":true,\"valueName\":\"search_term_string\"}}],\"inLanguage\":\"en-US\"}]}<\/script>\n<meta property=\"product:price:amount\" content=\"667.76\" \/>\n<meta property=\"product:price:currency\" content=\"EUR\" \/>\n<meta property=\"og:availability\" content=\"instock\" \/>\n<meta property=\"product:availability\" content=\"instock\" \/>\n<meta property=\"product:retailer_item_id\" content=\"b1dbdccbbe28\" \/>\n<meta property=\"product:condition\" content=\"new\" \/>\n<!-- \/ Yoast SEO Premium plugin. -->","yoast_head_json":{"title":"Hikvision pinhole DS-2CD6425G0-20 F2.8","description":"Hikvision pinhole DS-2CD6425G0-20 F2.8 IP kamera ; Sta\u010diakampio formos objektyvas ; Garso ir pavojaus signalo \u012fvestis\/i\u0161vestis ; Rai\u0161ka - 2MP","robots":{"index":"index","follow":"follow","max-snippet":"max-snippet:-1","max-image-preview":"max-image-preview:large","max-video-preview":"max-video-preview:-1"},"canonical":"https:\/\/eheating.lt\/produktas\/hikvision-pinhole-ds-2cd6425g0-20-f2-8\/","og_locale":"en_US","og_type":"article","og_title":"Hikvision pinhole DS-2CD6425G0-20 F2.8","og_description":"Hikvision pinhole DS-2CD6425G0-20 F2.8 IP kamera ; Sta\u010diakampio formos objektyvas ; Garso ir pavojaus signalo \u012fvestis\/i\u0161vestis ; Rai\u0161ka - 2MP","og_url":"https:\/\/eheating.lt\/produktas\/hikvision-pinhole-ds-2cd6425g0-20-f2-8\/","og_site_name":"Elektronika Namams","article_publisher":"https:\/\/www.facebook.com\/ElektronikaNamams","article_modified_time":"2024-07-11T16:07:16+00:00","og_image":[{"width":800,"height":800,"url":"https:\/\/eheating.lt\/wp-content\/uploads\/2023\/10\/Hikvision-pinhole-DS-2CD6425G0-20-F2.8.png","type":"image\/png"}],"twitter_card":"summary_large_image","twitter_misc":{"Price":"667,76&nbsp;&euro;","Availability":"In stock"},"schema":{"@context":"https:\/\/schema.org","@graph":[{"@type":"WebPage","@id":"https:\/\/eheating.lt\/produktas\/hikvision-pinhole-ds-2cd6425g0-20-f2-8\/","url":"https:\/\/eheating.lt\/produktas\/hikvision-pinhole-ds-2cd6425g0-20-f2-8\/","name":"Hikvision pinhole DS-2CD6425G0-20 F2.8","isPartOf":{"@id":"https:\/\/eheating.lt\/#website"},"primaryImageOfPage":{"@id":"https:\/\/eheating.lt\/produktas\/hikvision-pinhole-ds-2cd6425g0-20-f2-8\/#primaryimage"},"image":{"@id":"https:\/\/eheating.lt\/produktas\/hikvision-pinhole-ds-2cd6425g0-20-f2-8\/#primaryimage"},"thumbnailUrl":"https:\/\/eheating.lt\/wp-content\/uploads\/2023\/10\/Hikvision-pinhole-DS-2CD6425G0-20-F2.8.png","datePublished":"2023-11-13T19:31:15+00:00","dateModified":"2024-07-11T16:07:16+00:00","description":"Hikvision pinhole DS-2CD6425G0-20 F2.8 IP kamera ; Sta\u010diakampio formos objektyvas ; Garso ir pavojaus signalo \u012fvestis\/i\u0161vestis ; Rai\u0161ka - 2MP","breadcrumb":{"@id":"https:\/\/eheating.lt\/produktas\/hikvision-pinhole-ds-2cd6425g0-20-f2-8\/#breadcrumb"},"inLanguage":"en-US","potentialAction":[{"@type":"ReadAction","target":["https:\/\/eheating.lt\/produktas\/hikvision-pinhole-ds-2cd6425g0-20-f2-8\/"]}]},{"@type":"ImageObject","inLanguage":"en-US","@id":"https:\/\/eheating.lt\/produktas\/hikvision-pinhole-ds-2cd6425g0-20-f2-8\/#primaryimage","url":"https:\/\/eheating.lt\/wp-content\/uploads\/2023\/10\/Hikvision-pinhole-DS-2CD6425G0-20-F2.8.png","contentUrl":"https:\/\/eheating.lt\/wp-content\/uploads\/2023\/10\/Hikvision-pinhole-DS-2CD6425G0-20-F2.8.png","width":800,"height":800,"caption":"Hikvision pinhole DS-2CD6425G0-20 F2.8"},{"@type":"BreadcrumbList","@id":"https:\/\/eheating.lt\/produktas\/hikvision-pinhole-ds-2cd6425g0-20-f2-8\/#breadcrumb","itemListElement":[{"@type":"ListItem","position":1,"name":"Prad\u017eia","item":"https:\/\/eheating.lt\/en\/"},{"@type":"ListItem","position":2,"name":"Shop","item":"https:\/\/eheating.lt\/en\/?page_id=5734"},{"@type":"ListItem","position":3,"name":"Hikvision pinhole DS-2CD6425G0-20 F2.8"}]},{"@type":"WebSite","@id":"https:\/\/eheating.lt\/#website","url":"https:\/\/eheating.lt\/","name":"eHeating","description":"Elektronika ir \u0161ildymas","potentialAction":[{"@type":"SearchAction","target":{"@type":"EntryPoint","urlTemplate":"https:\/\/eheating.lt\/?s={search_term_string}"},"query-input":{"@type":"PropertyValueSpecification","valueRequired":true,"valueName":"search_term_string"}}],"inLanguage":"en-US"}]},"product_price_amount":"667.76","product_price_currency":"EUR","og_availability":"instock","product_availability":"instock","product_retailer_item_id":"b1dbdccbbe28","product_condition":"new"},"_links":{"self":[{"href":"https:\/\/eheating.lt\/en\/wp-json\/wp\/v2\/product\/18402","targetHints":{"allow":["GET"]}}],"collection":[{"href":"https:\/\/eheating.lt\/en\/wp-json\/wp\/v2\/product"}],"about":[{"href":"https:\/\/eheating.lt\/en\/wp-json\/wp\/v2\/types\/product"}],"replies":[{"embeddable":true,"href":"https:\/\/eheating.lt\/en\/wp-json\/wp\/v2\/comments?post=18402"}],"version-history":[{"count":0,"href":"https:\/\/eheating.lt\/en\/wp-json\/wp\/v2\/product\/18402\/revisions"}],"wp:featuredmedia":[{"embeddable":true,"href":"https:\/\/eheating.lt\/en\/wp-json\/wp\/v2\/media\/27968"}],"wp:attachment":[{"href":"https:\/\/eheating.lt\/en\/wp-json\/wp\/v2\/media?parent=18402"}],"wp:term":[{"taxonomy":"product_brand","embeddable":true,"href":"https:\/\/eheating.lt\/en\/wp-json\/wp\/v2\/product_brand?post=18402"},{"taxonomy":"product_cat","embeddable":true,"href":"https:\/\/eheating.lt\/en\/wp-json\/wp\/v2\/product_cat?post=18402"},{"taxonomy":"product_tag","embeddable":true,"href":"https:\/\/eheating.lt\/en\/wp-json\/wp\/v2\/product_tag?post=18402"}],"curies":[{"name":"wp","href":"https:\/\/api.w.org\/{rel}","templated":true}]}}