{"id":18400,"date":"2023-11-13T21:13:39","date_gmt":"2023-11-13T19:13:39","guid":{"rendered":"https:\/\/eheating.lt\/?post_type=product&#038;p=18400"},"modified":"2024-07-11T19:07:17","modified_gmt":"2024-07-11T16:07:17","slug":"hikvision-dome-ds-2cd2327g1-lu-f2-8","status":"publish","type":"product","link":"https:\/\/eheating.lt\/en\/produktas\/hikvision-dome-ds-2cd2327g1-lu-f2-8\/","title":{"rendered":"Hikvision dome DS-2CD2327G1-LU F2.8"},"content":{"rendered":"<table>\n<tbody>\n<tr>\n<td>Sensorius<\/td>\n<td>1\/2.8&#8243; Progressive Scan CMOS<\/td>\n<\/tr>\n<tr>\n<td>Min. ap\u0161vietimas<\/td>\n<td>0.0035 @ F1.0 (1\/30 s, AGC ON), 0.005 @ F1.2 (1\/30 s, AGC ON), 0 Lux with LED on<\/td>\n<\/tr>\n<tr>\n<td style=\"width: 150px;\">U\u017erakto greitis<\/td>\n<td>1\/3 s to 1\/100,000 s<\/td>\n<\/tr>\n<tr>\n<td style=\"width: 150px;\">L\u0117tas u\u017eraktas<\/td>\n<td>Yes<\/td>\n<\/tr>\n<tr>\n<td>Objektyvas<\/td>\n<td>4 mm, horizontal FOV: 89\u00b0, vertical FOV: 47\u00b0, diagonal FOV: 106\u00b0<\/td>\n<\/tr>\n<tr>\n<td>Objektyvo montavimas<\/td>\n<td>M16<\/td>\n<\/tr>\n<tr>\n<td>DNR<\/td>\n<td>3D DNR<\/td>\n<\/tr>\n<tr>\n<td>Platus dinaminis diapazonas<\/td>\n<td>120dB<\/td>\n<\/tr>\n<tr>\n<td>Reguliavimas<\/td>\n<td>Pan: 0\u00b0 to 355\u00b0, tilt: 0\u00b0 to 75\u00b0, rotate: 0\u00b0 to 355\u00b0<\/td>\n<\/tr>\n<tr>\n<td>Vaizdo suspaudimas<\/td>\n<td>Main stream: H.265\/H.264<\/p>\n<p>Sub stream: H.265\/H.264\/MJPEG<\/p>\n<p>Third stream: H.265\/H.264<\/td>\n<\/tr>\n<tr>\n<td>Vaizdo sparta<\/td>\n<td>32 Kbps to 8 Mbps<\/td>\n<\/tr>\n<tr>\n<td>Maks. rai\u0161ka<\/td>\n<td>1920 \u00d7 1080<\/td>\n<\/tr>\n<tr>\n<td>Pagr. srautas<\/td>\n<td>50Hz: 25fps (1920 \u00d7 1080, 1280 \u00d7 960, 1280 \u00d7 720)<\/p>\n<p>60Hz: 30fps (1920 \u00d7 1080, 1280 \u00d7 960, 1280 \u00d7 720)<\/td>\n<\/tr>\n<tr>\n<td>Antrinis srautas<\/td>\n<td>50Hz: 25fps (640 \u00d7 480, 640 \u00d7 360, 320 \u00d7 240)<\/p>\n<p>0Hz: 30fps (640 \u00d7 480, 640 \u00d7 360, 320 \u00d7 240)<\/td>\n<\/tr>\n<tr>\n<td>Tre\u010dias srautas<\/td>\n<td>50Hz: 1fps (1280 \u00d7 720, 640 \u00d7 480, 640 \u00d7 360, 352 \u00d7 240, 320 \u00d7 240)<\/p>\n<p>60Hz: 1fps (1280 \u00d7 720, 640 \u00d7 480, 640 \u00d7 360, 352 \u00d7 240, 320 \u00d7 240)<\/td>\n<\/tr>\n<tr>\n<td>Vaizdo nustatymai<\/td>\n<td>Rotate mode, saturation, brightness, contrast, sharpness, AGC, white balance adjustable by client software or web browser<\/td>\n<\/tr>\n<tr>\n<td>ROI<\/td>\n<td>Support 1 fixed region for main stream<\/td>\n<\/tr>\n<tr>\n<td>Tinklinis talpinimas<\/td>\n<td>Support micro SD\/SDHC\/SDXC card (128G) local storage, NAS (NFS,SMB\/CIFS), ANR<\/td>\n<\/tr>\n<tr>\n<td>Pavojaus signalo suk\u0117limas<\/td>\n<td>Motion detection, video tampering detection, network disconnected, IP address conflict, illegal login, HDD full, HDD error<\/td>\n<\/tr>\n<tr>\n<td>Protokolai<\/td>\n<td>TCP\/IP, ICMP, HTTP, HTTPS, FTP, DHCP, DNS, DDNS, RTP, RTSP, RTCP, PPPoE, NTP, UPnP, SMTP, SNMP, IGMP, 802.1X, QoS, IPv6, UDP, Bonjour<\/td>\n<\/tr>\n<tr>\n<td>Pagrindin\u0117s funkcijos<\/td>\n<td>One-key reset, three streams, heartbeat, mirror, password protection, privacy mask, watermark, IP address filter<\/td>\n<\/tr>\n<tr>\n<td>Standartai<\/td>\n<td>ONVIF (PROFILE S, PROFILE G), ISAPI<\/td>\n<\/tr>\n<tr>\n<td>Vidin\u0117 atmintis<\/td>\n<td>Built-in micro SD\/SDHC\/SDXC slot, up to 128 GB<\/td>\n<\/tr>\n<tr>\n<td>Veikimo s\u0105lygos<\/td>\n<td>-30 \u00b0C to +60 \u00b0C (-22 \u00b0F to +140 \u00b0F), Humidity 95% or less (non-condensing)<\/td>\n<\/tr>\n<tr>\n<td>Maitinimas<\/td>\n<td>12 VDC \u00b1 25%, 5.5 mm coaxial power plug<\/p>\n<p>PoE (802.3af, class 3)<\/td>\n<\/tr>\n<tr>\n<td>Matomos \u0161viesos atstumas<\/td>\n<td>Warm white LEDs (3000K), up to 30m<\/td>\n<\/tr>\n<tr>\n<td>IP apsaugos klas\u0117<\/td>\n<td>IP67<\/td>\n<\/tr>\n<tr>\n<td>I\u0161matavimai<\/td>\n<td>Camera: \u03a6130 \u00d7 103.6 mm (\u03a65.1\u2033 \u00d7 4.1\u2033)<\/td>\n<\/tr>\n<tr>\n<td>Svoris<\/td>\n<td>Camera: 500 g (1.1 lb.)<\/td>\n<\/tr>\n<\/tbody>\n<\/table>\n","protected":false},"excerpt":{"rendered":"<ul>\n<li>2MP (MegaPixel) dome EXIR IP kamera<\/li>\n<li>ColorVu<\/li>\n<li>2.8mm objektyvas<\/li>\n<li>H.265+, H.264+<\/li>\n<li>LEDs ap\u0161vietimas (3000K), iki 30m<\/li>\n<li>Vieda SD kortelei (iki 128GB)<\/li>\n<li>IP67<\/li>\n<\/ul>\n","protected":false},"featured_media":27493,"comment_status":"closed","ping_status":"closed","template":"","meta":[],"product_brand":[],"product_cat":[534,533,535],"product_tag":[],"class_list":{"0":"post-18400","1":"product","2":"type-product","3":"status-publish","4":"has-post-thumbnail","6":"product_cat-ip-kameros","7":"product_cat-ip-vaizdo-stebejimo-sistemos","8":"product_cat-ip-kupolines-kameros","10":"first","11":"instock","12":"taxable","13":"shipping-taxable","14":"purchasable","15":"product-type-simple"},"yoast_head":"<!-- This site is optimized with the Yoast SEO Premium plugin v21.5 (Yoast SEO v27.6) - https:\/\/yoast.com\/product\/yoast-seo-premium-wordpress\/ -->\n<title>Hikvision dome DS-2CD2327G1-LU F2.8<\/title>\n<meta name=\"description\" content=\"Hikvision dome DS-2CD2327G1-LU F2.8 IP kamera ; LEDs ap\u0161vietimas (3000K), iki 30m ; Rai\u0161ka - 2MP ; Spalvotas vaizdas nakt\u012f\" \/>\n<meta name=\"robots\" content=\"index, follow, max-snippet:-1, max-image-preview:large, max-video-preview:-1\" \/>\n<link rel=\"canonical\" href=\"https:\/\/eheating.lt\/en\/produktas\/hikvision-dome-ds-2cd2327g1-lu-f2-8\/\" \/>\n<meta property=\"og:locale\" content=\"en_US\" \/>\n<meta property=\"og:type\" content=\"article\" \/>\n<meta property=\"og:title\" content=\"Hikvision dome DS-2CD2327G1-LU F2.8\" \/>\n<meta property=\"og:description\" content=\"Hikvision dome DS-2CD2327G1-LU F2.8 IP kamera ; LEDs ap\u0161vietimas (3000K), iki 30m ; Rai\u0161ka - 2MP ; Spalvotas vaizdas nakt\u012f\" \/>\n<meta property=\"og:url\" content=\"https:\/\/eheating.lt\/en\/produktas\/hikvision-dome-ds-2cd2327g1-lu-f2-8\/\" \/>\n<meta property=\"og:site_name\" content=\"Elektronika Namams\" \/>\n<meta property=\"article:publisher\" content=\"https:\/\/www.facebook.com\/ElektronikaNamams\" \/>\n<meta property=\"article:modified_time\" content=\"2024-07-11T16:07:17+00:00\" \/>\n<meta property=\"og:image\" content=\"https:\/\/eheating.lt\/wp-content\/uploads\/2023\/10\/Hikvision-dome-DS-2CD2327G1-LU-F2.8.png\" \/>\n\t<meta property=\"og:image:width\" content=\"800\" \/>\n\t<meta property=\"og:image:height\" content=\"800\" \/>\n\t<meta property=\"og:image:type\" content=\"image\/png\" \/>\n<meta name=\"twitter:card\" content=\"summary_large_image\" \/>\n<meta name=\"twitter:label1\" content=\"Price\" \/>\n\t<meta name=\"twitter:data1\" content=\"257,49&nbsp;&euro;\" \/>\n\t<meta name=\"twitter:label2\" content=\"Availability\" \/>\n\t<meta name=\"twitter:data2\" content=\"In stock\" \/>\n<script type=\"application\/ld+json\" class=\"yoast-schema-graph\">{\"@context\":\"https:\\\/\\\/schema.org\",\"@graph\":[{\"@type\":\"WebPage\",\"@id\":\"https:\\\/\\\/eheating.lt\\\/en\\\/produktas\\\/hikvision-dome-ds-2cd2327g1-lu-f2-8\\\/\",\"url\":\"https:\\\/\\\/eheating.lt\\\/en\\\/produktas\\\/hikvision-dome-ds-2cd2327g1-lu-f2-8\\\/\",\"name\":\"Hikvision dome DS-2CD2327G1-LU F2.8\",\"isPartOf\":{\"@id\":\"https:\\\/\\\/eheating.lt\\\/#website\"},\"primaryImageOfPage\":{\"@id\":\"https:\\\/\\\/eheating.lt\\\/en\\\/produktas\\\/hikvision-dome-ds-2cd2327g1-lu-f2-8\\\/#primaryimage\"},\"image\":{\"@id\":\"https:\\\/\\\/eheating.lt\\\/en\\\/produktas\\\/hikvision-dome-ds-2cd2327g1-lu-f2-8\\\/#primaryimage\"},\"thumbnailUrl\":\"https:\\\/\\\/eheating.lt\\\/wp-content\\\/uploads\\\/2023\\\/10\\\/Hikvision-dome-DS-2CD2327G1-LU-F2.8.png\",\"datePublished\":\"2023-11-13T19:13:39+00:00\",\"dateModified\":\"2024-07-11T16:07:17+00:00\",\"description\":\"Hikvision dome DS-2CD2327G1-LU F2.8 IP kamera ; LEDs ap\u0161vietimas (3000K), iki 30m ; Rai\u0161ka - 2MP ; Spalvotas vaizdas nakt\u012f\",\"breadcrumb\":{\"@id\":\"https:\\\/\\\/eheating.lt\\\/en\\\/produktas\\\/hikvision-dome-ds-2cd2327g1-lu-f2-8\\\/#breadcrumb\"},\"inLanguage\":\"en-US\",\"potentialAction\":[{\"@type\":\"ReadAction\",\"target\":[\"https:\\\/\\\/eheating.lt\\\/en\\\/produktas\\\/hikvision-dome-ds-2cd2327g1-lu-f2-8\\\/\"]}]},{\"@type\":\"ImageObject\",\"inLanguage\":\"en-US\",\"@id\":\"https:\\\/\\\/eheating.lt\\\/en\\\/produktas\\\/hikvision-dome-ds-2cd2327g1-lu-f2-8\\\/#primaryimage\",\"url\":\"https:\\\/\\\/eheating.lt\\\/wp-content\\\/uploads\\\/2023\\\/10\\\/Hikvision-dome-DS-2CD2327G1-LU-F2.8.png\",\"contentUrl\":\"https:\\\/\\\/eheating.lt\\\/wp-content\\\/uploads\\\/2023\\\/10\\\/Hikvision-dome-DS-2CD2327G1-LU-F2.8.png\",\"width\":800,\"height\":800,\"caption\":\"Hikvision dome DS-2CD2327G1-LU F2.8\"},{\"@type\":\"BreadcrumbList\",\"@id\":\"https:\\\/\\\/eheating.lt\\\/en\\\/produktas\\\/hikvision-dome-ds-2cd2327g1-lu-f2-8\\\/#breadcrumb\",\"itemListElement\":[{\"@type\":\"ListItem\",\"position\":1,\"name\":\"Prad\u017eia\",\"item\":\"https:\\\/\\\/eheating.lt\\\/en\\\/\"},{\"@type\":\"ListItem\",\"position\":2,\"name\":\"Shop\",\"item\":\"https:\\\/\\\/eheating.lt\\\/en\\\/?page_id=5734\"},{\"@type\":\"ListItem\",\"position\":3,\"name\":\"Hikvision dome DS-2CD2327G1-LU F2.8\"}]},{\"@type\":\"WebSite\",\"@id\":\"https:\\\/\\\/eheating.lt\\\/#website\",\"url\":\"https:\\\/\\\/eheating.lt\\\/\",\"name\":\"eHeating\",\"description\":\"Elektronika ir \u0161ildymas\",\"potentialAction\":[{\"@type\":\"SearchAction\",\"target\":{\"@type\":\"EntryPoint\",\"urlTemplate\":\"https:\\\/\\\/eheating.lt\\\/?s={search_term_string}\"},\"query-input\":{\"@type\":\"PropertyValueSpecification\",\"valueRequired\":true,\"valueName\":\"search_term_string\"}}],\"inLanguage\":\"en-US\"}]}<\/script>\n<meta property=\"product:price:amount\" content=\"257.49\" \/>\n<meta property=\"product:price:currency\" content=\"EUR\" \/>\n<meta property=\"og:availability\" content=\"instock\" \/>\n<meta property=\"product:availability\" content=\"instock\" \/>\n<meta property=\"product:retailer_item_id\" content=\"9c4ef1453ffb\" \/>\n<meta property=\"product:condition\" content=\"new\" \/>\n<!-- \/ Yoast SEO Premium plugin. -->","yoast_head_json":{"title":"Hikvision dome DS-2CD2327G1-LU F2.8","description":"Hikvision dome DS-2CD2327G1-LU F2.8 IP kamera ; LEDs ap\u0161vietimas (3000K), iki 30m ; Rai\u0161ka - 2MP ; Spalvotas vaizdas nakt\u012f","robots":{"index":"index","follow":"follow","max-snippet":"max-snippet:-1","max-image-preview":"max-image-preview:large","max-video-preview":"max-video-preview:-1"},"canonical":"https:\/\/eheating.lt\/en\/produktas\/hikvision-dome-ds-2cd2327g1-lu-f2-8\/","og_locale":"en_US","og_type":"article","og_title":"Hikvision dome DS-2CD2327G1-LU F2.8","og_description":"Hikvision dome DS-2CD2327G1-LU F2.8 IP kamera ; LEDs ap\u0161vietimas (3000K), iki 30m ; Rai\u0161ka - 2MP ; Spalvotas vaizdas nakt\u012f","og_url":"https:\/\/eheating.lt\/en\/produktas\/hikvision-dome-ds-2cd2327g1-lu-f2-8\/","og_site_name":"Elektronika Namams","article_publisher":"https:\/\/www.facebook.com\/ElektronikaNamams","article_modified_time":"2024-07-11T16:07:17+00:00","og_image":[{"width":800,"height":800,"url":"https:\/\/eheating.lt\/wp-content\/uploads\/2023\/10\/Hikvision-dome-DS-2CD2327G1-LU-F2.8.png","type":"image\/png"}],"twitter_card":"summary_large_image","twitter_misc":{"Price":"257,49&nbsp;&euro;","Availability":"In stock"},"schema":{"@context":"https:\/\/schema.org","@graph":[{"@type":"WebPage","@id":"https:\/\/eheating.lt\/en\/produktas\/hikvision-dome-ds-2cd2327g1-lu-f2-8\/","url":"https:\/\/eheating.lt\/en\/produktas\/hikvision-dome-ds-2cd2327g1-lu-f2-8\/","name":"Hikvision dome DS-2CD2327G1-LU F2.8","isPartOf":{"@id":"https:\/\/eheating.lt\/#website"},"primaryImageOfPage":{"@id":"https:\/\/eheating.lt\/en\/produktas\/hikvision-dome-ds-2cd2327g1-lu-f2-8\/#primaryimage"},"image":{"@id":"https:\/\/eheating.lt\/en\/produktas\/hikvision-dome-ds-2cd2327g1-lu-f2-8\/#primaryimage"},"thumbnailUrl":"https:\/\/eheating.lt\/wp-content\/uploads\/2023\/10\/Hikvision-dome-DS-2CD2327G1-LU-F2.8.png","datePublished":"2023-11-13T19:13:39+00:00","dateModified":"2024-07-11T16:07:17+00:00","description":"Hikvision dome DS-2CD2327G1-LU F2.8 IP kamera ; LEDs ap\u0161vietimas (3000K), iki 30m ; Rai\u0161ka - 2MP ; Spalvotas vaizdas nakt\u012f","breadcrumb":{"@id":"https:\/\/eheating.lt\/en\/produktas\/hikvision-dome-ds-2cd2327g1-lu-f2-8\/#breadcrumb"},"inLanguage":"en-US","potentialAction":[{"@type":"ReadAction","target":["https:\/\/eheating.lt\/en\/produktas\/hikvision-dome-ds-2cd2327g1-lu-f2-8\/"]}]},{"@type":"ImageObject","inLanguage":"en-US","@id":"https:\/\/eheating.lt\/en\/produktas\/hikvision-dome-ds-2cd2327g1-lu-f2-8\/#primaryimage","url":"https:\/\/eheating.lt\/wp-content\/uploads\/2023\/10\/Hikvision-dome-DS-2CD2327G1-LU-F2.8.png","contentUrl":"https:\/\/eheating.lt\/wp-content\/uploads\/2023\/10\/Hikvision-dome-DS-2CD2327G1-LU-F2.8.png","width":800,"height":800,"caption":"Hikvision dome DS-2CD2327G1-LU F2.8"},{"@type":"BreadcrumbList","@id":"https:\/\/eheating.lt\/en\/produktas\/hikvision-dome-ds-2cd2327g1-lu-f2-8\/#breadcrumb","itemListElement":[{"@type":"ListItem","position":1,"name":"Prad\u017eia","item":"https:\/\/eheating.lt\/en\/"},{"@type":"ListItem","position":2,"name":"Shop","item":"https:\/\/eheating.lt\/en\/?page_id=5734"},{"@type":"ListItem","position":3,"name":"Hikvision dome DS-2CD2327G1-LU F2.8"}]},{"@type":"WebSite","@id":"https:\/\/eheating.lt\/#website","url":"https:\/\/eheating.lt\/","name":"eHeating","description":"Elektronika ir \u0161ildymas","potentialAction":[{"@type":"SearchAction","target":{"@type":"EntryPoint","urlTemplate":"https:\/\/eheating.lt\/?s={search_term_string}"},"query-input":{"@type":"PropertyValueSpecification","valueRequired":true,"valueName":"search_term_string"}}],"inLanguage":"en-US"}]},"product_price_amount":"257.49","product_price_currency":"EUR","og_availability":"instock","product_availability":"instock","product_retailer_item_id":"9c4ef1453ffb","product_condition":"new"},"_links":{"self":[{"href":"https:\/\/eheating.lt\/en\/wp-json\/wp\/v2\/product\/18400","targetHints":{"allow":["GET"]}}],"collection":[{"href":"https:\/\/eheating.lt\/en\/wp-json\/wp\/v2\/product"}],"about":[{"href":"https:\/\/eheating.lt\/en\/wp-json\/wp\/v2\/types\/product"}],"replies":[{"embeddable":true,"href":"https:\/\/eheating.lt\/en\/wp-json\/wp\/v2\/comments?post=18400"}],"version-history":[{"count":0,"href":"https:\/\/eheating.lt\/en\/wp-json\/wp\/v2\/product\/18400\/revisions"}],"wp:featuredmedia":[{"embeddable":true,"href":"https:\/\/eheating.lt\/en\/wp-json\/wp\/v2\/media\/27493"}],"wp:attachment":[{"href":"https:\/\/eheating.lt\/en\/wp-json\/wp\/v2\/media?parent=18400"}],"wp:term":[{"taxonomy":"product_brand","embeddable":true,"href":"https:\/\/eheating.lt\/en\/wp-json\/wp\/v2\/product_brand?post=18400"},{"taxonomy":"product_cat","embeddable":true,"href":"https:\/\/eheating.lt\/en\/wp-json\/wp\/v2\/product_cat?post=18400"},{"taxonomy":"product_tag","embeddable":true,"href":"https:\/\/eheating.lt\/en\/wp-json\/wp\/v2\/product_tag?post=18400"}],"curies":[{"name":"wp","href":"https:\/\/api.w.org\/{rel}","templated":true}]}}