{"id":18394,"date":"2023-11-13T21:13:34","date_gmt":"2023-11-13T19:13:34","guid":{"rendered":"https:\/\/eheating.lt\/?post_type=product&#038;p=18394"},"modified":"2024-07-11T19:07:27","modified_gmt":"2024-07-11T16:07:27","slug":"hikvision-ds-2td1217b-3-pa","status":"publish","type":"product","link":"https:\/\/eheating.lt\/en\/produktas\/hikvision-ds-2td1217b-3-pa\/","title":{"rendered":"Hikvision DS-2TD1217B-3\/PA"},"content":{"rendered":"<table>\n<tbody>\n<tr>\n<td>Pavadinimas<\/td>\n<td>Apra\u0161ymas<\/td>\n<\/tr>\n<tr>\n<td>Sensorius<\/td>\n<td>VOx Uncooled Focal Plane Arrays<\/td>\n<\/tr>\n<tr>\n<td>Rai\u0161ka<\/td>\n<td>160\u00d7120<\/td>\n<\/tr>\n<tr>\n<td>Pikseli\u0173 intervalas<\/td>\n<td>17\u03bcm<\/td>\n<\/tr>\n<tr>\n<td>Bangos ilgis<\/td>\n<td>8\u03bcm to 14\u03bcm<\/td>\n<\/tr>\n<tr>\n<td>NETD<\/td>\n<td>Less than 40 mK (@25\u00b0C,F#=1.1)<\/td>\n<\/tr>\n<tr>\n<td>\u017didinio nuotolis<\/td>\n<td>6.2mm<\/td>\n<\/tr>\n<tr>\n<td>IFOV<\/td>\n<td>2.74 mrad<\/td>\n<\/tr>\n<tr>\n<td>Diafragma<\/td>\n<td>F1.1<\/td>\n<\/tr>\n<tr>\n<td>Steb\u0117jimo laukas<\/td>\n<td>25.0\u00b0 \u00d7 18.7\u00b0 (H \u00d7 V)<\/td>\n<\/tr>\n<tr>\n<td>Minimalus fokusavimo atstumas<\/td>\n<td>0.6 m<\/td>\n<\/tr>\n<tr>\n<td>Sensorius<\/td>\n<td>1\/2.7&#8243; Progressive Scan CMOS<\/td>\n<\/tr>\n<tr>\n<td>Rai\u0161ka<\/td>\n<td>2688\u00d71520, 4MP<\/td>\n<\/tr>\n<tr>\n<td>Min. ap\u0161vietimas<\/td>\n<td>Color: 0.0089 Lux @ (F1.6, AGC ON), B\/W: 0.0018 Lux @ (F1.6, AGC ON)<\/td>\n<\/tr>\n<tr>\n<td>Matymo laukas<\/td>\n<td>39.42\u00b0 \u00d7 22.14\u00b0(H \u00d7 V)<\/td>\n<\/tr>\n<tr>\n<td>\u017didinio nuotolis<\/td>\n<td>8mm<\/td>\n<\/tr>\n<tr>\n<td>U\u017erakto laikas<\/td>\n<td>1s to 1\/100,000s<\/td>\n<\/tr>\n<tr>\n<td>Baltos spalvos balansas<\/td>\n<td>Auto\/Manual\/ATW (Auto-tracking White Balance)\/Indoor\/Outdoor\/Daylight Lamp\/Sodium Lamp<\/td>\n<\/tr>\n<tr>\n<td>Dienos\/nakties re\u017eimas<\/td>\n<td>IR cut filter with auto switch<\/td>\n<\/tr>\n<tr>\n<td>WDR<\/td>\n<td>120 dB<\/td>\n<\/tr>\n<tr>\n<td>IR atstumas<\/td>\n<td>Up to 15 m<\/td>\n<\/tr>\n<tr>\n<td>IR intensyvumas ir kampas<\/td>\n<td>Automatically adjusted<\/td>\n<\/tr>\n<tr>\n<td>Bi-spektrinis vaizdas<\/td>\n<td>Display the details of optical channel on thermal channel<\/td>\n<\/tr>\n<tr>\n<td>Vaizdas vaizde<\/td>\n<td>Display partial image of thermal channel on the full screen of optical channel<\/td>\n<\/tr>\n<tr>\n<td>Temperat\u016bros diapazonas<\/td>\n<td>From 30\u00b0C to 45\u00b0C (86\u00b0F ~ 113\u00b0F)<\/td>\n<\/tr>\n<tr>\n<td>Temperat\u016bros tikslumas<\/td>\n<td>\u00b1 0.5 \u00b0C<\/td>\n<\/tr>\n<tr>\n<td>Pagrindinis srautas<\/td>\n<td>Thermal: 25fps(1280 \u00d7 720, 704 \u00d7 576, 640 \u00d7 480, 352 \u00d7 288, 320 \u00d7 240);Optical: 50Hz: 25fps (2688 \u00d7 1520), 25fps (1920 \u00d7 1080), 25fps (1280 \u00d7 720);Optical: 60Hz: 30fps (2688 \u00d7 1520), 30fps (1920 \u00d7 1080), 30fps (1280 \u00d7 720)<\/td>\n<\/tr>\n<tr>\n<td>Antrinis srautas<\/td>\n<td>Thermal: 25fps(704 \u00d7 576, 352 \u00d7 288, 320 \u00d7 240);Optical: 50Hz: 25fps (704 \u00d7 576), 25fps (352 \u00d7 288), 25fps (176 \u00d7 144);Optical: 60Hz: 30fps (704 \u00d7 480), 30fps (352 \u00d7 240), 30fps (176 \u00d7 120)<\/td>\n<\/tr>\n<tr>\n<td>Vaizdo suspaudimas<\/td>\n<td>H.264 (Baseline\/Main\/High Profile) \/MJPEG\/H.265<\/td>\n<\/tr>\n<tr>\n<td>Garsro suspaudimas<\/td>\n<td>G .711u\/G.711a\/G.722.1\/MP2L2\/G.726\/PCM<\/td>\n<\/tr>\n<tr>\n<td>Protocolai<\/td>\n<td>TCP\/IP, ICMP, HTTP, HTTPS, FTP, DHCP, DNS, DDNS, RTP, RTSP, RTCP, PPPoE, NTP, UPnP, SMTP, SNMP, IGMP, 802.1X, QoS, IPv6, UDP, Bonjour<\/td>\n<\/tr>\n<tr>\n<td>API<\/td>\n<td>ONVIF (Profile S, Profile G, Profile T), ISAPI, SDK<\/td>\n<\/tr>\n<tr>\n<td>Apsauga<\/td>\n<td>Password protection, HTTPS encryption, 802.1X authentication (EAP-TLS 1.2, EAP-LEAP, EAP-MD5), watermark, IP address filter, basic and digest authentication for HTTP\/HTTPS, WSSE and digest authentication for ONVIF, RTP over HTTPS<\/td>\n<\/tr>\n<tr>\n<td>Transliacijos<\/td>\n<td>Up to 20<\/td>\n<\/tr>\n<tr>\n<td>Programin\u0117 \u012franga<\/td>\n<td>iVMS-4200, Hik-Connect<\/td>\n<\/tr>\n<tr>\n<td>Nar\u0161ykl\u0117<\/td>\n<td>Plug-in required: IE8-IE11, Chrome 41-44, Firefox 30.0-51<\/td>\n<\/tr>\n<tr>\n<td>Pavojaus signalo \u012fvestis<\/td>\n<td>1-ch inputs (0-5 VDC)<\/td>\n<\/tr>\n<tr>\n<td>Pavojaus signalo i\u0161vestis<\/td>\n<td>1-ch relay outputs, alarm response actions configurable<\/td>\n<\/tr>\n<tr>\n<td>Pavojaus signalo veikimas<\/td>\n<td>SD recording\/Relay output\/Smart capture\/FTP upload\/Email linkage<\/td>\n<\/tr>\n<tr>\n<td>Garso \u012fvestis<\/td>\n<td>1, 3.5 mm Mic in\/Line in interface. Line input: 2 &#8211; 2.4 V [p-p], output impedance: 1 K\u03a9 \u00b1 10%<\/td>\n<\/tr>\n<tr>\n<td>Garso i\u0161vestis<\/td>\n<td>Linear Level; Impedance: 600\u03a9<\/td>\n<\/tr>\n<tr>\n<td>Ry\u0161io protokolas<\/td>\n<td>1, RJ45 10M\/100M Self-adaptive Ethernet interface. 1, RS-485 interface<\/td>\n<\/tr>\n<tr>\n<td>Vidin\u0117 atmintis<\/td>\n<td>Built-in MicroSD card slot, supporting MicroSD\/SDHC\/SDXC card (up to 256 G), supports manual\/alarm recording<\/td>\n<\/tr>\n<tr>\n<td>Programin\u0117s \u012frangos kalba<\/td>\n<td>32 languages English, Russian, Estonian, Bulgarian, Hungarian, Greek, German, Italian, Czech, Slovak, French, Polish, Dutch, Portuguese, Spanish, Romanian, Danish, Swedish, Norwegian, Finnish, Croatian, Slovenian, Serbian, Turkish, Korean, Traditional Chinese, Thai, Vietnamese, Japanese, Latvian, Lithuanian, Portuguese (Brazil)<\/td>\n<\/tr>\n<tr>\n<td>User\/Host lygis<\/td>\n<td>Up to 32 users, 3 levels: Administrator, Operator, User<\/td>\n<\/tr>\n<tr>\n<td>Galia<\/td>\n<td>PoE (802.3af, class 3), 42.5 V to 57 V, 0.14 A to 0.22 A;DC 12V, 0.5A<\/td>\n<\/tr>\n<tr>\n<td>Suvartojimas<\/td>\n<td>PoE (802.3af, class 3): 42.5 V to 57 V, 0.14 A to 0.22 A, max. 6.5 W 12 VDC \u00b1 20%: 0.5 A, max. 6 W<\/td>\n<\/tr>\n<tr>\n<td>Darbin\u0117 temperat\u016bra ir dr\u0117gm\u0117<\/td>\n<td>From 10 \u00b0C to 35 \u00b0C (Indoor and windless environment use only); Humidity: 95% or Less<\/td>\n<\/tr>\n<tr>\n<td>Apsaugos lygis<\/td>\n<td>IP66 Standard; TVS 6000V Lightning Protection, Surge Protection and Voltage Transient Protection<\/td>\n<\/tr>\n<tr>\n<td>Matmenys<\/td>\n<td>138.3 mm \u00d7 138.3 mm \u00d7 123.1 mm (5.45 &#8221; \u00d7 5.45&#8243; \u00d7 4.85 &#8220;)<\/td>\n<\/tr>\n<tr>\n<td>Svoris<\/td>\n<td>940 g (2.07 lb)<\/td>\n<\/tr>\n<\/tbody>\n<\/table>\n","protected":false},"excerpt":{"rendered":"<ul>\n<li>4 MP IP termo dome kamera<\/li>\n<li>Termin\u0117 Rai\u0161ka 160 x 120<\/li>\n<li>3.1 mm<\/li>\n<li>NETD ma\u017eiau u\u017e 40 mk (@25\u00b0 C, F#=1.1)<\/li>\n<li>AGC, DDE, 3D DNR<\/li>\n<li>Skirta \u017emoni\u0173 temperat\u016bros (kar\u0161\u010diavimo matavimo) steb\u0117jimui<\/li>\n<li>Garso \u012fvestis ir \u012f\u0161vestis<\/li>\n<li>Pavojaus signalo \u012fvestis ir i\u0161vestis<\/li>\n<\/ul>\n","protected":false},"featured_media":27487,"comment_status":"closed","ping_status":"closed","template":"","meta":[],"product_brand":[],"product_cat":[534,533,535],"product_tag":[],"class_list":{"0":"post-18394","1":"product","2":"type-product","3":"status-publish","4":"has-post-thumbnail","6":"product_cat-ip-kameros","7":"product_cat-ip-vaizdo-stebejimo-sistemos","8":"product_cat-ip-kupolines-kameros","10":"first","11":"instock","12":"taxable","13":"shipping-taxable","14":"purchasable","15":"product-type-simple"},"yoast_head":"<!-- This site is optimized with the Yoast SEO Premium plugin v21.5 (Yoast SEO v27.4) - https:\/\/yoast.com\/product\/yoast-seo-premium-wordpress\/ -->\n<title>Hikvision DS-2TD1217B-3\/PA<\/title>\n<meta name=\"description\" content=\"Hikvision DS-2TD1217B-3\/PA IP kamera ; Skirta \u017emoni\u0173 temperat\u016bros (kar\u0161\u010diavimo matavimo) steb\u0117jimui ; Rai\u0161ka - 4MP ; Spalva - balta\" \/>\n<meta name=\"robots\" content=\"index, follow, max-snippet:-1, max-image-preview:large, max-video-preview:-1\" \/>\n<link rel=\"canonical\" href=\"https:\/\/eheating.lt\/produktas\/hikvision-ds-2td1217b-3-pa\/\" \/>\n<meta property=\"og:locale\" content=\"en_US\" \/>\n<meta property=\"og:type\" content=\"article\" \/>\n<meta property=\"og:title\" content=\"Hikvision DS-2TD1217B-3\/PA\" \/>\n<meta property=\"og:description\" content=\"Hikvision DS-2TD1217B-3\/PA IP kamera ; Skirta \u017emoni\u0173 temperat\u016bros (kar\u0161\u010diavimo matavimo) steb\u0117jimui ; Rai\u0161ka - 4MP ; Spalva - balta\" \/>\n<meta property=\"og:url\" content=\"https:\/\/eheating.lt\/produktas\/hikvision-ds-2td1217b-3-pa\/\" \/>\n<meta property=\"og:site_name\" content=\"Elektronika Namams\" \/>\n<meta property=\"article:publisher\" content=\"https:\/\/www.facebook.com\/ElektronikaNamams\" \/>\n<meta property=\"article:modified_time\" content=\"2024-07-11T16:07:27+00:00\" \/>\n<meta property=\"og:image\" content=\"https:\/\/eheating.lt\/wp-content\/uploads\/2023\/10\/Hikvision-DS-2TD1217B-3PA.png\" \/>\n\t<meta property=\"og:image:width\" content=\"800\" \/>\n\t<meta property=\"og:image:height\" content=\"800\" \/>\n\t<meta property=\"og:image:type\" content=\"image\/png\" \/>\n<meta name=\"twitter:card\" content=\"summary_large_image\" \/>\n<meta name=\"twitter:label1\" content=\"Price\" \/>\n\t<meta name=\"twitter:data1\" content=\"4512,71&nbsp;&euro;\" \/>\n\t<meta name=\"twitter:label2\" content=\"Availability\" \/>\n\t<meta name=\"twitter:data2\" content=\"In stock\" \/>\n<script type=\"application\/ld+json\" class=\"yoast-schema-graph\">{\"@context\":\"https:\\\/\\\/schema.org\",\"@graph\":[{\"@type\":\"WebPage\",\"@id\":\"https:\\\/\\\/eheating.lt\\\/produktas\\\/hikvision-ds-2td1217b-3-pa\\\/\",\"url\":\"https:\\\/\\\/eheating.lt\\\/produktas\\\/hikvision-ds-2td1217b-3-pa\\\/\",\"name\":\"Hikvision DS-2TD1217B-3\\\/PA\",\"isPartOf\":{\"@id\":\"https:\\\/\\\/eheating.lt\\\/#website\"},\"primaryImageOfPage\":{\"@id\":\"https:\\\/\\\/eheating.lt\\\/produktas\\\/hikvision-ds-2td1217b-3-pa\\\/#primaryimage\"},\"image\":{\"@id\":\"https:\\\/\\\/eheating.lt\\\/produktas\\\/hikvision-ds-2td1217b-3-pa\\\/#primaryimage\"},\"thumbnailUrl\":\"https:\\\/\\\/eheating.lt\\\/wp-content\\\/uploads\\\/2023\\\/10\\\/Hikvision-DS-2TD1217B-3PA.png\",\"datePublished\":\"2023-11-13T19:13:34+00:00\",\"dateModified\":\"2024-07-11T16:07:27+00:00\",\"description\":\"Hikvision DS-2TD1217B-3\\\/PA IP kamera ; Skirta \u017emoni\u0173 temperat\u016bros (kar\u0161\u010diavimo matavimo) steb\u0117jimui ; Rai\u0161ka - 4MP ; Spalva - balta\",\"breadcrumb\":{\"@id\":\"https:\\\/\\\/eheating.lt\\\/produktas\\\/hikvision-ds-2td1217b-3-pa\\\/#breadcrumb\"},\"inLanguage\":\"en-US\",\"potentialAction\":[{\"@type\":\"ReadAction\",\"target\":[\"https:\\\/\\\/eheating.lt\\\/produktas\\\/hikvision-ds-2td1217b-3-pa\\\/\"]}]},{\"@type\":\"ImageObject\",\"inLanguage\":\"en-US\",\"@id\":\"https:\\\/\\\/eheating.lt\\\/produktas\\\/hikvision-ds-2td1217b-3-pa\\\/#primaryimage\",\"url\":\"https:\\\/\\\/eheating.lt\\\/wp-content\\\/uploads\\\/2023\\\/10\\\/Hikvision-DS-2TD1217B-3PA.png\",\"contentUrl\":\"https:\\\/\\\/eheating.lt\\\/wp-content\\\/uploads\\\/2023\\\/10\\\/Hikvision-DS-2TD1217B-3PA.png\",\"width\":800,\"height\":800,\"caption\":\"Hikvision DS-2TD1217B-3\\\/PA\"},{\"@type\":\"BreadcrumbList\",\"@id\":\"https:\\\/\\\/eheating.lt\\\/produktas\\\/hikvision-ds-2td1217b-3-pa\\\/#breadcrumb\",\"itemListElement\":[{\"@type\":\"ListItem\",\"position\":1,\"name\":\"Prad\u017eia\",\"item\":\"https:\\\/\\\/eheating.lt\\\/en\\\/\"},{\"@type\":\"ListItem\",\"position\":2,\"name\":\"Shop\",\"item\":\"https:\\\/\\\/eheating.lt\\\/en\\\/?page_id=5734\"},{\"@type\":\"ListItem\",\"position\":3,\"name\":\"Hikvision DS-2TD1217B-3\\\/PA\"}]},{\"@type\":\"WebSite\",\"@id\":\"https:\\\/\\\/eheating.lt\\\/#website\",\"url\":\"https:\\\/\\\/eheating.lt\\\/\",\"name\":\"eHeating\",\"description\":\"Elektronika ir \u0161ildymas\",\"potentialAction\":[{\"@type\":\"SearchAction\",\"target\":{\"@type\":\"EntryPoint\",\"urlTemplate\":\"https:\\\/\\\/eheating.lt\\\/?s={search_term_string}\"},\"query-input\":{\"@type\":\"PropertyValueSpecification\",\"valueRequired\":true,\"valueName\":\"search_term_string\"}}],\"inLanguage\":\"en-US\"}]}<\/script>\n<meta property=\"product:price:amount\" content=\"4512.71\" \/>\n<meta property=\"product:price:currency\" content=\"EUR\" \/>\n<meta property=\"og:availability\" content=\"instock\" \/>\n<meta property=\"product:availability\" content=\"instock\" \/>\n<meta property=\"product:retailer_item_id\" content=\"438f85ff3674\" \/>\n<meta property=\"product:condition\" content=\"new\" \/>\n<!-- \/ Yoast SEO Premium plugin. -->","yoast_head_json":{"title":"Hikvision DS-2TD1217B-3\/PA","description":"Hikvision DS-2TD1217B-3\/PA IP kamera ; Skirta \u017emoni\u0173 temperat\u016bros (kar\u0161\u010diavimo matavimo) steb\u0117jimui ; Rai\u0161ka - 4MP ; Spalva - balta","robots":{"index":"index","follow":"follow","max-snippet":"max-snippet:-1","max-image-preview":"max-image-preview:large","max-video-preview":"max-video-preview:-1"},"canonical":"https:\/\/eheating.lt\/produktas\/hikvision-ds-2td1217b-3-pa\/","og_locale":"en_US","og_type":"article","og_title":"Hikvision DS-2TD1217B-3\/PA","og_description":"Hikvision DS-2TD1217B-3\/PA IP kamera ; Skirta \u017emoni\u0173 temperat\u016bros (kar\u0161\u010diavimo matavimo) steb\u0117jimui ; Rai\u0161ka - 4MP ; Spalva - balta","og_url":"https:\/\/eheating.lt\/produktas\/hikvision-ds-2td1217b-3-pa\/","og_site_name":"Elektronika Namams","article_publisher":"https:\/\/www.facebook.com\/ElektronikaNamams","article_modified_time":"2024-07-11T16:07:27+00:00","og_image":[{"width":800,"height":800,"url":"https:\/\/eheating.lt\/wp-content\/uploads\/2023\/10\/Hikvision-DS-2TD1217B-3PA.png","type":"image\/png"}],"twitter_card":"summary_large_image","twitter_misc":{"Price":"4512,71&nbsp;&euro;","Availability":"In stock"},"schema":{"@context":"https:\/\/schema.org","@graph":[{"@type":"WebPage","@id":"https:\/\/eheating.lt\/produktas\/hikvision-ds-2td1217b-3-pa\/","url":"https:\/\/eheating.lt\/produktas\/hikvision-ds-2td1217b-3-pa\/","name":"Hikvision DS-2TD1217B-3\/PA","isPartOf":{"@id":"https:\/\/eheating.lt\/#website"},"primaryImageOfPage":{"@id":"https:\/\/eheating.lt\/produktas\/hikvision-ds-2td1217b-3-pa\/#primaryimage"},"image":{"@id":"https:\/\/eheating.lt\/produktas\/hikvision-ds-2td1217b-3-pa\/#primaryimage"},"thumbnailUrl":"https:\/\/eheating.lt\/wp-content\/uploads\/2023\/10\/Hikvision-DS-2TD1217B-3PA.png","datePublished":"2023-11-13T19:13:34+00:00","dateModified":"2024-07-11T16:07:27+00:00","description":"Hikvision DS-2TD1217B-3\/PA IP kamera ; Skirta \u017emoni\u0173 temperat\u016bros (kar\u0161\u010diavimo matavimo) steb\u0117jimui ; Rai\u0161ka - 4MP ; Spalva - balta","breadcrumb":{"@id":"https:\/\/eheating.lt\/produktas\/hikvision-ds-2td1217b-3-pa\/#breadcrumb"},"inLanguage":"en-US","potentialAction":[{"@type":"ReadAction","target":["https:\/\/eheating.lt\/produktas\/hikvision-ds-2td1217b-3-pa\/"]}]},{"@type":"ImageObject","inLanguage":"en-US","@id":"https:\/\/eheating.lt\/produktas\/hikvision-ds-2td1217b-3-pa\/#primaryimage","url":"https:\/\/eheating.lt\/wp-content\/uploads\/2023\/10\/Hikvision-DS-2TD1217B-3PA.png","contentUrl":"https:\/\/eheating.lt\/wp-content\/uploads\/2023\/10\/Hikvision-DS-2TD1217B-3PA.png","width":800,"height":800,"caption":"Hikvision DS-2TD1217B-3\/PA"},{"@type":"BreadcrumbList","@id":"https:\/\/eheating.lt\/produktas\/hikvision-ds-2td1217b-3-pa\/#breadcrumb","itemListElement":[{"@type":"ListItem","position":1,"name":"Prad\u017eia","item":"https:\/\/eheating.lt\/en\/"},{"@type":"ListItem","position":2,"name":"Shop","item":"https:\/\/eheating.lt\/en\/?page_id=5734"},{"@type":"ListItem","position":3,"name":"Hikvision DS-2TD1217B-3\/PA"}]},{"@type":"WebSite","@id":"https:\/\/eheating.lt\/#website","url":"https:\/\/eheating.lt\/","name":"eHeating","description":"Elektronika ir \u0161ildymas","potentialAction":[{"@type":"SearchAction","target":{"@type":"EntryPoint","urlTemplate":"https:\/\/eheating.lt\/?s={search_term_string}"},"query-input":{"@type":"PropertyValueSpecification","valueRequired":true,"valueName":"search_term_string"}}],"inLanguage":"en-US"}]},"product_price_amount":"4512.71","product_price_currency":"EUR","og_availability":"instock","product_availability":"instock","product_retailer_item_id":"438f85ff3674","product_condition":"new"},"_links":{"self":[{"href":"https:\/\/eheating.lt\/en\/wp-json\/wp\/v2\/product\/18394","targetHints":{"allow":["GET"]}}],"collection":[{"href":"https:\/\/eheating.lt\/en\/wp-json\/wp\/v2\/product"}],"about":[{"href":"https:\/\/eheating.lt\/en\/wp-json\/wp\/v2\/types\/product"}],"replies":[{"embeddable":true,"href":"https:\/\/eheating.lt\/en\/wp-json\/wp\/v2\/comments?post=18394"}],"version-history":[{"count":0,"href":"https:\/\/eheating.lt\/en\/wp-json\/wp\/v2\/product\/18394\/revisions"}],"wp:featuredmedia":[{"embeddable":true,"href":"https:\/\/eheating.lt\/en\/wp-json\/wp\/v2\/media\/27487"}],"wp:attachment":[{"href":"https:\/\/eheating.lt\/en\/wp-json\/wp\/v2\/media?parent=18394"}],"wp:term":[{"taxonomy":"product_brand","embeddable":true,"href":"https:\/\/eheating.lt\/en\/wp-json\/wp\/v2\/product_brand?post=18394"},{"taxonomy":"product_cat","embeddable":true,"href":"https:\/\/eheating.lt\/en\/wp-json\/wp\/v2\/product_cat?post=18394"},{"taxonomy":"product_tag","embeddable":true,"href":"https:\/\/eheating.lt\/en\/wp-json\/wp\/v2\/product_tag?post=18394"}],"curies":[{"name":"wp","href":"https:\/\/api.w.org\/{rel}","templated":true}]}}