{"id":18386,"date":"2023-11-13T21:16:44","date_gmt":"2023-11-13T19:16:44","guid":{"rendered":"https:\/\/eheating.lt\/?post_type=product&#038;p=18386"},"modified":"2024-10-18T17:09:02","modified_gmt":"2024-10-18T14:09:02","slug":"hikvision-cube-ds-2cd2421g0-iw-f2-0","status":"publish","type":"product","link":"https:\/\/eheating.lt\/en\/produktas\/hikvision-cube-ds-2cd2421g0-iw-f2-0\/","title":{"rendered":"Hikvision cube DS-2CD2421G0-IW F2.0"},"content":{"rendered":"<div>\n<table>\n<tbody>\n<tr>\n<th colspan=\"3\">Kamera<\/th>\n<\/tr>\n<tr>\n<td>Sensorius<\/td>\n<td>1\/2.7\u201d Progressive Scan CMOS<\/td>\n<\/tr>\n<tr>\n<td>Signalas<\/td>\n<td>PAL\/NTSC<\/td>\n<\/tr>\n<tr>\n<td>Min. ap\u0161vietimas<\/td>\n<td>Color: 0.028 Lux @ (F2.0, AGC ON)<\/td>\n<\/tr>\n<tr>\n<td>U\u017erakto laikas<\/td>\n<td>1\/3 s to 1\/100,000 s<\/td>\n<\/tr>\n<tr>\n<td>I\u0161laikymas<\/td>\n<td>Support<\/td>\n<\/tr>\n<tr>\n<td>Objektyvas<\/td>\n<td>2 mm: horizontal FOV: 132\u00b0, vertical FOV: 77\u00b0, diagonal FOV: 153\u00b0<br \/>\n2.8 mm: horizontal FOV: 107\u00b0, vertical FOV: 57\u00b0, diagonal FOV: 126\u00b0<br \/>\n4 mm: horizontal FOV: 85\u00b0, vertical FOV: 45\u00b0, diagonal FOV: 101\u00b0<\/td>\n<\/tr>\n<tr>\n<td>Montavimas<\/td>\n<td>M12<\/td>\n<\/tr>\n<tr>\n<td>Valdymo diapazonas<\/td>\n<td>Pan: 0\u00b0 to 360\u00b0, Tilt: 0\u00b0 to 90\u00b0, Rotate: 0\u00b0 to 360\u00b0<\/td>\n<\/tr>\n<tr>\n<td>Diena\/naktis<\/td>\n<td>IR cut filter with auto switch<\/td>\n<\/tr>\n<tr>\n<td>WDR<\/td>\n<td>Digital WDR<\/td>\n<\/tr>\n<tr>\n<td>DNR<\/td>\n<td>3D DNR<\/td>\n<\/tr>\n<tr>\n<td>Fokusavimas<\/td>\n<td>Fixed<\/td>\n<\/tr>\n<tr>\n<th colspan=\"3\">Suspaudimo standartas<\/th>\n<\/tr>\n<tr>\n<td>Vaizdo suspaudimas<\/td>\n<td>H.265+\/H.265\/H.264+\/H.264\/MJPEG<\/td>\n<\/tr>\n<tr>\n<td>Vaizdo bit\u0173 sparta<\/td>\n<td>32Kbps~8Mbps<\/td>\n<\/tr>\n<tr>\n<td>Garso suspaudimas<\/td>\n<td>G.711\/G.722.1\/G.726\/MP2L2\/PCM<\/td>\n<\/tr>\n<tr>\n<td>Garso bit\u0173 sparta<\/td>\n<td>64Kbps(G.711)\/16Kbps(G.722.1)\/16Kbps(G.726)\/32-160Kbps(MP2L2)<\/td>\n<\/tr>\n<tr>\n<th colspan=\"3\">Vaizdas<\/th>\n<\/tr>\n<tr>\n<td>Maksimali rai\u0161ka<\/td>\n<td>1920 x 1080<\/td>\n<\/tr>\n<tr>\n<td>Kadrai per sekund\u0119<\/td>\n<td>50Hz: 25fps (1920 \u00d7 1080, 1280 \u00d7 960, 1280 \u00d7 720)<br \/>\n60Hz: 30fps (1920 \u00d7 1080, 1280 \u00d7 960, 1280 \u00d7 720)<\/td>\n<\/tr>\n<tr>\n<td>Antrinis srautas<\/td>\n<td>50Hz: 25fps (640 \u00d7 360)<br \/>\n60Hz: 30fps (640 \u00d7 360)<\/td>\n<\/tr>\n<tr>\n<td>Vaizdo apdorojimas<\/td>\n<td>BLC, HLC, 3D DNR<\/td>\n<\/tr>\n<tr>\n<td>Vaizdo nustatymai<\/td>\n<td>Saturation, brightness, contrast, sharpness, AGC, white balance adjustable by client software or web browser<\/td>\n<\/tr>\n<tr>\n<td>BLC:<\/td>\n<td>Yes, zone configurable<\/td>\n<\/tr>\n<tr>\n<td>Perjungiklis diena\/naktis<\/td>\n<td>Day\/Night\/Auto\/Schedule<\/td>\n<\/tr>\n<tr>\n<th colspan=\"3\">Tinklas<\/th>\n<\/tr>\n<tr>\n<td>Tinklo saugykla<\/td>\n<td>Support microSD\/SDHC\/SDXC card (256 GB) local storage and NAS (NFS,SMB\/CIFS), ANR<\/td>\n<\/tr>\n<tr>\n<td>Pavojaus signalas<\/td>\n<td>Motion detection, video tampering alarm, network disconnected, IP address conflict, illegal login, HDD full, HDD error<\/td>\n<\/tr>\n<tr>\n<td>Protokolai<\/td>\n<td>TCP\/IP, ICMP, DHCP, DNS, DDNS, RTP, RTSP, NTP, UPnP, SMTP, IGMP, IPv6, UDP, QoS, Bonjour<\/td>\n<\/tr>\n<tr>\n<td>Pagrindin\u0117s funkcijos<\/td>\n<td>Anti-flicker, heartbeat, mirror, password protection, privacy mask, flash log<\/td>\n<\/tr>\n<tr>\n<td>Sistemos suderinamumas<\/td>\n<td>ONVIF (PROFILE S, PROFILE G), ISAPI, SDK<\/td>\n<\/tr>\n<tr>\n<th colspan=\"3\">S\u0105saja<\/th>\n<\/tr>\n<tr>\n<td>Garsas<\/td>\n<td>1 built-in microphone, 1 built-in speaker<\/td>\n<\/tr>\n<tr>\n<td>Ry\u0161io s\u0105saja<\/td>\n<td>1 RJ45 10M \/ 100M Ethernet interface<\/td>\n<\/tr>\n<tr>\n<td>Saugykla<\/td>\n<td>Built-in micro SD\/SDHC\/SDXC slot, up to 256 GB<\/td>\n<\/tr>\n<tr>\n<td>Perkrovimo mygtukas<\/td>\n<td>Yes<\/td>\n<\/tr>\n<tr>\n<th colspan=\"3\">Garsas<\/th>\n<\/tr>\n<tr>\n<td>Garso \u012fvestis\/i\u0161vestis<\/td>\n<td>support<\/td>\n<\/tr>\n<tr>\n<td>Garso da\u017enis<\/td>\n<td>8 kHz\/16 kHz<\/td>\n<\/tr>\n<tr>\n<th colspan=\"3\">Wi-Fi Specifikacija (-W)<\/th>\n<\/tr>\n<tr>\n<td>Bevielis standartas<\/td>\n<td>IEEE802.11b, 802.11g, 802.11n<\/td>\n<\/tr>\n<tr>\n<td>Da\u017enio diapazonas<\/td>\n<td>2.4 GHz ~ 2.4835 GHz<\/td>\n<\/tr>\n<tr>\n<td>Kanal\u0173 diapazonas<\/td>\n<td>20\/40MHz Support<\/td>\n<\/tr>\n<tr>\n<td>Moduliacijos re\u017eimas<\/td>\n<td>802.11b: DQPSK, DBPSK, CCK 802.11g\/n: 64-QAM, 16-QAM, QPSK, BPSK<\/td>\n<\/tr>\n<tr>\n<td>Apsauga<\/td>\n<td>64\/128-bit WEP, WPA\/WPA2, WPA-PSK\/WPA2-PSK, WPS<\/td>\n<\/tr>\n<tr>\n<td>Perdavimo da\u017enis<\/td>\n<td>11b: 11Mbps<br \/>\n11g: 54Mbps<br \/>\n11n: up to 150Mbps<\/td>\n<\/tr>\n<tr>\n<td>Bevielie padengimo atstumas<\/td>\n<td>50m(depend on environment)<\/td>\n<\/tr>\n<tr>\n<th colspan=\"3\">Pagrindin\u0117s s\u0105vyb\u0117s<\/th>\n<\/tr>\n<tr>\n<td>Darbo s\u0105lygos<\/td>\n<td>-10 \u00b0C \u2013 40\u00b0C (14 \u00b0F \u2013 104 \u00b0F), Humidity 95% or less (non-condensing)<\/td>\n<\/tr>\n<tr>\n<td>Maitinimas<\/td>\n<td>12 VDC \u00b1 25%, PoE (802.3af Class3)<\/td>\n<\/tr>\n<tr>\n<td>Suvartojimas<\/td>\n<td>DS-2CD2421G0-IW:<br \/>\n12 VDC, 0.54 A, max. 6.5 W<br \/>\nPoE (802.3af, 36 V to 57 V), 0.21 A to 0.13 A, max. 7.5 W<br \/>\nDS-2CD2421G0-IDW:<br \/>\n12 VDC, 0.54 A, max. 6.5 W<br \/>\nDS-2CD2421G0-I:<br \/>\n12 VDC, 0.42 A, max. 5 W<br \/>\nPoE (802.3af, 36 V to 57 V), 0.17 A to 0.11 A, max. 6 W<\/td>\n<\/tr>\n<tr>\n<td>IR diapazonas<\/td>\n<td>Up to 10m<\/td>\n<\/tr>\n<tr>\n<td>Matmenys<\/td>\n<td>Camera: 102.9 \u00d7 65.2 \u00d7 32.6 mm (4&#8221; \u00d7 2.6&#8221; \u00d7 1.3&#8221;)<br \/>\nWith package: 150 \u00d7 125 \u00d7 99 mm (5.9&#8221; \u00d7 4.9&#8221; \u00d7 3.9&#8221;)<\/p>\n<p>&nbsp;<\/td>\n<\/tr>\n<tr>\n<td>Svoris<\/td>\n<td>Camera: Approx. 120 g (0.3 lb.)<br \/>\nWith package: Approx. 380 g (0.8 lb.)<\/td>\n<\/tr>\n<\/tbody>\n<\/table>\n<\/div>\n","protected":false},"excerpt":{"rendered":"<ul>\n<li>Wifi<\/li>\n<li>H.265+<\/li>\n<li>Rai\u0161ka iki 2MP<\/li>\n<li>IR iki 10m<\/li>\n<li>PIR 10m<\/li>\n<li>Platus kampas iki 2.0mm(132\u00b0)<\/li>\n<li>Mikro SD iki 256GB<\/li>\n<li>Integruotas mikrofonas ir garsiakalbis<\/li>\n<li>PoE<\/li>\n<\/ul>\n","protected":false},"featured_media":27594,"comment_status":"closed","ping_status":"closed","template":"","meta":[],"product_brand":[],"product_cat":[805,883,801],"product_tag":[],"class_list":{"0":"post-18386","1":"product","2":"type-product","3":"status-publish","4":"has-post-thumbnail","6":"product_cat-ip-cube-cameras","7":"product_cat-ip-cameras","8":"product_cat-ip-video-surveillance-systems","10":"first","11":"onbackorder","12":"purchasable","13":"product-type-simple"},"yoast_head":"<!-- This site is optimized with the Yoast SEO Premium plugin v21.5 (Yoast SEO v27.3) - https:\/\/yoast.com\/product\/yoast-seo-premium-wordpress\/ -->\n<title>Hikvision cube DS-2CD2421G0-IW F2.0<\/title>\n<meta name=\"description\" content=\"Hikvision cube DS-2CD2421G0-IW F2.0 IP kamera ; Platus kampas iki 2.0mm(132\u00b0) ; Wi-Fi ry\u0161ys ; Rai\u0161ka - 2MP ; Spalva - balta\" \/>\n<meta name=\"robots\" content=\"index, follow, max-snippet:-1, max-image-preview:large, max-video-preview:-1\" \/>\n<link rel=\"canonical\" href=\"https:\/\/eheating.lt\/produktas\/hikvision-cube-ds-2cd2421g0-iw-f2-0\/\" \/>\n<meta property=\"og:locale\" content=\"en_US\" \/>\n<meta property=\"og:type\" content=\"article\" \/>\n<meta property=\"og:title\" content=\"Hikvision cube DS-2CD2421G0-IW F2.0\" \/>\n<meta property=\"og:description\" content=\"Hikvision cube DS-2CD2421G0-IW F2.0 IP kamera ; Platus kampas iki 2.0mm(132\u00b0) ; Wi-Fi ry\u0161ys ; Rai\u0161ka - 2MP ; Spalva - balta\" \/>\n<meta property=\"og:url\" content=\"https:\/\/eheating.lt\/produktas\/hikvision-cube-ds-2cd2421g0-iw-f2-0\/\" \/>\n<meta property=\"og:site_name\" content=\"Elektronika Namams\" \/>\n<meta property=\"article:publisher\" content=\"https:\/\/www.facebook.com\/ElektronikaNamams\" \/>\n<meta property=\"article:modified_time\" content=\"2024-10-18T14:09:02+00:00\" \/>\n<meta property=\"og:image\" content=\"https:\/\/eheating.lt\/wp-content\/uploads\/2023\/10\/Hikvision-cube-DS-2CD2421G0-IW-F2.0.png\" \/>\n\t<meta property=\"og:image:width\" content=\"800\" \/>\n\t<meta property=\"og:image:height\" content=\"800\" \/>\n\t<meta property=\"og:image:type\" content=\"image\/png\" \/>\n<meta name=\"twitter:card\" content=\"summary_large_image\" \/>\n<meta name=\"twitter:label1\" content=\"Price\" \/>\n\t<meta name=\"twitter:data1\" content=\"161,39&nbsp;&euro;\" \/>\n\t<meta name=\"twitter:label2\" content=\"Availability\" \/>\n\t<meta name=\"twitter:data2\" content=\"On backorder\" \/>\n<script type=\"application\/ld+json\" class=\"yoast-schema-graph\">{\"@context\":\"https:\\\/\\\/schema.org\",\"@graph\":[{\"@type\":\"WebPage\",\"@id\":\"https:\\\/\\\/eheating.lt\\\/produktas\\\/hikvision-cube-ds-2cd2421g0-iw-f2-0\\\/\",\"url\":\"https:\\\/\\\/eheating.lt\\\/produktas\\\/hikvision-cube-ds-2cd2421g0-iw-f2-0\\\/\",\"name\":\"Hikvision cube DS-2CD2421G0-IW F2.0\",\"isPartOf\":{\"@id\":\"https:\\\/\\\/eheating.lt\\\/#website\"},\"primaryImageOfPage\":{\"@id\":\"https:\\\/\\\/eheating.lt\\\/produktas\\\/hikvision-cube-ds-2cd2421g0-iw-f2-0\\\/#primaryimage\"},\"image\":{\"@id\":\"https:\\\/\\\/eheating.lt\\\/produktas\\\/hikvision-cube-ds-2cd2421g0-iw-f2-0\\\/#primaryimage\"},\"thumbnailUrl\":\"https:\\\/\\\/eheating.lt\\\/wp-content\\\/uploads\\\/2023\\\/10\\\/Hikvision-cube-DS-2CD2421G0-IW-F2.0.png\",\"datePublished\":\"2023-11-13T19:16:44+00:00\",\"dateModified\":\"2024-10-18T14:09:02+00:00\",\"description\":\"Hikvision cube DS-2CD2421G0-IW F2.0 IP kamera ; Platus kampas iki 2.0mm(132\u00b0) ; Wi-Fi ry\u0161ys ; Rai\u0161ka - 2MP ; Spalva - balta\",\"breadcrumb\":{\"@id\":\"https:\\\/\\\/eheating.lt\\\/produktas\\\/hikvision-cube-ds-2cd2421g0-iw-f2-0\\\/#breadcrumb\"},\"inLanguage\":\"en-US\",\"potentialAction\":[{\"@type\":\"ReadAction\",\"target\":[\"https:\\\/\\\/eheating.lt\\\/produktas\\\/hikvision-cube-ds-2cd2421g0-iw-f2-0\\\/\"]}]},{\"@type\":\"ImageObject\",\"inLanguage\":\"en-US\",\"@id\":\"https:\\\/\\\/eheating.lt\\\/produktas\\\/hikvision-cube-ds-2cd2421g0-iw-f2-0\\\/#primaryimage\",\"url\":\"https:\\\/\\\/eheating.lt\\\/wp-content\\\/uploads\\\/2023\\\/10\\\/Hikvision-cube-DS-2CD2421G0-IW-F2.0.png\",\"contentUrl\":\"https:\\\/\\\/eheating.lt\\\/wp-content\\\/uploads\\\/2023\\\/10\\\/Hikvision-cube-DS-2CD2421G0-IW-F2.0.png\",\"width\":800,\"height\":800,\"caption\":\"Hikvision cube DS-2CD2421G0-IW F2.0\"},{\"@type\":\"BreadcrumbList\",\"@id\":\"https:\\\/\\\/eheating.lt\\\/produktas\\\/hikvision-cube-ds-2cd2421g0-iw-f2-0\\\/#breadcrumb\",\"itemListElement\":[{\"@type\":\"ListItem\",\"position\":1,\"name\":\"Prad\u017eia\",\"item\":\"https:\\\/\\\/eheating.lt\\\/en\\\/\"},{\"@type\":\"ListItem\",\"position\":2,\"name\":\"Shop\",\"item\":\"https:\\\/\\\/eheating.lt\\\/en\\\/?page_id=5734\"},{\"@type\":\"ListItem\",\"position\":3,\"name\":\"Hikvision cube DS-2CD2421G0-IW F2.0\"}]},{\"@type\":\"WebSite\",\"@id\":\"https:\\\/\\\/eheating.lt\\\/#website\",\"url\":\"https:\\\/\\\/eheating.lt\\\/\",\"name\":\"eHeating\",\"description\":\"Elektronika ir \u0161ildymas\",\"potentialAction\":[{\"@type\":\"SearchAction\",\"target\":{\"@type\":\"EntryPoint\",\"urlTemplate\":\"https:\\\/\\\/eheating.lt\\\/?s={search_term_string}\"},\"query-input\":{\"@type\":\"PropertyValueSpecification\",\"valueRequired\":true,\"valueName\":\"search_term_string\"}}],\"inLanguage\":\"en-US\"}]}<\/script>\n<meta property=\"product:price:amount\" content=\"161.39\" \/>\n<meta property=\"product:price:currency\" content=\"EUR\" \/>\n<meta property=\"og:availability\" content=\"backorder\" \/>\n<meta property=\"product:availability\" content=\"available for order\" \/>\n<meta property=\"product:retailer_item_id\" content=\"245a487fd134\" \/>\n<meta property=\"product:condition\" content=\"new\" \/>\n<!-- \/ Yoast SEO Premium plugin. -->","yoast_head_json":{"title":"Hikvision cube DS-2CD2421G0-IW F2.0","description":"Hikvision cube DS-2CD2421G0-IW F2.0 IP kamera ; Platus kampas iki 2.0mm(132\u00b0) ; Wi-Fi ry\u0161ys ; Rai\u0161ka - 2MP ; Spalva - balta","robots":{"index":"index","follow":"follow","max-snippet":"max-snippet:-1","max-image-preview":"max-image-preview:large","max-video-preview":"max-video-preview:-1"},"canonical":"https:\/\/eheating.lt\/produktas\/hikvision-cube-ds-2cd2421g0-iw-f2-0\/","og_locale":"en_US","og_type":"article","og_title":"Hikvision cube DS-2CD2421G0-IW F2.0","og_description":"Hikvision cube DS-2CD2421G0-IW F2.0 IP kamera ; Platus kampas iki 2.0mm(132\u00b0) ; Wi-Fi ry\u0161ys ; Rai\u0161ka - 2MP ; Spalva - balta","og_url":"https:\/\/eheating.lt\/produktas\/hikvision-cube-ds-2cd2421g0-iw-f2-0\/","og_site_name":"Elektronika Namams","article_publisher":"https:\/\/www.facebook.com\/ElektronikaNamams","article_modified_time":"2024-10-18T14:09:02+00:00","og_image":[{"width":800,"height":800,"url":"https:\/\/eheating.lt\/wp-content\/uploads\/2023\/10\/Hikvision-cube-DS-2CD2421G0-IW-F2.0.png","type":"image\/png"}],"twitter_card":"summary_large_image","twitter_misc":{"Price":"161,39&nbsp;&euro;","Availability":"On backorder"},"schema":{"@context":"https:\/\/schema.org","@graph":[{"@type":"WebPage","@id":"https:\/\/eheating.lt\/produktas\/hikvision-cube-ds-2cd2421g0-iw-f2-0\/","url":"https:\/\/eheating.lt\/produktas\/hikvision-cube-ds-2cd2421g0-iw-f2-0\/","name":"Hikvision cube DS-2CD2421G0-IW F2.0","isPartOf":{"@id":"https:\/\/eheating.lt\/#website"},"primaryImageOfPage":{"@id":"https:\/\/eheating.lt\/produktas\/hikvision-cube-ds-2cd2421g0-iw-f2-0\/#primaryimage"},"image":{"@id":"https:\/\/eheating.lt\/produktas\/hikvision-cube-ds-2cd2421g0-iw-f2-0\/#primaryimage"},"thumbnailUrl":"https:\/\/eheating.lt\/wp-content\/uploads\/2023\/10\/Hikvision-cube-DS-2CD2421G0-IW-F2.0.png","datePublished":"2023-11-13T19:16:44+00:00","dateModified":"2024-10-18T14:09:02+00:00","description":"Hikvision cube DS-2CD2421G0-IW F2.0 IP kamera ; Platus kampas iki 2.0mm(132\u00b0) ; Wi-Fi ry\u0161ys ; Rai\u0161ka - 2MP ; Spalva - balta","breadcrumb":{"@id":"https:\/\/eheating.lt\/produktas\/hikvision-cube-ds-2cd2421g0-iw-f2-0\/#breadcrumb"},"inLanguage":"en-US","potentialAction":[{"@type":"ReadAction","target":["https:\/\/eheating.lt\/produktas\/hikvision-cube-ds-2cd2421g0-iw-f2-0\/"]}]},{"@type":"ImageObject","inLanguage":"en-US","@id":"https:\/\/eheating.lt\/produktas\/hikvision-cube-ds-2cd2421g0-iw-f2-0\/#primaryimage","url":"https:\/\/eheating.lt\/wp-content\/uploads\/2023\/10\/Hikvision-cube-DS-2CD2421G0-IW-F2.0.png","contentUrl":"https:\/\/eheating.lt\/wp-content\/uploads\/2023\/10\/Hikvision-cube-DS-2CD2421G0-IW-F2.0.png","width":800,"height":800,"caption":"Hikvision cube DS-2CD2421G0-IW F2.0"},{"@type":"BreadcrumbList","@id":"https:\/\/eheating.lt\/produktas\/hikvision-cube-ds-2cd2421g0-iw-f2-0\/#breadcrumb","itemListElement":[{"@type":"ListItem","position":1,"name":"Prad\u017eia","item":"https:\/\/eheating.lt\/en\/"},{"@type":"ListItem","position":2,"name":"Shop","item":"https:\/\/eheating.lt\/en\/?page_id=5734"},{"@type":"ListItem","position":3,"name":"Hikvision cube DS-2CD2421G0-IW F2.0"}]},{"@type":"WebSite","@id":"https:\/\/eheating.lt\/#website","url":"https:\/\/eheating.lt\/","name":"eHeating","description":"Elektronika ir \u0161ildymas","potentialAction":[{"@type":"SearchAction","target":{"@type":"EntryPoint","urlTemplate":"https:\/\/eheating.lt\/?s={search_term_string}"},"query-input":{"@type":"PropertyValueSpecification","valueRequired":true,"valueName":"search_term_string"}}],"inLanguage":"en-US"}]},"product_price_amount":"161.39","product_price_currency":"EUR","og_availability":"backorder","product_availability":"available for order","product_retailer_item_id":"245a487fd134","product_condition":"new"},"_links":{"self":[{"href":"https:\/\/eheating.lt\/en\/wp-json\/wp\/v2\/product\/18386","targetHints":{"allow":["GET"]}}],"collection":[{"href":"https:\/\/eheating.lt\/en\/wp-json\/wp\/v2\/product"}],"about":[{"href":"https:\/\/eheating.lt\/en\/wp-json\/wp\/v2\/types\/product"}],"replies":[{"embeddable":true,"href":"https:\/\/eheating.lt\/en\/wp-json\/wp\/v2\/comments?post=18386"}],"version-history":[{"count":0,"href":"https:\/\/eheating.lt\/en\/wp-json\/wp\/v2\/product\/18386\/revisions"}],"wp:featuredmedia":[{"embeddable":true,"href":"https:\/\/eheating.lt\/en\/wp-json\/wp\/v2\/media\/27594"}],"wp:attachment":[{"href":"https:\/\/eheating.lt\/en\/wp-json\/wp\/v2\/media?parent=18386"}],"wp:term":[{"taxonomy":"product_brand","embeddable":true,"href":"https:\/\/eheating.lt\/en\/wp-json\/wp\/v2\/product_brand?post=18386"},{"taxonomy":"product_cat","embeddable":true,"href":"https:\/\/eheating.lt\/en\/wp-json\/wp\/v2\/product_cat?post=18386"},{"taxonomy":"product_tag","embeddable":true,"href":"https:\/\/eheating.lt\/en\/wp-json\/wp\/v2\/product_tag?post=18386"}],"curies":[{"name":"wp","href":"https:\/\/api.w.org\/{rel}","templated":true}]}}