{"id":18384,"date":"2023-11-13T21:46:24","date_gmt":"2023-11-13T19:46:24","guid":{"rendered":"https:\/\/eheating.lt\/?post_type=product&#038;p=18384"},"modified":"2024-07-11T19:07:44","modified_gmt":"2024-07-11T16:07:44","slug":"hikvision-dome-termovizorine-ds-2td1217-6-v1","status":"publish","type":"product","link":"https:\/\/eheating.lt\/en\/produktas\/hikvision-dome-termovizorine-ds-2td1217-6-v1\/","title":{"rendered":"Hikvision dome termovizorin\u0117 DS-2TD1217-6\/V1"},"content":{"rendered":"<table>\n<tbody>\n<tr>\n<th>Termo modulis<\/th>\n<\/tr>\n<tr>\n<td>Sensorius<\/td>\n<td>;<\/td>\n<td>Vanadium Oxide Uncooled Focal Plane Arrays<\/td>\n<\/tr>\n<tr>\n<td>Maks. rai\u0161ka<\/td>\n<td>;<\/td>\n<td>160 \u00d7 120<\/td>\n<\/tr>\n<tr>\n<td>Aptikimo \u017eingsnis<\/td>\n<td>;<\/td>\n<td>17\u03bcm<\/td>\n<\/tr>\n<tr>\n<td>Atsakymo bang\u0173 ry\u0161ys<\/td>\n<td>;<\/td>\n<td>8\u03bcm to 14\u03bcm<\/td>\n<\/tr>\n<tr>\n<td>NETD<\/td>\n<td>;<\/td>\n<td>&lt; 40mk(@25\u00b0C,F#<\/td>\n<\/tr>\n<tr>\n<td>Objektyvas<\/td>\n<td>;<\/td>\n<td>6.2 mm<\/td>\n<\/tr>\n<tr>\n<td>MRAD<\/td>\n<td>;<\/td>\n<td>2.83 mrad<\/td>\n<\/tr>\n<tr>\n<td>Matymo laukas<\/td>\n<td>;<\/td>\n<td>25.0\u00b0\u00d7 18.7\u00b0(H \u00d7V)<\/td>\n<\/tr>\n<tr>\n<td>Min. fokusavimo atstumas<\/td>\n<td>;<\/td>\n<td>0.6 m<\/td>\n<\/tr>\n<tr>\n<td>F skai\u010dius<\/td>\n<td>;<\/td>\n<td>F1.1<\/td>\n<\/tr>\n<tr>\n<th>Optin\u0117 kamera<\/th>\n<\/tr>\n<tr>\n<td>Sensorius<\/td>\n<td>;<\/td>\n<td>1\/2.7\u201d Progressive Scan CMOS, maksimali rezoliucija 1920 x 1080<\/td>\n<\/tr>\n<tr>\n<td>Min. ap\u0161viestumas<\/td>\n<td>;<\/td>\n<td>Color: 0.002 Lux @(F1.5,AGC ON), B\/W: 0.0002 Lux @(F1.5, AGC ON)<\/td>\n<\/tr>\n<tr>\n<td>Objektyvas<\/td>\n<td>;<\/td>\n<td>6mm<\/td>\n<\/tr>\n<tr>\n<td>Matymo laukas<\/td>\n<td>;<\/td>\n<td>53\u00b0 \u00d7 30.0\u00b0<\/td>\n<\/tr>\n<tr>\n<td>WDR<\/td>\n<td>;<\/td>\n<td>120 WDR<\/td>\n<\/tr>\n<tr>\n<td>Diena\/naktis<\/td>\n<td>;<\/td>\n<td>IR cut filter with auto switch<\/td>\n<\/tr>\n<tr>\n<th>I\u0161manios funkcijos<\/th>\n<\/tr>\n<tr>\n<td>VCA<\/td>\n<td>;<\/td>\n<td>Intrusion\/Line crossing\/Region entrance\/Region exiting, Max 8 rules<\/td>\n<\/tr>\n<tr>\n<td>Temperat\u016bros matavimas<\/td>\n<td>;<\/td>\n<td>3 temperature measurement rule types, 21 rules (10 points, 10 areas, and 1 line).<\/td>\n<\/tr>\n<tr>\n<td>Temperat\u016bros diapazonas<\/td>\n<td>;<\/td>\n<td>-20\u2103 colspan=&#8217;1&#8242; 150\u2103<\/td>\n<\/tr>\n<tr>\n<td>Temperat\u016bros tikslumas:<\/td>\n<td>;<\/td>\n<td>\u00b18\u2103<\/td>\n<\/tr>\n<tr>\n<td>Gaisro aptikimas<\/td>\n<td>;<\/td>\n<td>Dynamic fire point detection, up to 10 fire points detectable<\/td>\n<\/tr>\n<tr>\n<th>Vaizdo funkcijos<\/th>\n<\/tr>\n<tr>\n<td>Vaizdas<\/td>\n<td>;<\/td>\n<td>Support bi-spectrum image fusion, picture in picture preview, and image switching<\/td>\n<\/tr>\n<tr>\n<th>Infrared ap\u0161vietimas<\/th>\n<\/tr>\n<tr>\n<td>IR ap\u0161vietimas<\/td>\n<td>;<\/td>\n<td>Up to 15m<\/td>\n<\/tr>\n<tr>\n<td>IR intensyvumas ir kampas<\/td>\n<td>;<\/td>\n<td>Automatically adjusted<\/td>\n<\/tr>\n<tr>\n<th>Tinklas<\/th>\n<\/tr>\n<tr>\n<td>Pagrindinis srautas<\/td>\n<td>;<\/td>\n<td>Visible Light: 50Hz: 25fps (1920 \u00d7 1080), 25fps (1280 \u00d7 960), 25fps (1280 \u00d7 720)<\/p>\n<p>Visible Light: 60Hz: 30fps (1920 \u00d7 1080), 30fps (1280 \u00d7 960), 30fps (1280 \u00d7 720)<\/p>\n<p>Thermal: 25fps (160 \u00d7 120 (the resolution of output image is 320 \u00d7 240))<\/td>\n<\/tr>\n<tr>\n<td>Antrinis srautas<\/td>\n<td>;<\/td>\n<td>Visible Light: 50Hz: 25fps (704 \u00d7 576), 25fps (640 \u00d7 480)<br \/>\nVisible Light: 60Hz: 30fps (704 \u00d7 480), 30fps (640 \u00d7 480)<br \/>\nThermal: 25fps (160 \u00d7 120 (the resolution of output image is 320 \u00d7 240))<\/td>\n<\/tr>\n<tr>\n<td>Vaizdo suspaudimas<\/td>\n<td>;<\/td>\n<td>H.265\/H.264, H.265+\/H.264+ encoding with Baseline\/Main\/High Profile<\/td>\n<\/tr>\n<tr>\n<td>Garso suspaudimas<\/td>\n<td>;<\/td>\n<td>G .711u\/G.711a\/G.722.1\/MP2L2\/G.726\/PCM<\/td>\n<\/tr>\n<tr>\n<td>Protokolai<\/td>\n<td>;<\/td>\n<td>TCP\/IP, ICMP, HTTP, HTTPS, FTP, DHCP, DNS, DDNS, RTP, RTSP, RTCP, PPPoE, NTP, UPnP, SMTP, SNMP, IGMP, 802.1X, QoS, IPv6, UDP, Bonjour<\/td>\n<\/tr>\n<tr>\n<td>Gyva per\u017ei\u016bra vienu metu<\/td>\n<td>;<\/td>\n<td>Up to 20<\/td>\n<\/tr>\n<tr>\n<td>Vartotoj\u0173 lygiai<\/td>\n<td>;<\/td>\n<td>Up to 32 users, 3 levels: Administrator, Operator, User<\/td>\n<\/tr>\n<tr>\n<td>Apsaugos lygiai<\/td>\n<td>;<\/td>\n<td>User authentication (ID and PW), MAC address binding, HTTPS encryption, IEEE 802.1x access control, IP address filtering<\/td>\n<\/tr>\n<tr>\n<th>Integracija<\/th>\n<\/tr>\n<tr>\n<td>Pavojaus signalo \u012fvestys<\/td>\n<td>;<\/td>\n<td>1-ch inputs (0-5vDC)<\/td>\n<\/tr>\n<tr>\n<td>Pavojaus signalo i\u0161vestys<\/td>\n<td>;<\/td>\n<td>1-ch relay outputs, alarm response actions configurable<\/td>\n<\/tr>\n<tr>\n<td>Pavojaus signalo veikmai<\/td>\n<td>;<\/td>\n<td>SD recording\/Relay output\/Smart capture\/FTP upload\/Email linkage<\/td>\n<\/tr>\n<tr>\n<td>Garso \u012fvestys<\/td>\n<td>;<\/td>\n<td>1 3.5mm Mic in\/Line in interface. Line input: 2-2.4V[p-p], output impedance:1K\u03a9\u00b110%<\/td>\n<\/tr>\n<tr>\n<td>Garso i\u0161vestys<\/td>\n<td>;<\/td>\n<td>Linear Level; Impedance: 600\u03a9, 1 reset button<\/td>\n<\/tr>\n<tr>\n<td>Vidin\u0117 atmintis<\/td>\n<td>;<\/td>\n<td>Built-in Micro SD card slot, support Micro SD\/SDHC\/SDXC card (up to 256G), support manual\/alarm recording<\/td>\n<\/tr>\n<tr>\n<td>Tinklas<\/td>\n<td>;<\/td>\n<td>1 RJ45 10M\/100M Self-adaptive Ethernet interface, 1 RS-485 interface<\/td>\n<\/tr>\n<tr>\n<td>Analogin\u0117 vaizdo i\u0161vestis<\/td>\n<td>;<\/td>\n<td>1.0V [p-p]\/75\u03a9, PAL\/NTSC\/BNC<\/td>\n<\/tr>\n<tr>\n<td>Aplikacijos programavimas<\/td>\n<td>;<\/td>\n<td>Open-ended API, support ISAPI, HIKVISION SDK and third-party management platform<\/td>\n<\/tr>\n<tr>\n<td>Klientas<\/td>\n<td>;<\/td>\n<td>iVMS-4200<\/td>\n<\/tr>\n<tr>\n<td>Nar\u0161ykl\u0117<\/td>\n<td>;<\/td>\n<td>IE9+, chrome31-chrome44, Firefox 30-Firefox51, Safari 5.02+(mac)<\/td>\n<\/tr>\n<tr>\n<th>Pagrindin\u0117s savyb\u0117s<\/th>\n<\/tr>\n<tr>\n<td>Meniu<\/td>\n<td>;<\/td>\n<td>English<\/td>\n<\/tr>\n<tr>\n<td>Maitinimas<\/td>\n<td>;<\/td>\n<td>12 VDC\u00b1 20%, two-core terminal block PoE (802.3af, class 3)<\/td>\n<\/tr>\n<tr>\n<td>Suvartojimas<\/td>\n<td>;<\/td>\n<td>12 VDC \u00b1 20%: 0.7 A, max. 8W PoE (802.3af, class 3): 42.5 V to 57 V, 0.14 A to 0.22 A, max. 8.5W<\/td>\n<\/tr>\n<tr>\n<td>Veikimo temperat\u016bra\/dr\u0117gnumas<\/td>\n<td>;<\/td>\n<td>-30 \u00b0C to 60 \u00b0C (-22 \u00b0F to 140 \u00b0F), 90% or less<\/td>\n<\/tr>\n<tr>\n<td>Apsaugos lygis<\/td>\n<td>;<\/td>\n<td>IP67 Standard<br \/>\nTVS 6000V Lightning protection, surge protection, voltage transient protection<\/td>\n<\/tr>\n<tr>\n<td>I\u0161matavimai<\/td>\n<td>;<\/td>\n<td>134.2 mm \u00d7 123.9 mm \u00d7 107.7 mm (5.28 \u00d7 4.87&#8243; \u00d7 4.24 &#8220;)<\/td>\n<\/tr>\n<tr>\n<td>Svoris<\/td>\n<td>;<\/td>\n<td>Approx. 800g(1.76lb)<\/td>\n<\/tr>\n<\/tbody>\n<\/table>\n<p>&#8220;<\/p>\n","protected":false},"excerpt":{"rendered":"<ul>\n<li>Vaizd\u0173 apdorojimo technologijos: AGC, DDE, 3D DNR, NETD ma\u017eiau nei 40 mK (25\u00b0C), F#=1.1<\/li>\n<li>Gilaus mokymosi algoritm\u0173 pagalba nustatomi: linijos kirtimas, \u012f\u0117jimas \u012f teritorij\u0105, pa\u017eym\u0117tos teritorijos rib\u0173 pa\u017eeidimas<\/li>\n<li>Reliable temperature exception alarm function<\/li>\n<li>Advanced fire detection algorithm<\/li>\n<li>Termovizorin\u0117 IP kamera, vaizdas vaizde<\/li>\n<li>160 \u00d7 120 (nuotraukos rezoliucija 320 \u00d7 240) ypatingai jautrus sensorius, kontrasto reguliavimas<\/li>\n<\/ul>\n","protected":false},"featured_media":28136,"comment_status":"closed","ping_status":"closed","template":"","meta":[],"product_brand":[],"product_cat":[534,533,423],"product_tag":[],"class_list":{"0":"post-18384","1":"product","2":"type-product","3":"status-publish","4":"has-post-thumbnail","6":"product_cat-ip-kameros","7":"product_cat-ip-vaizdo-stebejimo-sistemos","8":"product_cat-ip-termovizorines-kameros","10":"first","11":"instock","12":"taxable","13":"shipping-taxable","14":"purchasable","15":"product-type-simple"},"yoast_head":"<!-- This site is optimized with the Yoast SEO Premium plugin v21.5 (Yoast SEO v27.4) - https:\/\/yoast.com\/product\/yoast-seo-premium-wordpress\/ -->\n<title>Hikvision dome termovizorin\u0117 DS-2TD1217-6\/V1<\/title>\n<meta name=\"description\" content=\"Hikvision dome termovizorin\u0117 DS-2TD1217-6\/V1 ; 160 \u00d7 120 (nuotraukos rezoliucija 320 \u00d7 240) ; Ypatingai jautrus sensorius ; Kontrasto reguliavimas\" \/>\n<meta name=\"robots\" content=\"index, follow, max-snippet:-1, max-image-preview:large, max-video-preview:-1\" \/>\n<link rel=\"canonical\" href=\"https:\/\/eheating.lt\/produktas\/hikvision-dome-termovizorine-ds-2td1217-6-v1\/\" \/>\n<meta property=\"og:locale\" content=\"en_US\" \/>\n<meta property=\"og:type\" content=\"article\" \/>\n<meta property=\"og:title\" content=\"Hikvision dome termovizorin\u0117 DS-2TD1217-6\/V1\" \/>\n<meta property=\"og:description\" content=\"Hikvision dome termovizorin\u0117 DS-2TD1217-6\/V1 ; 160 \u00d7 120 (nuotraukos rezoliucija 320 \u00d7 240) ; Ypatingai jautrus sensorius ; Kontrasto reguliavimas\" \/>\n<meta property=\"og:url\" content=\"https:\/\/eheating.lt\/produktas\/hikvision-dome-termovizorine-ds-2td1217-6-v1\/\" \/>\n<meta property=\"og:site_name\" content=\"Elektronika Namams\" \/>\n<meta property=\"article:publisher\" content=\"https:\/\/www.facebook.com\/ElektronikaNamams\" \/>\n<meta property=\"article:modified_time\" content=\"2024-07-11T16:07:44+00:00\" \/>\n<meta property=\"og:image\" content=\"https:\/\/eheating.lt\/wp-content\/uploads\/2023\/10\/Hikvision-dome-termovizorine-DS-2TD1217-6V1.png\" \/>\n\t<meta property=\"og:image:width\" content=\"800\" \/>\n\t<meta property=\"og:image:height\" content=\"800\" \/>\n\t<meta property=\"og:image:type\" content=\"image\/png\" \/>\n<meta name=\"twitter:card\" content=\"summary_large_image\" \/>\n<meta name=\"twitter:label1\" content=\"Price\" \/>\n\t<meta name=\"twitter:data1\" content=\"1666,68&nbsp;&euro;\" \/>\n\t<meta name=\"twitter:label2\" content=\"Availability\" \/>\n\t<meta name=\"twitter:data2\" content=\"In stock\" \/>\n<script type=\"application\/ld+json\" class=\"yoast-schema-graph\">{\"@context\":\"https:\\\/\\\/schema.org\",\"@graph\":[{\"@type\":\"WebPage\",\"@id\":\"https:\\\/\\\/eheating.lt\\\/produktas\\\/hikvision-dome-termovizorine-ds-2td1217-6-v1\\\/\",\"url\":\"https:\\\/\\\/eheating.lt\\\/produktas\\\/hikvision-dome-termovizorine-ds-2td1217-6-v1\\\/\",\"name\":\"Hikvision dome termovizorin\u0117 DS-2TD1217-6\\\/V1\",\"isPartOf\":{\"@id\":\"https:\\\/\\\/eheating.lt\\\/#website\"},\"primaryImageOfPage\":{\"@id\":\"https:\\\/\\\/eheating.lt\\\/produktas\\\/hikvision-dome-termovizorine-ds-2td1217-6-v1\\\/#primaryimage\"},\"image\":{\"@id\":\"https:\\\/\\\/eheating.lt\\\/produktas\\\/hikvision-dome-termovizorine-ds-2td1217-6-v1\\\/#primaryimage\"},\"thumbnailUrl\":\"https:\\\/\\\/eheating.lt\\\/wp-content\\\/uploads\\\/2023\\\/10\\\/Hikvision-dome-termovizorine-DS-2TD1217-6V1.png\",\"datePublished\":\"2023-11-13T19:46:24+00:00\",\"dateModified\":\"2024-07-11T16:07:44+00:00\",\"description\":\"Hikvision dome termovizorin\u0117 DS-2TD1217-6\\\/V1 ; 160 \u00d7 120 (nuotraukos rezoliucija 320 \u00d7 240) ; Ypatingai jautrus sensorius ; Kontrasto reguliavimas\",\"breadcrumb\":{\"@id\":\"https:\\\/\\\/eheating.lt\\\/produktas\\\/hikvision-dome-termovizorine-ds-2td1217-6-v1\\\/#breadcrumb\"},\"inLanguage\":\"en-US\",\"potentialAction\":[{\"@type\":\"ReadAction\",\"target\":[\"https:\\\/\\\/eheating.lt\\\/produktas\\\/hikvision-dome-termovizorine-ds-2td1217-6-v1\\\/\"]}]},{\"@type\":\"ImageObject\",\"inLanguage\":\"en-US\",\"@id\":\"https:\\\/\\\/eheating.lt\\\/produktas\\\/hikvision-dome-termovizorine-ds-2td1217-6-v1\\\/#primaryimage\",\"url\":\"https:\\\/\\\/eheating.lt\\\/wp-content\\\/uploads\\\/2023\\\/10\\\/Hikvision-dome-termovizorine-DS-2TD1217-6V1.png\",\"contentUrl\":\"https:\\\/\\\/eheating.lt\\\/wp-content\\\/uploads\\\/2023\\\/10\\\/Hikvision-dome-termovizorine-DS-2TD1217-6V1.png\",\"width\":800,\"height\":800,\"caption\":\"Hikvision dome termovizorin\u0117 DS-2TD1217-6\\\/V1\"},{\"@type\":\"BreadcrumbList\",\"@id\":\"https:\\\/\\\/eheating.lt\\\/produktas\\\/hikvision-dome-termovizorine-ds-2td1217-6-v1\\\/#breadcrumb\",\"itemListElement\":[{\"@type\":\"ListItem\",\"position\":1,\"name\":\"Prad\u017eia\",\"item\":\"https:\\\/\\\/eheating.lt\\\/en\\\/\"},{\"@type\":\"ListItem\",\"position\":2,\"name\":\"Shop\",\"item\":\"https:\\\/\\\/eheating.lt\\\/en\\\/?page_id=5734\"},{\"@type\":\"ListItem\",\"position\":3,\"name\":\"Hikvision dome termovizorin\u0117 DS-2TD1217-6\\\/V1\"}]},{\"@type\":\"WebSite\",\"@id\":\"https:\\\/\\\/eheating.lt\\\/#website\",\"url\":\"https:\\\/\\\/eheating.lt\\\/\",\"name\":\"eHeating\",\"description\":\"Elektronika ir \u0161ildymas\",\"potentialAction\":[{\"@type\":\"SearchAction\",\"target\":{\"@type\":\"EntryPoint\",\"urlTemplate\":\"https:\\\/\\\/eheating.lt\\\/?s={search_term_string}\"},\"query-input\":{\"@type\":\"PropertyValueSpecification\",\"valueRequired\":true,\"valueName\":\"search_term_string\"}}],\"inLanguage\":\"en-US\"}]}<\/script>\n<meta property=\"product:price:amount\" content=\"1666.68\" \/>\n<meta property=\"product:price:currency\" content=\"EUR\" \/>\n<meta property=\"og:availability\" content=\"instock\" \/>\n<meta property=\"product:availability\" content=\"instock\" \/>\n<meta property=\"product:retailer_item_id\" content=\"1b2f8b383b21\" \/>\n<meta property=\"product:condition\" content=\"new\" \/>\n<!-- \/ Yoast SEO Premium plugin. -->","yoast_head_json":{"title":"Hikvision dome termovizorin\u0117 DS-2TD1217-6\/V1","description":"Hikvision dome termovizorin\u0117 DS-2TD1217-6\/V1 ; 160 \u00d7 120 (nuotraukos rezoliucija 320 \u00d7 240) ; Ypatingai jautrus sensorius ; Kontrasto reguliavimas","robots":{"index":"index","follow":"follow","max-snippet":"max-snippet:-1","max-image-preview":"max-image-preview:large","max-video-preview":"max-video-preview:-1"},"canonical":"https:\/\/eheating.lt\/produktas\/hikvision-dome-termovizorine-ds-2td1217-6-v1\/","og_locale":"en_US","og_type":"article","og_title":"Hikvision dome termovizorin\u0117 DS-2TD1217-6\/V1","og_description":"Hikvision dome termovizorin\u0117 DS-2TD1217-6\/V1 ; 160 \u00d7 120 (nuotraukos rezoliucija 320 \u00d7 240) ; Ypatingai jautrus sensorius ; Kontrasto reguliavimas","og_url":"https:\/\/eheating.lt\/produktas\/hikvision-dome-termovizorine-ds-2td1217-6-v1\/","og_site_name":"Elektronika Namams","article_publisher":"https:\/\/www.facebook.com\/ElektronikaNamams","article_modified_time":"2024-07-11T16:07:44+00:00","og_image":[{"width":800,"height":800,"url":"https:\/\/eheating.lt\/wp-content\/uploads\/2023\/10\/Hikvision-dome-termovizorine-DS-2TD1217-6V1.png","type":"image\/png"}],"twitter_card":"summary_large_image","twitter_misc":{"Price":"1666,68&nbsp;&euro;","Availability":"In stock"},"schema":{"@context":"https:\/\/schema.org","@graph":[{"@type":"WebPage","@id":"https:\/\/eheating.lt\/produktas\/hikvision-dome-termovizorine-ds-2td1217-6-v1\/","url":"https:\/\/eheating.lt\/produktas\/hikvision-dome-termovizorine-ds-2td1217-6-v1\/","name":"Hikvision dome termovizorin\u0117 DS-2TD1217-6\/V1","isPartOf":{"@id":"https:\/\/eheating.lt\/#website"},"primaryImageOfPage":{"@id":"https:\/\/eheating.lt\/produktas\/hikvision-dome-termovizorine-ds-2td1217-6-v1\/#primaryimage"},"image":{"@id":"https:\/\/eheating.lt\/produktas\/hikvision-dome-termovizorine-ds-2td1217-6-v1\/#primaryimage"},"thumbnailUrl":"https:\/\/eheating.lt\/wp-content\/uploads\/2023\/10\/Hikvision-dome-termovizorine-DS-2TD1217-6V1.png","datePublished":"2023-11-13T19:46:24+00:00","dateModified":"2024-07-11T16:07:44+00:00","description":"Hikvision dome termovizorin\u0117 DS-2TD1217-6\/V1 ; 160 \u00d7 120 (nuotraukos rezoliucija 320 \u00d7 240) ; Ypatingai jautrus sensorius ; Kontrasto reguliavimas","breadcrumb":{"@id":"https:\/\/eheating.lt\/produktas\/hikvision-dome-termovizorine-ds-2td1217-6-v1\/#breadcrumb"},"inLanguage":"en-US","potentialAction":[{"@type":"ReadAction","target":["https:\/\/eheating.lt\/produktas\/hikvision-dome-termovizorine-ds-2td1217-6-v1\/"]}]},{"@type":"ImageObject","inLanguage":"en-US","@id":"https:\/\/eheating.lt\/produktas\/hikvision-dome-termovizorine-ds-2td1217-6-v1\/#primaryimage","url":"https:\/\/eheating.lt\/wp-content\/uploads\/2023\/10\/Hikvision-dome-termovizorine-DS-2TD1217-6V1.png","contentUrl":"https:\/\/eheating.lt\/wp-content\/uploads\/2023\/10\/Hikvision-dome-termovizorine-DS-2TD1217-6V1.png","width":800,"height":800,"caption":"Hikvision dome termovizorin\u0117 DS-2TD1217-6\/V1"},{"@type":"BreadcrumbList","@id":"https:\/\/eheating.lt\/produktas\/hikvision-dome-termovizorine-ds-2td1217-6-v1\/#breadcrumb","itemListElement":[{"@type":"ListItem","position":1,"name":"Prad\u017eia","item":"https:\/\/eheating.lt\/en\/"},{"@type":"ListItem","position":2,"name":"Shop","item":"https:\/\/eheating.lt\/en\/?page_id=5734"},{"@type":"ListItem","position":3,"name":"Hikvision dome termovizorin\u0117 DS-2TD1217-6\/V1"}]},{"@type":"WebSite","@id":"https:\/\/eheating.lt\/#website","url":"https:\/\/eheating.lt\/","name":"eHeating","description":"Elektronika ir \u0161ildymas","potentialAction":[{"@type":"SearchAction","target":{"@type":"EntryPoint","urlTemplate":"https:\/\/eheating.lt\/?s={search_term_string}"},"query-input":{"@type":"PropertyValueSpecification","valueRequired":true,"valueName":"search_term_string"}}],"inLanguage":"en-US"}]},"product_price_amount":"1666.68","product_price_currency":"EUR","og_availability":"instock","product_availability":"instock","product_retailer_item_id":"1b2f8b383b21","product_condition":"new"},"_links":{"self":[{"href":"https:\/\/eheating.lt\/en\/wp-json\/wp\/v2\/product\/18384","targetHints":{"allow":["GET"]}}],"collection":[{"href":"https:\/\/eheating.lt\/en\/wp-json\/wp\/v2\/product"}],"about":[{"href":"https:\/\/eheating.lt\/en\/wp-json\/wp\/v2\/types\/product"}],"replies":[{"embeddable":true,"href":"https:\/\/eheating.lt\/en\/wp-json\/wp\/v2\/comments?post=18384"}],"version-history":[{"count":0,"href":"https:\/\/eheating.lt\/en\/wp-json\/wp\/v2\/product\/18384\/revisions"}],"wp:featuredmedia":[{"embeddable":true,"href":"https:\/\/eheating.lt\/en\/wp-json\/wp\/v2\/media\/28136"}],"wp:attachment":[{"href":"https:\/\/eheating.lt\/en\/wp-json\/wp\/v2\/media?parent=18384"}],"wp:term":[{"taxonomy":"product_brand","embeddable":true,"href":"https:\/\/eheating.lt\/en\/wp-json\/wp\/v2\/product_brand?post=18384"},{"taxonomy":"product_cat","embeddable":true,"href":"https:\/\/eheating.lt\/en\/wp-json\/wp\/v2\/product_cat?post=18384"},{"taxonomy":"product_tag","embeddable":true,"href":"https:\/\/eheating.lt\/en\/wp-json\/wp\/v2\/product_tag?post=18384"}],"curies":[{"name":"wp","href":"https:\/\/api.w.org\/{rel}","templated":true}]}}