{"id":18374,"date":"2023-11-13T21:13:46","date_gmt":"2023-11-13T19:13:46","guid":{"rendered":"https:\/\/eheating.lt\/?post_type=product&#038;p=18374"},"modified":"2024-07-11T19:07:53","modified_gmt":"2024-07-11T16:07:53","slug":"hikvision-ds-2cd2745fwd-izs-juoda","status":"publish","type":"product","link":"https:\/\/eheating.lt\/en\/produktas\/hikvision-ds-2cd2745fwd-izs-juoda\/","title":{"rendered":"Hikvision DS-2CD2745FWD-IZS (juoda)"},"content":{"rendered":"<table>\n<tbody>\n<tr>\n<th colspan=\"2\">Kamera<\/th>\n<\/tr>\n<tr>\n<td class=\"td1\">Sensorius<\/td>\n<td>1\/2.5&#8243; Progressive Scan CMOS<\/td>\n<\/tr>\n<tr>\n<td class=\"td1\">Signalo sistema<\/td>\n<td>PAL\/NTSC<\/td>\n<\/tr>\n<tr>\n<td class=\"td1\">Min. ap\u0161vietimas<\/td>\n<td>Color: 0.008 lux @(F1.2, AGC ON), 0.011 lux @(F1.4, AGC ON), 0 lux with IR<\/td>\n<\/tr>\n<tr>\n<td class=\"td1\">U\u017erakto laikas<\/td>\n<td>1\/3 s to 1\/100,000 s<\/td>\n<\/tr>\n<tr>\n<td class=\"td1\">L\u0117tas u\u017eraktas<\/td>\n<td>Support<\/td>\n<\/tr>\n<tr>\n<td class=\"td1\">Objektyvas<\/td>\n<td>Horizontal field of view: 114\u00b0 to 32\u00b0<br \/>\nVertical field of view: 59\u00b0 to 18\u00b0<br \/>\nDiagonal field of view: 141\u00b0 to 36.5\u00b0<\/td>\n<\/tr>\n<tr>\n<td class=\"td1\">Objektyvo montavimas<\/td>\n<td>\u03c614<\/td>\n<\/tr>\n<tr>\n<td class=\"td1\">Reguliavimas<\/td>\n<td>Pan: 0\u00b0 to 355\u00b0, tilt: 0\u00b0 to 75\u00b0, rotate: 0\u00b0 to 355\u00b0<\/td>\n<\/tr>\n<tr>\n<td class=\"td1\">Diena\/naktis<\/td>\n<td>IR Cut Filter<\/td>\n<\/tr>\n<tr>\n<td class=\"td1\">Platus dinaminis diapazonas<\/td>\n<td>120 dB<\/td>\n<\/tr>\n<tr>\n<td class=\"td1\">Skaitmeninis triuk\u0161mo slopinimas<\/td>\n<td>3D DNR<\/td>\n<\/tr>\n<tr>\n<td class=\"td1\">Fokusavimas<\/td>\n<td>Auto<\/td>\n<\/tr>\n<tr>\n<th colspan=\"2\">Suspaudimo standartai<\/th>\n<\/tr>\n<tr>\n<td class=\"td1\">Vaizdo suspaudimas<\/td>\n<td>H.265+\/H.265\/H.264+\/H.264\/MJPEG<\/td>\n<\/tr>\n<tr>\n<td class=\"td1\">H.264 kodavimo profilis<\/td>\n<td>Main Profile\/High Profile<\/td>\n<\/tr>\n<tr>\n<td class=\"td1\">Vaizdo sparta<\/td>\n<td>32Kbps~16Mbps<\/td>\n<\/tr>\n<tr>\n<td class=\"td1\">Garso suspaudimas<\/td>\n<td>G.711\/G.722.1\/G.726\/MP2L2\/PCM<\/td>\n<\/tr>\n<tr>\n<td class=\"td1\">Garso sparta<\/td>\n<td>64Kbps(G.711)\/16Kbps(G.722.1)\/16Kbps(G.726)\/32-192Kbps(MP2L2)<\/td>\n<\/tr>\n<tr>\n<td class=\"td1\">Trigubas srautas<\/td>\n<td>Yes<\/td>\n<\/tr>\n<tr>\n<th colspan=\"2\">Vaizdas<\/th>\n<\/tr>\n<tr>\n<td class=\"td1\">Maks. vaizdo rai\u0161ka<\/td>\n<td>2688 \u00d7 1520<\/td>\n<\/tr>\n<tr>\n<td class=\"td1\">Kadrai per sek.<\/td>\n<td>50Hz: 25 fps (2688 \u00d7 1520, 2304 \u00d7 1296, 1920 \u00d7 1080)<br \/>\n60Hz: 30 fps (2688 \u00d7 1520, 2304 \u00d7 1296, 1920 \u00d7 1080)<\/td>\n<\/tr>\n<tr>\n<td class=\"td1\">Antrinis srautas<\/td>\n<td>50Hz: 25 fps (640 \u00d7 480, 640 \u00d7 360, 320 \u00d7 240)<br \/>\n60Hz: 30 fps (640 \u00d7 480, 640 \u00d7 360, 320 \u00d7 240)<\/td>\n<\/tr>\n<tr>\n<td class=\"td1\">Tre\u010dias srautas<\/td>\n<td>50Hz: 25 fps (1280 \u00d7 720, 640 \u00d7 360, 352 \u00d7 288)<br \/>\n60Hz: 30 fps (1280 \u00d7 720, 640 \u00d7 360, 352 \u00d7 240)<\/td>\n<\/tr>\n<tr>\n<td class=\"td1\">Foninio ap\u0161vietimo kompensavimas<\/td>\n<td>BLC\/3D DNR\/BLC<\/td>\n<\/tr>\n<tr>\n<td class=\"td1\">Vaizdo nustatymai<\/td>\n<td>Rotate mode, saturation, brightness, contrast, sharpness and white balance adjustable by client software or web browser<\/td>\n<\/tr>\n<tr>\n<td class=\"td1\">ROI<\/td>\n<td>Support 1 fixed region for main stream and sub stream separately<\/td>\n<\/tr>\n<tr>\n<td class=\"td1\">Dienos\/nakties perjungimas<\/td>\n<td>Day\/Night\/Auto\/Schedule\/Triggered by Alarm In<\/td>\n<\/tr>\n<tr>\n<th colspan=\"2\">Tinklas<\/th>\n<\/tr>\n<tr>\n<td class=\"td1\">Tinklinis talpinimas<\/td>\n<td>microSD\/SDHC\/SDXC card (128G), local storage and NAS (NFS,SMB\/CIFS), ANR<\/td>\n<\/tr>\n<tr>\n<td class=\"td1\">Pavojaus signalo suk\u0117limas<\/td>\n<td>Motion detection, video tampering alarm, network disconnected, IP address conflict, illegal login, HDD full, HDD error<\/td>\n<\/tr>\n<tr>\n<td class=\"td1\">Protokolai<\/td>\n<td>TCP\/IP, ICMP, HTTP, HTTPS, FTP, DHCP, DNS, DDNS, RTP, RTSP, RTCP, PPPoE, NTP, UPnP, SMTP, SNMP,<br \/>\nIGMP, 802.1X, QoS, IPv6, Bonjour<\/td>\n<\/tr>\n<tr>\n<td class=\"td1\">Pagrindin\u0117s funkcijos<\/td>\n<td>One-key recovery, Anti-Flicker, three streams, heartbeat, mirror, password protection, video<br \/>\nmask, Watermark, IP address filtering<\/td>\n<\/tr>\n<tr>\n<td class=\"td1\">Sistemos suderinamumas<\/td>\n<td>ONVIF (Profile S, Profile G), ISAPI<\/td>\n<\/tr>\n<tr>\n<th colspan=\"2\">S\u0105saja<\/th>\n<\/tr>\n<tr>\n<td class=\"td1\">Garsas<\/td>\n<td>1 input (line in, 3.5 mm), 1 output (line out, 3.5 mm), mono sound<\/td>\n<\/tr>\n<tr>\n<td class=\"td1\">Ry\u0161io s\u0105saja<\/td>\n<td>1 RJ45 10M \/ 100M Ethernet interface<\/td>\n<\/tr>\n<tr>\n<td class=\"td1\">Pavojaus signalas<\/td>\n<td>1 input, 1 output (max. 12 VDC, 30 mA), terminal block<\/td>\n<\/tr>\n<tr>\n<td class=\"td1\">Vaizdo i\u0161vestis<\/td>\n<td>1Vp-p Composite Output (75 \u03a9)<\/td>\n<\/tr>\n<tr>\n<td class=\"td1\">Vidin\u0117 atmintis<\/td>\n<td>Built-in Micro SD\/SDHC\/SDXC slot, up to 128 GB<\/td>\n<\/tr>\n<tr>\n<td class=\"td1\">Reset mygtukas<\/td>\n<td>Yes<\/td>\n<\/tr>\n<tr>\n<th colspan=\"2\">Garsas<\/th>\n<\/tr>\n<tr>\n<td class=\"td1\">Aplinkini\u0173 gars\u0173 filtravimas<\/td>\n<td>Support<\/td>\n<\/tr>\n<tr>\n<td class=\"td1\">Garso testavimo da\u017enis<\/td>\n<td>8 kHz\/16 kHz\/32 kHz\/44.1 kHZ\/48 kHz<\/td>\n<\/tr>\n<tr>\n<th colspan=\"2\">I\u0161manios funkcijos<\/th>\n<\/tr>\n<tr>\n<td class=\"td1\">Elgesio analizavimas<\/td>\n<td>Line crossing detection, Intrusion detection, Unattended baggage detection, Object removal detection<\/td>\n<\/tr>\n<tr>\n<td class=\"td1\">Linijos kirtimo aptikimas<\/td>\n<td>Cross a pre-defined virtual line<\/td>\n<\/tr>\n<tr>\n<td class=\"td1\">\u012esibrovimo aptikimas<\/td>\n<td>Enter and loiter in a pre-defined virtual region<\/td>\n<\/tr>\n<tr>\n<td class=\"td1\">Nepri\u017ei\u016brimas baga\u017eas<\/td>\n<td>Objects left over in the pre-defined region such as the baggage, purse, dangerous materials<\/td>\n<\/tr>\n<tr>\n<td class=\"td1\">Daikt\u0173 \u0161alinimas<\/td>\n<td>Objects removed from the pre-defined region, such as the exhibits on display.<\/td>\n<\/tr>\n<tr>\n<td class=\"td1\">Nusp\u0117jim\u0173 aptikimas<\/td>\n<td>Scene change detection<\/td>\n<\/tr>\n<tr>\n<td class=\"td1\">Atpa\u017einimas<\/td>\n<td>Face Detection<\/td>\n<\/tr>\n<tr>\n<th colspan=\"2\">Pagrindin\u0117s savyb\u0117s<\/th>\n<\/tr>\n<tr>\n<td class=\"td1\">Veikimo s\u0105lygos<\/td>\n<td>-30 \u00b0C ~ 60 \u00b0C (-22 \u00b0F ~ 140 \u00b0F)<br \/>\nHumidity 95% or less (non-condensing)<\/td>\n<\/tr>\n<tr>\n<td class=\"td1\">Maitinimas<\/td>\n<td>12 VDC \u00b1 25%, PoE (802.3af Class3)<\/td>\n<\/tr>\n<tr>\n<td class=\"td1\">Energijos suvartojimas<\/td>\n<td>12 VDC, 1 A, max. 11 W<br \/>\nPoE (802.3af, 36V to 57V), 0.4 A to 0.2 A, max. 12.5 W<\/td>\n<\/tr>\n<tr>\n<td class=\"td1\">Atsparumas sm\u016bgiams<\/td>\n<td>IK10<\/td>\n<\/tr>\n<tr>\n<td class=\"td1\">IP apsaugos klas\u0117<\/td>\n<td>IP67<\/td>\n<\/tr>\n<tr>\n<td class=\"td1\">IR ap\u0161vietimas<\/td>\n<td>Up to 30m<\/td>\n<\/tr>\n<tr>\n<td class=\"td1\">I\u0161matavimai<\/td>\n<td>\u03a6153.4 \u00d7 133.1 mm (\u03a66&#8243; \u00d7 5.2&#8243;)<\/td>\n<\/tr>\n<tr>\n<td class=\"td1\">Svoris<\/td>\n<td>Camera: 1287 g (2.8 lb.)<\/td>\n<\/tr>\n<\/tbody>\n<\/table>\n","protected":false},"excerpt":{"rendered":"<ul>\n<li>4 MP juoda IP Dome kamera<\/li>\n<li>2.8 to 12 mm motorizuotas varifokalinis objektyvas<\/li>\n<li>120 dB WDR<\/li>\n<li>H.265, H.265+, H.264+, H.264<\/li>\n<li>Vieta Micro SD\/SDHC\/SDXC kortelei, iki 128 GB<\/li>\n<li>IR ap\u0161vietimas: iki 30m<\/li>\n<li>IP67<\/li>\n<\/ul>\n","protected":false},"featured_media":27509,"comment_status":"closed","ping_status":"closed","template":"","meta":[],"product_brand":[],"product_cat":[534,533,535],"product_tag":[],"class_list":{"0":"post-18374","1":"product","2":"type-product","3":"status-publish","4":"has-post-thumbnail","6":"product_cat-ip-kameros","7":"product_cat-ip-vaizdo-stebejimo-sistemos","8":"product_cat-ip-kupolines-kameros","10":"first","11":"instock","12":"taxable","13":"shipping-taxable","14":"purchasable","15":"product-type-simple"},"yoast_head":"<!-- This site is optimized with the Yoast SEO Premium plugin v21.5 (Yoast SEO v27.4) - https:\/\/yoast.com\/product\/yoast-seo-premium-wordpress\/ -->\n<title>Hikvision DS-2CD2745FWD-IZS (juoda)<\/title>\n<meta name=\"description\" content=\"Hikvision DS-2CD2745FWD-IZS IP kamera ; 2.8-12mm motorizuotas varifokalinis objektyvas ; IP67 ; Rai\u0161ka - 4MP ; Spalva - juoda\" \/>\n<meta name=\"robots\" content=\"index, follow, max-snippet:-1, max-image-preview:large, max-video-preview:-1\" \/>\n<link rel=\"canonical\" href=\"https:\/\/eheating.lt\/en\/produktas\/hikvision-ds-2cd2745fwd-izs-juoda\/\" \/>\n<meta property=\"og:locale\" content=\"en_US\" \/>\n<meta property=\"og:type\" content=\"article\" \/>\n<meta property=\"og:title\" content=\"Hikvision DS-2CD2745FWD-IZS (juoda)\" \/>\n<meta property=\"og:description\" content=\"Hikvision DS-2CD2745FWD-IZS IP kamera ; 2.8-12mm motorizuotas varifokalinis objektyvas ; IP67 ; Rai\u0161ka - 4MP ; Spalva - juoda\" \/>\n<meta property=\"og:url\" content=\"https:\/\/eheating.lt\/en\/produktas\/hikvision-ds-2cd2745fwd-izs-juoda\/\" \/>\n<meta property=\"og:site_name\" content=\"Elektronika Namams\" \/>\n<meta property=\"article:publisher\" content=\"https:\/\/www.facebook.com\/ElektronikaNamams\" \/>\n<meta property=\"article:modified_time\" content=\"2024-07-11T16:07:53+00:00\" \/>\n<meta property=\"og:image\" content=\"https:\/\/eheating.lt\/wp-content\/uploads\/2023\/10\/Hikvision-DS-2CD2745FWD-IZS-juoda.png\" \/>\n\t<meta property=\"og:image:width\" content=\"800\" \/>\n\t<meta property=\"og:image:height\" content=\"800\" \/>\n\t<meta property=\"og:image:type\" content=\"image\/png\" \/>\n<meta name=\"twitter:card\" content=\"summary_large_image\" \/>\n<meta name=\"twitter:label1\" content=\"Price\" \/>\n\t<meta name=\"twitter:data1\" content=\"524,29&nbsp;&euro;\" \/>\n\t<meta name=\"twitter:label2\" content=\"Availability\" \/>\n\t<meta name=\"twitter:data2\" content=\"In stock\" \/>\n<script type=\"application\/ld+json\" class=\"yoast-schema-graph\">{\"@context\":\"https:\\\/\\\/schema.org\",\"@graph\":[{\"@type\":\"WebPage\",\"@id\":\"https:\\\/\\\/eheating.lt\\\/en\\\/produktas\\\/hikvision-ds-2cd2745fwd-izs-juoda\\\/\",\"url\":\"https:\\\/\\\/eheating.lt\\\/en\\\/produktas\\\/hikvision-ds-2cd2745fwd-izs-juoda\\\/\",\"name\":\"Hikvision DS-2CD2745FWD-IZS (juoda)\",\"isPartOf\":{\"@id\":\"https:\\\/\\\/eheating.lt\\\/#website\"},\"primaryImageOfPage\":{\"@id\":\"https:\\\/\\\/eheating.lt\\\/en\\\/produktas\\\/hikvision-ds-2cd2745fwd-izs-juoda\\\/#primaryimage\"},\"image\":{\"@id\":\"https:\\\/\\\/eheating.lt\\\/en\\\/produktas\\\/hikvision-ds-2cd2745fwd-izs-juoda\\\/#primaryimage\"},\"thumbnailUrl\":\"https:\\\/\\\/eheating.lt\\\/wp-content\\\/uploads\\\/2023\\\/10\\\/Hikvision-DS-2CD2745FWD-IZS-juoda.png\",\"datePublished\":\"2023-11-13T19:13:46+00:00\",\"dateModified\":\"2024-07-11T16:07:53+00:00\",\"description\":\"Hikvision DS-2CD2745FWD-IZS IP kamera ; 2.8-12mm motorizuotas varifokalinis objektyvas ; IP67 ; Rai\u0161ka - 4MP ; Spalva - juoda\",\"breadcrumb\":{\"@id\":\"https:\\\/\\\/eheating.lt\\\/en\\\/produktas\\\/hikvision-ds-2cd2745fwd-izs-juoda\\\/#breadcrumb\"},\"inLanguage\":\"en-US\",\"potentialAction\":[{\"@type\":\"ReadAction\",\"target\":[\"https:\\\/\\\/eheating.lt\\\/en\\\/produktas\\\/hikvision-ds-2cd2745fwd-izs-juoda\\\/\"]}]},{\"@type\":\"ImageObject\",\"inLanguage\":\"en-US\",\"@id\":\"https:\\\/\\\/eheating.lt\\\/en\\\/produktas\\\/hikvision-ds-2cd2745fwd-izs-juoda\\\/#primaryimage\",\"url\":\"https:\\\/\\\/eheating.lt\\\/wp-content\\\/uploads\\\/2023\\\/10\\\/Hikvision-DS-2CD2745FWD-IZS-juoda.png\",\"contentUrl\":\"https:\\\/\\\/eheating.lt\\\/wp-content\\\/uploads\\\/2023\\\/10\\\/Hikvision-DS-2CD2745FWD-IZS-juoda.png\",\"width\":800,\"height\":800,\"caption\":\"Hikvision DS-2CD2745FWD-IZS (juoda)\"},{\"@type\":\"BreadcrumbList\",\"@id\":\"https:\\\/\\\/eheating.lt\\\/en\\\/produktas\\\/hikvision-ds-2cd2745fwd-izs-juoda\\\/#breadcrumb\",\"itemListElement\":[{\"@type\":\"ListItem\",\"position\":1,\"name\":\"Prad\u017eia\",\"item\":\"https:\\\/\\\/eheating.lt\\\/en\\\/\"},{\"@type\":\"ListItem\",\"position\":2,\"name\":\"Shop\",\"item\":\"https:\\\/\\\/eheating.lt\\\/en\\\/?page_id=5734\"},{\"@type\":\"ListItem\",\"position\":3,\"name\":\"Hikvision DS-2CD2745FWD-IZS (juoda)\"}]},{\"@type\":\"WebSite\",\"@id\":\"https:\\\/\\\/eheating.lt\\\/#website\",\"url\":\"https:\\\/\\\/eheating.lt\\\/\",\"name\":\"eHeating\",\"description\":\"Elektronika ir \u0161ildymas\",\"potentialAction\":[{\"@type\":\"SearchAction\",\"target\":{\"@type\":\"EntryPoint\",\"urlTemplate\":\"https:\\\/\\\/eheating.lt\\\/?s={search_term_string}\"},\"query-input\":{\"@type\":\"PropertyValueSpecification\",\"valueRequired\":true,\"valueName\":\"search_term_string\"}}],\"inLanguage\":\"en-US\"}]}<\/script>\n<meta property=\"product:price:amount\" content=\"524.29\" \/>\n<meta property=\"product:price:currency\" content=\"EUR\" \/>\n<meta property=\"og:availability\" content=\"instock\" \/>\n<meta property=\"product:availability\" content=\"instock\" \/>\n<meta property=\"product:retailer_item_id\" content=\"a4f013eb5efe\" \/>\n<meta property=\"product:condition\" content=\"new\" \/>\n<!-- \/ Yoast SEO Premium plugin. -->","yoast_head_json":{"title":"Hikvision DS-2CD2745FWD-IZS (juoda)","description":"Hikvision DS-2CD2745FWD-IZS IP kamera ; 2.8-12mm motorizuotas varifokalinis objektyvas ; IP67 ; Rai\u0161ka - 4MP ; Spalva - juoda","robots":{"index":"index","follow":"follow","max-snippet":"max-snippet:-1","max-image-preview":"max-image-preview:large","max-video-preview":"max-video-preview:-1"},"canonical":"https:\/\/eheating.lt\/en\/produktas\/hikvision-ds-2cd2745fwd-izs-juoda\/","og_locale":"en_US","og_type":"article","og_title":"Hikvision DS-2CD2745FWD-IZS (juoda)","og_description":"Hikvision DS-2CD2745FWD-IZS IP kamera ; 2.8-12mm motorizuotas varifokalinis objektyvas ; IP67 ; Rai\u0161ka - 4MP ; Spalva - juoda","og_url":"https:\/\/eheating.lt\/en\/produktas\/hikvision-ds-2cd2745fwd-izs-juoda\/","og_site_name":"Elektronika Namams","article_publisher":"https:\/\/www.facebook.com\/ElektronikaNamams","article_modified_time":"2024-07-11T16:07:53+00:00","og_image":[{"width":800,"height":800,"url":"https:\/\/eheating.lt\/wp-content\/uploads\/2023\/10\/Hikvision-DS-2CD2745FWD-IZS-juoda.png","type":"image\/png"}],"twitter_card":"summary_large_image","twitter_misc":{"Price":"524,29&nbsp;&euro;","Availability":"In stock"},"schema":{"@context":"https:\/\/schema.org","@graph":[{"@type":"WebPage","@id":"https:\/\/eheating.lt\/en\/produktas\/hikvision-ds-2cd2745fwd-izs-juoda\/","url":"https:\/\/eheating.lt\/en\/produktas\/hikvision-ds-2cd2745fwd-izs-juoda\/","name":"Hikvision DS-2CD2745FWD-IZS (juoda)","isPartOf":{"@id":"https:\/\/eheating.lt\/#website"},"primaryImageOfPage":{"@id":"https:\/\/eheating.lt\/en\/produktas\/hikvision-ds-2cd2745fwd-izs-juoda\/#primaryimage"},"image":{"@id":"https:\/\/eheating.lt\/en\/produktas\/hikvision-ds-2cd2745fwd-izs-juoda\/#primaryimage"},"thumbnailUrl":"https:\/\/eheating.lt\/wp-content\/uploads\/2023\/10\/Hikvision-DS-2CD2745FWD-IZS-juoda.png","datePublished":"2023-11-13T19:13:46+00:00","dateModified":"2024-07-11T16:07:53+00:00","description":"Hikvision DS-2CD2745FWD-IZS IP kamera ; 2.8-12mm motorizuotas varifokalinis objektyvas ; IP67 ; Rai\u0161ka - 4MP ; Spalva - juoda","breadcrumb":{"@id":"https:\/\/eheating.lt\/en\/produktas\/hikvision-ds-2cd2745fwd-izs-juoda\/#breadcrumb"},"inLanguage":"en-US","potentialAction":[{"@type":"ReadAction","target":["https:\/\/eheating.lt\/en\/produktas\/hikvision-ds-2cd2745fwd-izs-juoda\/"]}]},{"@type":"ImageObject","inLanguage":"en-US","@id":"https:\/\/eheating.lt\/en\/produktas\/hikvision-ds-2cd2745fwd-izs-juoda\/#primaryimage","url":"https:\/\/eheating.lt\/wp-content\/uploads\/2023\/10\/Hikvision-DS-2CD2745FWD-IZS-juoda.png","contentUrl":"https:\/\/eheating.lt\/wp-content\/uploads\/2023\/10\/Hikvision-DS-2CD2745FWD-IZS-juoda.png","width":800,"height":800,"caption":"Hikvision DS-2CD2745FWD-IZS (juoda)"},{"@type":"BreadcrumbList","@id":"https:\/\/eheating.lt\/en\/produktas\/hikvision-ds-2cd2745fwd-izs-juoda\/#breadcrumb","itemListElement":[{"@type":"ListItem","position":1,"name":"Prad\u017eia","item":"https:\/\/eheating.lt\/en\/"},{"@type":"ListItem","position":2,"name":"Shop","item":"https:\/\/eheating.lt\/en\/?page_id=5734"},{"@type":"ListItem","position":3,"name":"Hikvision DS-2CD2745FWD-IZS (juoda)"}]},{"@type":"WebSite","@id":"https:\/\/eheating.lt\/#website","url":"https:\/\/eheating.lt\/","name":"eHeating","description":"Elektronika ir \u0161ildymas","potentialAction":[{"@type":"SearchAction","target":{"@type":"EntryPoint","urlTemplate":"https:\/\/eheating.lt\/?s={search_term_string}"},"query-input":{"@type":"PropertyValueSpecification","valueRequired":true,"valueName":"search_term_string"}}],"inLanguage":"en-US"}]},"product_price_amount":"524.29","product_price_currency":"EUR","og_availability":"instock","product_availability":"instock","product_retailer_item_id":"a4f013eb5efe","product_condition":"new"},"_links":{"self":[{"href":"https:\/\/eheating.lt\/en\/wp-json\/wp\/v2\/product\/18374","targetHints":{"allow":["GET"]}}],"collection":[{"href":"https:\/\/eheating.lt\/en\/wp-json\/wp\/v2\/product"}],"about":[{"href":"https:\/\/eheating.lt\/en\/wp-json\/wp\/v2\/types\/product"}],"replies":[{"embeddable":true,"href":"https:\/\/eheating.lt\/en\/wp-json\/wp\/v2\/comments?post=18374"}],"version-history":[{"count":0,"href":"https:\/\/eheating.lt\/en\/wp-json\/wp\/v2\/product\/18374\/revisions"}],"wp:featuredmedia":[{"embeddable":true,"href":"https:\/\/eheating.lt\/en\/wp-json\/wp\/v2\/media\/27509"}],"wp:attachment":[{"href":"https:\/\/eheating.lt\/en\/wp-json\/wp\/v2\/media?parent=18374"}],"wp:term":[{"taxonomy":"product_brand","embeddable":true,"href":"https:\/\/eheating.lt\/en\/wp-json\/wp\/v2\/product_brand?post=18374"},{"taxonomy":"product_cat","embeddable":true,"href":"https:\/\/eheating.lt\/en\/wp-json\/wp\/v2\/product_cat?post=18374"},{"taxonomy":"product_tag","embeddable":true,"href":"https:\/\/eheating.lt\/en\/wp-json\/wp\/v2\/product_tag?post=18374"}],"curies":[{"name":"wp","href":"https:\/\/api.w.org\/{rel}","templated":true}]}}