{"id":18372,"date":"2023-11-13T21:13:45","date_gmt":"2023-11-13T19:13:45","guid":{"rendered":"https:\/\/eheating.lt\/?post_type=product&#038;p=18372"},"modified":"2024-10-18T17:08:57","modified_gmt":"2024-10-18T14:08:57","slug":"hikvision-dome-ds-2cd1143g0-i-f2-8-juoda","status":"publish","type":"product","link":"https:\/\/eheating.lt\/en\/produktas\/hikvision-dome-ds-2cd1143g0-i-f2-8-juoda\/","title":{"rendered":"Hikvision dome DS-2CD1143G0-I F2.8 (juoda)"},"content":{"rendered":"<table>\n<tbody>\n<tr>\n<td>Sensorius<\/td>\n<td>1\/3&#8243; progressive scan CMOS<\/td>\n<\/tr>\n<tr>\n<td style=\"width: 150px;\">Min. ap\u0161vietimas<\/td>\n<td>Color: 0.01 Lux @(F1.2, AGC ON), 0.028Lux @ (F2.0, AGC ON)<\/td>\n<\/tr>\n<tr>\n<td>U\u017erakto greitis<\/td>\n<td>1\/3s to 1\/100,000 s, support slow shutter<\/td>\n<\/tr>\n<tr>\n<td>Objektyvas<\/td>\n<td>2.8 mm, horizontal FOV 100\u00b0, vertical FOV 55\u00b0, diagonal FOV 117\u00b0<\/td>\n<\/tr>\n<tr>\n<td>Objektyvo montavimas<\/td>\n<td>M12<\/td>\n<\/tr>\n<tr>\n<td>Diena \/ naktis<\/td>\n<td>IR cut filter<\/td>\n<\/tr>\n<tr>\n<td>Skaitmeninis triuk\u0161mo slopinimas<\/td>\n<td>3D DNR<\/td>\n<\/tr>\n<tr>\n<td>Reguliavimas<\/td>\n<td>Pan: 0\u00b0 to 355\u00b0, tilt: 0\u00b0to 70\u00b0<\/td>\n<\/tr>\n<tr>\n<td>WDR<\/td>\n<td>Digital\u00a0WDR<\/td>\n<\/tr>\n<tr>\n<td>Vaizdo suspaudimas<\/td>\n<td>Main stream: H.265\/H.264<\/p>\n<p>Sub stream: H.265\/H.264\/MJPEG<\/td>\n<\/tr>\n<tr>\n<td>H.264 tipas<\/td>\n<td>Baseline Profile\/Main Profile\/High Profile<\/td>\n<\/tr>\n<tr>\n<td>H.264+<\/td>\n<td>Main stream supports<\/td>\n<\/tr>\n<tr>\n<td>H.265 tipas<\/td>\n<td>Main Profile<\/td>\n<\/tr>\n<tr>\n<td>H.265+<\/td>\n<td>Main stream supports<\/td>\n<\/tr>\n<tr>\n<td>Vaizdo sparta<\/td>\n<td>32 Kbps to 8 Mbps<\/td>\n<\/tr>\n<tr>\n<td>Maks. rai\u0161ka<\/td>\n<td>2560 \u00d7 1440<\/td>\n<\/tr>\n<tr>\n<td>Kadrai per sek.<\/td>\n<td>50Hz: 20fps (2560 \u00d7 1440), 25fps (2304 \u00d7 1296, 1920 \u00d7 1080, 1280 \u00d7 720)<\/p>\n<p>60Hz: 20fps (2560 \u00d7 1440), 30fps (2304 \u00d7 1296, 1920 \u00d7 1080, 1280 \u00d7 720)<\/td>\n<\/tr>\n<tr>\n<td>Antrinis srautas<\/td>\n<td>50Hz: 25fps (640 \u00d7 480, 640 \u00d7 360, 320 \u00d7 240)<\/p>\n<p>60Hz: 30fps (640 \u00d7 480, 640 \u00d7 360, 320 \u00d7 240)<\/td>\n<\/tr>\n<tr>\n<td>Vaizdo nustatymai<\/td>\n<td>Saturation, brightness, contrast, sharpness, AGC, white balance adjustable by client software or web browser<\/td>\n<\/tr>\n<tr>\n<td>Dienos\/nakties perjungimas<\/td>\n<td>Auto, scheduled<\/td>\n<\/tr>\n<tr>\n<td>Tinklinis talpinimas<\/td>\n<td>NAS (NFS, SMB\/CIFS)<\/td>\n<\/tr>\n<tr>\n<td>Pavojaus signalo suk\u0117limas<\/td>\n<td>Motion detection, video tampering alarm, illegal login<\/td>\n<\/tr>\n<tr>\n<td>Protokolai<\/td>\n<td>TCP\/IP, ICMP, HTTP, HTTPS, FTP, DHCP, DNS, DDNS, RTP, RTSP, RTCP, PPPoE, NTP, UPnP, SMTP, SNMP, IGMP, 802.1X, QoS, IPv6, UDP, Bonjour<\/td>\n<\/tr>\n<tr>\n<td>Pagrindin\u0117s funkcijos<\/td>\n<td>One-key reset, anti-flicker, heartbeat, mirror, password protection, privacy mask, watermark, IP address filter<\/td>\n<\/tr>\n<tr>\n<td>Ry\u0161io s\u0105saja<\/td>\n<td>1 RJ45 10M\/100M self-adaptive Ethernet port<\/td>\n<\/tr>\n<tr>\n<td>Reset mygtukas<\/td>\n<td>Yes<\/td>\n<\/tr>\n<tr>\n<td>Veikimo s\u0105lygos<\/td>\n<td>-30 \u00b0C to 50 \u00b0C (-22 \u00b0F to 122 \u00b0F), humidity: 95% or less (non-condensing)<\/td>\n<\/tr>\n<tr>\n<td>Maitinimas<\/td>\n<td>12 VDC \u00b1 25%, 5.5 mm coaxial power plug PoE (802.3af, class 3)<\/td>\n<\/tr>\n<tr>\n<td>Energijos suvartojimas<\/td>\n<td>12 VDC, 0.4 A, Max: 5 W PoE: (802.3af, 36 V to 57 V), 0.2 A to 0.13 A, Max: 7 W<\/td>\n<\/tr>\n<tr>\n<td>IP apsaugos klas\u0117<\/td>\n<td>IP67<\/td>\n<\/tr>\n<tr>\n<td>IR ap\u0161vietimas<\/td>\n<td>Up to 30 m<\/td>\n<\/tr>\n<tr>\n<td>Sm\u016bgio apsauga<\/td>\n<td>IK10<\/td>\n<\/tr>\n<tr>\n<td>I\u0161matavimai<\/td>\n<td>Camera: \u00d8 111 mm \u00d7 82.4 mm ( 4.4&#8243; \u00d7 3.2&#8243;)<\/p>\n<p>With package: 134 mm \u00d7 134 mm \u00d7 108 mm (5.3&#8243; \u00d7 5.3&#8243; \u00d7 4.3&#8243;)<\/td>\n<\/tr>\n<tr>\n<td>Svoris<\/td>\n<td>Camera: approx. 410 g (0.9 lb.)<\/p>\n<p>With package: approx. 610 g (1.3 lb.)<\/td>\n<\/tr>\n<\/tbody>\n<\/table>\n","protected":false},"excerpt":{"rendered":"<ul>\n<li>4MP (MegaPixel) juoda dome IP kamera<\/li>\n<li>PoE<\/li>\n<li>H.265+, H.265, H.264+, H.264<\/li>\n<li>2.8mm objektyvas<\/li>\n<li>Iki 30m IR ap\u0161vietimas<\/li>\n<li>IP67<\/li>\n<li>IK10<\/li>\n<\/ul>\n","protected":false},"featured_media":27507,"comment_status":"closed","ping_status":"closed","template":"","meta":[],"product_brand":[],"product_cat":[534,533,535],"product_tag":[],"class_list":{"0":"post-18372","1":"product","2":"type-product","3":"status-publish","4":"has-post-thumbnail","6":"product_cat-ip-kameros","7":"product_cat-ip-vaizdo-stebejimo-sistemos","8":"product_cat-ip-kupolines-kameros","10":"first","11":"onbackorder","12":"purchasable","13":"product-type-simple"},"yoast_head":"<!-- This site is optimized with the Yoast SEO Premium plugin v21.5 (Yoast SEO v27.3) - https:\/\/yoast.com\/product\/yoast-seo-premium-wordpress\/ -->\n<title>Hikvision dome DS-2CD1143G0-I F2.8 (juoda)<\/title>\n<meta name=\"description\" content=\"Hikvision dome DS-2CD1143G0-I F2.8 IP kamera ; Iki 30m IR ap\u0161vietimas ; 2.8mm objektyvas ; IP67 ; Rai\u0161ka - 4MP ; Spalva - juoda\" \/>\n<meta name=\"robots\" content=\"index, follow, max-snippet:-1, max-image-preview:large, max-video-preview:-1\" \/>\n<link rel=\"canonical\" href=\"https:\/\/eheating.lt\/produktas\/hikvision-dome-ds-2cd1143g0-i-f2-8-juoda\/\" \/>\n<meta property=\"og:locale\" content=\"en_US\" \/>\n<meta property=\"og:type\" content=\"article\" \/>\n<meta property=\"og:title\" content=\"Hikvision dome DS-2CD1143G0-I F2.8 (juoda)\" \/>\n<meta property=\"og:description\" content=\"Hikvision dome DS-2CD1143G0-I F2.8 IP kamera ; Iki 30m IR ap\u0161vietimas ; 2.8mm objektyvas ; IP67 ; Rai\u0161ka - 4MP ; Spalva - juoda\" \/>\n<meta property=\"og:url\" content=\"https:\/\/eheating.lt\/produktas\/hikvision-dome-ds-2cd1143g0-i-f2-8-juoda\/\" \/>\n<meta property=\"og:site_name\" content=\"Elektronika Namams\" \/>\n<meta property=\"article:publisher\" content=\"https:\/\/www.facebook.com\/ElektronikaNamams\" \/>\n<meta property=\"article:modified_time\" content=\"2024-10-18T14:08:57+00:00\" \/>\n<meta property=\"og:image\" content=\"https:\/\/eheating.lt\/wp-content\/uploads\/2023\/10\/Hikvision-dome-DS-2CD1143G0-I-F2.8-juoda.png\" \/>\n\t<meta property=\"og:image:width\" content=\"800\" \/>\n\t<meta property=\"og:image:height\" content=\"800\" \/>\n\t<meta property=\"og:image:type\" content=\"image\/png\" \/>\n<meta name=\"twitter:card\" content=\"summary_large_image\" \/>\n<meta name=\"twitter:label1\" content=\"Price\" \/>\n\t<meta name=\"twitter:data1\" content=\"161,39&nbsp;&euro;\" \/>\n\t<meta name=\"twitter:label2\" content=\"Availability\" \/>\n\t<meta name=\"twitter:data2\" content=\"On backorder\" \/>\n<script type=\"application\/ld+json\" class=\"yoast-schema-graph\">{\"@context\":\"https:\\\/\\\/schema.org\",\"@graph\":[{\"@type\":\"WebPage\",\"@id\":\"https:\\\/\\\/eheating.lt\\\/produktas\\\/hikvision-dome-ds-2cd1143g0-i-f2-8-juoda\\\/\",\"url\":\"https:\\\/\\\/eheating.lt\\\/produktas\\\/hikvision-dome-ds-2cd1143g0-i-f2-8-juoda\\\/\",\"name\":\"Hikvision dome DS-2CD1143G0-I F2.8 (juoda)\",\"isPartOf\":{\"@id\":\"https:\\\/\\\/eheating.lt\\\/#website\"},\"primaryImageOfPage\":{\"@id\":\"https:\\\/\\\/eheating.lt\\\/produktas\\\/hikvision-dome-ds-2cd1143g0-i-f2-8-juoda\\\/#primaryimage\"},\"image\":{\"@id\":\"https:\\\/\\\/eheating.lt\\\/produktas\\\/hikvision-dome-ds-2cd1143g0-i-f2-8-juoda\\\/#primaryimage\"},\"thumbnailUrl\":\"https:\\\/\\\/eheating.lt\\\/wp-content\\\/uploads\\\/2023\\\/10\\\/Hikvision-dome-DS-2CD1143G0-I-F2.8-juoda.png\",\"datePublished\":\"2023-11-13T19:13:45+00:00\",\"dateModified\":\"2024-10-18T14:08:57+00:00\",\"description\":\"Hikvision dome DS-2CD1143G0-I F2.8 IP kamera ; Iki 30m IR ap\u0161vietimas ; 2.8mm objektyvas ; IP67 ; Rai\u0161ka - 4MP ; Spalva - juoda\",\"breadcrumb\":{\"@id\":\"https:\\\/\\\/eheating.lt\\\/produktas\\\/hikvision-dome-ds-2cd1143g0-i-f2-8-juoda\\\/#breadcrumb\"},\"inLanguage\":\"en-US\",\"potentialAction\":[{\"@type\":\"ReadAction\",\"target\":[\"https:\\\/\\\/eheating.lt\\\/produktas\\\/hikvision-dome-ds-2cd1143g0-i-f2-8-juoda\\\/\"]}]},{\"@type\":\"ImageObject\",\"inLanguage\":\"en-US\",\"@id\":\"https:\\\/\\\/eheating.lt\\\/produktas\\\/hikvision-dome-ds-2cd1143g0-i-f2-8-juoda\\\/#primaryimage\",\"url\":\"https:\\\/\\\/eheating.lt\\\/wp-content\\\/uploads\\\/2023\\\/10\\\/Hikvision-dome-DS-2CD1143G0-I-F2.8-juoda.png\",\"contentUrl\":\"https:\\\/\\\/eheating.lt\\\/wp-content\\\/uploads\\\/2023\\\/10\\\/Hikvision-dome-DS-2CD1143G0-I-F2.8-juoda.png\",\"width\":800,\"height\":800,\"caption\":\"Hikvision dome DS-2CD1143G0-I F2.8 (juoda)\"},{\"@type\":\"BreadcrumbList\",\"@id\":\"https:\\\/\\\/eheating.lt\\\/produktas\\\/hikvision-dome-ds-2cd1143g0-i-f2-8-juoda\\\/#breadcrumb\",\"itemListElement\":[{\"@type\":\"ListItem\",\"position\":1,\"name\":\"Prad\u017eia\",\"item\":\"https:\\\/\\\/eheating.lt\\\/en\\\/\"},{\"@type\":\"ListItem\",\"position\":2,\"name\":\"Shop\",\"item\":\"https:\\\/\\\/eheating.lt\\\/en\\\/?page_id=5734\"},{\"@type\":\"ListItem\",\"position\":3,\"name\":\"Hikvision dome DS-2CD1143G0-I F2.8 (juoda)\"}]},{\"@type\":\"WebSite\",\"@id\":\"https:\\\/\\\/eheating.lt\\\/#website\",\"url\":\"https:\\\/\\\/eheating.lt\\\/\",\"name\":\"eHeating\",\"description\":\"Elektronika ir \u0161ildymas\",\"potentialAction\":[{\"@type\":\"SearchAction\",\"target\":{\"@type\":\"EntryPoint\",\"urlTemplate\":\"https:\\\/\\\/eheating.lt\\\/?s={search_term_string}\"},\"query-input\":{\"@type\":\"PropertyValueSpecification\",\"valueRequired\":true,\"valueName\":\"search_term_string\"}}],\"inLanguage\":\"en-US\"}]}<\/script>\n<meta property=\"product:price:amount\" content=\"161.39\" \/>\n<meta property=\"product:price:currency\" content=\"EUR\" \/>\n<meta property=\"og:availability\" content=\"backorder\" \/>\n<meta property=\"product:availability\" content=\"available for order\" \/>\n<meta property=\"product:retailer_item_id\" content=\"476e297eea28\" \/>\n<meta property=\"product:condition\" content=\"new\" \/>\n<!-- \/ Yoast SEO Premium plugin. -->","yoast_head_json":{"title":"Hikvision dome DS-2CD1143G0-I F2.8 (juoda)","description":"Hikvision dome DS-2CD1143G0-I F2.8 IP kamera ; Iki 30m IR ap\u0161vietimas ; 2.8mm objektyvas ; IP67 ; Rai\u0161ka - 4MP ; Spalva - juoda","robots":{"index":"index","follow":"follow","max-snippet":"max-snippet:-1","max-image-preview":"max-image-preview:large","max-video-preview":"max-video-preview:-1"},"canonical":"https:\/\/eheating.lt\/produktas\/hikvision-dome-ds-2cd1143g0-i-f2-8-juoda\/","og_locale":"en_US","og_type":"article","og_title":"Hikvision dome DS-2CD1143G0-I F2.8 (juoda)","og_description":"Hikvision dome DS-2CD1143G0-I F2.8 IP kamera ; Iki 30m IR ap\u0161vietimas ; 2.8mm objektyvas ; IP67 ; Rai\u0161ka - 4MP ; Spalva - juoda","og_url":"https:\/\/eheating.lt\/produktas\/hikvision-dome-ds-2cd1143g0-i-f2-8-juoda\/","og_site_name":"Elektronika Namams","article_publisher":"https:\/\/www.facebook.com\/ElektronikaNamams","article_modified_time":"2024-10-18T14:08:57+00:00","og_image":[{"width":800,"height":800,"url":"https:\/\/eheating.lt\/wp-content\/uploads\/2023\/10\/Hikvision-dome-DS-2CD1143G0-I-F2.8-juoda.png","type":"image\/png"}],"twitter_card":"summary_large_image","twitter_misc":{"Price":"161,39&nbsp;&euro;","Availability":"On backorder"},"schema":{"@context":"https:\/\/schema.org","@graph":[{"@type":"WebPage","@id":"https:\/\/eheating.lt\/produktas\/hikvision-dome-ds-2cd1143g0-i-f2-8-juoda\/","url":"https:\/\/eheating.lt\/produktas\/hikvision-dome-ds-2cd1143g0-i-f2-8-juoda\/","name":"Hikvision dome DS-2CD1143G0-I F2.8 (juoda)","isPartOf":{"@id":"https:\/\/eheating.lt\/#website"},"primaryImageOfPage":{"@id":"https:\/\/eheating.lt\/produktas\/hikvision-dome-ds-2cd1143g0-i-f2-8-juoda\/#primaryimage"},"image":{"@id":"https:\/\/eheating.lt\/produktas\/hikvision-dome-ds-2cd1143g0-i-f2-8-juoda\/#primaryimage"},"thumbnailUrl":"https:\/\/eheating.lt\/wp-content\/uploads\/2023\/10\/Hikvision-dome-DS-2CD1143G0-I-F2.8-juoda.png","datePublished":"2023-11-13T19:13:45+00:00","dateModified":"2024-10-18T14:08:57+00:00","description":"Hikvision dome DS-2CD1143G0-I F2.8 IP kamera ; Iki 30m IR ap\u0161vietimas ; 2.8mm objektyvas ; IP67 ; Rai\u0161ka - 4MP ; Spalva - juoda","breadcrumb":{"@id":"https:\/\/eheating.lt\/produktas\/hikvision-dome-ds-2cd1143g0-i-f2-8-juoda\/#breadcrumb"},"inLanguage":"en-US","potentialAction":[{"@type":"ReadAction","target":["https:\/\/eheating.lt\/produktas\/hikvision-dome-ds-2cd1143g0-i-f2-8-juoda\/"]}]},{"@type":"ImageObject","inLanguage":"en-US","@id":"https:\/\/eheating.lt\/produktas\/hikvision-dome-ds-2cd1143g0-i-f2-8-juoda\/#primaryimage","url":"https:\/\/eheating.lt\/wp-content\/uploads\/2023\/10\/Hikvision-dome-DS-2CD1143G0-I-F2.8-juoda.png","contentUrl":"https:\/\/eheating.lt\/wp-content\/uploads\/2023\/10\/Hikvision-dome-DS-2CD1143G0-I-F2.8-juoda.png","width":800,"height":800,"caption":"Hikvision dome DS-2CD1143G0-I F2.8 (juoda)"},{"@type":"BreadcrumbList","@id":"https:\/\/eheating.lt\/produktas\/hikvision-dome-ds-2cd1143g0-i-f2-8-juoda\/#breadcrumb","itemListElement":[{"@type":"ListItem","position":1,"name":"Prad\u017eia","item":"https:\/\/eheating.lt\/en\/"},{"@type":"ListItem","position":2,"name":"Shop","item":"https:\/\/eheating.lt\/en\/?page_id=5734"},{"@type":"ListItem","position":3,"name":"Hikvision dome DS-2CD1143G0-I F2.8 (juoda)"}]},{"@type":"WebSite","@id":"https:\/\/eheating.lt\/#website","url":"https:\/\/eheating.lt\/","name":"eHeating","description":"Elektronika ir \u0161ildymas","potentialAction":[{"@type":"SearchAction","target":{"@type":"EntryPoint","urlTemplate":"https:\/\/eheating.lt\/?s={search_term_string}"},"query-input":{"@type":"PropertyValueSpecification","valueRequired":true,"valueName":"search_term_string"}}],"inLanguage":"en-US"}]},"product_price_amount":"161.39","product_price_currency":"EUR","og_availability":"backorder","product_availability":"available for order","product_retailer_item_id":"476e297eea28","product_condition":"new"},"_links":{"self":[{"href":"https:\/\/eheating.lt\/en\/wp-json\/wp\/v2\/product\/18372","targetHints":{"allow":["GET"]}}],"collection":[{"href":"https:\/\/eheating.lt\/en\/wp-json\/wp\/v2\/product"}],"about":[{"href":"https:\/\/eheating.lt\/en\/wp-json\/wp\/v2\/types\/product"}],"replies":[{"embeddable":true,"href":"https:\/\/eheating.lt\/en\/wp-json\/wp\/v2\/comments?post=18372"}],"version-history":[{"count":0,"href":"https:\/\/eheating.lt\/en\/wp-json\/wp\/v2\/product\/18372\/revisions"}],"wp:featuredmedia":[{"embeddable":true,"href":"https:\/\/eheating.lt\/en\/wp-json\/wp\/v2\/media\/27507"}],"wp:attachment":[{"href":"https:\/\/eheating.lt\/en\/wp-json\/wp\/v2\/media?parent=18372"}],"wp:term":[{"taxonomy":"product_brand","embeddable":true,"href":"https:\/\/eheating.lt\/en\/wp-json\/wp\/v2\/product_brand?post=18372"},{"taxonomy":"product_cat","embeddable":true,"href":"https:\/\/eheating.lt\/en\/wp-json\/wp\/v2\/product_cat?post=18372"},{"taxonomy":"product_tag","embeddable":true,"href":"https:\/\/eheating.lt\/en\/wp-json\/wp\/v2\/product_tag?post=18372"}],"curies":[{"name":"wp","href":"https:\/\/api.w.org\/{rel}","templated":true}]}}