{"id":18364,"date":"2023-11-13T21:25:35","date_gmt":"2023-11-13T19:25:35","guid":{"rendered":"https:\/\/eheating.lt\/?post_type=product&#038;p=18364"},"modified":"2024-10-18T17:08:47","modified_gmt":"2024-10-18T14:08:47","slug":"hikvision-bullet-ds-2cd5a46g0-izs-f2-8-12","status":"publish","type":"product","link":"https:\/\/eheating.lt\/en\/produktas\/hikvision-bullet-ds-2cd5a46g0-izs-f2-8-12\/","title":{"rendered":"Hikvision bullet DS-2CD5A46G0-IZS F2.8-12"},"content":{"rendered":"<table border=\"0\">\n<colgroup>\n<col \/>\n<col \/> <\/colgroup>\n<tbody>\n<tr>\n<td>Vaizdo jutiklis<\/td>\n<td>1\/1.8\u02ba Progressive Scan CMOS<\/td>\n<\/tr>\n<tr>\n<td>Minimalus ap\u0161vietimas<\/td>\n<td>Spalvotai: 0.002 Lux @ (F1.2, AGC \u012fjungtas), 0.005 Lux @ (F1.8, AGC \u012fjungtas), 0 Lux su \u012fjungtu IR<\/td>\n<\/tr>\n<tr>\n<td>Diafragmos u\u017erakto greitis<\/td>\n<td>1 s to 1\/100,000 s<\/td>\n<\/tr>\n<tr>\n<td>L\u0117tas u\u017eraktas<\/td>\n<td>Taip<\/td>\n<\/tr>\n<tr>\n<td>Platus dinaminis diapazonas (WDR)<\/td>\n<td>140 dB<\/td>\n<\/tr>\n<tr>\n<td>Diena \/ naktis<\/td>\n<td>ICR<\/td>\n<\/tr>\n<tr>\n<td>Pasukim\u0173 reguliavimas<\/td>\n<td>Pakreipimas: nuo 0\u00b0 iki 355\u00b0, pak\u0117limas: nuo 0\u00b0 iki 90\u00b0, pasukimas: nuo 0\u00b0 iki 360\u00b0<\/td>\n<\/tr>\n<tr>\n<td>Objektyvas<\/td>\n<td>Motorizuotas nuo 2.8 mm iki 12 mm<\/td>\n<\/tr>\n<tr>\n<td>Diafragma<\/td>\n<td>Nuo F1.4 iki F2.5<\/td>\n<\/tr>\n<tr>\n<td>Fokusavimas<\/td>\n<td>Automatinis, pusiau automatinis, rankinis<\/td>\n<\/tr>\n<tr>\n<td>Automatin\u0117 rainel\u0117<\/td>\n<td>P-iris<\/td>\n<\/tr>\n<tr>\n<td>Matymo kampas<\/td>\n<td>Horizontalus nuo 109.2\u00b0 iki 38.9\u00b0, vertikalus nuo 56.2\u00b0 iki 21.9\u00b0, \u012fstri\u017eas nuo 134.5\u00b0 iki 45\u00b0<\/td>\n<\/tr>\n<tr>\n<td>Objektyvo tvirtinimas<\/td>\n<td>\u012emontuotas<\/td>\n<\/tr>\n<tr>\n<td>IR pa\u0161vietimas<\/td>\n<td>Iki 50 m<\/td>\n<\/tr>\n<tr>\n<td>Bangos ilgis<\/td>\n<td>850 nm<\/td>\n<\/tr>\n<tr>\n<td>Maksimali rai\u0161ka<\/td>\n<td>2560 \u00d7 1440<\/td>\n<\/tr>\n<tr>\n<td>Vaizdo srautas<\/td>\n<td>5 apibr\u0117\u017eti srautai ir iki 5 pasirinktin\u0173 sraut\u0173<\/td>\n<\/tr>\n<tr>\n<td>Pagrindinis srautas<\/td>\n<td>50Hz: 25kps (2560 \u00d7 1440, 1920 \u00d7 1080, 1280 \u00d7 720)<br \/>\n60Hz: 30kps (2560 \u00d7 1440, 1920 \u00d7 1080, 1280 \u00d7 720)<\/td>\n<\/tr>\n<tr>\n<td>Antrinis srautas<\/td>\n<td>50Hz: 25kps (704 \u00d7 576, 640 \u00d7 480)<br \/>\n60Hz: 30kps (704 \u00d7 480, 640 \u00d7 480)<\/td>\n<\/tr>\n<tr>\n<td>Tretinis starutas<\/td>\n<td>50Hz: 25kps (1920 \u00d7 1080, 1280 \u00d7 720, 704 \u00d7 576, 640 \u00d7 480)<br \/>\n60Hz: 30kps (1920 \u00d7 1080, 1280 \u00d7 720, 704 \u00d7 480, 640 \u00d7 480)<\/td>\n<\/tr>\n<tr>\n<td>Ketvirtas srautas<\/td>\n<td>50Hz: 25kps (1920 \u00d7 1080, 1280 \u00d7 720, 704 \u00d7 576, 640 \u00d7 480)<br \/>\n60Hz: 30kps (1920 \u00d7 1080, 1280 \u00d7 720, 704 \u00d7 480, 640 \u00d7 480)<\/td>\n<\/tr>\n<tr>\n<td>Penktas srautas<\/td>\n<td>50Hz: 25kps (704 \u00d7 576, 640 \u00d7 480)<br \/>\n60Hz: 30kps (704 \u00d7 480, 640 \u00d7 480)<\/td>\n<\/tr>\n<tr>\n<td>Pasirenkamas srautas<\/td>\n<td>50Hz: 25kps (1920 \u00d7 1080, 1280 \u00d7 720, 704 \u00d7 576, 640 \u00d7 480)<br \/>\n60Hz: 30kps (1920 \u00d7 1080, 1280 \u00d7 720, 704 \u00d7 480, 640 \u00d7 480)<\/td>\n<\/tr>\n<tr>\n<td>Video suspaudimas<\/td>\n<td>Pagrindinis srautas: H.265+\/H.265\/H.264+\/H.264<br \/>\nAntrinis\/tre\u010dias\/ketvirtas\/penktas\/pasirenkas srautas: H.265\/H.264\/MJPEG<\/td>\n<\/tr>\n<tr>\n<td>Video perdavimo sparta<\/td>\n<td>32 Kbps iki 16 Mbps<\/td>\n<\/tr>\n<tr>\n<td>H.264 Type<\/td>\n<td>Pradinis profilis \/ Pagrindinis profilis \/ Svarbiausias profilis<\/td>\n<\/tr>\n<tr>\n<td>H.265 Type<\/td>\n<td>Pagrindinis profilis<\/td>\n<\/tr>\n<tr>\n<td>H.264+<\/td>\n<td>Pagrindinio srauto palaikymas<\/td>\n<\/tr>\n<tr>\n<td>H.265+<\/td>\n<td>Pagrindinio srauto palaikymas<\/td>\n<\/tr>\n<tr>\n<td>Kei\u010diamo dyd\u017eio vaizdo kodavimo (SVC)<\/td>\n<td>Taip<\/td>\n<\/tr>\n<tr>\n<td>I\u0161man\u016bs \u012fvykiai<\/td>\n<td>Linij\u0173 kirtimo aptikimas, iki 4 konfig\u016bruojam\u0173 linij\u0173 \u012fsibrovimo aptikimui, iki 4 konfig\u016bruojam\u0173 sri\u010di\u0173, \u012f\u0117jimo \u012f srit\u012f aptikimui, iki 4 konfig\u016bruojam\u0173 sri\u010di\u0173, i\u0161\u0117jimo i\u0161 srities aptikimui, iki 4 konfig\u016bruojam\u0173 sri\u010di\u0173, palikto baga\u017eo aptikimui, iki 4 konfig\u016bruojam\u0173 sri\u010di\u0173, objekt\u0173 dingimo aptikimui, iki 4 konfig\u016bruojam\u0173 sri\u010di\u0173, veido aptikimui: aptinka veidus ir \u012fkelia vaizdus. Scenos poky\u010di\u0173 aptikimas, defokuso aptikimas.<\/td>\n<\/tr>\n<tr>\n<td>Pagrindiniai \u012fvykiai<\/td>\n<td>Judesio aptikimas, vaizdo sugadinimo aliarmas, i\u0161imtis (tinklas atjungtas, IP adreso konfliktas, neteis\u0117tas prisijungimas, visas HDD, HDD klaida), scenos poky\u010di\u0173 aptikimas<\/td>\n<\/tr>\n<tr>\n<td>Statistika<\/td>\n<td>Skai\u010diavimas<\/td>\n<\/tr>\n<tr>\n<td>Ry\u0161io metodas<\/td>\n<td>\u012ek\u0117limas \u012f NAS \/ atminties kortel\u0119, prane\u0161imas \u012f steb\u0117jimo centr\u0105, \u012fra\u0161o suaktyvinimas, lemput\u0117s \u012fjungimas, garsinis \u012fsp\u0117jimas<\/td>\n<\/tr>\n<tr>\n<td>Interes\u0173 sritis (ROI)<\/td>\n<td>Pagrindinis srautas \/ antrinis srautas \/ tre\u010dias srautas \/ ketvirtas srautas \/ penktas srautas: 4 fiksuoti regionai ir dinami\u0161kas veido steb\u0117jimas kiekvienam srautui<\/td>\n<\/tr>\n<tr>\n<td>Vaizdo gerinimas<\/td>\n<td>BLC, HLC, 3D DNR, antir\u016bkas, EIS, i\u0161kraipym\u0173 korekcija<\/td>\n<\/tr>\n<tr>\n<td>Vaizdo nustatymai<\/td>\n<td>Pasukimo re\u017eimas, sodrumas, ry\u0161kumas, kontrastas, ry\u0161kumas, AGC ir baltos spalvos balansas yra reguliuojami naudojant programin\u0119 \u012frang\u0105 ar interneto nar\u0161ykl\u0119<\/td>\n<\/tr>\n<tr>\n<td>Tikslinis apkarpymas<\/td>\n<td>Taip<\/td>\n<\/tr>\n<tr>\n<td>Dienos \/ nakties perjungimas<\/td>\n<td>Diena, naktis, automatinis, pagal tvarkara\u0161t\u012f<\/td>\n<\/tr>\n<tr>\n<td>Paveikslo perdanga<\/td>\n<td>Ant vaizdo \u012fra\u0161o galima u\u017ed\u0117ti 128 x 128, 24 bit\u0173 bmp formato logotip\u0105<\/td>\n<\/tr>\n<tr>\n<td>SNR<\/td>\n<td>\u226552dB<\/td>\n<\/tr>\n<tr>\n<td>Tinklinis talpinimas<\/td>\n<td>microSD \/ SDHC \/ SDXC kortel\u0117 (256 GB) vietin\u0117 saugykla ir NAS (NFS, SMB \/ CIFS), automatinis tinklo papildymas (ANR)<\/td>\n<\/tr>\n<tr>\n<td>Protokolai<\/td>\n<td>TCP\/IP, ICMP, HTTP, HTTPS, FTP, SFTP, DHCP, DNS, DDNS, RTP, RTSP, RTCP, PPPoE,<br \/>\nNTP, UPnP, SMTP, SNMP, IGMP, 802.1X, QoS, IPv6, UDP, Bonjour, SSL\/TLS<\/td>\n<\/tr>\n<tr>\n<td>API<\/td>\n<td>ONVIF(PROFILE S, PROFILE G, PROFILE T), ISAPI, SDK<\/td>\n<\/tr>\n<tr>\n<td>Sklandus transliavimas<\/td>\n<td>Taip<\/td>\n<\/tr>\n<tr>\n<td>Apsauga<\/td>\n<td>Slapta\u017eod\u017eio apsauga, sud\u0117tingas slapta\u017eodis, HTTPS \u0161ifravimas, 802.1X autentifikavimas (EAP-TLS, EAP-LEAP, EAP-MD5), vandens \u017eenklas, IP adres\u0173 filtras, pagrindin\u0117 ir suvestin\u0117 autentifikacija HTTP \/ HTTPS, WSSE ir suvestin\u0117s autentifikavimas ONVIF, RTP \/ RTSP per HTTPS, valdymo laiko nustatymai, saugos audito \u017eurnalas, TLS 1.2, TLS1.0, TLS1.1<\/td>\n<\/tr>\n<tr>\n<td>Vienalaikis tiesioginis steb\u0117jimas<\/td>\n<td>Iki 20 kanal\u0173<\/td>\n<\/tr>\n<tr>\n<td>Vartotojai<\/td>\n<td>Iki 32 vartotoj\u0173. 3 vartotoj\u0173 lygiai: administratorius, operatorius ir vartotojas<\/td>\n<\/tr>\n<tr>\n<td>Programos<\/td>\n<td>iVMS-4200, Hik-Connect, Hik-Central<\/td>\n<\/tr>\n<tr>\n<td>Interneto nar\u0161ykl\u0117<\/td>\n<td>Gyvai per\u017ei\u016brai reikalingas \u012fskiepis:\u201e IE8 + \u201c,\u201e Chrome 41.0\u201344 \u201c,\u201e Firefox \u201c30.0\u201351,\u201e Safari 8.0\u201311<\/td>\n<\/tr>\n<tr>\n<td>Ry\u0161io s\u0105saja<\/td>\n<td>1 RJ45 10M \/ 100M \/ 1000M eterneto prievadas<\/td>\n<\/tr>\n<tr>\n<td>Aliarmas<\/td>\n<td>2 i\u0117jimai, 2 i\u0161\u0117jimai (maks. 24 VDC\/VAC, 1)<\/td>\n<\/tr>\n<tr>\n<td>Video i\u0161\u0117jimas<\/td>\n<td>1 Vp-p sud\u0117tin\u0117 i\u0161vestis (75 \u03a9 \/ CVBS), tik reguliavimui<\/td>\n<\/tr>\n<tr>\n<td>S\u0105sajos stilius<\/td>\n<td>Jungties skydelis<\/td>\n<\/tr>\n<tr>\n<td>Vidin\u0117 atmintis<\/td>\n<td>Integruotas \u201emicro SD \/ SDHC \/ SDXC\u201c lizdas, iki 256 GB<\/td>\n<\/tr>\n<tr>\n<td>Programin\u0117s \u012frangos versija<\/td>\n<td>5.6.0<\/td>\n<\/tr>\n<tr>\n<td>Programos kalbos<\/td>\n<td>32 kalbos<br \/>\nAngl\u0173, rus\u0173, est\u0173, bulgar\u0173, vengr\u0173, graik\u0173, vokie\u010di\u0173, ital\u0173, \u010dek\u0173, slovak\u0173, pranc\u016bz\u0173, lenk\u0173, oland\u0173, portugal\u0173, ispan\u0173, rumun\u0173, dan\u0173, \u0161ved\u0173, norveg\u0173, suomi\u0173, kroat\u0173, slov\u0117n\u0173, serb\u0173, turk\u0173, kor\u0117jie\u010di\u0173, Tradicin\u0117 kin\u0173, tailandie\u010di\u0173, vietnamie\u010di\u0173, japon\u0173, latvi\u0173, lietuvi\u0173, portugal\u0173 (Brazilija)<\/td>\n<\/tr>\n<tr>\n<td>\u012ed\u0117ta atvira platforma<\/td>\n<td>Taip. Kamera palaiko diegim\u0105 ir veikia iki 4 papildom\u0173 program\u0173.<\/td>\n<\/tr>\n<tr>\n<td>Bendrosios funkcijos<\/td>\n<td>Apsauga nuo mirks\u0117jimo, veidrodis, privatumo maskavimas, \u201eFlash\u201c \u017eurnalas, slapta\u017eod\u017eio nustatymas i\u0161 naujo el. pa\u0161tu, pikseli\u0173 skaitiklis<\/td>\n<\/tr>\n<tr>\n<td>Perkrovimas<\/td>\n<td>Atstatyti naudojant mygtuk\u0105 ant korpuso, interneto nar\u0161ykl\u0119 ir kliento programin\u0119 \u012frang\u0105<\/td>\n<\/tr>\n<tr>\n<td>Paleidimo ir eksploatavimo s\u0105lygos<\/td>\n<td>Nuo -30 \u00b0 C iki 65 \u00b0 C dr\u0117gnumas ne didesnis kaip 95% (nekondensuotas)<\/td>\n<\/tr>\n<tr>\n<td>Laikymo s\u0105lygos<\/td>\n<td>Nuo -30 \u00b0 C iki 65 \u00b0 C dr\u0117gnumas ne didesnis kaip 95% (nekondensuotas)<\/td>\n<\/tr>\n<tr>\n<td>Maitinimas<\/td>\n<td>12 VDC \u00b1 20%, dviej\u0173 branduoli\u0173 gnybt\u0173 blokas; apsauga nuo atvirk\u0161tinio poli\u0161kumo, PoE (802.3at, 4 klas\u0117)<\/td>\n<\/tr>\n<tr>\n<td>Energijos suvartojimas<\/td>\n<td>12 VDC, 1,08 A, maks. 13 W; \u201ePoE\u201c (802,3at, nuo 42,5 V iki 57 V), 0,31 A &#8211; 0,23 A, maks. 13 W<\/td>\n<\/tr>\n<tr>\n<td>Korpusas<\/td>\n<td>Metalas<\/td>\n<\/tr>\n<tr>\n<td>Matmenys<\/td>\n<td>\u00d8105 \u00d7 287.6 mm<\/td>\n<\/tr>\n<tr>\n<td>Svoris<\/td>\n<td>Kamera: apytiksliai 2,45 kg<br \/>\nSu pakuote: apytiksliai 2,7 kg<\/td>\n<\/tr>\n<tr>\n<td>EMC<\/td>\n<td>FCC (47 CFR Part 15, Subpart B); CE-EMC (EN 55032: 2015, EN 61000-3-2: 2014, EN<br \/>\n61000-3-3: 2013, EN 50130-4: 2011 +A1: 2014); RCM (AS\/NZS CISPR 32: 2015); IC<br \/>\n(ICES-003: Issue 6, 2016); KC (KN 32: 2015, KN 35: 2015)<\/td>\n<\/tr>\n<tr>\n<td>Saugumas<\/td>\n<td>UL (UL 60950-1); CB (IEC 60950-1:2005 + Am 1:2009 + Am 2:2013, IEC 62368-1:2014 ); CE-LVD (EN 60950-1:2005 + Am 1:2009 + Am 2:2013, IEC 62368-1:2014 ); BIS (IS 13252(Part 1):2010+A1:2013+A2:2015); LOA (IEC\/EN 60950-1)<\/td>\n<\/tr>\n<tr>\n<td>Chemin\u0117s savyb\u0117s<\/td>\n<td>2011\/65 \/ ES, 2012\/19 \/ ES, Reglamentas (EB) Nr. 1907\/2006<\/td>\n<\/tr>\n<tr>\n<td>Apsauga<\/td>\n<td>Apsauga nuo \u012fbr\u0117\u017eim\u0173: IK10 (IEC 62262: 2002), IP67 (IEC 60529-2013)<\/td>\n<\/tr>\n<\/tbody>\n<\/table>\n","protected":false},"excerpt":{"rendered":"<ul>\n<li>4MP IP bullet kamera<\/li>\n<li>\u201eDarkFighter\u201c technologija<\/li>\n<li>6 elgesio analiz\u0117s, 2 i\u0161im\u010di\u0173 nustatymai ir veid\u0173 aptikimas<\/li>\n<li>5 srautai ir iki 5 pasirinktini\u0173 sraut\u0173<\/li>\n<li>Objektyvas &#8211; nuo 2,8 iki 12 mm motorizuotas<\/li>\n<li>Vaizdo \u012fra\u0161\u0173 glaudinimas H.265, H.265 +, H.264, H.264 +<\/li>\n<li>Vaizdo jutiklis 1 \/ 1,8 \u201dprogresyvaus nuskaitymo CMOS<\/li>\n<li>Min. ap\u0161vietimas spalvai: 0,002 luks. (F1.2, \u012fjungta AGC)<\/li>\n<li>IR nuotolis iki 50 m<\/li>\n<li>Apsauga IK10<\/li>\n<li>Aliarminiai 2 \u012f\u0117jimai \/ 2 i\u0161\u0117jimai<\/li>\n<li>Vidin\u0117 atmintis iki 256 GB<\/li>\n<li>Darbo s\u0105lygos nuo -30 \u00b0 C iki + 65 \u00b0 C<\/li>\n<\/ul>\n","protected":false},"featured_media":27925,"comment_status":"closed","ping_status":"closed","template":"","meta":[],"product_brand":[],"product_cat":[426,534,533],"product_tag":[],"class_list":{"0":"post-18364","1":"product","2":"type-product","3":"status-publish","4":"has-post-thumbnail","6":"product_cat-ip-cilindrines-kameros","7":"product_cat-ip-kameros","8":"product_cat-ip-vaizdo-stebejimo-sistemos","10":"first","11":"onbackorder","12":"purchasable","13":"product-type-simple"},"yoast_head":"<!-- This site is optimized with the Yoast SEO Premium plugin v21.5 (Yoast SEO v27.4) - https:\/\/yoast.com\/product\/yoast-seo-premium-wordpress\/ -->\n<title>Hikvision bullet DS-2CD5A46G0-IZS F2.8-12<\/title>\n<meta name=\"description\" content=\"Hikvision bullet DS-2CD5A46G0-IZS F2.8-12 IP kamera ; Objektyvas - nuo 2,8 iki 12 mm motorizuotas ; Rai\u0161ka - 4MP ; IR nuotolis iki 50 m\" \/>\n<meta name=\"robots\" content=\"index, follow, max-snippet:-1, max-image-preview:large, max-video-preview:-1\" \/>\n<link rel=\"canonical\" href=\"https:\/\/eheating.lt\/en\/produktas\/hikvision-bullet-ds-2cd5a46g0-izs-f2-8-12\/\" \/>\n<meta property=\"og:locale\" content=\"en_US\" \/>\n<meta property=\"og:type\" content=\"article\" \/>\n<meta property=\"og:title\" content=\"Hikvision bullet DS-2CD5A46G0-IZS F2.8-12\" \/>\n<meta property=\"og:description\" content=\"Hikvision bullet DS-2CD5A46G0-IZS F2.8-12 IP kamera ; Objektyvas - nuo 2,8 iki 12 mm motorizuotas ; Rai\u0161ka - 4MP ; IR nuotolis iki 50 m\" \/>\n<meta property=\"og:url\" content=\"https:\/\/eheating.lt\/en\/produktas\/hikvision-bullet-ds-2cd5a46g0-izs-f2-8-12\/\" \/>\n<meta property=\"og:site_name\" content=\"Elektronika Namams\" \/>\n<meta property=\"article:publisher\" content=\"https:\/\/www.facebook.com\/ElektronikaNamams\" \/>\n<meta property=\"article:modified_time\" content=\"2024-10-18T14:08:47+00:00\" \/>\n<meta property=\"og:image\" content=\"https:\/\/eheating.lt\/wp-content\/uploads\/2023\/10\/Hikvision-bullet-DS-2CD5A46G0-IZS-F2.8-12.png\" \/>\n\t<meta property=\"og:image:width\" content=\"800\" \/>\n\t<meta property=\"og:image:height\" content=\"800\" \/>\n\t<meta property=\"og:image:type\" content=\"image\/png\" \/>\n<meta name=\"twitter:card\" content=\"summary_large_image\" \/>\n<meta name=\"twitter:label1\" content=\"Price\" \/>\n\t<meta name=\"twitter:data1\" content=\"1444,07&nbsp;&euro;\" \/>\n\t<meta name=\"twitter:label2\" content=\"Availability\" \/>\n\t<meta name=\"twitter:data2\" content=\"On backorder\" \/>\n<script type=\"application\/ld+json\" class=\"yoast-schema-graph\">{\"@context\":\"https:\\\/\\\/schema.org\",\"@graph\":[{\"@type\":\"WebPage\",\"@id\":\"https:\\\/\\\/eheating.lt\\\/en\\\/produktas\\\/hikvision-bullet-ds-2cd5a46g0-izs-f2-8-12\\\/\",\"url\":\"https:\\\/\\\/eheating.lt\\\/en\\\/produktas\\\/hikvision-bullet-ds-2cd5a46g0-izs-f2-8-12\\\/\",\"name\":\"Hikvision bullet DS-2CD5A46G0-IZS F2.8-12\",\"isPartOf\":{\"@id\":\"https:\\\/\\\/eheating.lt\\\/#website\"},\"primaryImageOfPage\":{\"@id\":\"https:\\\/\\\/eheating.lt\\\/en\\\/produktas\\\/hikvision-bullet-ds-2cd5a46g0-izs-f2-8-12\\\/#primaryimage\"},\"image\":{\"@id\":\"https:\\\/\\\/eheating.lt\\\/en\\\/produktas\\\/hikvision-bullet-ds-2cd5a46g0-izs-f2-8-12\\\/#primaryimage\"},\"thumbnailUrl\":\"https:\\\/\\\/eheating.lt\\\/wp-content\\\/uploads\\\/2023\\\/10\\\/Hikvision-bullet-DS-2CD5A46G0-IZS-F2.8-12.png\",\"datePublished\":\"2023-11-13T19:25:35+00:00\",\"dateModified\":\"2024-10-18T14:08:47+00:00\",\"description\":\"Hikvision bullet DS-2CD5A46G0-IZS F2.8-12 IP kamera ; Objektyvas - nuo 2,8 iki 12 mm motorizuotas ; Rai\u0161ka - 4MP ; IR nuotolis iki 50 m\",\"breadcrumb\":{\"@id\":\"https:\\\/\\\/eheating.lt\\\/en\\\/produktas\\\/hikvision-bullet-ds-2cd5a46g0-izs-f2-8-12\\\/#breadcrumb\"},\"inLanguage\":\"en-US\",\"potentialAction\":[{\"@type\":\"ReadAction\",\"target\":[\"https:\\\/\\\/eheating.lt\\\/en\\\/produktas\\\/hikvision-bullet-ds-2cd5a46g0-izs-f2-8-12\\\/\"]}]},{\"@type\":\"ImageObject\",\"inLanguage\":\"en-US\",\"@id\":\"https:\\\/\\\/eheating.lt\\\/en\\\/produktas\\\/hikvision-bullet-ds-2cd5a46g0-izs-f2-8-12\\\/#primaryimage\",\"url\":\"https:\\\/\\\/eheating.lt\\\/wp-content\\\/uploads\\\/2023\\\/10\\\/Hikvision-bullet-DS-2CD5A46G0-IZS-F2.8-12.png\",\"contentUrl\":\"https:\\\/\\\/eheating.lt\\\/wp-content\\\/uploads\\\/2023\\\/10\\\/Hikvision-bullet-DS-2CD5A46G0-IZS-F2.8-12.png\",\"width\":800,\"height\":800,\"caption\":\"Hikvision bullet DS-2CD5A46G0-IZS F2.8-12\"},{\"@type\":\"BreadcrumbList\",\"@id\":\"https:\\\/\\\/eheating.lt\\\/en\\\/produktas\\\/hikvision-bullet-ds-2cd5a46g0-izs-f2-8-12\\\/#breadcrumb\",\"itemListElement\":[{\"@type\":\"ListItem\",\"position\":1,\"name\":\"Prad\u017eia\",\"item\":\"https:\\\/\\\/eheating.lt\\\/en\\\/\"},{\"@type\":\"ListItem\",\"position\":2,\"name\":\"Shop\",\"item\":\"https:\\\/\\\/eheating.lt\\\/en\\\/?page_id=5734\"},{\"@type\":\"ListItem\",\"position\":3,\"name\":\"Hikvision bullet DS-2CD5A46G0-IZS F2.8-12\"}]},{\"@type\":\"WebSite\",\"@id\":\"https:\\\/\\\/eheating.lt\\\/#website\",\"url\":\"https:\\\/\\\/eheating.lt\\\/\",\"name\":\"eHeating\",\"description\":\"Elektronika ir \u0161ildymas\",\"potentialAction\":[{\"@type\":\"SearchAction\",\"target\":{\"@type\":\"EntryPoint\",\"urlTemplate\":\"https:\\\/\\\/eheating.lt\\\/?s={search_term_string}\"},\"query-input\":{\"@type\":\"PropertyValueSpecification\",\"valueRequired\":true,\"valueName\":\"search_term_string\"}}],\"inLanguage\":\"en-US\"}]}<\/script>\n<meta property=\"product:price:amount\" content=\"1444.07\" \/>\n<meta property=\"product:price:currency\" content=\"EUR\" \/>\n<meta property=\"og:availability\" content=\"backorder\" \/>\n<meta property=\"product:availability\" content=\"available for order\" \/>\n<meta property=\"product:retailer_item_id\" content=\"2d1d6350016b\" \/>\n<meta property=\"product:condition\" content=\"new\" \/>\n<!-- \/ Yoast SEO Premium plugin. -->","yoast_head_json":{"title":"Hikvision bullet DS-2CD5A46G0-IZS F2.8-12","description":"Hikvision bullet DS-2CD5A46G0-IZS F2.8-12 IP kamera ; Objektyvas - nuo 2,8 iki 12 mm motorizuotas ; Rai\u0161ka - 4MP ; IR nuotolis iki 50 m","robots":{"index":"index","follow":"follow","max-snippet":"max-snippet:-1","max-image-preview":"max-image-preview:large","max-video-preview":"max-video-preview:-1"},"canonical":"https:\/\/eheating.lt\/en\/produktas\/hikvision-bullet-ds-2cd5a46g0-izs-f2-8-12\/","og_locale":"en_US","og_type":"article","og_title":"Hikvision bullet DS-2CD5A46G0-IZS F2.8-12","og_description":"Hikvision bullet DS-2CD5A46G0-IZS F2.8-12 IP kamera ; Objektyvas - nuo 2,8 iki 12 mm motorizuotas ; Rai\u0161ka - 4MP ; IR nuotolis iki 50 m","og_url":"https:\/\/eheating.lt\/en\/produktas\/hikvision-bullet-ds-2cd5a46g0-izs-f2-8-12\/","og_site_name":"Elektronika Namams","article_publisher":"https:\/\/www.facebook.com\/ElektronikaNamams","article_modified_time":"2024-10-18T14:08:47+00:00","og_image":[{"width":800,"height":800,"url":"https:\/\/eheating.lt\/wp-content\/uploads\/2023\/10\/Hikvision-bullet-DS-2CD5A46G0-IZS-F2.8-12.png","type":"image\/png"}],"twitter_card":"summary_large_image","twitter_misc":{"Price":"1444,07&nbsp;&euro;","Availability":"On backorder"},"schema":{"@context":"https:\/\/schema.org","@graph":[{"@type":"WebPage","@id":"https:\/\/eheating.lt\/en\/produktas\/hikvision-bullet-ds-2cd5a46g0-izs-f2-8-12\/","url":"https:\/\/eheating.lt\/en\/produktas\/hikvision-bullet-ds-2cd5a46g0-izs-f2-8-12\/","name":"Hikvision bullet DS-2CD5A46G0-IZS F2.8-12","isPartOf":{"@id":"https:\/\/eheating.lt\/#website"},"primaryImageOfPage":{"@id":"https:\/\/eheating.lt\/en\/produktas\/hikvision-bullet-ds-2cd5a46g0-izs-f2-8-12\/#primaryimage"},"image":{"@id":"https:\/\/eheating.lt\/en\/produktas\/hikvision-bullet-ds-2cd5a46g0-izs-f2-8-12\/#primaryimage"},"thumbnailUrl":"https:\/\/eheating.lt\/wp-content\/uploads\/2023\/10\/Hikvision-bullet-DS-2CD5A46G0-IZS-F2.8-12.png","datePublished":"2023-11-13T19:25:35+00:00","dateModified":"2024-10-18T14:08:47+00:00","description":"Hikvision bullet DS-2CD5A46G0-IZS F2.8-12 IP kamera ; Objektyvas - nuo 2,8 iki 12 mm motorizuotas ; Rai\u0161ka - 4MP ; IR nuotolis iki 50 m","breadcrumb":{"@id":"https:\/\/eheating.lt\/en\/produktas\/hikvision-bullet-ds-2cd5a46g0-izs-f2-8-12\/#breadcrumb"},"inLanguage":"en-US","potentialAction":[{"@type":"ReadAction","target":["https:\/\/eheating.lt\/en\/produktas\/hikvision-bullet-ds-2cd5a46g0-izs-f2-8-12\/"]}]},{"@type":"ImageObject","inLanguage":"en-US","@id":"https:\/\/eheating.lt\/en\/produktas\/hikvision-bullet-ds-2cd5a46g0-izs-f2-8-12\/#primaryimage","url":"https:\/\/eheating.lt\/wp-content\/uploads\/2023\/10\/Hikvision-bullet-DS-2CD5A46G0-IZS-F2.8-12.png","contentUrl":"https:\/\/eheating.lt\/wp-content\/uploads\/2023\/10\/Hikvision-bullet-DS-2CD5A46G0-IZS-F2.8-12.png","width":800,"height":800,"caption":"Hikvision bullet DS-2CD5A46G0-IZS F2.8-12"},{"@type":"BreadcrumbList","@id":"https:\/\/eheating.lt\/en\/produktas\/hikvision-bullet-ds-2cd5a46g0-izs-f2-8-12\/#breadcrumb","itemListElement":[{"@type":"ListItem","position":1,"name":"Prad\u017eia","item":"https:\/\/eheating.lt\/en\/"},{"@type":"ListItem","position":2,"name":"Shop","item":"https:\/\/eheating.lt\/en\/?page_id=5734"},{"@type":"ListItem","position":3,"name":"Hikvision bullet DS-2CD5A46G0-IZS F2.8-12"}]},{"@type":"WebSite","@id":"https:\/\/eheating.lt\/#website","url":"https:\/\/eheating.lt\/","name":"eHeating","description":"Elektronika ir \u0161ildymas","potentialAction":[{"@type":"SearchAction","target":{"@type":"EntryPoint","urlTemplate":"https:\/\/eheating.lt\/?s={search_term_string}"},"query-input":{"@type":"PropertyValueSpecification","valueRequired":true,"valueName":"search_term_string"}}],"inLanguage":"en-US"}]},"product_price_amount":"1444.07","product_price_currency":"EUR","og_availability":"backorder","product_availability":"available for order","product_retailer_item_id":"2d1d6350016b","product_condition":"new"},"_links":{"self":[{"href":"https:\/\/eheating.lt\/en\/wp-json\/wp\/v2\/product\/18364","targetHints":{"allow":["GET"]}}],"collection":[{"href":"https:\/\/eheating.lt\/en\/wp-json\/wp\/v2\/product"}],"about":[{"href":"https:\/\/eheating.lt\/en\/wp-json\/wp\/v2\/types\/product"}],"replies":[{"embeddable":true,"href":"https:\/\/eheating.lt\/en\/wp-json\/wp\/v2\/comments?post=18364"}],"version-history":[{"count":0,"href":"https:\/\/eheating.lt\/en\/wp-json\/wp\/v2\/product\/18364\/revisions"}],"wp:featuredmedia":[{"embeddable":true,"href":"https:\/\/eheating.lt\/en\/wp-json\/wp\/v2\/media\/27925"}],"wp:attachment":[{"href":"https:\/\/eheating.lt\/en\/wp-json\/wp\/v2\/media?parent=18364"}],"wp:term":[{"taxonomy":"product_brand","embeddable":true,"href":"https:\/\/eheating.lt\/en\/wp-json\/wp\/v2\/product_brand?post=18364"},{"taxonomy":"product_cat","embeddable":true,"href":"https:\/\/eheating.lt\/en\/wp-json\/wp\/v2\/product_cat?post=18364"},{"taxonomy":"product_tag","embeddable":true,"href":"https:\/\/eheating.lt\/en\/wp-json\/wp\/v2\/product_tag?post=18364"}],"curies":[{"name":"wp","href":"https:\/\/api.w.org\/{rel}","templated":true}]}}