{"id":18336,"date":"2023-11-13T22:48:12","date_gmt":"2023-11-13T20:48:12","guid":{"rendered":"https:\/\/eheating.lt\/?post_type=product&#038;p=18336"},"modified":"2024-10-18T17:07:36","modified_gmt":"2024-10-18T14:07:36","slug":"number-ok-12-kanalu","status":"publish","type":"product","link":"https:\/\/eheating.lt\/en\/produktas\/number-ok-12-kanalu\/","title":{"rendered":"Number OK (12 kanal\u0173)"},"content":{"rendered":"<hr \/>\n<table>\n<tbody>\n<tr>\n<td>Kanal\u0173 skai\u010dius<\/td>\n<td>12<\/td>\n<\/tr>\n<tr>\n<td>Duomen\u0173 baz\u0117s tipas<\/td>\n<td>SQLLITE \/ FIREBIRD<\/td>\n<\/tr>\n<tr>\n<td>Video srauto pajungimo galimyb\u0117s<\/td>\n<td>RTSP srautas i\u0161 kameros ar DVR \/ DVR (Hikvision, Dahua, TVT, Partizan, AXIS, Novus, NUUO &#8230;)<\/td>\n<\/tr>\n<tr>\n<td>Vaizdo dydis numerio nuskaitymui<\/td>\n<td>D1, 720p, 1080p,\u00a0 1,3Mpix, 2Mpix, 3Mpix<\/td>\n<\/tr>\n<tr>\n<td>Vaizdo suspaudimas<\/td>\n<td>H.264\/ MPEG<\/td>\n<\/tr>\n<tr>\n<td>Maksimalus detekcijos zon\u0173 skai\u010dius\u00a01 kanale<\/td>\n<td>4<\/td>\n<\/tr>\n<tr>\n<td>S\u0105sajos<\/td>\n<td>TCP\/IP serveris ; ModBUS (ICP DAS; Barix AG; Paprotys)<\/td>\n<\/tr>\n<tr>\n<td>Minimalus nuskaitomo numerio dydis (plotis)<\/td>\n<td>130 pix<\/td>\n<\/tr>\n<tr>\n<td>Maksimalus automobilio jud\u0117jimo greitis<\/td>\n<td>220 Km\/h<\/td>\n<\/tr>\n<tr>\n<td>Maksimalus kameros (vertikalus,horizontaus) pakrypimas<\/td>\n<td>iki 30\u00b0<\/td>\n<\/tr>\n<tr>\n<td>Maksimalus pokrypio kampas<\/td>\n<td>5\u00b0<\/td>\n<\/tr>\n<tr>\n<td>I\u0161\u0117jimo (valdymo) \u012frenginai<\/td>\n<td>BARBOS (pajungimas per USB) 4 IN \/ 4 OUT\u00a0 \/ ICP CON ET7060 (pajungimas per TCP\/IP) 6 IN \/ 6 OUT<\/td>\n<\/tr>\n<tr>\n<td>Palaikomos \u0161alys<\/td>\n<td>Albanija, Austrija, Azerbaid\u017eanas, Belgija, Bulgarija, Bosnia \u00a0ir Hercogovina, Baltarusija, Kipras, \u010cekija, Vokietija, Danija, Ispanija, Estija, Suomija, Pranc\u016bzija, Did\u017eioji Britanija, Gruzija, Graikija, Kroatia, Vengrija, Airija, Izraelis, Italija, Kazachtanas, Lietuva, Liuksemburgas, Latvija, Malta, Moldavija, Makedonija, Olandija, Norvegija, Lenkija, Portugalija, Rumunija, Rusija, Slovakija, Serbija, Slovakia, Suomija, \u0160veicarija, Turkija, Tad\u017eikistanas, Ukraina, Uzbekistanas, Vatikanas<\/td>\n<\/tr>\n<tr>\n<td>1 \/ 2 kanalo srauto apdorojimas<\/td>\n<td>Windows7 \/ Vista \/ Server 2008\u00a0 \/ XP \/ Windows 8 \/ Windows 10;<br \/>\nCPU Intel Core i5-6600, 3,9Ghz (ar pana\u0161us); 4Gb RAM DDR3, 0,5 Tb Hdd<\/td>\n<\/tr>\n<tr>\n<td>4 \/ 6 kanal\u0173 srauto apdorojimas<\/td>\n<td>Windows7 \/ Vista \/ Server 2008\u00a0 \/ XP \/ Windows 8 \/ Windows 10;<br \/>\nCPU Intel Core i7-6700, Quad Core, 3,4Ghz (ar pana\u0161us); 4Gb RAM DDR3, 0,5 Tb Hdd<\/td>\n<\/tr>\n<\/tbody>\n<\/table>\n","protected":false},"excerpt":{"rendered":"<ul>\n<li>NumberOk &#8211; automobil\u0173 valstybini\u0173 numeri\u0173 atpa\u017einimo programa.<\/li>\n<li>Programa skirta konrtroliuoti teritorijoje \u012fva\u017eiuojan\u010dius ar i\u0161va\u017eiuojan\u010dius automobilius ir daryti j\u0173 apskait\u0105.<\/li>\n<li>Programa, i\u0161 kameros formuojamo vaizdo, sugeba atpa\u017einti automobilio valstybin\u012f numer\u012f ir pagal u\u017eduot\u0105 scenarij\u0173 valdo \u012fva\u017eiavim\u0105 ir \u012fva\u017eiavim\u0105 kontroliuojan\u010dius \u012frenginius.<\/li>\n<li>Program\u0105 galima panaudoti kaip priva\u010di\u0173 teritorij\u0173 kontrolei, taip ir pramonini\u0173 teritorij\u0173, ar verslo centr\u0173 automobil\u0173 srauto kontrolei.<\/li>\n<li>Paprastas ir lankstus video srauto pajungimas leid\u017eia naudoti kaip \u0161iuolaikinius HD IP video srautus, taip ir Turbo HD video kamer\u0173, ar net CCTV kamer\u0173 srautus, tod\u0117l sistem\u0105 galima sukurti ant jau esan\u010dios video steb\u0117jimo sistemos.<\/li>\n<\/ul>\n","protected":false},"featured_media":28725,"comment_status":"closed","ping_status":"closed","template":"","meta":[],"product_brand":[],"product_cat":[533,305,417],"product_tag":[],"class_list":{"0":"post-18336","1":"product","2":"type-product","3":"status-publish","4":"has-post-thumbnail","6":"product_cat-ip-vaizdo-stebejimo-sistemos","7":"product_cat-ip-kita-iranga","8":"product_cat-numeriu-atpazinimo-sistemos","10":"first","11":"onbackorder","12":"purchasable","13":"product-type-simple"},"yoast_head":"<!-- This site is optimized with the Yoast SEO Premium plugin v21.5 (Yoast SEO v27.3) - https:\/\/yoast.com\/product\/yoast-seo-premium-wordpress\/ -->\n<title>Number OK (12 kanal\u0173)<\/title>\n<meta name=\"robots\" content=\"index, follow, max-snippet:-1, max-image-preview:large, max-video-preview:-1\" \/>\n<link rel=\"canonical\" href=\"https:\/\/eheating.lt\/produktas\/number-ok-12-kanalu\/\" \/>\n<meta property=\"og:locale\" content=\"en_US\" \/>\n<meta property=\"og:type\" content=\"article\" \/>\n<meta property=\"og:title\" content=\"Number OK (12 kanal\u0173)\" \/>\n<meta property=\"og:description\" content=\"NumberOk - automobil\u0173 valstybini\u0173 numeri\u0173 atpa\u017einimo programa.  Programa skirta konrtroliuoti teritorijoje \u012fva\u017eiuojan\u010dius ar i\u0161va\u017eiuojan\u010dius automobilius ir daryti j\u0173 apskait\u0105.  Programa, i\u0161 kameros formuojamo vaizdo, sugeba atpa\u017einti automobilio valstybin\u012f numer\u012f ir pagal u\u017eduot\u0105 scenarij\u0173 valdo \u012fva\u017eiavim\u0105 ir \u012fva\u017eiavim\u0105 kontroliuojan\u010dius \u012frenginius.  Program\u0105 galima panaudoti kaip priva\u010di\u0173 teritorij\u0173 kontrolei, taip ir pramonini\u0173 teritorij\u0173, ar verslo centr\u0173 automobil\u0173 srauto kontrolei.  Paprastas ir lankstus video srauto pajungimas leid\u017eia naudoti kaip \u0161iuolaikinius HD IP video srautus, taip ir Turbo HD video kamer\u0173, ar net CCTV kamer\u0173 srautus, tod\u0117l sistem\u0105 galima sukurti ant jau esan\u010dios video steb\u0117jimo sistemos.\" \/>\n<meta property=\"og:url\" content=\"https:\/\/eheating.lt\/produktas\/number-ok-12-kanalu\/\" \/>\n<meta property=\"og:site_name\" content=\"Elektronika Namams\" \/>\n<meta property=\"article:publisher\" content=\"https:\/\/www.facebook.com\/ElektronikaNamams\" \/>\n<meta property=\"article:modified_time\" content=\"2024-10-18T14:07:36+00:00\" \/>\n<meta property=\"og:image\" content=\"https:\/\/eheating.lt\/wp-content\/uploads\/2023\/10\/Number-OK-12-kanalu.png\" \/>\n\t<meta property=\"og:image:width\" content=\"800\" \/>\n\t<meta property=\"og:image:height\" content=\"800\" \/>\n\t<meta property=\"og:image:type\" content=\"image\/png\" \/>\n<meta name=\"twitter:card\" content=\"summary_large_image\" \/>\n<meta name=\"twitter:label1\" content=\"Price\" \/>\n\t<meta name=\"twitter:data1\" content=\"5384,50&nbsp;&euro;\" \/>\n\t<meta name=\"twitter:label2\" content=\"Availability\" \/>\n\t<meta name=\"twitter:data2\" content=\"On backorder\" \/>\n<script type=\"application\/ld+json\" class=\"yoast-schema-graph\">{\"@context\":\"https:\\\/\\\/schema.org\",\"@graph\":[{\"@type\":\"WebPage\",\"@id\":\"https:\\\/\\\/eheating.lt\\\/produktas\\\/number-ok-12-kanalu\\\/\",\"url\":\"https:\\\/\\\/eheating.lt\\\/produktas\\\/number-ok-12-kanalu\\\/\",\"name\":\"Number OK (12 kanal\u0173)\",\"isPartOf\":{\"@id\":\"https:\\\/\\\/eheating.lt\\\/#website\"},\"primaryImageOfPage\":{\"@id\":\"https:\\\/\\\/eheating.lt\\\/produktas\\\/number-ok-12-kanalu\\\/#primaryimage\"},\"image\":{\"@id\":\"https:\\\/\\\/eheating.lt\\\/produktas\\\/number-ok-12-kanalu\\\/#primaryimage\"},\"thumbnailUrl\":\"https:\\\/\\\/eheating.lt\\\/wp-content\\\/uploads\\\/2023\\\/10\\\/Number-OK-12-kanalu.png\",\"datePublished\":\"2023-11-13T20:48:12+00:00\",\"dateModified\":\"2024-10-18T14:07:36+00:00\",\"breadcrumb\":{\"@id\":\"https:\\\/\\\/eheating.lt\\\/produktas\\\/number-ok-12-kanalu\\\/#breadcrumb\"},\"inLanguage\":\"en-US\",\"potentialAction\":[{\"@type\":\"ReadAction\",\"target\":[\"https:\\\/\\\/eheating.lt\\\/produktas\\\/number-ok-12-kanalu\\\/\"]}]},{\"@type\":\"ImageObject\",\"inLanguage\":\"en-US\",\"@id\":\"https:\\\/\\\/eheating.lt\\\/produktas\\\/number-ok-12-kanalu\\\/#primaryimage\",\"url\":\"https:\\\/\\\/eheating.lt\\\/wp-content\\\/uploads\\\/2023\\\/10\\\/Number-OK-12-kanalu.png\",\"contentUrl\":\"https:\\\/\\\/eheating.lt\\\/wp-content\\\/uploads\\\/2023\\\/10\\\/Number-OK-12-kanalu.png\",\"width\":800,\"height\":800,\"caption\":\"Number OK 12 kanal\u0173\"},{\"@type\":\"BreadcrumbList\",\"@id\":\"https:\\\/\\\/eheating.lt\\\/produktas\\\/number-ok-12-kanalu\\\/#breadcrumb\",\"itemListElement\":[{\"@type\":\"ListItem\",\"position\":1,\"name\":\"Prad\u017eia\",\"item\":\"https:\\\/\\\/eheating.lt\\\/en\\\/\"},{\"@type\":\"ListItem\",\"position\":2,\"name\":\"Shop\",\"item\":\"https:\\\/\\\/eheating.lt\\\/en\\\/?page_id=5734\"},{\"@type\":\"ListItem\",\"position\":3,\"name\":\"Number OK (12 kanal\u0173)\"}]},{\"@type\":\"WebSite\",\"@id\":\"https:\\\/\\\/eheating.lt\\\/#website\",\"url\":\"https:\\\/\\\/eheating.lt\\\/\",\"name\":\"eHeating\",\"description\":\"Elektronika ir \u0161ildymas\",\"potentialAction\":[{\"@type\":\"SearchAction\",\"target\":{\"@type\":\"EntryPoint\",\"urlTemplate\":\"https:\\\/\\\/eheating.lt\\\/?s={search_term_string}\"},\"query-input\":{\"@type\":\"PropertyValueSpecification\",\"valueRequired\":true,\"valueName\":\"search_term_string\"}}],\"inLanguage\":\"en-US\"}]}<\/script>\n<meta property=\"product:price:amount\" content=\"5384.50\" \/>\n<meta property=\"product:price:currency\" content=\"EUR\" \/>\n<meta property=\"og:availability\" content=\"backorder\" \/>\n<meta property=\"product:availability\" content=\"available for order\" \/>\n<meta property=\"product:retailer_item_id\" content=\"8298f7637737\" \/>\n<meta property=\"product:condition\" content=\"new\" \/>\n<!-- \/ Yoast SEO Premium plugin. -->","yoast_head_json":{"title":"Number OK (12 kanal\u0173)","robots":{"index":"index","follow":"follow","max-snippet":"max-snippet:-1","max-image-preview":"max-image-preview:large","max-video-preview":"max-video-preview:-1"},"canonical":"https:\/\/eheating.lt\/produktas\/number-ok-12-kanalu\/","og_locale":"en_US","og_type":"article","og_title":"Number OK (12 kanal\u0173)","og_description":"NumberOk - automobil\u0173 valstybini\u0173 numeri\u0173 atpa\u017einimo programa.  Programa skirta konrtroliuoti teritorijoje \u012fva\u017eiuojan\u010dius ar i\u0161va\u017eiuojan\u010dius automobilius ir daryti j\u0173 apskait\u0105.  Programa, i\u0161 kameros formuojamo vaizdo, sugeba atpa\u017einti automobilio valstybin\u012f numer\u012f ir pagal u\u017eduot\u0105 scenarij\u0173 valdo \u012fva\u017eiavim\u0105 ir \u012fva\u017eiavim\u0105 kontroliuojan\u010dius \u012frenginius.  Program\u0105 galima panaudoti kaip priva\u010di\u0173 teritorij\u0173 kontrolei, taip ir pramonini\u0173 teritorij\u0173, ar verslo centr\u0173 automobil\u0173 srauto kontrolei.  Paprastas ir lankstus video srauto pajungimas leid\u017eia naudoti kaip \u0161iuolaikinius HD IP video srautus, taip ir Turbo HD video kamer\u0173, ar net CCTV kamer\u0173 srautus, tod\u0117l sistem\u0105 galima sukurti ant jau esan\u010dios video steb\u0117jimo sistemos.","og_url":"https:\/\/eheating.lt\/produktas\/number-ok-12-kanalu\/","og_site_name":"Elektronika Namams","article_publisher":"https:\/\/www.facebook.com\/ElektronikaNamams","article_modified_time":"2024-10-18T14:07:36+00:00","og_image":[{"width":800,"height":800,"url":"https:\/\/eheating.lt\/wp-content\/uploads\/2023\/10\/Number-OK-12-kanalu.png","type":"image\/png"}],"twitter_card":"summary_large_image","twitter_misc":{"Price":"5384,50&nbsp;&euro;","Availability":"On backorder"},"schema":{"@context":"https:\/\/schema.org","@graph":[{"@type":"WebPage","@id":"https:\/\/eheating.lt\/produktas\/number-ok-12-kanalu\/","url":"https:\/\/eheating.lt\/produktas\/number-ok-12-kanalu\/","name":"Number OK (12 kanal\u0173)","isPartOf":{"@id":"https:\/\/eheating.lt\/#website"},"primaryImageOfPage":{"@id":"https:\/\/eheating.lt\/produktas\/number-ok-12-kanalu\/#primaryimage"},"image":{"@id":"https:\/\/eheating.lt\/produktas\/number-ok-12-kanalu\/#primaryimage"},"thumbnailUrl":"https:\/\/eheating.lt\/wp-content\/uploads\/2023\/10\/Number-OK-12-kanalu.png","datePublished":"2023-11-13T20:48:12+00:00","dateModified":"2024-10-18T14:07:36+00:00","breadcrumb":{"@id":"https:\/\/eheating.lt\/produktas\/number-ok-12-kanalu\/#breadcrumb"},"inLanguage":"en-US","potentialAction":[{"@type":"ReadAction","target":["https:\/\/eheating.lt\/produktas\/number-ok-12-kanalu\/"]}]},{"@type":"ImageObject","inLanguage":"en-US","@id":"https:\/\/eheating.lt\/produktas\/number-ok-12-kanalu\/#primaryimage","url":"https:\/\/eheating.lt\/wp-content\/uploads\/2023\/10\/Number-OK-12-kanalu.png","contentUrl":"https:\/\/eheating.lt\/wp-content\/uploads\/2023\/10\/Number-OK-12-kanalu.png","width":800,"height":800,"caption":"Number OK 12 kanal\u0173"},{"@type":"BreadcrumbList","@id":"https:\/\/eheating.lt\/produktas\/number-ok-12-kanalu\/#breadcrumb","itemListElement":[{"@type":"ListItem","position":1,"name":"Prad\u017eia","item":"https:\/\/eheating.lt\/en\/"},{"@type":"ListItem","position":2,"name":"Shop","item":"https:\/\/eheating.lt\/en\/?page_id=5734"},{"@type":"ListItem","position":3,"name":"Number OK (12 kanal\u0173)"}]},{"@type":"WebSite","@id":"https:\/\/eheating.lt\/#website","url":"https:\/\/eheating.lt\/","name":"eHeating","description":"Elektronika ir \u0161ildymas","potentialAction":[{"@type":"SearchAction","target":{"@type":"EntryPoint","urlTemplate":"https:\/\/eheating.lt\/?s={search_term_string}"},"query-input":{"@type":"PropertyValueSpecification","valueRequired":true,"valueName":"search_term_string"}}],"inLanguage":"en-US"}]},"product_price_amount":"5384.50","product_price_currency":"EUR","og_availability":"backorder","product_availability":"available for order","product_retailer_item_id":"8298f7637737","product_condition":"new"},"_links":{"self":[{"href":"https:\/\/eheating.lt\/en\/wp-json\/wp\/v2\/product\/18336","targetHints":{"allow":["GET"]}}],"collection":[{"href":"https:\/\/eheating.lt\/en\/wp-json\/wp\/v2\/product"}],"about":[{"href":"https:\/\/eheating.lt\/en\/wp-json\/wp\/v2\/types\/product"}],"replies":[{"embeddable":true,"href":"https:\/\/eheating.lt\/en\/wp-json\/wp\/v2\/comments?post=18336"}],"version-history":[{"count":0,"href":"https:\/\/eheating.lt\/en\/wp-json\/wp\/v2\/product\/18336\/revisions"}],"wp:featuredmedia":[{"embeddable":true,"href":"https:\/\/eheating.lt\/en\/wp-json\/wp\/v2\/media\/28725"}],"wp:attachment":[{"href":"https:\/\/eheating.lt\/en\/wp-json\/wp\/v2\/media?parent=18336"}],"wp:term":[{"taxonomy":"product_brand","embeddable":true,"href":"https:\/\/eheating.lt\/en\/wp-json\/wp\/v2\/product_brand?post=18336"},{"taxonomy":"product_cat","embeddable":true,"href":"https:\/\/eheating.lt\/en\/wp-json\/wp\/v2\/product_cat?post=18336"},{"taxonomy":"product_tag","embeddable":true,"href":"https:\/\/eheating.lt\/en\/wp-json\/wp\/v2\/product_tag?post=18336"}],"curies":[{"name":"wp","href":"https:\/\/api.w.org\/{rel}","templated":true}]}}