{"id":18262,"date":"2023-11-17T23:46:27","date_gmt":"2023-11-17T21:46:27","guid":{"rendered":"https:\/\/eheating.lt\/?post_type=product&#038;p=18262"},"modified":"2024-07-11T19:08:59","modified_gmt":"2024-07-11T16:08:59","slug":"hikvision-dvr-ds-7204hthi-k1","status":"publish","type":"product","link":"https:\/\/eheating.lt\/en\/produktas\/hikvision-dvr-ds-7204hthi-k1\/","title":{"rendered":"Hikvision DVR DS-7204HTHI-K1"},"content":{"rendered":"<table>\n<tbody>\n<tr>\n<td>Garso \u012fvestys<\/td>\n<td>4-ch,\u00a0RCA\u00a0(2.0\u00a0Vp-p,\u00a01\u00a0K\u03a9)<\/td>\n<\/tr>\n<tr>\n<td>Vaizdo suspaudimas<\/td>\n<td>H.265+\/H.265\/H.264+\/H.264<\/td>\n<\/tr>\n<tr>\n<td>Analogin\u0117 vaizdo i\u0161vestis<\/td>\n<td>4-ch<br \/>\nBNC\u00a0interface\u00a0(1.0\u00a0Vp-p,\u00a075\u00a0\u03a9),\u00a0supporting\u00a0coaxitron\u00a0connection<\/td>\n<\/tr>\n<tr>\n<td>Analogin\u0117 ir HD-TVI vaizdo \u012fvestis<\/td>\n<td>8\u00a0MP,\u00a05\u00a0MP,\u00a04\u00a0MP,\u00a03\u00a0MP,\u00a01080p30,\u00a01080p25,\u00a0720p60,\u00a0720p50,\u00a0720p30,\u00a0720p25<\/td>\n<\/tr>\n<tr>\n<td>IP Vaizdo \u012fvestis<\/td>\n<td>2-ch<br \/>\nUp\u00a0to\u00a08\u00a0MP\u00a0resolution,Supports\u00a0H.265+\/H.265\/H.264+\/H.264\u00a0IP\u00a0cameras<\/td>\n<\/tr>\n<tr>\n<td>Garso suspaudimas<\/td>\n<td>G.711u<\/td>\n<\/tr>\n<tr>\n<td>CVBS i\u0161vestis<\/td>\n<td>1-ch,BNC(1.0Vp-p,75\u03a9),resolution:PAL:704&#215;576,NTSC:704&#215;480<\/td>\n<\/tr>\n<tr>\n<td>HDMI\/VGA i\u0161vestis<\/td>\n<td>VGA:\u00a01-ch,\u00a01920\u00a0\u00d7\u00a01080\/60Hz,\u00a01280\u00a0\u00d7\u00a01024\/60Hz,\u00a01280\u00a0\u00d7\u00a0720\/60Hz,\u00a01024\u00a0\u00d7\u00a0768\/60Hz<br \/>\nHDMI:\u00a01-ch,\u00a04K\u00a0(3840\u00a0\u00d7\u00a02160)\/30Hz,\u00a02K\u00a0(2560\u00a0\u00d7\u00a01440)\/60Hz,\u00a01920\u00a0\u00d7\u00a01080\/60Hz,\u00a01280\u00a0\u00d7<br \/>\n1024\/60Hz,\u00a01280\u00a0\u00d7\u00a0720\/60Hz,\u00a01024\u00a0\u00d7\u00a0768\/60Hz<\/td>\n<\/tr>\n<tr>\n<td>Kadrai per sek.<\/td>\n<td>Main\u00a0stream:<br \/>\n8\u00a0MP@10fps,\u00a05\u00a0MP@20fps,\u00a03\u00a0MP@18fps<br \/>\n4\u00a0MP\/1080p\/720p\/WD1\/4CIF\/VGA\/CIF@25fps\u00a0(P)\/30fps\u00a0(N)<br \/>\nSub-stream:<br \/>\nWD1\/4CIF\/CIF@25fps\u00a0(P)\/30fps\u00a0(N)<\/td>\n<\/tr>\n<tr>\n<td>Vaizdo sparta<\/td>\n<td>32\u00a0Kbps-16 Mbps<\/td>\n<\/tr>\n<tr>\n<td>Srauto tipas<\/td>\n<td>VidVideo,\u00a0Video\u00a0&amp;\u00a0Audioeo,\u00a0Video\u00a0&amp;\u00a0Audio<\/td>\n<\/tr>\n<tr>\n<td>Dvipusis garso ry\u0161ys<\/td>\n<td>1-ch,\u00a0RCA\u00a0(2.0\u00a0Vp-p,\u00a01\u00a0k\u03a9)\u00a0(using\u00a0the\u00a0audio\u00a0input)<\/td>\n<\/tr>\n<tr>\n<td>Garso i\u0161vestis<\/td>\n<td>1-ch\u00a0RCA(Linear,\u00a01k\u03a9)<\/td>\n<\/tr>\n<tr>\n<td>Garso sparta<\/td>\n<td>64kbps<\/td>\n<\/tr>\n<tr>\n<td>Dvigubas srautas<\/td>\n<td>Support<\/td>\n<\/tr>\n<tr>\n<td>Sinchroninis atk\u016brimas<\/td>\n<td>4-ch<\/td>\n<\/tr>\n<tr>\n<td>Nuotolini\u0173 prisijungim\u0173 skai\u010dius<\/td>\n<td>128<\/td>\n<\/tr>\n<tr>\n<td>Tinklo protokolai<\/td>\n<td>TCP\/IP,\u00a0PPPoE,\u00a0DHCP,\u00a0Hik-connect\u00a0Cloud\u00a0P2P,DNS,\u00a0DDNS,\u00a0NTP,\u00a0SADP,\u00a0NFS,\u00a0iSCSI,\u00a0UPnP\u2122,\u00a0HTTPS,ONVIF<\/td>\n<\/tr>\n<tr>\n<td>S\u0105sajos tipas<\/td>\n<td>1\u00a0SATA\u00a0Interface<\/td>\n<\/tr>\n<tr>\n<td>Talpa<\/td>\n<td>Up\u00a0to 8 TB\u00a0capacity\u00a0for\u00a0each\u00a0disk<\/td>\n<\/tr>\n<tr>\n<td>Tinklo s\u0105saja<\/td>\n<td>1,\u00a0RJ45\u00a010M\/100M\/1000M\u00a0self-adaptive\u00a0Ethernet\u00a0interface<\/td>\n<\/tr>\n<tr>\n<td>USB s\u0105sajos<\/td>\n<td>Front\u00a0panel:\u00a01\u00a0\u00d7\u00a0USB\u00a02.0<br \/>\nRear\u00a0panel:\u00a01\u00a0\u00d7\u00a0USB\u00a03.0<\/td>\n<\/tr>\n<tr>\n<td>Serial s\u0105saja<\/td>\n<td>RS-485\u00a0(half-duplex)<\/td>\n<\/tr>\n<tr>\n<td>Pavojaus signalo \u012fvestys<\/td>\n<td>4\/1<\/td>\n<\/tr>\n<tr>\n<td>Maitinimas<\/td>\n<td>12V\u00a0DC<\/td>\n<\/tr>\n<tr>\n<td>Energijos suvartojimas<\/td>\n<td>\u2264\u00a015W<\/td>\n<\/tr>\n<tr>\n<td>Darbo temperat\u016bra<\/td>\n<td>-10\u00a0\u00baC\u00a0~+55\u00a0\u00baC\u00a0(14\u00a0\u00baF\u00a0~\u00a0131\u00a0\u00baF)<\/td>\n<\/tr>\n<tr>\n<td>Santykinis oro dr\u0117gnumas<\/td>\n<td>10%\u00a0~\u00a090%<\/td>\n<\/tr>\n<tr>\n<td>I\u0161matavimai<\/td>\n<td>315\u00a0\u00d7\u00a0242\u00a0\u00d7\u00a045\u00a0mm<br \/>\n(12.4\u00a0\u00d7\u00a09.5\u00a0\u00d7\u00a01.8\u00a0inch)<\/td>\n<\/tr>\n<tr>\n<td>Svoris<\/td>\n<td>\u2264\u00a01.5 kg<\/td>\n<\/tr>\n<\/tbody>\n<\/table>\n","protected":false},"excerpt":{"rendered":"<ul>\n<li>4 kanal\u0173 Turbo HD DVR<\/li>\n<li>HDTVI\/HDCVI\/AHD\/CVBS signalo \u012fvestys<\/li>\n<li>1 HDD s\u0105saja (iki 8TB talpa)<\/li>\n<li>Dvipusis garso ry\u0161ys<\/li>\n<li>Pavojaus signalo \u012fvestis\/i\u0161vestis<\/li>\n<li>HDMI\/VGA i\u0161vestis<\/li>\n<\/ul>\n","protected":false},"featured_media":29027,"comment_status":"closed","ping_status":"closed","template":"","meta":[],"product_brand":[],"product_cat":[321,318,320],"product_tag":[],"class_list":{"0":"post-18262","1":"product","2":"type-product","3":"status-publish","4":"has-post-thumbnail","6":"product_cat-4-kanalu-dvr","7":"product_cat-turbo-hd-apsauga","8":"product_cat-turbo-hd-vaizdo-irasymo-irenginiai","10":"first","11":"instock","12":"taxable","13":"shipping-taxable","14":"purchasable","15":"product-type-simple"},"yoast_head":"<!-- This site is optimized with the Yoast SEO Premium plugin v21.5 (Yoast SEO v27.3) - https:\/\/yoast.com\/product\/yoast-seo-premium-wordpress\/ -->\n<title>Hikvision DVR DS-7204HTHI-K1<\/title>\n<meta name=\"description\" content=\"Hikvision DVR DS-7204HTHI-K1 vaizdo \u012fra\u0161ymo \u012frenginys ; 4 kanal\u0173 ; HDTVI\/HDCVI\/AHD\/CVBS signalo \u012fvestys ; 1 HDD s\u0105saja (iki 8TB talpa)\" \/>\n<meta name=\"robots\" content=\"index, follow, max-snippet:-1, max-image-preview:large, max-video-preview:-1\" \/>\n<link rel=\"canonical\" href=\"https:\/\/eheating.lt\/produktas\/hikvision-dvr-ds-7204hthi-k1\/\" \/>\n<meta property=\"og:locale\" content=\"en_US\" \/>\n<meta property=\"og:type\" content=\"article\" \/>\n<meta property=\"og:title\" content=\"Hikvision DVR DS-7204HTHI-K1\" \/>\n<meta property=\"og:description\" content=\"Hikvision DVR DS-7204HTHI-K1 vaizdo \u012fra\u0161ymo \u012frenginys ; 4 kanal\u0173 ; HDTVI\/HDCVI\/AHD\/CVBS signalo \u012fvestys ; 1 HDD s\u0105saja (iki 8TB talpa)\" \/>\n<meta property=\"og:url\" content=\"https:\/\/eheating.lt\/produktas\/hikvision-dvr-ds-7204hthi-k1\/\" \/>\n<meta property=\"og:site_name\" content=\"Elektronika Namams\" \/>\n<meta property=\"article:publisher\" content=\"https:\/\/www.facebook.com\/ElektronikaNamams\" \/>\n<meta property=\"article:modified_time\" content=\"2024-07-11T16:08:59+00:00\" \/>\n<meta property=\"og:image\" content=\"https:\/\/eheating.lt\/wp-content\/uploads\/2023\/10\/Hikvision-DVR-DS-7204HTHI-K1.png\" \/>\n\t<meta property=\"og:image:width\" content=\"800\" \/>\n\t<meta property=\"og:image:height\" content=\"800\" \/>\n\t<meta property=\"og:image:type\" content=\"image\/png\" \/>\n<meta name=\"twitter:card\" content=\"summary_large_image\" \/>\n<meta name=\"twitter:label1\" content=\"Price\" \/>\n\t<meta name=\"twitter:data1\" content=\"306,09&nbsp;&euro;\" \/>\n\t<meta name=\"twitter:label2\" content=\"Availability\" \/>\n\t<meta name=\"twitter:data2\" content=\"In stock\" \/>\n<script type=\"application\/ld+json\" class=\"yoast-schema-graph\">{\"@context\":\"https:\\\/\\\/schema.org\",\"@graph\":[{\"@type\":\"WebPage\",\"@id\":\"https:\\\/\\\/eheating.lt\\\/produktas\\\/hikvision-dvr-ds-7204hthi-k1\\\/\",\"url\":\"https:\\\/\\\/eheating.lt\\\/produktas\\\/hikvision-dvr-ds-7204hthi-k1\\\/\",\"name\":\"Hikvision DVR DS-7204HTHI-K1\",\"isPartOf\":{\"@id\":\"https:\\\/\\\/eheating.lt\\\/#website\"},\"primaryImageOfPage\":{\"@id\":\"https:\\\/\\\/eheating.lt\\\/produktas\\\/hikvision-dvr-ds-7204hthi-k1\\\/#primaryimage\"},\"image\":{\"@id\":\"https:\\\/\\\/eheating.lt\\\/produktas\\\/hikvision-dvr-ds-7204hthi-k1\\\/#primaryimage\"},\"thumbnailUrl\":\"https:\\\/\\\/eheating.lt\\\/wp-content\\\/uploads\\\/2023\\\/10\\\/Hikvision-DVR-DS-7204HTHI-K1.png\",\"datePublished\":\"2023-11-17T21:46:27+00:00\",\"dateModified\":\"2024-07-11T16:08:59+00:00\",\"description\":\"Hikvision DVR DS-7204HTHI-K1 vaizdo \u012fra\u0161ymo \u012frenginys ; 4 kanal\u0173 ; HDTVI\\\/HDCVI\\\/AHD\\\/CVBS signalo \u012fvestys ; 1 HDD s\u0105saja (iki 8TB talpa)\",\"breadcrumb\":{\"@id\":\"https:\\\/\\\/eheating.lt\\\/produktas\\\/hikvision-dvr-ds-7204hthi-k1\\\/#breadcrumb\"},\"inLanguage\":\"en-US\",\"potentialAction\":[{\"@type\":\"ReadAction\",\"target\":[\"https:\\\/\\\/eheating.lt\\\/produktas\\\/hikvision-dvr-ds-7204hthi-k1\\\/\"]}]},{\"@type\":\"ImageObject\",\"inLanguage\":\"en-US\",\"@id\":\"https:\\\/\\\/eheating.lt\\\/produktas\\\/hikvision-dvr-ds-7204hthi-k1\\\/#primaryimage\",\"url\":\"https:\\\/\\\/eheating.lt\\\/wp-content\\\/uploads\\\/2023\\\/10\\\/Hikvision-DVR-DS-7204HTHI-K1.png\",\"contentUrl\":\"https:\\\/\\\/eheating.lt\\\/wp-content\\\/uploads\\\/2023\\\/10\\\/Hikvision-DVR-DS-7204HTHI-K1.png\",\"width\":800,\"height\":800,\"caption\":\"Hikvision DVR DS-7204HTHI-K1\"},{\"@type\":\"BreadcrumbList\",\"@id\":\"https:\\\/\\\/eheating.lt\\\/produktas\\\/hikvision-dvr-ds-7204hthi-k1\\\/#breadcrumb\",\"itemListElement\":[{\"@type\":\"ListItem\",\"position\":1,\"name\":\"Prad\u017eia\",\"item\":\"https:\\\/\\\/eheating.lt\\\/en\\\/\"},{\"@type\":\"ListItem\",\"position\":2,\"name\":\"Shop\",\"item\":\"https:\\\/\\\/eheating.lt\\\/en\\\/?page_id=5734\"},{\"@type\":\"ListItem\",\"position\":3,\"name\":\"Hikvision DVR DS-7204HTHI-K1\"}]},{\"@type\":\"WebSite\",\"@id\":\"https:\\\/\\\/eheating.lt\\\/#website\",\"url\":\"https:\\\/\\\/eheating.lt\\\/\",\"name\":\"eHeating\",\"description\":\"Elektronika ir \u0161ildymas\",\"potentialAction\":[{\"@type\":\"SearchAction\",\"target\":{\"@type\":\"EntryPoint\",\"urlTemplate\":\"https:\\\/\\\/eheating.lt\\\/?s={search_term_string}\"},\"query-input\":{\"@type\":\"PropertyValueSpecification\",\"valueRequired\":true,\"valueName\":\"search_term_string\"}}],\"inLanguage\":\"en-US\"}]}<\/script>\n<meta property=\"product:price:amount\" content=\"306.09\" \/>\n<meta property=\"product:price:currency\" content=\"EUR\" \/>\n<meta property=\"og:availability\" content=\"instock\" \/>\n<meta property=\"product:availability\" content=\"instock\" \/>\n<meta property=\"product:retailer_item_id\" content=\"79ef843a6358\" \/>\n<meta property=\"product:condition\" content=\"new\" \/>\n<!-- \/ Yoast SEO Premium plugin. -->","yoast_head_json":{"title":"Hikvision DVR DS-7204HTHI-K1","description":"Hikvision DVR DS-7204HTHI-K1 vaizdo \u012fra\u0161ymo \u012frenginys ; 4 kanal\u0173 ; HDTVI\/HDCVI\/AHD\/CVBS signalo \u012fvestys ; 1 HDD s\u0105saja (iki 8TB talpa)","robots":{"index":"index","follow":"follow","max-snippet":"max-snippet:-1","max-image-preview":"max-image-preview:large","max-video-preview":"max-video-preview:-1"},"canonical":"https:\/\/eheating.lt\/produktas\/hikvision-dvr-ds-7204hthi-k1\/","og_locale":"en_US","og_type":"article","og_title":"Hikvision DVR DS-7204HTHI-K1","og_description":"Hikvision DVR DS-7204HTHI-K1 vaizdo \u012fra\u0161ymo \u012frenginys ; 4 kanal\u0173 ; HDTVI\/HDCVI\/AHD\/CVBS signalo \u012fvestys ; 1 HDD s\u0105saja (iki 8TB talpa)","og_url":"https:\/\/eheating.lt\/produktas\/hikvision-dvr-ds-7204hthi-k1\/","og_site_name":"Elektronika Namams","article_publisher":"https:\/\/www.facebook.com\/ElektronikaNamams","article_modified_time":"2024-07-11T16:08:59+00:00","og_image":[{"width":800,"height":800,"url":"https:\/\/eheating.lt\/wp-content\/uploads\/2023\/10\/Hikvision-DVR-DS-7204HTHI-K1.png","type":"image\/png"}],"twitter_card":"summary_large_image","twitter_misc":{"Price":"306,09&nbsp;&euro;","Availability":"In stock"},"schema":{"@context":"https:\/\/schema.org","@graph":[{"@type":"WebPage","@id":"https:\/\/eheating.lt\/produktas\/hikvision-dvr-ds-7204hthi-k1\/","url":"https:\/\/eheating.lt\/produktas\/hikvision-dvr-ds-7204hthi-k1\/","name":"Hikvision DVR DS-7204HTHI-K1","isPartOf":{"@id":"https:\/\/eheating.lt\/#website"},"primaryImageOfPage":{"@id":"https:\/\/eheating.lt\/produktas\/hikvision-dvr-ds-7204hthi-k1\/#primaryimage"},"image":{"@id":"https:\/\/eheating.lt\/produktas\/hikvision-dvr-ds-7204hthi-k1\/#primaryimage"},"thumbnailUrl":"https:\/\/eheating.lt\/wp-content\/uploads\/2023\/10\/Hikvision-DVR-DS-7204HTHI-K1.png","datePublished":"2023-11-17T21:46:27+00:00","dateModified":"2024-07-11T16:08:59+00:00","description":"Hikvision DVR DS-7204HTHI-K1 vaizdo \u012fra\u0161ymo \u012frenginys ; 4 kanal\u0173 ; HDTVI\/HDCVI\/AHD\/CVBS signalo \u012fvestys ; 1 HDD s\u0105saja (iki 8TB talpa)","breadcrumb":{"@id":"https:\/\/eheating.lt\/produktas\/hikvision-dvr-ds-7204hthi-k1\/#breadcrumb"},"inLanguage":"en-US","potentialAction":[{"@type":"ReadAction","target":["https:\/\/eheating.lt\/produktas\/hikvision-dvr-ds-7204hthi-k1\/"]}]},{"@type":"ImageObject","inLanguage":"en-US","@id":"https:\/\/eheating.lt\/produktas\/hikvision-dvr-ds-7204hthi-k1\/#primaryimage","url":"https:\/\/eheating.lt\/wp-content\/uploads\/2023\/10\/Hikvision-DVR-DS-7204HTHI-K1.png","contentUrl":"https:\/\/eheating.lt\/wp-content\/uploads\/2023\/10\/Hikvision-DVR-DS-7204HTHI-K1.png","width":800,"height":800,"caption":"Hikvision DVR DS-7204HTHI-K1"},{"@type":"BreadcrumbList","@id":"https:\/\/eheating.lt\/produktas\/hikvision-dvr-ds-7204hthi-k1\/#breadcrumb","itemListElement":[{"@type":"ListItem","position":1,"name":"Prad\u017eia","item":"https:\/\/eheating.lt\/en\/"},{"@type":"ListItem","position":2,"name":"Shop","item":"https:\/\/eheating.lt\/en\/?page_id=5734"},{"@type":"ListItem","position":3,"name":"Hikvision DVR DS-7204HTHI-K1"}]},{"@type":"WebSite","@id":"https:\/\/eheating.lt\/#website","url":"https:\/\/eheating.lt\/","name":"eHeating","description":"Elektronika ir \u0161ildymas","potentialAction":[{"@type":"SearchAction","target":{"@type":"EntryPoint","urlTemplate":"https:\/\/eheating.lt\/?s={search_term_string}"},"query-input":{"@type":"PropertyValueSpecification","valueRequired":true,"valueName":"search_term_string"}}],"inLanguage":"en-US"}]},"product_price_amount":"306.09","product_price_currency":"EUR","og_availability":"instock","product_availability":"instock","product_retailer_item_id":"79ef843a6358","product_condition":"new"},"_links":{"self":[{"href":"https:\/\/eheating.lt\/en\/wp-json\/wp\/v2\/product\/18262","targetHints":{"allow":["GET"]}}],"collection":[{"href":"https:\/\/eheating.lt\/en\/wp-json\/wp\/v2\/product"}],"about":[{"href":"https:\/\/eheating.lt\/en\/wp-json\/wp\/v2\/types\/product"}],"replies":[{"embeddable":true,"href":"https:\/\/eheating.lt\/en\/wp-json\/wp\/v2\/comments?post=18262"}],"version-history":[{"count":0,"href":"https:\/\/eheating.lt\/en\/wp-json\/wp\/v2\/product\/18262\/revisions"}],"wp:featuredmedia":[{"embeddable":true,"href":"https:\/\/eheating.lt\/en\/wp-json\/wp\/v2\/media\/29027"}],"wp:attachment":[{"href":"https:\/\/eheating.lt\/en\/wp-json\/wp\/v2\/media?parent=18262"}],"wp:term":[{"taxonomy":"product_brand","embeddable":true,"href":"https:\/\/eheating.lt\/en\/wp-json\/wp\/v2\/product_brand?post=18262"},{"taxonomy":"product_cat","embeddable":true,"href":"https:\/\/eheating.lt\/en\/wp-json\/wp\/v2\/product_cat?post=18262"},{"taxonomy":"product_tag","embeddable":true,"href":"https:\/\/eheating.lt\/en\/wp-json\/wp\/v2\/product_tag?post=18262"}],"curies":[{"name":"wp","href":"https:\/\/api.w.org\/{rel}","templated":true}]}}