{"id":18184,"date":"2023-11-17T23:43:35","date_gmt":"2023-11-17T21:43:35","guid":{"rendered":"https:\/\/eheating.lt\/?post_type=product&#038;p=18184"},"modified":"2024-07-11T19:10:49","modified_gmt":"2024-07-11T16:10:49","slug":"hikvision-ds-2ce71d8t-pirl-f2-8","status":"publish","type":"product","link":"https:\/\/eheating.lt\/en\/produktas\/hikvision-ds-2ce71d8t-pirl-f2-8\/","title":{"rendered":"Hikvision DS-2CE71D8T-PIRL F2.8"},"content":{"rendered":"<table>\n<tbody>\n<tr>\n<td colspan=\"2\" bgcolor=\"#BEBEBE\">Camera<\/td>\n<\/tr>\n<tr>\n<td>Image Sensor<\/td>\n<td>2.0 megapixel progressive scan CMOS<\/td>\n<\/tr>\n<tr>\n<td>Signal System<\/td>\n<td>PAL\/NTSC<\/td>\n<\/tr>\n<tr>\n<td>Frame Rate<\/td>\n<td>PAL: 1080p@25fps<\/p>\n<p>NTSC: 1080p@30fps<\/td>\n<\/tr>\n<tr>\n<td>Resolution<\/td>\n<td>1920 (H) \u00d7 1080 (V)<\/td>\n<\/tr>\n<tr>\n<td>Min. illumination<\/td>\n<td>Color: 0.005 Lux @ (F1.2, AGC ON), 0 Lux with IR<\/td>\n<\/tr>\n<tr>\n<td>Shutter Time<\/td>\n<td>PAL: 1\/25 s to 1\/50, 000 s<\/p>\n<p>NTSC: 1\/30 s to 1\/50, 000 s<\/td>\n<\/tr>\n<tr>\n<td>Slow Shutter<\/td>\n<td>Max. 16 times<\/td>\n<\/tr>\n<tr>\n<td>Lens<\/td>\n<td>2.8 mm, 3.6 mm fixed focal lens<\/td>\n<\/tr>\n<tr>\n<td>Horizontal Field of View<\/td>\n<td>103.5\u00b0 (2.8 mm), 82.6\u00b0 (3.6 mm)<\/td>\n<\/tr>\n<tr>\n<td>Lens Mount<\/td>\n<td>M12<\/td>\n<\/tr>\n<tr>\n<td>Visual Alarm<\/td>\n<td>Yes<\/td>\n<\/tr>\n<tr>\n<td>Day &amp; Night<\/td>\n<td>IR cut filter<\/td>\n<\/tr>\n<tr>\n<td>Angle Adjustment<\/td>\n<td>Pan: 0\u00b0 to 360\u00b0, Tilt: 0\u00b0 to 75\u00b0, Rotate: 0\u00b0 to 360\u00b0<\/td>\n<\/tr>\n<tr>\n<td>Synchronization<\/td>\n<td>Internal synchronization<\/td>\n<\/tr>\n<tr>\n<td>WDR (Wide Dynamic Range)<\/td>\n<td>&gt; 120 dB<\/td>\n<\/tr>\n<tr>\n<td colspan=\"2\" bgcolor=\"#BEBEBE\">Menu<\/td>\n<\/tr>\n<tr>\n<td>White Light<\/td>\n<td>Alarm\/Off<\/td>\n<\/tr>\n<tr>\n<td>AGC<\/td>\n<td>Yes<\/td>\n<\/tr>\n<tr>\n<td>Day\/Night Mode<\/td>\n<td>Auto\/Color\/BW (Black and White)<\/td>\n<\/tr>\n<tr>\n<td>White Balance<\/td>\n<td>ATW\/MANUAL<\/td>\n<\/tr>\n<tr>\n<td>Privacy Mask<\/td>\n<td>ON\/OFF, 4 programmable privacy masks<\/td>\n<\/tr>\n<tr>\n<td>Motion Detection<\/td>\n<td>4 programmable motion areas<\/td>\n<\/tr>\n<tr>\n<td>Backlight Compensation<\/td>\n<td>WDR\/BLC\/OFF<\/td>\n<\/tr>\n<tr>\n<td>3D DNR (Digital Noise Reduction)<\/td>\n<td>Level 1 to 10<\/td>\n<\/tr>\n<tr>\n<td>Language<\/td>\n<td>English, Chinese<\/td>\n<\/tr>\n<tr>\n<td>Functions<\/td>\n<td>Brightness, Sharpness, Mirror, Smart IR<\/td>\n<\/tr>\n<tr>\n<td colspan=\"2\" bgcolor=\"#BEBEBE\">Interface<\/td>\n<\/tr>\n<tr>\n<td>Video Output<\/td>\n<td>1 HD analog output<\/td>\n<\/tr>\n<tr>\n<td colspan=\"2\" bgcolor=\"#BEBEBE\">General<\/td>\n<\/tr>\n<tr>\n<td>Operating Conditions<\/td>\n<td>-40 \u00b0C to 60 \u00b0C (-40 \u00b0F to 140 \u00b0F), humidity: 90% or less (non-condensation)<\/td>\n<\/tr>\n<tr>\n<td>Power Supply<\/td>\n<td>12 VDC \u00b125%<\/td>\n<\/tr>\n<tr>\n<td>Power Consumption<\/td>\n<td>Max. 4.5 W<\/td>\n<\/tr>\n<tr>\n<td>Ingress Protection<\/td>\n<td>IP67<\/td>\n<\/tr>\n<tr>\n<td>Material<\/td>\n<td>Enclosure: Plastic Main body: Metal Mounting base: Plastic<\/td>\n<\/tr>\n<tr>\n<td>IR Range<\/td>\n<td>Up to 20 m<\/td>\n<\/tr>\n<tr>\n<td>PIR Range<\/td>\n<td>Angle: 110\u00b0, Range:11 m<\/td>\n<\/tr>\n<tr>\n<td>Communication<\/td>\n<td>Up the coax, Protocol: HIKVISION-C (TVI output)<\/td>\n<\/tr>\n<tr>\n<td>Dimensions<\/td>\n<td>\u00d8 109.8 mm \u00d7 89.75 mm (\u00d8 4.32&#8243; \u00d7 3.53&#8243; )<\/td>\n<\/tr>\n<tr>\n<td>Weight<\/td>\n<td>Approx. 310 g (0.68 lb.)<\/td>\n<\/tr>\n<\/tbody>\n<\/table>\n","protected":false},"excerpt":{"rendered":"<ul>\n<li>Turbo HD 2MP Dome kamera<\/li>\n<li>EXIR ap\u0161vietimas iki 20m<\/li>\n<li>PIR 10m\/110\u00b0<\/li>\n<li>120dB WDR<\/li>\n<li>Smart IR<\/li>\n<li>IP67<\/li>\n<\/ul>\n","protected":false},"featured_media":28991,"comment_status":"closed","ping_status":"closed","template":"","meta":[],"product_brand":[],"product_cat":[371,344,318],"product_tag":[],"class_list":{"0":"post-18184","1":"product","2":"type-product","3":"status-publish","4":"has-post-thumbnail","6":"product_cat-turbo-hd-kupolines-kameros","7":"product_cat-turbo-hd-kameros","8":"product_cat-turbo-hd-apsauga","10":"first","11":"instock","12":"taxable","13":"shipping-taxable","14":"purchasable","15":"product-type-simple"},"yoast_head":"<!-- This site is optimized with the Yoast SEO Premium plugin v21.5 (Yoast SEO v27.3) - https:\/\/yoast.com\/product\/yoast-seo-premium-wordpress\/ -->\n<title>Hikvision DS-2CE71D8T-PIRL F2.8<\/title>\n<meta name=\"description\" content=\"Hikvision DS-2CE71D8T-PIRL F2.8 kamera ; PIR 10m\/110\u00b0 ; 120dB WDR ; Rai\u0161ka - 2MP ; EXIR ap\u0161vietimas iki 20m ; IP67 ; Spalva - balta\" \/>\n<meta name=\"robots\" content=\"index, follow, max-snippet:-1, max-image-preview:large, max-video-preview:-1\" \/>\n<link rel=\"canonical\" href=\"https:\/\/eheating.lt\/produktas\/hikvision-ds-2ce71d8t-pirl-f2-8\/\" \/>\n<meta property=\"og:locale\" content=\"en_US\" \/>\n<meta property=\"og:type\" content=\"article\" \/>\n<meta property=\"og:title\" content=\"Hikvision DS-2CE71D8T-PIRL F2.8\" \/>\n<meta property=\"og:description\" content=\"Hikvision DS-2CE71D8T-PIRL F2.8 kamera ; PIR 10m\/110\u00b0 ; 120dB WDR ; Rai\u0161ka - 2MP ; EXIR ap\u0161vietimas iki 20m ; IP67 ; Spalva - balta\" \/>\n<meta property=\"og:url\" content=\"https:\/\/eheating.lt\/produktas\/hikvision-ds-2ce71d8t-pirl-f2-8\/\" \/>\n<meta property=\"og:site_name\" content=\"Elektronika Namams\" \/>\n<meta property=\"article:publisher\" content=\"https:\/\/www.facebook.com\/ElektronikaNamams\" \/>\n<meta property=\"article:modified_time\" content=\"2024-07-11T16:10:49+00:00\" \/>\n<meta property=\"og:image\" content=\"https:\/\/eheating.lt\/wp-content\/uploads\/2023\/10\/Hikvision-DS-2CE71D8T-PIRL-F2.8.png\" \/>\n\t<meta property=\"og:image:width\" content=\"800\" \/>\n\t<meta property=\"og:image:height\" content=\"800\" \/>\n\t<meta property=\"og:image:type\" content=\"image\/png\" \/>\n<meta name=\"twitter:card\" content=\"summary_large_image\" \/>\n<meta name=\"twitter:label1\" content=\"Price\" \/>\n\t<meta name=\"twitter:data1\" content=\"80,69&nbsp;&euro;\" \/>\n\t<meta name=\"twitter:label2\" content=\"Availability\" \/>\n\t<meta name=\"twitter:data2\" content=\"In stock\" \/>\n<script type=\"application\/ld+json\" class=\"yoast-schema-graph\">{\"@context\":\"https:\\\/\\\/schema.org\",\"@graph\":[{\"@type\":\"WebPage\",\"@id\":\"https:\\\/\\\/eheating.lt\\\/produktas\\\/hikvision-ds-2ce71d8t-pirl-f2-8\\\/\",\"url\":\"https:\\\/\\\/eheating.lt\\\/produktas\\\/hikvision-ds-2ce71d8t-pirl-f2-8\\\/\",\"name\":\"Hikvision DS-2CE71D8T-PIRL F2.8\",\"isPartOf\":{\"@id\":\"https:\\\/\\\/eheating.lt\\\/#website\"},\"primaryImageOfPage\":{\"@id\":\"https:\\\/\\\/eheating.lt\\\/produktas\\\/hikvision-ds-2ce71d8t-pirl-f2-8\\\/#primaryimage\"},\"image\":{\"@id\":\"https:\\\/\\\/eheating.lt\\\/produktas\\\/hikvision-ds-2ce71d8t-pirl-f2-8\\\/#primaryimage\"},\"thumbnailUrl\":\"https:\\\/\\\/eheating.lt\\\/wp-content\\\/uploads\\\/2023\\\/10\\\/Hikvision-DS-2CE71D8T-PIRL-F2.8.png\",\"datePublished\":\"2023-11-17T21:43:35+00:00\",\"dateModified\":\"2024-07-11T16:10:49+00:00\",\"description\":\"Hikvision DS-2CE71D8T-PIRL F2.8 kamera ; PIR 10m\\\/110\u00b0 ; 120dB WDR ; Rai\u0161ka - 2MP ; EXIR ap\u0161vietimas iki 20m ; IP67 ; Spalva - balta\",\"breadcrumb\":{\"@id\":\"https:\\\/\\\/eheating.lt\\\/produktas\\\/hikvision-ds-2ce71d8t-pirl-f2-8\\\/#breadcrumb\"},\"inLanguage\":\"en-US\",\"potentialAction\":[{\"@type\":\"ReadAction\",\"target\":[\"https:\\\/\\\/eheating.lt\\\/produktas\\\/hikvision-ds-2ce71d8t-pirl-f2-8\\\/\"]}]},{\"@type\":\"ImageObject\",\"inLanguage\":\"en-US\",\"@id\":\"https:\\\/\\\/eheating.lt\\\/produktas\\\/hikvision-ds-2ce71d8t-pirl-f2-8\\\/#primaryimage\",\"url\":\"https:\\\/\\\/eheating.lt\\\/wp-content\\\/uploads\\\/2023\\\/10\\\/Hikvision-DS-2CE71D8T-PIRL-F2.8.png\",\"contentUrl\":\"https:\\\/\\\/eheating.lt\\\/wp-content\\\/uploads\\\/2023\\\/10\\\/Hikvision-DS-2CE71D8T-PIRL-F2.8.png\",\"width\":800,\"height\":800,\"caption\":\"Hikvision DS-2CE71D8T-PIRL F2.8\"},{\"@type\":\"BreadcrumbList\",\"@id\":\"https:\\\/\\\/eheating.lt\\\/produktas\\\/hikvision-ds-2ce71d8t-pirl-f2-8\\\/#breadcrumb\",\"itemListElement\":[{\"@type\":\"ListItem\",\"position\":1,\"name\":\"Prad\u017eia\",\"item\":\"https:\\\/\\\/eheating.lt\\\/en\\\/\"},{\"@type\":\"ListItem\",\"position\":2,\"name\":\"Shop\",\"item\":\"https:\\\/\\\/eheating.lt\\\/en\\\/?page_id=5734\"},{\"@type\":\"ListItem\",\"position\":3,\"name\":\"Hikvision DS-2CE71D8T-PIRL F2.8\"}]},{\"@type\":\"WebSite\",\"@id\":\"https:\\\/\\\/eheating.lt\\\/#website\",\"url\":\"https:\\\/\\\/eheating.lt\\\/\",\"name\":\"eHeating\",\"description\":\"Elektronika ir \u0161ildymas\",\"potentialAction\":[{\"@type\":\"SearchAction\",\"target\":{\"@type\":\"EntryPoint\",\"urlTemplate\":\"https:\\\/\\\/eheating.lt\\\/?s={search_term_string}\"},\"query-input\":{\"@type\":\"PropertyValueSpecification\",\"valueRequired\":true,\"valueName\":\"search_term_string\"}}],\"inLanguage\":\"en-US\"}]}<\/script>\n<meta property=\"product:price:amount\" content=\"80.69\" \/>\n<meta property=\"product:price:currency\" content=\"EUR\" \/>\n<meta property=\"og:availability\" content=\"instock\" \/>\n<meta property=\"product:availability\" content=\"instock\" \/>\n<meta property=\"product:retailer_item_id\" content=\"1623ac96490c\" \/>\n<meta property=\"product:condition\" content=\"new\" \/>\n<!-- \/ Yoast SEO Premium plugin. -->","yoast_head_json":{"title":"Hikvision DS-2CE71D8T-PIRL F2.8","description":"Hikvision DS-2CE71D8T-PIRL F2.8 kamera ; PIR 10m\/110\u00b0 ; 120dB WDR ; Rai\u0161ka - 2MP ; EXIR ap\u0161vietimas iki 20m ; IP67 ; Spalva - balta","robots":{"index":"index","follow":"follow","max-snippet":"max-snippet:-1","max-image-preview":"max-image-preview:large","max-video-preview":"max-video-preview:-1"},"canonical":"https:\/\/eheating.lt\/produktas\/hikvision-ds-2ce71d8t-pirl-f2-8\/","og_locale":"en_US","og_type":"article","og_title":"Hikvision DS-2CE71D8T-PIRL F2.8","og_description":"Hikvision DS-2CE71D8T-PIRL F2.8 kamera ; PIR 10m\/110\u00b0 ; 120dB WDR ; Rai\u0161ka - 2MP ; EXIR ap\u0161vietimas iki 20m ; IP67 ; Spalva - balta","og_url":"https:\/\/eheating.lt\/produktas\/hikvision-ds-2ce71d8t-pirl-f2-8\/","og_site_name":"Elektronika Namams","article_publisher":"https:\/\/www.facebook.com\/ElektronikaNamams","article_modified_time":"2024-07-11T16:10:49+00:00","og_image":[{"width":800,"height":800,"url":"https:\/\/eheating.lt\/wp-content\/uploads\/2023\/10\/Hikvision-DS-2CE71D8T-PIRL-F2.8.png","type":"image\/png"}],"twitter_card":"summary_large_image","twitter_misc":{"Price":"80,69&nbsp;&euro;","Availability":"In stock"},"schema":{"@context":"https:\/\/schema.org","@graph":[{"@type":"WebPage","@id":"https:\/\/eheating.lt\/produktas\/hikvision-ds-2ce71d8t-pirl-f2-8\/","url":"https:\/\/eheating.lt\/produktas\/hikvision-ds-2ce71d8t-pirl-f2-8\/","name":"Hikvision DS-2CE71D8T-PIRL F2.8","isPartOf":{"@id":"https:\/\/eheating.lt\/#website"},"primaryImageOfPage":{"@id":"https:\/\/eheating.lt\/produktas\/hikvision-ds-2ce71d8t-pirl-f2-8\/#primaryimage"},"image":{"@id":"https:\/\/eheating.lt\/produktas\/hikvision-ds-2ce71d8t-pirl-f2-8\/#primaryimage"},"thumbnailUrl":"https:\/\/eheating.lt\/wp-content\/uploads\/2023\/10\/Hikvision-DS-2CE71D8T-PIRL-F2.8.png","datePublished":"2023-11-17T21:43:35+00:00","dateModified":"2024-07-11T16:10:49+00:00","description":"Hikvision DS-2CE71D8T-PIRL F2.8 kamera ; PIR 10m\/110\u00b0 ; 120dB WDR ; Rai\u0161ka - 2MP ; EXIR ap\u0161vietimas iki 20m ; IP67 ; Spalva - balta","breadcrumb":{"@id":"https:\/\/eheating.lt\/produktas\/hikvision-ds-2ce71d8t-pirl-f2-8\/#breadcrumb"},"inLanguage":"en-US","potentialAction":[{"@type":"ReadAction","target":["https:\/\/eheating.lt\/produktas\/hikvision-ds-2ce71d8t-pirl-f2-8\/"]}]},{"@type":"ImageObject","inLanguage":"en-US","@id":"https:\/\/eheating.lt\/produktas\/hikvision-ds-2ce71d8t-pirl-f2-8\/#primaryimage","url":"https:\/\/eheating.lt\/wp-content\/uploads\/2023\/10\/Hikvision-DS-2CE71D8T-PIRL-F2.8.png","contentUrl":"https:\/\/eheating.lt\/wp-content\/uploads\/2023\/10\/Hikvision-DS-2CE71D8T-PIRL-F2.8.png","width":800,"height":800,"caption":"Hikvision DS-2CE71D8T-PIRL F2.8"},{"@type":"BreadcrumbList","@id":"https:\/\/eheating.lt\/produktas\/hikvision-ds-2ce71d8t-pirl-f2-8\/#breadcrumb","itemListElement":[{"@type":"ListItem","position":1,"name":"Prad\u017eia","item":"https:\/\/eheating.lt\/en\/"},{"@type":"ListItem","position":2,"name":"Shop","item":"https:\/\/eheating.lt\/en\/?page_id=5734"},{"@type":"ListItem","position":3,"name":"Hikvision DS-2CE71D8T-PIRL F2.8"}]},{"@type":"WebSite","@id":"https:\/\/eheating.lt\/#website","url":"https:\/\/eheating.lt\/","name":"eHeating","description":"Elektronika ir \u0161ildymas","potentialAction":[{"@type":"SearchAction","target":{"@type":"EntryPoint","urlTemplate":"https:\/\/eheating.lt\/?s={search_term_string}"},"query-input":{"@type":"PropertyValueSpecification","valueRequired":true,"valueName":"search_term_string"}}],"inLanguage":"en-US"}]},"product_price_amount":"80.69","product_price_currency":"EUR","og_availability":"instock","product_availability":"instock","product_retailer_item_id":"1623ac96490c","product_condition":"new"},"_links":{"self":[{"href":"https:\/\/eheating.lt\/en\/wp-json\/wp\/v2\/product\/18184","targetHints":{"allow":["GET"]}}],"collection":[{"href":"https:\/\/eheating.lt\/en\/wp-json\/wp\/v2\/product"}],"about":[{"href":"https:\/\/eheating.lt\/en\/wp-json\/wp\/v2\/types\/product"}],"replies":[{"embeddable":true,"href":"https:\/\/eheating.lt\/en\/wp-json\/wp\/v2\/comments?post=18184"}],"version-history":[{"count":0,"href":"https:\/\/eheating.lt\/en\/wp-json\/wp\/v2\/product\/18184\/revisions"}],"wp:featuredmedia":[{"embeddable":true,"href":"https:\/\/eheating.lt\/en\/wp-json\/wp\/v2\/media\/28991"}],"wp:attachment":[{"href":"https:\/\/eheating.lt\/en\/wp-json\/wp\/v2\/media?parent=18184"}],"wp:term":[{"taxonomy":"product_brand","embeddable":true,"href":"https:\/\/eheating.lt\/en\/wp-json\/wp\/v2\/product_brand?post=18184"},{"taxonomy":"product_cat","embeddable":true,"href":"https:\/\/eheating.lt\/en\/wp-json\/wp\/v2\/product_cat?post=18184"},{"taxonomy":"product_tag","embeddable":true,"href":"https:\/\/eheating.lt\/en\/wp-json\/wp\/v2\/product_tag?post=18184"}],"curies":[{"name":"wp","href":"https:\/\/api.w.org\/{rel}","templated":true}]}}