{"id":18182,"date":"2023-11-17T23:49:13","date_gmt":"2023-11-17T21:49:13","guid":{"rendered":"https:\/\/eheating.lt\/?post_type=product&#038;p=18182"},"modified":"2024-10-18T17:05:57","modified_gmt":"2024-10-18T14:05:57","slug":"hikvision-ds-7316huhi-k4","status":"publish","type":"product","link":"https:\/\/eheating.lt\/en\/produktas\/hikvision-ds-7316huhi-k4\/","title":{"rendered":"Hikvision DS-7316HUHI-K4"},"content":{"rendered":"<table>\n<tbody>\n<tr>\n<th colspan=\"3&quot;\" scope=\"col\" height=\"50\">Video\/Audio Input<\/th>\n<\/tr>\n<tr>\n<td>Audio Input:<\/td>\n<td width=\"15\">;<\/td>\n<td>4-ch<\/td>\n<\/tr>\n<tr>\n<td>Video Compression:<\/td>\n<td width=\"15\">;<\/td>\n<td>H.265+\/H.265\/H.264+\/H.264<\/td>\n<\/tr>\n<tr>\n<td>Analog and HD-TVI video input:<\/td>\n<td width=\"15\">;<\/td>\n<td>8-ch,BNC interface (1.0Vp-p, 75 \u03a9)connection<\/td>\n<\/tr>\n<tr>\n<td>Supported camera types:<\/td>\n<td width=\"15\">;<\/td>\n<td>Support HDTVI input: 8 MP, 5 MP, 4 MP, 3 MP, 1080p25, 1080p30, 720p25, 720p30, 720p50, 720p60<br \/>\nSupport AHD input: 5MP,4MP,1080p\/25Hz, 1080p\/30Hz, 720p\/25Hz, 720p\/30Hz<br \/>\nSupport CVI input: 4 MP, 720p25, 720p30, 1080p25, 1080p30<br \/>\nsupport CVBS input<\/td>\n<\/tr>\n<tr>\n<td>IP Video Input:<\/td>\n<td width=\"15\">;<\/td>\n<td>2-ch(up to 18ch) Up to 8MP resolution<\/td>\n<\/tr>\n<tr>\n<td>Audio Compression:<\/td>\n<td width=\"15\">;<\/td>\n<td>G.711u<\/td>\n<\/tr>\n<tr>\n<td>Audio Input Interface:<\/td>\n<td width=\"15\">;<\/td>\n<td>4-ch, RCA (2.0 Vp-p, 1 K\u03a9)<\/td>\n<\/tr>\n<tr>\n<td>Two-way Audio:<\/td>\n<td width=\"15\">;<\/td>\n<td>1-ch, RCA (2.0 Vp-p, 1 K\u03a9) (using audio input)<\/td>\n<\/tr>\n<tr>\n<th colspan=\"3\" scope=\"col\" height=\"50\">Video\/Audio Output<\/th>\n<\/tr>\n<tr>\n<td>HDMI2 Output:<\/td>\n<td width=\"15\">;<\/td>\n<td>1-ch,4K(3840 \u00d7 2160)\/30Hz,2K(2560 \u00d7 1440)\/60Hz,1920\u00d71080\/60Hz,1280 \u00d7 1024\/60Hz,1280 \u00d7 720\/60Hz, 1024 \u00d7 768\/60Hz<\/td>\n<\/tr>\n<tr>\n<td>HDMI\/VGA Output:<\/td>\n<td width=\"15\">;<\/td>\n<td>1920 \u00d7 1080 \/ 60 Hz,1280 \u00d7 1024 \/ 60 Hz, 1280 \u00d7 720 \/ 60 Hz, 1024 \u00d7 768 \/ 60 Hz<\/td>\n<\/tr>\n<tr>\n<td>Recording resolution:<\/td>\n<td width=\"15\">;<\/td>\n<td>8 MP\/5 MP\/4 MP\/3 MP\/1080p\/720p\/WD1\/4CIF\/VGA\/CIF<\/td>\n<\/tr>\n<tr>\n<td>Frame Rate:<\/td>\n<td width=\"15\">;<\/td>\n<td>Main stream:<br \/>\n8 MP@8fps; 5 MP@12fps; 4 MP@ 15fps; 3 MP@18fps;<br \/>\n1080p\/720p\/WD1\/4CIF\/VGA\/CIF@25fps (P)\/30fps (N)<br \/>\nSub-stream:<br \/>\nWD1\/4CIF\/CIF@25fps (P)\/30fps (N)<\/td>\n<\/tr>\n<tr>\n<td>Video Bit Rate:<\/td>\n<td width=\"15\">;<\/td>\n<td>32 Kbps-10 Mbps<\/td>\n<\/tr>\n<tr>\n<td>Stream Type:<\/td>\n<td width=\"15\">;<\/td>\n<td>Video\/Video&amp;Audio<\/td>\n<\/tr>\n<tr>\n<td>Two-way Audio:<\/td>\n<td width=\"15\">;<\/td>\n<td>1-ch, RCA (2.0 Vp-p, 1 k\u03a9) (independent)<\/td>\n<\/tr>\n<tr>\n<td>Audio Output:<\/td>\n<td width=\"15\">;<\/td>\n<td>2-ch, RCA (Linear, 1 k\u03a9)<\/td>\n<\/tr>\n<tr>\n<td>Dual Stream:<\/td>\n<td width=\"15\">;<\/td>\n<td>Support<\/td>\n<\/tr>\n<tr>\n<td>Playback Resolution:<\/td>\n<td width=\"15\">;<\/td>\n<td>8MP\/5MP\/4MP\/3MP\/1080p\/720p\/WD1\/4CIF\/VGA\/CIF<\/td>\n<\/tr>\n<tr>\n<td>Synchronous Playback:<\/td>\n<td width=\"15\">;<\/td>\n<td>16-ch<\/td>\n<\/tr>\n<tr>\n<th colspan=\"3\" scope=\"col\" height=\"50\">Network management<\/th>\n<\/tr>\n<tr>\n<td>Remote connections:<\/td>\n<td width=\"15\">;<\/td>\n<td>128<\/td>\n<\/tr>\n<tr>\n<td>Network protocols:<\/td>\n<td width=\"15\">;<\/td>\n<td>TCP\/IP, PPPoE, DHCP, Hik-connect Cloud P2P,DNS, DDNS, NTP, SADP, NFS, iSCSI, UPnP\u2122, HTTPS,ONVIF,SNMP<\/td>\n<\/tr>\n<tr>\n<th colspan=\"3\" scope=\"col\" height=\"50\">Hard Disk Driver<\/th>\n<\/tr>\n<tr>\n<td>Interface Type:<\/td>\n<td width=\"15\">;<\/td>\n<td>4 SATA Interfaces<\/td>\n<\/tr>\n<tr>\n<td>Capacity:<\/td>\n<td width=\"15\">;<\/td>\n<td>Up to 8 TB capacity for each disk<\/td>\n<\/tr>\n<tr>\n<td>e-SATA Interface:<\/td>\n<td width=\"15\">;<\/td>\n<td>1 eSATA interface<\/td>\n<\/tr>\n<tr>\n<th colspan=\"3\" scope=\"col\" height=\"50\">Disk Array<\/th>\n<\/tr>\n<tr>\n<td>Array Type:<\/td>\n<td width=\"15\">;<\/td>\n<td>RAID0, RAID1, RAID5, RAID6,RAID10<\/td>\n<\/tr>\n<tr>\n<th colspan=\"3\" scope=\"col\" height=\"50\">External Interface<\/th>\n<\/tr>\n<tr>\n<td>Network Interface:<\/td>\n<td width=\"15\">;<\/td>\n<td>2; 10M \/ 100M \/ 1000M self-adaptive Ethernet interfaces<\/td>\n<\/tr>\n<tr>\n<td>USB Interface:<\/td>\n<td width=\"15\">;<\/td>\n<td>2 USB 2.0 Interface on the front panel<\/td>\n<\/tr>\n<\/tbody>\n<\/table>\n<p>&#8220;<\/p>\n","protected":false},"excerpt":{"rendered":"<ul>\n<li>Turbo HD DVR<\/li>\n<li>16 kanal\u0173 +2 IP kanalai (iki 8MP)<\/li>\n<li>H.265+\/H.264+<\/li>\n<li>4 SATA<\/li>\n<li>Audio 4 IN<\/li>\n<li>Aliarmo 16 IN\/4 OUT<\/li>\n<li>LAN<\/li>\n<li>HDMI i\u0161\u0117jimas iki 4K<\/li>\n<\/ul>\n","protected":false},"featured_media":29061,"comment_status":"closed","ping_status":"closed","template":"","meta":[],"product_brand":[],"product_cat":[322,318,320],"product_tag":[],"class_list":{"0":"post-18182","1":"product","2":"type-product","3":"status-publish","4":"has-post-thumbnail","6":"product_cat-16-kanalu-dvr","7":"product_cat-turbo-hd-apsauga","8":"product_cat-turbo-hd-vaizdo-irasymo-irenginiai","10":"first","11":"onbackorder","12":"purchasable","13":"product-type-simple"},"yoast_head":"<!-- This site is optimized with the Yoast SEO Premium plugin v21.5 (Yoast SEO v27.4) - https:\/\/yoast.com\/product\/yoast-seo-premium-wordpress\/ -->\n<title>Hikvision DS-7316HUHI-K4<\/title>\n<meta name=\"description\" content=\"Hikvision DS-7316HUHI-K4 vaizdo \u012fra\u0161ymo \u012frenginys ; 16 kanal\u0173 +2 IP kanalai (iki 8MP) ; 4 SATA ; HDMI i\u0161\u0117jimas iki 4K ; Aliarmo 16 IN\/4 OUT\" \/>\n<meta name=\"robots\" content=\"index, follow, max-snippet:-1, max-image-preview:large, max-video-preview:-1\" \/>\n<link rel=\"canonical\" href=\"https:\/\/eheating.lt\/produktas\/hikvision-ds-7316huhi-k4\/\" \/>\n<meta property=\"og:locale\" content=\"en_US\" \/>\n<meta property=\"og:type\" content=\"article\" \/>\n<meta property=\"og:title\" content=\"Hikvision DS-7316HUHI-K4\" \/>\n<meta property=\"og:description\" content=\"Hikvision DS-7316HUHI-K4 vaizdo \u012fra\u0161ymo \u012frenginys ; 16 kanal\u0173 +2 IP kanalai (iki 8MP) ; 4 SATA ; HDMI i\u0161\u0117jimas iki 4K ; Aliarmo 16 IN\/4 OUT\" \/>\n<meta property=\"og:url\" content=\"https:\/\/eheating.lt\/produktas\/hikvision-ds-7316huhi-k4\/\" \/>\n<meta property=\"og:site_name\" content=\"Elektronika Namams\" \/>\n<meta property=\"article:publisher\" content=\"https:\/\/www.facebook.com\/ElektronikaNamams\" \/>\n<meta property=\"article:modified_time\" content=\"2024-10-18T14:05:57+00:00\" \/>\n<meta property=\"og:image\" content=\"https:\/\/eheating.lt\/wp-content\/uploads\/2023\/10\/Hikvision-DS-7316HUHI-K4.png\" \/>\n\t<meta property=\"og:image:width\" content=\"800\" \/>\n\t<meta property=\"og:image:height\" content=\"800\" \/>\n\t<meta property=\"og:image:type\" content=\"image\/png\" \/>\n<meta name=\"twitter:card\" content=\"summary_large_image\" \/>\n<meta name=\"twitter:label1\" content=\"Price\" \/>\n\t<meta name=\"twitter:data1\" content=\"1207,12&nbsp;&euro;\" \/>\n\t<meta name=\"twitter:label2\" content=\"Availability\" \/>\n\t<meta name=\"twitter:data2\" content=\"On backorder\" \/>\n<script type=\"application\/ld+json\" class=\"yoast-schema-graph\">{\"@context\":\"https:\\\/\\\/schema.org\",\"@graph\":[{\"@type\":\"WebPage\",\"@id\":\"https:\\\/\\\/eheating.lt\\\/produktas\\\/hikvision-ds-7316huhi-k4\\\/\",\"url\":\"https:\\\/\\\/eheating.lt\\\/produktas\\\/hikvision-ds-7316huhi-k4\\\/\",\"name\":\"Hikvision DS-7316HUHI-K4\",\"isPartOf\":{\"@id\":\"https:\\\/\\\/eheating.lt\\\/#website\"},\"primaryImageOfPage\":{\"@id\":\"https:\\\/\\\/eheating.lt\\\/produktas\\\/hikvision-ds-7316huhi-k4\\\/#primaryimage\"},\"image\":{\"@id\":\"https:\\\/\\\/eheating.lt\\\/produktas\\\/hikvision-ds-7316huhi-k4\\\/#primaryimage\"},\"thumbnailUrl\":\"https:\\\/\\\/eheating.lt\\\/wp-content\\\/uploads\\\/2023\\\/10\\\/Hikvision-DS-7316HUHI-K4.png\",\"datePublished\":\"2023-11-17T21:49:13+00:00\",\"dateModified\":\"2024-10-18T14:05:57+00:00\",\"description\":\"Hikvision DS-7316HUHI-K4 vaizdo \u012fra\u0161ymo \u012frenginys ; 16 kanal\u0173 +2 IP kanalai (iki 8MP) ; 4 SATA ; HDMI i\u0161\u0117jimas iki 4K ; Aliarmo 16 IN\\\/4 OUT\",\"breadcrumb\":{\"@id\":\"https:\\\/\\\/eheating.lt\\\/produktas\\\/hikvision-ds-7316huhi-k4\\\/#breadcrumb\"},\"inLanguage\":\"en-US\",\"potentialAction\":[{\"@type\":\"ReadAction\",\"target\":[\"https:\\\/\\\/eheating.lt\\\/produktas\\\/hikvision-ds-7316huhi-k4\\\/\"]}]},{\"@type\":\"ImageObject\",\"inLanguage\":\"en-US\",\"@id\":\"https:\\\/\\\/eheating.lt\\\/produktas\\\/hikvision-ds-7316huhi-k4\\\/#primaryimage\",\"url\":\"https:\\\/\\\/eheating.lt\\\/wp-content\\\/uploads\\\/2023\\\/10\\\/Hikvision-DS-7316HUHI-K4.png\",\"contentUrl\":\"https:\\\/\\\/eheating.lt\\\/wp-content\\\/uploads\\\/2023\\\/10\\\/Hikvision-DS-7316HUHI-K4.png\",\"width\":800,\"height\":800,\"caption\":\"Hikvision DS-7316HUHI-K4\"},{\"@type\":\"BreadcrumbList\",\"@id\":\"https:\\\/\\\/eheating.lt\\\/produktas\\\/hikvision-ds-7316huhi-k4\\\/#breadcrumb\",\"itemListElement\":[{\"@type\":\"ListItem\",\"position\":1,\"name\":\"Prad\u017eia\",\"item\":\"https:\\\/\\\/eheating.lt\\\/en\\\/\"},{\"@type\":\"ListItem\",\"position\":2,\"name\":\"Shop\",\"item\":\"https:\\\/\\\/eheating.lt\\\/en\\\/?page_id=5734\"},{\"@type\":\"ListItem\",\"position\":3,\"name\":\"Hikvision DS-7316HUHI-K4\"}]},{\"@type\":\"WebSite\",\"@id\":\"https:\\\/\\\/eheating.lt\\\/#website\",\"url\":\"https:\\\/\\\/eheating.lt\\\/\",\"name\":\"eHeating\",\"description\":\"Elektronika ir \u0161ildymas\",\"potentialAction\":[{\"@type\":\"SearchAction\",\"target\":{\"@type\":\"EntryPoint\",\"urlTemplate\":\"https:\\\/\\\/eheating.lt\\\/?s={search_term_string}\"},\"query-input\":{\"@type\":\"PropertyValueSpecification\",\"valueRequired\":true,\"valueName\":\"search_term_string\"}}],\"inLanguage\":\"en-US\"}]}<\/script>\n<meta property=\"product:price:amount\" content=\"1207.12\" \/>\n<meta property=\"product:price:currency\" content=\"EUR\" \/>\n<meta property=\"og:availability\" content=\"backorder\" \/>\n<meta property=\"product:availability\" content=\"available for order\" \/>\n<meta property=\"product:retailer_item_id\" content=\"5800eaae3796\" \/>\n<meta property=\"product:condition\" content=\"new\" \/>\n<!-- \/ Yoast SEO Premium plugin. -->","yoast_head_json":{"title":"Hikvision DS-7316HUHI-K4","description":"Hikvision DS-7316HUHI-K4 vaizdo \u012fra\u0161ymo \u012frenginys ; 16 kanal\u0173 +2 IP kanalai (iki 8MP) ; 4 SATA ; HDMI i\u0161\u0117jimas iki 4K ; Aliarmo 16 IN\/4 OUT","robots":{"index":"index","follow":"follow","max-snippet":"max-snippet:-1","max-image-preview":"max-image-preview:large","max-video-preview":"max-video-preview:-1"},"canonical":"https:\/\/eheating.lt\/produktas\/hikvision-ds-7316huhi-k4\/","og_locale":"en_US","og_type":"article","og_title":"Hikvision DS-7316HUHI-K4","og_description":"Hikvision DS-7316HUHI-K4 vaizdo \u012fra\u0161ymo \u012frenginys ; 16 kanal\u0173 +2 IP kanalai (iki 8MP) ; 4 SATA ; HDMI i\u0161\u0117jimas iki 4K ; Aliarmo 16 IN\/4 OUT","og_url":"https:\/\/eheating.lt\/produktas\/hikvision-ds-7316huhi-k4\/","og_site_name":"Elektronika Namams","article_publisher":"https:\/\/www.facebook.com\/ElektronikaNamams","article_modified_time":"2024-10-18T14:05:57+00:00","og_image":[{"width":800,"height":800,"url":"https:\/\/eheating.lt\/wp-content\/uploads\/2023\/10\/Hikvision-DS-7316HUHI-K4.png","type":"image\/png"}],"twitter_card":"summary_large_image","twitter_misc":{"Price":"1207,12&nbsp;&euro;","Availability":"On backorder"},"schema":{"@context":"https:\/\/schema.org","@graph":[{"@type":"WebPage","@id":"https:\/\/eheating.lt\/produktas\/hikvision-ds-7316huhi-k4\/","url":"https:\/\/eheating.lt\/produktas\/hikvision-ds-7316huhi-k4\/","name":"Hikvision DS-7316HUHI-K4","isPartOf":{"@id":"https:\/\/eheating.lt\/#website"},"primaryImageOfPage":{"@id":"https:\/\/eheating.lt\/produktas\/hikvision-ds-7316huhi-k4\/#primaryimage"},"image":{"@id":"https:\/\/eheating.lt\/produktas\/hikvision-ds-7316huhi-k4\/#primaryimage"},"thumbnailUrl":"https:\/\/eheating.lt\/wp-content\/uploads\/2023\/10\/Hikvision-DS-7316HUHI-K4.png","datePublished":"2023-11-17T21:49:13+00:00","dateModified":"2024-10-18T14:05:57+00:00","description":"Hikvision DS-7316HUHI-K4 vaizdo \u012fra\u0161ymo \u012frenginys ; 16 kanal\u0173 +2 IP kanalai (iki 8MP) ; 4 SATA ; HDMI i\u0161\u0117jimas iki 4K ; Aliarmo 16 IN\/4 OUT","breadcrumb":{"@id":"https:\/\/eheating.lt\/produktas\/hikvision-ds-7316huhi-k4\/#breadcrumb"},"inLanguage":"en-US","potentialAction":[{"@type":"ReadAction","target":["https:\/\/eheating.lt\/produktas\/hikvision-ds-7316huhi-k4\/"]}]},{"@type":"ImageObject","inLanguage":"en-US","@id":"https:\/\/eheating.lt\/produktas\/hikvision-ds-7316huhi-k4\/#primaryimage","url":"https:\/\/eheating.lt\/wp-content\/uploads\/2023\/10\/Hikvision-DS-7316HUHI-K4.png","contentUrl":"https:\/\/eheating.lt\/wp-content\/uploads\/2023\/10\/Hikvision-DS-7316HUHI-K4.png","width":800,"height":800,"caption":"Hikvision DS-7316HUHI-K4"},{"@type":"BreadcrumbList","@id":"https:\/\/eheating.lt\/produktas\/hikvision-ds-7316huhi-k4\/#breadcrumb","itemListElement":[{"@type":"ListItem","position":1,"name":"Prad\u017eia","item":"https:\/\/eheating.lt\/en\/"},{"@type":"ListItem","position":2,"name":"Shop","item":"https:\/\/eheating.lt\/en\/?page_id=5734"},{"@type":"ListItem","position":3,"name":"Hikvision DS-7316HUHI-K4"}]},{"@type":"WebSite","@id":"https:\/\/eheating.lt\/#website","url":"https:\/\/eheating.lt\/","name":"eHeating","description":"Elektronika ir \u0161ildymas","potentialAction":[{"@type":"SearchAction","target":{"@type":"EntryPoint","urlTemplate":"https:\/\/eheating.lt\/?s={search_term_string}"},"query-input":{"@type":"PropertyValueSpecification","valueRequired":true,"valueName":"search_term_string"}}],"inLanguage":"en-US"}]},"product_price_amount":"1207.12","product_price_currency":"EUR","og_availability":"backorder","product_availability":"available for order","product_retailer_item_id":"5800eaae3796","product_condition":"new"},"_links":{"self":[{"href":"https:\/\/eheating.lt\/en\/wp-json\/wp\/v2\/product\/18182","targetHints":{"allow":["GET"]}}],"collection":[{"href":"https:\/\/eheating.lt\/en\/wp-json\/wp\/v2\/product"}],"about":[{"href":"https:\/\/eheating.lt\/en\/wp-json\/wp\/v2\/types\/product"}],"replies":[{"embeddable":true,"href":"https:\/\/eheating.lt\/en\/wp-json\/wp\/v2\/comments?post=18182"}],"version-history":[{"count":0,"href":"https:\/\/eheating.lt\/en\/wp-json\/wp\/v2\/product\/18182\/revisions"}],"wp:featuredmedia":[{"embeddable":true,"href":"https:\/\/eheating.lt\/en\/wp-json\/wp\/v2\/media\/29061"}],"wp:attachment":[{"href":"https:\/\/eheating.lt\/en\/wp-json\/wp\/v2\/media?parent=18182"}],"wp:term":[{"taxonomy":"product_brand","embeddable":true,"href":"https:\/\/eheating.lt\/en\/wp-json\/wp\/v2\/product_brand?post=18182"},{"taxonomy":"product_cat","embeddable":true,"href":"https:\/\/eheating.lt\/en\/wp-json\/wp\/v2\/product_cat?post=18182"},{"taxonomy":"product_tag","embeddable":true,"href":"https:\/\/eheating.lt\/en\/wp-json\/wp\/v2\/product_tag?post=18182"}],"curies":[{"name":"wp","href":"https:\/\/api.w.org\/{rel}","templated":true}]}}