{"id":18180,"date":"2023-12-28T15:22:09","date_gmt":"2023-12-28T13:22:09","guid":{"rendered":"https:\/\/eheating.lt\/?post_type=product&#038;p=18180"},"modified":"2024-09-13T17:42:01","modified_gmt":"2024-09-13T14:42:01","slug":"hikvision-ds-k2m060","status":"publish","type":"product","link":"https:\/\/eheating.lt\/en\/produktas\/hikvision-ds-k2m060\/","title":{"rendered":"Hikvision DS-K2M060"},"content":{"rendered":"<table>\n<tbody>\n<tr>\n<td>\u012evesties s\u0105saja<\/td>\n<td>|<\/td>\n<td>Exit\u00a0Button*1,\u00a0Door\u00a0Magnetic*1,\u00a0and<br \/>\nWiegand*1<\/td>\n<\/tr>\n<tr>\n<td>I\u0161vesties s\u0105saja<\/td>\n<td>|<\/td>\n<td>Lock*1,\u00a0Alarm\u00a0Out*1<\/td>\n<\/tr>\n<tr>\n<td>Komunikacija<\/td>\n<td>|<\/td>\n<td>\u00a0RS-485<\/td>\n<\/tr>\n<tr>\n<td>Maitinimas<\/td>\n<td>|<\/td>\n<td>12VDC<\/td>\n<\/tr>\n<tr>\n<td>Indikacija<\/td>\n<td>|<\/td>\n<td>7\u00a0Indicators\u00a0(RS-485\u00a0Communication\u00a0Status*2,\u00a0Power\u00a0Supply*1,<br \/>\nExit\u00a0Button*1,\u00a0Lock\u00a0Status*1,\u00a0Door\u00a0Magnetic*1\u00a0and\u00a0Running<br \/>\nStatus*1)<\/td>\n<\/tr>\n<tr>\n<td>Montavimas<\/td>\n<td>|<\/td>\n<td>Wall\u00a0Mounting<\/td>\n<\/tr>\n<tr>\n<td>Darbo temperat\u016bra<\/td>\n<td>|<\/td>\n<td>-30\u00b0C\u00a0to\u00a0+55\u00b0C\u00a0(-22\u00b0F\u00a0to\u00a0131\u00b0F)<\/td>\n<\/tr>\n<tr>\n<td>Santykinis oro dr\u0117gnumas<\/td>\n<td>|<\/td>\n<td>10%\u00a0to\u00a090%\u00a0(Non-Condensing)<\/td>\n<\/tr>\n<tr>\n<td>I\u0161matavimai (L\u00d7W\u00d7H)<\/td>\n<td>|<\/td>\n<td>48\u00d7115\u00d725mm\u00a0(1.89\u00d74.53\u00d70.98inch)<\/td>\n<\/tr>\n<\/tbody>\n<\/table>\n","protected":false},"excerpt":{"rendered":"<ul>\n<li>Dur\u0173 kontrol\u0117s s\u0105saja<\/li>\n<li>Komunikuoja su kontroleriu per RS-485 dur\u0173 u\u017edarymui\/adidarymui<\/li>\n<li>Palaiko Wiegand s\u0105saj\u0105 prisijungimui prie korteli\u0173 skaitytuvo<\/li>\n<\/ul>\n","protected":false},"featured_media":30671,"comment_status":"closed","ping_status":"closed","template":"","meta":[],"product_brand":[],"product_cat":[348,328],"product_tag":[974],"class_list":{"0":"post-18180","1":"product","2":"type-product","3":"status-publish","4":"has-post-thumbnail","6":"product_cat-hikvision-ieigos-kontrole","7":"product_cat-ieigos-kontroles-sistemos","8":"product_tag-ean","10":"first","11":"outofstock","12":"taxable","13":"shipping-taxable","14":"purchasable","15":"product-type-simple"},"yoast_head":"<!-- This site is optimized with the Yoast SEO Premium plugin v21.5 (Yoast SEO v27.3) - https:\/\/yoast.com\/product\/yoast-seo-premium-wordpress\/ -->\n<title>Hikvision DS-K2M060<\/title>\n<meta name=\"description\" content=\"Hikvision DS-K2M060 dur\u0173 kontrol\u0117s s\u0105saja ; Komunikuoja su kontroleriu per RS-485 dur\u0173 u\u017edarymui\/adidarymui ; Palaiko Wiegand s\u0105saj\u0105\" \/>\n<meta name=\"robots\" content=\"index, follow, max-snippet:-1, max-image-preview:large, max-video-preview:-1\" \/>\n<link rel=\"canonical\" href=\"https:\/\/eheating.lt\/produktas\/hikvision-ds-k2m060\/\" \/>\n<meta property=\"og:locale\" content=\"en_US\" \/>\n<meta property=\"og:type\" content=\"article\" \/>\n<meta property=\"og:title\" content=\"Hikvision DS-K2M060\" \/>\n<meta property=\"og:description\" content=\"Hikvision DS-K2M060 dur\u0173 kontrol\u0117s s\u0105saja ; Komunikuoja su kontroleriu per RS-485 dur\u0173 u\u017edarymui\/adidarymui ; Palaiko Wiegand s\u0105saj\u0105\" \/>\n<meta property=\"og:url\" content=\"https:\/\/eheating.lt\/produktas\/hikvision-ds-k2m060\/\" \/>\n<meta property=\"og:site_name\" content=\"Elektronika Namams\" \/>\n<meta property=\"article:publisher\" content=\"https:\/\/www.facebook.com\/ElektronikaNamams\" \/>\n<meta property=\"article:modified_time\" content=\"2024-09-13T14:42:01+00:00\" \/>\n<meta property=\"og:image\" content=\"https:\/\/eheating.lt\/wp-content\/uploads\/2023\/10\/Hikvision-DS-K2M060.png\" \/>\n\t<meta property=\"og:image:width\" content=\"800\" \/>\n\t<meta property=\"og:image:height\" content=\"800\" \/>\n\t<meta property=\"og:image:type\" content=\"image\/png\" \/>\n<meta name=\"twitter:card\" content=\"summary_large_image\" \/>\n<meta name=\"twitter:label1\" content=\"Price\" \/>\n\t<meta name=\"twitter:data1\" content=\"73,15&nbsp;&euro;\" \/>\n\t<meta name=\"twitter:label2\" content=\"Availability\" \/>\n\t<meta name=\"twitter:data2\" content=\"Out of stock\" \/>\n<script type=\"application\/ld+json\" class=\"yoast-schema-graph\">{\"@context\":\"https:\\\/\\\/schema.org\",\"@graph\":[{\"@type\":\"WebPage\",\"@id\":\"https:\\\/\\\/eheating.lt\\\/produktas\\\/hikvision-ds-k2m060\\\/\",\"url\":\"https:\\\/\\\/eheating.lt\\\/produktas\\\/hikvision-ds-k2m060\\\/\",\"name\":\"Hikvision DS-K2M060\",\"isPartOf\":{\"@id\":\"https:\\\/\\\/eheating.lt\\\/#website\"},\"primaryImageOfPage\":{\"@id\":\"https:\\\/\\\/eheating.lt\\\/produktas\\\/hikvision-ds-k2m060\\\/#primaryimage\"},\"image\":{\"@id\":\"https:\\\/\\\/eheating.lt\\\/produktas\\\/hikvision-ds-k2m060\\\/#primaryimage\"},\"thumbnailUrl\":\"https:\\\/\\\/eheating.lt\\\/wp-content\\\/uploads\\\/2023\\\/10\\\/Hikvision-DS-K2M060.png\",\"datePublished\":\"2023-12-28T13:22:09+00:00\",\"dateModified\":\"2024-09-13T14:42:01+00:00\",\"description\":\"Hikvision DS-K2M060 dur\u0173 kontrol\u0117s s\u0105saja ; Komunikuoja su kontroleriu per RS-485 dur\u0173 u\u017edarymui\\\/adidarymui ; Palaiko Wiegand s\u0105saj\u0105\",\"breadcrumb\":{\"@id\":\"https:\\\/\\\/eheating.lt\\\/produktas\\\/hikvision-ds-k2m060\\\/#breadcrumb\"},\"inLanguage\":\"en-US\",\"potentialAction\":[{\"@type\":\"ReadAction\",\"target\":[\"https:\\\/\\\/eheating.lt\\\/produktas\\\/hikvision-ds-k2m060\\\/\"]}]},{\"@type\":\"ImageObject\",\"inLanguage\":\"en-US\",\"@id\":\"https:\\\/\\\/eheating.lt\\\/produktas\\\/hikvision-ds-k2m060\\\/#primaryimage\",\"url\":\"https:\\\/\\\/eheating.lt\\\/wp-content\\\/uploads\\\/2023\\\/10\\\/Hikvision-DS-K2M060.png\",\"contentUrl\":\"https:\\\/\\\/eheating.lt\\\/wp-content\\\/uploads\\\/2023\\\/10\\\/Hikvision-DS-K2M060.png\",\"width\":800,\"height\":800,\"caption\":\"Hikvision DS-K2M060\"},{\"@type\":\"BreadcrumbList\",\"@id\":\"https:\\\/\\\/eheating.lt\\\/produktas\\\/hikvision-ds-k2m060\\\/#breadcrumb\",\"itemListElement\":[{\"@type\":\"ListItem\",\"position\":1,\"name\":\"Prad\u017eia\",\"item\":\"https:\\\/\\\/eheating.lt\\\/en\\\/\"},{\"@type\":\"ListItem\",\"position\":2,\"name\":\"Shop\",\"item\":\"https:\\\/\\\/eheating.lt\\\/en\\\/?page_id=5734\"},{\"@type\":\"ListItem\",\"position\":3,\"name\":\"Hikvision DS-K2M060\"}]},{\"@type\":\"WebSite\",\"@id\":\"https:\\\/\\\/eheating.lt\\\/#website\",\"url\":\"https:\\\/\\\/eheating.lt\\\/\",\"name\":\"eHeating\",\"description\":\"Elektronika ir \u0161ildymas\",\"potentialAction\":[{\"@type\":\"SearchAction\",\"target\":{\"@type\":\"EntryPoint\",\"urlTemplate\":\"https:\\\/\\\/eheating.lt\\\/?s={search_term_string}\"},\"query-input\":{\"@type\":\"PropertyValueSpecification\",\"valueRequired\":true,\"valueName\":\"search_term_string\"}}],\"inLanguage\":\"en-US\"}]}<\/script>\n<meta property=\"product:price:amount\" content=\"73.15\" \/>\n<meta property=\"product:price:currency\" content=\"EUR\" \/>\n<meta property=\"og:availability\" content=\"out of stock\" \/>\n<meta property=\"product:availability\" content=\"out of stock\" \/>\n<meta property=\"product:retailer_item_id\" content=\"42a81cb4c009\" \/>\n<meta property=\"product:condition\" content=\"new\" \/>\n<!-- \/ Yoast SEO Premium plugin. -->","yoast_head_json":{"title":"Hikvision DS-K2M060","description":"Hikvision DS-K2M060 dur\u0173 kontrol\u0117s s\u0105saja ; Komunikuoja su kontroleriu per RS-485 dur\u0173 u\u017edarymui\/adidarymui ; Palaiko Wiegand s\u0105saj\u0105","robots":{"index":"index","follow":"follow","max-snippet":"max-snippet:-1","max-image-preview":"max-image-preview:large","max-video-preview":"max-video-preview:-1"},"canonical":"https:\/\/eheating.lt\/produktas\/hikvision-ds-k2m060\/","og_locale":"en_US","og_type":"article","og_title":"Hikvision DS-K2M060","og_description":"Hikvision DS-K2M060 dur\u0173 kontrol\u0117s s\u0105saja ; Komunikuoja su kontroleriu per RS-485 dur\u0173 u\u017edarymui\/adidarymui ; Palaiko Wiegand s\u0105saj\u0105","og_url":"https:\/\/eheating.lt\/produktas\/hikvision-ds-k2m060\/","og_site_name":"Elektronika Namams","article_publisher":"https:\/\/www.facebook.com\/ElektronikaNamams","article_modified_time":"2024-09-13T14:42:01+00:00","og_image":[{"width":800,"height":800,"url":"https:\/\/eheating.lt\/wp-content\/uploads\/2023\/10\/Hikvision-DS-K2M060.png","type":"image\/png"}],"twitter_card":"summary_large_image","twitter_misc":{"Price":"73,15&nbsp;&euro;","Availability":"Out of stock"},"schema":{"@context":"https:\/\/schema.org","@graph":[{"@type":"WebPage","@id":"https:\/\/eheating.lt\/produktas\/hikvision-ds-k2m060\/","url":"https:\/\/eheating.lt\/produktas\/hikvision-ds-k2m060\/","name":"Hikvision DS-K2M060","isPartOf":{"@id":"https:\/\/eheating.lt\/#website"},"primaryImageOfPage":{"@id":"https:\/\/eheating.lt\/produktas\/hikvision-ds-k2m060\/#primaryimage"},"image":{"@id":"https:\/\/eheating.lt\/produktas\/hikvision-ds-k2m060\/#primaryimage"},"thumbnailUrl":"https:\/\/eheating.lt\/wp-content\/uploads\/2023\/10\/Hikvision-DS-K2M060.png","datePublished":"2023-12-28T13:22:09+00:00","dateModified":"2024-09-13T14:42:01+00:00","description":"Hikvision DS-K2M060 dur\u0173 kontrol\u0117s s\u0105saja ; Komunikuoja su kontroleriu per RS-485 dur\u0173 u\u017edarymui\/adidarymui ; Palaiko Wiegand s\u0105saj\u0105","breadcrumb":{"@id":"https:\/\/eheating.lt\/produktas\/hikvision-ds-k2m060\/#breadcrumb"},"inLanguage":"en-US","potentialAction":[{"@type":"ReadAction","target":["https:\/\/eheating.lt\/produktas\/hikvision-ds-k2m060\/"]}]},{"@type":"ImageObject","inLanguage":"en-US","@id":"https:\/\/eheating.lt\/produktas\/hikvision-ds-k2m060\/#primaryimage","url":"https:\/\/eheating.lt\/wp-content\/uploads\/2023\/10\/Hikvision-DS-K2M060.png","contentUrl":"https:\/\/eheating.lt\/wp-content\/uploads\/2023\/10\/Hikvision-DS-K2M060.png","width":800,"height":800,"caption":"Hikvision DS-K2M060"},{"@type":"BreadcrumbList","@id":"https:\/\/eheating.lt\/produktas\/hikvision-ds-k2m060\/#breadcrumb","itemListElement":[{"@type":"ListItem","position":1,"name":"Prad\u017eia","item":"https:\/\/eheating.lt\/en\/"},{"@type":"ListItem","position":2,"name":"Shop","item":"https:\/\/eheating.lt\/en\/?page_id=5734"},{"@type":"ListItem","position":3,"name":"Hikvision DS-K2M060"}]},{"@type":"WebSite","@id":"https:\/\/eheating.lt\/#website","url":"https:\/\/eheating.lt\/","name":"eHeating","description":"Elektronika ir \u0161ildymas","potentialAction":[{"@type":"SearchAction","target":{"@type":"EntryPoint","urlTemplate":"https:\/\/eheating.lt\/?s={search_term_string}"},"query-input":{"@type":"PropertyValueSpecification","valueRequired":true,"valueName":"search_term_string"}}],"inLanguage":"en-US"}]},"product_price_amount":"73.15","product_price_currency":"EUR","og_availability":"out of stock","product_availability":"out of stock","product_retailer_item_id":"42a81cb4c009","product_condition":"new"},"_links":{"self":[{"href":"https:\/\/eheating.lt\/en\/wp-json\/wp\/v2\/product\/18180","targetHints":{"allow":["GET"]}}],"collection":[{"href":"https:\/\/eheating.lt\/en\/wp-json\/wp\/v2\/product"}],"about":[{"href":"https:\/\/eheating.lt\/en\/wp-json\/wp\/v2\/types\/product"}],"replies":[{"embeddable":true,"href":"https:\/\/eheating.lt\/en\/wp-json\/wp\/v2\/comments?post=18180"}],"version-history":[{"count":0,"href":"https:\/\/eheating.lt\/en\/wp-json\/wp\/v2\/product\/18180\/revisions"}],"wp:featuredmedia":[{"embeddable":true,"href":"https:\/\/eheating.lt\/en\/wp-json\/wp\/v2\/media\/30671"}],"wp:attachment":[{"href":"https:\/\/eheating.lt\/en\/wp-json\/wp\/v2\/media?parent=18180"}],"wp:term":[{"taxonomy":"product_brand","embeddable":true,"href":"https:\/\/eheating.lt\/en\/wp-json\/wp\/v2\/product_brand?post=18180"},{"taxonomy":"product_cat","embeddable":true,"href":"https:\/\/eheating.lt\/en\/wp-json\/wp\/v2\/product_cat?post=18180"},{"taxonomy":"product_tag","embeddable":true,"href":"https:\/\/eheating.lt\/en\/wp-json\/wp\/v2\/product_tag?post=18180"}],"curies":[{"name":"wp","href":"https:\/\/api.w.org\/{rel}","templated":true}]}}