{"id":18178,"date":"2023-12-28T15:22:08","date_gmt":"2023-12-28T13:22:08","guid":{"rendered":"https:\/\/eheating.lt\/?post_type=product&#038;p=18178"},"modified":"2024-10-18T17:05:56","modified_gmt":"2024-10-18T14:05:56","slug":"hikvision-ds-k1f820-f","status":"publish","type":"product","link":"https:\/\/eheating.lt\/en\/produktas\/hikvision-ds-k1f820-f\/","title":{"rendered":"Hikvision DS-K1F820-F"},"content":{"rendered":"<table>\n<tbody>\n<tr>\n<td>Operacin\u0117 sistema<\/td>\n<td>|<\/td>\n<td>Windows\u00a0XP,\u00a0Windows7,\u00a0and\u00a0Windows\u00a010<\/td>\n<\/tr>\n<tr>\n<td>Pir\u0161t\u0173 nuskaitymo modulis<\/td>\n<td>|<\/td>\n<td>Optical,\u00a0Red\u00a0Backlight<\/td>\n<\/tr>\n<tr>\n<td>Rai\u0161ka<\/td>\n<td>|<\/td>\n<td>508\u00a0dpi<\/td>\n<\/tr>\n<tr>\n<td>Pir\u0161to anspaudo \u0161ablono dydis<\/td>\n<td>|<\/td>\n<td>256\u00a0\u00d7\u00a0288\u00a0(pixel)<\/td>\n<\/tr>\n<tr>\n<td>USB s\u0105saja<\/td>\n<td>|<\/td>\n<td>USB2.0<\/td>\n<\/tr>\n<tr>\n<td>Veikimo \u012ftampa<\/td>\n<td>|<\/td>\n<td>5\u00a0VDC,\u00a0200mA<\/td>\n<\/tr>\n<tr>\n<td>I\u0161matavimai (L\u00d7W\u00d7H):<\/td>\n<td>|<\/td>\n<td>100mm\u00a0\u00d7\u00a048mm\u00a0\u00d7\u00a035mm\u00a0(3.9\u201d\u00a0\u00d7\u00a01.9\u201d\u00a0\u00d7\u00a01.4\u201d)<\/td>\n<\/tr>\n<tr>\n<td>CPU<\/td>\n<td>|<\/td>\n<td>32bit\u00a0MCU<\/td>\n<\/tr>\n<tr>\n<td>Darbo temperat\u016bra<\/td>\n<td>|<\/td>\n<td>-30\u00b0C\u00a0to\u00a0+70\u00b0C\u00a0(-22\u00b0F\u00a0to\u00a0158\u00b0F)<\/td>\n<\/tr>\n<tr>\n<td>Santykinis oro dr\u0117gnumas<\/td>\n<td>|<\/td>\n<td>20%\u00a0to\u00a080%\u00a0(Non-Condensing)<\/td>\n<\/tr>\n<\/tbody>\n<\/table>\n","protected":false},"excerpt":{"rendered":"<ul>\n<li>Autonominis pir\u0161t\u0173 atspaud\u0173 skaitytuvas<\/li>\n<li>USB 2.0<\/li>\n<\/ul>\n","protected":false},"featured_media":30669,"comment_status":"closed","ping_status":"closed","template":"","meta":[],"product_brand":[],"product_cat":[772,771],"product_tag":[975],"class_list":{"0":"post-18178","1":"product","2":"type-product","3":"status-publish","4":"has-post-thumbnail","6":"product_cat-hikvision-access-control","7":"product_cat-access-control-systems","8":"product_tag-ean-en","10":"first","11":"instock","12":"purchasable","13":"product-type-simple"},"yoast_head":"<!-- This site is optimized with the Yoast SEO Premium plugin v21.5 (Yoast SEO v27.3) - https:\/\/yoast.com\/product\/yoast-seo-premium-wordpress\/ -->\n<title>Hikvision DS-K1F820-F<\/title>\n<meta name=\"description\" content=\"Hikvision DS-K1F820-F pir\u0161t\u0173 antspaud\u0173 skaitytuvas ; Autonominis pir\u0161t\u0173 atspaud\u0173 skaitytuvas ; USB 2.0 ; Darbin\u0117 temperat\u016bra -30\u00b0C\u00a0to\u00a0+70\u00b0C\" \/>\n<meta name=\"robots\" content=\"index, follow, max-snippet:-1, max-image-preview:large, max-video-preview:-1\" \/>\n<link rel=\"canonical\" href=\"https:\/\/eheating.lt\/produktas\/hikvision-ds-k1f820-f\/\" \/>\n<meta property=\"og:locale\" content=\"en_US\" \/>\n<meta property=\"og:type\" content=\"article\" \/>\n<meta property=\"og:title\" content=\"Hikvision DS-K1F820-F\" \/>\n<meta property=\"og:description\" content=\"Hikvision DS-K1F820-F pir\u0161t\u0173 antspaud\u0173 skaitytuvas ; Autonominis pir\u0161t\u0173 atspaud\u0173 skaitytuvas ; USB 2.0 ; Darbin\u0117 temperat\u016bra -30\u00b0C\u00a0to\u00a0+70\u00b0C\" \/>\n<meta property=\"og:url\" content=\"https:\/\/eheating.lt\/produktas\/hikvision-ds-k1f820-f\/\" \/>\n<meta property=\"og:site_name\" content=\"Elektronika Namams\" \/>\n<meta property=\"article:publisher\" content=\"https:\/\/www.facebook.com\/ElektronikaNamams\" \/>\n<meta property=\"article:modified_time\" content=\"2024-10-18T14:05:56+00:00\" \/>\n<meta property=\"og:image\" content=\"https:\/\/eheating.lt\/wp-content\/uploads\/2023\/10\/Hikvision-DS-K1F820-F.png\" \/>\n\t<meta property=\"og:image:width\" content=\"800\" \/>\n\t<meta property=\"og:image:height\" content=\"800\" \/>\n\t<meta property=\"og:image:type\" content=\"image\/png\" \/>\n<meta name=\"twitter:card\" content=\"summary_large_image\" \/>\n<meta name=\"twitter:label1\" content=\"Price\" \/>\n\t<meta name=\"twitter:data1\" content=\"163,66&nbsp;&euro;\" \/>\n\t<meta name=\"twitter:label2\" content=\"Availability\" \/>\n\t<meta name=\"twitter:data2\" content=\"In stock\" \/>\n<script type=\"application\/ld+json\" class=\"yoast-schema-graph\">{\"@context\":\"https:\\\/\\\/schema.org\",\"@graph\":[{\"@type\":\"WebPage\",\"@id\":\"https:\\\/\\\/eheating.lt\\\/produktas\\\/hikvision-ds-k1f820-f\\\/\",\"url\":\"https:\\\/\\\/eheating.lt\\\/produktas\\\/hikvision-ds-k1f820-f\\\/\",\"name\":\"Hikvision DS-K1F820-F\",\"isPartOf\":{\"@id\":\"https:\\\/\\\/eheating.lt\\\/#website\"},\"primaryImageOfPage\":{\"@id\":\"https:\\\/\\\/eheating.lt\\\/produktas\\\/hikvision-ds-k1f820-f\\\/#primaryimage\"},\"image\":{\"@id\":\"https:\\\/\\\/eheating.lt\\\/produktas\\\/hikvision-ds-k1f820-f\\\/#primaryimage\"},\"thumbnailUrl\":\"https:\\\/\\\/eheating.lt\\\/wp-content\\\/uploads\\\/2023\\\/10\\\/Hikvision-DS-K1F820-F.png\",\"datePublished\":\"2023-12-28T13:22:08+00:00\",\"dateModified\":\"2024-10-18T14:05:56+00:00\",\"description\":\"Hikvision DS-K1F820-F pir\u0161t\u0173 antspaud\u0173 skaitytuvas ; Autonominis pir\u0161t\u0173 atspaud\u0173 skaitytuvas ; USB 2.0 ; Darbin\u0117 temperat\u016bra -30\u00b0C\u00a0to\u00a0+70\u00b0C\",\"breadcrumb\":{\"@id\":\"https:\\\/\\\/eheating.lt\\\/produktas\\\/hikvision-ds-k1f820-f\\\/#breadcrumb\"},\"inLanguage\":\"en-US\",\"potentialAction\":[{\"@type\":\"ReadAction\",\"target\":[\"https:\\\/\\\/eheating.lt\\\/produktas\\\/hikvision-ds-k1f820-f\\\/\"]}]},{\"@type\":\"ImageObject\",\"inLanguage\":\"en-US\",\"@id\":\"https:\\\/\\\/eheating.lt\\\/produktas\\\/hikvision-ds-k1f820-f\\\/#primaryimage\",\"url\":\"https:\\\/\\\/eheating.lt\\\/wp-content\\\/uploads\\\/2023\\\/10\\\/Hikvision-DS-K1F820-F.png\",\"contentUrl\":\"https:\\\/\\\/eheating.lt\\\/wp-content\\\/uploads\\\/2023\\\/10\\\/Hikvision-DS-K1F820-F.png\",\"width\":800,\"height\":800,\"caption\":\"Hikvision DS-K1F820-F\"},{\"@type\":\"BreadcrumbList\",\"@id\":\"https:\\\/\\\/eheating.lt\\\/produktas\\\/hikvision-ds-k1f820-f\\\/#breadcrumb\",\"itemListElement\":[{\"@type\":\"ListItem\",\"position\":1,\"name\":\"Prad\u017eia\",\"item\":\"https:\\\/\\\/eheating.lt\\\/en\\\/\"},{\"@type\":\"ListItem\",\"position\":2,\"name\":\"Shop\",\"item\":\"https:\\\/\\\/eheating.lt\\\/en\\\/?page_id=5734\"},{\"@type\":\"ListItem\",\"position\":3,\"name\":\"Hikvision DS-K1F820-F\"}]},{\"@type\":\"WebSite\",\"@id\":\"https:\\\/\\\/eheating.lt\\\/#website\",\"url\":\"https:\\\/\\\/eheating.lt\\\/\",\"name\":\"eHeating\",\"description\":\"Elektronika ir \u0161ildymas\",\"potentialAction\":[{\"@type\":\"SearchAction\",\"target\":{\"@type\":\"EntryPoint\",\"urlTemplate\":\"https:\\\/\\\/eheating.lt\\\/?s={search_term_string}\"},\"query-input\":{\"@type\":\"PropertyValueSpecification\",\"valueRequired\":true,\"valueName\":\"search_term_string\"}}],\"inLanguage\":\"en-US\"}]}<\/script>\n<meta property=\"product:price:amount\" content=\"163.66\" \/>\n<meta property=\"product:price:currency\" content=\"EUR\" \/>\n<meta property=\"og:availability\" content=\"instock\" \/>\n<meta property=\"product:availability\" content=\"instock\" \/>\n<meta property=\"product:retailer_item_id\" content=\"fe4ce1ee31b9\" \/>\n<meta property=\"product:condition\" content=\"new\" \/>\n<!-- \/ Yoast SEO Premium plugin. -->","yoast_head_json":{"title":"Hikvision DS-K1F820-F","description":"Hikvision DS-K1F820-F pir\u0161t\u0173 antspaud\u0173 skaitytuvas ; Autonominis pir\u0161t\u0173 atspaud\u0173 skaitytuvas ; USB 2.0 ; Darbin\u0117 temperat\u016bra -30\u00b0C\u00a0to\u00a0+70\u00b0C","robots":{"index":"index","follow":"follow","max-snippet":"max-snippet:-1","max-image-preview":"max-image-preview:large","max-video-preview":"max-video-preview:-1"},"canonical":"https:\/\/eheating.lt\/produktas\/hikvision-ds-k1f820-f\/","og_locale":"en_US","og_type":"article","og_title":"Hikvision DS-K1F820-F","og_description":"Hikvision DS-K1F820-F pir\u0161t\u0173 antspaud\u0173 skaitytuvas ; Autonominis pir\u0161t\u0173 atspaud\u0173 skaitytuvas ; USB 2.0 ; Darbin\u0117 temperat\u016bra -30\u00b0C\u00a0to\u00a0+70\u00b0C","og_url":"https:\/\/eheating.lt\/produktas\/hikvision-ds-k1f820-f\/","og_site_name":"Elektronika Namams","article_publisher":"https:\/\/www.facebook.com\/ElektronikaNamams","article_modified_time":"2024-10-18T14:05:56+00:00","og_image":[{"width":800,"height":800,"url":"https:\/\/eheating.lt\/wp-content\/uploads\/2023\/10\/Hikvision-DS-K1F820-F.png","type":"image\/png"}],"twitter_card":"summary_large_image","twitter_misc":{"Price":"163,66&nbsp;&euro;","Availability":"In stock"},"schema":{"@context":"https:\/\/schema.org","@graph":[{"@type":"WebPage","@id":"https:\/\/eheating.lt\/produktas\/hikvision-ds-k1f820-f\/","url":"https:\/\/eheating.lt\/produktas\/hikvision-ds-k1f820-f\/","name":"Hikvision DS-K1F820-F","isPartOf":{"@id":"https:\/\/eheating.lt\/#website"},"primaryImageOfPage":{"@id":"https:\/\/eheating.lt\/produktas\/hikvision-ds-k1f820-f\/#primaryimage"},"image":{"@id":"https:\/\/eheating.lt\/produktas\/hikvision-ds-k1f820-f\/#primaryimage"},"thumbnailUrl":"https:\/\/eheating.lt\/wp-content\/uploads\/2023\/10\/Hikvision-DS-K1F820-F.png","datePublished":"2023-12-28T13:22:08+00:00","dateModified":"2024-10-18T14:05:56+00:00","description":"Hikvision DS-K1F820-F pir\u0161t\u0173 antspaud\u0173 skaitytuvas ; Autonominis pir\u0161t\u0173 atspaud\u0173 skaitytuvas ; USB 2.0 ; Darbin\u0117 temperat\u016bra -30\u00b0C\u00a0to\u00a0+70\u00b0C","breadcrumb":{"@id":"https:\/\/eheating.lt\/produktas\/hikvision-ds-k1f820-f\/#breadcrumb"},"inLanguage":"en-US","potentialAction":[{"@type":"ReadAction","target":["https:\/\/eheating.lt\/produktas\/hikvision-ds-k1f820-f\/"]}]},{"@type":"ImageObject","inLanguage":"en-US","@id":"https:\/\/eheating.lt\/produktas\/hikvision-ds-k1f820-f\/#primaryimage","url":"https:\/\/eheating.lt\/wp-content\/uploads\/2023\/10\/Hikvision-DS-K1F820-F.png","contentUrl":"https:\/\/eheating.lt\/wp-content\/uploads\/2023\/10\/Hikvision-DS-K1F820-F.png","width":800,"height":800,"caption":"Hikvision DS-K1F820-F"},{"@type":"BreadcrumbList","@id":"https:\/\/eheating.lt\/produktas\/hikvision-ds-k1f820-f\/#breadcrumb","itemListElement":[{"@type":"ListItem","position":1,"name":"Prad\u017eia","item":"https:\/\/eheating.lt\/en\/"},{"@type":"ListItem","position":2,"name":"Shop","item":"https:\/\/eheating.lt\/en\/?page_id=5734"},{"@type":"ListItem","position":3,"name":"Hikvision DS-K1F820-F"}]},{"@type":"WebSite","@id":"https:\/\/eheating.lt\/#website","url":"https:\/\/eheating.lt\/","name":"eHeating","description":"Elektronika ir \u0161ildymas","potentialAction":[{"@type":"SearchAction","target":{"@type":"EntryPoint","urlTemplate":"https:\/\/eheating.lt\/?s={search_term_string}"},"query-input":{"@type":"PropertyValueSpecification","valueRequired":true,"valueName":"search_term_string"}}],"inLanguage":"en-US"}]},"product_price_amount":"163.66","product_price_currency":"EUR","og_availability":"instock","product_availability":"instock","product_retailer_item_id":"fe4ce1ee31b9","product_condition":"new"},"_links":{"self":[{"href":"https:\/\/eheating.lt\/en\/wp-json\/wp\/v2\/product\/18178","targetHints":{"allow":["GET"]}}],"collection":[{"href":"https:\/\/eheating.lt\/en\/wp-json\/wp\/v2\/product"}],"about":[{"href":"https:\/\/eheating.lt\/en\/wp-json\/wp\/v2\/types\/product"}],"replies":[{"embeddable":true,"href":"https:\/\/eheating.lt\/en\/wp-json\/wp\/v2\/comments?post=18178"}],"version-history":[{"count":0,"href":"https:\/\/eheating.lt\/en\/wp-json\/wp\/v2\/product\/18178\/revisions"}],"wp:featuredmedia":[{"embeddable":true,"href":"https:\/\/eheating.lt\/en\/wp-json\/wp\/v2\/media\/30669"}],"wp:attachment":[{"href":"https:\/\/eheating.lt\/en\/wp-json\/wp\/v2\/media?parent=18178"}],"wp:term":[{"taxonomy":"product_brand","embeddable":true,"href":"https:\/\/eheating.lt\/en\/wp-json\/wp\/v2\/product_brand?post=18178"},{"taxonomy":"product_cat","embeddable":true,"href":"https:\/\/eheating.lt\/en\/wp-json\/wp\/v2\/product_cat?post=18178"},{"taxonomy":"product_tag","embeddable":true,"href":"https:\/\/eheating.lt\/en\/wp-json\/wp\/v2\/product_tag?post=18178"}],"curies":[{"name":"wp","href":"https:\/\/api.w.org\/{rel}","templated":true}]}}