{"id":18176,"date":"2023-11-17T23:50:11","date_gmt":"2023-11-17T21:50:11","guid":{"rendered":"https:\/\/eheating.lt\/?post_type=product&#038;p=18176"},"modified":"2024-07-11T19:11:07","modified_gmt":"2024-07-11T16:11:07","slug":"hikvision-dvr-ds-7332huhi-k4","status":"publish","type":"product","link":"https:\/\/eheating.lt\/en\/produktas\/hikvision-dvr-ds-7332huhi-k4\/","title":{"rendered":"Hikvision DVR DS-7332HUHI-K4"},"content":{"rendered":"<table>\n<tbody>\n<tr>\n<th colspan=\"3&quot;\" scope=\"col\" height=\"50\">Video\/Audio Input<\/th>\n<\/tr>\n<tr>\n<td>Audio Input:<\/td>\n<td width=\"15\">;<\/td>\n<td>4-ch<\/td>\n<\/tr>\n<tr>\n<td>Video Compression:<\/td>\n<td width=\"15\">;<\/td>\n<td>H.265+\/H.265\/H.264+\/H.264<\/td>\n<\/tr>\n<tr>\n<td>Analog and HD-TVI video input:<\/td>\n<td width=\"15\">;<\/td>\n<td>32-ch,BNC\u00a0interface\u00a0(1.0Vp-p,\u00a075\u00a0\u03a9)connection<\/td>\n<\/tr>\n<tr>\n<td>Supported camera types:<\/td>\n<td width=\"15\">;<\/td>\n<td>Support\u00a0HDTVI\u00a0input:\u00a05MP,3\u00a0MP,\u00a01080p\/25Hz,\u00a01080p\/30Hz,\u00a0720p\/25Hz,\u00a0720p\/30Hz,\u00a0720P\/50Hz,\u00a0720p\/60Hz<br \/>\nSupport\u00a0AHD\u00a0input:\u00a05MP,4MP,1080p\/25Hz,\u00a01080p\/30Hz,\u00a0720p\/25Hz,\u00a0720p\/30Hz<br \/>\nSupport\u00a0CVI\u00a0input:\u00a01080p25,\u00a01080p30,\u00a0720p25,\u00a0720p30<br \/>\nsupport\u00a0CVBS\u00a0input<\/td>\n<\/tr>\n<tr>\n<td>IP Video Input:<\/td>\n<td width=\"15\">;<\/td>\n<td>8-ch(up\u00a0to\u00a040ch)\u00a0Up\u00a0to\u00a08MP\u00a0resolution<\/td>\n<\/tr>\n<tr>\n<td>Audio Compression:<\/td>\n<td width=\"15\">;<\/td>\n<td>G.711u<\/td>\n<\/tr>\n<tr>\n<td>Audio Input Interface:<\/td>\n<td width=\"15\">;<\/td>\n<td>4-ch,\u00a0RCA\u00a0(2.0\u00a0Vp-p,\u00a01\u00a0K\u03a9)<\/td>\n<\/tr>\n<tr>\n<td>Two-way Audio:<\/td>\n<td width=\"15\">;<\/td>\n<td>1-ch,\u00a0RCA\u00a0(2.0\u00a0Vp-p,\u00a01\u00a0K\u03a9)\u00a0(using\u00a0audio\u00a0input)<\/td>\n<\/tr>\n<tr>\n<th colspan=\"3\" scope=\"col\" height=\"50\">Video\/Audio Output<\/th>\n<\/tr>\n<tr>\n<td>CVBS Output:<\/td>\n<td width=\"15\">;<\/td>\n<td>1-ch,BNC(1.0Vp-p,75\u03a9),resolution:PAL:704&#215;576,NTSC:704&#215;480<\/td>\n<\/tr>\n<tr>\n<td>HDMI2 Output:<\/td>\n<td width=\"15\">;<\/td>\n<td>1-ch,4K(3840\u00a0\u00d7\u00a02160)\/30Hz,2K(2560\u00a0\u00d7\u00a01440)\/60Hz,1920\u00d71080\/60Hz,1280\u00a0\u00d7\u00a01024\/60Hz,1280\u00a0\u00d7\u00a0720\/60Hz,\u00a01024\u00a0\u00d7\u00a0768\/60Hz<\/td>\n<\/tr>\n<tr>\n<td>HDMI\/VGA Output:<\/td>\n<td width=\"15\">;<\/td>\n<td>1920\u00a0\u00d7\u00a01080\u00a0\/\u00a060\u00a0Hz,1280\u00a0\u00d7\u00a01024\u00a0\/\u00a060\u00a0Hz,\u00a01280\u00a0\u00d7\u00a0720\u00a0\/\u00a060\u00a0Hz,\u00a01024\u00a0\u00d7\u00a0768\u00a0\/\u00a060\u00a0Hz<\/td>\n<\/tr>\n<tr>\n<td>Recording resolution:<\/td>\n<td width=\"15\">;<\/td>\n<td>5\u00a0MP\/4\u00a0MP\/3\u00a0MP\/1080p\/720p\/WD1\/4CIF\/VGA\/CIF<\/td>\n<\/tr>\n<tr>\n<td>Frame Rate:<\/td>\n<td width=\"15\">;<\/td>\n<td>Main\u00a0stream:<br \/>\n5\u00a0MP@12fps;\u00a04\u00a0MP@15fps;\u00a03\u00a0MP@18fps;<br \/>\n1080p\/720p\/WD1\/4CIF\/VGA\/CIF@25fps\u00a0(P)\/30fps\u00a0(N)<br \/>\nSub-stream:<br \/>\nWD1\/4CIF\/CIF@25fps\u00a0(P)\/30fps\u00a0(N)<\/td>\n<\/tr>\n<tr>\n<td>Video Bit Rate:<\/td>\n<td width=\"15\">;<\/td>\n<td>32\u00a0Kbps-6\u00a0Mbps<\/td>\n<\/tr>\n<tr>\n<td>Stream Type:<\/td>\n<td width=\"15\">;<\/td>\n<td>Video\/Video&amp;Audio<\/td>\n<\/tr>\n<tr>\n<td>Two-way Audio:<\/td>\n<td width=\"15\">;<\/td>\n<td>1-ch,\u00a0RCA\u00a0(2.0\u00a0Vp-p,\u00a01\u00a0k\u03a9)\u00a0(using\u00a0the\u00a0audio\u00a0input)<\/td>\n<\/tr>\n<tr>\n<td>Audio Output:<\/td>\n<td width=\"15\">;<\/td>\n<td>1-ch\u00a0RCA(Linear,\u00a01k\u03a9)<\/td>\n<\/tr>\n<tr>\n<td>Dual Stream:<\/td>\n<td width=\"15\">;<\/td>\n<td>Support<\/td>\n<\/tr>\n<tr>\n<td>Playback Resolution:<\/td>\n<td width=\"15\">;<\/td>\n<td>5MP\/4MP\/3MP\/1080p\/720p\/VGA\/WD1\/4CIF\/CIF\/QVGA\/QCIF<\/td>\n<\/tr>\n<tr>\n<td>Synchronous Playback:<\/td>\n<td width=\"15\">;<\/td>\n<td>16-ch<\/td>\n<\/tr>\n<tr>\n<th colspan=\"3\" scope=\"col\" height=\"50\">Network management<\/th>\n<\/tr>\n<tr>\n<td>Remote connections:<\/td>\n<td width=\"15\">;<\/td>\n<td>128<\/td>\n<\/tr>\n<tr>\n<td>Network protocols:<\/td>\n<td width=\"15\">;<\/td>\n<td>TCP\/IP,\u00a0PPPoE,\u00a0DHCP,\u00a0Hik-connect\u00a0Cloud\u00a0P2P,DNS,\u00a0DDNS,\u00a0NTP,\u00a0SADP,\u00a0NFS,\u00a0iSCSI,\u00a0UPnP\u2122,\u00a0HTTPS,ONVIF<\/td>\n<\/tr>\n<tr>\n<th colspan=\"3\" scope=\"col\" height=\"50\">Hard Disk Driver<\/th>\n<\/tr>\n<tr>\n<td>Interface Type:<\/td>\n<td width=\"15\">;<\/td>\n<td>4\u00a0SATA\u00a0Interfaces<\/td>\n<\/tr>\n<tr>\n<td>Capacity:<\/td>\n<td width=\"15\">;<\/td>\n<td>Up\u00a0to\u00a08\u00a0TB\u00a0capacity\u00a0for\u00a0each\u00a0disk<\/td>\n<\/tr>\n<tr>\n<td>e-SATA Interface:<\/td>\n<td width=\"15\">;<\/td>\n<td>1\u00a0eSATA\u00a0interface<\/td>\n<\/tr>\n<tr>\n<th colspan=\"3\" scope=\"col\" height=\"50\">Disk Array<\/th>\n<\/tr>\n<tr>\n<td>Array Type:<\/td>\n<td width=\"15\">;<\/td>\n<td>RAID0,\u00a0RAID1,\u00a0RAID5,\u00a0RAID6,RAID10<\/td>\n<\/tr>\n<tr>\n<th colspan=\"3\" scope=\"col\" height=\"50\">External Interface<\/th>\n<\/tr>\n<tr>\n<td>Network Interface:<\/td>\n<td width=\"15\">;<\/td>\n<td>2;\u00a010M\u00a0\/\u00a0100M\u00a0\/\u00a01000M\u00a0self-adaptive\u00a0Ethernet\u00a0interfaces<\/td>\n<\/tr>\n<tr>\n<td>Serial Interface:<\/td>\n<td width=\"15\">;<\/td>\n<td>1\u00a0RS-232\u00a0serial\u00a0interface<br \/>\n1\u00a0RS-485\u00a0serial\u00a0interface,\u00a0full-duplex,1\u00a0RS-485\u00a0keyboard\u00a0interface<\/td>\n<\/tr>\n<tr>\n<td>Alarm Input:<\/td>\n<td width=\"15\">;<\/td>\n<td>16-ch<\/td>\n<\/tr>\n<tr>\n<td>Alarm Output:<\/td>\n<td width=\"15\">;<\/td>\n<td>4-ch<\/td>\n<\/tr>\n<tr>\n<th colspan=\"3\" scope=\"col\" height=\"50\">General<\/th>\n<\/tr>\n<tr>\n<td>Power Supply:<\/td>\n<td width=\"15\">;<\/td>\n<td>100\u00a0to\u00a0240\u00a0VAC<\/td>\n<\/tr>\n<tr>\n<td>Consumption:<\/td>\n<td width=\"15\">;<\/td>\n<td>\u2264\u00a074W(without\u00a0hard\u00a0disks)<\/td>\n<\/tr>\n<tr>\n<td>Working Temperature:<\/td>\n<td width=\"15\">;<\/td>\n<td>-10\u00a0\u00baC\u00a0to\u00a0+55\u00a0\u00baC\u00a0(+14\u00a0\u00baF\u00a0to\u00a0+131\u00a0\u00baF)<\/td>\n<\/tr>\n<tr>\n<td>Working Humidity:<\/td>\n<td width=\"15\">;<\/td>\n<td>10%\u00a0to\u00a090%<\/td>\n<\/tr>\n<tr>\n<td>Dimensions:<\/td>\n<td width=\"15\">;<\/td>\n<td>440\u00a0\u00d7\u00a0390\u00a0\u00d7\u00a070\u00a0mm\u00a0(17.3\u00a0\u00d7\u00a015.4\u00a0\u00d7\u00a02.8\u00a0inch)<\/td>\n<\/tr>\n<tr>\n<td>Weight:<\/td>\n<td width=\"15\">;<\/td>\n<td>\u2264\u00a07\u00a0kg\u00a0(15.4\u00a0lb)<\/td>\n<\/tr>\n<\/tbody>\n<\/table>\n<p>&#8220;<\/p>\n","protected":false},"excerpt":{"rendered":"<ul>\n<li>DVR Turbo HD\/CVI\/AHD\/CVBS 4.0<\/li>\n<li>32 kanal\u0173<\/li>\n<li>H.265+<\/li>\n<li>4 x HDD<\/li>\n<li>4 audio IN, Alarm IN\/OUT<\/li>\n<li>ilg\u0173 nuotoli\u0173 signalo perdavimas per UTP<\/li>\n<li>HDMI i\u0161. iki 4K rai\u0161ka<\/li>\n<\/ul>\n","protected":false},"featured_media":29079,"comment_status":"closed","ping_status":"closed","template":"","meta":[],"product_brand":[],"product_cat":[472,318,320],"product_tag":[],"class_list":{"0":"post-18176","1":"product","2":"type-product","3":"status-publish","4":"has-post-thumbnail","6":"product_cat-32-kanalu-dvr","7":"product_cat-turbo-hd-apsauga","8":"product_cat-turbo-hd-vaizdo-irasymo-irenginiai","10":"first","11":"instock","12":"taxable","13":"shipping-taxable","14":"purchasable","15":"product-type-simple"},"yoast_head":"<!-- This site is optimized with the Yoast SEO Premium plugin v21.5 (Yoast SEO v27.3) - https:\/\/yoast.com\/product\/yoast-seo-premium-wordpress\/ -->\n<title>Hikvision DVR DS-7332HUHI-K4<\/title>\n<meta name=\"description\" content=\"Hikvision DVR DS-7332HUHI-K4 vaizdo \u012fra\u0161ymo \u012frenginys ; 32 kanal\u0173 ; 4 x HDD ; 4 audio IN, Alarm IN\/OUT ; Ilg\u0173 nuotoli\u0173 signalo perdavimas per UTP\" \/>\n<meta name=\"robots\" content=\"index, follow, max-snippet:-1, max-image-preview:large, max-video-preview:-1\" \/>\n<link rel=\"canonical\" href=\"https:\/\/eheating.lt\/en\/produktas\/hikvision-dvr-ds-7332huhi-k4\/\" \/>\n<meta property=\"og:locale\" content=\"en_US\" \/>\n<meta property=\"og:type\" content=\"article\" \/>\n<meta property=\"og:title\" content=\"Hikvision DVR DS-7332HUHI-K4\" \/>\n<meta property=\"og:description\" content=\"Hikvision DVR DS-7332HUHI-K4 vaizdo \u012fra\u0161ymo \u012frenginys ; 32 kanal\u0173 ; 4 x HDD ; 4 audio IN, Alarm IN\/OUT ; Ilg\u0173 nuotoli\u0173 signalo perdavimas per UTP\" \/>\n<meta property=\"og:url\" content=\"https:\/\/eheating.lt\/en\/produktas\/hikvision-dvr-ds-7332huhi-k4\/\" \/>\n<meta property=\"og:site_name\" content=\"Elektronika Namams\" \/>\n<meta property=\"article:publisher\" content=\"https:\/\/www.facebook.com\/ElektronikaNamams\" \/>\n<meta property=\"article:modified_time\" content=\"2024-07-11T16:11:07+00:00\" \/>\n<meta property=\"og:image\" content=\"https:\/\/eheating.lt\/wp-content\/uploads\/2023\/10\/Hikvision-DVR-DS-7332HUHI-K4.png\" \/>\n\t<meta property=\"og:image:width\" content=\"800\" \/>\n\t<meta property=\"og:image:height\" content=\"800\" \/>\n\t<meta property=\"og:image:type\" content=\"image\/png\" \/>\n<meta name=\"twitter:card\" content=\"summary_large_image\" \/>\n<meta name=\"twitter:label1\" content=\"Price\" \/>\n\t<meta name=\"twitter:data1\" content=\"2015,95&nbsp;&euro;\" \/>\n\t<meta name=\"twitter:label2\" content=\"Availability\" \/>\n\t<meta name=\"twitter:data2\" content=\"In stock\" \/>\n<script type=\"application\/ld+json\" class=\"yoast-schema-graph\">{\"@context\":\"https:\\\/\\\/schema.org\",\"@graph\":[{\"@type\":\"WebPage\",\"@id\":\"https:\\\/\\\/eheating.lt\\\/en\\\/produktas\\\/hikvision-dvr-ds-7332huhi-k4\\\/\",\"url\":\"https:\\\/\\\/eheating.lt\\\/en\\\/produktas\\\/hikvision-dvr-ds-7332huhi-k4\\\/\",\"name\":\"Hikvision DVR DS-7332HUHI-K4\",\"isPartOf\":{\"@id\":\"https:\\\/\\\/eheating.lt\\\/#website\"},\"primaryImageOfPage\":{\"@id\":\"https:\\\/\\\/eheating.lt\\\/en\\\/produktas\\\/hikvision-dvr-ds-7332huhi-k4\\\/#primaryimage\"},\"image\":{\"@id\":\"https:\\\/\\\/eheating.lt\\\/en\\\/produktas\\\/hikvision-dvr-ds-7332huhi-k4\\\/#primaryimage\"},\"thumbnailUrl\":\"https:\\\/\\\/eheating.lt\\\/wp-content\\\/uploads\\\/2023\\\/10\\\/Hikvision-DVR-DS-7332HUHI-K4.png\",\"datePublished\":\"2023-11-17T21:50:11+00:00\",\"dateModified\":\"2024-07-11T16:11:07+00:00\",\"description\":\"Hikvision DVR DS-7332HUHI-K4 vaizdo \u012fra\u0161ymo \u012frenginys ; 32 kanal\u0173 ; 4 x HDD ; 4 audio IN, Alarm IN\\\/OUT ; Ilg\u0173 nuotoli\u0173 signalo perdavimas per UTP\",\"breadcrumb\":{\"@id\":\"https:\\\/\\\/eheating.lt\\\/en\\\/produktas\\\/hikvision-dvr-ds-7332huhi-k4\\\/#breadcrumb\"},\"inLanguage\":\"en-US\",\"potentialAction\":[{\"@type\":\"ReadAction\",\"target\":[\"https:\\\/\\\/eheating.lt\\\/en\\\/produktas\\\/hikvision-dvr-ds-7332huhi-k4\\\/\"]}]},{\"@type\":\"ImageObject\",\"inLanguage\":\"en-US\",\"@id\":\"https:\\\/\\\/eheating.lt\\\/en\\\/produktas\\\/hikvision-dvr-ds-7332huhi-k4\\\/#primaryimage\",\"url\":\"https:\\\/\\\/eheating.lt\\\/wp-content\\\/uploads\\\/2023\\\/10\\\/Hikvision-DVR-DS-7332HUHI-K4.png\",\"contentUrl\":\"https:\\\/\\\/eheating.lt\\\/wp-content\\\/uploads\\\/2023\\\/10\\\/Hikvision-DVR-DS-7332HUHI-K4.png\",\"width\":800,\"height\":800,\"caption\":\"Hikvision DVR DS-7332HUHI-K4\"},{\"@type\":\"BreadcrumbList\",\"@id\":\"https:\\\/\\\/eheating.lt\\\/en\\\/produktas\\\/hikvision-dvr-ds-7332huhi-k4\\\/#breadcrumb\",\"itemListElement\":[{\"@type\":\"ListItem\",\"position\":1,\"name\":\"Prad\u017eia\",\"item\":\"https:\\\/\\\/eheating.lt\\\/en\\\/\"},{\"@type\":\"ListItem\",\"position\":2,\"name\":\"Shop\",\"item\":\"https:\\\/\\\/eheating.lt\\\/en\\\/?page_id=5734\"},{\"@type\":\"ListItem\",\"position\":3,\"name\":\"Hikvision DVR DS-7332HUHI-K4\"}]},{\"@type\":\"WebSite\",\"@id\":\"https:\\\/\\\/eheating.lt\\\/#website\",\"url\":\"https:\\\/\\\/eheating.lt\\\/\",\"name\":\"eHeating\",\"description\":\"Elektronika ir \u0161ildymas\",\"potentialAction\":[{\"@type\":\"SearchAction\",\"target\":{\"@type\":\"EntryPoint\",\"urlTemplate\":\"https:\\\/\\\/eheating.lt\\\/?s={search_term_string}\"},\"query-input\":{\"@type\":\"PropertyValueSpecification\",\"valueRequired\":true,\"valueName\":\"search_term_string\"}}],\"inLanguage\":\"en-US\"}]}<\/script>\n<meta property=\"product:price:amount\" content=\"2015.95\" \/>\n<meta property=\"product:price:currency\" content=\"EUR\" \/>\n<meta property=\"og:availability\" content=\"instock\" \/>\n<meta property=\"product:availability\" content=\"instock\" \/>\n<meta property=\"product:retailer_item_id\" content=\"fdca19b97fa5\" \/>\n<meta property=\"product:condition\" content=\"new\" \/>\n<!-- \/ Yoast SEO Premium plugin. -->","yoast_head_json":{"title":"Hikvision DVR DS-7332HUHI-K4","description":"Hikvision DVR DS-7332HUHI-K4 vaizdo \u012fra\u0161ymo \u012frenginys ; 32 kanal\u0173 ; 4 x HDD ; 4 audio IN, Alarm IN\/OUT ; Ilg\u0173 nuotoli\u0173 signalo perdavimas per UTP","robots":{"index":"index","follow":"follow","max-snippet":"max-snippet:-1","max-image-preview":"max-image-preview:large","max-video-preview":"max-video-preview:-1"},"canonical":"https:\/\/eheating.lt\/en\/produktas\/hikvision-dvr-ds-7332huhi-k4\/","og_locale":"en_US","og_type":"article","og_title":"Hikvision DVR DS-7332HUHI-K4","og_description":"Hikvision DVR DS-7332HUHI-K4 vaizdo \u012fra\u0161ymo \u012frenginys ; 32 kanal\u0173 ; 4 x HDD ; 4 audio IN, Alarm IN\/OUT ; Ilg\u0173 nuotoli\u0173 signalo perdavimas per UTP","og_url":"https:\/\/eheating.lt\/en\/produktas\/hikvision-dvr-ds-7332huhi-k4\/","og_site_name":"Elektronika Namams","article_publisher":"https:\/\/www.facebook.com\/ElektronikaNamams","article_modified_time":"2024-07-11T16:11:07+00:00","og_image":[{"width":800,"height":800,"url":"https:\/\/eheating.lt\/wp-content\/uploads\/2023\/10\/Hikvision-DVR-DS-7332HUHI-K4.png","type":"image\/png"}],"twitter_card":"summary_large_image","twitter_misc":{"Price":"2015,95&nbsp;&euro;","Availability":"In stock"},"schema":{"@context":"https:\/\/schema.org","@graph":[{"@type":"WebPage","@id":"https:\/\/eheating.lt\/en\/produktas\/hikvision-dvr-ds-7332huhi-k4\/","url":"https:\/\/eheating.lt\/en\/produktas\/hikvision-dvr-ds-7332huhi-k4\/","name":"Hikvision DVR DS-7332HUHI-K4","isPartOf":{"@id":"https:\/\/eheating.lt\/#website"},"primaryImageOfPage":{"@id":"https:\/\/eheating.lt\/en\/produktas\/hikvision-dvr-ds-7332huhi-k4\/#primaryimage"},"image":{"@id":"https:\/\/eheating.lt\/en\/produktas\/hikvision-dvr-ds-7332huhi-k4\/#primaryimage"},"thumbnailUrl":"https:\/\/eheating.lt\/wp-content\/uploads\/2023\/10\/Hikvision-DVR-DS-7332HUHI-K4.png","datePublished":"2023-11-17T21:50:11+00:00","dateModified":"2024-07-11T16:11:07+00:00","description":"Hikvision DVR DS-7332HUHI-K4 vaizdo \u012fra\u0161ymo \u012frenginys ; 32 kanal\u0173 ; 4 x HDD ; 4 audio IN, Alarm IN\/OUT ; Ilg\u0173 nuotoli\u0173 signalo perdavimas per UTP","breadcrumb":{"@id":"https:\/\/eheating.lt\/en\/produktas\/hikvision-dvr-ds-7332huhi-k4\/#breadcrumb"},"inLanguage":"en-US","potentialAction":[{"@type":"ReadAction","target":["https:\/\/eheating.lt\/en\/produktas\/hikvision-dvr-ds-7332huhi-k4\/"]}]},{"@type":"ImageObject","inLanguage":"en-US","@id":"https:\/\/eheating.lt\/en\/produktas\/hikvision-dvr-ds-7332huhi-k4\/#primaryimage","url":"https:\/\/eheating.lt\/wp-content\/uploads\/2023\/10\/Hikvision-DVR-DS-7332HUHI-K4.png","contentUrl":"https:\/\/eheating.lt\/wp-content\/uploads\/2023\/10\/Hikvision-DVR-DS-7332HUHI-K4.png","width":800,"height":800,"caption":"Hikvision DVR DS-7332HUHI-K4"},{"@type":"BreadcrumbList","@id":"https:\/\/eheating.lt\/en\/produktas\/hikvision-dvr-ds-7332huhi-k4\/#breadcrumb","itemListElement":[{"@type":"ListItem","position":1,"name":"Prad\u017eia","item":"https:\/\/eheating.lt\/en\/"},{"@type":"ListItem","position":2,"name":"Shop","item":"https:\/\/eheating.lt\/en\/?page_id=5734"},{"@type":"ListItem","position":3,"name":"Hikvision DVR DS-7332HUHI-K4"}]},{"@type":"WebSite","@id":"https:\/\/eheating.lt\/#website","url":"https:\/\/eheating.lt\/","name":"eHeating","description":"Elektronika ir \u0161ildymas","potentialAction":[{"@type":"SearchAction","target":{"@type":"EntryPoint","urlTemplate":"https:\/\/eheating.lt\/?s={search_term_string}"},"query-input":{"@type":"PropertyValueSpecification","valueRequired":true,"valueName":"search_term_string"}}],"inLanguage":"en-US"}]},"product_price_amount":"2015.95","product_price_currency":"EUR","og_availability":"instock","product_availability":"instock","product_retailer_item_id":"fdca19b97fa5","product_condition":"new"},"_links":{"self":[{"href":"https:\/\/eheating.lt\/en\/wp-json\/wp\/v2\/product\/18176","targetHints":{"allow":["GET"]}}],"collection":[{"href":"https:\/\/eheating.lt\/en\/wp-json\/wp\/v2\/product"}],"about":[{"href":"https:\/\/eheating.lt\/en\/wp-json\/wp\/v2\/types\/product"}],"replies":[{"embeddable":true,"href":"https:\/\/eheating.lt\/en\/wp-json\/wp\/v2\/comments?post=18176"}],"version-history":[{"count":0,"href":"https:\/\/eheating.lt\/en\/wp-json\/wp\/v2\/product\/18176\/revisions"}],"wp:featuredmedia":[{"embeddable":true,"href":"https:\/\/eheating.lt\/en\/wp-json\/wp\/v2\/media\/29079"}],"wp:attachment":[{"href":"https:\/\/eheating.lt\/en\/wp-json\/wp\/v2\/media?parent=18176"}],"wp:term":[{"taxonomy":"product_brand","embeddable":true,"href":"https:\/\/eheating.lt\/en\/wp-json\/wp\/v2\/product_brand?post=18176"},{"taxonomy":"product_cat","embeddable":true,"href":"https:\/\/eheating.lt\/en\/wp-json\/wp\/v2\/product_cat?post=18176"},{"taxonomy":"product_tag","embeddable":true,"href":"https:\/\/eheating.lt\/en\/wp-json\/wp\/v2\/product_tag?post=18176"}],"curies":[{"name":"wp","href":"https:\/\/api.w.org\/{rel}","templated":true}]}}