{"id":18160,"date":"2023-12-28T15:22:06","date_gmt":"2023-12-28T13:22:06","guid":{"rendered":"https:\/\/eheating.lt\/?post_type=product&#038;p=18160"},"modified":"2024-09-13T17:42:03","modified_gmt":"2024-09-13T14:42:03","slug":"hikvision-korteliu-skaitytuvas-ds-k1107mk","status":"publish","type":"product","link":"https:\/\/eheating.lt\/en\/produktas\/hikvision-korteliu-skaitytuvas-ds-k1107mk\/","title":{"rendered":"Hikvision korteli\u0173 skaitytuvas DS-K1107MK"},"content":{"rendered":"<table>\n<tbody>\n<tr>\n<th colspan=\"3&quot;\" scope=\"col\" height=\"50\">System Parameters<\/th>\n<\/tr>\n<tr>\n<td>Processor:<\/td>\n<td>;<\/td>\n<td>32-bit<\/td>\n<\/tr>\n<tr>\n<td>Card Reading Distance:<\/td>\n<td>;<\/td>\n<td>\u22655\u00a0cm<\/td>\n<\/tr>\n<tr>\n<td>ID Settings:<\/td>\n<td>;<\/td>\n<td>Setting\u00a0by\u00a0the\u00a0DIP\u00a0Switch\u00a0on\u00a0the\u00a0Main\u00a0Board<\/td>\n<\/tr>\n<tr>\n<th colspan=\"3\" scope=\"col\" height=\"50\">General<\/th>\n<\/tr>\n<tr>\n<td>Key Board:<\/td>\n<td>;<\/td>\n<td>No\u00a0Keypad\u00a0(DS-K1107E\u00a0and\u00a0DS-K1107M)<br \/>\nKeypad\u00a0with\u00a012\u00a0Keys\u00a0(0~9,\u00a0*,\u00a0#)\u00a0(DS-K1107EK\u00a0and\u00a0DS-K1107MK)<\/td>\n<\/tr>\n<tr>\n<td>Power Supply:<\/td>\n<td>;<\/td>\n<td>12VDC<\/td>\n<\/tr>\n<tr>\n<td>Communication Interface:<\/td>\n<td>;<\/td>\n<td>RS-485\u00a0\/\u00a0Wiegand\u00a0(DIP\u00a0Switch)<\/td>\n<\/tr>\n<tr>\n<td>Audio Alert:<\/td>\n<td>;<\/td>\n<td>Beeper<\/td>\n<\/tr>\n<tr>\n<td>Power Consumption:<\/td>\n<td>;<\/td>\n<td>\u22642W<\/td>\n<\/tr>\n<tr>\n<td>LED Indicator:<\/td>\n<td>;<\/td>\n<td>Power\u00a0Indicator;\u00a0Status\u00a0LED\u00a0Indicator<\/td>\n<\/tr>\n<tr>\n<td>Working Temperature :<\/td>\n<td>;<\/td>\n<td>-20\u00b0C\u00a0to\u00a0+65\u00b0C\u00a0(-4\u00b0F\u00a0to\u00a0+149\u00b0F)<\/td>\n<\/tr>\n<tr>\n<td>Working Humidity:<\/td>\n<td>;<\/td>\n<td>10%\u00a0to\u00a090%\u00a0(Non-Condensing)<\/td>\n<\/tr>\n<tr>\n<td>Dimensions (L\u00d7W\u00d7H):<\/td>\n<td>;<\/td>\n<td>115\u00d744\u00d722mm\u00a0(4.53\u00d71.73\u00d70.87inch)<\/td>\n<\/tr>\n<tr>\n<td>Protection Level:<\/td>\n<td>;<\/td>\n<td>IP\u00a065<\/td>\n<\/tr>\n<tr>\n<td>Installation:<\/td>\n<td>;<\/td>\n<td>Wall\u00a0mounting\u00a0with\u00a0screws.\u00a0The\u00a0Gang\u00a0Box\u00a0is\u00a0not\u00a0supported.<\/td>\n<\/tr>\n<tr>\n<td>Temper-Proof:<\/td>\n<td>;<\/td>\n<td>Support<\/td>\n<\/tr>\n<\/tbody>\n<\/table>\n<p>&#8220;<\/p>\n","protected":false},"excerpt":{"rendered":"<ul>\n<li>EM korteli\u0173 skaitytuvas<\/li>\n<li>Su klaviat\u016bra<\/li>\n<li>Palaiko RS485 ir Wiegand(W26\/W34) protokolus<\/li>\n<li>Apsauga nuo aliarmo suklastojimo<\/li>\n<li>Atsparus dulk\u0117ms<\/li>\n<li>IP64<\/li>\n<\/ul>\n","protected":false},"featured_media":30667,"comment_status":"closed","ping_status":"closed","template":"","meta":[],"product_brand":[],"product_cat":[348,328],"product_tag":[974],"class_list":{"0":"post-18160","1":"product","2":"type-product","3":"status-publish","4":"has-post-thumbnail","6":"product_cat-hikvision-ieigos-kontrole","7":"product_cat-ieigos-kontroles-sistemos","8":"product_tag-ean","10":"first","11":"outofstock","12":"taxable","13":"shipping-taxable","14":"purchasable","15":"product-type-simple"},"yoast_head":"<!-- This site is optimized with the Yoast SEO Premium plugin v21.5 (Yoast SEO v27.3) - https:\/\/yoast.com\/product\/yoast-seo-premium-wordpress\/ -->\n<title>Hikvision korteli\u0173 skaitytuvas DS-K1107MK<\/title>\n<meta name=\"description\" content=\"Hikvision DS-K1107MK korteli\u0173 skaitytuvas ; EM korteli\u0173 skaitytuvas ; Su klaviat\u016bra ; Palaiko RS485 ir Wiegand(W26\/W34) protokolus ; IP64\" \/>\n<meta name=\"robots\" content=\"index, follow, max-snippet:-1, max-image-preview:large, max-video-preview:-1\" \/>\n<link rel=\"canonical\" href=\"https:\/\/eheating.lt\/produktas\/hikvision-korteliu-skaitytuvas-ds-k1107mk\/\" \/>\n<meta property=\"og:locale\" content=\"en_US\" \/>\n<meta property=\"og:type\" content=\"article\" \/>\n<meta property=\"og:title\" content=\"Hikvision korteli\u0173 skaitytuvas DS-K1107MK\" \/>\n<meta property=\"og:description\" content=\"Hikvision DS-K1107MK korteli\u0173 skaitytuvas ; EM korteli\u0173 skaitytuvas ; Su klaviat\u016bra ; Palaiko RS485 ir Wiegand(W26\/W34) protokolus ; IP64\" \/>\n<meta property=\"og:url\" content=\"https:\/\/eheating.lt\/produktas\/hikvision-korteliu-skaitytuvas-ds-k1107mk\/\" \/>\n<meta property=\"og:site_name\" content=\"Elektronika Namams\" \/>\n<meta property=\"article:publisher\" content=\"https:\/\/www.facebook.com\/ElektronikaNamams\" \/>\n<meta property=\"article:modified_time\" content=\"2024-09-13T14:42:03+00:00\" \/>\n<meta property=\"og:image\" content=\"https:\/\/eheating.lt\/wp-content\/uploads\/2023\/10\/Hikvision-korteliu-skaitytuvas-DS-K1107MK.png\" \/>\n\t<meta property=\"og:image:width\" content=\"800\" \/>\n\t<meta property=\"og:image:height\" content=\"800\" \/>\n\t<meta property=\"og:image:type\" content=\"image\/png\" \/>\n<meta name=\"twitter:card\" content=\"summary_large_image\" \/>\n<meta name=\"twitter:label1\" content=\"Price\" \/>\n\t<meta name=\"twitter:data1\" content=\"81,89&nbsp;&euro;\" \/>\n\t<meta name=\"twitter:label2\" content=\"Availability\" \/>\n\t<meta name=\"twitter:data2\" content=\"Out of stock\" \/>\n<script type=\"application\/ld+json\" class=\"yoast-schema-graph\">{\"@context\":\"https:\\\/\\\/schema.org\",\"@graph\":[{\"@type\":\"WebPage\",\"@id\":\"https:\\\/\\\/eheating.lt\\\/produktas\\\/hikvision-korteliu-skaitytuvas-ds-k1107mk\\\/\",\"url\":\"https:\\\/\\\/eheating.lt\\\/produktas\\\/hikvision-korteliu-skaitytuvas-ds-k1107mk\\\/\",\"name\":\"Hikvision korteli\u0173 skaitytuvas DS-K1107MK\",\"isPartOf\":{\"@id\":\"https:\\\/\\\/eheating.lt\\\/#website\"},\"primaryImageOfPage\":{\"@id\":\"https:\\\/\\\/eheating.lt\\\/produktas\\\/hikvision-korteliu-skaitytuvas-ds-k1107mk\\\/#primaryimage\"},\"image\":{\"@id\":\"https:\\\/\\\/eheating.lt\\\/produktas\\\/hikvision-korteliu-skaitytuvas-ds-k1107mk\\\/#primaryimage\"},\"thumbnailUrl\":\"https:\\\/\\\/eheating.lt\\\/wp-content\\\/uploads\\\/2023\\\/10\\\/Hikvision-korteliu-skaitytuvas-DS-K1107MK.png\",\"datePublished\":\"2023-12-28T13:22:06+00:00\",\"dateModified\":\"2024-09-13T14:42:03+00:00\",\"description\":\"Hikvision DS-K1107MK korteli\u0173 skaitytuvas ; EM korteli\u0173 skaitytuvas ; Su klaviat\u016bra ; Palaiko RS485 ir Wiegand(W26\\\/W34) protokolus ; IP64\",\"breadcrumb\":{\"@id\":\"https:\\\/\\\/eheating.lt\\\/produktas\\\/hikvision-korteliu-skaitytuvas-ds-k1107mk\\\/#breadcrumb\"},\"inLanguage\":\"en-US\",\"potentialAction\":[{\"@type\":\"ReadAction\",\"target\":[\"https:\\\/\\\/eheating.lt\\\/produktas\\\/hikvision-korteliu-skaitytuvas-ds-k1107mk\\\/\"]}]},{\"@type\":\"ImageObject\",\"inLanguage\":\"en-US\",\"@id\":\"https:\\\/\\\/eheating.lt\\\/produktas\\\/hikvision-korteliu-skaitytuvas-ds-k1107mk\\\/#primaryimage\",\"url\":\"https:\\\/\\\/eheating.lt\\\/wp-content\\\/uploads\\\/2023\\\/10\\\/Hikvision-korteliu-skaitytuvas-DS-K1107MK.png\",\"contentUrl\":\"https:\\\/\\\/eheating.lt\\\/wp-content\\\/uploads\\\/2023\\\/10\\\/Hikvision-korteliu-skaitytuvas-DS-K1107MK.png\",\"width\":800,\"height\":800,\"caption\":\"Hikvision DS-K1107MK\"},{\"@type\":\"BreadcrumbList\",\"@id\":\"https:\\\/\\\/eheating.lt\\\/produktas\\\/hikvision-korteliu-skaitytuvas-ds-k1107mk\\\/#breadcrumb\",\"itemListElement\":[{\"@type\":\"ListItem\",\"position\":1,\"name\":\"Prad\u017eia\",\"item\":\"https:\\\/\\\/eheating.lt\\\/en\\\/\"},{\"@type\":\"ListItem\",\"position\":2,\"name\":\"Shop\",\"item\":\"https:\\\/\\\/eheating.lt\\\/en\\\/?page_id=5734\"},{\"@type\":\"ListItem\",\"position\":3,\"name\":\"Hikvision korteli\u0173 skaitytuvas DS-K1107MK\"}]},{\"@type\":\"WebSite\",\"@id\":\"https:\\\/\\\/eheating.lt\\\/#website\",\"url\":\"https:\\\/\\\/eheating.lt\\\/\",\"name\":\"eHeating\",\"description\":\"Elektronika ir \u0161ildymas\",\"potentialAction\":[{\"@type\":\"SearchAction\",\"target\":{\"@type\":\"EntryPoint\",\"urlTemplate\":\"https:\\\/\\\/eheating.lt\\\/?s={search_term_string}\"},\"query-input\":{\"@type\":\"PropertyValueSpecification\",\"valueRequired\":true,\"valueName\":\"search_term_string\"}}],\"inLanguage\":\"en-US\"}]}<\/script>\n<meta property=\"product:price:amount\" content=\"81.89\" \/>\n<meta property=\"product:price:currency\" content=\"EUR\" \/>\n<meta property=\"og:availability\" content=\"out of stock\" \/>\n<meta property=\"product:availability\" content=\"out of stock\" \/>\n<meta property=\"product:retailer_item_id\" content=\"4aa9ec32e39c\" \/>\n<meta property=\"product:condition\" content=\"new\" \/>\n<!-- \/ Yoast SEO Premium plugin. -->","yoast_head_json":{"title":"Hikvision korteli\u0173 skaitytuvas DS-K1107MK","description":"Hikvision DS-K1107MK korteli\u0173 skaitytuvas ; EM korteli\u0173 skaitytuvas ; Su klaviat\u016bra ; Palaiko RS485 ir Wiegand(W26\/W34) protokolus ; IP64","robots":{"index":"index","follow":"follow","max-snippet":"max-snippet:-1","max-image-preview":"max-image-preview:large","max-video-preview":"max-video-preview:-1"},"canonical":"https:\/\/eheating.lt\/produktas\/hikvision-korteliu-skaitytuvas-ds-k1107mk\/","og_locale":"en_US","og_type":"article","og_title":"Hikvision korteli\u0173 skaitytuvas DS-K1107MK","og_description":"Hikvision DS-K1107MK korteli\u0173 skaitytuvas ; EM korteli\u0173 skaitytuvas ; Su klaviat\u016bra ; Palaiko RS485 ir Wiegand(W26\/W34) protokolus ; IP64","og_url":"https:\/\/eheating.lt\/produktas\/hikvision-korteliu-skaitytuvas-ds-k1107mk\/","og_site_name":"Elektronika Namams","article_publisher":"https:\/\/www.facebook.com\/ElektronikaNamams","article_modified_time":"2024-09-13T14:42:03+00:00","og_image":[{"width":800,"height":800,"url":"https:\/\/eheating.lt\/wp-content\/uploads\/2023\/10\/Hikvision-korteliu-skaitytuvas-DS-K1107MK.png","type":"image\/png"}],"twitter_card":"summary_large_image","twitter_misc":{"Price":"81,89&nbsp;&euro;","Availability":"Out of stock"},"schema":{"@context":"https:\/\/schema.org","@graph":[{"@type":"WebPage","@id":"https:\/\/eheating.lt\/produktas\/hikvision-korteliu-skaitytuvas-ds-k1107mk\/","url":"https:\/\/eheating.lt\/produktas\/hikvision-korteliu-skaitytuvas-ds-k1107mk\/","name":"Hikvision korteli\u0173 skaitytuvas DS-K1107MK","isPartOf":{"@id":"https:\/\/eheating.lt\/#website"},"primaryImageOfPage":{"@id":"https:\/\/eheating.lt\/produktas\/hikvision-korteliu-skaitytuvas-ds-k1107mk\/#primaryimage"},"image":{"@id":"https:\/\/eheating.lt\/produktas\/hikvision-korteliu-skaitytuvas-ds-k1107mk\/#primaryimage"},"thumbnailUrl":"https:\/\/eheating.lt\/wp-content\/uploads\/2023\/10\/Hikvision-korteliu-skaitytuvas-DS-K1107MK.png","datePublished":"2023-12-28T13:22:06+00:00","dateModified":"2024-09-13T14:42:03+00:00","description":"Hikvision DS-K1107MK korteli\u0173 skaitytuvas ; EM korteli\u0173 skaitytuvas ; Su klaviat\u016bra ; Palaiko RS485 ir Wiegand(W26\/W34) protokolus ; IP64","breadcrumb":{"@id":"https:\/\/eheating.lt\/produktas\/hikvision-korteliu-skaitytuvas-ds-k1107mk\/#breadcrumb"},"inLanguage":"en-US","potentialAction":[{"@type":"ReadAction","target":["https:\/\/eheating.lt\/produktas\/hikvision-korteliu-skaitytuvas-ds-k1107mk\/"]}]},{"@type":"ImageObject","inLanguage":"en-US","@id":"https:\/\/eheating.lt\/produktas\/hikvision-korteliu-skaitytuvas-ds-k1107mk\/#primaryimage","url":"https:\/\/eheating.lt\/wp-content\/uploads\/2023\/10\/Hikvision-korteliu-skaitytuvas-DS-K1107MK.png","contentUrl":"https:\/\/eheating.lt\/wp-content\/uploads\/2023\/10\/Hikvision-korteliu-skaitytuvas-DS-K1107MK.png","width":800,"height":800,"caption":"Hikvision DS-K1107MK"},{"@type":"BreadcrumbList","@id":"https:\/\/eheating.lt\/produktas\/hikvision-korteliu-skaitytuvas-ds-k1107mk\/#breadcrumb","itemListElement":[{"@type":"ListItem","position":1,"name":"Prad\u017eia","item":"https:\/\/eheating.lt\/en\/"},{"@type":"ListItem","position":2,"name":"Shop","item":"https:\/\/eheating.lt\/en\/?page_id=5734"},{"@type":"ListItem","position":3,"name":"Hikvision korteli\u0173 skaitytuvas DS-K1107MK"}]},{"@type":"WebSite","@id":"https:\/\/eheating.lt\/#website","url":"https:\/\/eheating.lt\/","name":"eHeating","description":"Elektronika ir \u0161ildymas","potentialAction":[{"@type":"SearchAction","target":{"@type":"EntryPoint","urlTemplate":"https:\/\/eheating.lt\/?s={search_term_string}"},"query-input":{"@type":"PropertyValueSpecification","valueRequired":true,"valueName":"search_term_string"}}],"inLanguage":"en-US"}]},"product_price_amount":"81.89","product_price_currency":"EUR","og_availability":"out of stock","product_availability":"out of stock","product_retailer_item_id":"4aa9ec32e39c","product_condition":"new"},"_links":{"self":[{"href":"https:\/\/eheating.lt\/en\/wp-json\/wp\/v2\/product\/18160","targetHints":{"allow":["GET"]}}],"collection":[{"href":"https:\/\/eheating.lt\/en\/wp-json\/wp\/v2\/product"}],"about":[{"href":"https:\/\/eheating.lt\/en\/wp-json\/wp\/v2\/types\/product"}],"replies":[{"embeddable":true,"href":"https:\/\/eheating.lt\/en\/wp-json\/wp\/v2\/comments?post=18160"}],"version-history":[{"count":0,"href":"https:\/\/eheating.lt\/en\/wp-json\/wp\/v2\/product\/18160\/revisions"}],"wp:featuredmedia":[{"embeddable":true,"href":"https:\/\/eheating.lt\/en\/wp-json\/wp\/v2\/media\/30667"}],"wp:attachment":[{"href":"https:\/\/eheating.lt\/en\/wp-json\/wp\/v2\/media?parent=18160"}],"wp:term":[{"taxonomy":"product_brand","embeddable":true,"href":"https:\/\/eheating.lt\/en\/wp-json\/wp\/v2\/product_brand?post=18160"},{"taxonomy":"product_cat","embeddable":true,"href":"https:\/\/eheating.lt\/en\/wp-json\/wp\/v2\/product_cat?post=18160"},{"taxonomy":"product_tag","embeddable":true,"href":"https:\/\/eheating.lt\/en\/wp-json\/wp\/v2\/product_tag?post=18160"}],"curies":[{"name":"wp","href":"https:\/\/api.w.org\/{rel}","templated":true}]}}