{"id":18146,"date":"2023-11-13T22:00:38","date_gmt":"2023-11-13T20:00:38","guid":{"rendered":"https:\/\/eheating.lt\/?post_type=product&#038;p=18146"},"modified":"2024-10-18T17:05:28","modified_gmt":"2024-10-18T14:05:28","slug":"utepo-uof7201ge","status":"publish","type":"product","link":"https:\/\/eheating.lt\/en\/produktas\/utepo-uof7201ge\/","title":{"rendered":"UTEPO UOF7201GE"},"content":{"rendered":"<table>\n<tbody>\n<tr>\n<td colspan=\"2\" width=\"392\"><strong>Item<\/strong><\/td>\n<td width=\"196\"><strong>Description<\/strong><\/td>\n<\/tr>\n<tr>\n<td rowspan=\"3\" width=\"196\"><strong>Power<\/strong><\/td>\n<td width=\"196\">Power Supply<\/td>\n<td width=\"196\">Power Adapter<\/td>\n<\/tr>\n<tr>\n<td width=\"196\">Voltage range<\/td>\n<td width=\"196\">DC12V~24V<\/td>\n<\/tr>\n<tr>\n<td width=\"196\">Consumption<\/td>\n<td width=\"196\">\uff1c3W<\/td>\n<\/tr>\n<tr>\n<td rowspan=\"2\" width=\"196\"><strong>Ethernet Port Parameter<\/strong><\/td>\n<td width=\"196\">Ethernet Port<\/td>\n<td width=\"196\">Ethernet port:10\/100\/1000Mbps<\/td>\n<\/tr>\n<tr>\n<td width=\"196\">Transmission Distance<\/td>\n<td width=\"196\">Ethernet port:0\uff5e150m<\/td>\n<\/tr>\n<tr>\n<td rowspan=\"3\" width=\"196\"><strong>Fiber Port Parameter<\/strong><\/td>\n<td width=\"196\">Fiber Port<\/td>\n<td width=\"196\">LC Port, SFP Optical Module, Single Fiber or Dual<\/td>\n<\/tr>\n<tr>\n<td width=\"196\">Bandwidth<\/td>\n<td width=\"196\">1.25Gbps<\/td>\n<\/tr>\n<tr>\n<td width=\"196\">Transmission Distance<\/td>\n<td width=\"196\">Depend on SFP module performance<\/td>\n<\/tr>\n<tr>\n<td rowspan=\"3\" width=\"196\"><strong>Network Exchange Specification<\/strong><\/td>\n<td rowspan=\"3\" width=\"196\">Ethernet standard<\/td>\n<td width=\"196\">IEEE802.3\u3001IEEE802.3u\u3001IEEE802.3ab\/z\u3001<\/td>\n<\/tr>\n<tr>\n<td width=\"196\">10\/100\/1000BASE-TX and 1000BASE-FX\u3001<\/td>\n<\/tr>\n<tr>\n<td width=\"196\">IEEE802.3 X.<\/td>\n<\/tr>\n<tr>\n<td rowspan=\"3\" width=\"196\"><strong>Status Indicator<\/strong><\/td>\n<td width=\"196\">Power indicator light<\/td>\n<td width=\"196\">1 Red<\/td>\n<\/tr>\n<tr>\n<td width=\"196\">Network indicator light<\/td>\n<td width=\"196\">1 Green on RJ45 Socket<\/td>\n<\/tr>\n<tr>\n<td width=\"196\">Fiber indicator light<\/td>\n<td width=\"196\">3 Green (Link,SD,FED)<\/td>\n<\/tr>\n<tr>\n<td rowspan=\"2\" width=\"196\"><strong>Protection Level<\/strong><\/td>\n<td width=\"196\">ESD<\/td>\n<td width=\"196\">3 level,Standard:IEC61000-4-2<\/td>\n<\/tr>\n<tr>\n<td width=\"196\">Protection level<\/td>\n<td width=\"196\">3 level,Standard: IEC61000-4-5<\/td>\n<\/tr>\n<tr>\n<td rowspan=\"3\" width=\"196\"><strong>Operation Environment<\/strong><\/td>\n<td width=\"196\">Working Temperature<\/td>\n<td width=\"196\">-40\u2103~75\u2103<\/td>\n<\/tr>\n<tr>\n<td width=\"196\">Storage Temperature<\/td>\n<td width=\"196\">-40\u2103~85\u2103<\/td>\n<\/tr>\n<tr>\n<td width=\"196\">Humidity (non-condensing)<\/td>\n<td width=\"196\">0~95%<\/td>\n<\/tr>\n<tr>\n<td rowspan=\"4\" width=\"196\"><strong>Mechanical<\/strong><\/td>\n<td width=\"196\">Dimension (L\u00d7W\u00d7H)<\/td>\n<td width=\"196\">26mm\u00d771mm\u00d794mm<\/td>\n<\/tr>\n<tr>\n<td width=\"196\">Material<\/td>\n<td width=\"196\">Aluminum Alloy<\/td>\n<\/tr>\n<tr>\n<td width=\"196\">Color<\/td>\n<td width=\"196\">Black<\/td>\n<\/tr>\n<tr>\n<td width=\"196\">Weight<\/td>\n<td width=\"196\">160g<\/td>\n<\/tr>\n<\/tbody>\n<\/table>\n","protected":false},"excerpt":{"rendered":"<ul>\n<li>Gigabit Ethernet konverteris<\/li>\n<li>Gali konvertuoti ir perduoti Ethernet signal\u0105 per optin\u012f kabel\u012f<\/li>\n<li>Palaiko iki 1000Mbps duomen\u0173 spart\u0105<\/li>\n<\/ul>\n","protected":false},"featured_media":28384,"comment_status":"closed","ping_status":"closed","template":"","meta":[],"product_brand":[],"product_cat":[533,305,536],"product_tag":[],"class_list":{"0":"post-18146","1":"product","2":"type-product","3":"status-publish","4":"has-post-thumbnail","6":"product_cat-ip-vaizdo-stebejimo-sistemos","7":"product_cat-ip-kita-iranga","8":"product_cat-ip-vaizdo-signalo-perdavimas","10":"first","11":"onbackorder","12":"purchasable","13":"product-type-simple"},"yoast_head":"<!-- This site is optimized with the Yoast SEO Premium plugin v21.5 (Yoast SEO v27.3) - https:\/\/yoast.com\/product\/yoast-seo-premium-wordpress\/ -->\n<title>UTEPO UOF7201GE<\/title>\n<meta name=\"description\" content=\"UTEPO UOF7201GE ; Gigabit Ethernet konverteris ; Gali konvertuoti ir perduoti Ethernet signal\u0105 per optin\u012f kabel\u012f ; Palaiko iki 1000Mbps duomen\u0173 spart\u0105\" \/>\n<meta name=\"robots\" content=\"index, follow, max-snippet:-1, max-image-preview:large, max-video-preview:-1\" \/>\n<link rel=\"canonical\" href=\"https:\/\/eheating.lt\/produktas\/utepo-uof7201ge\/\" \/>\n<meta property=\"og:locale\" content=\"en_US\" \/>\n<meta property=\"og:type\" content=\"article\" \/>\n<meta property=\"og:title\" content=\"UTEPO UOF7201GE\" \/>\n<meta property=\"og:description\" content=\"UTEPO UOF7201GE ; Gigabit Ethernet konverteris ; Gali konvertuoti ir perduoti Ethernet signal\u0105 per optin\u012f kabel\u012f ; Palaiko iki 1000Mbps duomen\u0173 spart\u0105\" \/>\n<meta property=\"og:url\" content=\"https:\/\/eheating.lt\/produktas\/utepo-uof7201ge\/\" \/>\n<meta property=\"og:site_name\" content=\"Elektronika Namams\" \/>\n<meta property=\"article:publisher\" content=\"https:\/\/www.facebook.com\/ElektronikaNamams\" \/>\n<meta property=\"article:modified_time\" content=\"2024-10-18T14:05:28+00:00\" \/>\n<meta property=\"og:image\" content=\"https:\/\/eheating.lt\/wp-content\/uploads\/2023\/10\/UTEPO-UOF7201GE.png\" \/>\n\t<meta property=\"og:image:width\" content=\"800\" \/>\n\t<meta property=\"og:image:height\" content=\"800\" \/>\n\t<meta property=\"og:image:type\" content=\"image\/png\" \/>\n<meta name=\"twitter:card\" content=\"summary_large_image\" \/>\n<meta name=\"twitter:label1\" content=\"Price\" \/>\n\t<meta name=\"twitter:data1\" content=\"57,97&nbsp;&euro;\" \/>\n\t<meta name=\"twitter:label2\" content=\"Availability\" \/>\n\t<meta name=\"twitter:data2\" content=\"On backorder\" \/>\n<script type=\"application\/ld+json\" class=\"yoast-schema-graph\">{\"@context\":\"https:\\\/\\\/schema.org\",\"@graph\":[{\"@type\":\"WebPage\",\"@id\":\"https:\\\/\\\/eheating.lt\\\/produktas\\\/utepo-uof7201ge\\\/\",\"url\":\"https:\\\/\\\/eheating.lt\\\/produktas\\\/utepo-uof7201ge\\\/\",\"name\":\"UTEPO UOF7201GE\",\"isPartOf\":{\"@id\":\"https:\\\/\\\/eheating.lt\\\/#website\"},\"primaryImageOfPage\":{\"@id\":\"https:\\\/\\\/eheating.lt\\\/produktas\\\/utepo-uof7201ge\\\/#primaryimage\"},\"image\":{\"@id\":\"https:\\\/\\\/eheating.lt\\\/produktas\\\/utepo-uof7201ge\\\/#primaryimage\"},\"thumbnailUrl\":\"https:\\\/\\\/eheating.lt\\\/wp-content\\\/uploads\\\/2023\\\/10\\\/UTEPO-UOF7201GE.png\",\"datePublished\":\"2023-11-13T20:00:38+00:00\",\"dateModified\":\"2024-10-18T14:05:28+00:00\",\"description\":\"UTEPO UOF7201GE ; Gigabit Ethernet konverteris ; Gali konvertuoti ir perduoti Ethernet signal\u0105 per optin\u012f kabel\u012f ; Palaiko iki 1000Mbps duomen\u0173 spart\u0105\",\"breadcrumb\":{\"@id\":\"https:\\\/\\\/eheating.lt\\\/produktas\\\/utepo-uof7201ge\\\/#breadcrumb\"},\"inLanguage\":\"en-US\",\"potentialAction\":[{\"@type\":\"ReadAction\",\"target\":[\"https:\\\/\\\/eheating.lt\\\/produktas\\\/utepo-uof7201ge\\\/\"]}]},{\"@type\":\"ImageObject\",\"inLanguage\":\"en-US\",\"@id\":\"https:\\\/\\\/eheating.lt\\\/produktas\\\/utepo-uof7201ge\\\/#primaryimage\",\"url\":\"https:\\\/\\\/eheating.lt\\\/wp-content\\\/uploads\\\/2023\\\/10\\\/UTEPO-UOF7201GE.png\",\"contentUrl\":\"https:\\\/\\\/eheating.lt\\\/wp-content\\\/uploads\\\/2023\\\/10\\\/UTEPO-UOF7201GE.png\",\"width\":800,\"height\":800,\"caption\":\"UTEPO UOF7201GE\"},{\"@type\":\"BreadcrumbList\",\"@id\":\"https:\\\/\\\/eheating.lt\\\/produktas\\\/utepo-uof7201ge\\\/#breadcrumb\",\"itemListElement\":[{\"@type\":\"ListItem\",\"position\":1,\"name\":\"Prad\u017eia\",\"item\":\"https:\\\/\\\/eheating.lt\\\/en\\\/\"},{\"@type\":\"ListItem\",\"position\":2,\"name\":\"Shop\",\"item\":\"https:\\\/\\\/eheating.lt\\\/en\\\/?page_id=5734\"},{\"@type\":\"ListItem\",\"position\":3,\"name\":\"UTEPO UOF7201GE\"}]},{\"@type\":\"WebSite\",\"@id\":\"https:\\\/\\\/eheating.lt\\\/#website\",\"url\":\"https:\\\/\\\/eheating.lt\\\/\",\"name\":\"eHeating\",\"description\":\"Elektronika ir \u0161ildymas\",\"potentialAction\":[{\"@type\":\"SearchAction\",\"target\":{\"@type\":\"EntryPoint\",\"urlTemplate\":\"https:\\\/\\\/eheating.lt\\\/?s={search_term_string}\"},\"query-input\":{\"@type\":\"PropertyValueSpecification\",\"valueRequired\":true,\"valueName\":\"search_term_string\"}}],\"inLanguage\":\"en-US\"}]}<\/script>\n<meta property=\"product:price:amount\" content=\"57.97\" \/>\n<meta property=\"product:price:currency\" content=\"EUR\" \/>\n<meta property=\"og:availability\" content=\"backorder\" \/>\n<meta property=\"product:availability\" content=\"available for order\" \/>\n<meta property=\"product:retailer_item_id\" content=\"e66cc1cf0513\" \/>\n<meta property=\"product:condition\" content=\"new\" \/>\n<!-- \/ Yoast SEO Premium plugin. -->","yoast_head_json":{"title":"UTEPO UOF7201GE","description":"UTEPO UOF7201GE ; Gigabit Ethernet konverteris ; Gali konvertuoti ir perduoti Ethernet signal\u0105 per optin\u012f kabel\u012f ; Palaiko iki 1000Mbps duomen\u0173 spart\u0105","robots":{"index":"index","follow":"follow","max-snippet":"max-snippet:-1","max-image-preview":"max-image-preview:large","max-video-preview":"max-video-preview:-1"},"canonical":"https:\/\/eheating.lt\/produktas\/utepo-uof7201ge\/","og_locale":"en_US","og_type":"article","og_title":"UTEPO UOF7201GE","og_description":"UTEPO UOF7201GE ; Gigabit Ethernet konverteris ; Gali konvertuoti ir perduoti Ethernet signal\u0105 per optin\u012f kabel\u012f ; Palaiko iki 1000Mbps duomen\u0173 spart\u0105","og_url":"https:\/\/eheating.lt\/produktas\/utepo-uof7201ge\/","og_site_name":"Elektronika Namams","article_publisher":"https:\/\/www.facebook.com\/ElektronikaNamams","article_modified_time":"2024-10-18T14:05:28+00:00","og_image":[{"width":800,"height":800,"url":"https:\/\/eheating.lt\/wp-content\/uploads\/2023\/10\/UTEPO-UOF7201GE.png","type":"image\/png"}],"twitter_card":"summary_large_image","twitter_misc":{"Price":"57,97&nbsp;&euro;","Availability":"On backorder"},"schema":{"@context":"https:\/\/schema.org","@graph":[{"@type":"WebPage","@id":"https:\/\/eheating.lt\/produktas\/utepo-uof7201ge\/","url":"https:\/\/eheating.lt\/produktas\/utepo-uof7201ge\/","name":"UTEPO UOF7201GE","isPartOf":{"@id":"https:\/\/eheating.lt\/#website"},"primaryImageOfPage":{"@id":"https:\/\/eheating.lt\/produktas\/utepo-uof7201ge\/#primaryimage"},"image":{"@id":"https:\/\/eheating.lt\/produktas\/utepo-uof7201ge\/#primaryimage"},"thumbnailUrl":"https:\/\/eheating.lt\/wp-content\/uploads\/2023\/10\/UTEPO-UOF7201GE.png","datePublished":"2023-11-13T20:00:38+00:00","dateModified":"2024-10-18T14:05:28+00:00","description":"UTEPO UOF7201GE ; Gigabit Ethernet konverteris ; Gali konvertuoti ir perduoti Ethernet signal\u0105 per optin\u012f kabel\u012f ; Palaiko iki 1000Mbps duomen\u0173 spart\u0105","breadcrumb":{"@id":"https:\/\/eheating.lt\/produktas\/utepo-uof7201ge\/#breadcrumb"},"inLanguage":"en-US","potentialAction":[{"@type":"ReadAction","target":["https:\/\/eheating.lt\/produktas\/utepo-uof7201ge\/"]}]},{"@type":"ImageObject","inLanguage":"en-US","@id":"https:\/\/eheating.lt\/produktas\/utepo-uof7201ge\/#primaryimage","url":"https:\/\/eheating.lt\/wp-content\/uploads\/2023\/10\/UTEPO-UOF7201GE.png","contentUrl":"https:\/\/eheating.lt\/wp-content\/uploads\/2023\/10\/UTEPO-UOF7201GE.png","width":800,"height":800,"caption":"UTEPO UOF7201GE"},{"@type":"BreadcrumbList","@id":"https:\/\/eheating.lt\/produktas\/utepo-uof7201ge\/#breadcrumb","itemListElement":[{"@type":"ListItem","position":1,"name":"Prad\u017eia","item":"https:\/\/eheating.lt\/en\/"},{"@type":"ListItem","position":2,"name":"Shop","item":"https:\/\/eheating.lt\/en\/?page_id=5734"},{"@type":"ListItem","position":3,"name":"UTEPO UOF7201GE"}]},{"@type":"WebSite","@id":"https:\/\/eheating.lt\/#website","url":"https:\/\/eheating.lt\/","name":"eHeating","description":"Elektronika ir \u0161ildymas","potentialAction":[{"@type":"SearchAction","target":{"@type":"EntryPoint","urlTemplate":"https:\/\/eheating.lt\/?s={search_term_string}"},"query-input":{"@type":"PropertyValueSpecification","valueRequired":true,"valueName":"search_term_string"}}],"inLanguage":"en-US"}]},"product_price_amount":"57.97","product_price_currency":"EUR","og_availability":"backorder","product_availability":"available for order","product_retailer_item_id":"e66cc1cf0513","product_condition":"new"},"_links":{"self":[{"href":"https:\/\/eheating.lt\/en\/wp-json\/wp\/v2\/product\/18146","targetHints":{"allow":["GET"]}}],"collection":[{"href":"https:\/\/eheating.lt\/en\/wp-json\/wp\/v2\/product"}],"about":[{"href":"https:\/\/eheating.lt\/en\/wp-json\/wp\/v2\/types\/product"}],"replies":[{"embeddable":true,"href":"https:\/\/eheating.lt\/en\/wp-json\/wp\/v2\/comments?post=18146"}],"version-history":[{"count":0,"href":"https:\/\/eheating.lt\/en\/wp-json\/wp\/v2\/product\/18146\/revisions"}],"wp:featuredmedia":[{"embeddable":true,"href":"https:\/\/eheating.lt\/en\/wp-json\/wp\/v2\/media\/28384"}],"wp:attachment":[{"href":"https:\/\/eheating.lt\/en\/wp-json\/wp\/v2\/media?parent=18146"}],"wp:term":[{"taxonomy":"product_brand","embeddable":true,"href":"https:\/\/eheating.lt\/en\/wp-json\/wp\/v2\/product_brand?post=18146"},{"taxonomy":"product_cat","embeddable":true,"href":"https:\/\/eheating.lt\/en\/wp-json\/wp\/v2\/product_cat?post=18146"},{"taxonomy":"product_tag","embeddable":true,"href":"https:\/\/eheating.lt\/en\/wp-json\/wp\/v2\/product_tag?post=18146"}],"curies":[{"name":"wp","href":"https:\/\/api.w.org\/{rel}","templated":true}]}}