{"id":18138,"date":"2023-11-17T23:48:09","date_gmt":"2023-11-17T21:48:09","guid":{"rendered":"https:\/\/eheating.lt\/?post_type=product&#038;p=18138"},"modified":"2024-10-18T17:05:16","modified_gmt":"2024-10-18T14:05:16","slug":"hikvision-ds-7108hqhi-k1","status":"publish","type":"product","link":"https:\/\/eheating.lt\/en\/produktas\/hikvision-ds-7108hqhi-k1\/","title":{"rendered":"Hikvision DS-7108HQHI-K1"},"content":{"rendered":"<table cellspacing=\"0\">\n<tbody>\n<tr>\n<td bgcolor=\"#BEBEBE\">Model<\/td>\n<td bgcolor=\"#BEBEBE\"><\/td>\n<td bgcolor=\"#BEBEBE\">DS-7104HQHI-K1<\/td>\n<td bgcolor=\"#BEBEBE\">DS-7108HQHI-K1<\/td>\n<td bgcolor=\"#BEBEBE\">DS-7116HQHI-K1<\/td>\n<\/tr>\n<tr>\n<td rowspan=\"12\" bgcolor=\"#BEBEBE\">Video\/Audio input<\/td>\n<td>Video compression<\/td>\n<td colspan=\"3\">H.265+\/H.265\/H.264+\/H.264<\/td>\n<\/tr>\n<tr>\n<td rowspan=\"2\">Analog video input<\/td>\n<td>4-ch<\/td>\n<td>8-ch<\/td>\n<td>16-ch<\/td>\n<\/tr>\n<tr>\n<td colspan=\"3\">BNC interface (1.0 Vp-p, 75 \u03a9), supporting coaxitron connection<\/td>\n<\/tr>\n<tr>\n<td>HDTVI input<\/td>\n<td colspan=\"3\">3 MP, 1080p25, 1080p30, 720p25, 720p30, 720p50, 720p60<\/p>\n<p>Note: The 3 MP signal input is only available for channel 1 of DS-7104HQHI-K1, channel 1\/2 of DS-7108HQHI-K1, and channel 1\/2\/3\/4 of DS-7116HQHI-K1.<\/td>\n<\/tr>\n<tr>\n<td>AHD input<\/td>\n<td colspan=\"3\">1080p25, 1080p30, 720p25, 720p30<\/td>\n<\/tr>\n<tr>\n<td>HDCVI input<\/td>\n<td colspan=\"3\">1080p25, 1080p30, 720p25, 720p30<\/td>\n<\/tr>\n<tr>\n<td>CVBS input<\/td>\n<td colspan=\"3\">Support<\/td>\n<\/tr>\n<tr>\n<td rowspan=\"3\">IP video input<\/td>\n<td>1-ch<\/td>\n<td>2-ch<\/td>\n<td>2-ch<\/td>\n<\/tr>\n<tr>\n<td colspan=\"3\">Up to 4 MP resolution<\/td>\n<\/tr>\n<tr>\n<td colspan=\"3\">Supports H.265+\/H.265\/H.264+\/H.264 IP cameras<\/td>\n<\/tr>\n<tr>\n<td>Audio compression<\/td>\n<td colspan=\"3\">G.711u<\/td>\n<\/tr>\n<tr>\n<td>Audio input\/Two-way<\/p>\n<p>audio input<\/td>\n<td colspan=\"3\">1-ch, RCA (2.0 Vp-p, 1 K\u03a9)<\/td>\n<\/tr>\n<tr>\n<td rowspan=\"10\" bgcolor=\"#BEBEBE\">Video\/Audio output<\/td>\n<td>HDMI\/VGA<\/p>\n<p>output<\/td>\n<td colspan=\"3\">1-ch, 1920 \u00d7 1080\/60Hz, 1280 \u00d7 1024\/60Hz, 1280 \u00d7 720\/60Hz, 1024 \u00d7 768\/60Hz<\/td>\n<\/tr>\n<tr>\n<td>Encoding resolution<\/td>\n<td colspan=\"3\">When 1080p Lite mode not enabled: 3 MP\/1080p\/720p\/WD1\/4CIF\/VGA\/CIF; When 1080p Lite mode enabled: 3 MP\/1080p lite\/720p lite\/WD1\/4CIF\/VGA\/CIF<\/td>\n<\/tr>\n<tr>\n<td rowspan=\"2\">Frame rate<\/td>\n<td colspan=\"3\">Main stream:<\/p>\n<p>When 1080p Lite mode not enabled:<\/p>\n<p>For 3 MP stream access: 3 MP\/1080p\/720p\/VGA\/WD1\/4CIF\/CIF@15fps<\/p>\n<p>For 1080p stream access: 1080p\/720p@15fps; VGA\/WD1\/4CIF\/CIF@25fps (P)\/30fps (N) For 720p stream access: 720p\/VGA\/WD1\/4CIF\/CIF@25fps (P)\/30fps (N)<\/p>\n<p>When 1080p Lite mode enabled: 3 MP@15fps<\/p>\n<p>1080p lite\/720p lite\/VGA\/WD1\/4CIF\/CIF@25fps (P)\/30fps (N)<\/td>\n<\/tr>\n<tr>\n<td colspan=\"3\">Sub-stream:<\/p>\n<p>WD1\/4CIF@12fps; CIF@25fps (P)\/30fps (N)<\/td>\n<\/tr>\n<tr>\n<td>Video bit rate<\/td>\n<td colspan=\"3\">32 Kbps to 6 Mbps<\/td>\n<\/tr>\n<tr>\n<td>Audio output<\/td>\n<td colspan=\"3\">1-ch, RCA (Linear, 1 K\u03a9)<\/td>\n<\/tr>\n<tr>\n<td>Audio bit rate<\/td>\n<td colspan=\"3\">64 Kbps<\/td>\n<\/tr>\n<tr>\n<td>Dual stream<\/td>\n<td colspan=\"3\">Support<\/td>\n<\/tr>\n<tr>\n<td>Stream type<\/td>\n<td colspan=\"3\">Video, Video &amp; Audio<\/td>\n<\/tr>\n<tr>\n<td>Synchronous<\/p>\n<p>playback<\/td>\n<td>4-ch<\/td>\n<td>8-ch<\/td>\n<td>16-ch<\/td>\n<\/tr>\n<tr>\n<td rowspan=\"2\" bgcolor=\"#BEBEBE\">Network management<\/td>\n<td>Remote connections<\/td>\n<td colspan=\"3\">128<\/td>\n<\/tr>\n<tr>\n<td>Network protocols<\/td>\n<td colspan=\"3\">TCP\/IP, PPPoE, DHCP, Hik-Connect, DNS, DDNS, NTP, SADP, NFS, iSCSI, UPnP\u2122, HTTPS, ONVIF<\/td>\n<\/tr>\n<tr>\n<td rowspan=\"2\" bgcolor=\"#BEBEBE\">Hard disk<\/td>\n<td>SATA<\/td>\n<td colspan=\"3\">1 SATA interface<\/td>\n<\/tr>\n<tr>\n<td>Capacity<\/td>\n<td>Up to 4 TB capacity for each<\/p>\n<p>disk<\/td>\n<td colspan=\"2\">Up to 6 TB capacity for each disk<\/td>\n<\/tr>\n<tr>\n<td rowspan=\"2\" bgcolor=\"#BEBEBE\">External interface<\/td>\n<td>Network<\/p>\n<p>interface<\/td>\n<td colspan=\"3\">1, RJ45 10M\/100M self-adaptive Ethernet interface<\/td>\n<\/tr>\n<tr>\n<td>USB interface<\/td>\n<td colspan=\"3\">Real panel: 2 \u00d7 USB 2.0<\/td>\n<\/tr>\n<tr>\n<td rowspan=\"6\" bgcolor=\"#BEBEBE\">General<\/td>\n<td>Power supply<\/td>\n<td colspan=\"3\">12 VDC<\/td>\n<\/tr>\n<tr>\n<td>Consumption (without HDD)<\/td>\n<td>\u2264 8 W<\/td>\n<td>\u2264 12 W<\/td>\n<td>\u2264 15 W<\/td>\n<\/tr>\n<tr>\n<td>Working temperature<\/td>\n<td colspan=\"3\">-10 \u00baC to +55 \u00baC (+14 \u00baF to +131 \u00baF)<\/td>\n<\/tr>\n<tr>\n<td>Working<\/p>\n<p>humidity<\/td>\n<td colspan=\"3\">10% to 90%<\/td>\n<\/tr>\n<tr>\n<td>Dimensions (W \u00d7 D \u00d7 H)<\/td>\n<td colspan=\"2\">200 \u00d7 200 \u00d7 45 mm (7.9 \u00d7 7.9 \u00d7 1.8 inch)<\/td>\n<td>285 \u00d7 210 \u00d7 45 mm (11.2 \u00d7<\/p>\n<p>8.3 \u00d7 1.8 inch)<\/td>\n<\/tr>\n<tr>\n<td>Weight<\/p>\n<p>(without HDD)<\/td>\n<td colspan=\"3\">\u2264 1 kg (2.2 lb)<\/td>\n<\/tr>\n<\/tbody>\n<\/table>\n","protected":false},"excerpt":{"rendered":"<ul>\n<li>8 kanalai<\/li>\n<li>2 kanalai iki 4 MP IP kameroms<\/li>\n<li>H.265+\/H.265\/H.264+\/H.264<\/li>\n<li>1 HDD iki 6TB<\/li>\n<li>Palaiko real-time 1080p<\/li>\n<li>Audio IN<\/li>\n<\/ul>\n","protected":false},"featured_media":29045,"comment_status":"closed","ping_status":"closed","template":"","meta":[],"product_brand":[],"product_cat":[323,318,320],"product_tag":[],"class_list":{"0":"post-18138","1":"product","2":"type-product","3":"status-publish","4":"has-post-thumbnail","6":"product_cat-8-kanalu-dvr","7":"product_cat-turbo-hd-apsauga","8":"product_cat-turbo-hd-vaizdo-irasymo-irenginiai","10":"first","11":"onbackorder","12":"purchasable","13":"product-type-simple"},"yoast_head":"<!-- This site is optimized with the Yoast SEO Premium plugin v21.5 (Yoast SEO v27.3) - https:\/\/yoast.com\/product\/yoast-seo-premium-wordpress\/ -->\n<title>Hikvision DS-7108HQHI-K1<\/title>\n<meta name=\"description\" content=\"Hikvision DS-7108HQHI-K1 vaizdo \u012fra\u0161ymo \u012frenginys ; 8 kanal\u0173 ; 1 HDD iki 6TB ; 2 kanalai iki 4 MP IP kameroms ; H.265+\/H.265\/H.264+\/H.264\" \/>\n<meta name=\"robots\" content=\"index, follow, max-snippet:-1, max-image-preview:large, max-video-preview:-1\" \/>\n<link rel=\"canonical\" href=\"https:\/\/eheating.lt\/produktas\/hikvision-ds-7108hqhi-k1\/\" \/>\n<meta property=\"og:locale\" content=\"en_US\" \/>\n<meta property=\"og:type\" content=\"article\" \/>\n<meta property=\"og:title\" content=\"Hikvision DS-7108HQHI-K1\" \/>\n<meta property=\"og:description\" content=\"Hikvision DS-7108HQHI-K1 vaizdo \u012fra\u0161ymo \u012frenginys ; 8 kanal\u0173 ; 1 HDD iki 6TB ; 2 kanalai iki 4 MP IP kameroms ; H.265+\/H.265\/H.264+\/H.264\" \/>\n<meta property=\"og:url\" content=\"https:\/\/eheating.lt\/produktas\/hikvision-ds-7108hqhi-k1\/\" \/>\n<meta property=\"og:site_name\" content=\"Elektronika Namams\" \/>\n<meta property=\"article:publisher\" content=\"https:\/\/www.facebook.com\/ElektronikaNamams\" \/>\n<meta property=\"article:modified_time\" content=\"2024-10-18T14:05:16+00:00\" \/>\n<meta property=\"og:image\" content=\"https:\/\/eheating.lt\/wp-content\/uploads\/2023\/10\/Hikvision-DS-7108HQHI-K1.png\" \/>\n\t<meta property=\"og:image:width\" content=\"800\" \/>\n\t<meta property=\"og:image:height\" content=\"800\" \/>\n\t<meta property=\"og:image:type\" content=\"image\/png\" \/>\n<meta name=\"twitter:card\" content=\"summary_large_image\" \/>\n<meta name=\"twitter:label1\" content=\"Price\" \/>\n\t<meta name=\"twitter:data1\" content=\"199,12&nbsp;&euro;\" \/>\n\t<meta name=\"twitter:label2\" content=\"Availability\" \/>\n\t<meta name=\"twitter:data2\" content=\"On backorder\" \/>\n<script type=\"application\/ld+json\" class=\"yoast-schema-graph\">{\"@context\":\"https:\\\/\\\/schema.org\",\"@graph\":[{\"@type\":\"WebPage\",\"@id\":\"https:\\\/\\\/eheating.lt\\\/produktas\\\/hikvision-ds-7108hqhi-k1\\\/\",\"url\":\"https:\\\/\\\/eheating.lt\\\/produktas\\\/hikvision-ds-7108hqhi-k1\\\/\",\"name\":\"Hikvision DS-7108HQHI-K1\",\"isPartOf\":{\"@id\":\"https:\\\/\\\/eheating.lt\\\/#website\"},\"primaryImageOfPage\":{\"@id\":\"https:\\\/\\\/eheating.lt\\\/produktas\\\/hikvision-ds-7108hqhi-k1\\\/#primaryimage\"},\"image\":{\"@id\":\"https:\\\/\\\/eheating.lt\\\/produktas\\\/hikvision-ds-7108hqhi-k1\\\/#primaryimage\"},\"thumbnailUrl\":\"https:\\\/\\\/eheating.lt\\\/wp-content\\\/uploads\\\/2023\\\/10\\\/Hikvision-DS-7108HQHI-K1.png\",\"datePublished\":\"2023-11-17T21:48:09+00:00\",\"dateModified\":\"2024-10-18T14:05:16+00:00\",\"description\":\"Hikvision DS-7108HQHI-K1 vaizdo \u012fra\u0161ymo \u012frenginys ; 8 kanal\u0173 ; 1 HDD iki 6TB ; 2 kanalai iki 4 MP IP kameroms ; H.265+\\\/H.265\\\/H.264+\\\/H.264\",\"breadcrumb\":{\"@id\":\"https:\\\/\\\/eheating.lt\\\/produktas\\\/hikvision-ds-7108hqhi-k1\\\/#breadcrumb\"},\"inLanguage\":\"en-US\",\"potentialAction\":[{\"@type\":\"ReadAction\",\"target\":[\"https:\\\/\\\/eheating.lt\\\/produktas\\\/hikvision-ds-7108hqhi-k1\\\/\"]}]},{\"@type\":\"ImageObject\",\"inLanguage\":\"en-US\",\"@id\":\"https:\\\/\\\/eheating.lt\\\/produktas\\\/hikvision-ds-7108hqhi-k1\\\/#primaryimage\",\"url\":\"https:\\\/\\\/eheating.lt\\\/wp-content\\\/uploads\\\/2023\\\/10\\\/Hikvision-DS-7108HQHI-K1.png\",\"contentUrl\":\"https:\\\/\\\/eheating.lt\\\/wp-content\\\/uploads\\\/2023\\\/10\\\/Hikvision-DS-7108HQHI-K1.png\",\"width\":800,\"height\":800,\"caption\":\"Hikvision DS-7108HQHI-K1\"},{\"@type\":\"BreadcrumbList\",\"@id\":\"https:\\\/\\\/eheating.lt\\\/produktas\\\/hikvision-ds-7108hqhi-k1\\\/#breadcrumb\",\"itemListElement\":[{\"@type\":\"ListItem\",\"position\":1,\"name\":\"Prad\u017eia\",\"item\":\"https:\\\/\\\/eheating.lt\\\/en\\\/\"},{\"@type\":\"ListItem\",\"position\":2,\"name\":\"Shop\",\"item\":\"https:\\\/\\\/eheating.lt\\\/en\\\/?page_id=5734\"},{\"@type\":\"ListItem\",\"position\":3,\"name\":\"Hikvision DS-7108HQHI-K1\"}]},{\"@type\":\"WebSite\",\"@id\":\"https:\\\/\\\/eheating.lt\\\/#website\",\"url\":\"https:\\\/\\\/eheating.lt\\\/\",\"name\":\"eHeating\",\"description\":\"Elektronika ir \u0161ildymas\",\"potentialAction\":[{\"@type\":\"SearchAction\",\"target\":{\"@type\":\"EntryPoint\",\"urlTemplate\":\"https:\\\/\\\/eheating.lt\\\/?s={search_term_string}\"},\"query-input\":{\"@type\":\"PropertyValueSpecification\",\"valueRequired\":true,\"valueName\":\"search_term_string\"}}],\"inLanguage\":\"en-US\"}]}<\/script>\n<meta property=\"product:price:amount\" content=\"199.12\" \/>\n<meta property=\"product:price:currency\" content=\"EUR\" \/>\n<meta property=\"og:availability\" content=\"backorder\" \/>\n<meta property=\"product:availability\" content=\"available for order\" \/>\n<meta property=\"product:retailer_item_id\" content=\"54cd7ad38c6e\" \/>\n<meta property=\"product:condition\" content=\"new\" \/>\n<!-- \/ Yoast SEO Premium plugin. -->","yoast_head_json":{"title":"Hikvision DS-7108HQHI-K1","description":"Hikvision DS-7108HQHI-K1 vaizdo \u012fra\u0161ymo \u012frenginys ; 8 kanal\u0173 ; 1 HDD iki 6TB ; 2 kanalai iki 4 MP IP kameroms ; H.265+\/H.265\/H.264+\/H.264","robots":{"index":"index","follow":"follow","max-snippet":"max-snippet:-1","max-image-preview":"max-image-preview:large","max-video-preview":"max-video-preview:-1"},"canonical":"https:\/\/eheating.lt\/produktas\/hikvision-ds-7108hqhi-k1\/","og_locale":"en_US","og_type":"article","og_title":"Hikvision DS-7108HQHI-K1","og_description":"Hikvision DS-7108HQHI-K1 vaizdo \u012fra\u0161ymo \u012frenginys ; 8 kanal\u0173 ; 1 HDD iki 6TB ; 2 kanalai iki 4 MP IP kameroms ; H.265+\/H.265\/H.264+\/H.264","og_url":"https:\/\/eheating.lt\/produktas\/hikvision-ds-7108hqhi-k1\/","og_site_name":"Elektronika Namams","article_publisher":"https:\/\/www.facebook.com\/ElektronikaNamams","article_modified_time":"2024-10-18T14:05:16+00:00","og_image":[{"width":800,"height":800,"url":"https:\/\/eheating.lt\/wp-content\/uploads\/2023\/10\/Hikvision-DS-7108HQHI-K1.png","type":"image\/png"}],"twitter_card":"summary_large_image","twitter_misc":{"Price":"199,12&nbsp;&euro;","Availability":"On backorder"},"schema":{"@context":"https:\/\/schema.org","@graph":[{"@type":"WebPage","@id":"https:\/\/eheating.lt\/produktas\/hikvision-ds-7108hqhi-k1\/","url":"https:\/\/eheating.lt\/produktas\/hikvision-ds-7108hqhi-k1\/","name":"Hikvision DS-7108HQHI-K1","isPartOf":{"@id":"https:\/\/eheating.lt\/#website"},"primaryImageOfPage":{"@id":"https:\/\/eheating.lt\/produktas\/hikvision-ds-7108hqhi-k1\/#primaryimage"},"image":{"@id":"https:\/\/eheating.lt\/produktas\/hikvision-ds-7108hqhi-k1\/#primaryimage"},"thumbnailUrl":"https:\/\/eheating.lt\/wp-content\/uploads\/2023\/10\/Hikvision-DS-7108HQHI-K1.png","datePublished":"2023-11-17T21:48:09+00:00","dateModified":"2024-10-18T14:05:16+00:00","description":"Hikvision DS-7108HQHI-K1 vaizdo \u012fra\u0161ymo \u012frenginys ; 8 kanal\u0173 ; 1 HDD iki 6TB ; 2 kanalai iki 4 MP IP kameroms ; H.265+\/H.265\/H.264+\/H.264","breadcrumb":{"@id":"https:\/\/eheating.lt\/produktas\/hikvision-ds-7108hqhi-k1\/#breadcrumb"},"inLanguage":"en-US","potentialAction":[{"@type":"ReadAction","target":["https:\/\/eheating.lt\/produktas\/hikvision-ds-7108hqhi-k1\/"]}]},{"@type":"ImageObject","inLanguage":"en-US","@id":"https:\/\/eheating.lt\/produktas\/hikvision-ds-7108hqhi-k1\/#primaryimage","url":"https:\/\/eheating.lt\/wp-content\/uploads\/2023\/10\/Hikvision-DS-7108HQHI-K1.png","contentUrl":"https:\/\/eheating.lt\/wp-content\/uploads\/2023\/10\/Hikvision-DS-7108HQHI-K1.png","width":800,"height":800,"caption":"Hikvision DS-7108HQHI-K1"},{"@type":"BreadcrumbList","@id":"https:\/\/eheating.lt\/produktas\/hikvision-ds-7108hqhi-k1\/#breadcrumb","itemListElement":[{"@type":"ListItem","position":1,"name":"Prad\u017eia","item":"https:\/\/eheating.lt\/en\/"},{"@type":"ListItem","position":2,"name":"Shop","item":"https:\/\/eheating.lt\/en\/?page_id=5734"},{"@type":"ListItem","position":3,"name":"Hikvision DS-7108HQHI-K1"}]},{"@type":"WebSite","@id":"https:\/\/eheating.lt\/#website","url":"https:\/\/eheating.lt\/","name":"eHeating","description":"Elektronika ir \u0161ildymas","potentialAction":[{"@type":"SearchAction","target":{"@type":"EntryPoint","urlTemplate":"https:\/\/eheating.lt\/?s={search_term_string}"},"query-input":{"@type":"PropertyValueSpecification","valueRequired":true,"valueName":"search_term_string"}}],"inLanguage":"en-US"}]},"product_price_amount":"199.12","product_price_currency":"EUR","og_availability":"backorder","product_availability":"available for order","product_retailer_item_id":"54cd7ad38c6e","product_condition":"new"},"_links":{"self":[{"href":"https:\/\/eheating.lt\/en\/wp-json\/wp\/v2\/product\/18138","targetHints":{"allow":["GET"]}}],"collection":[{"href":"https:\/\/eheating.lt\/en\/wp-json\/wp\/v2\/product"}],"about":[{"href":"https:\/\/eheating.lt\/en\/wp-json\/wp\/v2\/types\/product"}],"replies":[{"embeddable":true,"href":"https:\/\/eheating.lt\/en\/wp-json\/wp\/v2\/comments?post=18138"}],"version-history":[{"count":0,"href":"https:\/\/eheating.lt\/en\/wp-json\/wp\/v2\/product\/18138\/revisions"}],"wp:featuredmedia":[{"embeddable":true,"href":"https:\/\/eheating.lt\/en\/wp-json\/wp\/v2\/media\/29045"}],"wp:attachment":[{"href":"https:\/\/eheating.lt\/en\/wp-json\/wp\/v2\/media?parent=18138"}],"wp:term":[{"taxonomy":"product_brand","embeddable":true,"href":"https:\/\/eheating.lt\/en\/wp-json\/wp\/v2\/product_brand?post=18138"},{"taxonomy":"product_cat","embeddable":true,"href":"https:\/\/eheating.lt\/en\/wp-json\/wp\/v2\/product_cat?post=18138"},{"taxonomy":"product_tag","embeddable":true,"href":"https:\/\/eheating.lt\/en\/wp-json\/wp\/v2\/product_tag?post=18138"}],"curies":[{"name":"wp","href":"https:\/\/api.w.org\/{rel}","templated":true}]}}