{"id":18074,"date":"2023-12-28T15:22:12","date_gmt":"2023-12-28T13:22:12","guid":{"rendered":"https:\/\/eheating.lt\/?post_type=product&#038;p=18074"},"modified":"2024-10-18T17:04:30","modified_gmt":"2024-10-18T14:04:30","slug":"hikvision-korteliu-skaitytuvas-ds-k1802mk","status":"publish","type":"product","link":"https:\/\/eheating.lt\/en\/produktas\/hikvision-korteliu-skaitytuvas-ds-k1802mk\/","title":{"rendered":"Hikvision korteli\u0173 skaitytuvas DS-K1802MK"},"content":{"rendered":"<ul class=\"tech-specs-items-description\" data-target=\"Authentication\">\n<li class=\"tech-specs-items-description-list\"><span class=\"tech-specs-items-description__title--heading\">Authentication<\/span><\/li>\n<li class=\"tech-specs-items-description-list\"><span class=\"tech-specs-items-description__title\">Card reading frequency<\/span><span class=\"tech-specs-items-description__title-details\">13.56MHz\/125KHz<\/span><\/li>\n<\/ul>\n<ul class=\"tech-specs-items-description\" data-target=\"General\">\n<li class=\"tech-specs-items-description-list\"><span class=\"tech-specs-items-description__title--heading\">General<\/span><\/li>\n<li class=\"tech-specs-items-description-list\"><span class=\"tech-specs-items-description__title\">Power supply<\/span><span class=\"tech-specs-items-description__title-details\">12 VDC<\/span><\/li>\n<li class=\"tech-specs-items-description-list\"><span class=\"tech-specs-items-description__title\">Working temperature<\/span><span class=\"tech-specs-items-description__title-details\">-20\u00b0C to +65\u00b0C (-4\u00b0F to 149\u00b0F)<\/span><\/li>\n<li class=\"tech-specs-items-description-list\"><span class=\"tech-specs-items-description__title\">Working humidity<\/span><span class=\"tech-specs-items-description__title-details\">10% to 90% (Non condensing)<\/span><\/li>\n<li class=\"tech-specs-items-description-list\"><span class=\"tech-specs-items-description__title\">Dimensions<\/span><span class=\"tech-specs-items-description__title-details\">115.9mm\u00d743.3mm\u00d717mm (4.56&#8243;\u00d71.70&#8243;\u00d70.67&#8243;)<\/span><\/li>\n<li class=\"tech-specs-items-description-list\"><span class=\"tech-specs-items-description__title\">Installation<\/span><span class=\"tech-specs-items-description__title-details\">Wall mounting with screws; Do not support gang box<\/span><\/li>\n<li class=\"tech-specs-items-description-list\"><span class=\"tech-specs-items-description__title\">Keypad<\/span><span class=\"tech-specs-items-description__title-details\">No Keypad (DS-K1802E and DS-K1802M)Keypad with 12 Keys (0~9, *, #) (DS-K1802EK and DS-K1802MK)<\/span><\/li>\n<li class=\"tech-specs-items-description-list\"><span class=\"tech-specs-items-description__title\">Buzzer<\/span><span class=\"tech-specs-items-description__title-details\">Beeper<\/span><\/li>\n<\/ul>\n","protected":false},"excerpt":{"rendered":"<ul>\n<li>Palaiko Mifare kortel\u0119<\/li>\n<li>PC+ABS korpusas<\/li>\n<li>Palaiko Wiegand(W26\/W34) protokol\u0105<\/li>\n<li>Atsparus dulk\u0117ms<\/li>\n<li>Su klaviat\u016bra<\/li>\n<li>IP65<\/li>\n<\/ul>\n","protected":false},"featured_media":30673,"comment_status":"closed","ping_status":"closed","template":"","meta":[],"product_brand":[],"product_cat":[348,328],"product_tag":[974],"class_list":{"0":"post-18074","1":"product","2":"type-product","3":"status-publish","4":"has-post-thumbnail","6":"product_cat-hikvision-ieigos-kontrole","7":"product_cat-ieigos-kontroles-sistemos","8":"product_tag-ean","10":"first","11":"onbackorder","12":"purchasable","13":"product-type-simple"},"yoast_head":"<!-- This site is optimized with the Yoast SEO Premium plugin v21.5 (Yoast SEO v27.3) - https:\/\/yoast.com\/product\/yoast-seo-premium-wordpress\/ -->\n<title>Hikvision korteli\u0173 skaitytuvas DS-K1802MK<\/title>\n<meta name=\"description\" content=\"Hikvision DS-K1802MK korteli\u0173 skaitytuvas ; Palaiko Mifare kortel\u0119 ; PC+ABS korpusas ; Palaiko Wiegand(W26\/W34) protokol\u0105 ; IP65\" \/>\n<meta name=\"robots\" content=\"index, follow, max-snippet:-1, max-image-preview:large, max-video-preview:-1\" \/>\n<link rel=\"canonical\" href=\"https:\/\/eheating.lt\/en\/produktas\/hikvision-korteliu-skaitytuvas-ds-k1802mk\/\" \/>\n<meta property=\"og:locale\" content=\"en_US\" \/>\n<meta property=\"og:type\" content=\"article\" \/>\n<meta property=\"og:title\" content=\"Hikvision korteli\u0173 skaitytuvas DS-K1802MK\" \/>\n<meta property=\"og:description\" content=\"Hikvision DS-K1802MK korteli\u0173 skaitytuvas ; Palaiko Mifare kortel\u0119 ; PC+ABS korpusas ; Palaiko Wiegand(W26\/W34) protokol\u0105 ; IP65\" \/>\n<meta property=\"og:url\" content=\"https:\/\/eheating.lt\/en\/produktas\/hikvision-korteliu-skaitytuvas-ds-k1802mk\/\" \/>\n<meta property=\"og:site_name\" content=\"Elektronika Namams\" \/>\n<meta property=\"article:publisher\" content=\"https:\/\/www.facebook.com\/ElektronikaNamams\" \/>\n<meta property=\"article:modified_time\" content=\"2024-10-18T14:04:30+00:00\" \/>\n<meta property=\"og:image\" content=\"https:\/\/eheating.lt\/wp-content\/uploads\/2023\/10\/Hikvision-korteliu-skaitytuvas-DS-K1802MK.png\" \/>\n\t<meta property=\"og:image:width\" content=\"800\" \/>\n\t<meta property=\"og:image:height\" content=\"800\" \/>\n\t<meta property=\"og:image:type\" content=\"image\/png\" \/>\n<meta name=\"twitter:card\" content=\"summary_large_image\" \/>\n<meta name=\"twitter:label1\" content=\"Price\" \/>\n\t<meta name=\"twitter:data1\" content=\"67,04&nbsp;&euro;\" \/>\n\t<meta name=\"twitter:label2\" content=\"Availability\" \/>\n\t<meta name=\"twitter:data2\" content=\"On backorder\" \/>\n<script type=\"application\/ld+json\" class=\"yoast-schema-graph\">{\"@context\":\"https:\\\/\\\/schema.org\",\"@graph\":[{\"@type\":\"WebPage\",\"@id\":\"https:\\\/\\\/eheating.lt\\\/en\\\/produktas\\\/hikvision-korteliu-skaitytuvas-ds-k1802mk\\\/\",\"url\":\"https:\\\/\\\/eheating.lt\\\/en\\\/produktas\\\/hikvision-korteliu-skaitytuvas-ds-k1802mk\\\/\",\"name\":\"Hikvision korteli\u0173 skaitytuvas DS-K1802MK\",\"isPartOf\":{\"@id\":\"https:\\\/\\\/eheating.lt\\\/#website\"},\"primaryImageOfPage\":{\"@id\":\"https:\\\/\\\/eheating.lt\\\/en\\\/produktas\\\/hikvision-korteliu-skaitytuvas-ds-k1802mk\\\/#primaryimage\"},\"image\":{\"@id\":\"https:\\\/\\\/eheating.lt\\\/en\\\/produktas\\\/hikvision-korteliu-skaitytuvas-ds-k1802mk\\\/#primaryimage\"},\"thumbnailUrl\":\"https:\\\/\\\/eheating.lt\\\/wp-content\\\/uploads\\\/2023\\\/10\\\/Hikvision-korteliu-skaitytuvas-DS-K1802MK.png\",\"datePublished\":\"2023-12-28T13:22:12+00:00\",\"dateModified\":\"2024-10-18T14:04:30+00:00\",\"description\":\"Hikvision DS-K1802MK korteli\u0173 skaitytuvas ; Palaiko Mifare kortel\u0119 ; PC+ABS korpusas ; Palaiko Wiegand(W26\\\/W34) protokol\u0105 ; IP65\",\"breadcrumb\":{\"@id\":\"https:\\\/\\\/eheating.lt\\\/en\\\/produktas\\\/hikvision-korteliu-skaitytuvas-ds-k1802mk\\\/#breadcrumb\"},\"inLanguage\":\"en-US\",\"potentialAction\":[{\"@type\":\"ReadAction\",\"target\":[\"https:\\\/\\\/eheating.lt\\\/en\\\/produktas\\\/hikvision-korteliu-skaitytuvas-ds-k1802mk\\\/\"]}]},{\"@type\":\"ImageObject\",\"inLanguage\":\"en-US\",\"@id\":\"https:\\\/\\\/eheating.lt\\\/en\\\/produktas\\\/hikvision-korteliu-skaitytuvas-ds-k1802mk\\\/#primaryimage\",\"url\":\"https:\\\/\\\/eheating.lt\\\/wp-content\\\/uploads\\\/2023\\\/10\\\/Hikvision-korteliu-skaitytuvas-DS-K1802MK.png\",\"contentUrl\":\"https:\\\/\\\/eheating.lt\\\/wp-content\\\/uploads\\\/2023\\\/10\\\/Hikvision-korteliu-skaitytuvas-DS-K1802MK.png\",\"width\":800,\"height\":800,\"caption\":\"Hikvision DS-K1802MK\"},{\"@type\":\"BreadcrumbList\",\"@id\":\"https:\\\/\\\/eheating.lt\\\/en\\\/produktas\\\/hikvision-korteliu-skaitytuvas-ds-k1802mk\\\/#breadcrumb\",\"itemListElement\":[{\"@type\":\"ListItem\",\"position\":1,\"name\":\"Prad\u017eia\",\"item\":\"https:\\\/\\\/eheating.lt\\\/en\\\/\"},{\"@type\":\"ListItem\",\"position\":2,\"name\":\"Shop\",\"item\":\"https:\\\/\\\/eheating.lt\\\/en\\\/?page_id=5734\"},{\"@type\":\"ListItem\",\"position\":3,\"name\":\"Hikvision korteli\u0173 skaitytuvas DS-K1802MK\"}]},{\"@type\":\"WebSite\",\"@id\":\"https:\\\/\\\/eheating.lt\\\/#website\",\"url\":\"https:\\\/\\\/eheating.lt\\\/\",\"name\":\"eHeating\",\"description\":\"Elektronika ir \u0161ildymas\",\"potentialAction\":[{\"@type\":\"SearchAction\",\"target\":{\"@type\":\"EntryPoint\",\"urlTemplate\":\"https:\\\/\\\/eheating.lt\\\/?s={search_term_string}\"},\"query-input\":{\"@type\":\"PropertyValueSpecification\",\"valueRequired\":true,\"valueName\":\"search_term_string\"}}],\"inLanguage\":\"en-US\"}]}<\/script>\n<meta property=\"product:price:amount\" content=\"67.04\" \/>\n<meta property=\"product:price:currency\" content=\"EUR\" \/>\n<meta property=\"og:availability\" content=\"backorder\" \/>\n<meta property=\"product:availability\" content=\"available for order\" \/>\n<meta property=\"product:retailer_item_id\" content=\"7971f635d415\" \/>\n<meta property=\"product:condition\" content=\"new\" \/>\n<!-- \/ Yoast SEO Premium plugin. -->","yoast_head_json":{"title":"Hikvision korteli\u0173 skaitytuvas DS-K1802MK","description":"Hikvision DS-K1802MK korteli\u0173 skaitytuvas ; Palaiko Mifare kortel\u0119 ; PC+ABS korpusas ; Palaiko Wiegand(W26\/W34) protokol\u0105 ; IP65","robots":{"index":"index","follow":"follow","max-snippet":"max-snippet:-1","max-image-preview":"max-image-preview:large","max-video-preview":"max-video-preview:-1"},"canonical":"https:\/\/eheating.lt\/en\/produktas\/hikvision-korteliu-skaitytuvas-ds-k1802mk\/","og_locale":"en_US","og_type":"article","og_title":"Hikvision korteli\u0173 skaitytuvas DS-K1802MK","og_description":"Hikvision DS-K1802MK korteli\u0173 skaitytuvas ; Palaiko Mifare kortel\u0119 ; PC+ABS korpusas ; Palaiko Wiegand(W26\/W34) protokol\u0105 ; IP65","og_url":"https:\/\/eheating.lt\/en\/produktas\/hikvision-korteliu-skaitytuvas-ds-k1802mk\/","og_site_name":"Elektronika Namams","article_publisher":"https:\/\/www.facebook.com\/ElektronikaNamams","article_modified_time":"2024-10-18T14:04:30+00:00","og_image":[{"width":800,"height":800,"url":"https:\/\/eheating.lt\/wp-content\/uploads\/2023\/10\/Hikvision-korteliu-skaitytuvas-DS-K1802MK.png","type":"image\/png"}],"twitter_card":"summary_large_image","twitter_misc":{"Price":"67,04&nbsp;&euro;","Availability":"On backorder"},"schema":{"@context":"https:\/\/schema.org","@graph":[{"@type":"WebPage","@id":"https:\/\/eheating.lt\/en\/produktas\/hikvision-korteliu-skaitytuvas-ds-k1802mk\/","url":"https:\/\/eheating.lt\/en\/produktas\/hikvision-korteliu-skaitytuvas-ds-k1802mk\/","name":"Hikvision korteli\u0173 skaitytuvas DS-K1802MK","isPartOf":{"@id":"https:\/\/eheating.lt\/#website"},"primaryImageOfPage":{"@id":"https:\/\/eheating.lt\/en\/produktas\/hikvision-korteliu-skaitytuvas-ds-k1802mk\/#primaryimage"},"image":{"@id":"https:\/\/eheating.lt\/en\/produktas\/hikvision-korteliu-skaitytuvas-ds-k1802mk\/#primaryimage"},"thumbnailUrl":"https:\/\/eheating.lt\/wp-content\/uploads\/2023\/10\/Hikvision-korteliu-skaitytuvas-DS-K1802MK.png","datePublished":"2023-12-28T13:22:12+00:00","dateModified":"2024-10-18T14:04:30+00:00","description":"Hikvision DS-K1802MK korteli\u0173 skaitytuvas ; Palaiko Mifare kortel\u0119 ; PC+ABS korpusas ; Palaiko Wiegand(W26\/W34) protokol\u0105 ; IP65","breadcrumb":{"@id":"https:\/\/eheating.lt\/en\/produktas\/hikvision-korteliu-skaitytuvas-ds-k1802mk\/#breadcrumb"},"inLanguage":"en-US","potentialAction":[{"@type":"ReadAction","target":["https:\/\/eheating.lt\/en\/produktas\/hikvision-korteliu-skaitytuvas-ds-k1802mk\/"]}]},{"@type":"ImageObject","inLanguage":"en-US","@id":"https:\/\/eheating.lt\/en\/produktas\/hikvision-korteliu-skaitytuvas-ds-k1802mk\/#primaryimage","url":"https:\/\/eheating.lt\/wp-content\/uploads\/2023\/10\/Hikvision-korteliu-skaitytuvas-DS-K1802MK.png","contentUrl":"https:\/\/eheating.lt\/wp-content\/uploads\/2023\/10\/Hikvision-korteliu-skaitytuvas-DS-K1802MK.png","width":800,"height":800,"caption":"Hikvision DS-K1802MK"},{"@type":"BreadcrumbList","@id":"https:\/\/eheating.lt\/en\/produktas\/hikvision-korteliu-skaitytuvas-ds-k1802mk\/#breadcrumb","itemListElement":[{"@type":"ListItem","position":1,"name":"Prad\u017eia","item":"https:\/\/eheating.lt\/en\/"},{"@type":"ListItem","position":2,"name":"Shop","item":"https:\/\/eheating.lt\/en\/?page_id=5734"},{"@type":"ListItem","position":3,"name":"Hikvision korteli\u0173 skaitytuvas DS-K1802MK"}]},{"@type":"WebSite","@id":"https:\/\/eheating.lt\/#website","url":"https:\/\/eheating.lt\/","name":"eHeating","description":"Elektronika ir \u0161ildymas","potentialAction":[{"@type":"SearchAction","target":{"@type":"EntryPoint","urlTemplate":"https:\/\/eheating.lt\/?s={search_term_string}"},"query-input":{"@type":"PropertyValueSpecification","valueRequired":true,"valueName":"search_term_string"}}],"inLanguage":"en-US"}]},"product_price_amount":"67.04","product_price_currency":"EUR","og_availability":"backorder","product_availability":"available for order","product_retailer_item_id":"7971f635d415","product_condition":"new"},"_links":{"self":[{"href":"https:\/\/eheating.lt\/en\/wp-json\/wp\/v2\/product\/18074","targetHints":{"allow":["GET"]}}],"collection":[{"href":"https:\/\/eheating.lt\/en\/wp-json\/wp\/v2\/product"}],"about":[{"href":"https:\/\/eheating.lt\/en\/wp-json\/wp\/v2\/types\/product"}],"replies":[{"embeddable":true,"href":"https:\/\/eheating.lt\/en\/wp-json\/wp\/v2\/comments?post=18074"}],"version-history":[{"count":0,"href":"https:\/\/eheating.lt\/en\/wp-json\/wp\/v2\/product\/18074\/revisions"}],"wp:featuredmedia":[{"embeddable":true,"href":"https:\/\/eheating.lt\/en\/wp-json\/wp\/v2\/media\/30673"}],"wp:attachment":[{"href":"https:\/\/eheating.lt\/en\/wp-json\/wp\/v2\/media?parent=18074"}],"wp:term":[{"taxonomy":"product_brand","embeddable":true,"href":"https:\/\/eheating.lt\/en\/wp-json\/wp\/v2\/product_brand?post=18074"},{"taxonomy":"product_cat","embeddable":true,"href":"https:\/\/eheating.lt\/en\/wp-json\/wp\/v2\/product_cat?post=18074"},{"taxonomy":"product_tag","embeddable":true,"href":"https:\/\/eheating.lt\/en\/wp-json\/wp\/v2\/product_tag?post=18074"}],"curies":[{"name":"wp","href":"https:\/\/api.w.org\/{rel}","templated":true}]}}