{"id":18030,"date":"2023-11-13T22:08:46","date_gmt":"2023-11-13T20:08:46","guid":{"rendered":"https:\/\/eheating.lt\/?post_type=product&#038;p=18030"},"modified":"2024-10-18T17:04:02","modified_gmt":"2024-10-18T14:04:02","slug":"kronsteinas-hikvision-ds-1602zj-box","status":"publish","type":"product","link":"https:\/\/eheating.lt\/en\/produktas\/kronsteinas-hikvision-ds-1602zj-box\/","title":{"rendered":"Kron\u0161teinas Hikvision DS-1602ZJ-BOX"},"content":{"rendered":"<hr \/>\n<table>\n<tbody>\n<tr>\n<td>Montavimas<\/td>\n<td>Wall\u00a0mount<\/td>\n<\/tr>\n<tr>\n<td style=\"width: 150px;\">Med\u017eiaga<\/td>\n<td>Aluminum alloy<\/td>\n<\/tr>\n<tr>\n<td>I\u0161matavimai<\/td>\n<td>396.5\u00d7209\u00d7310mm<\/td>\n<\/tr>\n<tr>\n<td>\u00a0Svoris<\/td>\n<td>\u00a03230g<\/td>\n<\/tr>\n<\/tbody>\n<\/table>\n","protected":false},"excerpt":{"rendered":"<ul>\n<li>Speed Dome kron\u0161teinas<\/li>\n<li>Sieninis<\/li>\n<li>Su komutacine d\u0117\u017eute<\/li>\n<\/ul>\n","protected":false},"featured_media":28634,"comment_status":"closed","ping_status":"closed","template":"","meta":[],"product_brand":[],"product_cat":[533,537,305,583,354,318],"product_tag":[],"class_list":{"0":"post-18030","1":"product","2":"type-product","3":"status-publish","4":"has-post-thumbnail","6":"product_cat-ip-vaizdo-stebejimo-sistemos","7":"product_cat-turbo-hd-kita-iranga","8":"product_cat-ip-kita-iranga","9":"product_cat-laikikliai-ir-kronsteinai-turbo-hd","10":"product_cat-laikikliai-ir-kronsteinai","11":"product_cat-turbo-hd-apsauga","13":"first","14":"instock","15":"purchasable","16":"product-type-simple"},"yoast_head":"<!-- This site is optimized with the Yoast SEO Premium plugin v21.5 (Yoast SEO v27.3) - https:\/\/yoast.com\/product\/yoast-seo-premium-wordpress\/ -->\n<title>Kron\u0161teinas Hikvision DS-1602ZJ-BOX<\/title>\n<meta name=\"description\" content=\"Kron\u0161teinas Hikvision DS-1602ZJ-BOX ; Speed Dome kron\u0161teinas ; Sieninis ; Su komutacine d\u0117\u017eute ; Spalva - balta ; Gamintojas - Hikvision\" \/>\n<meta name=\"robots\" content=\"index, follow, max-snippet:-1, max-image-preview:large, max-video-preview:-1\" \/>\n<link rel=\"canonical\" href=\"https:\/\/eheating.lt\/en\/produktas\/kronsteinas-hikvision-ds-1602zj-box\/\" \/>\n<meta property=\"og:locale\" content=\"en_US\" \/>\n<meta property=\"og:type\" content=\"article\" \/>\n<meta property=\"og:title\" content=\"Kron\u0161teinas Hikvision DS-1602ZJ-BOX\" \/>\n<meta property=\"og:description\" content=\"Kron\u0161teinas Hikvision DS-1602ZJ-BOX ; Speed Dome kron\u0161teinas ; Sieninis ; Su komutacine d\u0117\u017eute ; Spalva - balta ; Gamintojas - Hikvision\" \/>\n<meta property=\"og:url\" content=\"https:\/\/eheating.lt\/en\/produktas\/kronsteinas-hikvision-ds-1602zj-box\/\" \/>\n<meta property=\"og:site_name\" content=\"Elektronika Namams\" \/>\n<meta property=\"article:publisher\" content=\"https:\/\/www.facebook.com\/ElektronikaNamams\" \/>\n<meta property=\"article:modified_time\" content=\"2024-10-18T14:04:02+00:00\" \/>\n<meta property=\"og:image\" content=\"https:\/\/eheating.lt\/wp-content\/uploads\/2023\/10\/Kronsteinas-Hikvision-DS-1602ZJ-BOX.png\" \/>\n\t<meta property=\"og:image:width\" content=\"800\" \/>\n\t<meta property=\"og:image:height\" content=\"800\" \/>\n\t<meta property=\"og:image:type\" content=\"image\/png\" \/>\n<meta name=\"twitter:card\" content=\"summary_large_image\" \/>\n<meta name=\"twitter:label1\" content=\"Price\" \/>\n\t<meta name=\"twitter:data1\" content=\"164,70&nbsp;&euro;\" \/>\n\t<meta name=\"twitter:label2\" content=\"Availability\" \/>\n\t<meta name=\"twitter:data2\" content=\"In stock\" \/>\n<script type=\"application\/ld+json\" class=\"yoast-schema-graph\">{\"@context\":\"https:\\\/\\\/schema.org\",\"@graph\":[{\"@type\":\"WebPage\",\"@id\":\"https:\\\/\\\/eheating.lt\\\/en\\\/produktas\\\/kronsteinas-hikvision-ds-1602zj-box\\\/\",\"url\":\"https:\\\/\\\/eheating.lt\\\/en\\\/produktas\\\/kronsteinas-hikvision-ds-1602zj-box\\\/\",\"name\":\"Kron\u0161teinas Hikvision DS-1602ZJ-BOX\",\"isPartOf\":{\"@id\":\"https:\\\/\\\/eheating.lt\\\/#website\"},\"primaryImageOfPage\":{\"@id\":\"https:\\\/\\\/eheating.lt\\\/en\\\/produktas\\\/kronsteinas-hikvision-ds-1602zj-box\\\/#primaryimage\"},\"image\":{\"@id\":\"https:\\\/\\\/eheating.lt\\\/en\\\/produktas\\\/kronsteinas-hikvision-ds-1602zj-box\\\/#primaryimage\"},\"thumbnailUrl\":\"https:\\\/\\\/eheating.lt\\\/wp-content\\\/uploads\\\/2023\\\/10\\\/Kronsteinas-Hikvision-DS-1602ZJ-BOX.png\",\"datePublished\":\"2023-11-13T20:08:46+00:00\",\"dateModified\":\"2024-10-18T14:04:02+00:00\",\"description\":\"Kron\u0161teinas Hikvision DS-1602ZJ-BOX ; Speed Dome kron\u0161teinas ; Sieninis ; Su komutacine d\u0117\u017eute ; Spalva - balta ; Gamintojas - Hikvision\",\"breadcrumb\":{\"@id\":\"https:\\\/\\\/eheating.lt\\\/en\\\/produktas\\\/kronsteinas-hikvision-ds-1602zj-box\\\/#breadcrumb\"},\"inLanguage\":\"en-US\",\"potentialAction\":[{\"@type\":\"ReadAction\",\"target\":[\"https:\\\/\\\/eheating.lt\\\/en\\\/produktas\\\/kronsteinas-hikvision-ds-1602zj-box\\\/\"]}]},{\"@type\":\"ImageObject\",\"inLanguage\":\"en-US\",\"@id\":\"https:\\\/\\\/eheating.lt\\\/en\\\/produktas\\\/kronsteinas-hikvision-ds-1602zj-box\\\/#primaryimage\",\"url\":\"https:\\\/\\\/eheating.lt\\\/wp-content\\\/uploads\\\/2023\\\/10\\\/Kronsteinas-Hikvision-DS-1602ZJ-BOX.png\",\"contentUrl\":\"https:\\\/\\\/eheating.lt\\\/wp-content\\\/uploads\\\/2023\\\/10\\\/Kronsteinas-Hikvision-DS-1602ZJ-BOX.png\",\"width\":800,\"height\":800,\"caption\":\"Kron\u0161teinas Hikvision DS-1602ZJ-BOX\"},{\"@type\":\"BreadcrumbList\",\"@id\":\"https:\\\/\\\/eheating.lt\\\/en\\\/produktas\\\/kronsteinas-hikvision-ds-1602zj-box\\\/#breadcrumb\",\"itemListElement\":[{\"@type\":\"ListItem\",\"position\":1,\"name\":\"Prad\u017eia\",\"item\":\"https:\\\/\\\/eheating.lt\\\/en\\\/\"},{\"@type\":\"ListItem\",\"position\":2,\"name\":\"Shop\",\"item\":\"https:\\\/\\\/eheating.lt\\\/en\\\/?page_id=5734\"},{\"@type\":\"ListItem\",\"position\":3,\"name\":\"Kron\u0161teinas Hikvision DS-1602ZJ-BOX\"}]},{\"@type\":\"WebSite\",\"@id\":\"https:\\\/\\\/eheating.lt\\\/#website\",\"url\":\"https:\\\/\\\/eheating.lt\\\/\",\"name\":\"eHeating\",\"description\":\"Elektronika ir \u0161ildymas\",\"potentialAction\":[{\"@type\":\"SearchAction\",\"target\":{\"@type\":\"EntryPoint\",\"urlTemplate\":\"https:\\\/\\\/eheating.lt\\\/?s={search_term_string}\"},\"query-input\":{\"@type\":\"PropertyValueSpecification\",\"valueRequired\":true,\"valueName\":\"search_term_string\"}}],\"inLanguage\":\"en-US\"}]}<\/script>\n<meta property=\"product:price:amount\" content=\"164.70\" \/>\n<meta property=\"product:price:currency\" content=\"EUR\" \/>\n<meta property=\"og:availability\" content=\"instock\" \/>\n<meta property=\"product:availability\" content=\"instock\" \/>\n<meta property=\"product:retailer_item_id\" content=\"9e0dc7bf0a36\" \/>\n<meta property=\"product:condition\" content=\"new\" \/>\n<!-- \/ Yoast SEO Premium plugin. -->","yoast_head_json":{"title":"Kron\u0161teinas Hikvision DS-1602ZJ-BOX","description":"Kron\u0161teinas Hikvision DS-1602ZJ-BOX ; Speed Dome kron\u0161teinas ; Sieninis ; Su komutacine d\u0117\u017eute ; Spalva - balta ; Gamintojas - Hikvision","robots":{"index":"index","follow":"follow","max-snippet":"max-snippet:-1","max-image-preview":"max-image-preview:large","max-video-preview":"max-video-preview:-1"},"canonical":"https:\/\/eheating.lt\/en\/produktas\/kronsteinas-hikvision-ds-1602zj-box\/","og_locale":"en_US","og_type":"article","og_title":"Kron\u0161teinas Hikvision DS-1602ZJ-BOX","og_description":"Kron\u0161teinas Hikvision DS-1602ZJ-BOX ; Speed Dome kron\u0161teinas ; Sieninis ; Su komutacine d\u0117\u017eute ; Spalva - balta ; Gamintojas - Hikvision","og_url":"https:\/\/eheating.lt\/en\/produktas\/kronsteinas-hikvision-ds-1602zj-box\/","og_site_name":"Elektronika Namams","article_publisher":"https:\/\/www.facebook.com\/ElektronikaNamams","article_modified_time":"2024-10-18T14:04:02+00:00","og_image":[{"width":800,"height":800,"url":"https:\/\/eheating.lt\/wp-content\/uploads\/2023\/10\/Kronsteinas-Hikvision-DS-1602ZJ-BOX.png","type":"image\/png"}],"twitter_card":"summary_large_image","twitter_misc":{"Price":"164,70&nbsp;&euro;","Availability":"In stock"},"schema":{"@context":"https:\/\/schema.org","@graph":[{"@type":"WebPage","@id":"https:\/\/eheating.lt\/en\/produktas\/kronsteinas-hikvision-ds-1602zj-box\/","url":"https:\/\/eheating.lt\/en\/produktas\/kronsteinas-hikvision-ds-1602zj-box\/","name":"Kron\u0161teinas Hikvision DS-1602ZJ-BOX","isPartOf":{"@id":"https:\/\/eheating.lt\/#website"},"primaryImageOfPage":{"@id":"https:\/\/eheating.lt\/en\/produktas\/kronsteinas-hikvision-ds-1602zj-box\/#primaryimage"},"image":{"@id":"https:\/\/eheating.lt\/en\/produktas\/kronsteinas-hikvision-ds-1602zj-box\/#primaryimage"},"thumbnailUrl":"https:\/\/eheating.lt\/wp-content\/uploads\/2023\/10\/Kronsteinas-Hikvision-DS-1602ZJ-BOX.png","datePublished":"2023-11-13T20:08:46+00:00","dateModified":"2024-10-18T14:04:02+00:00","description":"Kron\u0161teinas Hikvision DS-1602ZJ-BOX ; Speed Dome kron\u0161teinas ; Sieninis ; Su komutacine d\u0117\u017eute ; Spalva - balta ; Gamintojas - Hikvision","breadcrumb":{"@id":"https:\/\/eheating.lt\/en\/produktas\/kronsteinas-hikvision-ds-1602zj-box\/#breadcrumb"},"inLanguage":"en-US","potentialAction":[{"@type":"ReadAction","target":["https:\/\/eheating.lt\/en\/produktas\/kronsteinas-hikvision-ds-1602zj-box\/"]}]},{"@type":"ImageObject","inLanguage":"en-US","@id":"https:\/\/eheating.lt\/en\/produktas\/kronsteinas-hikvision-ds-1602zj-box\/#primaryimage","url":"https:\/\/eheating.lt\/wp-content\/uploads\/2023\/10\/Kronsteinas-Hikvision-DS-1602ZJ-BOX.png","contentUrl":"https:\/\/eheating.lt\/wp-content\/uploads\/2023\/10\/Kronsteinas-Hikvision-DS-1602ZJ-BOX.png","width":800,"height":800,"caption":"Kron\u0161teinas Hikvision DS-1602ZJ-BOX"},{"@type":"BreadcrumbList","@id":"https:\/\/eheating.lt\/en\/produktas\/kronsteinas-hikvision-ds-1602zj-box\/#breadcrumb","itemListElement":[{"@type":"ListItem","position":1,"name":"Prad\u017eia","item":"https:\/\/eheating.lt\/en\/"},{"@type":"ListItem","position":2,"name":"Shop","item":"https:\/\/eheating.lt\/en\/?page_id=5734"},{"@type":"ListItem","position":3,"name":"Kron\u0161teinas Hikvision DS-1602ZJ-BOX"}]},{"@type":"WebSite","@id":"https:\/\/eheating.lt\/#website","url":"https:\/\/eheating.lt\/","name":"eHeating","description":"Elektronika ir \u0161ildymas","potentialAction":[{"@type":"SearchAction","target":{"@type":"EntryPoint","urlTemplate":"https:\/\/eheating.lt\/?s={search_term_string}"},"query-input":{"@type":"PropertyValueSpecification","valueRequired":true,"valueName":"search_term_string"}}],"inLanguage":"en-US"}]},"product_price_amount":"164.70","product_price_currency":"EUR","og_availability":"instock","product_availability":"instock","product_retailer_item_id":"9e0dc7bf0a36","product_condition":"new"},"_links":{"self":[{"href":"https:\/\/eheating.lt\/en\/wp-json\/wp\/v2\/product\/18030","targetHints":{"allow":["GET"]}}],"collection":[{"href":"https:\/\/eheating.lt\/en\/wp-json\/wp\/v2\/product"}],"about":[{"href":"https:\/\/eheating.lt\/en\/wp-json\/wp\/v2\/types\/product"}],"replies":[{"embeddable":true,"href":"https:\/\/eheating.lt\/en\/wp-json\/wp\/v2\/comments?post=18030"}],"version-history":[{"count":0,"href":"https:\/\/eheating.lt\/en\/wp-json\/wp\/v2\/product\/18030\/revisions"}],"wp:featuredmedia":[{"embeddable":true,"href":"https:\/\/eheating.lt\/en\/wp-json\/wp\/v2\/media\/28634"}],"wp:attachment":[{"href":"https:\/\/eheating.lt\/en\/wp-json\/wp\/v2\/media?parent=18030"}],"wp:term":[{"taxonomy":"product_brand","embeddable":true,"href":"https:\/\/eheating.lt\/en\/wp-json\/wp\/v2\/product_brand?post=18030"},{"taxonomy":"product_cat","embeddable":true,"href":"https:\/\/eheating.lt\/en\/wp-json\/wp\/v2\/product_cat?post=18030"},{"taxonomy":"product_tag","embeddable":true,"href":"https:\/\/eheating.lt\/en\/wp-json\/wp\/v2\/product_tag?post=18030"}],"curies":[{"name":"wp","href":"https:\/\/api.w.org\/{rel}","templated":true}]}}