{"id":18028,"date":"2023-12-28T15:22:13","date_gmt":"2023-12-28T13:22:13","guid":{"rendered":"https:\/\/eheating.lt\/?post_type=product&#038;p=18028"},"modified":"2024-10-18T17:03:56","modified_gmt":"2024-10-18T14:03:56","slug":"hikvision-korteliu-skaitytuvas-ds-k1101m","status":"publish","type":"product","link":"https:\/\/eheating.lt\/en\/produktas\/hikvision-korteliu-skaitytuvas-ds-k1101m\/","title":{"rendered":"Hikvision korteli\u0173 skaitytuvas DS-K1101M"},"content":{"rendered":"<hr \/>\n<table>\n<tbody>\n<tr>\n<td><strong>Maitinimas<\/strong><\/td>\n<td>12V DC<\/td>\n<\/tr>\n<tr>\n<td style=\"width: 150px;\"><strong>Vartojama srov\u0117<\/strong><\/td>\n<td>\u2264500mA<\/td>\n<\/tr>\n<tr>\n<td><strong>Procesorius<\/strong><\/td>\n<td>32-bit<\/td>\n<\/tr>\n<tr>\n<td><strong>Skaitymo da\u017enis<\/strong><\/td>\n<td>13.56MHz<\/td>\n<\/tr>\n<tr>\n<td><strong>Nuskaitymo atstumas<\/strong><\/td>\n<td>30 to 50mm (1.18 to 1.96&#8243;)<\/td>\n<\/tr>\n<tr>\n<td><strong>ID nustatymai<\/strong><\/td>\n<td>Setting by the DIP Switch on the Main Board<\/td>\n<\/tr>\n<tr>\n<td><strong>Garsinis \u012fsp\u0117jimas<\/strong><\/td>\n<td>Beeper<\/td>\n<\/tr>\n<tr>\n<td><strong>Energijos suvartojimas<\/strong><\/td>\n<td>\u22646W<\/td>\n<\/tr>\n<tr>\n<td><strong>Sertifikatai<\/strong><\/td>\n<td>FCC, CE<\/td>\n<\/tr>\n<tr>\n<td><strong>LED Indikacija<\/strong><\/td>\n<td>Power Indicator; Status LED Indicator<\/td>\n<\/tr>\n<tr>\n<td><strong>Darbo temperat\u016bra<\/strong><\/td>\n<td>-40\u00b0C to +70\u00b0C (-40\u00b0F to +158\u00b0F)<\/td>\n<\/tr>\n<tr>\n<td><strong>Santykinis oro dr\u0117gnumas<\/strong><\/td>\n<td>10% to 90% (Non Condensing)<\/td>\n<\/tr>\n<tr>\n<td><strong>IP apsaugos klas\u0117<\/strong><\/td>\n<td>IP 64<\/td>\n<\/tr>\n<tr>\n<td><strong>I\u0161matavimai<\/strong><\/td>\n<td>132.0\u00d792.3\u00d720.5mm (5.20\u00d73.63\u00d70.81&#8243;)<\/td>\n<\/tr>\n<tr>\n<td><strong>Svoris<\/strong><\/td>\n<td>\u2264 0.14Kg<\/td>\n<\/tr>\n<tr>\n<td><strong>Instaliavimo metodas<\/strong><\/td>\n<td>Applied for 120 Gang Box Only<\/td>\n<\/tr>\n<\/tbody>\n<\/table>\n","protected":false},"excerpt":{"rendered":"<ul>\n<li>Palaiko Mifare 1 kortel\u0119<\/li>\n<li>Be klaviat\u016bros<\/li>\n<\/ul>\n","protected":false},"featured_media":30677,"comment_status":"closed","ping_status":"closed","template":"","meta":[],"product_brand":[],"product_cat":[348,328],"product_tag":[974],"class_list":{"0":"post-18028","1":"product","2":"type-product","3":"status-publish","4":"has-post-thumbnail","6":"product_cat-hikvision-ieigos-kontrole","7":"product_cat-ieigos-kontroles-sistemos","8":"product_tag-ean","10":"first","11":"onbackorder","12":"purchasable","13":"product-type-simple"},"yoast_head":"<!-- This site is optimized with the Yoast SEO Premium plugin v21.5 (Yoast SEO v27.3) - https:\/\/yoast.com\/product\/yoast-seo-premium-wordpress\/ -->\n<title>Hikvision korteli\u0173 skaitytuvas DS-K1101M<\/title>\n<meta name=\"description\" content=\"Hikvision DS-K1101M korteli\u0173 skaitytuvas ; Palaiko Mifare 1 kortel\u0119 ; Be klaviat\u016bros ; Darbin\u0117 temperat\u016bra -40\u00b0C to +70\u00b0C ; IP64\" \/>\n<meta name=\"robots\" content=\"index, follow, max-snippet:-1, max-image-preview:large, max-video-preview:-1\" \/>\n<link rel=\"canonical\" href=\"https:\/\/eheating.lt\/en\/produktas\/hikvision-korteliu-skaitytuvas-ds-k1101m\/\" \/>\n<meta property=\"og:locale\" content=\"en_US\" \/>\n<meta property=\"og:type\" content=\"article\" \/>\n<meta property=\"og:title\" content=\"Hikvision korteli\u0173 skaitytuvas DS-K1101M\" \/>\n<meta property=\"og:description\" content=\"Hikvision DS-K1101M korteli\u0173 skaitytuvas ; Palaiko Mifare 1 kortel\u0119 ; Be klaviat\u016bros ; Darbin\u0117 temperat\u016bra -40\u00b0C to +70\u00b0C ; IP64\" \/>\n<meta property=\"og:url\" content=\"https:\/\/eheating.lt\/en\/produktas\/hikvision-korteliu-skaitytuvas-ds-k1101m\/\" \/>\n<meta property=\"og:site_name\" content=\"Elektronika Namams\" \/>\n<meta property=\"article:publisher\" content=\"https:\/\/www.facebook.com\/ElektronikaNamams\" \/>\n<meta property=\"article:modified_time\" content=\"2024-10-18T14:03:56+00:00\" \/>\n<meta property=\"og:image\" content=\"https:\/\/eheating.lt\/wp-content\/uploads\/2023\/10\/Hikvision-korteliu-skaitytuvas-DS-K1101M.png\" \/>\n\t<meta property=\"og:image:width\" content=\"800\" \/>\n\t<meta property=\"og:image:height\" content=\"800\" \/>\n\t<meta property=\"og:image:type\" content=\"image\/png\" \/>\n<meta name=\"twitter:card\" content=\"summary_large_image\" \/>\n<meta name=\"twitter:label1\" content=\"Price\" \/>\n\t<meta name=\"twitter:data1\" content=\"53,00&nbsp;&euro;\" \/>\n\t<meta name=\"twitter:label2\" content=\"Availability\" \/>\n\t<meta name=\"twitter:data2\" content=\"On backorder\" \/>\n<script type=\"application\/ld+json\" class=\"yoast-schema-graph\">{\"@context\":\"https:\\\/\\\/schema.org\",\"@graph\":[{\"@type\":\"WebPage\",\"@id\":\"https:\\\/\\\/eheating.lt\\\/en\\\/produktas\\\/hikvision-korteliu-skaitytuvas-ds-k1101m\\\/\",\"url\":\"https:\\\/\\\/eheating.lt\\\/en\\\/produktas\\\/hikvision-korteliu-skaitytuvas-ds-k1101m\\\/\",\"name\":\"Hikvision korteli\u0173 skaitytuvas DS-K1101M\",\"isPartOf\":{\"@id\":\"https:\\\/\\\/eheating.lt\\\/#website\"},\"primaryImageOfPage\":{\"@id\":\"https:\\\/\\\/eheating.lt\\\/en\\\/produktas\\\/hikvision-korteliu-skaitytuvas-ds-k1101m\\\/#primaryimage\"},\"image\":{\"@id\":\"https:\\\/\\\/eheating.lt\\\/en\\\/produktas\\\/hikvision-korteliu-skaitytuvas-ds-k1101m\\\/#primaryimage\"},\"thumbnailUrl\":\"https:\\\/\\\/eheating.lt\\\/wp-content\\\/uploads\\\/2023\\\/10\\\/Hikvision-korteliu-skaitytuvas-DS-K1101M.png\",\"datePublished\":\"2023-12-28T13:22:13+00:00\",\"dateModified\":\"2024-10-18T14:03:56+00:00\",\"description\":\"Hikvision DS-K1101M korteli\u0173 skaitytuvas ; Palaiko Mifare 1 kortel\u0119 ; Be klaviat\u016bros ; Darbin\u0117 temperat\u016bra -40\u00b0C to +70\u00b0C ; IP64\",\"breadcrumb\":{\"@id\":\"https:\\\/\\\/eheating.lt\\\/en\\\/produktas\\\/hikvision-korteliu-skaitytuvas-ds-k1101m\\\/#breadcrumb\"},\"inLanguage\":\"en-US\",\"potentialAction\":[{\"@type\":\"ReadAction\",\"target\":[\"https:\\\/\\\/eheating.lt\\\/en\\\/produktas\\\/hikvision-korteliu-skaitytuvas-ds-k1101m\\\/\"]}]},{\"@type\":\"ImageObject\",\"inLanguage\":\"en-US\",\"@id\":\"https:\\\/\\\/eheating.lt\\\/en\\\/produktas\\\/hikvision-korteliu-skaitytuvas-ds-k1101m\\\/#primaryimage\",\"url\":\"https:\\\/\\\/eheating.lt\\\/wp-content\\\/uploads\\\/2023\\\/10\\\/Hikvision-korteliu-skaitytuvas-DS-K1101M.png\",\"contentUrl\":\"https:\\\/\\\/eheating.lt\\\/wp-content\\\/uploads\\\/2023\\\/10\\\/Hikvision-korteliu-skaitytuvas-DS-K1101M.png\",\"width\":800,\"height\":800,\"caption\":\"Hikvision DS-K1101M\"},{\"@type\":\"BreadcrumbList\",\"@id\":\"https:\\\/\\\/eheating.lt\\\/en\\\/produktas\\\/hikvision-korteliu-skaitytuvas-ds-k1101m\\\/#breadcrumb\",\"itemListElement\":[{\"@type\":\"ListItem\",\"position\":1,\"name\":\"Prad\u017eia\",\"item\":\"https:\\\/\\\/eheating.lt\\\/en\\\/\"},{\"@type\":\"ListItem\",\"position\":2,\"name\":\"Shop\",\"item\":\"https:\\\/\\\/eheating.lt\\\/en\\\/?page_id=5734\"},{\"@type\":\"ListItem\",\"position\":3,\"name\":\"Hikvision korteli\u0173 skaitytuvas DS-K1101M\"}]},{\"@type\":\"WebSite\",\"@id\":\"https:\\\/\\\/eheating.lt\\\/#website\",\"url\":\"https:\\\/\\\/eheating.lt\\\/\",\"name\":\"eHeating\",\"description\":\"Elektronika ir \u0161ildymas\",\"potentialAction\":[{\"@type\":\"SearchAction\",\"target\":{\"@type\":\"EntryPoint\",\"urlTemplate\":\"https:\\\/\\\/eheating.lt\\\/?s={search_term_string}\"},\"query-input\":{\"@type\":\"PropertyValueSpecification\",\"valueRequired\":true,\"valueName\":\"search_term_string\"}}],\"inLanguage\":\"en-US\"}]}<\/script>\n<meta property=\"product:price:amount\" content=\"53.00\" \/>\n<meta property=\"product:price:currency\" content=\"EUR\" \/>\n<meta property=\"og:availability\" content=\"backorder\" \/>\n<meta property=\"product:availability\" content=\"available for order\" \/>\n<meta property=\"product:retailer_item_id\" content=\"f0335c84207b\" \/>\n<meta property=\"product:condition\" content=\"new\" \/>\n<!-- \/ Yoast SEO Premium plugin. -->","yoast_head_json":{"title":"Hikvision korteli\u0173 skaitytuvas DS-K1101M","description":"Hikvision DS-K1101M korteli\u0173 skaitytuvas ; Palaiko Mifare 1 kortel\u0119 ; Be klaviat\u016bros ; Darbin\u0117 temperat\u016bra -40\u00b0C to +70\u00b0C ; IP64","robots":{"index":"index","follow":"follow","max-snippet":"max-snippet:-1","max-image-preview":"max-image-preview:large","max-video-preview":"max-video-preview:-1"},"canonical":"https:\/\/eheating.lt\/en\/produktas\/hikvision-korteliu-skaitytuvas-ds-k1101m\/","og_locale":"en_US","og_type":"article","og_title":"Hikvision korteli\u0173 skaitytuvas DS-K1101M","og_description":"Hikvision DS-K1101M korteli\u0173 skaitytuvas ; Palaiko Mifare 1 kortel\u0119 ; Be klaviat\u016bros ; Darbin\u0117 temperat\u016bra -40\u00b0C to +70\u00b0C ; IP64","og_url":"https:\/\/eheating.lt\/en\/produktas\/hikvision-korteliu-skaitytuvas-ds-k1101m\/","og_site_name":"Elektronika Namams","article_publisher":"https:\/\/www.facebook.com\/ElektronikaNamams","article_modified_time":"2024-10-18T14:03:56+00:00","og_image":[{"width":800,"height":800,"url":"https:\/\/eheating.lt\/wp-content\/uploads\/2023\/10\/Hikvision-korteliu-skaitytuvas-DS-K1101M.png","type":"image\/png"}],"twitter_card":"summary_large_image","twitter_misc":{"Price":"53,00&nbsp;&euro;","Availability":"On backorder"},"schema":{"@context":"https:\/\/schema.org","@graph":[{"@type":"WebPage","@id":"https:\/\/eheating.lt\/en\/produktas\/hikvision-korteliu-skaitytuvas-ds-k1101m\/","url":"https:\/\/eheating.lt\/en\/produktas\/hikvision-korteliu-skaitytuvas-ds-k1101m\/","name":"Hikvision korteli\u0173 skaitytuvas DS-K1101M","isPartOf":{"@id":"https:\/\/eheating.lt\/#website"},"primaryImageOfPage":{"@id":"https:\/\/eheating.lt\/en\/produktas\/hikvision-korteliu-skaitytuvas-ds-k1101m\/#primaryimage"},"image":{"@id":"https:\/\/eheating.lt\/en\/produktas\/hikvision-korteliu-skaitytuvas-ds-k1101m\/#primaryimage"},"thumbnailUrl":"https:\/\/eheating.lt\/wp-content\/uploads\/2023\/10\/Hikvision-korteliu-skaitytuvas-DS-K1101M.png","datePublished":"2023-12-28T13:22:13+00:00","dateModified":"2024-10-18T14:03:56+00:00","description":"Hikvision DS-K1101M korteli\u0173 skaitytuvas ; Palaiko Mifare 1 kortel\u0119 ; Be klaviat\u016bros ; Darbin\u0117 temperat\u016bra -40\u00b0C to +70\u00b0C ; IP64","breadcrumb":{"@id":"https:\/\/eheating.lt\/en\/produktas\/hikvision-korteliu-skaitytuvas-ds-k1101m\/#breadcrumb"},"inLanguage":"en-US","potentialAction":[{"@type":"ReadAction","target":["https:\/\/eheating.lt\/en\/produktas\/hikvision-korteliu-skaitytuvas-ds-k1101m\/"]}]},{"@type":"ImageObject","inLanguage":"en-US","@id":"https:\/\/eheating.lt\/en\/produktas\/hikvision-korteliu-skaitytuvas-ds-k1101m\/#primaryimage","url":"https:\/\/eheating.lt\/wp-content\/uploads\/2023\/10\/Hikvision-korteliu-skaitytuvas-DS-K1101M.png","contentUrl":"https:\/\/eheating.lt\/wp-content\/uploads\/2023\/10\/Hikvision-korteliu-skaitytuvas-DS-K1101M.png","width":800,"height":800,"caption":"Hikvision DS-K1101M"},{"@type":"BreadcrumbList","@id":"https:\/\/eheating.lt\/en\/produktas\/hikvision-korteliu-skaitytuvas-ds-k1101m\/#breadcrumb","itemListElement":[{"@type":"ListItem","position":1,"name":"Prad\u017eia","item":"https:\/\/eheating.lt\/en\/"},{"@type":"ListItem","position":2,"name":"Shop","item":"https:\/\/eheating.lt\/en\/?page_id=5734"},{"@type":"ListItem","position":3,"name":"Hikvision korteli\u0173 skaitytuvas DS-K1101M"}]},{"@type":"WebSite","@id":"https:\/\/eheating.lt\/#website","url":"https:\/\/eheating.lt\/","name":"eHeating","description":"Elektronika ir \u0161ildymas","potentialAction":[{"@type":"SearchAction","target":{"@type":"EntryPoint","urlTemplate":"https:\/\/eheating.lt\/?s={search_term_string}"},"query-input":{"@type":"PropertyValueSpecification","valueRequired":true,"valueName":"search_term_string"}}],"inLanguage":"en-US"}]},"product_price_amount":"53.00","product_price_currency":"EUR","og_availability":"backorder","product_availability":"available for order","product_retailer_item_id":"f0335c84207b","product_condition":"new"},"_links":{"self":[{"href":"https:\/\/eheating.lt\/en\/wp-json\/wp\/v2\/product\/18028","targetHints":{"allow":["GET"]}}],"collection":[{"href":"https:\/\/eheating.lt\/en\/wp-json\/wp\/v2\/product"}],"about":[{"href":"https:\/\/eheating.lt\/en\/wp-json\/wp\/v2\/types\/product"}],"replies":[{"embeddable":true,"href":"https:\/\/eheating.lt\/en\/wp-json\/wp\/v2\/comments?post=18028"}],"version-history":[{"count":0,"href":"https:\/\/eheating.lt\/en\/wp-json\/wp\/v2\/product\/18028\/revisions"}],"wp:featuredmedia":[{"embeddable":true,"href":"https:\/\/eheating.lt\/en\/wp-json\/wp\/v2\/media\/30677"}],"wp:attachment":[{"href":"https:\/\/eheating.lt\/en\/wp-json\/wp\/v2\/media?parent=18028"}],"wp:term":[{"taxonomy":"product_brand","embeddable":true,"href":"https:\/\/eheating.lt\/en\/wp-json\/wp\/v2\/product_brand?post=18028"},{"taxonomy":"product_cat","embeddable":true,"href":"https:\/\/eheating.lt\/en\/wp-json\/wp\/v2\/product_cat?post=18028"},{"taxonomy":"product_tag","embeddable":true,"href":"https:\/\/eheating.lt\/en\/wp-json\/wp\/v2\/product_tag?post=18028"}],"curies":[{"name":"wp","href":"https:\/\/api.w.org\/{rel}","templated":true}]}}